{"id":403,"date":"2025-07-05T12:42:40","date_gmt":"2025-07-05T12:42:40","guid":{"rendered":"https:\/\/merkim.com.tr\/merkim-maket\/?post_type=product&#038;p=403"},"modified":"2025-07-05T12:42:40","modified_gmt":"2025-07-05T12:42:40","slug":"clinical-chloe-s221-original-nursing-care-patient-simulator-yetiskin-boy-tam-vucut-hasta-simulatoru","status":"publish","type":"product","link":"https:\/\/merkim.com.tr\/merkim-maket\/urun\/clinical-chloe-s221-original-nursing-care-patient-simulator-yetiskin-boy-tam-vucut-hasta-simulatoru\/","title":{"rendered":"Clinical CHLOE\u2122 S221 &#8211; Original Nursing Care Patient Simulator (Yeti\u015fkin Boy Tam V\u00fccut Hasta Sim\u00fclat\u00f6r\u00fc)"},"content":{"rendered":"<p class=\"ds-markdown-paragraph\"><strong>Clinical CHLOE\u2122 S221<\/strong>, hem\u015firelik e\u011fitimlerinde kullan\u0131lmak \u00fczere tasarlanm\u0131\u015f, yeti\u015fkin boyutlar\u0131nda\u00a0<strong>tam v\u00fccut hasta sim\u00fclat\u00f6r\u00fcd\u00fcr<\/strong>. Ger\u00e7ek\u00e7i anatomik yap\u0131s\u0131 ve kablosuz e\u011fitim \u00f6zellikleriyle, \u00f6\u011frencilere ve sa\u011fl\u0131k profesyonellerine\u00a0<strong>pratik beceriler kazand\u0131rmak<\/strong>\u00a0i\u00e7in ideal bir e\u011fitim arac\u0131d\u0131r.<\/p>\n<h4><strong>\u00d6ne \u00c7\u0131kan \u00d6zellikler:<\/strong><\/h4>\n<p class=\"ds-markdown-paragraph\">\u2705\u00a0<strong>Genel Hasta Bak\u0131m\u0131:<\/strong><\/p>\n<ul>\n<li>\n<p class=\"ds-markdown-paragraph\">Banyo yapt\u0131rma, bandaj uygulama, pozisyon verme gibi temel hem\u015firelik uygulamalar\u0131.<\/p>\n<\/li>\n<li>\n<p class=\"ds-markdown-paragraph\">Ger\u00e7ek\u00e7i y\u00fcz, el, ayak ve parmak dokusu ile ger\u00e7ek hasta deneyimi.<\/p>\n<\/li>\n<\/ul>\n<p class=\"ds-markdown-paragraph\">\u2705\u00a0<strong>Travma ve Cerrahi Prosed\u00fcrler:<\/strong><\/p>\n<ul>\n<li>\n<p class=\"ds-markdown-paragraph\"><strong>Trakeostomi bak\u0131m\u0131<\/strong>\u00a0ve yerle\u015ftirme e\u011fitimi.<\/p>\n<\/li>\n<li>\n<p class=\"ds-markdown-paragraph\"><strong>NG\/OG t\u00fcp besleme<\/strong>, gastrik aspirasyon ve enema uygulama.<\/p>\n<\/li>\n<li>\n<p class=\"ds-markdown-paragraph\"><strong>Kolostomi ve ileostomi stomalar\u0131<\/strong>\u00a0ile irrigasyon e\u011fitimi.<\/p>\n<\/li>\n<\/ul>\n<p class=\"ds-markdown-paragraph\">\u2705\u00a0<strong>\u00dcrojenital ve Jinekolojik E\u011fitim:<\/strong><\/p>\n<ul>\n<li>\n<p class=\"ds-markdown-paragraph\"><strong>De\u011fi\u015ftirilebilir erkek ve kad\u0131n genital seti<\/strong>\u00a0(her ikisi dahil).<\/p>\n<\/li>\n<li>\n<p class=\"ds-markdown-paragraph\">Yumu\u015fak silikon sonda ile\u00a0<strong>\u00fcretral kateterizasyon<\/strong>\u00a0\u00e7al\u0131\u015fmalar\u0131.<\/p>\n<\/li>\n<li>\n<p class=\"ds-markdown-paragraph\"><strong>Vajinal douching ve pap smear<\/strong>\u00a0prosed\u00fcrleri i\u00e7in ger\u00e7ek\u00e7i serviks yap\u0131s\u0131.<\/p>\n<\/li>\n<\/ul>\n<p class=\"ds-markdown-paragraph\">\u2705\u00a0<strong>Palpasyon ve Enjeksiyon E\u011fitimi:<\/strong><\/p>\n<ul>\n<li>\n<p class=\"ds-markdown-paragraph\"><strong>De\u011fi\u015ftirilebilir erkek\/kad\u0131n g\u00f6\u011f\u00fcs insertleri<\/strong>\u00a0(sol g\u00f6\u011f\u00fcste malignite sim\u00fclasyonu).<\/p>\n<\/li>\n<li>\n<p class=\"ds-markdown-paragraph\">Kol, uyluk ve kal\u00e7ada\u00a0<strong>intram\u00fcsk\u00fcler enjeksiyon<\/strong>\u00a0alanlar\u0131.<\/p>\n<\/li>\n<\/ul>\n<p class=\"ds-markdown-paragraph\">\u2705\u00a0<strong>Di\u011fer Avantajlar:<\/strong><\/p>\n<ul>\n<li>\n<p class=\"ds-markdown-paragraph\"><strong>Eklemli v\u00fccut<\/strong>\u00a0(ba\u015f, \u00e7ene, dirsek, diz, bilek hareketi).<\/p>\n<\/li>\n<li>\n<p class=\"ds-markdown-paragraph\">\u00c7\u0131kar\u0131labilir i\u00e7 tanklar ve belden ayr\u0131labilir tasar\u0131m.<\/p>\n<\/li>\n<li>\n<p class=\"ds-markdown-paragraph\">\u015e\u0131k sa\u00e7 modeli ile sa\u00e7 bak\u0131m\u0131 ve cerrahi \u00f6rtme \u00e7al\u0131\u015fmalar\u0131.<\/p>\n<\/li>\n<\/ul>\n<h4><strong>Paket \u0130\u00e7eri\u011fi:<\/strong><\/h4>\n<ul>\n<li>\n<p class=\"ds-markdown-paragraph\">S221 Clinical CHLOE\u00ae hasta sim\u00fclat\u00f6r\u00fc<\/p>\n<\/li>\n<li>\n<p class=\"ds-markdown-paragraph\">Erkek Genital Seti<\/p>\n<\/li>\n<li>\n<p class=\"ds-markdown-paragraph\">Erkek G\u00f6\u011f\u00fcs Insertleri<\/p>\n<\/li>\n<li>\n<p class=\"ds-markdown-paragraph\">Meme Insertleri (Malignite sim\u00fclasyonlu)<\/p>\n<\/li>\n<li>\n<p class=\"ds-markdown-paragraph\">Ostomi Seti<\/p>\n<\/li>\n<li>\n<p class=\"ds-markdown-paragraph\">Aksesuarlar ve Kullan\u0131m K\u0131lavuzu<\/p>\n<\/li>\n<\/ul>\n","protected":false},"excerpt":{"rendered":"<p><strong>Clinical CHLOE\u2122 S221<\/strong>, hem\u015firelik \u00f6\u011frencileri ve e\u011fitmenler i\u00e7in tasarlanm\u0131\u015f\u00a0<strong>tam v\u00fccut hasta sim\u00fclat\u00f6r\u00fcd\u00fcr<\/strong>. Trakeostomi, kateterizasyon, meme palpasyonu, ostomi bak\u0131m\u0131 gibi 50+ beceriyi uygulama imkan\u0131 sunar. Ger\u00e7ek\u00e7i anatomik detaylar\u0131 ve kablosuz kullan\u0131m\u0131yla e\u011fitimlerinizi bir \u00fcst seviyeye ta\u015f\u0131r.<\/p>\n","protected":false},"featured_media":404,"comment_status":"open","ping_status":"closed","template":"","meta":[],"product_brand":[948],"product_cat":[15,947],"product_tag":[31,1145,220,166,1146,1148,1149,404,77,1147,1150],"class_list":{"0":"post-403","1":"product","2":"type-product","3":"status-publish","4":"has-post-thumbnail","6":"product_brand-gaumard-scientific","7":"product_cat-genel","8":"product_cat-gaumard-scientific","9":"product_tag-hasta-simulatoru","10":"product_tag-hemsirelik-egitim-modeli","11":"product_tag-jinekolojik-simulator","12":"product_tag-kateterizasyon-egitimi","13":"product_tag-klinik-simulasyon","14":"product_tag-meme-palpasyonu","15":"product_tag-ng-tup-besleme","16":"product_tag-ostomi-bakimi","17":"product_tag-tibbi-egitim-ekipmanlari","18":"product_tag-trakeostomi-simulatoru","19":"product_tag-yetiskin-hasta-modeli","21":"first","22":"instock","23":"shipping-taxable","24":"product-type-simple"},"yoast_head":"<!-- This site is optimized with the Yoast SEO plugin v25.2 - https:\/\/yoast.com\/wordpress\/plugins\/seo\/ -->\n<title>Clinical CHLOE\u2122 S221 - Original Nursing Care Patient Simulator (Yeti\u015fkin Boy Tam V\u00fccut Hasta Sim\u00fclat\u00f6r\u00fc) - Merkim Maket<\/title>\n<meta name=\"description\" content=\"Clinical CHLOE\u2122 S221 - Original Nursing Care Patient Simulator | Trakeostomi, kateterizasyon, meme palpasyonu ve ostomi bak\u0131m\u0131 e\u011fitimleri i\u00e7in profesyonel tam v\u00fccut hasta sim\u00fclat\u00f6r\u00fc. Hem\u015firelik okullar\u0131 ve klinik e\u011fitim merkezleri i\u00e7in ideal!\" \/>\n<meta name=\"robots\" content=\"index, follow, max-snippet:-1, max-image-preview:large, max-video-preview:-1\" \/>\n<link rel=\"canonical\" href=\"https:\/\/merkim.com.tr\/merkim-maket\/urun\/clinical-chloe-s221-original-nursing-care-patient-simulator-yetiskin-boy-tam-vucut-hasta-simulatoru\/\" \/>\n<meta property=\"og:locale\" content=\"tr_TR\" \/>\n<meta property=\"og:type\" content=\"article\" \/>\n<meta property=\"og:title\" content=\"Clinical CHLOE\u2122 S221 - Original Nursing Care Patient Simulator (Yeti\u015fkin Boy Tam V\u00fccut Hasta Sim\u00fclat\u00f6r\u00fc) - Merkim Maket\" \/>\n<meta property=\"og:description\" content=\"Clinical CHLOE\u2122 S221 - Original Nursing Care Patient Simulator | Trakeostomi, kateterizasyon, meme palpasyonu ve ostomi bak\u0131m\u0131 e\u011fitimleri i\u00e7in profesyonel tam v\u00fccut hasta sim\u00fclat\u00f6r\u00fc. Hem\u015firelik okullar\u0131 ve klinik e\u011fitim merkezleri i\u00e7in ideal!\" \/>\n<meta property=\"og:url\" content=\"https:\/\/merkim.com.tr\/merkim-maket\/urun\/clinical-chloe-s221-original-nursing-care-patient-simulator-yetiskin-boy-tam-vucut-hasta-simulatoru\/\" \/>\n<meta property=\"og:site_name\" content=\"Merkim Maket\" \/>\n<meta property=\"og:image\" content=\"https:\/\/merkim.com.tr\/merkim-maket\/wp-content\/uploads\/2025\/07\/clinical-chloe-s221-original-nursing-care-patient-simulator.png\" \/>\n\t<meta property=\"og:image:width\" content=\"800\" \/>\n\t<meta property=\"og:image:height\" content=\"531\" \/>\n\t<meta property=\"og:image:type\" content=\"image\/png\" \/>\n<meta name=\"twitter:card\" content=\"summary_large_image\" \/>\n<meta name=\"twitter:label1\" content=\"Tahmini okuma s\u00fcresi\" \/>\n\t<meta name=\"twitter:data1\" content=\"2 dakika\" \/>\n<script type=\"application\/ld+json\" class=\"yoast-schema-graph\">{\"@context\":\"https:\/\/schema.org\",\"@graph\":[{\"@type\":\"WebPage\",\"@id\":\"https:\/\/merkim.com.tr\/merkim-maket\/urun\/clinical-chloe-s221-original-nursing-care-patient-simulator-yetiskin-boy-tam-vucut-hasta-simulatoru\/\",\"url\":\"https:\/\/merkim.com.tr\/merkim-maket\/urun\/clinical-chloe-s221-original-nursing-care-patient-simulator-yetiskin-boy-tam-vucut-hasta-simulatoru\/\",\"name\":\"Clinical CHLOE\u2122 S221 - Original Nursing Care Patient Simulator (Yeti\u015fkin Boy Tam V\u00fccut Hasta Sim\u00fclat\u00f6r\u00fc) - Merkim Maket\",\"isPartOf\":{\"@id\":\"https:\/\/merkim.com.tr\/merkim-maket\/#website\"},\"primaryImageOfPage\":{\"@id\":\"https:\/\/merkim.com.tr\/merkim-maket\/urun\/clinical-chloe-s221-original-nursing-care-patient-simulator-yetiskin-boy-tam-vucut-hasta-simulatoru\/#primaryimage\"},\"image\":{\"@id\":\"https:\/\/merkim.com.tr\/merkim-maket\/urun\/clinical-chloe-s221-original-nursing-care-patient-simulator-yetiskin-boy-tam-vucut-hasta-simulatoru\/#primaryimage\"},\"thumbnailUrl\":\"https:\/\/merkim.com.tr\/merkim-maket\/wp-content\/uploads\/2025\/07\/clinical-chloe-s221-original-nursing-care-patient-simulator.png\",\"datePublished\":\"2025-07-05T12:42:40+00:00\",\"description\":\"Clinical CHLOE\u2122 S221 - Original Nursing Care Patient Simulator | Trakeostomi, kateterizasyon, meme palpasyonu ve ostomi bak\u0131m\u0131 e\u011fitimleri i\u00e7in profesyonel tam v\u00fccut hasta sim\u00fclat\u00f6r\u00fc. Hem\u015firelik okullar\u0131 ve klinik e\u011fitim merkezleri i\u00e7in ideal!\",\"breadcrumb\":{\"@id\":\"https:\/\/merkim.com.tr\/merkim-maket\/urun\/clinical-chloe-s221-original-nursing-care-patient-simulator-yetiskin-boy-tam-vucut-hasta-simulatoru\/#breadcrumb\"},\"inLanguage\":\"tr\",\"potentialAction\":[{\"@type\":\"ReadAction\",\"target\":[\"https:\/\/merkim.com.tr\/merkim-maket\/urun\/clinical-chloe-s221-original-nursing-care-patient-simulator-yetiskin-boy-tam-vucut-hasta-simulatoru\/\"]}]},{\"@type\":\"ImageObject\",\"inLanguage\":\"tr\",\"@id\":\"https:\/\/merkim.com.tr\/merkim-maket\/urun\/clinical-chloe-s221-original-nursing-care-patient-simulator-yetiskin-boy-tam-vucut-hasta-simulatoru\/#primaryimage\",\"url\":\"https:\/\/merkim.com.tr\/merkim-maket\/wp-content\/uploads\/2025\/07\/clinical-chloe-s221-original-nursing-care-patient-simulator.png\",\"contentUrl\":\"https:\/\/merkim.com.tr\/merkim-maket\/wp-content\/uploads\/2025\/07\/clinical-chloe-s221-original-nursing-care-patient-simulator.png\",\"width\":800,\"height\":531,\"caption\":\"Trakeostomi, Kateterizasyon ve Palpasyon Uygulamalar\u0131 \u0130\u00e7in Ideal Sim\u00fclat\u00f6r\"},{\"@type\":\"BreadcrumbList\",\"@id\":\"https:\/\/merkim.com.tr\/merkim-maket\/urun\/clinical-chloe-s221-original-nursing-care-patient-simulator-yetiskin-boy-tam-vucut-hasta-simulatoru\/#breadcrumb\",\"itemListElement\":[{\"@type\":\"ListItem\",\"position\":1,\"name\":\"Anasayfa\",\"item\":\"https:\/\/merkim.com.tr\/merkim-maket\/\"},{\"@type\":\"ListItem\",\"position\":2,\"name\":\"Ma\u011faza\",\"item\":\"https:\/\/merkim.com.tr\/merkim-maket\/magaza\/\"},{\"@type\":\"ListItem\",\"position\":3,\"name\":\"Clinical CHLOE\u2122 S221 &#8211; Original Nursing Care Patient Simulator (Yeti\u015fkin Boy Tam V\u00fccut Hasta Sim\u00fclat\u00f6r\u00fc)\"}]},{\"@type\":\"WebSite\",\"@id\":\"https:\/\/merkim.com.tr\/merkim-maket\/#website\",\"url\":\"https:\/\/merkim.com.tr\/merkim-maket\/\",\"name\":\"Merkim Maket\",\"description\":\"\",\"potentialAction\":[{\"@type\":\"SearchAction\",\"target\":{\"@type\":\"EntryPoint\",\"urlTemplate\":\"https:\/\/merkim.com.tr\/merkim-maket\/?s={search_term_string}\"},\"query-input\":{\"@type\":\"PropertyValueSpecification\",\"valueRequired\":true,\"valueName\":\"search_term_string\"}}],\"inLanguage\":\"tr\"}]}<\/script>\n<!-- \/ Yoast SEO plugin. -->","yoast_head_json":{"title":"Clinical CHLOE\u2122 S221 - Original Nursing Care Patient Simulator (Yeti\u015fkin Boy Tam V\u00fccut Hasta Sim\u00fclat\u00f6r\u00fc) - Merkim Maket","description":"Clinical CHLOE\u2122 S221 - Original Nursing Care Patient Simulator | Trakeostomi, kateterizasyon, meme palpasyonu ve ostomi bak\u0131m\u0131 e\u011fitimleri i\u00e7in profesyonel tam v\u00fccut hasta sim\u00fclat\u00f6r\u00fc. Hem\u015firelik okullar\u0131 ve klinik e\u011fitim merkezleri i\u00e7in ideal!","robots":{"index":"index","follow":"follow","max-snippet":"max-snippet:-1","max-image-preview":"max-image-preview:large","max-video-preview":"max-video-preview:-1"},"canonical":"https:\/\/merkim.com.tr\/merkim-maket\/urun\/clinical-chloe-s221-original-nursing-care-patient-simulator-yetiskin-boy-tam-vucut-hasta-simulatoru\/","og_locale":"tr_TR","og_type":"article","og_title":"Clinical CHLOE\u2122 S221 - Original Nursing Care Patient Simulator (Yeti\u015fkin Boy Tam V\u00fccut Hasta Sim\u00fclat\u00f6r\u00fc) - Merkim Maket","og_description":"Clinical CHLOE\u2122 S221 - Original Nursing Care Patient Simulator | Trakeostomi, kateterizasyon, meme palpasyonu ve ostomi bak\u0131m\u0131 e\u011fitimleri i\u00e7in profesyonel tam v\u00fccut hasta sim\u00fclat\u00f6r\u00fc. Hem\u015firelik okullar\u0131 ve klinik e\u011fitim merkezleri i\u00e7in ideal!","og_url":"https:\/\/merkim.com.tr\/merkim-maket\/urun\/clinical-chloe-s221-original-nursing-care-patient-simulator-yetiskin-boy-tam-vucut-hasta-simulatoru\/","og_site_name":"Merkim Maket","og_image":[{"width":800,"height":531,"url":"https:\/\/merkim.com.tr\/merkim-maket\/wp-content\/uploads\/2025\/07\/clinical-chloe-s221-original-nursing-care-patient-simulator.png","type":"image\/png"}],"twitter_card":"summary_large_image","twitter_misc":{"Tahmini okuma s\u00fcresi":"2 dakika"},"schema":{"@context":"https:\/\/schema.org","@graph":[{"@type":"WebPage","@id":"https:\/\/merkim.com.tr\/merkim-maket\/urun\/clinical-chloe-s221-original-nursing-care-patient-simulator-yetiskin-boy-tam-vucut-hasta-simulatoru\/","url":"https:\/\/merkim.com.tr\/merkim-maket\/urun\/clinical-chloe-s221-original-nursing-care-patient-simulator-yetiskin-boy-tam-vucut-hasta-simulatoru\/","name":"Clinical CHLOE\u2122 S221 - Original Nursing Care Patient Simulator (Yeti\u015fkin Boy Tam V\u00fccut Hasta Sim\u00fclat\u00f6r\u00fc) - Merkim Maket","isPartOf":{"@id":"https:\/\/merkim.com.tr\/merkim-maket\/#website"},"primaryImageOfPage":{"@id":"https:\/\/merkim.com.tr\/merkim-maket\/urun\/clinical-chloe-s221-original-nursing-care-patient-simulator-yetiskin-boy-tam-vucut-hasta-simulatoru\/#primaryimage"},"image":{"@id":"https:\/\/merkim.com.tr\/merkim-maket\/urun\/clinical-chloe-s221-original-nursing-care-patient-simulator-yetiskin-boy-tam-vucut-hasta-simulatoru\/#primaryimage"},"thumbnailUrl":"https:\/\/merkim.com.tr\/merkim-maket\/wp-content\/uploads\/2025\/07\/clinical-chloe-s221-original-nursing-care-patient-simulator.png","datePublished":"2025-07-05T12:42:40+00:00","description":"Clinical CHLOE\u2122 S221 - Original Nursing Care Patient Simulator | Trakeostomi, kateterizasyon, meme palpasyonu ve ostomi bak\u0131m\u0131 e\u011fitimleri i\u00e7in profesyonel tam v\u00fccut hasta sim\u00fclat\u00f6r\u00fc. Hem\u015firelik okullar\u0131 ve klinik e\u011fitim merkezleri i\u00e7in ideal!","breadcrumb":{"@id":"https:\/\/merkim.com.tr\/merkim-maket\/urun\/clinical-chloe-s221-original-nursing-care-patient-simulator-yetiskin-boy-tam-vucut-hasta-simulatoru\/#breadcrumb"},"inLanguage":"tr","potentialAction":[{"@type":"ReadAction","target":["https:\/\/merkim.com.tr\/merkim-maket\/urun\/clinical-chloe-s221-original-nursing-care-patient-simulator-yetiskin-boy-tam-vucut-hasta-simulatoru\/"]}]},{"@type":"ImageObject","inLanguage":"tr","@id":"https:\/\/merkim.com.tr\/merkim-maket\/urun\/clinical-chloe-s221-original-nursing-care-patient-simulator-yetiskin-boy-tam-vucut-hasta-simulatoru\/#primaryimage","url":"https:\/\/merkim.com.tr\/merkim-maket\/wp-content\/uploads\/2025\/07\/clinical-chloe-s221-original-nursing-care-patient-simulator.png","contentUrl":"https:\/\/merkim.com.tr\/merkim-maket\/wp-content\/uploads\/2025\/07\/clinical-chloe-s221-original-nursing-care-patient-simulator.png","width":800,"height":531,"caption":"Trakeostomi, Kateterizasyon ve Palpasyon Uygulamalar\u0131 \u0130\u00e7in Ideal Sim\u00fclat\u00f6r"},{"@type":"BreadcrumbList","@id":"https:\/\/merkim.com.tr\/merkim-maket\/urun\/clinical-chloe-s221-original-nursing-care-patient-simulator-yetiskin-boy-tam-vucut-hasta-simulatoru\/#breadcrumb","itemListElement":[{"@type":"ListItem","position":1,"name":"Anasayfa","item":"https:\/\/merkim.com.tr\/merkim-maket\/"},{"@type":"ListItem","position":2,"name":"Ma\u011faza","item":"https:\/\/merkim.com.tr\/merkim-maket\/magaza\/"},{"@type":"ListItem","position":3,"name":"Clinical CHLOE\u2122 S221 &#8211; Original Nursing Care Patient Simulator (Yeti\u015fkin Boy Tam V\u00fccut Hasta Sim\u00fclat\u00f6r\u00fc)"}]},{"@type":"WebSite","@id":"https:\/\/merkim.com.tr\/merkim-maket\/#website","url":"https:\/\/merkim.com.tr\/merkim-maket\/","name":"Merkim Maket","description":"","potentialAction":[{"@type":"SearchAction","target":{"@type":"EntryPoint","urlTemplate":"https:\/\/merkim.com.tr\/merkim-maket\/?s={search_term_string}"},"query-input":{"@type":"PropertyValueSpecification","valueRequired":true,"valueName":"search_term_string"}}],"inLanguage":"tr"}]}},"_links":{"self":[{"href":"https:\/\/merkim.com.tr\/merkim-maket\/wp-json\/wp\/v2\/product\/403","targetHints":{"allow":["GET"]}}],"collection":[{"href":"https:\/\/merkim.com.tr\/merkim-maket\/wp-json\/wp\/v2\/product"}],"about":[{"href":"https:\/\/merkim.com.tr\/merkim-maket\/wp-json\/wp\/v2\/types\/product"}],"replies":[{"embeddable":true,"href":"https:\/\/merkim.com.tr\/merkim-maket\/wp-json\/wp\/v2\/comments?post=403"}],"wp:featuredmedia":[{"embeddable":true,"href":"https:\/\/merkim.com.tr\/merkim-maket\/wp-json\/wp\/v2\/media\/404"}],"wp:attachment":[{"href":"https:\/\/merkim.com.tr\/merkim-maket\/wp-json\/wp\/v2\/media?parent=403"}],"wp:term":[{"taxonomy":"product_brand","embeddable":true,"href":"https:\/\/merkim.com.tr\/merkim-maket\/wp-json\/wp\/v2\/product_brand?post=403"},{"taxonomy":"product_cat","embeddable":true,"href":"https:\/\/merkim.com.tr\/merkim-maket\/wp-json\/wp\/v2\/product_cat?post=403"},{"taxonomy":"product_tag","embeddable":true,"href":"https:\/\/merkim.com.tr\/merkim-maket\/wp-json\/wp\/v2\/product_tag?post=403"}],"curies":[{"name":"wp","href":"https:\/\/api.w.org\/{rel}","templated":true}]}}