{"id":40,"date":"2025-06-05T19:32:31","date_gmt":"2025-06-05T19:32:31","guid":{"rendered":"https:\/\/merkim.com.tr\/merkim-maket\/?post_type=product&#038;p=40"},"modified":"2025-06-05T19:32:31","modified_gmt":"2025-06-05T19:32:31","slug":"perfusionsim-normotermik-bolgesel-perfuzyon-ve-reboa-egitim-simulatoru-sku-pfs-nasco-healthcare","status":"publish","type":"product","link":"https:\/\/merkim.com.tr\/merkim-maket\/urun\/perfusionsim-normotermik-bolgesel-perfuzyon-ve-reboa-egitim-simulatoru-sku-pfs-nasco-healthcare\/","title":{"rendered":"PerfusionSim\u2122 &#8211; Normotermik B\u00f6lgesel Perf\u00fczyon ve REBOA E\u011fitim Sim\u00fclat\u00f6r\u00fc [SKU: PFS] &#8211; Nasco Healthcare"},"content":{"rendered":"<p class=\"ds-markdown-paragraph\"><strong>PerfusionSim\u2122<\/strong>, organ nakli ve acil t\u0131p alan\u0131nda \u00e7\u0131\u011f\u0131r a\u00e7an bir e\u011fitim sim\u00fclat\u00f6r\u00fcd\u00fcr. Bu yenilik\u00e7i sistem,\u00a0<strong>Dola\u015f\u0131m Durmas\u0131 Sonras\u0131 Donasyon (DCD)<\/strong>\u00a0s\u00fcrecinde kullan\u0131lan\u00a0<strong>Normotermik B\u00f6lgesel Perf\u00fczyon (NRP)<\/strong>\u00a0ve\u00a0<strong>Res\u00fcsitatif Endovask\u00fcler Balon Okl\u00fczyon (REBOA)<\/strong>\u00a0prosed\u00fcrleri i\u00e7in \u00f6zel olarak tasarlanm\u0131\u015ft\u0131r.<\/p>\n<h3><strong>Temel \u00d6zellikler ve Avantajlar:<\/strong><\/h3>\n<p class=\"ds-markdown-paragraph\">\u2714\u00a0<strong>Ger\u00e7ek\u00e7i Anatomik Model:<\/strong><\/p>\n<ul>\n<li>\n<p class=\"ds-markdown-paragraph\">Tam boy yeti\u015fkin torsosu (\u00e7\u0131kar\u0131labilir g\u00f6\u011f\u00fcs kafesi)<\/p>\n<\/li>\n<li>\n<p class=\"ds-markdown-paragraph\">Detayl\u0131 i\u00e7 anatomik yap\u0131lar (omurga, kaburgalar, b\u00f6brekler, karaci\u011fer, diyafram, akci\u011ferler, kalp)<\/p>\n<\/li>\n<li>\n<p class=\"ds-markdown-paragraph\">2 adet vask\u00fcler ponksiyon inserti (1 kullan\u0131mda, 1 yedek)<\/p>\n<\/li>\n<\/ul>\n<p class=\"ds-markdown-paragraph\">\u2714\u00a0<strong>Kapsaml\u0131 E\u011fitim Paketi:<\/strong><\/p>\n<ul>\n<li>\n<p class=\"ds-markdown-paragraph\">Femoral ven kan\u00fclasyonu i\u00e7in manuel pompa sistemi<\/p>\n<\/li>\n<li>\n<p class=\"ds-markdown-paragraph\">Arteriyel kan toplama torbas\u0131<\/p>\n<\/li>\n<li>\n<p class=\"ds-markdown-paragraph\">Profesyonel ta\u015f\u0131ma kutusu<\/p>\n<\/li>\n<li>\n<p class=\"ds-markdown-paragraph\">Uzaktan e\u011fitim deste\u011fi<\/p>\n<\/li>\n<\/ul>\n<p class=\"ds-markdown-paragraph\">\u2714\u00a0<strong>Klinik Uygulama Alanlar\u0131:<\/strong><\/p>\n<ul>\n<li>\n<p class=\"ds-markdown-paragraph\">Organ nakli \u00f6ncesi perf\u00fczyon teknikleri<\/p>\n<\/li>\n<li>\n<p class=\"ds-markdown-paragraph\">Travma hastalar\u0131nda REBOA uygulamalar\u0131<\/p>\n<\/li>\n<li>\n<p class=\"ds-markdown-paragraph\">Endovask\u00fcler m\u00fcdahale e\u011fitimleri<\/p>\n<\/li>\n<li>\n<p class=\"ds-markdown-paragraph\">Acil servis ve yo\u011fun bak\u0131m protokolleri<\/p>\n<\/li>\n<\/ul>\n<h3><strong>Teknik \u00d6zellikler:<\/strong><\/h3>\n<ul>\n<li>\n<p class=\"ds-markdown-paragraph\"><strong>A\u011f\u0131rl\u0131k:<\/strong>\u00a024.3 lbs (11 kg)<\/p>\n<\/li>\n<li>\n<p class=\"ds-markdown-paragraph\"><strong>Garanti:<\/strong>\u00a01 y\u0131l donan\u0131m garantisi<\/p>\n<\/li>\n<li>\n<p class=\"ds-markdown-paragraph\"><strong>Sistem:<\/strong>\u00a0Manuel perf\u00fczyon sim\u00fclasyonu<\/p>\n<\/li>\n<li>\n<p class=\"ds-markdown-paragraph\"><strong>Materyal:<\/strong>\u00a0Dayan\u0131kl\u0131 t\u0131bbi s\u0131n\u0131f malzemeler<\/p>\n<\/li>\n<\/ul>\n<h3><strong>E\u011fitim Avantajlar\u0131:<\/strong><\/h3>\n<ul>\n<li>\n<p class=\"ds-markdown-paragraph\">Cerrahi ekipler i\u00e7in g\u00fcvenli \u00f6\u011frenme ortam\u0131<\/p>\n<\/li>\n<li>\n<p class=\"ds-markdown-paragraph\">Ger\u00e7ek prosed\u00fcr deneyimine en yak\u0131n sim\u00fclasyon<\/p>\n<\/li>\n<li>\n<p class=\"ds-markdown-paragraph\">Tekrar kullan\u0131labilir ve ekonomik \u00e7\u00f6z\u00fcm<\/p>\n<\/li>\n<li>\n<p class=\"ds-markdown-paragraph\">Klinik becerilerin h\u0131zla geli\u015ftirilmesi<\/p>\n<\/li>\n<\/ul>\n","protected":false},"excerpt":{"rendered":"<p><strong>PerfusionSim\u2122<\/strong>, organ nakli ve acil t\u0131p ekipleri i\u00e7in geli\u015ftirilmi\u015f\u00a0<strong>NRP ve REBOA prosed\u00fcrlerinin<\/strong>\u00a0ger\u00e7ek\u00e7i sim\u00fclasyonunu sa\u011flayan ileri d\u00fczey bir e\u011fitim sim\u00fclat\u00f6r\u00fcd\u00fcr. Tam boy torsosu ve detayl\u0131 anatomik yap\u0131lar\u0131 ile benzersiz bir e\u011fitim deneyimi sunar.<\/p>\n","protected":false},"featured_media":41,"comment_status":"open","ping_status":"closed","template":"","meta":[],"product_brand":[16],"product_cat":[15,17,78],"product_tag":[92,91,27,90,89,87,86,88,77],"class_list":{"0":"post-40","1":"product","2":"type-product","3":"status-publish","4":"has-post-thumbnail","6":"product_brand-nasco-healthcare","7":"product_cat-genel","8":"product_cat-nursing-patient-care","9":"product_cat-nasco-healthcare","10":"product_tag-cerrahi-simulasyon","11":"product_tag-endovaskuler-mudahale-simulatoru","12":"product_tag-nasco-healthcare","13":"product_tag-nrp-egitim-seti","14":"product_tag-organ-nakli-simulatoru","15":"product_tag-perfusionsim","16":"product_tag-perfuzyon-simulatoru","17":"product_tag-reboa-egitimi","18":"product_tag-tibbi-egitim-ekipmanlari","20":"first","21":"instock","22":"shipping-taxable","23":"product-type-simple"},"yoast_head":"<!-- This site is optimized with the Yoast SEO plugin v25.2 - https:\/\/yoast.com\/wordpress\/plugins\/seo\/ -->\n<title>PerfusionSim\u2122 - Normotermik B\u00f6lgesel Perf\u00fczyon ve REBOA E\u011fitim Sim\u00fclat\u00f6r\u00fc [SKU: PFS] - Nasco Healthcare - Merkim Maket<\/title>\n<meta name=\"robots\" content=\"index, follow, max-snippet:-1, max-image-preview:large, max-video-preview:-1\" \/>\n<link rel=\"canonical\" href=\"https:\/\/merkim.com.tr\/merkim-maket\/urun\/perfusionsim-normotermik-bolgesel-perfuzyon-ve-reboa-egitim-simulatoru-sku-pfs-nasco-healthcare\/\" \/>\n<meta property=\"og:locale\" content=\"tr_TR\" \/>\n<meta property=\"og:type\" content=\"article\" \/>\n<meta property=\"og:title\" content=\"PerfusionSim\u2122 - Normotermik B\u00f6lgesel Perf\u00fczyon ve REBOA E\u011fitim Sim\u00fclat\u00f6r\u00fc [SKU: PFS] - Nasco Healthcare - Merkim Maket\" \/>\n<meta property=\"og:description\" content=\"PerfusionSim\u2122, organ nakli ve acil t\u0131p ekipleri i\u00e7in geli\u015ftirilmi\u015f\u00a0NRP ve REBOA prosed\u00fcrlerinin\u00a0ger\u00e7ek\u00e7i sim\u00fclasyonunu sa\u011flayan ileri d\u00fczey bir e\u011fitim sim\u00fclat\u00f6r\u00fcd\u00fcr. Tam boy torsosu ve detayl\u0131 anatomik yap\u0131lar\u0131 ile benzersiz bir e\u011fitim deneyimi sunar.\" \/>\n<meta property=\"og:url\" content=\"https:\/\/merkim.com.tr\/merkim-maket\/urun\/perfusionsim-normotermik-bolgesel-perfuzyon-ve-reboa-egitim-simulatoru-sku-pfs-nasco-healthcare\/\" \/>\n<meta property=\"og:site_name\" content=\"Merkim Maket\" \/>\n<meta property=\"og:image\" content=\"https:\/\/merkim.com.tr\/merkim-maket\/wp-content\/uploads\/2025\/06\/perfusionsim-nrp-reboa-simulatoru-nasco-healthcare.png\" \/>\n\t<meta property=\"og:image:width\" content=\"800\" \/>\n\t<meta property=\"og:image:height\" content=\"800\" \/>\n\t<meta property=\"og:image:type\" content=\"image\/png\" \/>\n<meta name=\"twitter:card\" content=\"summary_large_image\" \/>\n<meta name=\"twitter:label1\" content=\"Tahmini okuma s\u00fcresi\" \/>\n\t<meta name=\"twitter:data1\" content=\"2 dakika\" \/>\n<script type=\"application\/ld+json\" class=\"yoast-schema-graph\">{\"@context\":\"https:\/\/schema.org\",\"@graph\":[{\"@type\":\"WebPage\",\"@id\":\"https:\/\/merkim.com.tr\/merkim-maket\/urun\/perfusionsim-normotermik-bolgesel-perfuzyon-ve-reboa-egitim-simulatoru-sku-pfs-nasco-healthcare\/\",\"url\":\"https:\/\/merkim.com.tr\/merkim-maket\/urun\/perfusionsim-normotermik-bolgesel-perfuzyon-ve-reboa-egitim-simulatoru-sku-pfs-nasco-healthcare\/\",\"name\":\"PerfusionSim\u2122 - Normotermik B\u00f6lgesel Perf\u00fczyon ve REBOA E\u011fitim Sim\u00fclat\u00f6r\u00fc [SKU: PFS] - Nasco Healthcare - Merkim Maket\",\"isPartOf\":{\"@id\":\"https:\/\/merkim.com.tr\/merkim-maket\/#website\"},\"primaryImageOfPage\":{\"@id\":\"https:\/\/merkim.com.tr\/merkim-maket\/urun\/perfusionsim-normotermik-bolgesel-perfuzyon-ve-reboa-egitim-simulatoru-sku-pfs-nasco-healthcare\/#primaryimage\"},\"image\":{\"@id\":\"https:\/\/merkim.com.tr\/merkim-maket\/urun\/perfusionsim-normotermik-bolgesel-perfuzyon-ve-reboa-egitim-simulatoru-sku-pfs-nasco-healthcare\/#primaryimage\"},\"thumbnailUrl\":\"https:\/\/merkim.com.tr\/merkim-maket\/wp-content\/uploads\/2025\/06\/perfusionsim-nrp-reboa-simulatoru-nasco-healthcare.png\",\"datePublished\":\"2025-06-05T19:32:31+00:00\",\"breadcrumb\":{\"@id\":\"https:\/\/merkim.com.tr\/merkim-maket\/urun\/perfusionsim-normotermik-bolgesel-perfuzyon-ve-reboa-egitim-simulatoru-sku-pfs-nasco-healthcare\/#breadcrumb\"},\"inLanguage\":\"tr\",\"potentialAction\":[{\"@type\":\"ReadAction\",\"target\":[\"https:\/\/merkim.com.tr\/merkim-maket\/urun\/perfusionsim-normotermik-bolgesel-perfuzyon-ve-reboa-egitim-simulatoru-sku-pfs-nasco-healthcare\/\"]}]},{\"@type\":\"ImageObject\",\"inLanguage\":\"tr\",\"@id\":\"https:\/\/merkim.com.tr\/merkim-maket\/urun\/perfusionsim-normotermik-bolgesel-perfuzyon-ve-reboa-egitim-simulatoru-sku-pfs-nasco-healthcare\/#primaryimage\",\"url\":\"https:\/\/merkim.com.tr\/merkim-maket\/wp-content\/uploads\/2025\/06\/perfusionsim-nrp-reboa-simulatoru-nasco-healthcare.png\",\"contentUrl\":\"https:\/\/merkim.com.tr\/merkim-maket\/wp-content\/uploads\/2025\/06\/perfusionsim-nrp-reboa-simulatoru-nasco-healthcare.png\",\"width\":800,\"height\":800,\"caption\":\"Organ Nakli ve Acil M\u00fcdahale Prosed\u00fcrleri i\u00e7in Sim\u00fclasyon\"},{\"@type\":\"BreadcrumbList\",\"@id\":\"https:\/\/merkim.com.tr\/merkim-maket\/urun\/perfusionsim-normotermik-bolgesel-perfuzyon-ve-reboa-egitim-simulatoru-sku-pfs-nasco-healthcare\/#breadcrumb\",\"itemListElement\":[{\"@type\":\"ListItem\",\"position\":1,\"name\":\"Anasayfa\",\"item\":\"https:\/\/merkim.com.tr\/merkim-maket\/\"},{\"@type\":\"ListItem\",\"position\":2,\"name\":\"Ma\u011faza\",\"item\":\"https:\/\/merkim.com.tr\/merkim-maket\/magaza\/\"},{\"@type\":\"ListItem\",\"position\":3,\"name\":\"PerfusionSim\u2122 &#8211; Normotermik B\u00f6lgesel Perf\u00fczyon ve REBOA E\u011fitim Sim\u00fclat\u00f6r\u00fc [SKU: PFS] &#8211; Nasco Healthcare\"}]},{\"@type\":\"WebSite\",\"@id\":\"https:\/\/merkim.com.tr\/merkim-maket\/#website\",\"url\":\"https:\/\/merkim.com.tr\/merkim-maket\/\",\"name\":\"Merkim Maket\",\"description\":\"\",\"potentialAction\":[{\"@type\":\"SearchAction\",\"target\":{\"@type\":\"EntryPoint\",\"urlTemplate\":\"https:\/\/merkim.com.tr\/merkim-maket\/?s={search_term_string}\"},\"query-input\":{\"@type\":\"PropertyValueSpecification\",\"valueRequired\":true,\"valueName\":\"search_term_string\"}}],\"inLanguage\":\"tr\"}]}<\/script>\n<!-- \/ Yoast SEO plugin. -->","yoast_head_json":{"title":"PerfusionSim\u2122 - Normotermik B\u00f6lgesel Perf\u00fczyon ve REBOA E\u011fitim Sim\u00fclat\u00f6r\u00fc [SKU: PFS] - Nasco Healthcare - Merkim Maket","robots":{"index":"index","follow":"follow","max-snippet":"max-snippet:-1","max-image-preview":"max-image-preview:large","max-video-preview":"max-video-preview:-1"},"canonical":"https:\/\/merkim.com.tr\/merkim-maket\/urun\/perfusionsim-normotermik-bolgesel-perfuzyon-ve-reboa-egitim-simulatoru-sku-pfs-nasco-healthcare\/","og_locale":"tr_TR","og_type":"article","og_title":"PerfusionSim\u2122 - Normotermik B\u00f6lgesel Perf\u00fczyon ve REBOA E\u011fitim Sim\u00fclat\u00f6r\u00fc [SKU: PFS] - Nasco Healthcare - Merkim Maket","og_description":"PerfusionSim\u2122, organ nakli ve acil t\u0131p ekipleri i\u00e7in geli\u015ftirilmi\u015f\u00a0NRP ve REBOA prosed\u00fcrlerinin\u00a0ger\u00e7ek\u00e7i sim\u00fclasyonunu sa\u011flayan ileri d\u00fczey bir e\u011fitim sim\u00fclat\u00f6r\u00fcd\u00fcr. Tam boy torsosu ve detayl\u0131 anatomik yap\u0131lar\u0131 ile benzersiz bir e\u011fitim deneyimi sunar.","og_url":"https:\/\/merkim.com.tr\/merkim-maket\/urun\/perfusionsim-normotermik-bolgesel-perfuzyon-ve-reboa-egitim-simulatoru-sku-pfs-nasco-healthcare\/","og_site_name":"Merkim Maket","og_image":[{"width":800,"height":800,"url":"https:\/\/merkim.com.tr\/merkim-maket\/wp-content\/uploads\/2025\/06\/perfusionsim-nrp-reboa-simulatoru-nasco-healthcare.png","type":"image\/png"}],"twitter_card":"summary_large_image","twitter_misc":{"Tahmini okuma s\u00fcresi":"2 dakika"},"schema":{"@context":"https:\/\/schema.org","@graph":[{"@type":"WebPage","@id":"https:\/\/merkim.com.tr\/merkim-maket\/urun\/perfusionsim-normotermik-bolgesel-perfuzyon-ve-reboa-egitim-simulatoru-sku-pfs-nasco-healthcare\/","url":"https:\/\/merkim.com.tr\/merkim-maket\/urun\/perfusionsim-normotermik-bolgesel-perfuzyon-ve-reboa-egitim-simulatoru-sku-pfs-nasco-healthcare\/","name":"PerfusionSim\u2122 - Normotermik B\u00f6lgesel Perf\u00fczyon ve REBOA E\u011fitim Sim\u00fclat\u00f6r\u00fc [SKU: PFS] - Nasco Healthcare - Merkim Maket","isPartOf":{"@id":"https:\/\/merkim.com.tr\/merkim-maket\/#website"},"primaryImageOfPage":{"@id":"https:\/\/merkim.com.tr\/merkim-maket\/urun\/perfusionsim-normotermik-bolgesel-perfuzyon-ve-reboa-egitim-simulatoru-sku-pfs-nasco-healthcare\/#primaryimage"},"image":{"@id":"https:\/\/merkim.com.tr\/merkim-maket\/urun\/perfusionsim-normotermik-bolgesel-perfuzyon-ve-reboa-egitim-simulatoru-sku-pfs-nasco-healthcare\/#primaryimage"},"thumbnailUrl":"https:\/\/merkim.com.tr\/merkim-maket\/wp-content\/uploads\/2025\/06\/perfusionsim-nrp-reboa-simulatoru-nasco-healthcare.png","datePublished":"2025-06-05T19:32:31+00:00","breadcrumb":{"@id":"https:\/\/merkim.com.tr\/merkim-maket\/urun\/perfusionsim-normotermik-bolgesel-perfuzyon-ve-reboa-egitim-simulatoru-sku-pfs-nasco-healthcare\/#breadcrumb"},"inLanguage":"tr","potentialAction":[{"@type":"ReadAction","target":["https:\/\/merkim.com.tr\/merkim-maket\/urun\/perfusionsim-normotermik-bolgesel-perfuzyon-ve-reboa-egitim-simulatoru-sku-pfs-nasco-healthcare\/"]}]},{"@type":"ImageObject","inLanguage":"tr","@id":"https:\/\/merkim.com.tr\/merkim-maket\/urun\/perfusionsim-normotermik-bolgesel-perfuzyon-ve-reboa-egitim-simulatoru-sku-pfs-nasco-healthcare\/#primaryimage","url":"https:\/\/merkim.com.tr\/merkim-maket\/wp-content\/uploads\/2025\/06\/perfusionsim-nrp-reboa-simulatoru-nasco-healthcare.png","contentUrl":"https:\/\/merkim.com.tr\/merkim-maket\/wp-content\/uploads\/2025\/06\/perfusionsim-nrp-reboa-simulatoru-nasco-healthcare.png","width":800,"height":800,"caption":"Organ Nakli ve Acil M\u00fcdahale Prosed\u00fcrleri i\u00e7in Sim\u00fclasyon"},{"@type":"BreadcrumbList","@id":"https:\/\/merkim.com.tr\/merkim-maket\/urun\/perfusionsim-normotermik-bolgesel-perfuzyon-ve-reboa-egitim-simulatoru-sku-pfs-nasco-healthcare\/#breadcrumb","itemListElement":[{"@type":"ListItem","position":1,"name":"Anasayfa","item":"https:\/\/merkim.com.tr\/merkim-maket\/"},{"@type":"ListItem","position":2,"name":"Ma\u011faza","item":"https:\/\/merkim.com.tr\/merkim-maket\/magaza\/"},{"@type":"ListItem","position":3,"name":"PerfusionSim\u2122 &#8211; Normotermik B\u00f6lgesel Perf\u00fczyon ve REBOA E\u011fitim Sim\u00fclat\u00f6r\u00fc [SKU: PFS] &#8211; Nasco Healthcare"}]},{"@type":"WebSite","@id":"https:\/\/merkim.com.tr\/merkim-maket\/#website","url":"https:\/\/merkim.com.tr\/merkim-maket\/","name":"Merkim Maket","description":"","potentialAction":[{"@type":"SearchAction","target":{"@type":"EntryPoint","urlTemplate":"https:\/\/merkim.com.tr\/merkim-maket\/?s={search_term_string}"},"query-input":{"@type":"PropertyValueSpecification","valueRequired":true,"valueName":"search_term_string"}}],"inLanguage":"tr"}]}},"_links":{"self":[{"href":"https:\/\/merkim.com.tr\/merkim-maket\/wp-json\/wp\/v2\/product\/40","targetHints":{"allow":["GET"]}}],"collection":[{"href":"https:\/\/merkim.com.tr\/merkim-maket\/wp-json\/wp\/v2\/product"}],"about":[{"href":"https:\/\/merkim.com.tr\/merkim-maket\/wp-json\/wp\/v2\/types\/product"}],"replies":[{"embeddable":true,"href":"https:\/\/merkim.com.tr\/merkim-maket\/wp-json\/wp\/v2\/comments?post=40"}],"wp:featuredmedia":[{"embeddable":true,"href":"https:\/\/merkim.com.tr\/merkim-maket\/wp-json\/wp\/v2\/media\/41"}],"wp:attachment":[{"href":"https:\/\/merkim.com.tr\/merkim-maket\/wp-json\/wp\/v2\/media?parent=40"}],"wp:term":[{"taxonomy":"product_brand","embeddable":true,"href":"https:\/\/merkim.com.tr\/merkim-maket\/wp-json\/wp\/v2\/product_brand?post=40"},{"taxonomy":"product_cat","embeddable":true,"href":"https:\/\/merkim.com.tr\/merkim-maket\/wp-json\/wp\/v2\/product_cat?post=40"},{"taxonomy":"product_tag","embeddable":true,"href":"https:\/\/merkim.com.tr\/merkim-maket\/wp-json\/wp\/v2\/product_tag?post=40"}],"curies":[{"name":"wp","href":"https:\/\/api.w.org\/{rel}","templated":true}]}}