{"id":36,"date":"2025-06-05T18:52:38","date_gmt":"2025-06-05T18:52:38","guid":{"rendered":"https:\/\/merkim.com.tr\/merkim-maket\/?post_type=product&#038;p=36"},"modified":"2025-06-05T18:57:50","modified_gmt":"2025-06-05T18:57:50","slug":"stat-baby-advanced-ipad-kontrollu-pediatrik-hasta-simulatoru-sku-101-8010-nasco-healthcare","status":"publish","type":"product","link":"https:\/\/merkim.com.tr\/merkim-maket\/urun\/stat-baby-advanced-ipad-kontrollu-pediatrik-hasta-simulatoru-sku-101-8010-nasco-healthcare\/","title":{"rendered":"Stat Baby Advanced &#8211; iPad\u00ae Kontroll\u00fc Pediatrik Hasta Sim\u00fclat\u00f6r\u00fc [SKU: 101-8010] &#8211; Nasco Healthcare"},"content":{"rendered":"<p class=\"ds-markdown-paragraph\"><strong>Stat Baby Advanced<\/strong>, yenido\u011fan sonras\u0131 pediatrik bak\u0131m e\u011fitimleri i\u00e7in \u00f6zel olarak tasarlanm\u0131\u015f\u00a0<strong>ileri d\u00fczey bir hasta sim\u00fclat\u00f6r\u00fcd\u00fcr<\/strong>. iPad\u00ae teknolojisi ile entegre \u00e7al\u0131\u015fan bu sistem, hem\u015fireler, doktorlar ve sa\u011fl\u0131k profesyonelleri i\u00e7in\u00a0<strong>ger\u00e7ek\u00e7i pediatrik vakalar<\/strong>\u00a0olu\u015fturarak klinik becerilerin geli\u015ftirilmesini sa\u011flar.<\/p>\n<h3><strong>\u00d6ne \u00c7\u0131kan \u00d6zellikler:<\/strong><\/h3>\n<p class=\"ds-markdown-paragraph\">\u2714\u00a0<strong>Ak\u0131ll\u0131 Kontrol Sistemi:<\/strong><\/p>\n<ul>\n<li>\n<p class=\"ds-markdown-paragraph\">iPad\u00ae aray\u00fcz\u00fc ile kolay senaryo y\u00f6netimi<\/p>\n<\/li>\n<li>\n<p class=\"ds-markdown-paragraph\">\u00d6\u011frenci performans takibi ve de\u011ferlendirme<\/p>\n<\/li>\n<li>\n<p class=\"ds-markdown-paragraph\">Mevcut senaryolar veya \u00f6zel olu\u015fturulmu\u015f vakalar<\/p>\n<\/li>\n<\/ul>\n<p class=\"ds-markdown-paragraph\">\u2714\u00a0<strong>Ger\u00e7ek\u00e7i Fizyolojik Tepkiler:<\/strong><\/p>\n<ul>\n<li>\n<p class=\"ds-markdown-paragraph\">Sternum retraksiyonu<\/p>\n<\/li>\n<li>\n<p class=\"ds-markdown-paragraph\">Spontan solunum hareketleri<\/p>\n<\/li>\n<li>\n<p class=\"ds-markdown-paragraph\">Kalp ve akci\u011fer sesleri<\/p>\n<\/li>\n<li>\n<p class=\"ds-markdown-paragraph\">Ses \u00e7\u0131karma \u00f6zelli\u011fi<\/p>\n<\/li>\n<li>\n<p class=\"ds-markdown-paragraph\">Aneroid kan bas\u0131nc\u0131 \u00f6l\u00e7\u00fcm\u00fc<\/p>\n<\/li>\n<\/ul>\n<p class=\"ds-markdown-paragraph\">\u2714\u00a0<strong>Kapsaml\u0131 E\u011fitim Paketi:<\/strong><\/p>\n<ul>\n<li>\n<p class=\"ds-markdown-paragraph\">Tam donan\u0131ml\u0131, su ge\u00e7irmez y\u00fczeyli be\u015fik<\/p>\n<\/li>\n<li>\n<p class=\"ds-markdown-paragraph\">6 ft (1.8 m) hareket mesafesi sa\u011flayan ba\u011flant\u0131 sistemi<\/p>\n<\/li>\n<li>\n<p class=\"ds-markdown-paragraph\">D\u00fc\u015f\u00fck maliyetli yedek par\u00e7a se\u00e7enekleri<\/p>\n<\/li>\n<li>\n<p class=\"ds-markdown-paragraph\">1 y\u0131l garanti<\/p>\n<\/li>\n<\/ul>\n<h3><strong>Klinik Uygulama Alanlar\u0131:<\/strong><\/h3>\n<ul>\n<li>\n<p class=\"ds-markdown-paragraph\"><strong>Temel pediatrik bak\u0131m e\u011fitimleri<\/strong><\/p>\n<\/li>\n<li>\n<p class=\"ds-markdown-paragraph\"><strong>Yenido\u011fan res\u00fcsitasyon prosed\u00fcrleri<\/strong><\/p>\n<\/li>\n<li>\n<p class=\"ds-markdown-paragraph\"><strong>Solunum s\u0131k\u0131nt\u0131s\u0131 senaryolar\u0131<\/strong><\/p>\n<\/li>\n<li>\n<p class=\"ds-markdown-paragraph\"><strong>Kardiyopulmoner de\u011ferlendirme<\/strong><\/p>\n<\/li>\n<li>\n<p class=\"ds-markdown-paragraph\"><strong>\u0130leri t\u0131bbi m\u00fcdahale e\u011fitimleri<\/strong><\/p>\n<\/li>\n<\/ul>\n<h3><strong>Teknik \u00d6zellikler:<\/strong><\/h3>\n<ul>\n<li>\n<p class=\"ds-markdown-paragraph\"><strong>A\u011f\u0131rl\u0131k:<\/strong>\u00a0122 lbs (55 kg)<\/p>\n<\/li>\n<li>\n<p class=\"ds-markdown-paragraph\"><strong>Boyutlar:<\/strong>\u00a055&#8243; x 28&#8243; x 11&#8243; (140cm x 71cm x 28cm)<\/p>\n<\/li>\n<li>\n<p class=\"ds-markdown-paragraph\"><strong>\u0130\u00e7erik:<\/strong>\u00a0iPad\u00ae, aneroid tansiyon aleti, tam donan\u0131ml\u0131 be\u015fik<\/p>\n<\/li>\n<li>\n<p class=\"ds-markdown-paragraph\"><strong>Garanti:<\/strong>\u00a01 y\u0131l<\/p>\n<\/li>\n<\/ul>\n","protected":false},"excerpt":{"rendered":"<p><strong>Stat Baby Advanced<\/strong>, iPad\u00ae kontrol\u00fc ile \u00e7al\u0131\u015fan\u00a0<strong>ileri d\u00fczey bir pediatrik hasta sim\u00fclat\u00f6r\u00fcd\u00fcr<\/strong>. Yenido\u011fan sonras\u0131 bak\u0131m ve acil m\u00fcdahale e\u011fitimleri i\u00e7in ideal olan bu sistem, ger\u00e7ek\u00e7i fizyolojik tepkiler ve kapsaml\u0131 senaryo se\u00e7enekleri sunar.<\/p>\n","protected":false},"featured_media":37,"comment_status":"open","ping_status":"closed","template":"","meta":[],"product_brand":[16],"product_cat":[15,17,78],"product_tag":[76,74,27,75,71,72,77,73],"class_list":{"0":"post-36","1":"product","2":"type-product","3":"status-publish","4":"has-post-thumbnail","6":"product_brand-nasco-healthcare","7":"product_cat-genel","8":"product_cat-nursing-patient-care","9":"product_cat-nasco-healthcare","10":"product_tag-bebek-resusitasyon-simulatoru","11":"product_tag-ipad-kontrollu-hasta-mankeni","12":"product_tag-nasco-healthcare","13":"product_tag-pediatri-egitim-simulatoru","14":"product_tag-pediatrik-simulator","15":"product_tag-stat-baby-advanced","16":"product_tag-tibbi-egitim-ekipmanlari","17":"product_tag-yenidogan-simulatoru","19":"first","20":"instock","21":"shipping-taxable","22":"product-type-simple"},"yoast_head":"<!-- This site is optimized with the Yoast SEO plugin v25.2 - https:\/\/yoast.com\/wordpress\/plugins\/seo\/ -->\n<title>Stat Baby Advanced - iPad\u00ae Kontroll\u00fc Pediatrik Hasta Sim\u00fclat\u00f6r\u00fc [SKU: 101-8010] - Nasco Healthcare - Merkim Maket<\/title>\n<meta name=\"robots\" content=\"index, follow, max-snippet:-1, max-image-preview:large, max-video-preview:-1\" \/>\n<link rel=\"canonical\" href=\"https:\/\/merkim.com.tr\/merkim-maket\/urun\/stat-baby-advanced-ipad-kontrollu-pediatrik-hasta-simulatoru-sku-101-8010-nasco-healthcare\/\" \/>\n<meta property=\"og:locale\" content=\"tr_TR\" \/>\n<meta property=\"og:type\" content=\"article\" \/>\n<meta property=\"og:title\" content=\"Stat Baby Advanced - iPad\u00ae Kontroll\u00fc Pediatrik Hasta Sim\u00fclat\u00f6r\u00fc [SKU: 101-8010] - Nasco Healthcare - Merkim Maket\" \/>\n<meta property=\"og:description\" content=\"Stat Baby Advanced, iPad\u00ae kontrol\u00fc ile \u00e7al\u0131\u015fan\u00a0ileri d\u00fczey bir pediatrik hasta sim\u00fclat\u00f6r\u00fcd\u00fcr. Yenido\u011fan sonras\u0131 bak\u0131m ve acil m\u00fcdahale e\u011fitimleri i\u00e7in ideal olan bu sistem, ger\u00e7ek\u00e7i fizyolojik tepkiler ve kapsaml\u0131 senaryo se\u00e7enekleri sunar.\" \/>\n<meta property=\"og:url\" content=\"https:\/\/merkim.com.tr\/merkim-maket\/urun\/stat-baby-advanced-ipad-kontrollu-pediatrik-hasta-simulatoru-sku-101-8010-nasco-healthcare\/\" \/>\n<meta property=\"og:site_name\" content=\"Merkim Maket\" \/>\n<meta property=\"article:modified_time\" content=\"2025-06-05T18:57:50+00:00\" \/>\n<meta property=\"og:image\" content=\"https:\/\/merkim.com.tr\/merkim-maket\/wp-content\/uploads\/2025\/06\/stat-baby-advanced-ipad-pediatrik-simulator-nasco-healthcare.png\" \/>\n\t<meta property=\"og:image:width\" content=\"800\" \/>\n\t<meta property=\"og:image:height\" content=\"800\" \/>\n\t<meta property=\"og:image:type\" content=\"image\/png\" \/>\n<meta name=\"twitter:card\" content=\"summary_large_image\" \/>\n<meta name=\"twitter:label1\" content=\"Tahmini okuma s\u00fcresi\" \/>\n\t<meta name=\"twitter:data1\" content=\"2 dakika\" \/>\n<script type=\"application\/ld+json\" class=\"yoast-schema-graph\">{\"@context\":\"https:\/\/schema.org\",\"@graph\":[{\"@type\":\"WebPage\",\"@id\":\"https:\/\/merkim.com.tr\/merkim-maket\/urun\/stat-baby-advanced-ipad-kontrollu-pediatrik-hasta-simulatoru-sku-101-8010-nasco-healthcare\/\",\"url\":\"https:\/\/merkim.com.tr\/merkim-maket\/urun\/stat-baby-advanced-ipad-kontrollu-pediatrik-hasta-simulatoru-sku-101-8010-nasco-healthcare\/\",\"name\":\"Stat Baby Advanced - iPad\u00ae Kontroll\u00fc Pediatrik Hasta Sim\u00fclat\u00f6r\u00fc [SKU: 101-8010] - Nasco Healthcare - Merkim Maket\",\"isPartOf\":{\"@id\":\"https:\/\/merkim.com.tr\/merkim-maket\/#website\"},\"primaryImageOfPage\":{\"@id\":\"https:\/\/merkim.com.tr\/merkim-maket\/urun\/stat-baby-advanced-ipad-kontrollu-pediatrik-hasta-simulatoru-sku-101-8010-nasco-healthcare\/#primaryimage\"},\"image\":{\"@id\":\"https:\/\/merkim.com.tr\/merkim-maket\/urun\/stat-baby-advanced-ipad-kontrollu-pediatrik-hasta-simulatoru-sku-101-8010-nasco-healthcare\/#primaryimage\"},\"thumbnailUrl\":\"https:\/\/merkim.com.tr\/merkim-maket\/wp-content\/uploads\/2025\/06\/stat-baby-advanced-ipad-pediatrik-simulator-nasco-healthcare.png\",\"datePublished\":\"2025-06-05T18:52:38+00:00\",\"dateModified\":\"2025-06-05T18:57:50+00:00\",\"breadcrumb\":{\"@id\":\"https:\/\/merkim.com.tr\/merkim-maket\/urun\/stat-baby-advanced-ipad-kontrollu-pediatrik-hasta-simulatoru-sku-101-8010-nasco-healthcare\/#breadcrumb\"},\"inLanguage\":\"tr\",\"potentialAction\":[{\"@type\":\"ReadAction\",\"target\":[\"https:\/\/merkim.com.tr\/merkim-maket\/urun\/stat-baby-advanced-ipad-kontrollu-pediatrik-hasta-simulatoru-sku-101-8010-nasco-healthcare\/\"]}]},{\"@type\":\"ImageObject\",\"inLanguage\":\"tr\",\"@id\":\"https:\/\/merkim.com.tr\/merkim-maket\/urun\/stat-baby-advanced-ipad-kontrollu-pediatrik-hasta-simulatoru-sku-101-8010-nasco-healthcare\/#primaryimage\",\"url\":\"https:\/\/merkim.com.tr\/merkim-maket\/wp-content\/uploads\/2025\/06\/stat-baby-advanced-ipad-pediatrik-simulator-nasco-healthcare.png\",\"contentUrl\":\"https:\/\/merkim.com.tr\/merkim-maket\/wp-content\/uploads\/2025\/06\/stat-baby-advanced-ipad-pediatrik-simulator-nasco-healthcare.png\",\"width\":800,\"height\":800,\"caption\":\"Yenido\u011fan Sonras\u0131 Bak\u0131m i\u00e7in Ger\u00e7ek\u00e7i Sim\u00fclasyon\"},{\"@type\":\"BreadcrumbList\",\"@id\":\"https:\/\/merkim.com.tr\/merkim-maket\/urun\/stat-baby-advanced-ipad-kontrollu-pediatrik-hasta-simulatoru-sku-101-8010-nasco-healthcare\/#breadcrumb\",\"itemListElement\":[{\"@type\":\"ListItem\",\"position\":1,\"name\":\"Anasayfa\",\"item\":\"https:\/\/merkim.com.tr\/merkim-maket\/\"},{\"@type\":\"ListItem\",\"position\":2,\"name\":\"Ma\u011faza\",\"item\":\"https:\/\/merkim.com.tr\/merkim-maket\/magaza\/\"},{\"@type\":\"ListItem\",\"position\":3,\"name\":\"Stat Baby Advanced &#8211; iPad\u00ae Kontroll\u00fc Pediatrik Hasta Sim\u00fclat\u00f6r\u00fc [SKU: 101-8010] &#8211; Nasco Healthcare\"}]},{\"@type\":\"WebSite\",\"@id\":\"https:\/\/merkim.com.tr\/merkim-maket\/#website\",\"url\":\"https:\/\/merkim.com.tr\/merkim-maket\/\",\"name\":\"Merkim Maket\",\"description\":\"\",\"potentialAction\":[{\"@type\":\"SearchAction\",\"target\":{\"@type\":\"EntryPoint\",\"urlTemplate\":\"https:\/\/merkim.com.tr\/merkim-maket\/?s={search_term_string}\"},\"query-input\":{\"@type\":\"PropertyValueSpecification\",\"valueRequired\":true,\"valueName\":\"search_term_string\"}}],\"inLanguage\":\"tr\"}]}<\/script>\n<!-- \/ Yoast SEO plugin. -->","yoast_head_json":{"title":"Stat Baby Advanced - iPad\u00ae Kontroll\u00fc Pediatrik Hasta Sim\u00fclat\u00f6r\u00fc [SKU: 101-8010] - Nasco Healthcare - Merkim Maket","robots":{"index":"index","follow":"follow","max-snippet":"max-snippet:-1","max-image-preview":"max-image-preview:large","max-video-preview":"max-video-preview:-1"},"canonical":"https:\/\/merkim.com.tr\/merkim-maket\/urun\/stat-baby-advanced-ipad-kontrollu-pediatrik-hasta-simulatoru-sku-101-8010-nasco-healthcare\/","og_locale":"tr_TR","og_type":"article","og_title":"Stat Baby Advanced - iPad\u00ae Kontroll\u00fc Pediatrik Hasta Sim\u00fclat\u00f6r\u00fc [SKU: 101-8010] - Nasco Healthcare - Merkim Maket","og_description":"Stat Baby Advanced, iPad\u00ae kontrol\u00fc ile \u00e7al\u0131\u015fan\u00a0ileri d\u00fczey bir pediatrik hasta sim\u00fclat\u00f6r\u00fcd\u00fcr. Yenido\u011fan sonras\u0131 bak\u0131m ve acil m\u00fcdahale e\u011fitimleri i\u00e7in ideal olan bu sistem, ger\u00e7ek\u00e7i fizyolojik tepkiler ve kapsaml\u0131 senaryo se\u00e7enekleri sunar.","og_url":"https:\/\/merkim.com.tr\/merkim-maket\/urun\/stat-baby-advanced-ipad-kontrollu-pediatrik-hasta-simulatoru-sku-101-8010-nasco-healthcare\/","og_site_name":"Merkim Maket","article_modified_time":"2025-06-05T18:57:50+00:00","og_image":[{"width":800,"height":800,"url":"https:\/\/merkim.com.tr\/merkim-maket\/wp-content\/uploads\/2025\/06\/stat-baby-advanced-ipad-pediatrik-simulator-nasco-healthcare.png","type":"image\/png"}],"twitter_card":"summary_large_image","twitter_misc":{"Tahmini okuma s\u00fcresi":"2 dakika"},"schema":{"@context":"https:\/\/schema.org","@graph":[{"@type":"WebPage","@id":"https:\/\/merkim.com.tr\/merkim-maket\/urun\/stat-baby-advanced-ipad-kontrollu-pediatrik-hasta-simulatoru-sku-101-8010-nasco-healthcare\/","url":"https:\/\/merkim.com.tr\/merkim-maket\/urun\/stat-baby-advanced-ipad-kontrollu-pediatrik-hasta-simulatoru-sku-101-8010-nasco-healthcare\/","name":"Stat Baby Advanced - iPad\u00ae Kontroll\u00fc Pediatrik Hasta Sim\u00fclat\u00f6r\u00fc [SKU: 101-8010] - Nasco Healthcare - Merkim Maket","isPartOf":{"@id":"https:\/\/merkim.com.tr\/merkim-maket\/#website"},"primaryImageOfPage":{"@id":"https:\/\/merkim.com.tr\/merkim-maket\/urun\/stat-baby-advanced-ipad-kontrollu-pediatrik-hasta-simulatoru-sku-101-8010-nasco-healthcare\/#primaryimage"},"image":{"@id":"https:\/\/merkim.com.tr\/merkim-maket\/urun\/stat-baby-advanced-ipad-kontrollu-pediatrik-hasta-simulatoru-sku-101-8010-nasco-healthcare\/#primaryimage"},"thumbnailUrl":"https:\/\/merkim.com.tr\/merkim-maket\/wp-content\/uploads\/2025\/06\/stat-baby-advanced-ipad-pediatrik-simulator-nasco-healthcare.png","datePublished":"2025-06-05T18:52:38+00:00","dateModified":"2025-06-05T18:57:50+00:00","breadcrumb":{"@id":"https:\/\/merkim.com.tr\/merkim-maket\/urun\/stat-baby-advanced-ipad-kontrollu-pediatrik-hasta-simulatoru-sku-101-8010-nasco-healthcare\/#breadcrumb"},"inLanguage":"tr","potentialAction":[{"@type":"ReadAction","target":["https:\/\/merkim.com.tr\/merkim-maket\/urun\/stat-baby-advanced-ipad-kontrollu-pediatrik-hasta-simulatoru-sku-101-8010-nasco-healthcare\/"]}]},{"@type":"ImageObject","inLanguage":"tr","@id":"https:\/\/merkim.com.tr\/merkim-maket\/urun\/stat-baby-advanced-ipad-kontrollu-pediatrik-hasta-simulatoru-sku-101-8010-nasco-healthcare\/#primaryimage","url":"https:\/\/merkim.com.tr\/merkim-maket\/wp-content\/uploads\/2025\/06\/stat-baby-advanced-ipad-pediatrik-simulator-nasco-healthcare.png","contentUrl":"https:\/\/merkim.com.tr\/merkim-maket\/wp-content\/uploads\/2025\/06\/stat-baby-advanced-ipad-pediatrik-simulator-nasco-healthcare.png","width":800,"height":800,"caption":"Yenido\u011fan Sonras\u0131 Bak\u0131m i\u00e7in Ger\u00e7ek\u00e7i Sim\u00fclasyon"},{"@type":"BreadcrumbList","@id":"https:\/\/merkim.com.tr\/merkim-maket\/urun\/stat-baby-advanced-ipad-kontrollu-pediatrik-hasta-simulatoru-sku-101-8010-nasco-healthcare\/#breadcrumb","itemListElement":[{"@type":"ListItem","position":1,"name":"Anasayfa","item":"https:\/\/merkim.com.tr\/merkim-maket\/"},{"@type":"ListItem","position":2,"name":"Ma\u011faza","item":"https:\/\/merkim.com.tr\/merkim-maket\/magaza\/"},{"@type":"ListItem","position":3,"name":"Stat Baby Advanced &#8211; iPad\u00ae Kontroll\u00fc Pediatrik Hasta Sim\u00fclat\u00f6r\u00fc [SKU: 101-8010] &#8211; Nasco Healthcare"}]},{"@type":"WebSite","@id":"https:\/\/merkim.com.tr\/merkim-maket\/#website","url":"https:\/\/merkim.com.tr\/merkim-maket\/","name":"Merkim Maket","description":"","potentialAction":[{"@type":"SearchAction","target":{"@type":"EntryPoint","urlTemplate":"https:\/\/merkim.com.tr\/merkim-maket\/?s={search_term_string}"},"query-input":{"@type":"PropertyValueSpecification","valueRequired":true,"valueName":"search_term_string"}}],"inLanguage":"tr"}]}},"_links":{"self":[{"href":"https:\/\/merkim.com.tr\/merkim-maket\/wp-json\/wp\/v2\/product\/36","targetHints":{"allow":["GET"]}}],"collection":[{"href":"https:\/\/merkim.com.tr\/merkim-maket\/wp-json\/wp\/v2\/product"}],"about":[{"href":"https:\/\/merkim.com.tr\/merkim-maket\/wp-json\/wp\/v2\/types\/product"}],"replies":[{"embeddable":true,"href":"https:\/\/merkim.com.tr\/merkim-maket\/wp-json\/wp\/v2\/comments?post=36"}],"wp:featuredmedia":[{"embeddable":true,"href":"https:\/\/merkim.com.tr\/merkim-maket\/wp-json\/wp\/v2\/media\/37"}],"wp:attachment":[{"href":"https:\/\/merkim.com.tr\/merkim-maket\/wp-json\/wp\/v2\/media?parent=36"}],"wp:term":[{"taxonomy":"product_brand","embeddable":true,"href":"https:\/\/merkim.com.tr\/merkim-maket\/wp-json\/wp\/v2\/product_brand?post=36"},{"taxonomy":"product_cat","embeddable":true,"href":"https:\/\/merkim.com.tr\/merkim-maket\/wp-json\/wp\/v2\/product_cat?post=36"},{"taxonomy":"product_tag","embeddable":true,"href":"https:\/\/merkim.com.tr\/merkim-maket\/wp-json\/wp\/v2\/product_tag?post=36"}],"curies":[{"name":"wp","href":"https:\/\/api.w.org\/{rel}","templated":true}]}}