{"id":348,"date":"2025-07-01T17:07:36","date_gmt":"2025-07-01T17:07:36","guid":{"rendered":"https:\/\/merkim.com.tr\/merkim-maket\/?post_type=product&#038;p=348"},"modified":"2025-07-10T12:10:27","modified_gmt":"2025-07-10T12:10:27","slug":"susie-simon-s101-yenidogan-cpr-hasta-simulatoru","status":"publish","type":"product","link":"https:\/\/merkim.com.tr\/merkim-maket\/urun\/susie-simon-s101-yenidogan-cpr-hasta-simulatoru\/","title":{"rendered":"Susie Simon\u00ae S101 &#8211; Yenido\u011fan CPR Hasta Sim\u00fclat\u00f6r\u00fc"},"content":{"rendered":"<p dir=\"ltr\" data-pm-slice=\"1 1 []\">Susie Simon\u00ae S101 Yenido\u011fan CPR Hasta Sim\u00fclat\u00f6r\u00fc, sa\u011fl\u0131k profesyonelleri ve t\u0131p \u00f6\u011frencileri i\u00e7in yenido\u011fan CPR ve hava yolu y\u00f6netimi becerilerini geli\u015ftirmek amac\u0131yla tasarlanm\u0131\u015f ileri d\u00fczey bir e\u011fitim arac\u0131d\u0131r. Bu tam v\u00fccut yenido\u011fan sim\u00fclat\u00f6r\u00fc, ger\u00e7ek\u00e7i anatomik \u00f6zellikleri ve y\u00fcksek kaliteli tasar\u0131m\u0131 ile klinik yeterlilik kazan\u0131m\u0131 i\u00e7in ideal bir platform sunar. \u00d6zellikle yenido\u011fan ventilasyonu, nab\u0131z palpasyonu ve hijyenik a\u011f\u0131zdan a\u011f\u0131za ventilasyon uygulamalar\u0131 i\u00e7in optimize edilmi\u015ftir.<\/p>\n<p dir=\"ltr\">Sim\u00fclat\u00f6r, tamamen hareketli ba\u015f ve \u00e7ene yap\u0131s\u0131 ile dil dahil ger\u00e7ek\u00e7i bir a\u011f\u0131z anatomisi sunar. SAFE CPR\u2122 teknolojisi ile donat\u0131lm\u0131\u015f tek kullan\u0131ml\u0131k hava yollar\u0131, hijyenik a\u011f\u0131zdan a\u011f\u0131za ventilasyon prati\u011fi sa\u011flar ve enfeksiyon riskini ortadan kald\u0131r\u0131r. Ger\u00e7ek\u00e7i g\u00f6\u011f\u00fcs kafesi, ventilasyon s\u0131ras\u0131nda do\u011fal bir g\u00f6\u011f\u00fcs y\u00fckseli\u015fi ve anatomik i\u015faret noktalar\u0131 ile donat\u0131lm\u0131\u015ft\u0131r, bu da do\u011fru kompresyon ve ventilasyon tekniklerinin uygulanmas\u0131n\u0131 kolayla\u015ft\u0131r\u0131r. Yumu\u015fak ve ger\u00e7ek\u00e7i y\u00fcz derisi ile kal\u0131planm\u0131\u015f sa\u00e7, sim\u00fclat\u00f6re otantik bir yenido\u011fan g\u00f6r\u00fcn\u00fcm\u00fc kazand\u0131r\u0131r.<\/p>\n<p dir=\"ltr\">Susie Simon\u00ae S101, arteriyel nab\u0131z noktalar\u0131 ile nab\u0131z palpasyonu prati\u011fi yapma imkan\u0131 sunar ve ger\u00e7ek\u00e7i g\u00f6\u011f\u00fcs uyumlulu\u011fu ile klinik senaryolarda g\u00fcvenilir bir deneyim sa\u011flar. \u00dcr\u00fcn, bir ti\u015f\u00f6rt, \u015fort ve \u00f6zel naylon ta\u015f\u0131ma \u00e7antas\u0131 ile birlikte gelir; ayr\u0131ca detayl\u0131 bir kullan\u0131m k\u0131lavuzu i\u00e7erir. On adet tek kullan\u0131ml\u0131k hava yolu da paket i\u00e7eri\u011fine dahildir, b\u00f6ylece kullan\u0131c\u0131lar hemen e\u011fitime ba\u015flayabilir. Susie Simon\u00ae S101, t\u0131p e\u011fitimi, hem\u015firelik programlar\u0131 ve acil durum m\u00fcdahale e\u011fitimleri i\u00e7in vazge\u00e7ilmez bir ara\u00e7t\u0131r, ger\u00e7ek hayattaki yenido\u011fan res\u00fcsitasyon senaryolar\u0131na haz\u0131rlanmak isteyen profesyoneller i\u00e7in m\u00fckemmel bir se\u00e7imdir.<\/p>\n","protected":false},"excerpt":{"rendered":"<p dir=\"ltr\" data-pm-slice=\"1 1 []\">Susie Simon\u00ae S101 Yenido\u011fan CPR Hasta Sim\u00fclat\u00f6r\u00fc, CPR, ventilasyon ve nab\u0131z palpasyonu becerilerini geli\u015ftirmek i\u00e7in tasarlanm\u0131\u015f ger\u00e7ek\u00e7i bir e\u011fitim arac\u0131d\u0131r. Hijyenik hava yollar\u0131 ve do\u011fal g\u00f6\u011f\u00fcs hareketi ile klinik e\u011fitim i\u00e7in idealdir.<\/p>\n","protected":false},"featured_media":349,"comment_status":"open","ping_status":"closed","template":"","meta":[],"product_brand":[948],"product_cat":[15,1489,947],"product_tag":[872,31,938,21,1105,1106,20,45,1103,1104],"class_list":{"0":"post-348","1":"product","2":"type-product","3":"status-publish","4":"has-post-thumbnail","6":"product_brand-gaumard-scientific","7":"product_cat-genel","8":"product_cat-cpr-mankenleri","9":"product_cat-gaumard-scientific","10":"product_tag-cpr-egitimi","11":"product_tag-hasta-simulatoru","12":"product_tag-hava-yolu-yonetimi","13":"product_tag-hemsirelik-egitimi","14":"product_tag-nabiz-palpasyonu","15":"product_tag-resusitasyon-egitimi","16":"product_tag-saglik-simulasyonu","17":"product_tag-tip-egitimi","18":"product_tag-yenidogan-cpr-simulatoru","19":"product_tag-yenidogan-ventilasyonu","21":"first","22":"instock","23":"shipping-taxable","24":"product-type-simple"},"yoast_head":"<!-- This site is optimized with the Yoast SEO plugin v25.2 - https:\/\/yoast.com\/wordpress\/plugins\/seo\/ -->\n<title>Susie Simon\u00ae S101 - Yenido\u011fan CPR Hasta Sim\u00fclat\u00f6r\u00fc - Merkim Maket<\/title>\n<meta name=\"description\" content=\"Susie Simon\u00ae S101 Yenido\u011fan CPR Hasta Sim\u00fclat\u00f6r\u00fc ile CPR ve hava yolu y\u00f6netimi becerilerinizi geli\u015ftirin. Ger\u00e7ek\u00e7i g\u00f6\u011f\u00fcs hareketi ve hijyenik hava yollar\u0131 ile t\u0131p e\u011fitimi i\u00e7in ideal. \u015eimdi ke\u015ffedin!\" \/>\n<meta name=\"robots\" content=\"index, follow, max-snippet:-1, max-image-preview:large, max-video-preview:-1\" \/>\n<link rel=\"canonical\" href=\"https:\/\/merkim.com.tr\/merkim-maket\/urun\/susie-simon-s101-yenidogan-cpr-hasta-simulatoru\/\" \/>\n<meta property=\"og:locale\" content=\"tr_TR\" \/>\n<meta property=\"og:type\" content=\"article\" \/>\n<meta property=\"og:title\" content=\"Susie Simon\u00ae S101 - Yenido\u011fan CPR Hasta Sim\u00fclat\u00f6r\u00fc - Merkim Maket\" \/>\n<meta property=\"og:description\" content=\"Susie Simon\u00ae S101 Yenido\u011fan CPR Hasta Sim\u00fclat\u00f6r\u00fc ile CPR ve hava yolu y\u00f6netimi becerilerinizi geli\u015ftirin. Ger\u00e7ek\u00e7i g\u00f6\u011f\u00fcs hareketi ve hijyenik hava yollar\u0131 ile t\u0131p e\u011fitimi i\u00e7in ideal. \u015eimdi ke\u015ffedin!\" \/>\n<meta property=\"og:url\" content=\"https:\/\/merkim.com.tr\/merkim-maket\/urun\/susie-simon-s101-yenidogan-cpr-hasta-simulatoru\/\" \/>\n<meta property=\"og:site_name\" content=\"Merkim Maket\" \/>\n<meta property=\"article:modified_time\" content=\"2025-07-10T12:10:27+00:00\" \/>\n<meta property=\"og:image\" content=\"https:\/\/merkim.com.tr\/merkim-maket\/wp-content\/uploads\/2025\/07\/susie-simon-s101-yenidogan-cpr-simulatoru.png\" \/>\n\t<meta property=\"og:image:width\" content=\"925\" \/>\n\t<meta property=\"og:image:height\" content=\"502\" \/>\n\t<meta property=\"og:image:type\" content=\"image\/png\" \/>\n<meta name=\"twitter:card\" content=\"summary_large_image\" \/>\n<meta name=\"twitter:label1\" content=\"Tahmini okuma s\u00fcresi\" \/>\n\t<meta name=\"twitter:data1\" content=\"2 dakika\" \/>\n<script type=\"application\/ld+json\" class=\"yoast-schema-graph\">{\"@context\":\"https:\/\/schema.org\",\"@graph\":[{\"@type\":\"WebPage\",\"@id\":\"https:\/\/merkim.com.tr\/merkim-maket\/urun\/susie-simon-s101-yenidogan-cpr-hasta-simulatoru\/\",\"url\":\"https:\/\/merkim.com.tr\/merkim-maket\/urun\/susie-simon-s101-yenidogan-cpr-hasta-simulatoru\/\",\"name\":\"Susie Simon\u00ae S101 - Yenido\u011fan CPR Hasta Sim\u00fclat\u00f6r\u00fc - Merkim Maket\",\"isPartOf\":{\"@id\":\"https:\/\/merkim.com.tr\/merkim-maket\/#website\"},\"primaryImageOfPage\":{\"@id\":\"https:\/\/merkim.com.tr\/merkim-maket\/urun\/susie-simon-s101-yenidogan-cpr-hasta-simulatoru\/#primaryimage\"},\"image\":{\"@id\":\"https:\/\/merkim.com.tr\/merkim-maket\/urun\/susie-simon-s101-yenidogan-cpr-hasta-simulatoru\/#primaryimage\"},\"thumbnailUrl\":\"https:\/\/merkim.com.tr\/merkim-maket\/wp-content\/uploads\/2025\/07\/susie-simon-s101-yenidogan-cpr-simulatoru.png\",\"datePublished\":\"2025-07-01T17:07:36+00:00\",\"dateModified\":\"2025-07-10T12:10:27+00:00\",\"description\":\"Susie Simon\u00ae S101 Yenido\u011fan CPR Hasta Sim\u00fclat\u00f6r\u00fc ile CPR ve hava yolu y\u00f6netimi becerilerinizi geli\u015ftirin. Ger\u00e7ek\u00e7i g\u00f6\u011f\u00fcs hareketi ve hijyenik hava yollar\u0131 ile t\u0131p e\u011fitimi i\u00e7in ideal. \u015eimdi ke\u015ffedin!\",\"breadcrumb\":{\"@id\":\"https:\/\/merkim.com.tr\/merkim-maket\/urun\/susie-simon-s101-yenidogan-cpr-hasta-simulatoru\/#breadcrumb\"},\"inLanguage\":\"tr\",\"potentialAction\":[{\"@type\":\"ReadAction\",\"target\":[\"https:\/\/merkim.com.tr\/merkim-maket\/urun\/susie-simon-s101-yenidogan-cpr-hasta-simulatoru\/\"]}]},{\"@type\":\"ImageObject\",\"inLanguage\":\"tr\",\"@id\":\"https:\/\/merkim.com.tr\/merkim-maket\/urun\/susie-simon-s101-yenidogan-cpr-hasta-simulatoru\/#primaryimage\",\"url\":\"https:\/\/merkim.com.tr\/merkim-maket\/wp-content\/uploads\/2025\/07\/susie-simon-s101-yenidogan-cpr-simulatoru.png\",\"contentUrl\":\"https:\/\/merkim.com.tr\/merkim-maket\/wp-content\/uploads\/2025\/07\/susie-simon-s101-yenidogan-cpr-simulatoru.png\",\"width\":925,\"height\":502,\"caption\":\"Yenido\u011fan CPR ve ventilasyon e\u011fitimi i\u00e7in profesyonel sim\u00fclat\u00f6r\"},{\"@type\":\"BreadcrumbList\",\"@id\":\"https:\/\/merkim.com.tr\/merkim-maket\/urun\/susie-simon-s101-yenidogan-cpr-hasta-simulatoru\/#breadcrumb\",\"itemListElement\":[{\"@type\":\"ListItem\",\"position\":1,\"name\":\"Anasayfa\",\"item\":\"https:\/\/merkim.com.tr\/merkim-maket\/\"},{\"@type\":\"ListItem\",\"position\":2,\"name\":\"Ma\u011faza\",\"item\":\"https:\/\/merkim.com.tr\/merkim-maket\/magaza\/\"},{\"@type\":\"ListItem\",\"position\":3,\"name\":\"Susie Simon\u00ae S101 &#8211; Yenido\u011fan CPR Hasta Sim\u00fclat\u00f6r\u00fc\"}]},{\"@type\":\"WebSite\",\"@id\":\"https:\/\/merkim.com.tr\/merkim-maket\/#website\",\"url\":\"https:\/\/merkim.com.tr\/merkim-maket\/\",\"name\":\"Merkim Maket\",\"description\":\"\",\"potentialAction\":[{\"@type\":\"SearchAction\",\"target\":{\"@type\":\"EntryPoint\",\"urlTemplate\":\"https:\/\/merkim.com.tr\/merkim-maket\/?s={search_term_string}\"},\"query-input\":{\"@type\":\"PropertyValueSpecification\",\"valueRequired\":true,\"valueName\":\"search_term_string\"}}],\"inLanguage\":\"tr\"}]}<\/script>\n<!-- \/ Yoast SEO plugin. -->","yoast_head_json":{"title":"Susie Simon\u00ae S101 - Yenido\u011fan CPR Hasta Sim\u00fclat\u00f6r\u00fc - Merkim Maket","description":"Susie Simon\u00ae S101 Yenido\u011fan CPR Hasta Sim\u00fclat\u00f6r\u00fc ile CPR ve hava yolu y\u00f6netimi becerilerinizi geli\u015ftirin. Ger\u00e7ek\u00e7i g\u00f6\u011f\u00fcs hareketi ve hijyenik hava yollar\u0131 ile t\u0131p e\u011fitimi i\u00e7in ideal. \u015eimdi ke\u015ffedin!","robots":{"index":"index","follow":"follow","max-snippet":"max-snippet:-1","max-image-preview":"max-image-preview:large","max-video-preview":"max-video-preview:-1"},"canonical":"https:\/\/merkim.com.tr\/merkim-maket\/urun\/susie-simon-s101-yenidogan-cpr-hasta-simulatoru\/","og_locale":"tr_TR","og_type":"article","og_title":"Susie Simon\u00ae S101 - Yenido\u011fan CPR Hasta Sim\u00fclat\u00f6r\u00fc - Merkim Maket","og_description":"Susie Simon\u00ae S101 Yenido\u011fan CPR Hasta Sim\u00fclat\u00f6r\u00fc ile CPR ve hava yolu y\u00f6netimi becerilerinizi geli\u015ftirin. Ger\u00e7ek\u00e7i g\u00f6\u011f\u00fcs hareketi ve hijyenik hava yollar\u0131 ile t\u0131p e\u011fitimi i\u00e7in ideal. \u015eimdi ke\u015ffedin!","og_url":"https:\/\/merkim.com.tr\/merkim-maket\/urun\/susie-simon-s101-yenidogan-cpr-hasta-simulatoru\/","og_site_name":"Merkim Maket","article_modified_time":"2025-07-10T12:10:27+00:00","og_image":[{"width":925,"height":502,"url":"https:\/\/merkim.com.tr\/merkim-maket\/wp-content\/uploads\/2025\/07\/susie-simon-s101-yenidogan-cpr-simulatoru.png","type":"image\/png"}],"twitter_card":"summary_large_image","twitter_misc":{"Tahmini okuma s\u00fcresi":"2 dakika"},"schema":{"@context":"https:\/\/schema.org","@graph":[{"@type":"WebPage","@id":"https:\/\/merkim.com.tr\/merkim-maket\/urun\/susie-simon-s101-yenidogan-cpr-hasta-simulatoru\/","url":"https:\/\/merkim.com.tr\/merkim-maket\/urun\/susie-simon-s101-yenidogan-cpr-hasta-simulatoru\/","name":"Susie Simon\u00ae S101 - Yenido\u011fan CPR Hasta Sim\u00fclat\u00f6r\u00fc - Merkim Maket","isPartOf":{"@id":"https:\/\/merkim.com.tr\/merkim-maket\/#website"},"primaryImageOfPage":{"@id":"https:\/\/merkim.com.tr\/merkim-maket\/urun\/susie-simon-s101-yenidogan-cpr-hasta-simulatoru\/#primaryimage"},"image":{"@id":"https:\/\/merkim.com.tr\/merkim-maket\/urun\/susie-simon-s101-yenidogan-cpr-hasta-simulatoru\/#primaryimage"},"thumbnailUrl":"https:\/\/merkim.com.tr\/merkim-maket\/wp-content\/uploads\/2025\/07\/susie-simon-s101-yenidogan-cpr-simulatoru.png","datePublished":"2025-07-01T17:07:36+00:00","dateModified":"2025-07-10T12:10:27+00:00","description":"Susie Simon\u00ae S101 Yenido\u011fan CPR Hasta Sim\u00fclat\u00f6r\u00fc ile CPR ve hava yolu y\u00f6netimi becerilerinizi geli\u015ftirin. Ger\u00e7ek\u00e7i g\u00f6\u011f\u00fcs hareketi ve hijyenik hava yollar\u0131 ile t\u0131p e\u011fitimi i\u00e7in ideal. \u015eimdi ke\u015ffedin!","breadcrumb":{"@id":"https:\/\/merkim.com.tr\/merkim-maket\/urun\/susie-simon-s101-yenidogan-cpr-hasta-simulatoru\/#breadcrumb"},"inLanguage":"tr","potentialAction":[{"@type":"ReadAction","target":["https:\/\/merkim.com.tr\/merkim-maket\/urun\/susie-simon-s101-yenidogan-cpr-hasta-simulatoru\/"]}]},{"@type":"ImageObject","inLanguage":"tr","@id":"https:\/\/merkim.com.tr\/merkim-maket\/urun\/susie-simon-s101-yenidogan-cpr-hasta-simulatoru\/#primaryimage","url":"https:\/\/merkim.com.tr\/merkim-maket\/wp-content\/uploads\/2025\/07\/susie-simon-s101-yenidogan-cpr-simulatoru.png","contentUrl":"https:\/\/merkim.com.tr\/merkim-maket\/wp-content\/uploads\/2025\/07\/susie-simon-s101-yenidogan-cpr-simulatoru.png","width":925,"height":502,"caption":"Yenido\u011fan CPR ve ventilasyon e\u011fitimi i\u00e7in profesyonel sim\u00fclat\u00f6r"},{"@type":"BreadcrumbList","@id":"https:\/\/merkim.com.tr\/merkim-maket\/urun\/susie-simon-s101-yenidogan-cpr-hasta-simulatoru\/#breadcrumb","itemListElement":[{"@type":"ListItem","position":1,"name":"Anasayfa","item":"https:\/\/merkim.com.tr\/merkim-maket\/"},{"@type":"ListItem","position":2,"name":"Ma\u011faza","item":"https:\/\/merkim.com.tr\/merkim-maket\/magaza\/"},{"@type":"ListItem","position":3,"name":"Susie Simon\u00ae S101 &#8211; Yenido\u011fan CPR Hasta Sim\u00fclat\u00f6r\u00fc"}]},{"@type":"WebSite","@id":"https:\/\/merkim.com.tr\/merkim-maket\/#website","url":"https:\/\/merkim.com.tr\/merkim-maket\/","name":"Merkim Maket","description":"","potentialAction":[{"@type":"SearchAction","target":{"@type":"EntryPoint","urlTemplate":"https:\/\/merkim.com.tr\/merkim-maket\/?s={search_term_string}"},"query-input":{"@type":"PropertyValueSpecification","valueRequired":true,"valueName":"search_term_string"}}],"inLanguage":"tr"}]}},"_links":{"self":[{"href":"https:\/\/merkim.com.tr\/merkim-maket\/wp-json\/wp\/v2\/product\/348","targetHints":{"allow":["GET"]}}],"collection":[{"href":"https:\/\/merkim.com.tr\/merkim-maket\/wp-json\/wp\/v2\/product"}],"about":[{"href":"https:\/\/merkim.com.tr\/merkim-maket\/wp-json\/wp\/v2\/types\/product"}],"replies":[{"embeddable":true,"href":"https:\/\/merkim.com.tr\/merkim-maket\/wp-json\/wp\/v2\/comments?post=348"}],"wp:featuredmedia":[{"embeddable":true,"href":"https:\/\/merkim.com.tr\/merkim-maket\/wp-json\/wp\/v2\/media\/349"}],"wp:attachment":[{"href":"https:\/\/merkim.com.tr\/merkim-maket\/wp-json\/wp\/v2\/media?parent=348"}],"wp:term":[{"taxonomy":"product_brand","embeddable":true,"href":"https:\/\/merkim.com.tr\/merkim-maket\/wp-json\/wp\/v2\/product_brand?post=348"},{"taxonomy":"product_cat","embeddable":true,"href":"https:\/\/merkim.com.tr\/merkim-maket\/wp-json\/wp\/v2\/product_cat?post=348"},{"taxonomy":"product_tag","embeddable":true,"href":"https:\/\/merkim.com.tr\/merkim-maket\/wp-json\/wp\/v2\/product_tag?post=348"}],"curies":[{"name":"wp","href":"https:\/\/api.w.org\/{rel}","templated":true}]}}