{"id":344,"date":"2025-06-30T20:23:42","date_gmt":"2025-06-30T20:23:42","guid":{"rendered":"https:\/\/merkim.com.tr\/merkim-maket\/?post_type=product&#038;p=344"},"modified":"2025-06-30T20:23:43","modified_gmt":"2025-06-30T20:23:43","slug":"avulsion-bleeding-wound-gelismis-travma-kanamali-yara-modeli","status":"publish","type":"product","link":"https:\/\/merkim.com.tr\/merkim-maket\/urun\/avulsion-bleeding-wound-gelismis-travma-kanamali-yara-modeli\/","title":{"rendered":"Avulsion Bleeding Wound \u2013 Geli\u015fmi\u015f Travma Kanamal\u0131 Yara Modeli"},"content":{"rendered":"<p data-start=\"345\" data-end=\"611\"><strong data-start=\"345\" data-end=\"372\">Avulsion Bleeding Wound<\/strong>, 26 x 15 cm boyutlar\u0131nda, ger\u00e7ek\u00e7i ve tekrar kullan\u0131labilir geli\u015fmi\u015f travma e\u011fitim modelidir. Yumu\u015fak ve esnek silikon malzemeden \u00fcretilmi\u015f olup, insan cildinin dokusunu birebir taklit ederek pratik e\u011fitimlerde y\u00fcksek ger\u00e7ek\u00e7ilik sunar.<\/p>\n<p data-start=\"613\" data-end=\"925\">Modelde bulunan <strong data-start=\"629\" data-end=\"672\">avulsiyon (y\u0131rt\u0131lma) tipi kanamal\u0131 yara<\/strong> sim\u00fclasyonu, entegre kanama sistemi sayesinde kontroll\u00fc kan ak\u0131\u015f\u0131 ile acil m\u00fcdahale ve hemoraji kontrol\u00fc e\u011fitimlerinde maksimum etki sa\u011flar. Bu sayede sa\u011fl\u0131k profesyonelleri ve acil m\u00fcdahale ekipleri i\u00e7in ger\u00e7ek\u00e7i ve etkili bir uygulama ortam\u0131 yarat\u0131r.<\/p>\n<hr data-start=\"927\" data-end=\"930\" \/>\n<p data-start=\"932\" data-end=\"977\"><strong data-start=\"932\" data-end=\"975\">\u00d6ne \u00c7\u0131kan Teknik ve E\u011fitim \u00d6zellikleri:<\/strong><\/p>\n<p data-start=\"979\" data-end=\"1025\">\ud83e\ude78 <strong data-start=\"982\" data-end=\"1023\">Ger\u00e7ek\u00e7i Travma ve Kanama Sim\u00fclasyonu<\/strong><\/p>\n<ul data-start=\"1026\" data-end=\"1188\">\n<li data-start=\"1026\" data-end=\"1118\">\n<p data-start=\"1028\" data-end=\"1118\">Avulsiyon yaras\u0131 detaylar\u0131 ile ger\u00e7ek hayattaki travmatik yaralanmalar\u0131 birebir yans\u0131t\u0131r<\/p>\n<\/li>\n<li data-start=\"1119\" data-end=\"1188\">\n<p data-start=\"1121\" data-end=\"1188\">Entegre kanama sistemi ile kontroll\u00fc, ger\u00e7ek\u00e7i kan ak\u0131\u015f\u0131 sa\u011flan\u0131r<\/p>\n<\/li>\n<\/ul>\n<p data-start=\"1190\" data-end=\"1231\">\ud83e\udd32 <strong data-start=\"1193\" data-end=\"1229\">Yumu\u015fak ve Esnek Silikon Malzeme<\/strong><\/p>\n<ul data-start=\"1232\" data-end=\"1352\">\n<li data-start=\"1232\" data-end=\"1269\">\n<p data-start=\"1234\" data-end=\"1269\">\u0130nsan cildine benzer dokusal yap\u0131<\/p>\n<\/li>\n<li data-start=\"1270\" data-end=\"1352\">\n<p data-start=\"1272\" data-end=\"1352\">Dokunarak yara de\u011ferlendirme, pansuman ve kan durdurma uygulamalar\u0131na uygundur<\/p>\n<\/li>\n<\/ul>\n<p data-start=\"1354\" data-end=\"1391\">\ud83d\udc68\u200d\u2695\ufe0f <strong data-start=\"1360\" data-end=\"1389\">\u00c7ok Y\u00f6nl\u00fc Kullan\u0131m \u0130mkan\u0131<\/strong><\/p>\n<ul data-start=\"1392\" data-end=\"1498\">\n<li data-start=\"1392\" data-end=\"1454\">\n<p data-start=\"1394\" data-end=\"1454\">Sim\u00fcle edilmi\u015f hasta modelleri ve mankenlere uygulanabilir<\/p>\n<\/li>\n<li data-start=\"1455\" data-end=\"1498\">\n<p data-start=\"1457\" data-end=\"1498\">Farkl\u0131 e\u011fitim senaryolar\u0131na uyum sa\u011flar<\/p>\n<\/li>\n<\/ul>\n<p data-start=\"1500\" data-end=\"1546\">\ud83d\udd27 <strong data-start=\"1503\" data-end=\"1544\">Dayan\u0131kl\u0131 ve Tekrarlanabilir Kullan\u0131m<\/strong><\/p>\n<ul data-start=\"1547\" data-end=\"1646\">\n<li data-start=\"1547\" data-end=\"1605\">\n<p data-start=\"1549\" data-end=\"1605\">Y\u00fcksek kaliteli malzemelerle uzun \u00f6m\u00fcrl\u00fc e\u011fitim imk\u00e2n\u0131<\/p>\n<\/li>\n<li data-start=\"1606\" data-end=\"1646\">\n<p data-start=\"1608\" data-end=\"1646\">Kolay temizlenir ve bak\u0131m gerektirir<\/p>\n<\/li>\n<\/ul>\n<p data-start=\"1648\" data-end=\"1698\">\ud83d\udd17 <strong data-start=\"1651\" data-end=\"1696\">Geli\u015fmi\u015f Yap\u0131\u015fma i\u00e7in SIMGLUE-X Tavsiyesi<\/strong><\/p>\n<ul data-start=\"1699\" data-end=\"1807\">\n<li data-start=\"1699\" data-end=\"1807\">\n<p data-start=\"1701\" data-end=\"1807\">Modelin sim\u00fcle hastaya ya da mankene daha sa\u011flam tutunmas\u0131 i\u00e7in SIMGLUE-X yap\u0131\u015ft\u0131r\u0131c\u0131 kullan\u0131m\u0131 \u00f6nerilir<\/p>\n<\/li>\n<\/ul>\n<hr data-start=\"1809\" data-end=\"1812\" \/>\n<p data-start=\"1814\" data-end=\"2078\"><strong data-start=\"1814\" data-end=\"1841\">Avulsion Bleeding Wound<\/strong> modeli, acil durumlarda kanaman\u0131n h\u0131zl\u0131 ve etkili kontrol\u00fc i\u00e7in sa\u011fl\u0131k \u00e7al\u0131\u015fanlar\u0131n\u0131 ve ilk yard\u0131m ekiplerini profesyonel olarak haz\u0131rlar. Hem ger\u00e7ek\u00e7i yap\u0131s\u0131 hem de kullan\u0131\u015fl\u0131l\u0131\u011f\u0131yla sim\u00fclasyon e\u011fitimlerinde \u00fcst d\u00fczey performans sunar.<\/p>\n","protected":false},"excerpt":{"rendered":"<p>Avulsion tipi kanamal\u0131, 26&#215;15 cm boyutlar\u0131nda ger\u00e7ek\u00e7i, yumu\u015fak silikon travma yaras\u0131 modeli. Entegre kanama sistemi ile acil durum e\u011fitimlerinde etkin kullan\u0131m sa\u011flar.<\/p>\n","protected":false},"featured_media":345,"comment_status":"open","ping_status":"closed","template":"","meta":[],"product_brand":[950],"product_cat":[15,949],"product_tag":[1096,1091,1083,1095,1092,1099,1094,1098,1093,1097,796,1100],"class_list":{"0":"post-344","1":"product","2":"type-product","3":"status-publish","4":"has-post-thumbnail","6":"product_brand-medical-x","7":"product_cat-genel","8":"product_cat-medical-x","9":"product_tag-acil-mudahale-simulasyonu","10":"product_tag-avulsiyon-yarasi","11":"product_tag-hemoraji-egitimi","12":"product_tag-kanama-kontrol-egitimi","13":"product_tag-kanamali-yara-modeli","14":"product_tag-manken-yara-modeli","15":"product_tag-silikon-yara-simulatoru","16":"product_tag-simulasyon-egitimi-ekipmani","17":"product_tag-travma-egitim-seti","18":"product_tag-travma-simulasyonu","19":"product_tag-yara-bakimi-egitimi","20":"product_tag-yeniden-kullanilabilir-travma-modeli","22":"first","23":"instock","24":"shipping-taxable","25":"product-type-simple"},"yoast_head":"<!-- This site is optimized with the Yoast SEO plugin v25.2 - https:\/\/yoast.com\/wordpress\/plugins\/seo\/ -->\n<title>Avulsion Bleeding Wound \u2013 Geli\u015fmi\u015f Travma Kanamal\u0131 Yara Modeli - Merkim Maket<\/title>\n<meta name=\"description\" content=\"Avulsion Bleeding Wound, entegre kanama sistemi ve ger\u00e7ek\u00e7i silikon yap\u0131s\u0131yla geli\u015fmi\u015f travma e\u011fitimi i\u00e7in ideal y\u0131rt\u0131lma yaras\u0131 modelidir. Acil m\u00fcdahale ve hemoraji kontrol\u00fc e\u011fitimlerinde \u00fcst\u00fcn performans sa\u011flar.\" \/>\n<meta name=\"robots\" content=\"index, follow, max-snippet:-1, max-image-preview:large, max-video-preview:-1\" \/>\n<link rel=\"canonical\" href=\"https:\/\/merkim.com.tr\/merkim-maket\/urun\/avulsion-bleeding-wound-gelismis-travma-kanamali-yara-modeli\/\" \/>\n<meta property=\"og:locale\" content=\"tr_TR\" \/>\n<meta property=\"og:type\" content=\"article\" \/>\n<meta property=\"og:title\" content=\"Avulsion Bleeding Wound \u2013 Geli\u015fmi\u015f Travma Kanamal\u0131 Yara Modeli - Merkim Maket\" \/>\n<meta property=\"og:description\" content=\"Avulsion Bleeding Wound, entegre kanama sistemi ve ger\u00e7ek\u00e7i silikon yap\u0131s\u0131yla geli\u015fmi\u015f travma e\u011fitimi i\u00e7in ideal y\u0131rt\u0131lma yaras\u0131 modelidir. Acil m\u00fcdahale ve hemoraji kontrol\u00fc e\u011fitimlerinde \u00fcst\u00fcn performans sa\u011flar.\" \/>\n<meta property=\"og:url\" content=\"https:\/\/merkim.com.tr\/merkim-maket\/urun\/avulsion-bleeding-wound-gelismis-travma-kanamali-yara-modeli\/\" \/>\n<meta property=\"og:site_name\" content=\"Merkim Maket\" \/>\n<meta property=\"article:modified_time\" content=\"2025-06-30T20:23:43+00:00\" \/>\n<meta property=\"og:image\" content=\"https:\/\/merkim.com.tr\/merkim-maket\/wp-content\/uploads\/2025\/06\/avulsion-bleeding-wound-travma-modeli-simgluex.png\" \/>\n\t<meta property=\"og:image:width\" content=\"800\" \/>\n\t<meta property=\"og:image:height\" content=\"481\" \/>\n\t<meta property=\"og:image:type\" content=\"image\/png\" \/>\n<meta name=\"twitter:card\" content=\"summary_large_image\" \/>\n<meta name=\"twitter:label1\" content=\"Tahmini okuma s\u00fcresi\" \/>\n\t<meta name=\"twitter:data1\" content=\"2 dakika\" \/>\n<script type=\"application\/ld+json\" class=\"yoast-schema-graph\">{\"@context\":\"https:\/\/schema.org\",\"@graph\":[{\"@type\":\"WebPage\",\"@id\":\"https:\/\/merkim.com.tr\/merkim-maket\/urun\/avulsion-bleeding-wound-gelismis-travma-kanamali-yara-modeli\/\",\"url\":\"https:\/\/merkim.com.tr\/merkim-maket\/urun\/avulsion-bleeding-wound-gelismis-travma-kanamali-yara-modeli\/\",\"name\":\"Avulsion Bleeding Wound \u2013 Geli\u015fmi\u015f Travma Kanamal\u0131 Yara Modeli - Merkim Maket\",\"isPartOf\":{\"@id\":\"https:\/\/merkim.com.tr\/merkim-maket\/#website\"},\"primaryImageOfPage\":{\"@id\":\"https:\/\/merkim.com.tr\/merkim-maket\/urun\/avulsion-bleeding-wound-gelismis-travma-kanamali-yara-modeli\/#primaryimage\"},\"image\":{\"@id\":\"https:\/\/merkim.com.tr\/merkim-maket\/urun\/avulsion-bleeding-wound-gelismis-travma-kanamali-yara-modeli\/#primaryimage\"},\"thumbnailUrl\":\"https:\/\/merkim.com.tr\/merkim-maket\/wp-content\/uploads\/2025\/06\/avulsion-bleeding-wound-travma-modeli-simgluex.png\",\"datePublished\":\"2025-06-30T20:23:42+00:00\",\"dateModified\":\"2025-06-30T20:23:43+00:00\",\"description\":\"Avulsion Bleeding Wound, entegre kanama sistemi ve ger\u00e7ek\u00e7i silikon yap\u0131s\u0131yla geli\u015fmi\u015f travma e\u011fitimi i\u00e7in ideal y\u0131rt\u0131lma yaras\u0131 modelidir. Acil m\u00fcdahale ve hemoraji kontrol\u00fc e\u011fitimlerinde \u00fcst\u00fcn performans sa\u011flar.\",\"breadcrumb\":{\"@id\":\"https:\/\/merkim.com.tr\/merkim-maket\/urun\/avulsion-bleeding-wound-gelismis-travma-kanamali-yara-modeli\/#breadcrumb\"},\"inLanguage\":\"tr\",\"potentialAction\":[{\"@type\":\"ReadAction\",\"target\":[\"https:\/\/merkim.com.tr\/merkim-maket\/urun\/avulsion-bleeding-wound-gelismis-travma-kanamali-yara-modeli\/\"]}]},{\"@type\":\"ImageObject\",\"inLanguage\":\"tr\",\"@id\":\"https:\/\/merkim.com.tr\/merkim-maket\/urun\/avulsion-bleeding-wound-gelismis-travma-kanamali-yara-modeli\/#primaryimage\",\"url\":\"https:\/\/merkim.com.tr\/merkim-maket\/wp-content\/uploads\/2025\/06\/avulsion-bleeding-wound-travma-modeli-simgluex.png\",\"contentUrl\":\"https:\/\/merkim.com.tr\/merkim-maket\/wp-content\/uploads\/2025\/06\/avulsion-bleeding-wound-travma-modeli-simgluex.png\",\"width\":800,\"height\":481,\"caption\":\"Ger\u00e7ek\u00e7i kanama sim\u00fclasyonu sa\u011flayan silikon yara modeli\"},{\"@type\":\"BreadcrumbList\",\"@id\":\"https:\/\/merkim.com.tr\/merkim-maket\/urun\/avulsion-bleeding-wound-gelismis-travma-kanamali-yara-modeli\/#breadcrumb\",\"itemListElement\":[{\"@type\":\"ListItem\",\"position\":1,\"name\":\"Anasayfa\",\"item\":\"https:\/\/merkim.com.tr\/merkim-maket\/\"},{\"@type\":\"ListItem\",\"position\":2,\"name\":\"Ma\u011faza\",\"item\":\"https:\/\/merkim.com.tr\/merkim-maket\/magaza\/\"},{\"@type\":\"ListItem\",\"position\":3,\"name\":\"Avulsion Bleeding Wound \u2013 Geli\u015fmi\u015f Travma Kanamal\u0131 Yara Modeli\"}]},{\"@type\":\"WebSite\",\"@id\":\"https:\/\/merkim.com.tr\/merkim-maket\/#website\",\"url\":\"https:\/\/merkim.com.tr\/merkim-maket\/\",\"name\":\"Merkim Maket\",\"description\":\"\",\"potentialAction\":[{\"@type\":\"SearchAction\",\"target\":{\"@type\":\"EntryPoint\",\"urlTemplate\":\"https:\/\/merkim.com.tr\/merkim-maket\/?s={search_term_string}\"},\"query-input\":{\"@type\":\"PropertyValueSpecification\",\"valueRequired\":true,\"valueName\":\"search_term_string\"}}],\"inLanguage\":\"tr\"}]}<\/script>\n<!-- \/ Yoast SEO plugin. -->","yoast_head_json":{"title":"Avulsion Bleeding Wound \u2013 Geli\u015fmi\u015f Travma Kanamal\u0131 Yara Modeli - Merkim Maket","description":"Avulsion Bleeding Wound, entegre kanama sistemi ve ger\u00e7ek\u00e7i silikon yap\u0131s\u0131yla geli\u015fmi\u015f travma e\u011fitimi i\u00e7in ideal y\u0131rt\u0131lma yaras\u0131 modelidir. Acil m\u00fcdahale ve hemoraji kontrol\u00fc e\u011fitimlerinde \u00fcst\u00fcn performans sa\u011flar.","robots":{"index":"index","follow":"follow","max-snippet":"max-snippet:-1","max-image-preview":"max-image-preview:large","max-video-preview":"max-video-preview:-1"},"canonical":"https:\/\/merkim.com.tr\/merkim-maket\/urun\/avulsion-bleeding-wound-gelismis-travma-kanamali-yara-modeli\/","og_locale":"tr_TR","og_type":"article","og_title":"Avulsion Bleeding Wound \u2013 Geli\u015fmi\u015f Travma Kanamal\u0131 Yara Modeli - Merkim Maket","og_description":"Avulsion Bleeding Wound, entegre kanama sistemi ve ger\u00e7ek\u00e7i silikon yap\u0131s\u0131yla geli\u015fmi\u015f travma e\u011fitimi i\u00e7in ideal y\u0131rt\u0131lma yaras\u0131 modelidir. Acil m\u00fcdahale ve hemoraji kontrol\u00fc e\u011fitimlerinde \u00fcst\u00fcn performans sa\u011flar.","og_url":"https:\/\/merkim.com.tr\/merkim-maket\/urun\/avulsion-bleeding-wound-gelismis-travma-kanamali-yara-modeli\/","og_site_name":"Merkim Maket","article_modified_time":"2025-06-30T20:23:43+00:00","og_image":[{"width":800,"height":481,"url":"https:\/\/merkim.com.tr\/merkim-maket\/wp-content\/uploads\/2025\/06\/avulsion-bleeding-wound-travma-modeli-simgluex.png","type":"image\/png"}],"twitter_card":"summary_large_image","twitter_misc":{"Tahmini okuma s\u00fcresi":"2 dakika"},"schema":{"@context":"https:\/\/schema.org","@graph":[{"@type":"WebPage","@id":"https:\/\/merkim.com.tr\/merkim-maket\/urun\/avulsion-bleeding-wound-gelismis-travma-kanamali-yara-modeli\/","url":"https:\/\/merkim.com.tr\/merkim-maket\/urun\/avulsion-bleeding-wound-gelismis-travma-kanamali-yara-modeli\/","name":"Avulsion Bleeding Wound \u2013 Geli\u015fmi\u015f Travma Kanamal\u0131 Yara Modeli - Merkim Maket","isPartOf":{"@id":"https:\/\/merkim.com.tr\/merkim-maket\/#website"},"primaryImageOfPage":{"@id":"https:\/\/merkim.com.tr\/merkim-maket\/urun\/avulsion-bleeding-wound-gelismis-travma-kanamali-yara-modeli\/#primaryimage"},"image":{"@id":"https:\/\/merkim.com.tr\/merkim-maket\/urun\/avulsion-bleeding-wound-gelismis-travma-kanamali-yara-modeli\/#primaryimage"},"thumbnailUrl":"https:\/\/merkim.com.tr\/merkim-maket\/wp-content\/uploads\/2025\/06\/avulsion-bleeding-wound-travma-modeli-simgluex.png","datePublished":"2025-06-30T20:23:42+00:00","dateModified":"2025-06-30T20:23:43+00:00","description":"Avulsion Bleeding Wound, entegre kanama sistemi ve ger\u00e7ek\u00e7i silikon yap\u0131s\u0131yla geli\u015fmi\u015f travma e\u011fitimi i\u00e7in ideal y\u0131rt\u0131lma yaras\u0131 modelidir. Acil m\u00fcdahale ve hemoraji kontrol\u00fc e\u011fitimlerinde \u00fcst\u00fcn performans sa\u011flar.","breadcrumb":{"@id":"https:\/\/merkim.com.tr\/merkim-maket\/urun\/avulsion-bleeding-wound-gelismis-travma-kanamali-yara-modeli\/#breadcrumb"},"inLanguage":"tr","potentialAction":[{"@type":"ReadAction","target":["https:\/\/merkim.com.tr\/merkim-maket\/urun\/avulsion-bleeding-wound-gelismis-travma-kanamali-yara-modeli\/"]}]},{"@type":"ImageObject","inLanguage":"tr","@id":"https:\/\/merkim.com.tr\/merkim-maket\/urun\/avulsion-bleeding-wound-gelismis-travma-kanamali-yara-modeli\/#primaryimage","url":"https:\/\/merkim.com.tr\/merkim-maket\/wp-content\/uploads\/2025\/06\/avulsion-bleeding-wound-travma-modeli-simgluex.png","contentUrl":"https:\/\/merkim.com.tr\/merkim-maket\/wp-content\/uploads\/2025\/06\/avulsion-bleeding-wound-travma-modeli-simgluex.png","width":800,"height":481,"caption":"Ger\u00e7ek\u00e7i kanama sim\u00fclasyonu sa\u011flayan silikon yara modeli"},{"@type":"BreadcrumbList","@id":"https:\/\/merkim.com.tr\/merkim-maket\/urun\/avulsion-bleeding-wound-gelismis-travma-kanamali-yara-modeli\/#breadcrumb","itemListElement":[{"@type":"ListItem","position":1,"name":"Anasayfa","item":"https:\/\/merkim.com.tr\/merkim-maket\/"},{"@type":"ListItem","position":2,"name":"Ma\u011faza","item":"https:\/\/merkim.com.tr\/merkim-maket\/magaza\/"},{"@type":"ListItem","position":3,"name":"Avulsion Bleeding Wound \u2013 Geli\u015fmi\u015f Travma Kanamal\u0131 Yara Modeli"}]},{"@type":"WebSite","@id":"https:\/\/merkim.com.tr\/merkim-maket\/#website","url":"https:\/\/merkim.com.tr\/merkim-maket\/","name":"Merkim Maket","description":"","potentialAction":[{"@type":"SearchAction","target":{"@type":"EntryPoint","urlTemplate":"https:\/\/merkim.com.tr\/merkim-maket\/?s={search_term_string}"},"query-input":{"@type":"PropertyValueSpecification","valueRequired":true,"valueName":"search_term_string"}}],"inLanguage":"tr"}]}},"_links":{"self":[{"href":"https:\/\/merkim.com.tr\/merkim-maket\/wp-json\/wp\/v2\/product\/344","targetHints":{"allow":["GET"]}}],"collection":[{"href":"https:\/\/merkim.com.tr\/merkim-maket\/wp-json\/wp\/v2\/product"}],"about":[{"href":"https:\/\/merkim.com.tr\/merkim-maket\/wp-json\/wp\/v2\/types\/product"}],"replies":[{"embeddable":true,"href":"https:\/\/merkim.com.tr\/merkim-maket\/wp-json\/wp\/v2\/comments?post=344"}],"wp:featuredmedia":[{"embeddable":true,"href":"https:\/\/merkim.com.tr\/merkim-maket\/wp-json\/wp\/v2\/media\/345"}],"wp:attachment":[{"href":"https:\/\/merkim.com.tr\/merkim-maket\/wp-json\/wp\/v2\/media?parent=344"}],"wp:term":[{"taxonomy":"product_brand","embeddable":true,"href":"https:\/\/merkim.com.tr\/merkim-maket\/wp-json\/wp\/v2\/product_brand?post=344"},{"taxonomy":"product_cat","embeddable":true,"href":"https:\/\/merkim.com.tr\/merkim-maket\/wp-json\/wp\/v2\/product_cat?post=344"},{"taxonomy":"product_tag","embeddable":true,"href":"https:\/\/merkim.com.tr\/merkim-maket\/wp-json\/wp\/v2\/product_tag?post=344"}],"curies":[{"name":"wp","href":"https:\/\/api.w.org\/{rel}","templated":true}]}}