{"id":340,"date":"2025-06-30T20:00:04","date_gmt":"2025-06-30T20:00:04","guid":{"rendered":"https:\/\/merkim.com.tr\/merkim-maket\/?post_type=product&#038;p=340"},"modified":"2025-06-30T20:00:05","modified_gmt":"2025-06-30T20:00:05","slug":"chest-overlay-with-gunshot-wound-giyilebilir-silahli-yaralanma-egitim-simulatoru","status":"publish","type":"product","link":"https:\/\/merkim.com.tr\/merkim-maket\/urun\/chest-overlay-with-gunshot-wound-giyilebilir-silahli-yaralanma-egitim-simulatoru\/","title":{"rendered":"Chest Overlay with Gunshot Wound \u2013 Giyilebilir Silahl\u0131 Yaralanma E\u011fitim Sim\u00fclat\u00f6r\u00fc"},"content":{"rendered":"<p data-start=\"342\" data-end=\"700\"><strong data-start=\"342\" data-end=\"378\">Chest Overlay with Gunshot Wound<\/strong>, g\u00f6\u011f\u00fcs ve kar\u0131n b\u00f6lgesinde ger\u00e7ek\u00e7i ate\u015fli silah yaralanmalar\u0131n\u0131 sim\u00fcle eden, giyilebilir ve entegre kanama sistemiyle donat\u0131lm\u0131\u015f bir travma e\u011fitimi modelidir. Sa\u011fl\u0131k profesyonelleri, ilk m\u00fcdahale ekipleri ve sava\u015f alan\u0131 sa\u011fl\u0131k personelleri i\u00e7in <strong data-start=\"625\" data-end=\"666\">kritik travma y\u00f6netimi senaryolar\u0131nda<\/strong> kullan\u0131lmak \u00fczere tasarlanm\u0131\u015ft\u0131r.<\/p>\n<p data-start=\"702\" data-end=\"957\">Model, <strong data-start=\"709\" data-end=\"766\">iki farkl\u0131 mermi giri\u015f noktas\u0131 (torakal ve abdominal)<\/strong> i\u00e7erir ve entegre <strong data-start=\"785\" data-end=\"814\">kanama sim\u00fclasyon sistemi<\/strong> ile kan ak\u0131\u015f\u0131 kontrol\u00fcn\u00fc ger\u00e7ek zamanl\u0131 e\u011fitimlerde m\u00fcmk\u00fcn k\u0131lar. Hem <strong data-start=\"885\" data-end=\"911\">standart hastalar (SP)<\/strong> hem de <strong data-start=\"919\" data-end=\"932\">mankenler<\/strong> \u00fczerinde kullan\u0131labilir.<\/p>\n<hr data-start=\"959\" data-end=\"962\" \/>\n<p data-start=\"964\" data-end=\"989\"><strong data-start=\"964\" data-end=\"989\">\u00d6ne \u00c7\u0131kan \u00d6zellikler:<\/strong><\/p>\n<p data-start=\"991\" data-end=\"1038\">\ud83d\udd2b <strong data-start=\"994\" data-end=\"1036\">Ger\u00e7ek\u00e7i Silahl\u0131 Yaralanma Sim\u00fclasyonu<\/strong><\/p>\n<ul data-start=\"1039\" data-end=\"1159\">\n<li data-start=\"1039\" data-end=\"1104\">\n<p data-start=\"1041\" data-end=\"1104\">G\u00f6\u011f\u00fcs ve kar\u0131n b\u00f6lgesinde detayl\u0131 iki adet mermi giri\u015f yaras\u0131<\/p>\n<\/li>\n<li data-start=\"1105\" data-end=\"1159\">\n<p data-start=\"1107\" data-end=\"1159\">Y\u00fcksek anatomik do\u011fruluk ve travmatik hasar g\u00f6r\u00fcn\u00fcm\u00fc<\/p>\n<\/li>\n<\/ul>\n<p data-start=\"1161\" data-end=\"1198\">\ud83e\ude78 <strong data-start=\"1164\" data-end=\"1196\">Entegre Aktif Kanama Sistemi<\/strong><\/p>\n<ul data-start=\"1199\" data-end=\"1334\">\n<li data-start=\"1199\" data-end=\"1257\">\n<p data-start=\"1201\" data-end=\"1257\">Kontrol edilebilir kan ak\u0131\u015f\u0131 sa\u011flayan hemoraji sistemi<\/p>\n<\/li>\n<li data-start=\"1258\" data-end=\"1334\">\n<p data-start=\"1260\" data-end=\"1334\">Yaraya m\u00fcdahale prati\u011fi, pansuman ve kan durdurma teknikleri i\u00e7in uygundur<\/p>\n<\/li>\n<\/ul>\n<p data-start=\"1336\" data-end=\"1376\">\ud83e\uddcd\u200d\u2642\ufe0f <strong data-start=\"1342\" data-end=\"1374\">Giyilebilir Konforlu Tasar\u0131m<\/strong><\/p>\n<ul data-start=\"1377\" data-end=\"1474\">\n<li data-start=\"1377\" data-end=\"1431\">\n<p data-start=\"1379\" data-end=\"1431\">Standart hasta veya manken \u00fczerine kolayca giyilir<\/p>\n<\/li>\n<li data-start=\"1432\" data-end=\"1474\">\n<p data-start=\"1434\" data-end=\"1474\">E\u011fitim s\u0131ras\u0131nda hareket \u00f6zg\u00fcrl\u00fc\u011f\u00fc sunar<\/p>\n<\/li>\n<\/ul>\n<p data-start=\"1476\" data-end=\"1510\">\ud83d\udd27 <strong data-start=\"1479\" data-end=\"1508\">Evrensel Sim\u00fclasyon Uyumu<\/strong><\/p>\n<ul data-start=\"1511\" data-end=\"1615\">\n<li data-start=\"1511\" data-end=\"1576\">\n<p data-start=\"1513\" data-end=\"1576\">\u00c7e\u015fitli kan pompas\u0131 ve travma sim\u00fclasyon sistemleriyle uyumlu<\/p>\n<\/li>\n<li data-start=\"1577\" data-end=\"1615\">\n<p data-start=\"1579\" data-end=\"1615\">E\u011fitim altyap\u0131s\u0131na h\u0131zl\u0131 entegrasyon<\/p>\n<\/li>\n<\/ul>\n<p data-start=\"1617\" data-end=\"1663\">\ud83d\udd90\ufe0f <strong data-start=\"1621\" data-end=\"1661\">Dokunsal Ger\u00e7eklik ve E\u011fitim Deste\u011fi<\/strong><\/p>\n<ul data-start=\"1664\" data-end=\"1791\">\n<li data-start=\"1664\" data-end=\"1708\">\n<p data-start=\"1666\" data-end=\"1708\">Ger\u00e7ek cilt dokusuna benzer silikon yap\u0131<\/p>\n<\/li>\n<li data-start=\"1709\" data-end=\"1791\">\n<p data-start=\"1711\" data-end=\"1791\">Elle muayene, tampon uygulamas\u0131, pansuman prati\u011fi gibi m\u00fcdahalelere olanak tan\u0131r<\/p>\n<\/li>\n<\/ul>\n<p data-start=\"1793\" data-end=\"1826\">\ud83c\udfe5 <strong data-start=\"1796\" data-end=\"1824\">Geni\u015f E\u011fitim Alan\u0131 Uyumu<\/strong><\/p>\n<ul data-start=\"1827\" data-end=\"1974\">\n<li data-start=\"1827\" data-end=\"1850\">\n<p data-start=\"1829\" data-end=\"1850\">Acil servis e\u011fitimi<\/p>\n<\/li>\n<li data-start=\"1851\" data-end=\"1890\">\n<p data-start=\"1853\" data-end=\"1890\">Paramedik ve ilk yard\u0131m programlar\u0131<\/p>\n<\/li>\n<li data-start=\"1891\" data-end=\"1926\">\n<p data-start=\"1893\" data-end=\"1926\">Askeri sa\u011fl\u0131k personeli e\u011fitimi<\/p>\n<\/li>\n<li data-start=\"1927\" data-end=\"1974\">\n<p data-start=\"1929\" data-end=\"1974\">T\u0131p fak\u00fclteleri ve sim\u00fclasyon laboratuvarlar\u0131<\/p>\n<\/li>\n<\/ul>\n<p data-start=\"1976\" data-end=\"2165\"><strong data-start=\"1976\" data-end=\"2012\">Chest Overlay with Gunshot Wound<\/strong>, ger\u00e7ek hayat\u0131n zorluklar\u0131na kar\u015f\u0131 sa\u011fl\u0131k profesyonellerini en iyi \u015fekilde haz\u0131rlamak i\u00e7in geli\u015ftirilen \u00fcst\u00fcn nitelikli bir travma sim\u00fclasyon \u00e7\u00f6z\u00fcm\u00fcd\u00fcr.<\/p>\n","protected":false},"excerpt":{"rendered":"<p>G\u00f6\u011f\u00fcs ve kar\u0131n b\u00f6lgesinde \u00e7ift mermi yaras\u0131 sim\u00fclasyonu sunan bu giyilebilir model, aktif kanama sistemiyle travma ve acil m\u00fcdahale e\u011fitimlerinde \u00fcst d\u00fczey ger\u00e7ek\u00e7ilik sa\u011flar.<\/p>\n","protected":false},"featured_media":341,"comment_status":"open","ping_status":"closed","template":"","meta":[],"product_brand":[950],"product_cat":[15,949],"product_tag":[206,1077,1080,1079,1078,1083,1076,1082,1075,698,953,1081],"class_list":{"0":"post-340","1":"product","2":"type-product","3":"status-publish","4":"has-post-thumbnail","6":"product_brand-medical-x","7":"product_cat-genel","8":"product_cat-medical-x","9":"product_tag-acil-mudahale-egitimi","10":"product_tag-aktif-kanama-modeli","11":"product_tag-combat-medic-simulasyonu","12":"product_tag-giyilebilir-egitim-modeli","13":"product_tag-gogus-ve-karin-yarasi","14":"product_tag-hemoraji-egitimi","15":"product_tag-mermi-yarasi-egitimi","16":"product_tag-paramedik-egitim","17":"product_tag-silahli-yaralanma-simulatoru","18":"product_tag-tip-egitimi-simulasyonlari","19":"product_tag-travma-egitimi","20":"product_tag-travmatik-kanama-simulasyonu","22":"first","23":"instock","24":"shipping-taxable","25":"product-type-simple"},"yoast_head":"<!-- This site is optimized with the Yoast SEO plugin v25.2 - https:\/\/yoast.com\/wordpress\/plugins\/seo\/ -->\n<title>Chest Overlay with Gunshot Wound \u2013 Giyilebilir Silahl\u0131 Yaralanma E\u011fitim Sim\u00fclat\u00f6r\u00fc - Merkim Maket<\/title>\n<meta name=\"description\" content=\"Chest Overlay with Gunshot Wound, g\u00f6\u011f\u00fcs ve kar\u0131n b\u00f6lgesinde ger\u00e7ek\u00e7i mermi yaras\u0131 sim\u00fclasyonu ve aktif kanama sistemi sunar. Acil m\u00fcdahale, sava\u015f cerrahisi ve paramedik e\u011fitimleri i\u00e7in ideal bir giyilebilir travma modelidir.\" \/>\n<meta name=\"robots\" content=\"index, follow, max-snippet:-1, max-image-preview:large, max-video-preview:-1\" \/>\n<link rel=\"canonical\" href=\"https:\/\/merkim.com.tr\/merkim-maket\/urun\/chest-overlay-with-gunshot-wound-giyilebilir-silahli-yaralanma-egitim-simulatoru\/\" \/>\n<meta property=\"og:locale\" content=\"tr_TR\" \/>\n<meta property=\"og:type\" content=\"article\" \/>\n<meta property=\"og:title\" content=\"Chest Overlay with Gunshot Wound \u2013 Giyilebilir Silahl\u0131 Yaralanma E\u011fitim Sim\u00fclat\u00f6r\u00fc - Merkim Maket\" \/>\n<meta property=\"og:description\" content=\"Chest Overlay with Gunshot Wound, g\u00f6\u011f\u00fcs ve kar\u0131n b\u00f6lgesinde ger\u00e7ek\u00e7i mermi yaras\u0131 sim\u00fclasyonu ve aktif kanama sistemi sunar. Acil m\u00fcdahale, sava\u015f cerrahisi ve paramedik e\u011fitimleri i\u00e7in ideal bir giyilebilir travma modelidir.\" \/>\n<meta property=\"og:url\" content=\"https:\/\/merkim.com.tr\/merkim-maket\/urun\/chest-overlay-with-gunshot-wound-giyilebilir-silahli-yaralanma-egitim-simulatoru\/\" \/>\n<meta property=\"og:site_name\" content=\"Merkim Maket\" \/>\n<meta property=\"article:modified_time\" content=\"2025-06-30T20:00:05+00:00\" \/>\n<meta property=\"og:image\" content=\"https:\/\/merkim.com.tr\/merkim-maket\/wp-content\/uploads\/2025\/06\/chest-overlay-gunshot-wound-travma-egitim-modeli.png\" \/>\n\t<meta property=\"og:image:width\" content=\"800\" \/>\n\t<meta property=\"og:image:height\" content=\"468\" \/>\n\t<meta property=\"og:image:type\" content=\"image\/png\" \/>\n<meta name=\"twitter:card\" content=\"summary_large_image\" \/>\n<meta name=\"twitter:label1\" content=\"Tahmini okuma s\u00fcresi\" \/>\n\t<meta name=\"twitter:data1\" content=\"2 dakika\" \/>\n<script type=\"application\/ld+json\" class=\"yoast-schema-graph\">{\"@context\":\"https:\/\/schema.org\",\"@graph\":[{\"@type\":\"WebPage\",\"@id\":\"https:\/\/merkim.com.tr\/merkim-maket\/urun\/chest-overlay-with-gunshot-wound-giyilebilir-silahli-yaralanma-egitim-simulatoru\/\",\"url\":\"https:\/\/merkim.com.tr\/merkim-maket\/urun\/chest-overlay-with-gunshot-wound-giyilebilir-silahli-yaralanma-egitim-simulatoru\/\",\"name\":\"Chest Overlay with Gunshot Wound \u2013 Giyilebilir Silahl\u0131 Yaralanma E\u011fitim Sim\u00fclat\u00f6r\u00fc - Merkim Maket\",\"isPartOf\":{\"@id\":\"https:\/\/merkim.com.tr\/merkim-maket\/#website\"},\"primaryImageOfPage\":{\"@id\":\"https:\/\/merkim.com.tr\/merkim-maket\/urun\/chest-overlay-with-gunshot-wound-giyilebilir-silahli-yaralanma-egitim-simulatoru\/#primaryimage\"},\"image\":{\"@id\":\"https:\/\/merkim.com.tr\/merkim-maket\/urun\/chest-overlay-with-gunshot-wound-giyilebilir-silahli-yaralanma-egitim-simulatoru\/#primaryimage\"},\"thumbnailUrl\":\"https:\/\/merkim.com.tr\/merkim-maket\/wp-content\/uploads\/2025\/06\/chest-overlay-gunshot-wound-travma-egitim-modeli.png\",\"datePublished\":\"2025-06-30T20:00:04+00:00\",\"dateModified\":\"2025-06-30T20:00:05+00:00\",\"description\":\"Chest Overlay with Gunshot Wound, g\u00f6\u011f\u00fcs ve kar\u0131n b\u00f6lgesinde ger\u00e7ek\u00e7i mermi yaras\u0131 sim\u00fclasyonu ve aktif kanama sistemi sunar. Acil m\u00fcdahale, sava\u015f cerrahisi ve paramedik e\u011fitimleri i\u00e7in ideal bir giyilebilir travma modelidir.\",\"breadcrumb\":{\"@id\":\"https:\/\/merkim.com.tr\/merkim-maket\/urun\/chest-overlay-with-gunshot-wound-giyilebilir-silahli-yaralanma-egitim-simulatoru\/#breadcrumb\"},\"inLanguage\":\"tr\",\"potentialAction\":[{\"@type\":\"ReadAction\",\"target\":[\"https:\/\/merkim.com.tr\/merkim-maket\/urun\/chest-overlay-with-gunshot-wound-giyilebilir-silahli-yaralanma-egitim-simulatoru\/\"]}]},{\"@type\":\"ImageObject\",\"inLanguage\":\"tr\",\"@id\":\"https:\/\/merkim.com.tr\/merkim-maket\/urun\/chest-overlay-with-gunshot-wound-giyilebilir-silahli-yaralanma-egitim-simulatoru\/#primaryimage\",\"url\":\"https:\/\/merkim.com.tr\/merkim-maket\/wp-content\/uploads\/2025\/06\/chest-overlay-gunshot-wound-travma-egitim-modeli.png\",\"contentUrl\":\"https:\/\/merkim.com.tr\/merkim-maket\/wp-content\/uploads\/2025\/06\/chest-overlay-gunshot-wound-travma-egitim-modeli.png\",\"width\":800,\"height\":468,\"caption\":\"Silahl\u0131 travmalarda e\u011fitim i\u00e7in tasarlanm\u0131\u015f ger\u00e7ek\u00e7i, kanama sistemine sahip giyilebilir model\"},{\"@type\":\"BreadcrumbList\",\"@id\":\"https:\/\/merkim.com.tr\/merkim-maket\/urun\/chest-overlay-with-gunshot-wound-giyilebilir-silahli-yaralanma-egitim-simulatoru\/#breadcrumb\",\"itemListElement\":[{\"@type\":\"ListItem\",\"position\":1,\"name\":\"Anasayfa\",\"item\":\"https:\/\/merkim.com.tr\/merkim-maket\/\"},{\"@type\":\"ListItem\",\"position\":2,\"name\":\"Ma\u011faza\",\"item\":\"https:\/\/merkim.com.tr\/merkim-maket\/magaza\/\"},{\"@type\":\"ListItem\",\"position\":3,\"name\":\"Chest Overlay with Gunshot Wound \u2013 Giyilebilir Silahl\u0131 Yaralanma E\u011fitim Sim\u00fclat\u00f6r\u00fc\"}]},{\"@type\":\"WebSite\",\"@id\":\"https:\/\/merkim.com.tr\/merkim-maket\/#website\",\"url\":\"https:\/\/merkim.com.tr\/merkim-maket\/\",\"name\":\"Merkim Maket\",\"description\":\"\",\"potentialAction\":[{\"@type\":\"SearchAction\",\"target\":{\"@type\":\"EntryPoint\",\"urlTemplate\":\"https:\/\/merkim.com.tr\/merkim-maket\/?s={search_term_string}\"},\"query-input\":{\"@type\":\"PropertyValueSpecification\",\"valueRequired\":true,\"valueName\":\"search_term_string\"}}],\"inLanguage\":\"tr\"}]}<\/script>\n<!-- \/ Yoast SEO plugin. -->","yoast_head_json":{"title":"Chest Overlay with Gunshot Wound \u2013 Giyilebilir Silahl\u0131 Yaralanma E\u011fitim Sim\u00fclat\u00f6r\u00fc - Merkim Maket","description":"Chest Overlay with Gunshot Wound, g\u00f6\u011f\u00fcs ve kar\u0131n b\u00f6lgesinde ger\u00e7ek\u00e7i mermi yaras\u0131 sim\u00fclasyonu ve aktif kanama sistemi sunar. Acil m\u00fcdahale, sava\u015f cerrahisi ve paramedik e\u011fitimleri i\u00e7in ideal bir giyilebilir travma modelidir.","robots":{"index":"index","follow":"follow","max-snippet":"max-snippet:-1","max-image-preview":"max-image-preview:large","max-video-preview":"max-video-preview:-1"},"canonical":"https:\/\/merkim.com.tr\/merkim-maket\/urun\/chest-overlay-with-gunshot-wound-giyilebilir-silahli-yaralanma-egitim-simulatoru\/","og_locale":"tr_TR","og_type":"article","og_title":"Chest Overlay with Gunshot Wound \u2013 Giyilebilir Silahl\u0131 Yaralanma E\u011fitim Sim\u00fclat\u00f6r\u00fc - Merkim Maket","og_description":"Chest Overlay with Gunshot Wound, g\u00f6\u011f\u00fcs ve kar\u0131n b\u00f6lgesinde ger\u00e7ek\u00e7i mermi yaras\u0131 sim\u00fclasyonu ve aktif kanama sistemi sunar. Acil m\u00fcdahale, sava\u015f cerrahisi ve paramedik e\u011fitimleri i\u00e7in ideal bir giyilebilir travma modelidir.","og_url":"https:\/\/merkim.com.tr\/merkim-maket\/urun\/chest-overlay-with-gunshot-wound-giyilebilir-silahli-yaralanma-egitim-simulatoru\/","og_site_name":"Merkim Maket","article_modified_time":"2025-06-30T20:00:05+00:00","og_image":[{"width":800,"height":468,"url":"https:\/\/merkim.com.tr\/merkim-maket\/wp-content\/uploads\/2025\/06\/chest-overlay-gunshot-wound-travma-egitim-modeli.png","type":"image\/png"}],"twitter_card":"summary_large_image","twitter_misc":{"Tahmini okuma s\u00fcresi":"2 dakika"},"schema":{"@context":"https:\/\/schema.org","@graph":[{"@type":"WebPage","@id":"https:\/\/merkim.com.tr\/merkim-maket\/urun\/chest-overlay-with-gunshot-wound-giyilebilir-silahli-yaralanma-egitim-simulatoru\/","url":"https:\/\/merkim.com.tr\/merkim-maket\/urun\/chest-overlay-with-gunshot-wound-giyilebilir-silahli-yaralanma-egitim-simulatoru\/","name":"Chest Overlay with Gunshot Wound \u2013 Giyilebilir Silahl\u0131 Yaralanma E\u011fitim Sim\u00fclat\u00f6r\u00fc - Merkim Maket","isPartOf":{"@id":"https:\/\/merkim.com.tr\/merkim-maket\/#website"},"primaryImageOfPage":{"@id":"https:\/\/merkim.com.tr\/merkim-maket\/urun\/chest-overlay-with-gunshot-wound-giyilebilir-silahli-yaralanma-egitim-simulatoru\/#primaryimage"},"image":{"@id":"https:\/\/merkim.com.tr\/merkim-maket\/urun\/chest-overlay-with-gunshot-wound-giyilebilir-silahli-yaralanma-egitim-simulatoru\/#primaryimage"},"thumbnailUrl":"https:\/\/merkim.com.tr\/merkim-maket\/wp-content\/uploads\/2025\/06\/chest-overlay-gunshot-wound-travma-egitim-modeli.png","datePublished":"2025-06-30T20:00:04+00:00","dateModified":"2025-06-30T20:00:05+00:00","description":"Chest Overlay with Gunshot Wound, g\u00f6\u011f\u00fcs ve kar\u0131n b\u00f6lgesinde ger\u00e7ek\u00e7i mermi yaras\u0131 sim\u00fclasyonu ve aktif kanama sistemi sunar. Acil m\u00fcdahale, sava\u015f cerrahisi ve paramedik e\u011fitimleri i\u00e7in ideal bir giyilebilir travma modelidir.","breadcrumb":{"@id":"https:\/\/merkim.com.tr\/merkim-maket\/urun\/chest-overlay-with-gunshot-wound-giyilebilir-silahli-yaralanma-egitim-simulatoru\/#breadcrumb"},"inLanguage":"tr","potentialAction":[{"@type":"ReadAction","target":["https:\/\/merkim.com.tr\/merkim-maket\/urun\/chest-overlay-with-gunshot-wound-giyilebilir-silahli-yaralanma-egitim-simulatoru\/"]}]},{"@type":"ImageObject","inLanguage":"tr","@id":"https:\/\/merkim.com.tr\/merkim-maket\/urun\/chest-overlay-with-gunshot-wound-giyilebilir-silahli-yaralanma-egitim-simulatoru\/#primaryimage","url":"https:\/\/merkim.com.tr\/merkim-maket\/wp-content\/uploads\/2025\/06\/chest-overlay-gunshot-wound-travma-egitim-modeli.png","contentUrl":"https:\/\/merkim.com.tr\/merkim-maket\/wp-content\/uploads\/2025\/06\/chest-overlay-gunshot-wound-travma-egitim-modeli.png","width":800,"height":468,"caption":"Silahl\u0131 travmalarda e\u011fitim i\u00e7in tasarlanm\u0131\u015f ger\u00e7ek\u00e7i, kanama sistemine sahip giyilebilir model"},{"@type":"BreadcrumbList","@id":"https:\/\/merkim.com.tr\/merkim-maket\/urun\/chest-overlay-with-gunshot-wound-giyilebilir-silahli-yaralanma-egitim-simulatoru\/#breadcrumb","itemListElement":[{"@type":"ListItem","position":1,"name":"Anasayfa","item":"https:\/\/merkim.com.tr\/merkim-maket\/"},{"@type":"ListItem","position":2,"name":"Ma\u011faza","item":"https:\/\/merkim.com.tr\/merkim-maket\/magaza\/"},{"@type":"ListItem","position":3,"name":"Chest Overlay with Gunshot Wound \u2013 Giyilebilir Silahl\u0131 Yaralanma E\u011fitim Sim\u00fclat\u00f6r\u00fc"}]},{"@type":"WebSite","@id":"https:\/\/merkim.com.tr\/merkim-maket\/#website","url":"https:\/\/merkim.com.tr\/merkim-maket\/","name":"Merkim Maket","description":"","potentialAction":[{"@type":"SearchAction","target":{"@type":"EntryPoint","urlTemplate":"https:\/\/merkim.com.tr\/merkim-maket\/?s={search_term_string}"},"query-input":{"@type":"PropertyValueSpecification","valueRequired":true,"valueName":"search_term_string"}}],"inLanguage":"tr"}]}},"_links":{"self":[{"href":"https:\/\/merkim.com.tr\/merkim-maket\/wp-json\/wp\/v2\/product\/340","targetHints":{"allow":["GET"]}}],"collection":[{"href":"https:\/\/merkim.com.tr\/merkim-maket\/wp-json\/wp\/v2\/product"}],"about":[{"href":"https:\/\/merkim.com.tr\/merkim-maket\/wp-json\/wp\/v2\/types\/product"}],"replies":[{"embeddable":true,"href":"https:\/\/merkim.com.tr\/merkim-maket\/wp-json\/wp\/v2\/comments?post=340"}],"wp:featuredmedia":[{"embeddable":true,"href":"https:\/\/merkim.com.tr\/merkim-maket\/wp-json\/wp\/v2\/media\/341"}],"wp:attachment":[{"href":"https:\/\/merkim.com.tr\/merkim-maket\/wp-json\/wp\/v2\/media?parent=340"}],"wp:term":[{"taxonomy":"product_brand","embeddable":true,"href":"https:\/\/merkim.com.tr\/merkim-maket\/wp-json\/wp\/v2\/product_brand?post=340"},{"taxonomy":"product_cat","embeddable":true,"href":"https:\/\/merkim.com.tr\/merkim-maket\/wp-json\/wp\/v2\/product_cat?post=340"},{"taxonomy":"product_tag","embeddable":true,"href":"https:\/\/merkim.com.tr\/merkim-maket\/wp-json\/wp\/v2\/product_tag?post=340"}],"curies":[{"name":"wp","href":"https:\/\/api.w.org\/{rel}","templated":true}]}}