{"id":338,"date":"2025-06-30T19:50:24","date_gmt":"2025-06-30T19:50:24","guid":{"rendered":"https:\/\/merkim.com.tr\/merkim-maket\/?post_type=product&#038;p=338"},"modified":"2025-06-30T19:50:25","modified_gmt":"2025-06-30T19:50:25","slug":"chest-overlay-with-shrapnel-wound-giyilebilir-gogus-travmasi-egitim-modeli-sarapnel-yaralanmasi","status":"publish","type":"product","link":"https:\/\/merkim.com.tr\/merkim-maket\/urun\/chest-overlay-with-shrapnel-wound-giyilebilir-gogus-travmasi-egitim-modeli-sarapnel-yaralanmasi\/","title":{"rendered":"Chest Overlay with Shrapnel Wound \u2013 Giyilebilir G\u00f6\u011f\u00fcs Travmas\u0131 E\u011fitim Modeli &#8211; \u015earapnel Yaralanmas\u0131"},"content":{"rendered":"<p data-start=\"332\" data-end=\"694\"><strong data-start=\"332\" data-end=\"369\">Chest Overlay with Shrapnel Wound<\/strong>, g\u00f6\u011f\u00fcs b\u00f6lgesinde \u015farapnel yaralanmas\u0131n\u0131 ger\u00e7ek\u00e7i bir \u015fekilde temsil eden, giyilebilir ve kanama sim\u00fclasyon sistemine sahip bir travma e\u011fitimi modelidir. <strong data-start=\"524\" data-end=\"586\">Acil durum y\u00f6netimi, sava\u015f cerrahisi ve travma hem\u015fireli\u011fi<\/strong> gibi alanlarda g\u00f6rev yapan sa\u011fl\u0131k profesyonelleri i\u00e7in <strong data-start=\"642\" data-end=\"679\">uygulamal\u0131 senaryo temelli e\u011fitim<\/strong> ortam\u0131 sa\u011flar.<\/p>\n<p data-start=\"696\" data-end=\"968\">Model, <strong data-start=\"703\" data-end=\"742\">yaraya saplanm\u0131\u015f \u015farapnel par\u00e7alar\u0131<\/strong>, <strong data-start=\"744\" data-end=\"774\">kanama sim\u00fclasyonu sistemi<\/strong> ve <strong data-start=\"778\" data-end=\"806\">ger\u00e7e\u011fe yak\u0131n doku hissi<\/strong> ile e\u011fitimin etkinli\u011fini art\u0131r\u0131r. Hem <strong data-start=\"845\" data-end=\"871\">standart hastalar (SP)<\/strong> hem de <strong data-start=\"879\" data-end=\"904\">sim\u00fclasyon mankenleri<\/strong> ile kullan\u0131labilir, farkl\u0131 senaryo kombinasyonlar\u0131na uyumludur.<\/p>\n<hr data-start=\"970\" data-end=\"973\" \/>\n<p data-start=\"975\" data-end=\"1000\"><strong data-start=\"975\" data-end=\"1000\">\u00d6ne \u00c7\u0131kan \u00d6zellikler:<\/strong><\/p>\n<p data-start=\"1002\" data-end=\"1040\">\ud83d\udca5 <strong data-start=\"1005\" data-end=\"1038\">Ger\u00e7ek\u00e7i \u015earapnel Yaralanmas\u0131<\/strong><\/p>\n<ul data-start=\"1041\" data-end=\"1175\">\n<li data-start=\"1041\" data-end=\"1097\">\n<p data-start=\"1043\" data-end=\"1097\">Detayl\u0131 doku hasar\u0131, par\u00e7ac\u0131kl\u0131 penetrasyon g\u00f6r\u00fcn\u00fcm\u00fc<\/p>\n<\/li>\n<li data-start=\"1098\" data-end=\"1175\">\n<p data-start=\"1100\" data-end=\"1175\">Saplanm\u0131\u015f metal par\u00e7a efektiyle travmatik g\u00f6\u011f\u00fcs yaralanmalar\u0131n\u0131 sim\u00fcle eder<\/p>\n<\/li>\n<\/ul>\n<p data-start=\"1177\" data-end=\"1217\">\ud83e\ude78 <strong data-start=\"1180\" data-end=\"1215\">Aktif Kanama Sim\u00fclasyon Sistemi<\/strong><\/p>\n<ul data-start=\"1218\" data-end=\"1358\">\n<li data-start=\"1218\" data-end=\"1302\">\n<p data-start=\"1220\" data-end=\"1302\">Entegre kan pompas\u0131 ba\u011flant\u0131s\u0131 sayesinde kontroll\u00fc hemoraji (kanama) sim\u00fclasyonu<\/p>\n<\/li>\n<li data-start=\"1303\" data-end=\"1358\">\n<p data-start=\"1305\" data-end=\"1358\">Ger\u00e7ek zamanl\u0131 m\u00fcdahale prati\u011fi i\u00e7in etkile\u015fimli yap\u0131<\/p>\n<\/li>\n<\/ul>\n<p data-start=\"1360\" data-end=\"1403\">\ud83e\uddcd\u200d\u2642\ufe0f <strong data-start=\"1366\" data-end=\"1401\">Giyilebilir ve Konforlu Tasar\u0131m<\/strong><\/p>\n<ul data-start=\"1404\" data-end=\"1513\">\n<li data-start=\"1404\" data-end=\"1468\">\n<p data-start=\"1406\" data-end=\"1468\">Standart hastalar veya mankenler \u00fczerine kolayca giyilebilir<\/p>\n<\/li>\n<li data-start=\"1469\" data-end=\"1513\">\n<p data-start=\"1471\" data-end=\"1513\">E\u011fitim esnas\u0131nda hareket kabiliyeti sa\u011flar<\/p>\n<\/li>\n<\/ul>\n<p data-start=\"1515\" data-end=\"1551\">\u2699\ufe0f <strong data-start=\"1518\" data-end=\"1549\">Geni\u015f Sim\u00fclasyon Uyumlulu\u011fu<\/strong><\/p>\n<ul data-start=\"1552\" data-end=\"1652\">\n<li data-start=\"1552\" data-end=\"1599\">\n<p data-start=\"1554\" data-end=\"1599\">Farkl\u0131 travma senaryolar\u0131nda kullan\u0131labilir<\/p>\n<\/li>\n<li data-start=\"1600\" data-end=\"1652\">\n<p data-start=\"1602\" data-end=\"1652\">Mevcut kan pompa sistemleriyle entegre \u00e7al\u0131\u015fabilir<\/p>\n<\/li>\n<\/ul>\n<p data-start=\"1654\" data-end=\"1689\">\ud83d\udc41\ufe0f <strong data-start=\"1658\" data-end=\"1687\">Y\u00fcksek Dokunsal Ger\u00e7eklik<\/strong><\/p>\n<ul data-start=\"1690\" data-end=\"1781\">\n<li data-start=\"1690\" data-end=\"1724\">\n<p data-start=\"1692\" data-end=\"1724\">Yumu\u015fak ve ger\u00e7ek\u00e7i doku hissi<\/p>\n<\/li>\n<li data-start=\"1725\" data-end=\"1781\">\n<p data-start=\"1727\" data-end=\"1781\">Elle muayene ve m\u00fcdahale sim\u00fclasyonlar\u0131na olanak tan\u0131r<\/p>\n<\/li>\n<\/ul>\n<p data-start=\"1783\" data-end=\"1817\">\ud83e\uddef <strong data-start=\"1786\" data-end=\"1815\">\u00c7ok Ama\u00e7l\u0131 Kullan\u0131m Alan\u0131<\/strong><\/p>\n<ul data-start=\"1818\" data-end=\"1969\">\n<li data-start=\"1818\" data-end=\"1852\">\n<p data-start=\"1820\" data-end=\"1852\">Acil servis ve travma ekipleri<\/p>\n<\/li>\n<li data-start=\"1853\" data-end=\"1898\">\n<p data-start=\"1855\" data-end=\"1898\">Sava\u015f cerrahisi \/ askeri sa\u011fl\u0131k personeli<\/p>\n<\/li>\n<li data-start=\"1899\" data-end=\"1926\">\n<p data-start=\"1901\" data-end=\"1926\">EMT \/ paramedik e\u011fitimi<\/p>\n<\/li>\n<li data-start=\"1927\" data-end=\"1969\">\n<p data-start=\"1929\" data-end=\"1969\">T\u0131p fak\u00fclteleri ve sim\u00fclasyon merkezleri<\/p>\n<\/li>\n<\/ul>\n<p data-start=\"1971\" data-end=\"2126\"><strong data-start=\"1971\" data-end=\"2008\">Chest Overlay with Shrapnel Wound<\/strong>, travma e\u011fitimini sadece teoride de\u011fil, ger\u00e7ek senaryolara yak\u0131nla\u015ft\u0131rarak sa\u011fl\u0131k personelinin haz\u0131r olmas\u0131n\u0131 sa\u011flar.<\/p>\n","protected":false},"excerpt":{"rendered":"<p>\u015earapnel yaras\u0131 sim\u00fclasyonu ve aktif kanama sistemiyle donat\u0131lm\u0131\u015f bu giyilebilir model, travma e\u011fitimlerinde ger\u00e7ek\u00e7ili\u011fi art\u0131rmak i\u00e7in tasarlanm\u0131\u015ft\u0131r. Acil ve sava\u015f senaryolar\u0131 i\u00e7in idealdir.<\/p>\n","protected":false},"featured_media":339,"comment_status":"open","ping_status":"closed","template":"","meta":[],"product_brand":[950],"product_cat":[15,949],"product_tag":[1067,1074,1073,1066,1069,1070,1072,612,1065,1068,1071,953],"class_list":{"0":"post-338","1":"product","2":"type-product","3":"status-publish","4":"has-post-thumbnail","6":"product_brand-medical-x","7":"product_cat-genel","8":"product_cat-medical-x","9":"product_tag-acil-durum-simulasyonu","10":"product_tag-bleeding-wound-trainer","11":"product_tag-combat-medic-training","12":"product_tag-giyilebilir-kanama-modeli","13":"product_tag-gogus-yarasi-overlay","14":"product_tag-hemoraji-egitim-mankeni","15":"product_tag-medikal-simulasyon-ekipmani","16":"product_tag-paramedik-egitimi","17":"product_tag-sarapnel-yarasi-simulatoru","18":"product_tag-savas-cerrahisi-egitimi","19":"product_tag-travma-bakim-simulasyonu","20":"product_tag-travma-egitimi","22":"first","23":"instock","24":"shipping-taxable","25":"product-type-simple"},"yoast_head":"<!-- This site is optimized with the Yoast SEO plugin v25.2 - https:\/\/yoast.com\/wordpress\/plugins\/seo\/ -->\n<title>Chest Overlay with Shrapnel Wound \u2013 Giyilebilir G\u00f6\u011f\u00fcs Travmas\u0131 E\u011fitim Modeli - \u015earapnel Yaralanmas\u0131 - Merkim Maket<\/title>\n<meta name=\"description\" content=\"Chest Overlay with Shrapnel Wound, \u015farapnel yaralanmas\u0131 ve aktif kanama sim\u00fclasyonu sa\u011flayan giyilebilir travma e\u011fitim modelidir. Acil servis, sava\u015f cerrahisi ve paramedik e\u011fitimlerinde ideal bir \u00e7\u00f6z\u00fcmd\u00fcr.\" \/>\n<meta name=\"robots\" content=\"index, follow, max-snippet:-1, max-image-preview:large, max-video-preview:-1\" \/>\n<link rel=\"canonical\" href=\"https:\/\/merkim.com.tr\/merkim-maket\/urun\/chest-overlay-with-shrapnel-wound-giyilebilir-gogus-travmasi-egitim-modeli-sarapnel-yaralanmasi\/\" \/>\n<meta property=\"og:locale\" content=\"tr_TR\" \/>\n<meta property=\"og:type\" content=\"article\" \/>\n<meta property=\"og:title\" content=\"Chest Overlay with Shrapnel Wound \u2013 Giyilebilir G\u00f6\u011f\u00fcs Travmas\u0131 E\u011fitim Modeli - \u015earapnel Yaralanmas\u0131 - Merkim Maket\" \/>\n<meta property=\"og:description\" content=\"Chest Overlay with Shrapnel Wound, \u015farapnel yaralanmas\u0131 ve aktif kanama sim\u00fclasyonu sa\u011flayan giyilebilir travma e\u011fitim modelidir. Acil servis, sava\u015f cerrahisi ve paramedik e\u011fitimlerinde ideal bir \u00e7\u00f6z\u00fcmd\u00fcr.\" \/>\n<meta property=\"og:url\" content=\"https:\/\/merkim.com.tr\/merkim-maket\/urun\/chest-overlay-with-shrapnel-wound-giyilebilir-gogus-travmasi-egitim-modeli-sarapnel-yaralanmasi\/\" \/>\n<meta property=\"og:site_name\" content=\"Merkim Maket\" \/>\n<meta property=\"article:modified_time\" content=\"2025-06-30T19:50:25+00:00\" \/>\n<meta property=\"og:image\" content=\"https:\/\/merkim.com.tr\/merkim-maket\/wp-content\/uploads\/2025\/06\/chest-overlay-shrapnel-wound-giyilebilir-travma-egitim-modeli.png\" \/>\n\t<meta property=\"og:image:width\" content=\"800\" \/>\n\t<meta property=\"og:image:height\" content=\"533\" \/>\n\t<meta property=\"og:image:type\" content=\"image\/png\" \/>\n<meta name=\"twitter:card\" content=\"summary_large_image\" \/>\n<meta name=\"twitter:label1\" content=\"Tahmini okuma s\u00fcresi\" \/>\n\t<meta name=\"twitter:data1\" content=\"2 dakika\" \/>\n<script type=\"application\/ld+json\" class=\"yoast-schema-graph\">{\"@context\":\"https:\/\/schema.org\",\"@graph\":[{\"@type\":\"WebPage\",\"@id\":\"https:\/\/merkim.com.tr\/merkim-maket\/urun\/chest-overlay-with-shrapnel-wound-giyilebilir-gogus-travmasi-egitim-modeli-sarapnel-yaralanmasi\/\",\"url\":\"https:\/\/merkim.com.tr\/merkim-maket\/urun\/chest-overlay-with-shrapnel-wound-giyilebilir-gogus-travmasi-egitim-modeli-sarapnel-yaralanmasi\/\",\"name\":\"Chest Overlay with Shrapnel Wound \u2013 Giyilebilir G\u00f6\u011f\u00fcs Travmas\u0131 E\u011fitim Modeli - \u015earapnel Yaralanmas\u0131 - Merkim Maket\",\"isPartOf\":{\"@id\":\"https:\/\/merkim.com.tr\/merkim-maket\/#website\"},\"primaryImageOfPage\":{\"@id\":\"https:\/\/merkim.com.tr\/merkim-maket\/urun\/chest-overlay-with-shrapnel-wound-giyilebilir-gogus-travmasi-egitim-modeli-sarapnel-yaralanmasi\/#primaryimage\"},\"image\":{\"@id\":\"https:\/\/merkim.com.tr\/merkim-maket\/urun\/chest-overlay-with-shrapnel-wound-giyilebilir-gogus-travmasi-egitim-modeli-sarapnel-yaralanmasi\/#primaryimage\"},\"thumbnailUrl\":\"https:\/\/merkim.com.tr\/merkim-maket\/wp-content\/uploads\/2025\/06\/chest-overlay-shrapnel-wound-giyilebilir-travma-egitim-modeli.png\",\"datePublished\":\"2025-06-30T19:50:24+00:00\",\"dateModified\":\"2025-06-30T19:50:25+00:00\",\"description\":\"Chest Overlay with Shrapnel Wound, \u015farapnel yaralanmas\u0131 ve aktif kanama sim\u00fclasyonu sa\u011flayan giyilebilir travma e\u011fitim modelidir. Acil servis, sava\u015f cerrahisi ve paramedik e\u011fitimlerinde ideal bir \u00e7\u00f6z\u00fcmd\u00fcr.\",\"breadcrumb\":{\"@id\":\"https:\/\/merkim.com.tr\/merkim-maket\/urun\/chest-overlay-with-shrapnel-wound-giyilebilir-gogus-travmasi-egitim-modeli-sarapnel-yaralanmasi\/#breadcrumb\"},\"inLanguage\":\"tr\",\"potentialAction\":[{\"@type\":\"ReadAction\",\"target\":[\"https:\/\/merkim.com.tr\/merkim-maket\/urun\/chest-overlay-with-shrapnel-wound-giyilebilir-gogus-travmasi-egitim-modeli-sarapnel-yaralanmasi\/\"]}]},{\"@type\":\"ImageObject\",\"inLanguage\":\"tr\",\"@id\":\"https:\/\/merkim.com.tr\/merkim-maket\/urun\/chest-overlay-with-shrapnel-wound-giyilebilir-gogus-travmasi-egitim-modeli-sarapnel-yaralanmasi\/#primaryimage\",\"url\":\"https:\/\/merkim.com.tr\/merkim-maket\/wp-content\/uploads\/2025\/06\/chest-overlay-shrapnel-wound-giyilebilir-travma-egitim-modeli.png\",\"contentUrl\":\"https:\/\/merkim.com.tr\/merkim-maket\/wp-content\/uploads\/2025\/06\/chest-overlay-shrapnel-wound-giyilebilir-travma-egitim-modeli.png\",\"width\":800,\"height\":533,\"caption\":\"Ger\u00e7ek\u00e7i kanama ve \u015farapnel yaralanmas\u0131 sim\u00fclasyonu sa\u011flayan giyilebilir e\u011fitim modeli\"},{\"@type\":\"BreadcrumbList\",\"@id\":\"https:\/\/merkim.com.tr\/merkim-maket\/urun\/chest-overlay-with-shrapnel-wound-giyilebilir-gogus-travmasi-egitim-modeli-sarapnel-yaralanmasi\/#breadcrumb\",\"itemListElement\":[{\"@type\":\"ListItem\",\"position\":1,\"name\":\"Anasayfa\",\"item\":\"https:\/\/merkim.com.tr\/merkim-maket\/\"},{\"@type\":\"ListItem\",\"position\":2,\"name\":\"Ma\u011faza\",\"item\":\"https:\/\/merkim.com.tr\/merkim-maket\/magaza\/\"},{\"@type\":\"ListItem\",\"position\":3,\"name\":\"Chest Overlay with Shrapnel Wound \u2013 Giyilebilir G\u00f6\u011f\u00fcs Travmas\u0131 E\u011fitim Modeli &#8211; \u015earapnel Yaralanmas\u0131\"}]},{\"@type\":\"WebSite\",\"@id\":\"https:\/\/merkim.com.tr\/merkim-maket\/#website\",\"url\":\"https:\/\/merkim.com.tr\/merkim-maket\/\",\"name\":\"Merkim Maket\",\"description\":\"\",\"potentialAction\":[{\"@type\":\"SearchAction\",\"target\":{\"@type\":\"EntryPoint\",\"urlTemplate\":\"https:\/\/merkim.com.tr\/merkim-maket\/?s={search_term_string}\"},\"query-input\":{\"@type\":\"PropertyValueSpecification\",\"valueRequired\":true,\"valueName\":\"search_term_string\"}}],\"inLanguage\":\"tr\"}]}<\/script>\n<!-- \/ Yoast SEO plugin. -->","yoast_head_json":{"title":"Chest Overlay with Shrapnel Wound \u2013 Giyilebilir G\u00f6\u011f\u00fcs Travmas\u0131 E\u011fitim Modeli - \u015earapnel Yaralanmas\u0131 - Merkim Maket","description":"Chest Overlay with Shrapnel Wound, \u015farapnel yaralanmas\u0131 ve aktif kanama sim\u00fclasyonu sa\u011flayan giyilebilir travma e\u011fitim modelidir. Acil servis, sava\u015f cerrahisi ve paramedik e\u011fitimlerinde ideal bir \u00e7\u00f6z\u00fcmd\u00fcr.","robots":{"index":"index","follow":"follow","max-snippet":"max-snippet:-1","max-image-preview":"max-image-preview:large","max-video-preview":"max-video-preview:-1"},"canonical":"https:\/\/merkim.com.tr\/merkim-maket\/urun\/chest-overlay-with-shrapnel-wound-giyilebilir-gogus-travmasi-egitim-modeli-sarapnel-yaralanmasi\/","og_locale":"tr_TR","og_type":"article","og_title":"Chest Overlay with Shrapnel Wound \u2013 Giyilebilir G\u00f6\u011f\u00fcs Travmas\u0131 E\u011fitim Modeli - \u015earapnel Yaralanmas\u0131 - Merkim Maket","og_description":"Chest Overlay with Shrapnel Wound, \u015farapnel yaralanmas\u0131 ve aktif kanama sim\u00fclasyonu sa\u011flayan giyilebilir travma e\u011fitim modelidir. Acil servis, sava\u015f cerrahisi ve paramedik e\u011fitimlerinde ideal bir \u00e7\u00f6z\u00fcmd\u00fcr.","og_url":"https:\/\/merkim.com.tr\/merkim-maket\/urun\/chest-overlay-with-shrapnel-wound-giyilebilir-gogus-travmasi-egitim-modeli-sarapnel-yaralanmasi\/","og_site_name":"Merkim Maket","article_modified_time":"2025-06-30T19:50:25+00:00","og_image":[{"width":800,"height":533,"url":"https:\/\/merkim.com.tr\/merkim-maket\/wp-content\/uploads\/2025\/06\/chest-overlay-shrapnel-wound-giyilebilir-travma-egitim-modeli.png","type":"image\/png"}],"twitter_card":"summary_large_image","twitter_misc":{"Tahmini okuma s\u00fcresi":"2 dakika"},"schema":{"@context":"https:\/\/schema.org","@graph":[{"@type":"WebPage","@id":"https:\/\/merkim.com.tr\/merkim-maket\/urun\/chest-overlay-with-shrapnel-wound-giyilebilir-gogus-travmasi-egitim-modeli-sarapnel-yaralanmasi\/","url":"https:\/\/merkim.com.tr\/merkim-maket\/urun\/chest-overlay-with-shrapnel-wound-giyilebilir-gogus-travmasi-egitim-modeli-sarapnel-yaralanmasi\/","name":"Chest Overlay with Shrapnel Wound \u2013 Giyilebilir G\u00f6\u011f\u00fcs Travmas\u0131 E\u011fitim Modeli - \u015earapnel Yaralanmas\u0131 - Merkim Maket","isPartOf":{"@id":"https:\/\/merkim.com.tr\/merkim-maket\/#website"},"primaryImageOfPage":{"@id":"https:\/\/merkim.com.tr\/merkim-maket\/urun\/chest-overlay-with-shrapnel-wound-giyilebilir-gogus-travmasi-egitim-modeli-sarapnel-yaralanmasi\/#primaryimage"},"image":{"@id":"https:\/\/merkim.com.tr\/merkim-maket\/urun\/chest-overlay-with-shrapnel-wound-giyilebilir-gogus-travmasi-egitim-modeli-sarapnel-yaralanmasi\/#primaryimage"},"thumbnailUrl":"https:\/\/merkim.com.tr\/merkim-maket\/wp-content\/uploads\/2025\/06\/chest-overlay-shrapnel-wound-giyilebilir-travma-egitim-modeli.png","datePublished":"2025-06-30T19:50:24+00:00","dateModified":"2025-06-30T19:50:25+00:00","description":"Chest Overlay with Shrapnel Wound, \u015farapnel yaralanmas\u0131 ve aktif kanama sim\u00fclasyonu sa\u011flayan giyilebilir travma e\u011fitim modelidir. Acil servis, sava\u015f cerrahisi ve paramedik e\u011fitimlerinde ideal bir \u00e7\u00f6z\u00fcmd\u00fcr.","breadcrumb":{"@id":"https:\/\/merkim.com.tr\/merkim-maket\/urun\/chest-overlay-with-shrapnel-wound-giyilebilir-gogus-travmasi-egitim-modeli-sarapnel-yaralanmasi\/#breadcrumb"},"inLanguage":"tr","potentialAction":[{"@type":"ReadAction","target":["https:\/\/merkim.com.tr\/merkim-maket\/urun\/chest-overlay-with-shrapnel-wound-giyilebilir-gogus-travmasi-egitim-modeli-sarapnel-yaralanmasi\/"]}]},{"@type":"ImageObject","inLanguage":"tr","@id":"https:\/\/merkim.com.tr\/merkim-maket\/urun\/chest-overlay-with-shrapnel-wound-giyilebilir-gogus-travmasi-egitim-modeli-sarapnel-yaralanmasi\/#primaryimage","url":"https:\/\/merkim.com.tr\/merkim-maket\/wp-content\/uploads\/2025\/06\/chest-overlay-shrapnel-wound-giyilebilir-travma-egitim-modeli.png","contentUrl":"https:\/\/merkim.com.tr\/merkim-maket\/wp-content\/uploads\/2025\/06\/chest-overlay-shrapnel-wound-giyilebilir-travma-egitim-modeli.png","width":800,"height":533,"caption":"Ger\u00e7ek\u00e7i kanama ve \u015farapnel yaralanmas\u0131 sim\u00fclasyonu sa\u011flayan giyilebilir e\u011fitim modeli"},{"@type":"BreadcrumbList","@id":"https:\/\/merkim.com.tr\/merkim-maket\/urun\/chest-overlay-with-shrapnel-wound-giyilebilir-gogus-travmasi-egitim-modeli-sarapnel-yaralanmasi\/#breadcrumb","itemListElement":[{"@type":"ListItem","position":1,"name":"Anasayfa","item":"https:\/\/merkim.com.tr\/merkim-maket\/"},{"@type":"ListItem","position":2,"name":"Ma\u011faza","item":"https:\/\/merkim.com.tr\/merkim-maket\/magaza\/"},{"@type":"ListItem","position":3,"name":"Chest Overlay with Shrapnel Wound \u2013 Giyilebilir G\u00f6\u011f\u00fcs Travmas\u0131 E\u011fitim Modeli &#8211; \u015earapnel Yaralanmas\u0131"}]},{"@type":"WebSite","@id":"https:\/\/merkim.com.tr\/merkim-maket\/#website","url":"https:\/\/merkim.com.tr\/merkim-maket\/","name":"Merkim Maket","description":"","potentialAction":[{"@type":"SearchAction","target":{"@type":"EntryPoint","urlTemplate":"https:\/\/merkim.com.tr\/merkim-maket\/?s={search_term_string}"},"query-input":{"@type":"PropertyValueSpecification","valueRequired":true,"valueName":"search_term_string"}}],"inLanguage":"tr"}]}},"_links":{"self":[{"href":"https:\/\/merkim.com.tr\/merkim-maket\/wp-json\/wp\/v2\/product\/338","targetHints":{"allow":["GET"]}}],"collection":[{"href":"https:\/\/merkim.com.tr\/merkim-maket\/wp-json\/wp\/v2\/product"}],"about":[{"href":"https:\/\/merkim.com.tr\/merkim-maket\/wp-json\/wp\/v2\/types\/product"}],"replies":[{"embeddable":true,"href":"https:\/\/merkim.com.tr\/merkim-maket\/wp-json\/wp\/v2\/comments?post=338"}],"wp:featuredmedia":[{"embeddable":true,"href":"https:\/\/merkim.com.tr\/merkim-maket\/wp-json\/wp\/v2\/media\/339"}],"wp:attachment":[{"href":"https:\/\/merkim.com.tr\/merkim-maket\/wp-json\/wp\/v2\/media?parent=338"}],"wp:term":[{"taxonomy":"product_brand","embeddable":true,"href":"https:\/\/merkim.com.tr\/merkim-maket\/wp-json\/wp\/v2\/product_brand?post=338"},{"taxonomy":"product_cat","embeddable":true,"href":"https:\/\/merkim.com.tr\/merkim-maket\/wp-json\/wp\/v2\/product_cat?post=338"},{"taxonomy":"product_tag","embeddable":true,"href":"https:\/\/merkim.com.tr\/merkim-maket\/wp-json\/wp\/v2\/product_tag?post=338"}],"curies":[{"name":"wp","href":"https:\/\/api.w.org\/{rel}","templated":true}]}}