{"id":328,"date":"2025-06-30T18:28:57","date_gmt":"2025-06-30T18:28:57","guid":{"rendered":"https:\/\/merkim.com.tr\/merkim-maket\/?post_type=product&#038;p=328"},"modified":"2025-06-30T18:28:57","modified_gmt":"2025-06-30T18:28:57","slug":"injection-task-trainer-gelismis-enjeksiyon-egitim-simulasyon-modeli","status":"publish","type":"product","link":"https:\/\/merkim.com.tr\/merkim-maket\/urun\/injection-task-trainer-gelismis-enjeksiyon-egitim-simulasyon-modeli\/","title":{"rendered":"Injection Task Trainer \u2013 Geli\u015fmi\u015f Enjeksiyon E\u011fitim Sim\u00fclasyon Modeli"},"content":{"rendered":"<p data-start=\"326\" data-end=\"752\"><strong data-start=\"326\" data-end=\"352\">Injection Task Trainer<\/strong>, hem\u015firelik ve t\u0131bbi e\u011fitim alanlar\u0131nda pratik becerilerin geli\u015ftirilmesine y\u00f6nelik olarak tasarlanm\u0131\u015f, y\u00fcksek kaliteli bir enjeksiyon e\u011fitim sim\u00fclasyon modelidir. Ger\u00e7ek\u00e7i silikon ve plastik malzemeden \u00fcretilmi\u015f olan bu model, sa\u011fl\u0131k profesyonellerine ve \u00f6\u011frencilerine intram\u00fcsk\u00fcler (kas i\u00e7i) ve subkutan (deri alt\u0131) enjeksiyon uygulamalar\u0131n\u0131 g\u00fcvenli bir ortamda \u00f6\u011frenme ve peki\u015ftirme imk\u00e2n\u0131 sunar.<\/p>\n<p data-start=\"754\" data-end=\"779\"><strong data-start=\"754\" data-end=\"779\">\u00d6ne \u00c7\u0131kan \u00d6zellikler:<\/strong><\/p>\n<p data-start=\"781\" data-end=\"817\">\ud83d\udc89 <strong data-start=\"784\" data-end=\"815\">Kapsaml\u0131 Enjeksiyon E\u011fitimi<\/strong><\/p>\n<ul data-start=\"818\" data-end=\"914\">\n<li data-start=\"818\" data-end=\"863\">\n<p data-start=\"820\" data-end=\"863\">\u0130ntram\u00fcsk\u00fcler enjeksiyon uygulama prati\u011fi<\/p>\n<\/li>\n<li data-start=\"864\" data-end=\"914\">\n<p data-start=\"866\" data-end=\"914\">Subkutan enjeksiyon tekniklerinin geli\u015ftirilmesi<\/p>\n<\/li>\n<\/ul>\n<p data-start=\"916\" data-end=\"948\">\ud83e\uddea <strong data-start=\"919\" data-end=\"946\">\u00c7ift Enjeksiyon Sistemi<\/strong><\/p>\n<ul data-start=\"949\" data-end=\"1065\">\n<li data-start=\"949\" data-end=\"995\">\n<p data-start=\"951\" data-end=\"995\">Hem hava hem de su enjeksiyonlar\u0131na uyumlu<\/p>\n<\/li>\n<li data-start=\"996\" data-end=\"1065\">\n<p data-start=\"998\" data-end=\"1065\">Otomatik drenaj sistemi ile e\u011fitim sonras\u0131 kolay temizlik ve hijyen<\/p>\n<\/li>\n<\/ul>\n<p data-start=\"1067\" data-end=\"1100\">\ud83e\ude7a <strong data-start=\"1070\" data-end=\"1098\">Ger\u00e7ek\u00e7i Malzeme ve Yap\u0131<\/strong><\/p>\n<ul data-start=\"1101\" data-end=\"1206\">\n<li data-start=\"1101\" data-end=\"1140\">\n<p data-start=\"1103\" data-end=\"1140\">Yumu\u015fak silikon ve plastik kar\u0131\u015f\u0131m\u0131<\/p>\n<\/li>\n<li data-start=\"1141\" data-end=\"1206\">\n<p data-start=\"1143\" data-end=\"1206\">Dokunsal olarak insan cildine yak\u0131n, y\u00fcksek sim\u00fclasyon ba\u015far\u0131s\u0131<\/p>\n<\/li>\n<\/ul>\n<p data-start=\"1208\" data-end=\"1246\">\ud83d\ude91 <strong data-start=\"1211\" data-end=\"1244\">E\u011fitimde G\u00fcvenlik ve Etkinlik<\/strong><\/p>\n<ul data-start=\"1247\" data-end=\"1335\">\n<li data-start=\"1247\" data-end=\"1296\">\n<p data-start=\"1249\" data-end=\"1296\">\u00d6\u011frencilere zarar vermeden enjeksiyon prati\u011fi<\/p>\n<\/li>\n<li data-start=\"1297\" data-end=\"1335\">\n<p data-start=\"1299\" data-end=\"1335\">Klinik ortamlara haz\u0131rl\u0131k i\u00e7in ideal<\/p>\n<\/li>\n<\/ul>\n<p data-start=\"1337\" data-end=\"1387\">\ud83d\udce6 <strong data-start=\"1340\" data-end=\"1385\">Ta\u015f\u0131nabilir, Kompakt ve Dayan\u0131kl\u0131 Tasar\u0131m<\/strong><\/p>\n<ul data-start=\"1388\" data-end=\"1481\">\n<li data-start=\"1388\" data-end=\"1416\">\n<p data-start=\"1390\" data-end=\"1416\">Boyutlar: 20 x 12 x 5 cm<\/p>\n<\/li>\n<li data-start=\"1417\" data-end=\"1437\">\n<p data-start=\"1419\" data-end=\"1437\">A\u011f\u0131rl\u0131k: 0.55 kg<\/p>\n<\/li>\n<li data-start=\"1438\" data-end=\"1481\">\n<p data-start=\"1440\" data-end=\"1481\">Defalarca kullan\u0131labilir uzun \u00f6m\u00fcrl\u00fc yap\u0131<\/p>\n<\/li>\n<\/ul>\n<p data-start=\"1483\" data-end=\"1505\"><strong data-start=\"1483\" data-end=\"1505\">Kullan\u0131m Alanlar\u0131:<\/strong><\/p>\n<ul data-start=\"1506\" data-end=\"1686\">\n<li data-start=\"1506\" data-end=\"1546\">\n<p data-start=\"1508\" data-end=\"1546\">Hem\u015firelik ve sa\u011fl\u0131k meslek okullar\u0131<\/p>\n<\/li>\n<li data-start=\"1547\" data-end=\"1566\">\n<p data-start=\"1549\" data-end=\"1566\">T\u0131p fak\u00fclteleri<\/p>\n<\/li>\n<li data-start=\"1567\" data-end=\"1592\">\n<p data-start=\"1569\" data-end=\"1592\">Sim\u00fclasyon merkezleri<\/p>\n<\/li>\n<li data-start=\"1593\" data-end=\"1638\">\n<p data-start=\"1595\" data-end=\"1638\">Hastane i\u00e7i hizmet i\u00e7i e\u011fitim programlar\u0131<\/p>\n<\/li>\n<li data-start=\"1639\" data-end=\"1686\">\n<p data-start=\"1641\" data-end=\"1686\">Acil t\u0131p ve ilk yard\u0131m e\u011fitimi veren kurumlar<\/p>\n<\/li>\n<\/ul>\n<p data-start=\"1688\" data-end=\"1821\"><strong data-start=\"1688\" data-end=\"1714\">Injection Task Trainer<\/strong>, e\u011fitim ortamlar\u0131nda pratik bilgiyle g\u00fcvenli beceri kazand\u0131rmak i\u00e7in tasarlanm\u0131\u015f profesyonel bir \u00e7\u00f6z\u00fcmd\u00fcr.<\/p>\n","protected":false},"excerpt":{"rendered":"<p data-start=\"1861\" data-end=\"2107\">Enjeksiyon becerilerini geli\u015ftirmek isteyen sa\u011fl\u0131k profesyonelleri i\u00e7in tasarlanm\u0131\u015f bu model, ger\u00e7ek\u00e7i silikon yap\u0131s\u0131 ile intram\u00fcsk\u00fcler ve subkutan enjeksiyon e\u011fitimini destekler. Su\/hava enjeksiyon sistemi ve otomatik drenaj \u00f6zelli\u011fine sahiptir.<\/p>\n","protected":false},"featured_media":329,"comment_status":"open","ping_status":"closed","template":"","meta":[],"product_brand":[950],"product_cat":[15,949],"product_tag":[152,1028,283,146,1029,109,1035,1027,1032,1030,176],"class_list":{"0":"post-328","1":"product","2":"type-product","3":"status-publish","4":"has-post-thumbnail","6":"product_brand-medical-x","7":"product_cat-genel","8":"product_cat-medical-x","9":"product_tag-egitim-mankeni","10":"product_tag-enjeksiyon-egitim-modeli","11":"product_tag-enjeksiyon-simulatoru","12":"product_tag-hemsirelik-simulasyonu","13":"product_tag-intramuskuler-enjeksiyon","14":"product_tag-klinik-beceri-egitimi","15":"product_tag-medikal-simulasyon-cihazi","16":"product_tag-saglik-egitim-modeli","17":"product_tag-silikon-egitim-modeli","18":"product_tag-subkutan-enjeksiyon","19":"product_tag-tibbi-egitim-maketi","21":"first","22":"instock","23":"shipping-taxable","24":"product-type-simple"},"yoast_head":"<!-- This site is optimized with the Yoast SEO plugin v25.2 - https:\/\/yoast.com\/wordpress\/plugins\/seo\/ -->\n<title>Injection Task Trainer \u2013 Geli\u015fmi\u015f Enjeksiyon E\u011fitim Sim\u00fclasyon Modeli - Merkim Maket<\/title>\n<meta name=\"description\" content=\"Injection Task Trainer, intram\u00fcsk\u00fcler ve subkutan enjeksiyon e\u011fitimleri i\u00e7in tasarlanm\u0131\u015f ger\u00e7ek\u00e7i ve dayan\u0131kl\u0131 bir e\u011fitim modelidir. Silikon yap\u0131s\u0131, \u00e7ift enjeksiyon sistemi ve ta\u015f\u0131nabilir tasar\u0131m\u0131 ile sa\u011fl\u0131k profesyonelleri i\u00e7in ideal bir \u00e7\u00f6z\u00fcmd\u00fcr.\" \/>\n<meta name=\"robots\" content=\"index, follow, max-snippet:-1, max-image-preview:large, max-video-preview:-1\" \/>\n<link rel=\"canonical\" href=\"https:\/\/merkim.com.tr\/merkim-maket\/urun\/injection-task-trainer-gelismis-enjeksiyon-egitim-simulasyon-modeli\/\" \/>\n<meta property=\"og:locale\" content=\"tr_TR\" \/>\n<meta property=\"og:type\" content=\"article\" \/>\n<meta property=\"og:title\" content=\"Injection Task Trainer \u2013 Geli\u015fmi\u015f Enjeksiyon E\u011fitim Sim\u00fclasyon Modeli - Merkim Maket\" \/>\n<meta property=\"og:description\" content=\"Injection Task Trainer, intram\u00fcsk\u00fcler ve subkutan enjeksiyon e\u011fitimleri i\u00e7in tasarlanm\u0131\u015f ger\u00e7ek\u00e7i ve dayan\u0131kl\u0131 bir e\u011fitim modelidir. Silikon yap\u0131s\u0131, \u00e7ift enjeksiyon sistemi ve ta\u015f\u0131nabilir tasar\u0131m\u0131 ile sa\u011fl\u0131k profesyonelleri i\u00e7in ideal bir \u00e7\u00f6z\u00fcmd\u00fcr.\" \/>\n<meta property=\"og:url\" content=\"https:\/\/merkim.com.tr\/merkim-maket\/urun\/injection-task-trainer-gelismis-enjeksiyon-egitim-simulasyon-modeli\/\" \/>\n<meta property=\"og:site_name\" content=\"Merkim Maket\" \/>\n<meta property=\"og:image\" content=\"https:\/\/merkim.com.tr\/merkim-maket\/wp-content\/uploads\/2025\/06\/injection-task-trainer-egitim-simulasyon-modeli-saglik.png\" \/>\n\t<meta property=\"og:image:width\" content=\"800\" \/>\n\t<meta property=\"og:image:height\" content=\"800\" \/>\n\t<meta property=\"og:image:type\" content=\"image\/png\" \/>\n<meta name=\"twitter:card\" content=\"summary_large_image\" \/>\n<meta name=\"twitter:label1\" content=\"Tahmini okuma s\u00fcresi\" \/>\n\t<meta name=\"twitter:data1\" content=\"2 dakika\" \/>\n<script type=\"application\/ld+json\" class=\"yoast-schema-graph\">{\"@context\":\"https:\/\/schema.org\",\"@graph\":[{\"@type\":\"WebPage\",\"@id\":\"https:\/\/merkim.com.tr\/merkim-maket\/urun\/injection-task-trainer-gelismis-enjeksiyon-egitim-simulasyon-modeli\/\",\"url\":\"https:\/\/merkim.com.tr\/merkim-maket\/urun\/injection-task-trainer-gelismis-enjeksiyon-egitim-simulasyon-modeli\/\",\"name\":\"Injection Task Trainer \u2013 Geli\u015fmi\u015f Enjeksiyon E\u011fitim Sim\u00fclasyon Modeli - Merkim Maket\",\"isPartOf\":{\"@id\":\"https:\/\/merkim.com.tr\/merkim-maket\/#website\"},\"primaryImageOfPage\":{\"@id\":\"https:\/\/merkim.com.tr\/merkim-maket\/urun\/injection-task-trainer-gelismis-enjeksiyon-egitim-simulasyon-modeli\/#primaryimage\"},\"image\":{\"@id\":\"https:\/\/merkim.com.tr\/merkim-maket\/urun\/injection-task-trainer-gelismis-enjeksiyon-egitim-simulasyon-modeli\/#primaryimage\"},\"thumbnailUrl\":\"https:\/\/merkim.com.tr\/merkim-maket\/wp-content\/uploads\/2025\/06\/injection-task-trainer-egitim-simulasyon-modeli-saglik.png\",\"datePublished\":\"2025-06-30T18:28:57+00:00\",\"description\":\"Injection Task Trainer, intram\u00fcsk\u00fcler ve subkutan enjeksiyon e\u011fitimleri i\u00e7in tasarlanm\u0131\u015f ger\u00e7ek\u00e7i ve dayan\u0131kl\u0131 bir e\u011fitim modelidir. Silikon yap\u0131s\u0131, \u00e7ift enjeksiyon sistemi ve ta\u015f\u0131nabilir tasar\u0131m\u0131 ile sa\u011fl\u0131k profesyonelleri i\u00e7in ideal bir \u00e7\u00f6z\u00fcmd\u00fcr.\",\"breadcrumb\":{\"@id\":\"https:\/\/merkim.com.tr\/merkim-maket\/urun\/injection-task-trainer-gelismis-enjeksiyon-egitim-simulasyon-modeli\/#breadcrumb\"},\"inLanguage\":\"tr\",\"potentialAction\":[{\"@type\":\"ReadAction\",\"target\":[\"https:\/\/merkim.com.tr\/merkim-maket\/urun\/injection-task-trainer-gelismis-enjeksiyon-egitim-simulasyon-modeli\/\"]}]},{\"@type\":\"ImageObject\",\"inLanguage\":\"tr\",\"@id\":\"https:\/\/merkim.com.tr\/merkim-maket\/urun\/injection-task-trainer-gelismis-enjeksiyon-egitim-simulasyon-modeli\/#primaryimage\",\"url\":\"https:\/\/merkim.com.tr\/merkim-maket\/wp-content\/uploads\/2025\/06\/injection-task-trainer-egitim-simulasyon-modeli-saglik.png\",\"contentUrl\":\"https:\/\/merkim.com.tr\/merkim-maket\/wp-content\/uploads\/2025\/06\/injection-task-trainer-egitim-simulasyon-modeli-saglik.png\",\"width\":800,\"height\":800,\"caption\":\"Sa\u011fl\u0131k profesyonelleri i\u00e7in enjeksiyon e\u011fitimi sa\u011flayan ger\u00e7ek\u00e7i model\"},{\"@type\":\"BreadcrumbList\",\"@id\":\"https:\/\/merkim.com.tr\/merkim-maket\/urun\/injection-task-trainer-gelismis-enjeksiyon-egitim-simulasyon-modeli\/#breadcrumb\",\"itemListElement\":[{\"@type\":\"ListItem\",\"position\":1,\"name\":\"Anasayfa\",\"item\":\"https:\/\/merkim.com.tr\/merkim-maket\/\"},{\"@type\":\"ListItem\",\"position\":2,\"name\":\"Ma\u011faza\",\"item\":\"https:\/\/merkim.com.tr\/merkim-maket\/magaza\/\"},{\"@type\":\"ListItem\",\"position\":3,\"name\":\"Injection Task Trainer \u2013 Geli\u015fmi\u015f Enjeksiyon E\u011fitim Sim\u00fclasyon Modeli\"}]},{\"@type\":\"WebSite\",\"@id\":\"https:\/\/merkim.com.tr\/merkim-maket\/#website\",\"url\":\"https:\/\/merkim.com.tr\/merkim-maket\/\",\"name\":\"Merkim Maket\",\"description\":\"\",\"potentialAction\":[{\"@type\":\"SearchAction\",\"target\":{\"@type\":\"EntryPoint\",\"urlTemplate\":\"https:\/\/merkim.com.tr\/merkim-maket\/?s={search_term_string}\"},\"query-input\":{\"@type\":\"PropertyValueSpecification\",\"valueRequired\":true,\"valueName\":\"search_term_string\"}}],\"inLanguage\":\"tr\"}]}<\/script>\n<!-- \/ Yoast SEO plugin. -->","yoast_head_json":{"title":"Injection Task Trainer \u2013 Geli\u015fmi\u015f Enjeksiyon E\u011fitim Sim\u00fclasyon Modeli - Merkim Maket","description":"Injection Task Trainer, intram\u00fcsk\u00fcler ve subkutan enjeksiyon e\u011fitimleri i\u00e7in tasarlanm\u0131\u015f ger\u00e7ek\u00e7i ve dayan\u0131kl\u0131 bir e\u011fitim modelidir. Silikon yap\u0131s\u0131, \u00e7ift enjeksiyon sistemi ve ta\u015f\u0131nabilir tasar\u0131m\u0131 ile sa\u011fl\u0131k profesyonelleri i\u00e7in ideal bir \u00e7\u00f6z\u00fcmd\u00fcr.","robots":{"index":"index","follow":"follow","max-snippet":"max-snippet:-1","max-image-preview":"max-image-preview:large","max-video-preview":"max-video-preview:-1"},"canonical":"https:\/\/merkim.com.tr\/merkim-maket\/urun\/injection-task-trainer-gelismis-enjeksiyon-egitim-simulasyon-modeli\/","og_locale":"tr_TR","og_type":"article","og_title":"Injection Task Trainer \u2013 Geli\u015fmi\u015f Enjeksiyon E\u011fitim Sim\u00fclasyon Modeli - Merkim Maket","og_description":"Injection Task Trainer, intram\u00fcsk\u00fcler ve subkutan enjeksiyon e\u011fitimleri i\u00e7in tasarlanm\u0131\u015f ger\u00e7ek\u00e7i ve dayan\u0131kl\u0131 bir e\u011fitim modelidir. Silikon yap\u0131s\u0131, \u00e7ift enjeksiyon sistemi ve ta\u015f\u0131nabilir tasar\u0131m\u0131 ile sa\u011fl\u0131k profesyonelleri i\u00e7in ideal bir \u00e7\u00f6z\u00fcmd\u00fcr.","og_url":"https:\/\/merkim.com.tr\/merkim-maket\/urun\/injection-task-trainer-gelismis-enjeksiyon-egitim-simulasyon-modeli\/","og_site_name":"Merkim Maket","og_image":[{"width":800,"height":800,"url":"https:\/\/merkim.com.tr\/merkim-maket\/wp-content\/uploads\/2025\/06\/injection-task-trainer-egitim-simulasyon-modeli-saglik.png","type":"image\/png"}],"twitter_card":"summary_large_image","twitter_misc":{"Tahmini okuma s\u00fcresi":"2 dakika"},"schema":{"@context":"https:\/\/schema.org","@graph":[{"@type":"WebPage","@id":"https:\/\/merkim.com.tr\/merkim-maket\/urun\/injection-task-trainer-gelismis-enjeksiyon-egitim-simulasyon-modeli\/","url":"https:\/\/merkim.com.tr\/merkim-maket\/urun\/injection-task-trainer-gelismis-enjeksiyon-egitim-simulasyon-modeli\/","name":"Injection Task Trainer \u2013 Geli\u015fmi\u015f Enjeksiyon E\u011fitim Sim\u00fclasyon Modeli - Merkim Maket","isPartOf":{"@id":"https:\/\/merkim.com.tr\/merkim-maket\/#website"},"primaryImageOfPage":{"@id":"https:\/\/merkim.com.tr\/merkim-maket\/urun\/injection-task-trainer-gelismis-enjeksiyon-egitim-simulasyon-modeli\/#primaryimage"},"image":{"@id":"https:\/\/merkim.com.tr\/merkim-maket\/urun\/injection-task-trainer-gelismis-enjeksiyon-egitim-simulasyon-modeli\/#primaryimage"},"thumbnailUrl":"https:\/\/merkim.com.tr\/merkim-maket\/wp-content\/uploads\/2025\/06\/injection-task-trainer-egitim-simulasyon-modeli-saglik.png","datePublished":"2025-06-30T18:28:57+00:00","description":"Injection Task Trainer, intram\u00fcsk\u00fcler ve subkutan enjeksiyon e\u011fitimleri i\u00e7in tasarlanm\u0131\u015f ger\u00e7ek\u00e7i ve dayan\u0131kl\u0131 bir e\u011fitim modelidir. Silikon yap\u0131s\u0131, \u00e7ift enjeksiyon sistemi ve ta\u015f\u0131nabilir tasar\u0131m\u0131 ile sa\u011fl\u0131k profesyonelleri i\u00e7in ideal bir \u00e7\u00f6z\u00fcmd\u00fcr.","breadcrumb":{"@id":"https:\/\/merkim.com.tr\/merkim-maket\/urun\/injection-task-trainer-gelismis-enjeksiyon-egitim-simulasyon-modeli\/#breadcrumb"},"inLanguage":"tr","potentialAction":[{"@type":"ReadAction","target":["https:\/\/merkim.com.tr\/merkim-maket\/urun\/injection-task-trainer-gelismis-enjeksiyon-egitim-simulasyon-modeli\/"]}]},{"@type":"ImageObject","inLanguage":"tr","@id":"https:\/\/merkim.com.tr\/merkim-maket\/urun\/injection-task-trainer-gelismis-enjeksiyon-egitim-simulasyon-modeli\/#primaryimage","url":"https:\/\/merkim.com.tr\/merkim-maket\/wp-content\/uploads\/2025\/06\/injection-task-trainer-egitim-simulasyon-modeli-saglik.png","contentUrl":"https:\/\/merkim.com.tr\/merkim-maket\/wp-content\/uploads\/2025\/06\/injection-task-trainer-egitim-simulasyon-modeli-saglik.png","width":800,"height":800,"caption":"Sa\u011fl\u0131k profesyonelleri i\u00e7in enjeksiyon e\u011fitimi sa\u011flayan ger\u00e7ek\u00e7i model"},{"@type":"BreadcrumbList","@id":"https:\/\/merkim.com.tr\/merkim-maket\/urun\/injection-task-trainer-gelismis-enjeksiyon-egitim-simulasyon-modeli\/#breadcrumb","itemListElement":[{"@type":"ListItem","position":1,"name":"Anasayfa","item":"https:\/\/merkim.com.tr\/merkim-maket\/"},{"@type":"ListItem","position":2,"name":"Ma\u011faza","item":"https:\/\/merkim.com.tr\/merkim-maket\/magaza\/"},{"@type":"ListItem","position":3,"name":"Injection Task Trainer \u2013 Geli\u015fmi\u015f Enjeksiyon E\u011fitim Sim\u00fclasyon Modeli"}]},{"@type":"WebSite","@id":"https:\/\/merkim.com.tr\/merkim-maket\/#website","url":"https:\/\/merkim.com.tr\/merkim-maket\/","name":"Merkim Maket","description":"","potentialAction":[{"@type":"SearchAction","target":{"@type":"EntryPoint","urlTemplate":"https:\/\/merkim.com.tr\/merkim-maket\/?s={search_term_string}"},"query-input":{"@type":"PropertyValueSpecification","valueRequired":true,"valueName":"search_term_string"}}],"inLanguage":"tr"}]}},"_links":{"self":[{"href":"https:\/\/merkim.com.tr\/merkim-maket\/wp-json\/wp\/v2\/product\/328","targetHints":{"allow":["GET"]}}],"collection":[{"href":"https:\/\/merkim.com.tr\/merkim-maket\/wp-json\/wp\/v2\/product"}],"about":[{"href":"https:\/\/merkim.com.tr\/merkim-maket\/wp-json\/wp\/v2\/types\/product"}],"replies":[{"embeddable":true,"href":"https:\/\/merkim.com.tr\/merkim-maket\/wp-json\/wp\/v2\/comments?post=328"}],"wp:featuredmedia":[{"embeddable":true,"href":"https:\/\/merkim.com.tr\/merkim-maket\/wp-json\/wp\/v2\/media\/329"}],"wp:attachment":[{"href":"https:\/\/merkim.com.tr\/merkim-maket\/wp-json\/wp\/v2\/media?parent=328"}],"wp:term":[{"taxonomy":"product_brand","embeddable":true,"href":"https:\/\/merkim.com.tr\/merkim-maket\/wp-json\/wp\/v2\/product_brand?post=328"},{"taxonomy":"product_cat","embeddable":true,"href":"https:\/\/merkim.com.tr\/merkim-maket\/wp-json\/wp\/v2\/product_cat?post=328"},{"taxonomy":"product_tag","embeddable":true,"href":"https:\/\/merkim.com.tr\/merkim-maket\/wp-json\/wp\/v2\/product_tag?post=328"}],"curies":[{"name":"wp","href":"https:\/\/api.w.org\/{rel}","templated":true}]}}