{"id":326,"date":"2025-06-30T18:20:05","date_gmt":"2025-06-30T18:20:05","guid":{"rendered":"https:\/\/merkim.com.tr\/merkim-maket\/?post_type=product&#038;p=326"},"modified":"2025-06-30T18:20:05","modified_gmt":"2025-06-30T18:20:05","slug":"wound-care-injection-task-trainer-gelismis-enjeksiyon-ve-yara-bakim-simulasyon-modeli","status":"publish","type":"product","link":"https:\/\/merkim.com.tr\/merkim-maket\/urun\/wound-care-injection-task-trainer-gelismis-enjeksiyon-ve-yara-bakim-simulasyon-modeli\/","title":{"rendered":"Wound Care &#038; Injection Task Trainer \u2013 Geli\u015fmi\u015f Enjeksiyon ve Yara Bak\u0131m Sim\u00fclasyon Modeli"},"content":{"rendered":"<p data-start=\"337\" data-end=\"682\"><strong data-start=\"337\" data-end=\"376\">Wound Care &amp; Injection Task Trainer<\/strong>, hem\u015firelik, t\u0131bbi e\u011fitim ve klinik sim\u00fclasyon alanlar\u0131nda profesyonel e\u011fitim sa\u011flamak amac\u0131yla \u00f6zel olarak tasarlanm\u0131\u015f, ileri d\u00fczey bir yara bak\u0131m\u0131 ve enjeksiyon e\u011fitim modelidir. Ger\u00e7ek\u00e7i yap\u0131s\u0131, \u00e7ok i\u015flevli kullan\u0131m imk\u00e2n\u0131 ve uzun \u00f6m\u00fcrl\u00fc tasar\u0131m\u0131 sayesinde sa\u011fl\u0131k e\u011fitiminin vazge\u00e7ilmez bir par\u00e7as\u0131d\u0131r.<\/p>\n<p data-start=\"684\" data-end=\"709\"><strong data-start=\"684\" data-end=\"709\">\u00d6ne \u00c7\u0131kan \u00d6zellikler:<\/strong><\/p>\n<p data-start=\"711\" data-end=\"755\">\ud83e\ude79 <strong data-start=\"714\" data-end=\"753\">Kapsaml\u0131 Yara ve Enjeksiyon E\u011fitimi<\/strong><\/p>\n<ul data-start=\"756\" data-end=\"816\">\n<li data-start=\"756\" data-end=\"771\">\n<p data-start=\"758\" data-end=\"771\">Yara bak\u0131m\u0131<\/p>\n<\/li>\n<li data-start=\"772\" data-end=\"797\">\n<p data-start=\"774\" data-end=\"797\">Pansuman uygulamalar\u0131<\/p>\n<\/li>\n<li data-start=\"798\" data-end=\"816\">\n<p data-start=\"800\" data-end=\"816\">Hematom y\u00f6netimi<\/p>\n<\/li>\n<\/ul>\n<p data-start=\"818\" data-end=\"850\">\ud83d\udc89 <strong data-start=\"821\" data-end=\"848\">\u00c7ift Enjeksiyon Sistemi<\/strong><\/p>\n<ul data-start=\"851\" data-end=\"965\">\n<li data-start=\"851\" data-end=\"896\">\n<p data-start=\"853\" data-end=\"896\">Hem hava hem de su enjeksiyonlar\u0131na uygun<\/p>\n<\/li>\n<li data-start=\"897\" data-end=\"965\">\n<p data-start=\"899\" data-end=\"965\">Otomatik drenaj sistemi ile hijyenik ve tekrar edilebilir kullan\u0131m<\/p>\n<\/li>\n<\/ul>\n<p data-start=\"967\" data-end=\"999\">\ud83e\uddec <strong data-start=\"970\" data-end=\"997\">Ger\u00e7ek\u00e7i Malzeme Yap\u0131s\u0131<\/strong><\/p>\n<ul data-start=\"1000\" data-end=\"1139\">\n<li data-start=\"1000\" data-end=\"1066\">\n<p data-start=\"1002\" data-end=\"1066\">Yumu\u015fak silikon ve plastik kombinasyonu ile dokunsal ger\u00e7eklik<\/p>\n<\/li>\n<li data-start=\"1067\" data-end=\"1139\">\n<p data-start=\"1069\" data-end=\"1139\">Otantik deri alt\u0131 ve kas hissi ile enjeksiyon e\u011fitiminde y\u00fcksek ba\u015far\u0131<\/p>\n<\/li>\n<\/ul>\n<p data-start=\"1141\" data-end=\"1194\">\ud83d\udd2c <strong data-start=\"1144\" data-end=\"1192\">\u0130ntram\u00fcsk\u00fcler ve Subkutan Enjeksiyon E\u011fitimi<\/strong><\/p>\n<ul data-start=\"1195\" data-end=\"1277\">\n<li data-start=\"1195\" data-end=\"1277\">\n<p data-start=\"1197\" data-end=\"1277\">G\u00fcvenli, etkili ve kontroll\u00fc enjeksiyon prati\u011fi i\u00e7in \u00f6zel olarak tasarlanm\u0131\u015ft\u0131r.<\/p>\n<\/li>\n<\/ul>\n<p data-start=\"1279\" data-end=\"1317\">\ud83c\udf92 <strong data-start=\"1282\" data-end=\"1315\">Ta\u015f\u0131nabilir ve Dayan\u0131kl\u0131 Yap\u0131<\/strong><\/p>\n<ul data-start=\"1318\" data-end=\"1442\">\n<li data-start=\"1318\" data-end=\"1338\">\n<p data-start=\"1320\" data-end=\"1338\">A\u011f\u0131rl\u0131k: 0.55 kg<\/p>\n<\/li>\n<li data-start=\"1339\" data-end=\"1364\">\n<p data-start=\"1341\" data-end=\"1364\">Boyut: 20 x 12 x 5 cm<\/p>\n<\/li>\n<li data-start=\"1365\" data-end=\"1442\">\n<p data-start=\"1367\" data-end=\"1442\">Kompakt ve hafif yap\u0131s\u0131 sayesinde bireysel ya da grup e\u011fitimlerine uygundur<\/p>\n<\/li>\n<\/ul>\n<p data-start=\"1444\" data-end=\"1490\">\ud83d\udce6 <strong data-start=\"1447\" data-end=\"1488\">Uzun S\u00fcreli ve Yeniden Kullan\u0131labilir<\/strong><\/p>\n<ul data-start=\"1491\" data-end=\"1574\">\n<li data-start=\"1491\" data-end=\"1574\">\n<p data-start=\"1493\" data-end=\"1574\">E\u011fitim kurumlar\u0131nda ve hizmet i\u00e7i e\u011fitimlerde defalarca kullan\u0131labilir yap\u0131dad\u0131r.<\/p>\n<\/li>\n<\/ul>\n<p data-start=\"1576\" data-end=\"1598\"><strong data-start=\"1576\" data-end=\"1598\">Kullan\u0131m Alanlar\u0131:<\/strong><\/p>\n<ul data-start=\"1599\" data-end=\"1775\">\n<li data-start=\"1599\" data-end=\"1652\">\n<p data-start=\"1601\" data-end=\"1652\">Hem\u015firelik okullar\u0131 ve sim\u00fclasyon laboratuvarlar\u0131<\/p>\n<\/li>\n<li data-start=\"1653\" data-end=\"1679\">\n<p data-start=\"1655\" data-end=\"1679\">Sa\u011fl\u0131k meslek liseleri<\/p>\n<\/li>\n<li data-start=\"1680\" data-end=\"1699\">\n<p data-start=\"1682\" data-end=\"1699\">T\u0131p fak\u00fclteleri<\/p>\n<\/li>\n<li data-start=\"1700\" data-end=\"1742\">\n<p data-start=\"1702\" data-end=\"1742\">Hastane i\u00e7i s\u00fcrekli e\u011fitim programlar\u0131<\/p>\n<\/li>\n<li data-start=\"1743\" data-end=\"1775\">\n<p data-start=\"1745\" data-end=\"1775\">\u0130lk yard\u0131m e\u011fitimi kurulu\u015flar\u0131<\/p>\n<\/li>\n<\/ul>\n<p data-start=\"1777\" data-end=\"1865\"><strong data-start=\"1777\" data-end=\"1865\">E\u011fitim kalitesini art\u0131rmak ve pratik becerileri peki\u015ftirmek i\u00e7in ideal bir modeldir.<\/strong><\/p>\n","protected":false},"excerpt":{"rendered":"<p>Wound Care &amp; Injection Task Trainer, yara bak\u0131m\u0131, hematom y\u00f6netimi ve intram\u00fcsk\u00fcler\/subkutan enjeksiyon e\u011fitimleri i\u00e7in geli\u015ftirilmi\u015f, ger\u00e7ek\u00e7i malzemeden \u00fcretilmi\u015f ileri seviye bir e\u011fitim sim\u00fclasyon modelidir.<\/p>\n","protected":false},"featured_media":327,"comment_status":"open","ping_status":"closed","template":"","meta":[],"product_brand":[950],"product_cat":[15,949],"product_tag":[1028,283,1031,146,1029,109,1033,1032,1030,176,1034,1023],"class_list":{"0":"post-326","1":"product","2":"type-product","3":"status-publish","4":"has-post-thumbnail","6":"product_brand-medical-x","7":"product_cat-genel","8":"product_cat-medical-x","9":"product_tag-enjeksiyon-egitim-modeli","10":"product_tag-enjeksiyon-simulatoru","11":"product_tag-hematom-yonetimi","12":"product_tag-hemsirelik-simulasyonu","13":"product_tag-intramuskuler-enjeksiyon","14":"product_tag-klinik-beceri-egitimi","15":"product_tag-saglik-egitim-ekipmani","16":"product_tag-silikon-egitim-modeli","17":"product_tag-subkutan-enjeksiyon","18":"product_tag-tibbi-egitim-maketi","19":"product_tag-tibbi-simulasyon-modeli","20":"product_tag-yara-bakim-egitimi","22":"first","23":"instock","24":"shipping-taxable","25":"product-type-simple"},"yoast_head":"<!-- This site is optimized with the Yoast SEO plugin v25.2 - https:\/\/yoast.com\/wordpress\/plugins\/seo\/ -->\n<title>Wound Care &amp; Injection Task Trainer \u2013 Geli\u015fmi\u015f Enjeksiyon ve Yara Bak\u0131m Sim\u00fclasyon Modeli - Merkim Maket<\/title>\n<meta name=\"description\" content=\"Wound Care &amp; Injection Task Trainer, enjeksiyon ve yara bak\u0131m e\u011fitimi i\u00e7in geli\u015ftirilmi\u015f ger\u00e7ek\u00e7i bir e\u011fitim modelidir. Subkutan ve intram\u00fcsk\u00fcler enjeksiyon, hematom y\u00f6netimi ve pansuman e\u011fitimi i\u00e7in ideal, dayan\u0131kl\u0131 ve tekrar kullan\u0131labilir yap\u0131dad\u0131r.\" \/>\n<meta name=\"robots\" content=\"index, follow, max-snippet:-1, max-image-preview:large, max-video-preview:-1\" \/>\n<link rel=\"canonical\" href=\"https:\/\/merkim.com.tr\/merkim-maket\/urun\/wound-care-injection-task-trainer-gelismis-enjeksiyon-ve-yara-bakim-simulasyon-modeli\/\" \/>\n<meta property=\"og:locale\" content=\"tr_TR\" \/>\n<meta property=\"og:type\" content=\"article\" \/>\n<meta property=\"og:title\" content=\"Wound Care &amp; Injection Task Trainer \u2013 Geli\u015fmi\u015f Enjeksiyon ve Yara Bak\u0131m Sim\u00fclasyon Modeli - Merkim Maket\" \/>\n<meta property=\"og:description\" content=\"Wound Care &amp; Injection Task Trainer, enjeksiyon ve yara bak\u0131m e\u011fitimi i\u00e7in geli\u015ftirilmi\u015f ger\u00e7ek\u00e7i bir e\u011fitim modelidir. Subkutan ve intram\u00fcsk\u00fcler enjeksiyon, hematom y\u00f6netimi ve pansuman e\u011fitimi i\u00e7in ideal, dayan\u0131kl\u0131 ve tekrar kullan\u0131labilir yap\u0131dad\u0131r.\" \/>\n<meta property=\"og:url\" content=\"https:\/\/merkim.com.tr\/merkim-maket\/urun\/wound-care-injection-task-trainer-gelismis-enjeksiyon-ve-yara-bakim-simulasyon-modeli\/\" \/>\n<meta property=\"og:site_name\" content=\"Merkim Maket\" \/>\n<meta property=\"og:image\" content=\"https:\/\/merkim.com.tr\/merkim-maket\/wp-content\/uploads\/2025\/06\/wound-care-injection-task-trainer-egitim-modeli-saglik.png\" \/>\n\t<meta property=\"og:image:width\" content=\"800\" \/>\n\t<meta property=\"og:image:height\" content=\"800\" \/>\n\t<meta property=\"og:image:type\" content=\"image\/png\" \/>\n<meta name=\"twitter:card\" content=\"summary_large_image\" \/>\n<meta name=\"twitter:label1\" content=\"Tahmini okuma s\u00fcresi\" \/>\n\t<meta name=\"twitter:data1\" content=\"2 dakika\" \/>\n<script type=\"application\/ld+json\" class=\"yoast-schema-graph\">{\"@context\":\"https:\/\/schema.org\",\"@graph\":[{\"@type\":\"WebPage\",\"@id\":\"https:\/\/merkim.com.tr\/merkim-maket\/urun\/wound-care-injection-task-trainer-gelismis-enjeksiyon-ve-yara-bakim-simulasyon-modeli\/\",\"url\":\"https:\/\/merkim.com.tr\/merkim-maket\/urun\/wound-care-injection-task-trainer-gelismis-enjeksiyon-ve-yara-bakim-simulasyon-modeli\/\",\"name\":\"Wound Care & Injection Task Trainer \u2013 Geli\u015fmi\u015f Enjeksiyon ve Yara Bak\u0131m Sim\u00fclasyon Modeli - Merkim Maket\",\"isPartOf\":{\"@id\":\"https:\/\/merkim.com.tr\/merkim-maket\/#website\"},\"primaryImageOfPage\":{\"@id\":\"https:\/\/merkim.com.tr\/merkim-maket\/urun\/wound-care-injection-task-trainer-gelismis-enjeksiyon-ve-yara-bakim-simulasyon-modeli\/#primaryimage\"},\"image\":{\"@id\":\"https:\/\/merkim.com.tr\/merkim-maket\/urun\/wound-care-injection-task-trainer-gelismis-enjeksiyon-ve-yara-bakim-simulasyon-modeli\/#primaryimage\"},\"thumbnailUrl\":\"https:\/\/merkim.com.tr\/merkim-maket\/wp-content\/uploads\/2025\/06\/wound-care-injection-task-trainer-egitim-modeli-saglik.png\",\"datePublished\":\"2025-06-30T18:20:05+00:00\",\"description\":\"Wound Care & Injection Task Trainer, enjeksiyon ve yara bak\u0131m e\u011fitimi i\u00e7in geli\u015ftirilmi\u015f ger\u00e7ek\u00e7i bir e\u011fitim modelidir. Subkutan ve intram\u00fcsk\u00fcler enjeksiyon, hematom y\u00f6netimi ve pansuman e\u011fitimi i\u00e7in ideal, dayan\u0131kl\u0131 ve tekrar kullan\u0131labilir yap\u0131dad\u0131r.\",\"breadcrumb\":{\"@id\":\"https:\/\/merkim.com.tr\/merkim-maket\/urun\/wound-care-injection-task-trainer-gelismis-enjeksiyon-ve-yara-bakim-simulasyon-modeli\/#breadcrumb\"},\"inLanguage\":\"tr\",\"potentialAction\":[{\"@type\":\"ReadAction\",\"target\":[\"https:\/\/merkim.com.tr\/merkim-maket\/urun\/wound-care-injection-task-trainer-gelismis-enjeksiyon-ve-yara-bakim-simulasyon-modeli\/\"]}]},{\"@type\":\"ImageObject\",\"inLanguage\":\"tr\",\"@id\":\"https:\/\/merkim.com.tr\/merkim-maket\/urun\/wound-care-injection-task-trainer-gelismis-enjeksiyon-ve-yara-bakim-simulasyon-modeli\/#primaryimage\",\"url\":\"https:\/\/merkim.com.tr\/merkim-maket\/wp-content\/uploads\/2025\/06\/wound-care-injection-task-trainer-egitim-modeli-saglik.png\",\"contentUrl\":\"https:\/\/merkim.com.tr\/merkim-maket\/wp-content\/uploads\/2025\/06\/wound-care-injection-task-trainer-egitim-modeli-saglik.png\",\"width\":800,\"height\":800,\"caption\":\"Ger\u00e7ek\u00e7i silikon y\u00fczeyli, ta\u015f\u0131nabilir enjeksiyon ve yara e\u011fitimi modeli\"},{\"@type\":\"BreadcrumbList\",\"@id\":\"https:\/\/merkim.com.tr\/merkim-maket\/urun\/wound-care-injection-task-trainer-gelismis-enjeksiyon-ve-yara-bakim-simulasyon-modeli\/#breadcrumb\",\"itemListElement\":[{\"@type\":\"ListItem\",\"position\":1,\"name\":\"Anasayfa\",\"item\":\"https:\/\/merkim.com.tr\/merkim-maket\/\"},{\"@type\":\"ListItem\",\"position\":2,\"name\":\"Ma\u011faza\",\"item\":\"https:\/\/merkim.com.tr\/merkim-maket\/magaza\/\"},{\"@type\":\"ListItem\",\"position\":3,\"name\":\"Wound Care &#038; Injection Task Trainer \u2013 Geli\u015fmi\u015f Enjeksiyon ve Yara Bak\u0131m Sim\u00fclasyon Modeli\"}]},{\"@type\":\"WebSite\",\"@id\":\"https:\/\/merkim.com.tr\/merkim-maket\/#website\",\"url\":\"https:\/\/merkim.com.tr\/merkim-maket\/\",\"name\":\"Merkim Maket\",\"description\":\"\",\"potentialAction\":[{\"@type\":\"SearchAction\",\"target\":{\"@type\":\"EntryPoint\",\"urlTemplate\":\"https:\/\/merkim.com.tr\/merkim-maket\/?s={search_term_string}\"},\"query-input\":{\"@type\":\"PropertyValueSpecification\",\"valueRequired\":true,\"valueName\":\"search_term_string\"}}],\"inLanguage\":\"tr\"}]}<\/script>\n<!-- \/ Yoast SEO plugin. -->","yoast_head_json":{"title":"Wound Care & Injection Task Trainer \u2013 Geli\u015fmi\u015f Enjeksiyon ve Yara Bak\u0131m Sim\u00fclasyon Modeli - Merkim Maket","description":"Wound Care & Injection Task Trainer, enjeksiyon ve yara bak\u0131m e\u011fitimi i\u00e7in geli\u015ftirilmi\u015f ger\u00e7ek\u00e7i bir e\u011fitim modelidir. Subkutan ve intram\u00fcsk\u00fcler enjeksiyon, hematom y\u00f6netimi ve pansuman e\u011fitimi i\u00e7in ideal, dayan\u0131kl\u0131 ve tekrar kullan\u0131labilir yap\u0131dad\u0131r.","robots":{"index":"index","follow":"follow","max-snippet":"max-snippet:-1","max-image-preview":"max-image-preview:large","max-video-preview":"max-video-preview:-1"},"canonical":"https:\/\/merkim.com.tr\/merkim-maket\/urun\/wound-care-injection-task-trainer-gelismis-enjeksiyon-ve-yara-bakim-simulasyon-modeli\/","og_locale":"tr_TR","og_type":"article","og_title":"Wound Care & Injection Task Trainer \u2013 Geli\u015fmi\u015f Enjeksiyon ve Yara Bak\u0131m Sim\u00fclasyon Modeli - Merkim Maket","og_description":"Wound Care & Injection Task Trainer, enjeksiyon ve yara bak\u0131m e\u011fitimi i\u00e7in geli\u015ftirilmi\u015f ger\u00e7ek\u00e7i bir e\u011fitim modelidir. Subkutan ve intram\u00fcsk\u00fcler enjeksiyon, hematom y\u00f6netimi ve pansuman e\u011fitimi i\u00e7in ideal, dayan\u0131kl\u0131 ve tekrar kullan\u0131labilir yap\u0131dad\u0131r.","og_url":"https:\/\/merkim.com.tr\/merkim-maket\/urun\/wound-care-injection-task-trainer-gelismis-enjeksiyon-ve-yara-bakim-simulasyon-modeli\/","og_site_name":"Merkim Maket","og_image":[{"width":800,"height":800,"url":"https:\/\/merkim.com.tr\/merkim-maket\/wp-content\/uploads\/2025\/06\/wound-care-injection-task-trainer-egitim-modeli-saglik.png","type":"image\/png"}],"twitter_card":"summary_large_image","twitter_misc":{"Tahmini okuma s\u00fcresi":"2 dakika"},"schema":{"@context":"https:\/\/schema.org","@graph":[{"@type":"WebPage","@id":"https:\/\/merkim.com.tr\/merkim-maket\/urun\/wound-care-injection-task-trainer-gelismis-enjeksiyon-ve-yara-bakim-simulasyon-modeli\/","url":"https:\/\/merkim.com.tr\/merkim-maket\/urun\/wound-care-injection-task-trainer-gelismis-enjeksiyon-ve-yara-bakim-simulasyon-modeli\/","name":"Wound Care & Injection Task Trainer \u2013 Geli\u015fmi\u015f Enjeksiyon ve Yara Bak\u0131m Sim\u00fclasyon Modeli - Merkim Maket","isPartOf":{"@id":"https:\/\/merkim.com.tr\/merkim-maket\/#website"},"primaryImageOfPage":{"@id":"https:\/\/merkim.com.tr\/merkim-maket\/urun\/wound-care-injection-task-trainer-gelismis-enjeksiyon-ve-yara-bakim-simulasyon-modeli\/#primaryimage"},"image":{"@id":"https:\/\/merkim.com.tr\/merkim-maket\/urun\/wound-care-injection-task-trainer-gelismis-enjeksiyon-ve-yara-bakim-simulasyon-modeli\/#primaryimage"},"thumbnailUrl":"https:\/\/merkim.com.tr\/merkim-maket\/wp-content\/uploads\/2025\/06\/wound-care-injection-task-trainer-egitim-modeli-saglik.png","datePublished":"2025-06-30T18:20:05+00:00","description":"Wound Care & Injection Task Trainer, enjeksiyon ve yara bak\u0131m e\u011fitimi i\u00e7in geli\u015ftirilmi\u015f ger\u00e7ek\u00e7i bir e\u011fitim modelidir. Subkutan ve intram\u00fcsk\u00fcler enjeksiyon, hematom y\u00f6netimi ve pansuman e\u011fitimi i\u00e7in ideal, dayan\u0131kl\u0131 ve tekrar kullan\u0131labilir yap\u0131dad\u0131r.","breadcrumb":{"@id":"https:\/\/merkim.com.tr\/merkim-maket\/urun\/wound-care-injection-task-trainer-gelismis-enjeksiyon-ve-yara-bakim-simulasyon-modeli\/#breadcrumb"},"inLanguage":"tr","potentialAction":[{"@type":"ReadAction","target":["https:\/\/merkim.com.tr\/merkim-maket\/urun\/wound-care-injection-task-trainer-gelismis-enjeksiyon-ve-yara-bakim-simulasyon-modeli\/"]}]},{"@type":"ImageObject","inLanguage":"tr","@id":"https:\/\/merkim.com.tr\/merkim-maket\/urun\/wound-care-injection-task-trainer-gelismis-enjeksiyon-ve-yara-bakim-simulasyon-modeli\/#primaryimage","url":"https:\/\/merkim.com.tr\/merkim-maket\/wp-content\/uploads\/2025\/06\/wound-care-injection-task-trainer-egitim-modeli-saglik.png","contentUrl":"https:\/\/merkim.com.tr\/merkim-maket\/wp-content\/uploads\/2025\/06\/wound-care-injection-task-trainer-egitim-modeli-saglik.png","width":800,"height":800,"caption":"Ger\u00e7ek\u00e7i silikon y\u00fczeyli, ta\u015f\u0131nabilir enjeksiyon ve yara e\u011fitimi modeli"},{"@type":"BreadcrumbList","@id":"https:\/\/merkim.com.tr\/merkim-maket\/urun\/wound-care-injection-task-trainer-gelismis-enjeksiyon-ve-yara-bakim-simulasyon-modeli\/#breadcrumb","itemListElement":[{"@type":"ListItem","position":1,"name":"Anasayfa","item":"https:\/\/merkim.com.tr\/merkim-maket\/"},{"@type":"ListItem","position":2,"name":"Ma\u011faza","item":"https:\/\/merkim.com.tr\/merkim-maket\/magaza\/"},{"@type":"ListItem","position":3,"name":"Wound Care &#038; Injection Task Trainer \u2013 Geli\u015fmi\u015f Enjeksiyon ve Yara Bak\u0131m Sim\u00fclasyon Modeli"}]},{"@type":"WebSite","@id":"https:\/\/merkim.com.tr\/merkim-maket\/#website","url":"https:\/\/merkim.com.tr\/merkim-maket\/","name":"Merkim Maket","description":"","potentialAction":[{"@type":"SearchAction","target":{"@type":"EntryPoint","urlTemplate":"https:\/\/merkim.com.tr\/merkim-maket\/?s={search_term_string}"},"query-input":{"@type":"PropertyValueSpecification","valueRequired":true,"valueName":"search_term_string"}}],"inLanguage":"tr"}]}},"_links":{"self":[{"href":"https:\/\/merkim.com.tr\/merkim-maket\/wp-json\/wp\/v2\/product\/326","targetHints":{"allow":["GET"]}}],"collection":[{"href":"https:\/\/merkim.com.tr\/merkim-maket\/wp-json\/wp\/v2\/product"}],"about":[{"href":"https:\/\/merkim.com.tr\/merkim-maket\/wp-json\/wp\/v2\/types\/product"}],"replies":[{"embeddable":true,"href":"https:\/\/merkim.com.tr\/merkim-maket\/wp-json\/wp\/v2\/comments?post=326"}],"wp:featuredmedia":[{"embeddable":true,"href":"https:\/\/merkim.com.tr\/merkim-maket\/wp-json\/wp\/v2\/media\/327"}],"wp:attachment":[{"href":"https:\/\/merkim.com.tr\/merkim-maket\/wp-json\/wp\/v2\/media?parent=326"}],"wp:term":[{"taxonomy":"product_brand","embeddable":true,"href":"https:\/\/merkim.com.tr\/merkim-maket\/wp-json\/wp\/v2\/product_brand?post=326"},{"taxonomy":"product_cat","embeddable":true,"href":"https:\/\/merkim.com.tr\/merkim-maket\/wp-json\/wp\/v2\/product_cat?post=326"},{"taxonomy":"product_tag","embeddable":true,"href":"https:\/\/merkim.com.tr\/merkim-maket\/wp-json\/wp\/v2\/product_tag?post=326"}],"curies":[{"name":"wp","href":"https:\/\/api.w.org\/{rel}","templated":true}]}}