{"id":317,"date":"2025-06-27T14:23:14","date_gmt":"2025-06-27T14:23:14","guid":{"rendered":"https:\/\/merkim.com.tr\/merkim-maket\/?post_type=product&#038;p=317"},"modified":"2025-06-27T14:23:14","modified_gmt":"2025-06-27T14:23:14","slug":"nenasim-preemie-gelismis-27-haftalik-premature-bebek-simulatoru","status":"publish","type":"product","link":"https:\/\/merkim.com.tr\/merkim-maket\/urun\/nenasim-preemie-gelismis-27-haftalik-premature-bebek-simulatoru\/","title":{"rendered":"NENASim Preemie \u2013 Geli\u015fmi\u015f 27 Haftal\u0131k Premat\u00fcre Bebek Sim\u00fclat\u00f6r\u00fc"},"content":{"rendered":"<p data-start=\"333\" data-end=\"655\"><strong data-start=\"333\" data-end=\"352\">NENASim Preemie<\/strong>, 27 haftal\u0131k premat\u00fcre bir k\u0131z bebe\u011fi temsil eden, yenido\u011fan yo\u011fun bak\u0131m ve ileri ya\u015fam deste\u011fi e\u011fitimleri i\u00e7in geli\u015ftirilmi\u015f y\u00fcksek ger\u00e7eklikli bir sim\u00fclat\u00f6rd\u00fcr. Do\u011fumdan sonra kritik dakikalar i\u00e7erisinde yap\u0131lan t\u0131bbi m\u00fcdahaleler konusunda <strong data-start=\"595\" data-end=\"655\">sa\u011fl\u0131k profesyonellerine uygulamal\u0131 e\u011fitim imk\u00e2n\u0131 sunar.<\/strong><\/p>\n<p data-start=\"657\" data-end=\"964\">Hafif, ta\u015f\u0131nabilir ve dayan\u0131kl\u0131 yap\u0131s\u0131 ile klinik ve sim\u00fclasyon merkezlerinde pratik kullan\u0131ma uygundur. Geli\u015fmi\u015f havayolu y\u00f6netimi, intraven\u00f6z giri\u015fim, ventilasyon e\u011fitimi ve intraosse\u00f6z (IO) m\u00fcdahaleler gibi \u00e7ok y\u00f6nl\u00fc \u00f6zellikleri sayesinde yenido\u011fan yo\u011fun bak\u0131m e\u011fitiminin t\u00fcm a\u015famalar\u0131nda kullan\u0131labilir.<\/p>\n<h4 data-start=\"966\" data-end=\"992\"><strong data-start=\"971\" data-end=\"992\">Temel \u00d6zellikler:<\/strong><\/h4>\n<ul data-start=\"994\" data-end=\"1751\">\n<li data-start=\"994\" data-end=\"1151\">\n<p data-start=\"996\" data-end=\"1151\"><strong data-start=\"996\" data-end=\"1017\">Ger\u00e7ek\u00e7i Tasar\u0131m:<\/strong> 33 cm uzunluk ve 730 gram a\u011f\u0131rl\u0131kta olup, ger\u00e7ek premat\u00fcre bebek g\u00f6r\u00fcn\u00fcm\u00fc ve cilt dokusuna sahiptir. Kad\u0131n anatomisiyle \u00fcretilmi\u015ftir.<\/p>\n<\/li>\n<li data-start=\"1152\" data-end=\"1251\">\n<p data-start=\"1154\" data-end=\"1251\"><strong data-start=\"1154\" data-end=\"1176\">\u0130ntraven\u00f6z E\u011fitim:<\/strong> Y\u00fczeysel temporal damarlara enjeksiyon ve s\u0131v\u0131 geri bo\u015falt\u0131m\u0131 yap\u0131labilir.<\/p>\n<\/li>\n<li data-start=\"1252\" data-end=\"1399\">\n<p data-start=\"1254\" data-end=\"1399\"><strong data-start=\"1254\" data-end=\"1285\">Geli\u015fmi\u015f Havayolu Y\u00f6netimi:<\/strong> Orofaringeal ve nazofaringeal airway yerle\u015ftirme, ent\u00fcbasyon ve supraglottik cihaz kullan\u0131m\u0131 e\u011fitimi desteklenir.<\/p>\n<\/li>\n<li data-start=\"1400\" data-end=\"1541\">\n<p data-start=\"1402\" data-end=\"1541\"><strong data-start=\"1402\" data-end=\"1431\">Ger\u00e7ek\u00e7i Solunum Sistemi:<\/strong> Ventilasyon s\u0131ras\u0131nda g\u00f6\u011f\u00fcs\u00fcn inip kalkmas\u0131 sim\u00fcle edilir. \u00d6zofagus ent\u00fcbasyonunda kar\u0131n \u015fi\u015fli\u011fi g\u00f6zlemlenir.<\/p>\n<\/li>\n<li data-start=\"1542\" data-end=\"1643\">\n<p data-start=\"1544\" data-end=\"1643\"><strong data-start=\"1544\" data-end=\"1574\">Fonksiyonel G\u00f6bek Kordonu:<\/strong> \u0130ki arter ve bir ven i\u00e7erir; ger\u00e7ek\u00e7i kan\u00fclasyon e\u011fitimine uygundur.<\/p>\n<\/li>\n<li data-start=\"1644\" data-end=\"1751\">\n<p data-start=\"1646\" data-end=\"1751\"><strong data-start=\"1646\" data-end=\"1670\">\u0130ntraosse\u00f6z Giri\u015fim:<\/strong> Kemik i\u00e7i enjeksiyon uygulamalar\u0131 i\u00e7in de\u011fi\u015ftirilebilir IO e\u011fitim mod\u00fcl\u00fc i\u00e7erir.<\/p>\n<\/li>\n<\/ul>\n<p data-start=\"1753\" data-end=\"1920\"><strong data-start=\"1753\" data-end=\"1772\">NENASim Preemie<\/strong>, sa\u011fl\u0131k personelinin premat\u00fcre yenido\u011fanlara m\u00fcdahale konusunda <strong data-start=\"1837\" data-end=\"1920\">hayati beceriler kazanmas\u0131n\u0131 sa\u011flayan ileri d\u00fczey bir medikal e\u011fitim \u00e7\u00f6z\u00fcm\u00fcd\u00fcr.\u00a0<\/strong><\/p>\n<p data-start=\"1753\" data-end=\"1920\">KATALOG <a href=\"https:\/\/merkim.com.tr\/denemeler\/20230926_NENASim-Preemie-Xact_Brochure.pdf\">\u0130ND\u0130R ..!<\/a><\/p>\n","protected":false},"excerpt":{"rendered":"<p>27 haftal\u0131k premat\u00fcre bebe\u011fi temsil eden, havayolu y\u00f6netimi, IV ve IO uygulamalar\u0131 gibi yenido\u011fan ya\u015fam deste\u011fi e\u011fitimi sunan y\u00fcksek ger\u00e7eklikli e\u011fitim sim\u00fclat\u00f6r\u00fcd\u00fcr.<\/p>\n","protected":false},"featured_media":319,"comment_status":"open","ping_status":"closed","template":"","meta":[],"product_brand":[950],"product_cat":[15,949],"product_tag":[1001,997,998,996,601,995,991,1000,993,992,994,999],"class_list":{"0":"post-317","1":"product","2":"type-product","3":"status-publish","4":"has-post-thumbnail","6":"product_brand-medical-x","7":"product_cat-genel","8":"product_cat-medical-x","9":"product_tag-27-haftalik-premature-egitim-modeli","10":"product_tag-entubasyon-bebek-modeli","11":"product_tag-havayolu-egitimi","12":"product_tag-intraosseoz-girisim-simulasyonu","13":"product_tag-io-egitimi","14":"product_tag-iv-egitim-bebek","15":"product_tag-nenasim-preemie","16":"product_tag-neonatal-simulator","17":"product_tag-neonatal-yasam-destegi","18":"product_tag-premature-bebek-simulatoru","19":"product_tag-premature-egitim-mankeni","20":"product_tag-yenidogan-canlandirma-egitimi","22":"first","23":"instock","24":"shipping-taxable","25":"product-type-simple"},"yoast_head":"<!-- This site is optimized with the Yoast SEO plugin v25.2 - https:\/\/yoast.com\/wordpress\/plugins\/seo\/ -->\n<title>NENASim Preemie \u2013 Geli\u015fmi\u015f 27 Haftal\u0131k Premat\u00fcre Bebek Sim\u00fclat\u00f6r\u00fc - Merkim Maket<\/title>\n<meta name=\"description\" content=\"NENASim Preemie, 27 haftal\u0131k premat\u00fcre bir bebe\u011fi temsil eden, IV, airway, IO ve ventilasyon e\u011fitimi sa\u011flayan geli\u015fmi\u015f neonatal sim\u00fclat\u00f6rd\u00fcr. Yenido\u011fan yo\u011fun bak\u0131m e\u011fitimi i\u00e7in ideal bir \u00e7\u00f6z\u00fcmd\u00fcr.\" \/>\n<meta name=\"robots\" content=\"index, follow, max-snippet:-1, max-image-preview:large, max-video-preview:-1\" \/>\n<link rel=\"canonical\" href=\"https:\/\/merkim.com.tr\/merkim-maket\/urun\/nenasim-preemie-gelismis-27-haftalik-premature-bebek-simulatoru\/\" \/>\n<meta property=\"og:locale\" content=\"tr_TR\" \/>\n<meta property=\"og:type\" content=\"article\" \/>\n<meta property=\"og:title\" content=\"NENASim Preemie \u2013 Geli\u015fmi\u015f 27 Haftal\u0131k Premat\u00fcre Bebek Sim\u00fclat\u00f6r\u00fc - Merkim Maket\" \/>\n<meta property=\"og:description\" content=\"NENASim Preemie, 27 haftal\u0131k premat\u00fcre bir bebe\u011fi temsil eden, IV, airway, IO ve ventilasyon e\u011fitimi sa\u011flayan geli\u015fmi\u015f neonatal sim\u00fclat\u00f6rd\u00fcr. Yenido\u011fan yo\u011fun bak\u0131m e\u011fitimi i\u00e7in ideal bir \u00e7\u00f6z\u00fcmd\u00fcr.\" \/>\n<meta property=\"og:url\" content=\"https:\/\/merkim.com.tr\/merkim-maket\/urun\/nenasim-preemie-gelismis-27-haftalik-premature-bebek-simulatoru\/\" \/>\n<meta property=\"og:site_name\" content=\"Merkim Maket\" \/>\n<meta property=\"og:image\" content=\"https:\/\/merkim.com.tr\/merkim-maket\/wp-content\/uploads\/2025\/06\/nenasim-preemie-premature-simulator-neonatal.png\" \/>\n\t<meta property=\"og:image:width\" content=\"800\" \/>\n\t<meta property=\"og:image:height\" content=\"800\" \/>\n\t<meta property=\"og:image:type\" content=\"image\/png\" \/>\n<meta name=\"twitter:card\" content=\"summary_large_image\" \/>\n<meta name=\"twitter:label1\" content=\"Tahmini okuma s\u00fcresi\" \/>\n\t<meta name=\"twitter:data1\" content=\"2 dakika\" \/>\n<script type=\"application\/ld+json\" class=\"yoast-schema-graph\">{\"@context\":\"https:\/\/schema.org\",\"@graph\":[{\"@type\":\"WebPage\",\"@id\":\"https:\/\/merkim.com.tr\/merkim-maket\/urun\/nenasim-preemie-gelismis-27-haftalik-premature-bebek-simulatoru\/\",\"url\":\"https:\/\/merkim.com.tr\/merkim-maket\/urun\/nenasim-preemie-gelismis-27-haftalik-premature-bebek-simulatoru\/\",\"name\":\"NENASim Preemie \u2013 Geli\u015fmi\u015f 27 Haftal\u0131k Premat\u00fcre Bebek Sim\u00fclat\u00f6r\u00fc - Merkim Maket\",\"isPartOf\":{\"@id\":\"https:\/\/merkim.com.tr\/merkim-maket\/#website\"},\"primaryImageOfPage\":{\"@id\":\"https:\/\/merkim.com.tr\/merkim-maket\/urun\/nenasim-preemie-gelismis-27-haftalik-premature-bebek-simulatoru\/#primaryimage\"},\"image\":{\"@id\":\"https:\/\/merkim.com.tr\/merkim-maket\/urun\/nenasim-preemie-gelismis-27-haftalik-premature-bebek-simulatoru\/#primaryimage\"},\"thumbnailUrl\":\"https:\/\/merkim.com.tr\/merkim-maket\/wp-content\/uploads\/2025\/06\/nenasim-preemie-premature-simulator-neonatal.png\",\"datePublished\":\"2025-06-27T14:23:14+00:00\",\"description\":\"NENASim Preemie, 27 haftal\u0131k premat\u00fcre bir bebe\u011fi temsil eden, IV, airway, IO ve ventilasyon e\u011fitimi sa\u011flayan geli\u015fmi\u015f neonatal sim\u00fclat\u00f6rd\u00fcr. Yenido\u011fan yo\u011fun bak\u0131m e\u011fitimi i\u00e7in ideal bir \u00e7\u00f6z\u00fcmd\u00fcr.\",\"breadcrumb\":{\"@id\":\"https:\/\/merkim.com.tr\/merkim-maket\/urun\/nenasim-preemie-gelismis-27-haftalik-premature-bebek-simulatoru\/#breadcrumb\"},\"inLanguage\":\"tr\",\"potentialAction\":[{\"@type\":\"ReadAction\",\"target\":[\"https:\/\/merkim.com.tr\/merkim-maket\/urun\/nenasim-preemie-gelismis-27-haftalik-premature-bebek-simulatoru\/\"]}]},{\"@type\":\"ImageObject\",\"inLanguage\":\"tr\",\"@id\":\"https:\/\/merkim.com.tr\/merkim-maket\/urun\/nenasim-preemie-gelismis-27-haftalik-premature-bebek-simulatoru\/#primaryimage\",\"url\":\"https:\/\/merkim.com.tr\/merkim-maket\/wp-content\/uploads\/2025\/06\/nenasim-preemie-premature-simulator-neonatal.png\",\"contentUrl\":\"https:\/\/merkim.com.tr\/merkim-maket\/wp-content\/uploads\/2025\/06\/nenasim-preemie-premature-simulator-neonatal.png\",\"width\":800,\"height\":800,\"caption\":\"IV, airway, IO ve ventilasyon e\u011fitimi i\u00e7in premat\u00fcre bebek modeli\"},{\"@type\":\"BreadcrumbList\",\"@id\":\"https:\/\/merkim.com.tr\/merkim-maket\/urun\/nenasim-preemie-gelismis-27-haftalik-premature-bebek-simulatoru\/#breadcrumb\",\"itemListElement\":[{\"@type\":\"ListItem\",\"position\":1,\"name\":\"Anasayfa\",\"item\":\"https:\/\/merkim.com.tr\/merkim-maket\/\"},{\"@type\":\"ListItem\",\"position\":2,\"name\":\"Ma\u011faza\",\"item\":\"https:\/\/merkim.com.tr\/merkim-maket\/magaza\/\"},{\"@type\":\"ListItem\",\"position\":3,\"name\":\"NENASim Preemie \u2013 Geli\u015fmi\u015f 27 Haftal\u0131k Premat\u00fcre Bebek Sim\u00fclat\u00f6r\u00fc\"}]},{\"@type\":\"WebSite\",\"@id\":\"https:\/\/merkim.com.tr\/merkim-maket\/#website\",\"url\":\"https:\/\/merkim.com.tr\/merkim-maket\/\",\"name\":\"Merkim Maket\",\"description\":\"\",\"potentialAction\":[{\"@type\":\"SearchAction\",\"target\":{\"@type\":\"EntryPoint\",\"urlTemplate\":\"https:\/\/merkim.com.tr\/merkim-maket\/?s={search_term_string}\"},\"query-input\":{\"@type\":\"PropertyValueSpecification\",\"valueRequired\":true,\"valueName\":\"search_term_string\"}}],\"inLanguage\":\"tr\"}]}<\/script>\n<!-- \/ Yoast SEO plugin. -->","yoast_head_json":{"title":"NENASim Preemie \u2013 Geli\u015fmi\u015f 27 Haftal\u0131k Premat\u00fcre Bebek Sim\u00fclat\u00f6r\u00fc - Merkim Maket","description":"NENASim Preemie, 27 haftal\u0131k premat\u00fcre bir bebe\u011fi temsil eden, IV, airway, IO ve ventilasyon e\u011fitimi sa\u011flayan geli\u015fmi\u015f neonatal sim\u00fclat\u00f6rd\u00fcr. Yenido\u011fan yo\u011fun bak\u0131m e\u011fitimi i\u00e7in ideal bir \u00e7\u00f6z\u00fcmd\u00fcr.","robots":{"index":"index","follow":"follow","max-snippet":"max-snippet:-1","max-image-preview":"max-image-preview:large","max-video-preview":"max-video-preview:-1"},"canonical":"https:\/\/merkim.com.tr\/merkim-maket\/urun\/nenasim-preemie-gelismis-27-haftalik-premature-bebek-simulatoru\/","og_locale":"tr_TR","og_type":"article","og_title":"NENASim Preemie \u2013 Geli\u015fmi\u015f 27 Haftal\u0131k Premat\u00fcre Bebek Sim\u00fclat\u00f6r\u00fc - Merkim Maket","og_description":"NENASim Preemie, 27 haftal\u0131k premat\u00fcre bir bebe\u011fi temsil eden, IV, airway, IO ve ventilasyon e\u011fitimi sa\u011flayan geli\u015fmi\u015f neonatal sim\u00fclat\u00f6rd\u00fcr. Yenido\u011fan yo\u011fun bak\u0131m e\u011fitimi i\u00e7in ideal bir \u00e7\u00f6z\u00fcmd\u00fcr.","og_url":"https:\/\/merkim.com.tr\/merkim-maket\/urun\/nenasim-preemie-gelismis-27-haftalik-premature-bebek-simulatoru\/","og_site_name":"Merkim Maket","og_image":[{"width":800,"height":800,"url":"https:\/\/merkim.com.tr\/merkim-maket\/wp-content\/uploads\/2025\/06\/nenasim-preemie-premature-simulator-neonatal.png","type":"image\/png"}],"twitter_card":"summary_large_image","twitter_misc":{"Tahmini okuma s\u00fcresi":"2 dakika"},"schema":{"@context":"https:\/\/schema.org","@graph":[{"@type":"WebPage","@id":"https:\/\/merkim.com.tr\/merkim-maket\/urun\/nenasim-preemie-gelismis-27-haftalik-premature-bebek-simulatoru\/","url":"https:\/\/merkim.com.tr\/merkim-maket\/urun\/nenasim-preemie-gelismis-27-haftalik-premature-bebek-simulatoru\/","name":"NENASim Preemie \u2013 Geli\u015fmi\u015f 27 Haftal\u0131k Premat\u00fcre Bebek Sim\u00fclat\u00f6r\u00fc - Merkim Maket","isPartOf":{"@id":"https:\/\/merkim.com.tr\/merkim-maket\/#website"},"primaryImageOfPage":{"@id":"https:\/\/merkim.com.tr\/merkim-maket\/urun\/nenasim-preemie-gelismis-27-haftalik-premature-bebek-simulatoru\/#primaryimage"},"image":{"@id":"https:\/\/merkim.com.tr\/merkim-maket\/urun\/nenasim-preemie-gelismis-27-haftalik-premature-bebek-simulatoru\/#primaryimage"},"thumbnailUrl":"https:\/\/merkim.com.tr\/merkim-maket\/wp-content\/uploads\/2025\/06\/nenasim-preemie-premature-simulator-neonatal.png","datePublished":"2025-06-27T14:23:14+00:00","description":"NENASim Preemie, 27 haftal\u0131k premat\u00fcre bir bebe\u011fi temsil eden, IV, airway, IO ve ventilasyon e\u011fitimi sa\u011flayan geli\u015fmi\u015f neonatal sim\u00fclat\u00f6rd\u00fcr. Yenido\u011fan yo\u011fun bak\u0131m e\u011fitimi i\u00e7in ideal bir \u00e7\u00f6z\u00fcmd\u00fcr.","breadcrumb":{"@id":"https:\/\/merkim.com.tr\/merkim-maket\/urun\/nenasim-preemie-gelismis-27-haftalik-premature-bebek-simulatoru\/#breadcrumb"},"inLanguage":"tr","potentialAction":[{"@type":"ReadAction","target":["https:\/\/merkim.com.tr\/merkim-maket\/urun\/nenasim-preemie-gelismis-27-haftalik-premature-bebek-simulatoru\/"]}]},{"@type":"ImageObject","inLanguage":"tr","@id":"https:\/\/merkim.com.tr\/merkim-maket\/urun\/nenasim-preemie-gelismis-27-haftalik-premature-bebek-simulatoru\/#primaryimage","url":"https:\/\/merkim.com.tr\/merkim-maket\/wp-content\/uploads\/2025\/06\/nenasim-preemie-premature-simulator-neonatal.png","contentUrl":"https:\/\/merkim.com.tr\/merkim-maket\/wp-content\/uploads\/2025\/06\/nenasim-preemie-premature-simulator-neonatal.png","width":800,"height":800,"caption":"IV, airway, IO ve ventilasyon e\u011fitimi i\u00e7in premat\u00fcre bebek modeli"},{"@type":"BreadcrumbList","@id":"https:\/\/merkim.com.tr\/merkim-maket\/urun\/nenasim-preemie-gelismis-27-haftalik-premature-bebek-simulatoru\/#breadcrumb","itemListElement":[{"@type":"ListItem","position":1,"name":"Anasayfa","item":"https:\/\/merkim.com.tr\/merkim-maket\/"},{"@type":"ListItem","position":2,"name":"Ma\u011faza","item":"https:\/\/merkim.com.tr\/merkim-maket\/magaza\/"},{"@type":"ListItem","position":3,"name":"NENASim Preemie \u2013 Geli\u015fmi\u015f 27 Haftal\u0131k Premat\u00fcre Bebek Sim\u00fclat\u00f6r\u00fc"}]},{"@type":"WebSite","@id":"https:\/\/merkim.com.tr\/merkim-maket\/#website","url":"https:\/\/merkim.com.tr\/merkim-maket\/","name":"Merkim Maket","description":"","potentialAction":[{"@type":"SearchAction","target":{"@type":"EntryPoint","urlTemplate":"https:\/\/merkim.com.tr\/merkim-maket\/?s={search_term_string}"},"query-input":{"@type":"PropertyValueSpecification","valueRequired":true,"valueName":"search_term_string"}}],"inLanguage":"tr"}]}},"_links":{"self":[{"href":"https:\/\/merkim.com.tr\/merkim-maket\/wp-json\/wp\/v2\/product\/317","targetHints":{"allow":["GET"]}}],"collection":[{"href":"https:\/\/merkim.com.tr\/merkim-maket\/wp-json\/wp\/v2\/product"}],"about":[{"href":"https:\/\/merkim.com.tr\/merkim-maket\/wp-json\/wp\/v2\/types\/product"}],"replies":[{"embeddable":true,"href":"https:\/\/merkim.com.tr\/merkim-maket\/wp-json\/wp\/v2\/comments?post=317"}],"wp:featuredmedia":[{"embeddable":true,"href":"https:\/\/merkim.com.tr\/merkim-maket\/wp-json\/wp\/v2\/media\/319"}],"wp:attachment":[{"href":"https:\/\/merkim.com.tr\/merkim-maket\/wp-json\/wp\/v2\/media?parent=317"}],"wp:term":[{"taxonomy":"product_brand","embeddable":true,"href":"https:\/\/merkim.com.tr\/merkim-maket\/wp-json\/wp\/v2\/product_brand?post=317"},{"taxonomy":"product_cat","embeddable":true,"href":"https:\/\/merkim.com.tr\/merkim-maket\/wp-json\/wp\/v2\/product_cat?post=317"},{"taxonomy":"product_tag","embeddable":true,"href":"https:\/\/merkim.com.tr\/merkim-maket\/wp-json\/wp\/v2\/product_tag?post=317"}],"curies":[{"name":"wp","href":"https:\/\/api.w.org\/{rel}","templated":true}]}}