{"id":314,"date":"2025-06-27T13:52:13","date_gmt":"2025-06-27T13:52:13","guid":{"rendered":"https:\/\/merkim.com.tr\/merkim-maket\/?post_type=product&#038;p=314"},"modified":"2025-06-27T13:57:25","modified_gmt":"2025-06-27T13:57:25","slug":"nenasim-infant-gelismis-yenidogan-simulatoru-0-3-aylik-bebek-modeli","status":"publish","type":"product","link":"https:\/\/merkim.com.tr\/merkim-maket\/urun\/nenasim-infant-gelismis-yenidogan-simulatoru-0-3-aylik-bebek-modeli\/","title":{"rendered":"NENASim Infant \u2013 Geli\u015fmi\u015f Yenido\u011fan Sim\u00fclat\u00f6r\u00fc (0\u20133 Ayl\u0131k Bebek Modeli)"},"content":{"rendered":"<p data-start=\"321\" data-end=\"625\"><strong data-start=\"321\" data-end=\"339\">NENASim Infant<\/strong>, 0 ila 3 ayl\u0131k bir erkek bebe\u011fi temsil eden geli\u015fmi\u015f bir neonatal sim\u00fclat\u00f6rd\u00fcr. Ger\u00e7ek\u00e7i cilt dokusu, anatomik detaylar ve geli\u015fmi\u015f medikal i\u015flevselli\u011fi sayesinde, <strong data-start=\"504\" data-end=\"529\">yenido\u011fan yo\u011fun bak\u0131m<\/strong>, <strong data-start=\"531\" data-end=\"560\">ileri ya\u015fam deste\u011fi (ALS)<\/strong> ve <strong data-start=\"564\" data-end=\"592\">acil m\u00fcdahale e\u011fitimleri<\/strong> i\u00e7in ideal bir e\u011fitim \u00e7\u00f6z\u00fcm\u00fcd\u00fcr.<\/p>\n<p data-start=\"627\" data-end=\"938\">T\u0131p fak\u00fclteleri, sim\u00fclasyon merkezleri ve pediatrik yo\u011fun bak\u0131m birimleri i\u00e7in \u00f6zel olarak geli\u015ftirilen NENASim Infant, medikal e\u011fitimde pratik uygulamalara y\u00fcksek d\u00fczeyde ger\u00e7ek\u00e7ilik katar. E\u011fitim s\u0131ras\u0131nda kullan\u0131labilecek farkl\u0131 \u00f6zellik seviyeleri ile kullan\u0131c\u0131ya <strong data-start=\"894\" data-end=\"931\">ihtiyaca \u00f6zel sim\u00fclasyon deneyimi<\/strong> sunar.<\/p>\n<h4 data-start=\"940\" data-end=\"966\"><strong data-start=\"945\" data-end=\"966\">Temel \u00d6zellikler:<\/strong><\/h4>\n<ul data-start=\"968\" data-end=\"1741\">\n<li data-start=\"968\" data-end=\"1118\">\n<p data-start=\"970\" data-end=\"1118\"><strong data-start=\"970\" data-end=\"988\">Ger\u00e7ek\u00e7i Yap\u0131:<\/strong> 59 cm uzunluk, 4.2 kg a\u011f\u0131rl\u0131k ve erkek anatomisi ile birebir bebek modeli. Ger\u00e7e\u011fe \u00e7ok yak\u0131n deri dokusu ve do\u011fal v\u00fccut oranlar\u0131.<\/p>\n<\/li>\n<li data-start=\"1119\" data-end=\"1250\">\n<p data-start=\"1121\" data-end=\"1250\"><strong data-start=\"1121\" data-end=\"1159\">Dayan\u0131kl\u0131 ve Kolay Temizlenebilir:<\/strong> Y\u00fcksek kaliteli malzemeden \u00fcretilmi\u015ftir. S\u0131k kullan\u0131ma uygun olup kolay dezenfekte edilir.<\/p>\n<\/li>\n<li data-start=\"1251\" data-end=\"1387\">\n<p data-start=\"1253\" data-end=\"1387\"><strong data-start=\"1253\" data-end=\"1284\">Geli\u015fmi\u015f Havayolu Y\u00f6netimi:<\/strong> Ent\u00fcbasyon ve ventilasyon gibi hava yolu uygulamalar\u0131 i\u00e7in uyumlu \u00e7e\u015fitli airway cihazlar\u0131yla \u00e7al\u0131\u015f\u0131r.<\/p>\n<\/li>\n<li data-start=\"1388\" data-end=\"1492\">\n<p data-start=\"1390\" data-end=\"1492\"><strong data-start=\"1390\" data-end=\"1420\">Fonksiyonel G\u00f6bek Kordonu:<\/strong> \u0130ki arter ve bir ven i\u00e7erir; ger\u00e7ek\u00e7i kan\u00fclasyon e\u011fitimi i\u00e7in uygundur.<\/p>\n<\/li>\n<li data-start=\"1493\" data-end=\"1609\">\n<p data-start=\"1495\" data-end=\"1609\"><strong data-start=\"1495\" data-end=\"1511\">CPR E\u011fitimi:<\/strong> Do\u011fru diren\u00e7le kalp masaj\u0131 yap\u0131labilir. G\u00f6\u011f\u00fcs kompresyonlar\u0131 s\u0131ras\u0131nda ger\u00e7e\u011fe yak\u0131n tepki verir.<\/p>\n<\/li>\n<li data-start=\"1610\" data-end=\"1741\">\n<p data-start=\"1612\" data-end=\"1741\"><strong data-start=\"1612\" data-end=\"1643\">Farkl\u0131 Uygulama Seviyeleri:<\/strong> E\u011fitim ihtiya\u00e7lar\u0131na g\u00f6re uyarlanabilir Xtreme, Xpert, Xtra, Xcel ve Xact versiyonlar\u0131 mevcuttur.<\/p>\n<\/li>\n<\/ul>\n<p data-start=\"1743\" data-end=\"1953\"><strong data-start=\"1743\" data-end=\"1761\">NENASim Infant<\/strong>, neonatoloji, pediatri ve yo\u011fun bak\u0131m alanlar\u0131nda e\u011fitim g\u00f6ren sa\u011fl\u0131k personelinin karar verme, el becerisi ve acil m\u00fcdahale kabiliyetlerini art\u0131rmak i\u00e7in geli\u015ftirilmi\u015f yenilik\u00e7i bir \u00fcr\u00fcnd\u00fcr.<\/p>\n<h3 data-start=\"147\" data-end=\"197\"><strong data-start=\"151\" data-end=\"197\">NENASim Infant Model Kar\u015f\u0131la\u015ft\u0131rma Tablosu<\/strong><\/h3>\n<div class=\"_tableContainer_16hzy_1\">\n<div class=\"_tableWrapper_16hzy_14 group flex w-fit flex-col-reverse\" tabindex=\"-1\">\n<table class=\"w-fit min-w-(--thread-content-width)\" data-start=\"199\" data-end=\"1194\">\n<thead data-start=\"199\" data-end=\"335\">\n<tr data-start=\"199\" data-end=\"335\">\n<th data-start=\"199\" data-end=\"216\" data-col-size=\"md\"><strong data-start=\"201\" data-end=\"215\">\u00d6zellikler<\/strong><\/th>\n<th data-start=\"216\" data-end=\"241\" data-col-size=\"sm\"><strong data-start=\"218\" data-end=\"228\">Xtreme<\/strong>(FP0500)<\/th>\n<th data-start=\"241\" data-end=\"265\" data-col-size=\"sm\"><strong data-start=\"243\" data-end=\"252\">Xpert<\/strong>(FP0501)<\/th>\n<th data-start=\"265\" data-end=\"288\" data-col-size=\"sm\"><strong data-start=\"267\" data-end=\"275\">Xtra<\/strong>(FP0502)<\/th>\n<th data-start=\"288\" data-end=\"311\" data-col-size=\"sm\"><strong data-start=\"290\" data-end=\"298\">Xcel<\/strong>(FP0503)<\/th>\n<th data-start=\"311\" data-end=\"335\" data-col-size=\"sm\"><strong data-start=\"313\" data-end=\"321\">Xact<\/strong>(FP0504)<\/th>\n<\/tr>\n<\/thead>\n<tbody data-start=\"477\" data-end=\"1194\">\n<tr data-start=\"477\" data-end=\"547\">\n<td data-start=\"477\" data-end=\"526\" data-col-size=\"md\">Bebe\u011fin anatomisinin birebir ger\u00e7e\u011fe uygunlu\u011fu<\/td>\n<td data-col-size=\"sm\" data-start=\"526\" data-end=\"530\">\u2713<\/td>\n<td data-col-size=\"sm\" data-start=\"530\" data-end=\"534\">\u2713<\/td>\n<td data-col-size=\"sm\" data-start=\"534\" data-end=\"538\">\u2713<\/td>\n<td data-col-size=\"sm\" data-start=\"538\" data-end=\"542\">\u2713<\/td>\n<td data-col-size=\"sm\" data-start=\"542\" data-end=\"547\">\u2713<\/td>\n<\/tr>\n<tr data-start=\"548\" data-end=\"617\">\n<td data-start=\"548\" data-end=\"596\" data-col-size=\"md\">Ger\u00e7e\u011fe yak\u0131n g\u00f6r\u00fcn\u00fcm ve yumu\u015fak silikon deri<\/td>\n<td data-col-size=\"sm\" data-start=\"596\" data-end=\"600\">\u2713<\/td>\n<td data-col-size=\"sm\" data-start=\"600\" data-end=\"604\">\u2713<\/td>\n<td data-col-size=\"sm\" data-start=\"604\" data-end=\"608\">\u2713<\/td>\n<td data-col-size=\"sm\" data-start=\"608\" data-end=\"612\">\u2713<\/td>\n<td data-col-size=\"sm\" data-start=\"612\" data-end=\"617\">\u2713<\/td>\n<\/tr>\n<tr data-start=\"618\" data-end=\"679\">\n<td data-start=\"618\" data-end=\"659\" data-col-size=\"md\">Birden fazla cihazla havayolu y\u00f6netimi<\/td>\n<td data-col-size=\"sm\" data-start=\"659\" data-end=\"663\">\u2713<\/td>\n<td data-col-size=\"sm\" data-start=\"663\" data-end=\"667\">\u2713<\/td>\n<td data-col-size=\"sm\" data-start=\"667\" data-end=\"671\">\u2713<\/td>\n<td data-col-size=\"sm\" data-start=\"671\" data-end=\"675\">\u2713<\/td>\n<td data-col-size=\"sm\" data-start=\"675\" data-end=\"679\"><\/td>\n<\/tr>\n<tr data-start=\"680\" data-end=\"741\">\n<td data-start=\"680\" data-end=\"721\" data-col-size=\"md\">Maske ile ventilasyon (bag-valve-mask)<\/td>\n<td data-col-size=\"sm\" data-start=\"721\" data-end=\"725\">\u2713<\/td>\n<td data-col-size=\"sm\" data-start=\"725\" data-end=\"729\">\u2713<\/td>\n<td data-col-size=\"sm\" data-start=\"729\" data-end=\"733\">\u2713<\/td>\n<td data-col-size=\"sm\" data-start=\"733\" data-end=\"737\">\u2713<\/td>\n<td data-col-size=\"sm\" data-start=\"737\" data-end=\"741\"><\/td>\n<\/tr>\n<tr data-start=\"742\" data-end=\"803\">\n<td data-start=\"742\" data-end=\"783\" data-col-size=\"md\">Ger\u00e7ek\u00e7i diren\u00e7le kalp masaj\u0131 uygulama<\/td>\n<td data-col-size=\"sm\" data-start=\"783\" data-end=\"787\">\u2713<\/td>\n<td data-col-size=\"sm\" data-start=\"787\" data-end=\"791\">\u2713<\/td>\n<td data-col-size=\"sm\" data-start=\"791\" data-end=\"795\">\u2713<\/td>\n<td data-col-size=\"sm\" data-start=\"795\" data-end=\"799\">\u2713<\/td>\n<td data-col-size=\"sm\" data-start=\"799\" data-end=\"803\"><\/td>\n<\/tr>\n<tr data-start=\"804\" data-end=\"860\">\n<td data-start=\"804\" data-end=\"841\" data-col-size=\"md\">CPR kalitesi hakk\u0131nda geribildirim<\/td>\n<td data-col-size=\"sm\" data-start=\"841\" data-end=\"845\">\u2713<\/td>\n<td data-col-size=\"sm\" data-start=\"845\" data-end=\"849\">\u2713<\/td>\n<td data-col-size=\"sm\" data-start=\"849\" data-end=\"853\">\u2713<\/td>\n<td data-col-size=\"sm\" data-start=\"853\" data-end=\"856\"><\/td>\n<td data-col-size=\"sm\" data-start=\"856\" data-end=\"860\"><\/td>\n<\/tr>\n<tr data-start=\"861\" data-end=\"935\">\n<td data-start=\"861\" data-end=\"917\" data-col-size=\"md\">Sesli tepkiler (g\u00fclme, \u00f6ks\u00fcrme, a\u011flama, h\u0131\u00e7k\u0131r\u0131k vb.)<\/td>\n<td data-col-size=\"sm\" data-start=\"917\" data-end=\"921\">\u2713<\/td>\n<td data-col-size=\"sm\" data-start=\"921\" data-end=\"925\">\u2713<\/td>\n<td data-col-size=\"sm\" data-start=\"925\" data-end=\"928\"><\/td>\n<td data-col-size=\"sm\" data-start=\"928\" data-end=\"931\"><\/td>\n<td data-col-size=\"sm\" data-start=\"931\" data-end=\"935\"><\/td>\n<\/tr>\n<tr data-start=\"936\" data-end=\"982\">\n<td data-start=\"936\" data-end=\"964\" data-col-size=\"md\">Palpe edilebilir nab\u0131zlar<\/td>\n<td data-col-size=\"sm\" data-start=\"964\" data-end=\"968\">\u2713<\/td>\n<td data-col-size=\"sm\" data-start=\"968\" data-end=\"972\">\u2713<\/td>\n<td data-col-size=\"sm\" data-start=\"972\" data-end=\"975\"><\/td>\n<td data-col-size=\"sm\" data-start=\"975\" data-end=\"978\"><\/td>\n<td data-col-size=\"sm\" data-start=\"978\" data-end=\"982\"><\/td>\n<\/tr>\n<tr data-start=\"983\" data-end=\"1063\">\n<td data-start=\"983\" data-end=\"1045\" data-col-size=\"md\">Kalp, akci\u011fer ve ba\u011f\u0131rsak seslerinin stetoskopla dinlenmesi<\/td>\n<td data-col-size=\"sm\" data-start=\"1045\" data-end=\"1049\">\u2713<\/td>\n<td data-col-size=\"sm\" data-start=\"1049\" data-end=\"1053\">\u2713<\/td>\n<td data-col-size=\"sm\" data-start=\"1053\" data-end=\"1056\"><\/td>\n<td data-col-size=\"sm\" data-start=\"1056\" data-end=\"1059\"><\/td>\n<td data-col-size=\"sm\" data-start=\"1059\" data-end=\"1063\"><\/td>\n<\/tr>\n<tr data-start=\"1064\" data-end=\"1120\">\n<td data-start=\"1064\" data-end=\"1103\" data-col-size=\"md\">Pupilla tepkisi ve Babinski refleksi<\/td>\n<td data-col-size=\"sm\" data-start=\"1103\" data-end=\"1107\">\u2713<\/td>\n<td data-col-size=\"sm\" data-start=\"1107\" data-end=\"1110\"><\/td>\n<td data-col-size=\"sm\" data-start=\"1110\" data-end=\"1113\"><\/td>\n<td data-col-size=\"sm\" data-start=\"1113\" data-end=\"1116\"><\/td>\n<td data-col-size=\"sm\" data-start=\"1116\" data-end=\"1120\"><\/td>\n<\/tr>\n<tr data-start=\"1121\" data-end=\"1194\">\n<td data-start=\"1121\" data-end=\"1177\" data-col-size=\"md\">Siyanoz, sar\u0131l\u0131k, k\u0131zar\u0131kl\u0131k ve solgunluk belirtileri<\/td>\n<td data-col-size=\"sm\" data-start=\"1177\" data-end=\"1181\">\u2713<\/td>\n<td data-col-size=\"sm\" data-start=\"1181\" data-end=\"1184\"><\/td>\n<td data-col-size=\"sm\" data-start=\"1184\" data-end=\"1187\"><\/td>\n<td data-col-size=\"sm\" data-start=\"1187\" data-end=\"1190\"><\/td>\n<td data-col-size=\"sm\" data-start=\"1190\" data-end=\"1194\"><\/td>\n<\/tr>\n<\/tbody>\n<\/table>\n<div class=\"sticky end-(--thread-content-margin) h-0 self-end select-none\">\n<div class=\"absolute end-0 flex items-end\"><\/div>\n<\/div>\n<\/div>\n<\/div>\n<hr data-start=\"1196\" data-end=\"1199\" \/>\n<p data-start=\"1201\" data-end=\"1291\"><strong data-start=\"1201\" data-end=\"1219\">Genel \u00d6l\u00e7\u00fcler:<\/strong><br data-start=\"1219\" data-end=\"1222\" \/><strong data-start=\"1222\" data-end=\"1230\">Boy:<\/strong> 59 cm\u2003\u2003<strong data-start=\"1238\" data-end=\"1250\">A\u011f\u0131rl\u0131k:<\/strong> 4.2 kg\u2003\u2003<strong data-start=\"1259\" data-end=\"1272\">Cinsiyet:<\/strong> Erkek bebek modeli<\/p>\n<p data-start=\"1743\" data-end=\"1953\">Katalog \u0130ndirmek i\u00e7in L\u00fctfen <a href=\"https:\/\/merkim.com.tr\/denemeler\/20231207_NENASim-Infant-Xtreme_Brochure.pdf\">TIKLAYINIZ..!\u00a0<\/a><\/p>\n","protected":false},"excerpt":{"rendered":"<p data-start=\"1994\" data-end=\"2120\">0\u20133 ayl\u0131k erkek bebek modelini temsil eden, havayolu y\u00f6netimi, CPR ve kan\u00fclasyon e\u011fitimi sa\u011flayan geli\u015fmi\u015f neonatal sim\u00fclat\u00f6r.<\/p>\n","protected":false},"featured_media":315,"comment_status":"open","ping_status":"closed","template":"","meta":[],"product_brand":[950],"product_cat":[15,949],"product_tag":[984,985,987,981,986,983,687,989,387,988,990,982,73],"class_list":{"0":"post-314","1":"product","2":"type-product","3":"status-publish","4":"has-post-thumbnail","6":"product_brand-medical-x","7":"product_cat-genel","8":"product_cat-medical-x","9":"product_tag-airway-egitim-bebek","10":"product_tag-fonksiyonel-gobek-kordonu","11":"product_tag-gelismis-tip-simulasyonu","12":"product_tag-nenasim-infant","13":"product_tag-neonatal-als-egitimi","14":"product_tag-neonatal-cpr-egitimi","15":"product_tag-neonatal-egitim-mankeni","16":"product_tag-neonatal-yogun-bakim-egitimi","17":"product_tag-pediatrik-simulasyon","18":"product_tag-tibbi-egitim-bebek-modeli","19":"product_tag-yeni-dogan-entubasyon-egitimi","20":"product_tag-yenidogan-acil-egitim","21":"product_tag-yenidogan-simulatoru","23":"first","24":"instock","25":"shipping-taxable","26":"product-type-simple"},"yoast_head":"<!-- This site is optimized with the Yoast SEO plugin v25.2 - https:\/\/yoast.com\/wordpress\/plugins\/seo\/ -->\n<title>NENASim Infant \u2013 Geli\u015fmi\u015f Yenido\u011fan Sim\u00fclat\u00f6r\u00fc (0\u20133 Ayl\u0131k Bebek Modeli) - Merkim Maket<\/title>\n<meta name=\"description\" content=\"NENASim Infant, 0\u20133 ayl\u0131k erkek bebek modeliyle tasarlanm\u0131\u015f geli\u015fmi\u015f yenido\u011fan sim\u00fclat\u00f6r\u00fcd\u00fcr. CPR, airway ve g\u00f6bek kordonu e\u011fitimi i\u00e7in ideal medikal e\u011fitim \u00e7\u00f6z\u00fcm\u00fcd\u00fcr.\" \/>\n<meta name=\"robots\" content=\"index, follow, max-snippet:-1, max-image-preview:large, max-video-preview:-1\" \/>\n<link rel=\"canonical\" href=\"https:\/\/merkim.com.tr\/merkim-maket\/urun\/nenasim-infant-gelismis-yenidogan-simulatoru-0-3-aylik-bebek-modeli\/\" \/>\n<meta property=\"og:locale\" content=\"tr_TR\" \/>\n<meta property=\"og:type\" content=\"article\" \/>\n<meta property=\"og:title\" content=\"NENASim Infant \u2013 Geli\u015fmi\u015f Yenido\u011fan Sim\u00fclat\u00f6r\u00fc (0\u20133 Ayl\u0131k Bebek Modeli) - Merkim Maket\" \/>\n<meta property=\"og:description\" content=\"NENASim Infant, 0\u20133 ayl\u0131k erkek bebek modeliyle tasarlanm\u0131\u015f geli\u015fmi\u015f yenido\u011fan sim\u00fclat\u00f6r\u00fcd\u00fcr. CPR, airway ve g\u00f6bek kordonu e\u011fitimi i\u00e7in ideal medikal e\u011fitim \u00e7\u00f6z\u00fcm\u00fcd\u00fcr.\" \/>\n<meta property=\"og:url\" content=\"https:\/\/merkim.com.tr\/merkim-maket\/urun\/nenasim-infant-gelismis-yenidogan-simulatoru-0-3-aylik-bebek-modeli\/\" \/>\n<meta property=\"og:site_name\" content=\"Merkim Maket\" \/>\n<meta property=\"article:modified_time\" content=\"2025-06-27T13:57:25+00:00\" \/>\n<meta property=\"og:image\" content=\"https:\/\/merkim.com.tr\/merkim-maket\/wp-content\/uploads\/2025\/06\/nenasim-infant-neonatal-simulator-pediatrik.png\" \/>\n\t<meta property=\"og:image:width\" content=\"800\" \/>\n\t<meta property=\"og:image:height\" content=\"800\" \/>\n\t<meta property=\"og:image:type\" content=\"image\/png\" \/>\n<meta name=\"twitter:card\" content=\"summary_large_image\" \/>\n<meta name=\"twitter:label1\" content=\"Tahmini okuma s\u00fcresi\" \/>\n\t<meta name=\"twitter:data1\" content=\"3 dakika\" \/>\n<script type=\"application\/ld+json\" class=\"yoast-schema-graph\">{\"@context\":\"https:\/\/schema.org\",\"@graph\":[{\"@type\":\"WebPage\",\"@id\":\"https:\/\/merkim.com.tr\/merkim-maket\/urun\/nenasim-infant-gelismis-yenidogan-simulatoru-0-3-aylik-bebek-modeli\/\",\"url\":\"https:\/\/merkim.com.tr\/merkim-maket\/urun\/nenasim-infant-gelismis-yenidogan-simulatoru-0-3-aylik-bebek-modeli\/\",\"name\":\"NENASim Infant \u2013 Geli\u015fmi\u015f Yenido\u011fan Sim\u00fclat\u00f6r\u00fc (0\u20133 Ayl\u0131k Bebek Modeli) - Merkim Maket\",\"isPartOf\":{\"@id\":\"https:\/\/merkim.com.tr\/merkim-maket\/#website\"},\"primaryImageOfPage\":{\"@id\":\"https:\/\/merkim.com.tr\/merkim-maket\/urun\/nenasim-infant-gelismis-yenidogan-simulatoru-0-3-aylik-bebek-modeli\/#primaryimage\"},\"image\":{\"@id\":\"https:\/\/merkim.com.tr\/merkim-maket\/urun\/nenasim-infant-gelismis-yenidogan-simulatoru-0-3-aylik-bebek-modeli\/#primaryimage\"},\"thumbnailUrl\":\"https:\/\/merkim.com.tr\/merkim-maket\/wp-content\/uploads\/2025\/06\/nenasim-infant-neonatal-simulator-pediatrik.png\",\"datePublished\":\"2025-06-27T13:52:13+00:00\",\"dateModified\":\"2025-06-27T13:57:25+00:00\",\"description\":\"NENASim Infant, 0\u20133 ayl\u0131k erkek bebek modeliyle tasarlanm\u0131\u015f geli\u015fmi\u015f yenido\u011fan sim\u00fclat\u00f6r\u00fcd\u00fcr. CPR, airway ve g\u00f6bek kordonu e\u011fitimi i\u00e7in ideal medikal e\u011fitim \u00e7\u00f6z\u00fcm\u00fcd\u00fcr.\",\"breadcrumb\":{\"@id\":\"https:\/\/merkim.com.tr\/merkim-maket\/urun\/nenasim-infant-gelismis-yenidogan-simulatoru-0-3-aylik-bebek-modeli\/#breadcrumb\"},\"inLanguage\":\"tr\",\"potentialAction\":[{\"@type\":\"ReadAction\",\"target\":[\"https:\/\/merkim.com.tr\/merkim-maket\/urun\/nenasim-infant-gelismis-yenidogan-simulatoru-0-3-aylik-bebek-modeli\/\"]}]},{\"@type\":\"ImageObject\",\"inLanguage\":\"tr\",\"@id\":\"https:\/\/merkim.com.tr\/merkim-maket\/urun\/nenasim-infant-gelismis-yenidogan-simulatoru-0-3-aylik-bebek-modeli\/#primaryimage\",\"url\":\"https:\/\/merkim.com.tr\/merkim-maket\/wp-content\/uploads\/2025\/06\/nenasim-infant-neonatal-simulator-pediatrik.png\",\"contentUrl\":\"https:\/\/merkim.com.tr\/merkim-maket\/wp-content\/uploads\/2025\/06\/nenasim-infant-neonatal-simulator-pediatrik.png\",\"width\":800,\"height\":800,\"caption\":\"CPR, airway ve g\u00f6bek kordonu e\u011fitimi i\u00e7in ger\u00e7ek\u00e7i yenido\u011fan bebek modeli\"},{\"@type\":\"BreadcrumbList\",\"@id\":\"https:\/\/merkim.com.tr\/merkim-maket\/urun\/nenasim-infant-gelismis-yenidogan-simulatoru-0-3-aylik-bebek-modeli\/#breadcrumb\",\"itemListElement\":[{\"@type\":\"ListItem\",\"position\":1,\"name\":\"Anasayfa\",\"item\":\"https:\/\/merkim.com.tr\/merkim-maket\/\"},{\"@type\":\"ListItem\",\"position\":2,\"name\":\"Ma\u011faza\",\"item\":\"https:\/\/merkim.com.tr\/merkim-maket\/magaza\/\"},{\"@type\":\"ListItem\",\"position\":3,\"name\":\"NENASim Infant \u2013 Geli\u015fmi\u015f Yenido\u011fan Sim\u00fclat\u00f6r\u00fc (0\u20133 Ayl\u0131k Bebek Modeli)\"}]},{\"@type\":\"WebSite\",\"@id\":\"https:\/\/merkim.com.tr\/merkim-maket\/#website\",\"url\":\"https:\/\/merkim.com.tr\/merkim-maket\/\",\"name\":\"Merkim Maket\",\"description\":\"\",\"potentialAction\":[{\"@type\":\"SearchAction\",\"target\":{\"@type\":\"EntryPoint\",\"urlTemplate\":\"https:\/\/merkim.com.tr\/merkim-maket\/?s={search_term_string}\"},\"query-input\":{\"@type\":\"PropertyValueSpecification\",\"valueRequired\":true,\"valueName\":\"search_term_string\"}}],\"inLanguage\":\"tr\"}]}<\/script>\n<!-- \/ Yoast SEO plugin. -->","yoast_head_json":{"title":"NENASim Infant \u2013 Geli\u015fmi\u015f Yenido\u011fan Sim\u00fclat\u00f6r\u00fc (0\u20133 Ayl\u0131k Bebek Modeli) - Merkim Maket","description":"NENASim Infant, 0\u20133 ayl\u0131k erkek bebek modeliyle tasarlanm\u0131\u015f geli\u015fmi\u015f yenido\u011fan sim\u00fclat\u00f6r\u00fcd\u00fcr. CPR, airway ve g\u00f6bek kordonu e\u011fitimi i\u00e7in ideal medikal e\u011fitim \u00e7\u00f6z\u00fcm\u00fcd\u00fcr.","robots":{"index":"index","follow":"follow","max-snippet":"max-snippet:-1","max-image-preview":"max-image-preview:large","max-video-preview":"max-video-preview:-1"},"canonical":"https:\/\/merkim.com.tr\/merkim-maket\/urun\/nenasim-infant-gelismis-yenidogan-simulatoru-0-3-aylik-bebek-modeli\/","og_locale":"tr_TR","og_type":"article","og_title":"NENASim Infant \u2013 Geli\u015fmi\u015f Yenido\u011fan Sim\u00fclat\u00f6r\u00fc (0\u20133 Ayl\u0131k Bebek Modeli) - Merkim Maket","og_description":"NENASim Infant, 0\u20133 ayl\u0131k erkek bebek modeliyle tasarlanm\u0131\u015f geli\u015fmi\u015f yenido\u011fan sim\u00fclat\u00f6r\u00fcd\u00fcr. CPR, airway ve g\u00f6bek kordonu e\u011fitimi i\u00e7in ideal medikal e\u011fitim \u00e7\u00f6z\u00fcm\u00fcd\u00fcr.","og_url":"https:\/\/merkim.com.tr\/merkim-maket\/urun\/nenasim-infant-gelismis-yenidogan-simulatoru-0-3-aylik-bebek-modeli\/","og_site_name":"Merkim Maket","article_modified_time":"2025-06-27T13:57:25+00:00","og_image":[{"width":800,"height":800,"url":"https:\/\/merkim.com.tr\/merkim-maket\/wp-content\/uploads\/2025\/06\/nenasim-infant-neonatal-simulator-pediatrik.png","type":"image\/png"}],"twitter_card":"summary_large_image","twitter_misc":{"Tahmini okuma s\u00fcresi":"3 dakika"},"schema":{"@context":"https:\/\/schema.org","@graph":[{"@type":"WebPage","@id":"https:\/\/merkim.com.tr\/merkim-maket\/urun\/nenasim-infant-gelismis-yenidogan-simulatoru-0-3-aylik-bebek-modeli\/","url":"https:\/\/merkim.com.tr\/merkim-maket\/urun\/nenasim-infant-gelismis-yenidogan-simulatoru-0-3-aylik-bebek-modeli\/","name":"NENASim Infant \u2013 Geli\u015fmi\u015f Yenido\u011fan Sim\u00fclat\u00f6r\u00fc (0\u20133 Ayl\u0131k Bebek Modeli) - Merkim Maket","isPartOf":{"@id":"https:\/\/merkim.com.tr\/merkim-maket\/#website"},"primaryImageOfPage":{"@id":"https:\/\/merkim.com.tr\/merkim-maket\/urun\/nenasim-infant-gelismis-yenidogan-simulatoru-0-3-aylik-bebek-modeli\/#primaryimage"},"image":{"@id":"https:\/\/merkim.com.tr\/merkim-maket\/urun\/nenasim-infant-gelismis-yenidogan-simulatoru-0-3-aylik-bebek-modeli\/#primaryimage"},"thumbnailUrl":"https:\/\/merkim.com.tr\/merkim-maket\/wp-content\/uploads\/2025\/06\/nenasim-infant-neonatal-simulator-pediatrik.png","datePublished":"2025-06-27T13:52:13+00:00","dateModified":"2025-06-27T13:57:25+00:00","description":"NENASim Infant, 0\u20133 ayl\u0131k erkek bebek modeliyle tasarlanm\u0131\u015f geli\u015fmi\u015f yenido\u011fan sim\u00fclat\u00f6r\u00fcd\u00fcr. CPR, airway ve g\u00f6bek kordonu e\u011fitimi i\u00e7in ideal medikal e\u011fitim \u00e7\u00f6z\u00fcm\u00fcd\u00fcr.","breadcrumb":{"@id":"https:\/\/merkim.com.tr\/merkim-maket\/urun\/nenasim-infant-gelismis-yenidogan-simulatoru-0-3-aylik-bebek-modeli\/#breadcrumb"},"inLanguage":"tr","potentialAction":[{"@type":"ReadAction","target":["https:\/\/merkim.com.tr\/merkim-maket\/urun\/nenasim-infant-gelismis-yenidogan-simulatoru-0-3-aylik-bebek-modeli\/"]}]},{"@type":"ImageObject","inLanguage":"tr","@id":"https:\/\/merkim.com.tr\/merkim-maket\/urun\/nenasim-infant-gelismis-yenidogan-simulatoru-0-3-aylik-bebek-modeli\/#primaryimage","url":"https:\/\/merkim.com.tr\/merkim-maket\/wp-content\/uploads\/2025\/06\/nenasim-infant-neonatal-simulator-pediatrik.png","contentUrl":"https:\/\/merkim.com.tr\/merkim-maket\/wp-content\/uploads\/2025\/06\/nenasim-infant-neonatal-simulator-pediatrik.png","width":800,"height":800,"caption":"CPR, airway ve g\u00f6bek kordonu e\u011fitimi i\u00e7in ger\u00e7ek\u00e7i yenido\u011fan bebek modeli"},{"@type":"BreadcrumbList","@id":"https:\/\/merkim.com.tr\/merkim-maket\/urun\/nenasim-infant-gelismis-yenidogan-simulatoru-0-3-aylik-bebek-modeli\/#breadcrumb","itemListElement":[{"@type":"ListItem","position":1,"name":"Anasayfa","item":"https:\/\/merkim.com.tr\/merkim-maket\/"},{"@type":"ListItem","position":2,"name":"Ma\u011faza","item":"https:\/\/merkim.com.tr\/merkim-maket\/magaza\/"},{"@type":"ListItem","position":3,"name":"NENASim Infant \u2013 Geli\u015fmi\u015f Yenido\u011fan Sim\u00fclat\u00f6r\u00fc (0\u20133 Ayl\u0131k Bebek Modeli)"}]},{"@type":"WebSite","@id":"https:\/\/merkim.com.tr\/merkim-maket\/#website","url":"https:\/\/merkim.com.tr\/merkim-maket\/","name":"Merkim Maket","description":"","potentialAction":[{"@type":"SearchAction","target":{"@type":"EntryPoint","urlTemplate":"https:\/\/merkim.com.tr\/merkim-maket\/?s={search_term_string}"},"query-input":{"@type":"PropertyValueSpecification","valueRequired":true,"valueName":"search_term_string"}}],"inLanguage":"tr"}]}},"_links":{"self":[{"href":"https:\/\/merkim.com.tr\/merkim-maket\/wp-json\/wp\/v2\/product\/314","targetHints":{"allow":["GET"]}}],"collection":[{"href":"https:\/\/merkim.com.tr\/merkim-maket\/wp-json\/wp\/v2\/product"}],"about":[{"href":"https:\/\/merkim.com.tr\/merkim-maket\/wp-json\/wp\/v2\/types\/product"}],"replies":[{"embeddable":true,"href":"https:\/\/merkim.com.tr\/merkim-maket\/wp-json\/wp\/v2\/comments?post=314"}],"wp:featuredmedia":[{"embeddable":true,"href":"https:\/\/merkim.com.tr\/merkim-maket\/wp-json\/wp\/v2\/media\/315"}],"wp:attachment":[{"href":"https:\/\/merkim.com.tr\/merkim-maket\/wp-json\/wp\/v2\/media?parent=314"}],"wp:term":[{"taxonomy":"product_brand","embeddable":true,"href":"https:\/\/merkim.com.tr\/merkim-maket\/wp-json\/wp\/v2\/product_brand?post=314"},{"taxonomy":"product_cat","embeddable":true,"href":"https:\/\/merkim.com.tr\/merkim-maket\/wp-json\/wp\/v2\/product_cat?post=314"},{"taxonomy":"product_tag","embeddable":true,"href":"https:\/\/merkim.com.tr\/merkim-maket\/wp-json\/wp\/v2\/product_tag?post=314"}],"curies":[{"name":"wp","href":"https:\/\/api.w.org\/{rel}","templated":true}]}}