{"id":310,"date":"2025-06-27T13:23:55","date_gmt":"2025-06-27T13:23:55","guid":{"rendered":"https:\/\/merkim.com.tr\/merkim-maket\/?post_type=product&#038;p=310"},"modified":"2025-06-27T13:23:55","modified_gmt":"2025-06-27T13:23:55","slug":"laparoscopic-adam-x-laparoskopik-cerrahi-egitim-simulatoru","status":"publish","type":"product","link":"https:\/\/merkim.com.tr\/merkim-maket\/urun\/laparoscopic-adam-x-laparoskopik-cerrahi-egitim-simulatoru\/","title":{"rendered":"Laparoscopic ADAM-X \u2013 Laparoskopik Cerrahi E\u011fitim Sim\u00fclat\u00f6r\u00fc"},"content":{"rendered":"<p data-start=\"329\" data-end=\"606\"><strong data-start=\"329\" data-end=\"352\">Laparoscopic ADAM-X<\/strong>, geli\u015fmi\u015f cerrahi e\u011fitim senaryolar\u0131 i\u00e7in \u00f6zel olarak tasarlanm\u0131\u015f, ger\u00e7ek\u00e7i anatomiye sahip bir laparoskopik sim\u00fclat\u00f6rd\u00fcr. Bu y\u00fcksek teknoloji \u00fcr\u00fcn\u00fc sim\u00fclat\u00f6r, ger\u00e7ek trokar giri\u015fi ve cerrahi aletlerin kullan\u0131m\u0131yla <strong data-start=\"568\" data-end=\"597\">canl\u0131ya en yak\u0131n deneyimi<\/strong> sunar.<\/p>\n<p data-start=\"608\" data-end=\"986\"><strong data-start=\"608\" data-end=\"621\">COMMAND-X<\/strong> yaz\u0131l\u0131m\u0131yla entegre \u00e7al\u0131\u015fan ADAM-X, ayr\u0131ca anestezi sim\u00fclat\u00f6r\u00fc ile birlikte kullan\u0131larak e\u011fitim s\u0131ras\u0131nda hastan\u0131n fizyolojik tepkilerini sim\u00fcle eder. B\u00f6ylece t\u0131p fak\u00fclteleri, cerrahi e\u011fitim merkezleri ve hastanelerde e\u011fitim alan profesyoneller, sadece teknik becerilerini de\u011fil ayn\u0131 zamanda karar verme ve hasta y\u00f6netimi yeteneklerini de geli\u015ftirme f\u0131rsat\u0131 bulur.<\/p>\n<h4 data-start=\"988\" data-end=\"1014\"><strong data-start=\"993\" data-end=\"1014\">Temel \u00d6zellikler:<\/strong><\/h4>\n<ul data-start=\"1015\" data-end=\"1711\">\n<li data-start=\"1015\" data-end=\"1121\">\n<p data-start=\"1017\" data-end=\"1121\"><strong data-start=\"1017\" data-end=\"1051\">Kablosuz ve Ba\u011f\u0131ms\u0131z Kullan\u0131m:<\/strong> Her t\u00fcrl\u00fc e\u011fitim ortam\u0131nda esnek pozisyonlama sa\u011flayan kablosuz yap\u0131.<\/p>\n<\/li>\n<li data-start=\"1122\" data-end=\"1244\">\n<p data-start=\"1124\" data-end=\"1244\"><strong data-start=\"1124\" data-end=\"1149\">Senaryo Bazl\u0131 E\u011fitim:<\/strong> \u00d6nceden programlanm\u0131\u015f ve \u00f6zelle\u015ftirilebilir vaka senaryolar\u0131 ile ger\u00e7ek vaka y\u00f6netimi prati\u011fi.<\/p>\n<\/li>\n<li data-start=\"1245\" data-end=\"1358\">\n<p data-start=\"1247\" data-end=\"1358\"><strong data-start=\"1247\" data-end=\"1277\">Box Trainer ve VR Deste\u011fi:<\/strong> Geleneksel kutu e\u011fitim modlar\u0131na ek olarak sanal ger\u00e7eklik ile entegre kullan\u0131m.<\/p>\n<\/li>\n<li data-start=\"1359\" data-end=\"1495\">\n<p data-start=\"1361\" data-end=\"1495\"><strong data-start=\"1361\" data-end=\"1386\">Yaz\u0131l\u0131m Entegrasyonu:<\/strong> COMMAND-X cerrahi yaz\u0131l\u0131m\u0131 ve anestezi sim\u00fclasyonu ile entegre \u00e7al\u0131\u015farak ger\u00e7ek zamanl\u0131 hasta izleme sa\u011flar.<\/p>\n<\/li>\n<li data-start=\"1496\" data-end=\"1597\">\n<p data-start=\"1498\" data-end=\"1597\"><strong data-start=\"1498\" data-end=\"1520\">Performans \u0130zleme:<\/strong> Kullan\u0131c\u0131lar\u0131n e\u011fitim s\u00fcre\u00e7leri detayl\u0131 bi\u00e7imde kaydedilir ve analiz edilir.<\/p>\n<\/li>\n<li data-start=\"1598\" data-end=\"1711\">\n<p data-start=\"1600\" data-end=\"1711\"><strong data-start=\"1600\" data-end=\"1629\">Ger\u00e7ek\u00e7i Cerrahi Deneyim:<\/strong> Ya\u015fayan dokulara benzer yap\u0131da kar\u0131n kubbesi ve ger\u00e7ek aletlerle m\u00fcdahale imk\u00e2n\u0131.<\/p>\n<\/li>\n<\/ul>\n<p data-start=\"1713\" data-end=\"1839\">Laparoscopic ADAM-X, <strong data-start=\"1734\" data-end=\"1775\">e\u011fitimde do\u011fruluk, esneklik ve analiz<\/strong> isteyen t\u00fcm cerrahi e\u011fitim programlar\u0131 i\u00e7in ideal bir \u00e7\u00f6z\u00fcmd\u00fcr.<\/p>\n<p data-start=\"1713\" data-end=\"1839\">Katalog indirmek i\u00e7in <a href=\"https:\/\/merkim.com.tr\/denemeler\/20230606_Laparoscopic_ADAM-X_Brochure.pdf\">TIKLAYINIZ..!<\/a><\/p>\n","protected":false},"excerpt":{"rendered":"<p>Ger\u00e7ek trokar kullan\u0131m\u0131, senaryo bazl\u0131 e\u011fitim ve tam yaz\u0131l\u0131m entegrasyonu ile donat\u0131lm\u0131\u015f geli\u015fmi\u015f laparoskopik cerrahi e\u011fitim sim\u00fclat\u00f6r\u00fcd\u00fcr.<\/p>\n","protected":false},"featured_media":311,"comment_status":"open","ping_status":"closed","template":"","meta":[],"product_brand":[950],"product_cat":[15,949],"product_tag":[959,964,961,957,966,962,958,960,956,967,141,45,965,963],"class_list":{"0":"post-310","1":"product","2":"type-product","3":"status-publish","4":"has-post-thumbnail","6":"product_brand-medical-x","7":"product_cat-genel","8":"product_cat-medical-x","9":"product_tag-anestezi-simulatoru","10":"product_tag-box-trainer","11":"product_tag-cerrahi-egitim-cihazi","12":"product_tag-cerrahi-simulator","13":"product_tag-command-x","14":"product_tag-gercekci-egitim-modeli","15":"product_tag-komuta-yazilimi","16":"product_tag-laparoscopic-adam-x","17":"product_tag-laparoskopik-egitim-simulatoru","18":"product_tag-medikal-egitim-teknolojisi","19":"product_tag-medikal-simulasyon","20":"product_tag-tip-egitimi","21":"product_tag-vr-laparoscopic-training","22":"product_tag-wireless-cerrahi-simulator","24":"first","25":"instock","26":"shipping-taxable","27":"product-type-simple"},"yoast_head":"<!-- This site is optimized with the Yoast SEO plugin v25.2 - https:\/\/yoast.com\/wordpress\/plugins\/seo\/ -->\n<title>Laparoscopic ADAM-X \u2013 Laparoskopik Cerrahi E\u011fitim Sim\u00fclat\u00f6r\u00fc - Merkim Maket<\/title>\n<meta name=\"description\" content=\"Laparoscopic ADAM-X, ger\u00e7ek trokar giri\u015fi, COMMAND-X entegrasyonu ve senaryo tabanl\u0131 e\u011fitim \u00f6zellikleriyle geli\u015fmi\u015f bir laparoskopik cerrahi e\u011fitim sim\u00fclat\u00f6r\u00fcd\u00fcr. T\u0131p e\u011fitimi i\u00e7in ideal \u00e7\u00f6z\u00fcm.\" \/>\n<meta name=\"robots\" content=\"index, follow, max-snippet:-1, max-image-preview:large, max-video-preview:-1\" \/>\n<link rel=\"canonical\" href=\"https:\/\/merkim.com.tr\/merkim-maket\/urun\/laparoscopic-adam-x-laparoskopik-cerrahi-egitim-simulatoru\/\" \/>\n<meta property=\"og:locale\" content=\"tr_TR\" \/>\n<meta property=\"og:type\" content=\"article\" \/>\n<meta property=\"og:title\" content=\"Laparoscopic ADAM-X \u2013 Laparoskopik Cerrahi E\u011fitim Sim\u00fclat\u00f6r\u00fc - Merkim Maket\" \/>\n<meta property=\"og:description\" content=\"Laparoscopic ADAM-X, ger\u00e7ek trokar giri\u015fi, COMMAND-X entegrasyonu ve senaryo tabanl\u0131 e\u011fitim \u00f6zellikleriyle geli\u015fmi\u015f bir laparoskopik cerrahi e\u011fitim sim\u00fclat\u00f6r\u00fcd\u00fcr. T\u0131p e\u011fitimi i\u00e7in ideal \u00e7\u00f6z\u00fcm.\" \/>\n<meta property=\"og:url\" content=\"https:\/\/merkim.com.tr\/merkim-maket\/urun\/laparoscopic-adam-x-laparoskopik-cerrahi-egitim-simulatoru\/\" \/>\n<meta property=\"og:site_name\" content=\"Merkim Maket\" \/>\n<meta property=\"og:image\" content=\"https:\/\/merkim.com.tr\/merkim-maket\/wp-content\/uploads\/2025\/06\/laparoscopic-adam-x-cerrahi-egitim-simulatoru-commandx.png\" \/>\n\t<meta property=\"og:image:width\" content=\"800\" \/>\n\t<meta property=\"og:image:height\" content=\"800\" \/>\n\t<meta property=\"og:image:type\" content=\"image\/png\" \/>\n<meta name=\"twitter:card\" content=\"summary_large_image\" \/>\n<meta name=\"twitter:label1\" content=\"Tahmini okuma s\u00fcresi\" \/>\n\t<meta name=\"twitter:data1\" content=\"2 dakika\" \/>\n<script type=\"application\/ld+json\" class=\"yoast-schema-graph\">{\"@context\":\"https:\/\/schema.org\",\"@graph\":[{\"@type\":\"WebPage\",\"@id\":\"https:\/\/merkim.com.tr\/merkim-maket\/urun\/laparoscopic-adam-x-laparoskopik-cerrahi-egitim-simulatoru\/\",\"url\":\"https:\/\/merkim.com.tr\/merkim-maket\/urun\/laparoscopic-adam-x-laparoskopik-cerrahi-egitim-simulatoru\/\",\"name\":\"Laparoscopic ADAM-X \u2013 Laparoskopik Cerrahi E\u011fitim Sim\u00fclat\u00f6r\u00fc - Merkim Maket\",\"isPartOf\":{\"@id\":\"https:\/\/merkim.com.tr\/merkim-maket\/#website\"},\"primaryImageOfPage\":{\"@id\":\"https:\/\/merkim.com.tr\/merkim-maket\/urun\/laparoscopic-adam-x-laparoskopik-cerrahi-egitim-simulatoru\/#primaryimage\"},\"image\":{\"@id\":\"https:\/\/merkim.com.tr\/merkim-maket\/urun\/laparoscopic-adam-x-laparoskopik-cerrahi-egitim-simulatoru\/#primaryimage\"},\"thumbnailUrl\":\"https:\/\/merkim.com.tr\/merkim-maket\/wp-content\/uploads\/2025\/06\/laparoscopic-adam-x-cerrahi-egitim-simulatoru-commandx.png\",\"datePublished\":\"2025-06-27T13:23:55+00:00\",\"description\":\"Laparoscopic ADAM-X, ger\u00e7ek trokar giri\u015fi, COMMAND-X entegrasyonu ve senaryo tabanl\u0131 e\u011fitim \u00f6zellikleriyle geli\u015fmi\u015f bir laparoskopik cerrahi e\u011fitim sim\u00fclat\u00f6r\u00fcd\u00fcr. T\u0131p e\u011fitimi i\u00e7in ideal \u00e7\u00f6z\u00fcm.\",\"breadcrumb\":{\"@id\":\"https:\/\/merkim.com.tr\/merkim-maket\/urun\/laparoscopic-adam-x-laparoskopik-cerrahi-egitim-simulatoru\/#breadcrumb\"},\"inLanguage\":\"tr\",\"potentialAction\":[{\"@type\":\"ReadAction\",\"target\":[\"https:\/\/merkim.com.tr\/merkim-maket\/urun\/laparoscopic-adam-x-laparoskopik-cerrahi-egitim-simulatoru\/\"]}]},{\"@type\":\"ImageObject\",\"inLanguage\":\"tr\",\"@id\":\"https:\/\/merkim.com.tr\/merkim-maket\/urun\/laparoscopic-adam-x-laparoskopik-cerrahi-egitim-simulatoru\/#primaryimage\",\"url\":\"https:\/\/merkim.com.tr\/merkim-maket\/wp-content\/uploads\/2025\/06\/laparoscopic-adam-x-cerrahi-egitim-simulatoru-commandx.png\",\"contentUrl\":\"https:\/\/merkim.com.tr\/merkim-maket\/wp-content\/uploads\/2025\/06\/laparoscopic-adam-x-cerrahi-egitim-simulatoru-commandx.png\",\"width\":800,\"height\":800,\"caption\":\"COMMAND-X yaz\u0131l\u0131m\u0131 ile senaryo bazl\u0131 cerrahi e\u011fitim deneyimi\"},{\"@type\":\"BreadcrumbList\",\"@id\":\"https:\/\/merkim.com.tr\/merkim-maket\/urun\/laparoscopic-adam-x-laparoskopik-cerrahi-egitim-simulatoru\/#breadcrumb\",\"itemListElement\":[{\"@type\":\"ListItem\",\"position\":1,\"name\":\"Anasayfa\",\"item\":\"https:\/\/merkim.com.tr\/merkim-maket\/\"},{\"@type\":\"ListItem\",\"position\":2,\"name\":\"Ma\u011faza\",\"item\":\"https:\/\/merkim.com.tr\/merkim-maket\/magaza\/\"},{\"@type\":\"ListItem\",\"position\":3,\"name\":\"Laparoscopic ADAM-X \u2013 Laparoskopik Cerrahi E\u011fitim Sim\u00fclat\u00f6r\u00fc\"}]},{\"@type\":\"WebSite\",\"@id\":\"https:\/\/merkim.com.tr\/merkim-maket\/#website\",\"url\":\"https:\/\/merkim.com.tr\/merkim-maket\/\",\"name\":\"Merkim Maket\",\"description\":\"\",\"potentialAction\":[{\"@type\":\"SearchAction\",\"target\":{\"@type\":\"EntryPoint\",\"urlTemplate\":\"https:\/\/merkim.com.tr\/merkim-maket\/?s={search_term_string}\"},\"query-input\":{\"@type\":\"PropertyValueSpecification\",\"valueRequired\":true,\"valueName\":\"search_term_string\"}}],\"inLanguage\":\"tr\"}]}<\/script>\n<!-- \/ Yoast SEO plugin. -->","yoast_head_json":{"title":"Laparoscopic ADAM-X \u2013 Laparoskopik Cerrahi E\u011fitim Sim\u00fclat\u00f6r\u00fc - Merkim Maket","description":"Laparoscopic ADAM-X, ger\u00e7ek trokar giri\u015fi, COMMAND-X entegrasyonu ve senaryo tabanl\u0131 e\u011fitim \u00f6zellikleriyle geli\u015fmi\u015f bir laparoskopik cerrahi e\u011fitim sim\u00fclat\u00f6r\u00fcd\u00fcr. T\u0131p e\u011fitimi i\u00e7in ideal \u00e7\u00f6z\u00fcm.","robots":{"index":"index","follow":"follow","max-snippet":"max-snippet:-1","max-image-preview":"max-image-preview:large","max-video-preview":"max-video-preview:-1"},"canonical":"https:\/\/merkim.com.tr\/merkim-maket\/urun\/laparoscopic-adam-x-laparoskopik-cerrahi-egitim-simulatoru\/","og_locale":"tr_TR","og_type":"article","og_title":"Laparoscopic ADAM-X \u2013 Laparoskopik Cerrahi E\u011fitim Sim\u00fclat\u00f6r\u00fc - Merkim Maket","og_description":"Laparoscopic ADAM-X, ger\u00e7ek trokar giri\u015fi, COMMAND-X entegrasyonu ve senaryo tabanl\u0131 e\u011fitim \u00f6zellikleriyle geli\u015fmi\u015f bir laparoskopik cerrahi e\u011fitim sim\u00fclat\u00f6r\u00fcd\u00fcr. T\u0131p e\u011fitimi i\u00e7in ideal \u00e7\u00f6z\u00fcm.","og_url":"https:\/\/merkim.com.tr\/merkim-maket\/urun\/laparoscopic-adam-x-laparoskopik-cerrahi-egitim-simulatoru\/","og_site_name":"Merkim Maket","og_image":[{"width":800,"height":800,"url":"https:\/\/merkim.com.tr\/merkim-maket\/wp-content\/uploads\/2025\/06\/laparoscopic-adam-x-cerrahi-egitim-simulatoru-commandx.png","type":"image\/png"}],"twitter_card":"summary_large_image","twitter_misc":{"Tahmini okuma s\u00fcresi":"2 dakika"},"schema":{"@context":"https:\/\/schema.org","@graph":[{"@type":"WebPage","@id":"https:\/\/merkim.com.tr\/merkim-maket\/urun\/laparoscopic-adam-x-laparoskopik-cerrahi-egitim-simulatoru\/","url":"https:\/\/merkim.com.tr\/merkim-maket\/urun\/laparoscopic-adam-x-laparoskopik-cerrahi-egitim-simulatoru\/","name":"Laparoscopic ADAM-X \u2013 Laparoskopik Cerrahi E\u011fitim Sim\u00fclat\u00f6r\u00fc - Merkim Maket","isPartOf":{"@id":"https:\/\/merkim.com.tr\/merkim-maket\/#website"},"primaryImageOfPage":{"@id":"https:\/\/merkim.com.tr\/merkim-maket\/urun\/laparoscopic-adam-x-laparoskopik-cerrahi-egitim-simulatoru\/#primaryimage"},"image":{"@id":"https:\/\/merkim.com.tr\/merkim-maket\/urun\/laparoscopic-adam-x-laparoskopik-cerrahi-egitim-simulatoru\/#primaryimage"},"thumbnailUrl":"https:\/\/merkim.com.tr\/merkim-maket\/wp-content\/uploads\/2025\/06\/laparoscopic-adam-x-cerrahi-egitim-simulatoru-commandx.png","datePublished":"2025-06-27T13:23:55+00:00","description":"Laparoscopic ADAM-X, ger\u00e7ek trokar giri\u015fi, COMMAND-X entegrasyonu ve senaryo tabanl\u0131 e\u011fitim \u00f6zellikleriyle geli\u015fmi\u015f bir laparoskopik cerrahi e\u011fitim sim\u00fclat\u00f6r\u00fcd\u00fcr. T\u0131p e\u011fitimi i\u00e7in ideal \u00e7\u00f6z\u00fcm.","breadcrumb":{"@id":"https:\/\/merkim.com.tr\/merkim-maket\/urun\/laparoscopic-adam-x-laparoskopik-cerrahi-egitim-simulatoru\/#breadcrumb"},"inLanguage":"tr","potentialAction":[{"@type":"ReadAction","target":["https:\/\/merkim.com.tr\/merkim-maket\/urun\/laparoscopic-adam-x-laparoskopik-cerrahi-egitim-simulatoru\/"]}]},{"@type":"ImageObject","inLanguage":"tr","@id":"https:\/\/merkim.com.tr\/merkim-maket\/urun\/laparoscopic-adam-x-laparoskopik-cerrahi-egitim-simulatoru\/#primaryimage","url":"https:\/\/merkim.com.tr\/merkim-maket\/wp-content\/uploads\/2025\/06\/laparoscopic-adam-x-cerrahi-egitim-simulatoru-commandx.png","contentUrl":"https:\/\/merkim.com.tr\/merkim-maket\/wp-content\/uploads\/2025\/06\/laparoscopic-adam-x-cerrahi-egitim-simulatoru-commandx.png","width":800,"height":800,"caption":"COMMAND-X yaz\u0131l\u0131m\u0131 ile senaryo bazl\u0131 cerrahi e\u011fitim deneyimi"},{"@type":"BreadcrumbList","@id":"https:\/\/merkim.com.tr\/merkim-maket\/urun\/laparoscopic-adam-x-laparoskopik-cerrahi-egitim-simulatoru\/#breadcrumb","itemListElement":[{"@type":"ListItem","position":1,"name":"Anasayfa","item":"https:\/\/merkim.com.tr\/merkim-maket\/"},{"@type":"ListItem","position":2,"name":"Ma\u011faza","item":"https:\/\/merkim.com.tr\/merkim-maket\/magaza\/"},{"@type":"ListItem","position":3,"name":"Laparoscopic ADAM-X \u2013 Laparoskopik Cerrahi E\u011fitim Sim\u00fclat\u00f6r\u00fc"}]},{"@type":"WebSite","@id":"https:\/\/merkim.com.tr\/merkim-maket\/#website","url":"https:\/\/merkim.com.tr\/merkim-maket\/","name":"Merkim Maket","description":"","potentialAction":[{"@type":"SearchAction","target":{"@type":"EntryPoint","urlTemplate":"https:\/\/merkim.com.tr\/merkim-maket\/?s={search_term_string}"},"query-input":{"@type":"PropertyValueSpecification","valueRequired":true,"valueName":"search_term_string"}}],"inLanguage":"tr"}]}},"_links":{"self":[{"href":"https:\/\/merkim.com.tr\/merkim-maket\/wp-json\/wp\/v2\/product\/310","targetHints":{"allow":["GET"]}}],"collection":[{"href":"https:\/\/merkim.com.tr\/merkim-maket\/wp-json\/wp\/v2\/product"}],"about":[{"href":"https:\/\/merkim.com.tr\/merkim-maket\/wp-json\/wp\/v2\/types\/product"}],"replies":[{"embeddable":true,"href":"https:\/\/merkim.com.tr\/merkim-maket\/wp-json\/wp\/v2\/comments?post=310"}],"wp:featuredmedia":[{"embeddable":true,"href":"https:\/\/merkim.com.tr\/merkim-maket\/wp-json\/wp\/v2\/media\/311"}],"wp:attachment":[{"href":"https:\/\/merkim.com.tr\/merkim-maket\/wp-json\/wp\/v2\/media?parent=310"}],"wp:term":[{"taxonomy":"product_brand","embeddable":true,"href":"https:\/\/merkim.com.tr\/merkim-maket\/wp-json\/wp\/v2\/product_brand?post=310"},{"taxonomy":"product_cat","embeddable":true,"href":"https:\/\/merkim.com.tr\/merkim-maket\/wp-json\/wp\/v2\/product_cat?post=310"},{"taxonomy":"product_tag","embeddable":true,"href":"https:\/\/merkim.com.tr\/merkim-maket\/wp-json\/wp\/v2\/product_tag?post=310"}],"curies":[{"name":"wp","href":"https:\/\/api.w.org\/{rel}","templated":true}]}}