{"id":307,"date":"2025-06-27T12:35:08","date_gmt":"2025-06-27T12:35:08","guid":{"rendered":"https:\/\/merkim.com.tr\/merkim-maket\/?post_type=product&#038;p=307"},"modified":"2025-06-27T12:37:41","modified_gmt":"2025-06-27T12:37:41","slug":"adam-x-gelismis-hasta-simulatoru","status":"publish","type":"product","link":"https:\/\/merkim.com.tr\/merkim-maket\/urun\/adam-x-gelismis-hasta-simulatoru\/","title":{"rendered":"ADAM-X Geli\u015fmi\u015f Hasta Sim\u00fclat\u00f6r\u00fc"},"content":{"rendered":"<p dir=\"ltr\" data-pm-slice=\"1 1 []\">ADAM-X \u0130leri Hasta Sim\u00fclat\u00f6r\u00fc, sa\u011fl\u0131k e\u011fitimi ve acil m\u00fcdahale e\u011fitiminde \u00e7\u0131\u011f\u0131r a\u00e7an bir yenilik sunar. Medical-X taraf\u0131ndan geli\u015ftirilen bu tam v\u00fccut yeti\u015fkin hasta sim\u00fclat\u00f6r\u00fc, insan anatomisi ve fizyolojisini en ger\u00e7ek\u00e7i \u015fekilde yeniden olu\u015fturarak sa\u011fl\u0131k profesyonellerine e\u015fsiz bir e\u011fitim deneyimi sa\u011flar. 1.95 metre uzunlu\u011funda ve 80 kg a\u011f\u0131rl\u0131\u011f\u0131nda olan ADAM-X, ger\u00e7ek\u00e7i cilt dokusu, anatomik do\u011fruluk ve do\u011fal eklem hareketleriyle dikkat \u00e7eker. Bu \u00f6zellikler, hastane \u00f6ncesi bak\u0131m, ileri ya\u015fam deste\u011fi (ALS) ve travma e\u011fitimi gibi kritik senaryolar i\u00e7in ideal bir e\u011fitim arac\u0131 sunar.<\/p>\n<p dir=\"ltr\">ADAM-X, kablosuz ve ba\u011flant\u0131s\u0131z \u00e7al\u0131\u015fma \u00f6zelli\u011fiyle tam hareket kabiliyeti sa\u011flar, b\u00f6ylece her t\u00fcrl\u00fc e\u011fitim ortam\u0131nda esneklik sunar. Hava yolu y\u00f6netimi, torba-valf-maske ile ventilasyon, ger\u00e7ek\u00e7i g\u00f6\u011f\u00fcs kompresyon direnciyle kalp masaj\u0131 ve CPR kalitesi geri bildirimi gibi \u00f6zellikler, sa\u011fl\u0131k profesyonellerinin becerilerini geli\u015ftirmesine olanak tan\u0131r. Ayr\u0131ca, nab\u0131z palpasyonu, kalp, akci\u011fer ve ba\u011f\u0131rsak seslerinin osk\u00fcltasyonu, spontan solunum, pn\u00f6motoraks sim\u00fclasyonu, pupil refleksi ve ciltte siyanoz, sar\u0131l\u0131k, k\u0131zar\u0131kl\u0131k veya solukluk gibi renk de\u011fi\u015fimlerini sim\u00fcle etme yetenekleriyle kapsaml\u0131 bir e\u011fitim sunar.<\/p>\n<p dir=\"ltr\">ADAM-X, Xtreme, Xpert, Xtra, Xcel, Xact ve Trauma modelleriyle farkl\u0131 e\u011fitim ihtiya\u00e7lar\u0131na uyum sa\u011flayacak \u015fekilde \u00f6zelle\u015ftirilebilir. \u00d6zellikle HEMORRHAGE-X3 ile birle\u015ftirildi\u011finde ger\u00e7ek\u00e7i kanama sim\u00fclasyonu sunar, bu da acil t\u0131p ve travma e\u011fitimini bir \u00fcst seviyeye ta\u015f\u0131r. Ayr\u0131labilir uzuvlar\u0131 sayesinde kolay ta\u015f\u0131nabilirlik sa\u011flayan ADAM-X, hastaneler, \u00fcniversiteler, acil sa\u011fl\u0131k hizmetleri ve askeri kurulu\u015flar i\u00e7in m\u00fckemmel bir se\u00e7imdir. Medical-X\u2019in CES \u0130novasyon \u00d6d\u00fcl\u00fc\u2019ne lay\u0131k g\u00f6r\u00fclen teknolojisiyle desteklenen ADAM-X, sa\u011fl\u0131k sim\u00fclasyonunda ger\u00e7eklik ve yenilik standartlar\u0131n\u0131 yeniden tan\u0131mlar.<\/p>\n<p>&nbsp;<\/p>\n<table class=\"wp-table\" style=\"width: 100%; border-collapse: collapse; text-align: center;\">\n<thead>\n<tr style=\"background-color: #f2f2f2;\">\n<th style=\"border: 1px solid #ddd; padding: 12px;\">\u00d6zellikler<\/th>\n<th style=\"border: 1px solid #ddd; padding: 12px;\">Xtreme (FP0001)<\/th>\n<th style=\"border: 1px solid #ddd; padding: 12px;\">Xpert (FP0002)<\/th>\n<th style=\"border: 1px solid #ddd; padding: 12px;\">Xtra (FP0003)<\/th>\n<th style=\"border: 1px solid #ddd; padding: 12px;\">Xcel (FP0004)<\/th>\n<th style=\"border: 1px solid #ddd; padding: 12px;\">Xact (FP0005)<\/th>\n<th style=\"border: 1px solid #ddd; padding: 12px;\">Trauma (AX1001)<\/th>\n<\/tr>\n<\/thead>\n<tbody>\n<tr>\n<td style=\"border: 1px solid #ddd; padding: 12px;\">Erkek anatomisinin ger\u00e7ek\u00e7i reprod\u00fcksiyonu<\/td>\n<td style=\"border: 1px solid #ddd; padding: 12px;\">\u2713<\/td>\n<td style=\"border: 1px solid #ddd; padding: 12px;\">\u2713<\/td>\n<td style=\"border: 1px solid #ddd; padding: 12px;\">\u2713<\/td>\n<td style=\"border: 1px solid #ddd; padding: 12px;\">\u2713<\/td>\n<td style=\"border: 1px solid #ddd; padding: 12px;\">\u2713<\/td>\n<td style=\"border: 1px solid #ddd; padding: 12px;\">\u2713<\/td>\n<\/tr>\n<tr>\n<td style=\"border: 1px solid #ddd; padding: 12px;\">Yumu\u015fak silikon cilt ile ger\u00e7ek\u00e7i g\u00f6r\u00fcn\u00fcm<\/td>\n<td style=\"border: 1px solid #ddd; padding: 12px;\">\u2713<\/td>\n<td style=\"border: 1px solid #ddd; padding: 12px;\">\u2713<\/td>\n<td style=\"border: 1px solid #ddd; padding: 12px;\">\u2713<\/td>\n<td style=\"border: 1px solid #ddd; padding: 12px;\">\u2713<\/td>\n<td style=\"border: 1px solid #ddd; padding: 12px;\">\u2713<\/td>\n<td style=\"border: 1px solid #ddd; padding: 12px;\">\u2713<\/td>\n<\/tr>\n<tr>\n<td style=\"border: 1px solid #ddd; padding: 12px;\">\u00c7oklu cihazlarla hava yolu y\u00f6netimi<\/td>\n<td style=\"border: 1px solid #ddd; padding: 12px;\">\u2713<\/td>\n<td style=\"border: 1px solid #ddd; padding: 12px;\">\u2713<\/td>\n<td style=\"border: 1px solid #ddd; padding: 12px;\">\u2713<\/td>\n<td style=\"border: 1px solid #ddd; padding: 12px;\">\u2713<\/td>\n<td style=\"border: 1px solid #ddd; padding: 12px;\">\u2713<\/td>\n<td style=\"border: 1px solid #ddd; padding: 12px;\">\u2713<\/td>\n<\/tr>\n<tr>\n<td style=\"border: 1px solid #ddd; padding: 12px;\">Torba-valf-maske ile ventilasyon<\/td>\n<td style=\"border: 1px solid #ddd; padding: 12px;\">\u2713<\/td>\n<td style=\"border: 1px solid #ddd; padding: 12px;\">\u2713<\/td>\n<td style=\"border: 1px solid #ddd; padding: 12px;\">\u2713<\/td>\n<td style=\"border: 1px solid #ddd; padding: 12px;\">\u2713<\/td>\n<td style=\"border: 1px solid #ddd; padding: 12px;\">\u2713<\/td>\n<td style=\"border: 1px solid #ddd; padding: 12px;\">\u2713<\/td>\n<\/tr>\n<tr>\n<td style=\"border: 1px solid #ddd; padding: 12px;\">Ger\u00e7ek\u00e7i kompresyon direnciyle kalp masaj\u0131<\/td>\n<td style=\"border: 1px solid #ddd; padding: 12px;\">\u2713<\/td>\n<td style=\"border: 1px solid #ddd; padding: 12px;\">\u2713<\/td>\n<td style=\"border: 1px solid #ddd; padding: 12px;\">\u2713<\/td>\n<td style=\"border: 1px solid #ddd; padding: 12px;\">\u2713<\/td>\n<td style=\"border: 1px solid #ddd; padding: 12px;\">\u2713<\/td>\n<td style=\"border: 1px solid #ddd; padding: 12px;\">\u2713<\/td>\n<\/tr>\n<tr>\n<td style=\"border: 1px solid #ddd; padding: 12px;\">CPR kalitesi geri bildirimi<\/td>\n<td style=\"border: 1px solid #ddd; padding: 12px;\">\u2713<\/td>\n<td style=\"border: 1px solid #ddd; padding: 12px;\">\u2713<\/td>\n<td style=\"border: 1px solid #ddd; padding: 12px;\">\u2713<\/td>\n<td style=\"border: 1px solid #ddd; padding: 12px;\">\u2713<\/td>\n<td style=\"border: 1px solid #ddd; padding: 12px;\">\u2713<\/td>\n<td style=\"border: 1px solid #ddd; padding: 12px;\">\u2713<\/td>\n<\/tr>\n<tr>\n<td style=\"border: 1px solid #ddd; padding: 12px;\">Hissedilebilir nab\u0131z<\/td>\n<td style=\"border: 1px solid #ddd; padding: 12px;\">\u2713<\/td>\n<td style=\"border: 1px solid #ddd; padding: 12px;\">\u2713<\/td>\n<td style=\"border: 1px solid #ddd; padding: 12px;\">\u2713<\/td>\n<td style=\"border: 1px solid #ddd; padding: 12px;\"><\/td>\n<td style=\"border: 1px solid #ddd; padding: 12px;\"><\/td>\n<td style=\"border: 1px solid #ddd; padding: 12px;\"><\/td>\n<\/tr>\n<tr>\n<td style=\"border: 1px solid #ddd; padding: 12px;\">Kalp, akci\u011fer ve ba\u011f\u0131rsak seslerinin osk\u00fcltasyonu<\/td>\n<td style=\"border: 1px solid #ddd; padding: 12px;\">\u2713<\/td>\n<td style=\"border: 1px solid #ddd; padding: 12px;\">\u2713<\/td>\n<td style=\"border: 1px solid #ddd; padding: 12px;\">\u2713<\/td>\n<td style=\"border: 1px solid #ddd; padding: 12px;\"><\/td>\n<td style=\"border: 1px solid #ddd; padding: 12px;\"><\/td>\n<td style=\"border: 1px solid #ddd; padding: 12px;\"><\/td>\n<\/tr>\n<tr>\n<td style=\"border: 1px solid #ddd; padding: 12px;\">Spontan solunum<\/td>\n<td style=\"border: 1px solid #ddd; padding: 12px;\">\u2713<\/td>\n<td style=\"border: 1px solid #ddd; padding: 12px;\">\u2713<\/td>\n<td style=\"border: 1px solid #ddd; padding: 12px;\"><\/td>\n<td style=\"border: 1px solid #ddd; padding: 12px;\"><\/td>\n<td style=\"border: 1px solid #ddd; padding: 12px;\"><\/td>\n<td style=\"border: 1px solid #ddd; padding: 12px;\"><\/td>\n<\/tr>\n<tr>\n<td style=\"border: 1px solid #ddd; padding: 12px;\">Pn\u00f6motoraks<\/td>\n<td style=\"border: 1px solid #ddd; padding: 12px;\">\u2713<\/td>\n<td style=\"border: 1px solid #ddd; padding: 12px;\">\u2713<\/td>\n<td style=\"border: 1px solid #ddd; padding: 12px;\"><\/td>\n<td style=\"border: 1px solid #ddd; padding: 12px;\"><\/td>\n<td style=\"border: 1px solid #ddd; padding: 12px;\"><\/td>\n<td style=\"border: 1px solid #ddd; padding: 12px;\"><\/td>\n<\/tr>\n<tr>\n<td style=\"border: 1px solid #ddd; padding: 12px;\">Pupil refleksi<\/td>\n<td style=\"border: 1px solid #ddd; padding: 12px;\">\u2713<\/td>\n<td style=\"border: 1px solid #ddd; padding: 12px;\"><\/td>\n<td style=\"border: 1px solid #ddd; padding: 12px;\"><\/td>\n<td style=\"border: 1px solid #ddd; padding: 12px;\"><\/td>\n<td style=\"border: 1px solid #ddd; padding: 12px;\"><\/td>\n<td style=\"border: 1px solid #ddd; padding: 12px;\"><\/td>\n<\/tr>\n<tr>\n<td style=\"border: 1px solid #ddd; padding: 12px;\">Ciltte siyanoz, sar\u0131l\u0131k, k\u0131zar\u0131kl\u0131k ve solukluk<\/td>\n<td style=\"border: 1px solid #ddd; padding: 12px;\">\u2713<\/td>\n<td style=\"border: 1px solid #ddd; padding: 12px;\">\u2713<\/td>\n<td style=\"border: 1px solid #ddd; padding: 12px;\"><\/td>\n<td style=\"border: 1px solid #ddd; padding: 12px;\"><\/td>\n<td style=\"border: 1px solid #ddd; padding: 12px;\"><\/td>\n<td style=\"border: 1px solid #ddd; padding: 12px;\"><\/td>\n<\/tr>\n<tr>\n<td style=\"border: 1px solid #ddd; padding: 12px;\">HEMORRHAGE-X3 ile ger\u00e7ek\u00e7i kanama sim\u00fclasyonu<\/td>\n<td style=\"border: 1px solid #ddd; padding: 12px;\">\u2713<\/td>\n<td style=\"border: 1px solid #ddd; padding: 12px;\">\u2713<\/td>\n<td style=\"border: 1px solid #ddd; padding: 12px;\"><\/td>\n<td style=\"border: 1px solid #ddd; padding: 12px;\"><\/td>\n<td style=\"border: 1px solid #ddd; padding: 12px;\"><\/td>\n<td style=\"border: 1px solid #ddd; padding: 12px;\"><\/td>\n<\/tr>\n<\/tbody>\n<\/table>\n<p>Katalog \u0130ndirmek i\u00e7in <a href=\"https:\/\/merkim.com.tr\/denemeler\/20241021_ADAM-X_Xtreme_Brochure.pdf\">T\u0131klay\u0131n\u0131z..!<\/a><\/p>\n<p>&nbsp;<\/p>\n","protected":false},"excerpt":{"rendered":"<p dir=\"ltr\" data-pm-slice=\"1 1 []\">ADAM-X \u0130leri Hasta Sim\u00fclat\u00f6r\u00fc, ger\u00e7ek\u00e7i insan anatomisi ve fizyolojisi ile sa\u011fl\u0131k e\u011fitimi i\u00e7in tasarlanm\u0131\u015f kablosuz, tam v\u00fccut bir sim\u00fclat\u00f6rd\u00fcr. Hava yolu y\u00f6netimi, CPR, nab\u0131z palpasyonu ve pn\u00f6motoraks gibi \u00f6zelliklerle hastane \u00f6ncesi bak\u0131m ve ileri ya\u015fam deste\u011fi e\u011fitiminde m\u00fckemmel bir \u00e7\u00f6z\u00fcm sunar.<\/p>\n","protected":false},"featured_media":308,"comment_status":"open","ping_status":"closed","template":"","meta":[],"product_brand":[950],"product_cat":[15,949,179],"product_tag":[38,952,872,955,31,908,954,951,264,20,478,953],"class_list":{"0":"post-307","1":"product","2":"type-product","3":"status-publish","4":"has-post-thumbnail","6":"product_brand-medical-x","7":"product_cat-genel","8":"product_cat-medical-x","9":"product_cat-simulasyon","10":"product_tag-acil-tip-egitimi","11":"product_tag-adam-x","12":"product_tag-cpr-egitimi","13":"product_tag-gercekci-manken","14":"product_tag-hasta-simulatoru","15":"product_tag-ileri-yasam-destegi","16":"product_tag-kablosuz-simulator","17":"product_tag-medical-x","18":"product_tag-saglik-egitimi-araci","19":"product_tag-saglik-simulasyonu","20":"product_tag-tibbi-simulator","21":"product_tag-travma-egitimi","23":"first","24":"instock","25":"shipping-taxable","26":"product-type-simple"},"yoast_head":"<!-- This site is optimized with the Yoast SEO plugin v25.2 - https:\/\/yoast.com\/wordpress\/plugins\/seo\/ -->\n<title>ADAM-X Geli\u015fmi\u015f Hasta Sim\u00fclat\u00f6r\u00fc - Merkim Maket<\/title>\n<meta name=\"description\" content=\"ADAM-X \u0130leri Hasta Sim\u00fclat\u00f6r\u00fc, ger\u00e7ek\u00e7i anatomisi ve kablosuz \u00e7al\u0131\u015fmas\u0131yla acil t\u0131p ve ileri ya\u015fam deste\u011fi e\u011fitiminde lider bir \u00e7\u00f6z\u00fcmd\u00fcr. Medical-X\u2019in yenilik\u00e7i teknolojisiyle hasta g\u00fcvenli\u011fini art\u0131r\u0131n.\" \/>\n<meta name=\"robots\" content=\"index, follow, max-snippet:-1, max-image-preview:large, max-video-preview:-1\" \/>\n<link rel=\"canonical\" href=\"https:\/\/merkim.com.tr\/merkim-maket\/urun\/adam-x-gelismis-hasta-simulatoru\/\" \/>\n<meta property=\"og:locale\" content=\"tr_TR\" \/>\n<meta property=\"og:type\" content=\"article\" \/>\n<meta property=\"og:title\" content=\"ADAM-X Geli\u015fmi\u015f Hasta Sim\u00fclat\u00f6r\u00fc - Merkim Maket\" \/>\n<meta property=\"og:description\" content=\"ADAM-X \u0130leri Hasta Sim\u00fclat\u00f6r\u00fc, ger\u00e7ek\u00e7i anatomisi ve kablosuz \u00e7al\u0131\u015fmas\u0131yla acil t\u0131p ve ileri ya\u015fam deste\u011fi e\u011fitiminde lider bir \u00e7\u00f6z\u00fcmd\u00fcr. Medical-X\u2019in yenilik\u00e7i teknolojisiyle hasta g\u00fcvenli\u011fini art\u0131r\u0131n.\" \/>\n<meta property=\"og:url\" content=\"https:\/\/merkim.com.tr\/merkim-maket\/urun\/adam-x-gelismis-hasta-simulatoru\/\" \/>\n<meta property=\"og:site_name\" content=\"Merkim Maket\" \/>\n<meta property=\"article:modified_time\" content=\"2025-06-27T12:37:41+00:00\" \/>\n<meta property=\"og:image\" content=\"https:\/\/merkim.com.tr\/merkim-maket\/wp-content\/uploads\/2025\/06\/adam-x-medical-x-simulator.png\" \/>\n\t<meta property=\"og:image:width\" content=\"800\" \/>\n\t<meta property=\"og:image:height\" content=\"800\" \/>\n\t<meta property=\"og:image:type\" content=\"image\/png\" \/>\n<meta name=\"twitter:card\" content=\"summary_large_image\" \/>\n<meta name=\"twitter:label1\" content=\"Tahmini okuma s\u00fcresi\" \/>\n\t<meta name=\"twitter:data1\" content=\"3 dakika\" \/>\n<script type=\"application\/ld+json\" class=\"yoast-schema-graph\">{\"@context\":\"https:\/\/schema.org\",\"@graph\":[{\"@type\":\"WebPage\",\"@id\":\"https:\/\/merkim.com.tr\/merkim-maket\/urun\/adam-x-gelismis-hasta-simulatoru\/\",\"url\":\"https:\/\/merkim.com.tr\/merkim-maket\/urun\/adam-x-gelismis-hasta-simulatoru\/\",\"name\":\"ADAM-X Geli\u015fmi\u015f Hasta Sim\u00fclat\u00f6r\u00fc - Merkim Maket\",\"isPartOf\":{\"@id\":\"https:\/\/merkim.com.tr\/merkim-maket\/#website\"},\"primaryImageOfPage\":{\"@id\":\"https:\/\/merkim.com.tr\/merkim-maket\/urun\/adam-x-gelismis-hasta-simulatoru\/#primaryimage\"},\"image\":{\"@id\":\"https:\/\/merkim.com.tr\/merkim-maket\/urun\/adam-x-gelismis-hasta-simulatoru\/#primaryimage\"},\"thumbnailUrl\":\"https:\/\/merkim.com.tr\/merkim-maket\/wp-content\/uploads\/2025\/06\/adam-x-medical-x-simulator.png\",\"datePublished\":\"2025-06-27T12:35:08+00:00\",\"dateModified\":\"2025-06-27T12:37:41+00:00\",\"description\":\"ADAM-X \u0130leri Hasta Sim\u00fclat\u00f6r\u00fc, ger\u00e7ek\u00e7i anatomisi ve kablosuz \u00e7al\u0131\u015fmas\u0131yla acil t\u0131p ve ileri ya\u015fam deste\u011fi e\u011fitiminde lider bir \u00e7\u00f6z\u00fcmd\u00fcr. Medical-X\u2019in yenilik\u00e7i teknolojisiyle hasta g\u00fcvenli\u011fini art\u0131r\u0131n.\",\"breadcrumb\":{\"@id\":\"https:\/\/merkim.com.tr\/merkim-maket\/urun\/adam-x-gelismis-hasta-simulatoru\/#breadcrumb\"},\"inLanguage\":\"tr\",\"potentialAction\":[{\"@type\":\"ReadAction\",\"target\":[\"https:\/\/merkim.com.tr\/merkim-maket\/urun\/adam-x-gelismis-hasta-simulatoru\/\"]}]},{\"@type\":\"ImageObject\",\"inLanguage\":\"tr\",\"@id\":\"https:\/\/merkim.com.tr\/merkim-maket\/urun\/adam-x-gelismis-hasta-simulatoru\/#primaryimage\",\"url\":\"https:\/\/merkim.com.tr\/merkim-maket\/wp-content\/uploads\/2025\/06\/adam-x-medical-x-simulator.png\",\"contentUrl\":\"https:\/\/merkim.com.tr\/merkim-maket\/wp-content\/uploads\/2025\/06\/adam-x-medical-x-simulator.png\",\"width\":800,\"height\":800,\"caption\":\"ADAM-X, Medical-X\u2019in ger\u00e7ek\u00e7i hasta sim\u00fclat\u00f6r\u00fc ile sa\u011fl\u0131k e\u011fitiminde yeni bir standart belirliyor.\"},{\"@type\":\"BreadcrumbList\",\"@id\":\"https:\/\/merkim.com.tr\/merkim-maket\/urun\/adam-x-gelismis-hasta-simulatoru\/#breadcrumb\",\"itemListElement\":[{\"@type\":\"ListItem\",\"position\":1,\"name\":\"Anasayfa\",\"item\":\"https:\/\/merkim.com.tr\/merkim-maket\/\"},{\"@type\":\"ListItem\",\"position\":2,\"name\":\"Ma\u011faza\",\"item\":\"https:\/\/merkim.com.tr\/merkim-maket\/magaza\/\"},{\"@type\":\"ListItem\",\"position\":3,\"name\":\"ADAM-X Geli\u015fmi\u015f Hasta Sim\u00fclat\u00f6r\u00fc\"}]},{\"@type\":\"WebSite\",\"@id\":\"https:\/\/merkim.com.tr\/merkim-maket\/#website\",\"url\":\"https:\/\/merkim.com.tr\/merkim-maket\/\",\"name\":\"Merkim Maket\",\"description\":\"\",\"potentialAction\":[{\"@type\":\"SearchAction\",\"target\":{\"@type\":\"EntryPoint\",\"urlTemplate\":\"https:\/\/merkim.com.tr\/merkim-maket\/?s={search_term_string}\"},\"query-input\":{\"@type\":\"PropertyValueSpecification\",\"valueRequired\":true,\"valueName\":\"search_term_string\"}}],\"inLanguage\":\"tr\"}]}<\/script>\n<!-- \/ Yoast SEO plugin. -->","yoast_head_json":{"title":"ADAM-X Geli\u015fmi\u015f Hasta Sim\u00fclat\u00f6r\u00fc - Merkim Maket","description":"ADAM-X \u0130leri Hasta Sim\u00fclat\u00f6r\u00fc, ger\u00e7ek\u00e7i anatomisi ve kablosuz \u00e7al\u0131\u015fmas\u0131yla acil t\u0131p ve ileri ya\u015fam deste\u011fi e\u011fitiminde lider bir \u00e7\u00f6z\u00fcmd\u00fcr. Medical-X\u2019in yenilik\u00e7i teknolojisiyle hasta g\u00fcvenli\u011fini art\u0131r\u0131n.","robots":{"index":"index","follow":"follow","max-snippet":"max-snippet:-1","max-image-preview":"max-image-preview:large","max-video-preview":"max-video-preview:-1"},"canonical":"https:\/\/merkim.com.tr\/merkim-maket\/urun\/adam-x-gelismis-hasta-simulatoru\/","og_locale":"tr_TR","og_type":"article","og_title":"ADAM-X Geli\u015fmi\u015f Hasta Sim\u00fclat\u00f6r\u00fc - Merkim Maket","og_description":"ADAM-X \u0130leri Hasta Sim\u00fclat\u00f6r\u00fc, ger\u00e7ek\u00e7i anatomisi ve kablosuz \u00e7al\u0131\u015fmas\u0131yla acil t\u0131p ve ileri ya\u015fam deste\u011fi e\u011fitiminde lider bir \u00e7\u00f6z\u00fcmd\u00fcr. Medical-X\u2019in yenilik\u00e7i teknolojisiyle hasta g\u00fcvenli\u011fini art\u0131r\u0131n.","og_url":"https:\/\/merkim.com.tr\/merkim-maket\/urun\/adam-x-gelismis-hasta-simulatoru\/","og_site_name":"Merkim Maket","article_modified_time":"2025-06-27T12:37:41+00:00","og_image":[{"width":800,"height":800,"url":"https:\/\/merkim.com.tr\/merkim-maket\/wp-content\/uploads\/2025\/06\/adam-x-medical-x-simulator.png","type":"image\/png"}],"twitter_card":"summary_large_image","twitter_misc":{"Tahmini okuma s\u00fcresi":"3 dakika"},"schema":{"@context":"https:\/\/schema.org","@graph":[{"@type":"WebPage","@id":"https:\/\/merkim.com.tr\/merkim-maket\/urun\/adam-x-gelismis-hasta-simulatoru\/","url":"https:\/\/merkim.com.tr\/merkim-maket\/urun\/adam-x-gelismis-hasta-simulatoru\/","name":"ADAM-X Geli\u015fmi\u015f Hasta Sim\u00fclat\u00f6r\u00fc - Merkim Maket","isPartOf":{"@id":"https:\/\/merkim.com.tr\/merkim-maket\/#website"},"primaryImageOfPage":{"@id":"https:\/\/merkim.com.tr\/merkim-maket\/urun\/adam-x-gelismis-hasta-simulatoru\/#primaryimage"},"image":{"@id":"https:\/\/merkim.com.tr\/merkim-maket\/urun\/adam-x-gelismis-hasta-simulatoru\/#primaryimage"},"thumbnailUrl":"https:\/\/merkim.com.tr\/merkim-maket\/wp-content\/uploads\/2025\/06\/adam-x-medical-x-simulator.png","datePublished":"2025-06-27T12:35:08+00:00","dateModified":"2025-06-27T12:37:41+00:00","description":"ADAM-X \u0130leri Hasta Sim\u00fclat\u00f6r\u00fc, ger\u00e7ek\u00e7i anatomisi ve kablosuz \u00e7al\u0131\u015fmas\u0131yla acil t\u0131p ve ileri ya\u015fam deste\u011fi e\u011fitiminde lider bir \u00e7\u00f6z\u00fcmd\u00fcr. Medical-X\u2019in yenilik\u00e7i teknolojisiyle hasta g\u00fcvenli\u011fini art\u0131r\u0131n.","breadcrumb":{"@id":"https:\/\/merkim.com.tr\/merkim-maket\/urun\/adam-x-gelismis-hasta-simulatoru\/#breadcrumb"},"inLanguage":"tr","potentialAction":[{"@type":"ReadAction","target":["https:\/\/merkim.com.tr\/merkim-maket\/urun\/adam-x-gelismis-hasta-simulatoru\/"]}]},{"@type":"ImageObject","inLanguage":"tr","@id":"https:\/\/merkim.com.tr\/merkim-maket\/urun\/adam-x-gelismis-hasta-simulatoru\/#primaryimage","url":"https:\/\/merkim.com.tr\/merkim-maket\/wp-content\/uploads\/2025\/06\/adam-x-medical-x-simulator.png","contentUrl":"https:\/\/merkim.com.tr\/merkim-maket\/wp-content\/uploads\/2025\/06\/adam-x-medical-x-simulator.png","width":800,"height":800,"caption":"ADAM-X, Medical-X\u2019in ger\u00e7ek\u00e7i hasta sim\u00fclat\u00f6r\u00fc ile sa\u011fl\u0131k e\u011fitiminde yeni bir standart belirliyor."},{"@type":"BreadcrumbList","@id":"https:\/\/merkim.com.tr\/merkim-maket\/urun\/adam-x-gelismis-hasta-simulatoru\/#breadcrumb","itemListElement":[{"@type":"ListItem","position":1,"name":"Anasayfa","item":"https:\/\/merkim.com.tr\/merkim-maket\/"},{"@type":"ListItem","position":2,"name":"Ma\u011faza","item":"https:\/\/merkim.com.tr\/merkim-maket\/magaza\/"},{"@type":"ListItem","position":3,"name":"ADAM-X Geli\u015fmi\u015f Hasta Sim\u00fclat\u00f6r\u00fc"}]},{"@type":"WebSite","@id":"https:\/\/merkim.com.tr\/merkim-maket\/#website","url":"https:\/\/merkim.com.tr\/merkim-maket\/","name":"Merkim Maket","description":"","potentialAction":[{"@type":"SearchAction","target":{"@type":"EntryPoint","urlTemplate":"https:\/\/merkim.com.tr\/merkim-maket\/?s={search_term_string}"},"query-input":{"@type":"PropertyValueSpecification","valueRequired":true,"valueName":"search_term_string"}}],"inLanguage":"tr"}]}},"_links":{"self":[{"href":"https:\/\/merkim.com.tr\/merkim-maket\/wp-json\/wp\/v2\/product\/307","targetHints":{"allow":["GET"]}}],"collection":[{"href":"https:\/\/merkim.com.tr\/merkim-maket\/wp-json\/wp\/v2\/product"}],"about":[{"href":"https:\/\/merkim.com.tr\/merkim-maket\/wp-json\/wp\/v2\/types\/product"}],"replies":[{"embeddable":true,"href":"https:\/\/merkim.com.tr\/merkim-maket\/wp-json\/wp\/v2\/comments?post=307"}],"wp:featuredmedia":[{"embeddable":true,"href":"https:\/\/merkim.com.tr\/merkim-maket\/wp-json\/wp\/v2\/media\/308"}],"wp:attachment":[{"href":"https:\/\/merkim.com.tr\/merkim-maket\/wp-json\/wp\/v2\/media?parent=307"}],"wp:term":[{"taxonomy":"product_brand","embeddable":true,"href":"https:\/\/merkim.com.tr\/merkim-maket\/wp-json\/wp\/v2\/product_brand?post=307"},{"taxonomy":"product_cat","embeddable":true,"href":"https:\/\/merkim.com.tr\/merkim-maket\/wp-json\/wp\/v2\/product_cat?post=307"},{"taxonomy":"product_tag","embeddable":true,"href":"https:\/\/merkim.com.tr\/merkim-maket\/wp-json\/wp\/v2\/product_tag?post=307"}],"curies":[{"name":"wp","href":"https:\/\/api.w.org\/{rel}","templated":true}]}}