{"id":296,"date":"2025-06-27T09:43:35","date_gmt":"2025-06-27T09:43:35","guid":{"rendered":"https:\/\/merkim.com.tr\/merkim-maket\/?post_type=product&#038;p=296"},"modified":"2025-06-27T09:43:35","modified_gmt":"2025-06-27T09:43:35","slug":"life-form-deluxe-crisis-torso-manikin-lf03958","status":"publish","type":"product","link":"https:\/\/merkim.com.tr\/merkim-maket\/urun\/life-form-deluxe-crisis-torso-manikin-lf03958\/","title":{"rendered":"Life\/form\u00ae Deluxe CRiSis Torso Manikin (LF03958)"},"content":{"rendered":"<p dir=\"ltr\" data-pm-slice=\"1 1 []\"><strong>Life\/form\u00ae Deluxe CRiSis Torso Manikin: Kompakt ve Kapsaml\u0131 ACLS E\u011fitim \u00c7\u00f6z\u00fcm\u00fc<\/strong><\/p>\n<p dir=\"ltr\">Life\/form\u00ae Deluxe CRiSis Torso Manikin (SKU: LF03958), ileri kardiyak ya\u015fam deste\u011fi (ACLS) e\u011fitimi i\u00e7in tasarlanm\u0131\u015f, kompakt, dayan\u0131kl\u0131 ve y\u00fcksek kaliteli bir e\u011fitim sim\u00fclat\u00f6r\u00fcd\u00fcr. Life\/form\u00ae Deluxe CRiSis Manikin (LF03955U) ile ayn\u0131 \u00fcst\u00fcn kalite, dayan\u0131kl\u0131l\u0131k ve g\u00fcvenilirli\u011fi sunar, ancak daha k\u00fc\u00e7\u00fck ve ta\u015f\u0131nabilir bir torso format\u0131nda. Bu manken, t\u0131p \u00f6\u011frencileri, acil t\u0131p uzmanlar\u0131 ve sa\u011fl\u0131k e\u011fitmenleri i\u00e7in, ger\u00e7ek\u00e7i bir e\u011fitim ortam\u0131nda ACLS becerilerini geli\u015ftirmek i\u00e7in ideal bir ara\u00e7t\u0131r. Kompakt tasar\u0131m\u0131 sayesinde e\u011fitim merkezleri aras\u0131nda kolayca ta\u015f\u0131nabilir, b\u00f6ylece farkl\u0131 lokasyonlarda etkili e\u011fitimler d\u00fczenlenebilir.<\/p>\n<h3 dir=\"ltr\">Ana \u00d6zellikler:<\/h3>\n<ul class=\"tight\" dir=\"ltr\" data-tight=\"true\">\n<li>\n<p dir=\"ltr\"><strong>Ger\u00e7ek\u00e7i Anatomik Yap\u0131 ve Hava Yolu Y\u00f6netimi:<\/strong> Manken, &#8220;Airway Larry&#8221; Hava Yolu Y\u00f6netimi E\u011fitim Ba\u015fl\u0131\u011f\u0131 ile donat\u0131lm\u0131\u015ft\u0131r. Bu ba\u015fl\u0131k, karotis nabz\u0131 palpasyonu, oral ve nazal ent\u00fcbasyon, ventilasyon ve emme teknikleri i\u00e7in ger\u00e7ek\u00e7i bir sim\u00fclasyon sa\u011flar. Ayr\u0131ca, E.T., E.O.A., P.T.L., L.M.A., E.G.T.A., Combitube\u00ae ve King System gibi hava yolu cihazlar\u0131n\u0131 destekler.<\/p>\n<\/li>\n<li>\n<p dir=\"ltr\"><strong>Kapsaml\u0131 ACLS E\u011fitimi:<\/strong> CPARLENE\u00ae Torso \u00fczerine entegre edilmi\u015f Defibrilasyon G\u00f6\u011f\u00fcs Derisi ve \u0130nteraktif ECG Sim\u00fclat\u00f6r\u00fc (LF03670U) ile birlikte gelir. ECG sim\u00fclat\u00f6r\u00fc, 17 yeti\u015fkin ve 17 pediatrik kalp ritmini sim\u00fcle eder, manuel, yar\u0131 otomatik veya otomatik defibrilasyon prati\u011fi yap\u0131lmas\u0131n\u0131 sa\u011flar. Ayr\u0131ca, harici pacemaker ile elektronik yakalama sim\u00fclasyonu desteklenir.<\/p>\n<\/li>\n<li>\n<p dir=\"ltr\"><strong>Kullan\u0131m Kolayl\u0131\u011f\u0131 ve Dayan\u0131kl\u0131l\u0131k:<\/strong> 8 oz. pompa sprey ya\u011flay\u0131c\u0131 (LF03644U) ile birlikte gelir ve k\u00f6p\u00fck astarl\u0131 dayan\u0131kl\u0131 bir kartonda teslim edilir. Opsiyonel sert ta\u015f\u0131ma \u00e7antas\u0131 (LF03467U) ile ta\u015f\u0131nabilirlik daha da art\u0131r\u0131labilir. \u00dcr\u00fcn, 5 y\u0131ll\u0131k garanti ile desteklenir.<\/p>\n<\/li>\n<li>\n<p dir=\"ltr\"><strong>Yedek Par\u00e7a Deste\u011fi:<\/strong> LF03285 Akci\u011fer Sistemi Yedek Par\u00e7alar\u0131 ile uzun s\u00fcreli kullan\u0131m i\u00e7in bak\u0131m kolayl\u0131\u011f\u0131 sunar.<\/p>\n<\/li>\n<li>\n<p dir=\"ltr\"><strong>Kompakt ve Ta\u015f\u0131nabilir Tasar\u0131m:<\/strong> \u00dcr\u00fcn, iki kutuda teslim edilir (10 x 8 x 6 in\u00e7 ve 37 x 21 x 15 in\u00e7) ve toplam sevkiyat a\u011f\u0131rl\u0131\u011f\u0131 30 lbs\u2019dir. Bu, e\u011fitim tesisleri aras\u0131nda kolay ta\u015f\u0131nabilirlik sa\u011flar.<\/p>\n<\/li>\n<\/ul>\n<p dir=\"ltr\">Life\/form\u00ae Deluxe CRiSis Torso Manikin, t\u0131p fak\u00fclteleri, hastaneler, acil t\u0131p e\u011fitim merkezleri ve sim\u00fclasyon laboratuvarlar\u0131 i\u00e7in m\u00fckemmel bir se\u00e7imdir. Kompakt yap\u0131s\u0131, ger\u00e7ek\u00e7i anatomik \u00f6zellikleri ve ileri d\u00fczey ACLS e\u011fitim yetenekleriyle, acil durumlarda kritik m\u00fcdahale becerilerini geli\u015ftirmek isteyen profesyoneller i\u00e7in vazge\u00e7ilmez bir ara\u00e7t\u0131r.<\/p>\n<p dir=\"ltr\"><strong>Not:<\/strong> \u00dcr\u00fcn, Nasco taraf\u0131ndan \u00fcretilmeyen par\u00e7alar i\u00e7in orijinal \u00fcretici garantisi ve kay\u0131t gerekliliklerine tabidir.<\/p>\n","protected":false},"excerpt":{"rendered":"<p dir=\"ltr\" data-pm-slice=\"1 1 []\">Life\/form\u00ae Deluxe CRiSis Torso Manikin (LF03958), &#8220;Airway Larry&#8221; ba\u015fl\u0131\u011f\u0131, defibrilasyon g\u00f6\u011f\u00fcs derisi ve ECG sim\u00fclat\u00f6r\u00fc ile kompakt bir ACLS e\u011fitim \u00e7\u00f6z\u00fcm\u00fc sunar. 5 y\u0131ll\u0131k garanti ve k\u00f6p\u00fck astarl\u0131 karton ile gelir.<\/p>\n","protected":false},"featured_media":297,"comment_status":"open","ping_status":"closed","template":"","meta":[],"product_brand":[16],"product_cat":[15,17,78],"product_tag":[38,928,910,872,930,921,24,929,388,931,932,478],"class_list":{"0":"post-296","1":"product","2":"type-product","3":"status-publish","4":"has-post-thumbnail","6":"product_brand-nasco-healthcare","7":"product_cat-genel","8":"product_cat-nursing-patient-care","9":"product_cat-nasco-healthcare","10":"product_tag-acil-tip-egitimi","11":"product_tag-acls-mankeni","12":"product_tag-airway-larry","13":"product_tag-cpr-egitimi","14":"product_tag-defibrilasyon-simulatoru","15":"product_tag-ecg-simulatoru","16":"product_tag-entubasyon-egitimi","17":"product_tag-life-form-crisis","18":"product_tag-saglik-simulatoru","19":"product_tag-tasinabilir-manken","20":"product_tag-tibbi-egitim-cihazi","21":"product_tag-tibbi-simulator","23":"first","24":"instock","25":"shipping-taxable","26":"product-type-simple"},"yoast_head":"<!-- This site is optimized with the Yoast SEO plugin v25.2 - https:\/\/yoast.com\/wordpress\/plugins\/seo\/ -->\n<title>Life\/form\u00ae Deluxe CRiSis Torso Manikin (LF03958) - Merkim Maket<\/title>\n<meta name=\"description\" content=\"Life\/form\u00ae Deluxe CRiSis Torso Manikin (LF03958), kompakt tasar\u0131m\u0131, &quot;Airway Larry&quot; ba\u015fl\u0131\u011f\u0131 ve ECG sim\u00fclat\u00f6r\u00fc ile ACLS ve ent\u00fcbasyon e\u011fitimi i\u00e7in idealdir. \u015eimdi ke\u015ffedin!\" \/>\n<meta name=\"robots\" content=\"index, follow, max-snippet:-1, max-image-preview:large, max-video-preview:-1\" \/>\n<link rel=\"canonical\" href=\"https:\/\/merkim.com.tr\/merkim-maket\/urun\/life-form-deluxe-crisis-torso-manikin-lf03958\/\" \/>\n<meta property=\"og:locale\" content=\"tr_TR\" \/>\n<meta property=\"og:type\" content=\"article\" \/>\n<meta property=\"og:title\" content=\"Life\/form\u00ae Deluxe CRiSis Torso Manikin (LF03958) - Merkim Maket\" \/>\n<meta property=\"og:description\" content=\"Life\/form\u00ae Deluxe CRiSis Torso Manikin (LF03958), kompakt tasar\u0131m\u0131, &quot;Airway Larry&quot; ba\u015fl\u0131\u011f\u0131 ve ECG sim\u00fclat\u00f6r\u00fc ile ACLS ve ent\u00fcbasyon e\u011fitimi i\u00e7in idealdir. \u015eimdi ke\u015ffedin!\" \/>\n<meta property=\"og:url\" content=\"https:\/\/merkim.com.tr\/merkim-maket\/urun\/life-form-deluxe-crisis-torso-manikin-lf03958\/\" \/>\n<meta property=\"og:site_name\" content=\"Merkim Maket\" \/>\n<meta property=\"og:image\" content=\"https:\/\/merkim.com.tr\/merkim-maket\/wp-content\/uploads\/2025\/06\/lifeform-deluxe-crisis-torso-nasco.png\" \/>\n\t<meta property=\"og:image:width\" content=\"800\" \/>\n\t<meta property=\"og:image:height\" content=\"800\" \/>\n\t<meta property=\"og:image:type\" content=\"image\/png\" \/>\n<meta name=\"twitter:card\" content=\"summary_large_image\" \/>\n<meta name=\"twitter:label1\" content=\"Tahmini okuma s\u00fcresi\" \/>\n\t<meta name=\"twitter:data1\" content=\"3 dakika\" \/>\n<script type=\"application\/ld+json\" class=\"yoast-schema-graph\">{\"@context\":\"https:\/\/schema.org\",\"@graph\":[{\"@type\":\"WebPage\",\"@id\":\"https:\/\/merkim.com.tr\/merkim-maket\/urun\/life-form-deluxe-crisis-torso-manikin-lf03958\/\",\"url\":\"https:\/\/merkim.com.tr\/merkim-maket\/urun\/life-form-deluxe-crisis-torso-manikin-lf03958\/\",\"name\":\"Life\/form\u00ae Deluxe CRiSis Torso Manikin (LF03958) - Merkim Maket\",\"isPartOf\":{\"@id\":\"https:\/\/merkim.com.tr\/merkim-maket\/#website\"},\"primaryImageOfPage\":{\"@id\":\"https:\/\/merkim.com.tr\/merkim-maket\/urun\/life-form-deluxe-crisis-torso-manikin-lf03958\/#primaryimage\"},\"image\":{\"@id\":\"https:\/\/merkim.com.tr\/merkim-maket\/urun\/life-form-deluxe-crisis-torso-manikin-lf03958\/#primaryimage\"},\"thumbnailUrl\":\"https:\/\/merkim.com.tr\/merkim-maket\/wp-content\/uploads\/2025\/06\/lifeform-deluxe-crisis-torso-nasco.png\",\"datePublished\":\"2025-06-27T09:43:35+00:00\",\"description\":\"Life\/form\u00ae Deluxe CRiSis Torso Manikin (LF03958), kompakt tasar\u0131m\u0131, \\\"Airway Larry\\\" ba\u015fl\u0131\u011f\u0131 ve ECG sim\u00fclat\u00f6r\u00fc ile ACLS ve ent\u00fcbasyon e\u011fitimi i\u00e7in idealdir. \u015eimdi ke\u015ffedin!\",\"breadcrumb\":{\"@id\":\"https:\/\/merkim.com.tr\/merkim-maket\/urun\/life-form-deluxe-crisis-torso-manikin-lf03958\/#breadcrumb\"},\"inLanguage\":\"tr\",\"potentialAction\":[{\"@type\":\"ReadAction\",\"target\":[\"https:\/\/merkim.com.tr\/merkim-maket\/urun\/life-form-deluxe-crisis-torso-manikin-lf03958\/\"]}]},{\"@type\":\"ImageObject\",\"inLanguage\":\"tr\",\"@id\":\"https:\/\/merkim.com.tr\/merkim-maket\/urun\/life-form-deluxe-crisis-torso-manikin-lf03958\/#primaryimage\",\"url\":\"https:\/\/merkim.com.tr\/merkim-maket\/wp-content\/uploads\/2025\/06\/lifeform-deluxe-crisis-torso-nasco.png\",\"contentUrl\":\"https:\/\/merkim.com.tr\/merkim-maket\/wp-content\/uploads\/2025\/06\/lifeform-deluxe-crisis-torso-nasco.png\",\"width\":800,\"height\":800,\"caption\":\"Kompakt tasar\u0131m\u0131yla ACLS ve hava yolu y\u00f6netimi e\u011fitimi i\u00e7in ideal sim\u00fclat\u00f6r.\"},{\"@type\":\"BreadcrumbList\",\"@id\":\"https:\/\/merkim.com.tr\/merkim-maket\/urun\/life-form-deluxe-crisis-torso-manikin-lf03958\/#breadcrumb\",\"itemListElement\":[{\"@type\":\"ListItem\",\"position\":1,\"name\":\"Anasayfa\",\"item\":\"https:\/\/merkim.com.tr\/merkim-maket\/\"},{\"@type\":\"ListItem\",\"position\":2,\"name\":\"Ma\u011faza\",\"item\":\"https:\/\/merkim.com.tr\/merkim-maket\/magaza\/\"},{\"@type\":\"ListItem\",\"position\":3,\"name\":\"Life\/form\u00ae Deluxe CRiSis Torso Manikin (LF03958)\"}]},{\"@type\":\"WebSite\",\"@id\":\"https:\/\/merkim.com.tr\/merkim-maket\/#website\",\"url\":\"https:\/\/merkim.com.tr\/merkim-maket\/\",\"name\":\"Merkim Maket\",\"description\":\"\",\"potentialAction\":[{\"@type\":\"SearchAction\",\"target\":{\"@type\":\"EntryPoint\",\"urlTemplate\":\"https:\/\/merkim.com.tr\/merkim-maket\/?s={search_term_string}\"},\"query-input\":{\"@type\":\"PropertyValueSpecification\",\"valueRequired\":true,\"valueName\":\"search_term_string\"}}],\"inLanguage\":\"tr\"}]}<\/script>\n<!-- \/ Yoast SEO plugin. -->","yoast_head_json":{"title":"Life\/form\u00ae Deluxe CRiSis Torso Manikin (LF03958) - Merkim Maket","description":"Life\/form\u00ae Deluxe CRiSis Torso Manikin (LF03958), kompakt tasar\u0131m\u0131, \"Airway Larry\" ba\u015fl\u0131\u011f\u0131 ve ECG sim\u00fclat\u00f6r\u00fc ile ACLS ve ent\u00fcbasyon e\u011fitimi i\u00e7in idealdir. \u015eimdi ke\u015ffedin!","robots":{"index":"index","follow":"follow","max-snippet":"max-snippet:-1","max-image-preview":"max-image-preview:large","max-video-preview":"max-video-preview:-1"},"canonical":"https:\/\/merkim.com.tr\/merkim-maket\/urun\/life-form-deluxe-crisis-torso-manikin-lf03958\/","og_locale":"tr_TR","og_type":"article","og_title":"Life\/form\u00ae Deluxe CRiSis Torso Manikin (LF03958) - Merkim Maket","og_description":"Life\/form\u00ae Deluxe CRiSis Torso Manikin (LF03958), kompakt tasar\u0131m\u0131, \"Airway Larry\" ba\u015fl\u0131\u011f\u0131 ve ECG sim\u00fclat\u00f6r\u00fc ile ACLS ve ent\u00fcbasyon e\u011fitimi i\u00e7in idealdir. \u015eimdi ke\u015ffedin!","og_url":"https:\/\/merkim.com.tr\/merkim-maket\/urun\/life-form-deluxe-crisis-torso-manikin-lf03958\/","og_site_name":"Merkim Maket","og_image":[{"width":800,"height":800,"url":"https:\/\/merkim.com.tr\/merkim-maket\/wp-content\/uploads\/2025\/06\/lifeform-deluxe-crisis-torso-nasco.png","type":"image\/png"}],"twitter_card":"summary_large_image","twitter_misc":{"Tahmini okuma s\u00fcresi":"3 dakika"},"schema":{"@context":"https:\/\/schema.org","@graph":[{"@type":"WebPage","@id":"https:\/\/merkim.com.tr\/merkim-maket\/urun\/life-form-deluxe-crisis-torso-manikin-lf03958\/","url":"https:\/\/merkim.com.tr\/merkim-maket\/urun\/life-form-deluxe-crisis-torso-manikin-lf03958\/","name":"Life\/form\u00ae Deluxe CRiSis Torso Manikin (LF03958) - Merkim Maket","isPartOf":{"@id":"https:\/\/merkim.com.tr\/merkim-maket\/#website"},"primaryImageOfPage":{"@id":"https:\/\/merkim.com.tr\/merkim-maket\/urun\/life-form-deluxe-crisis-torso-manikin-lf03958\/#primaryimage"},"image":{"@id":"https:\/\/merkim.com.tr\/merkim-maket\/urun\/life-form-deluxe-crisis-torso-manikin-lf03958\/#primaryimage"},"thumbnailUrl":"https:\/\/merkim.com.tr\/merkim-maket\/wp-content\/uploads\/2025\/06\/lifeform-deluxe-crisis-torso-nasco.png","datePublished":"2025-06-27T09:43:35+00:00","description":"Life\/form\u00ae Deluxe CRiSis Torso Manikin (LF03958), kompakt tasar\u0131m\u0131, \"Airway Larry\" ba\u015fl\u0131\u011f\u0131 ve ECG sim\u00fclat\u00f6r\u00fc ile ACLS ve ent\u00fcbasyon e\u011fitimi i\u00e7in idealdir. \u015eimdi ke\u015ffedin!","breadcrumb":{"@id":"https:\/\/merkim.com.tr\/merkim-maket\/urun\/life-form-deluxe-crisis-torso-manikin-lf03958\/#breadcrumb"},"inLanguage":"tr","potentialAction":[{"@type":"ReadAction","target":["https:\/\/merkim.com.tr\/merkim-maket\/urun\/life-form-deluxe-crisis-torso-manikin-lf03958\/"]}]},{"@type":"ImageObject","inLanguage":"tr","@id":"https:\/\/merkim.com.tr\/merkim-maket\/urun\/life-form-deluxe-crisis-torso-manikin-lf03958\/#primaryimage","url":"https:\/\/merkim.com.tr\/merkim-maket\/wp-content\/uploads\/2025\/06\/lifeform-deluxe-crisis-torso-nasco.png","contentUrl":"https:\/\/merkim.com.tr\/merkim-maket\/wp-content\/uploads\/2025\/06\/lifeform-deluxe-crisis-torso-nasco.png","width":800,"height":800,"caption":"Kompakt tasar\u0131m\u0131yla ACLS ve hava yolu y\u00f6netimi e\u011fitimi i\u00e7in ideal sim\u00fclat\u00f6r."},{"@type":"BreadcrumbList","@id":"https:\/\/merkim.com.tr\/merkim-maket\/urun\/life-form-deluxe-crisis-torso-manikin-lf03958\/#breadcrumb","itemListElement":[{"@type":"ListItem","position":1,"name":"Anasayfa","item":"https:\/\/merkim.com.tr\/merkim-maket\/"},{"@type":"ListItem","position":2,"name":"Ma\u011faza","item":"https:\/\/merkim.com.tr\/merkim-maket\/magaza\/"},{"@type":"ListItem","position":3,"name":"Life\/form\u00ae Deluxe CRiSis Torso Manikin (LF03958)"}]},{"@type":"WebSite","@id":"https:\/\/merkim.com.tr\/merkim-maket\/#website","url":"https:\/\/merkim.com.tr\/merkim-maket\/","name":"Merkim Maket","description":"","potentialAction":[{"@type":"SearchAction","target":{"@type":"EntryPoint","urlTemplate":"https:\/\/merkim.com.tr\/merkim-maket\/?s={search_term_string}"},"query-input":{"@type":"PropertyValueSpecification","valueRequired":true,"valueName":"search_term_string"}}],"inLanguage":"tr"}]}},"_links":{"self":[{"href":"https:\/\/merkim.com.tr\/merkim-maket\/wp-json\/wp\/v2\/product\/296","targetHints":{"allow":["GET"]}}],"collection":[{"href":"https:\/\/merkim.com.tr\/merkim-maket\/wp-json\/wp\/v2\/product"}],"about":[{"href":"https:\/\/merkim.com.tr\/merkim-maket\/wp-json\/wp\/v2\/types\/product"}],"replies":[{"embeddable":true,"href":"https:\/\/merkim.com.tr\/merkim-maket\/wp-json\/wp\/v2\/comments?post=296"}],"wp:featuredmedia":[{"embeddable":true,"href":"https:\/\/merkim.com.tr\/merkim-maket\/wp-json\/wp\/v2\/media\/297"}],"wp:attachment":[{"href":"https:\/\/merkim.com.tr\/merkim-maket\/wp-json\/wp\/v2\/media?parent=296"}],"wp:term":[{"taxonomy":"product_brand","embeddable":true,"href":"https:\/\/merkim.com.tr\/merkim-maket\/wp-json\/wp\/v2\/product_brand?post=296"},{"taxonomy":"product_cat","embeddable":true,"href":"https:\/\/merkim.com.tr\/merkim-maket\/wp-json\/wp\/v2\/product_cat?post=296"},{"taxonomy":"product_tag","embeddable":true,"href":"https:\/\/merkim.com.tr\/merkim-maket\/wp-json\/wp\/v2\/product_tag?post=296"}],"curies":[{"name":"wp","href":"https:\/\/api.w.org\/{rel}","templated":true}]}}