{"id":290,"date":"2025-06-27T07:35:33","date_gmt":"2025-06-27T07:35:33","guid":{"rendered":"https:\/\/merkim.com.tr\/merkim-maket\/?post_type=product&#038;p=290"},"modified":"2025-06-27T07:35:33","modified_gmt":"2025-06-27T07:35:33","slug":"life-form-airway-larry-cpr-ve-entubasyon-egitim-mankeni-lf03996","status":"publish","type":"product","link":"https:\/\/merkim.com.tr\/merkim-maket\/urun\/life-form-airway-larry-cpr-ve-entubasyon-egitim-mankeni-lf03996\/","title":{"rendered":"Life\/form\u00ae &#8220;Airway Larry&#8221; CPR ve Ent\u00fcbasyon E\u011fitim Mankeni (LF03996)"},"content":{"rendered":"<p dir=\"ltr\" data-pm-slice=\"1 1 []\"><strong>Life\/form\u00ae &#8220;Airway Larry&#8221; CPR ve Ent\u00fcbasyon E\u011fitim Mankeni ile Ger\u00e7ek\u00e7i E\u011fitim Deneyimi<\/strong><\/p>\n<p dir=\"ltr\">Life\/form\u00ae &#8220;Airway Larry&#8221; CPR ve Ent\u00fcbasyon E\u011fitim Mankeni (SKU: LF03996), sa\u011fl\u0131k profesyonelleri ve e\u011fitimciler i\u00e7in tasarlanm\u0131\u015f, anestezi uygulanmam\u0131\u015f bir yeti\u015fkin hastay\u0131 sim\u00fcle eden son derece ger\u00e7ek\u00e7i bir e\u011fitim arac\u0131d\u0131r. Bu manken, ent\u00fcbasyon, ventilasyon, emme (suction) ve kardiyopulmoner res\u00fcsitasyon (CPR) tekniklerini uygulama ve geli\u015ftirme i\u00e7in ideal bir platform sunar. Ger\u00e7ek\u00e7i anatomik yap\u0131s\u0131 ve geli\u015fmi\u015f teknolojik \u00f6zellikleriyle, t\u0131p \u00f6\u011frencileri, acil servis personeli ve sa\u011fl\u0131k e\u011fitmenleri i\u00e7in kapsaml\u0131 bir \u00f6\u011frenme deneyimi sa\u011flar.<\/p>\n<h3 dir=\"ltr\">Ana \u00d6zellikler:<\/h3>\n<ul class=\"tight\" dir=\"ltr\" data-tight=\"true\">\n<li>\n<p dir=\"ltr\"><strong>Ger\u00e7ek\u00e7i Anatomik Yap\u0131:<\/strong> Manken, a\u011f\u0131z, burun ve bo\u011faz b\u00f6lgelerinde ger\u00e7ek\u00e7i anatomik i\u015faretler sunar. Bu, oral, dijital ve nazal ent\u00fcbasyon uygulamalar\u0131 i\u00e7in m\u00fckemmel bir sim\u00fclasyon sa\u011flar.<\/p>\n<\/li>\n<li>\n<p dir=\"ltr\"><strong>\u00c7ok Y\u00f6nl\u00fc Ent\u00fcbasyon E\u011fitimi:<\/strong> E.T., E.O.A., P.T.L., L.M.A., E.G.T.A., Combitube\u00ae ve King System gibi \u00e7e\u015fitli ent\u00fcbasyon y\u00f6ntemlerini destekler. Ayr\u0131ca, uygun man\u015fet \u015fi\u015firme ve emme teknikleri prati\u011fi yap\u0131labilir ve de\u011ferlendirilebilir.<\/p>\n<\/li>\n<li>\n<p dir=\"ltr\"><strong>Geli\u015fmi\u015f CPR E\u011fitimi:<\/strong> CPARLENE\u00ae ile ayn\u0131 elektronik izleme \u00f6zelliklerine sahiptir. CPR Metrix kontrol kutusu, CPR performans\u0131n\u0131 hassas bir \u015fekilde \u00f6l\u00e7er ve de\u011ferlendirir. \u00d6\u011frenci uygulamas\u0131 Android\u2122 veya Apple\u00ae tablet\/telefonlarda, e\u011fitmen uygulamas\u0131 ise iPad\u00ae veya Android\u2122 tabletlerde \u00e7al\u0131\u015f\u0131r (cihazlar dahil de\u011fildir).<\/p>\n<\/li>\n<li>\n<p dir=\"ltr\"><strong>Ek Fonksiyonlar:<\/strong> Jaw thrust, Sellick manevras\u0131, elle karotis nabz\u0131 kontrol\u00fc ve t\u0131kal\u0131 hava yolu prosed\u00fcr\u00fc i\u00e7in esnek kar\u0131n b\u00f6lgesi gibi \u00f6zellikler, ger\u00e7ek\u00e7i bir e\u011fitim ortam\u0131 sunar.<\/p>\n<\/li>\n<li>\n<p dir=\"ltr\"><strong>Dayan\u0131kl\u0131l\u0131k ve Kullan\u0131m Kolayl\u0131\u011f\u0131:<\/strong> \u00dcr\u00fcn, 5 y\u0131ll\u0131k garanti ile desteklenir ve sert ta\u015f\u0131ma \u00e7antas\u0131, kullan\u0131m k\u0131lavuzu, yedek par\u00e7a seti (LF03285 Akci\u011fer Yedek Par\u00e7alar\u0131, LF03628 Mide Yedek Par\u00e7as\u0131, LF03644 Sprey Ya\u011flay\u0131c\u0131) ile birlikte gelir.<\/p>\n<\/li>\n<li>\n<p dir=\"ltr\"><strong>Kompakt ve Ta\u015f\u0131nabilir:<\/strong> \u00dcr\u00fcn, \u00fc\u00e7 ayr\u0131 kutuda teslim edilir (37 x 24 x 13 in\u00e7, 12 x 10 x 5 in\u00e7, 10 x 7 x 2 in\u00e7) ve toplam sevkiyat a\u011f\u0131rl\u0131\u011f\u0131 60 lbs\u2019dir.<\/p>\n<\/li>\n<\/ul>\n<p dir=\"ltr\">Life\/form\u00ae &#8220;Airway Larry&#8221;, sa\u011fl\u0131k e\u011fitimi alan\u0131nda profesyonel bir standart belirler. T\u0131p fak\u00fclteleri, hastaneler, acil t\u0131p e\u011fitim merkezleri ve sim\u00fclasyon laboratuvarlar\u0131 i\u00e7in vazge\u00e7ilmez bir ara\u00e7t\u0131r. Ger\u00e7ek\u00e7i tasar\u0131m\u0131 ve kapsaml\u0131 \u00f6zellikleriyle, kullan\u0131c\u0131lar\u0131n acil durumlarda do\u011fru teknikleri \u00f6\u011frenmesine ve uygulamas\u0131na olanak tan\u0131r.<\/p>\n<p dir=\"ltr\"><strong>Not:<\/strong> iPad\u00ae, Android\u2122 ve Apple\u00ae tablet\/telefonlar \u00fcr\u00fcne dahil de\u011fildir. Apple logosu, Apple Inc.\u2019in tescilli ticari markas\u0131d\u0131r. Android, Google LLC\u2019nin ticari markas\u0131d\u0131r. iPad\u00ae, Apple Inc.\u2019in tescilli ticari markas\u0131d\u0131r. Nasco taraf\u0131ndan \u00fcretilmeyen par\u00e7alar, orijinal \u00fcretici garantisi ve kay\u0131t gerekliliklerine tabidir.<\/p>\n","protected":false},"excerpt":{"rendered":"<p dir=\"ltr\" data-pm-slice=\"1 1 []\">Life\/form\u00ae &#8220;Airway Larry&#8221; CPR ve Ent\u00fcbasyon E\u011fitim Mankeni, ger\u00e7ek\u00e7i anatomik yap\u0131s\u0131 ve CPR Metrix \u00f6zelli\u011fiyle ent\u00fcbasyon, ventilasyon, emme ve CPR e\u011fitimleri i\u00e7in ideal bir sim\u00fclat\u00f6rd\u00fcr. 5 y\u0131ll\u0131k garanti, sert ta\u015f\u0131ma \u00e7antas\u0131 ve yedek par\u00e7alarla birlikte gelir.<\/p>\n","protected":false},"featured_media":291,"comment_status":"open","ping_status":"closed","template":"","meta":[],"product_brand":[16],"product_cat":[15,17,78],"product_tag":[38,910,872,912,915,36,913,911,34,916,833,478,914],"class_list":{"0":"post-290","1":"product","2":"type-product","3":"status-publish","4":"has-post-thumbnail","6":"product_brand-nasco-healthcare","7":"product_cat-genel","8":"product_cat-nursing-patient-care","9":"product_cat-nasco-healthcare","10":"product_tag-acil-tip-egitimi","11":"product_tag-airway-larry","12":"product_tag-cpr-egitimi","13":"product_tag-cpr-metrix","14":"product_tag-emme-teknikleri","15":"product_tag-entubasyon-mankeni","16":"product_tag-entubasyon-pratigi","17":"product_tag-life-form-manken","18":"product_tag-saglik-egitimi","19":"product_tag-simulasyon-cihazi","20":"product_tag-tibbi-manken","21":"product_tag-tibbi-simulator","22":"product_tag-ventilasyon-egitimi","24":"first","25":"instock","26":"shipping-taxable","27":"product-type-simple"},"yoast_head":"<!-- This site is optimized with the Yoast SEO plugin v25.2 - https:\/\/yoast.com\/wordpress\/plugins\/seo\/ -->\n<title>Life\/form\u00ae &quot;Airway Larry&quot; CPR ve Ent\u00fcbasyon E\u011fitim Mankeni (LF03996) - Merkim Maket<\/title>\n<meta name=\"description\" content=\"Life\/form\u00ae &quot;Airway Larry&quot; CPR ve ent\u00fcbasyon e\u011fitim mankeni (LF03996), ger\u00e7ek\u00e7i anatomik yap\u0131s\u0131 ve CPR Metrix ile profesyonel sa\u011fl\u0131k e\u011fitimi sunar. Ent\u00fcbasyon, ventilasyon ve CPR prati\u011fi i\u00e7in ideal. \u015eimdi ke\u015ffedin!\" \/>\n<meta name=\"robots\" content=\"index, follow, max-snippet:-1, max-image-preview:large, max-video-preview:-1\" \/>\n<link rel=\"canonical\" href=\"https:\/\/merkim.com.tr\/merkim-maket\/urun\/life-form-airway-larry-cpr-ve-entubasyon-egitim-mankeni-lf03996\/\" \/>\n<meta property=\"og:locale\" content=\"tr_TR\" \/>\n<meta property=\"og:type\" content=\"article\" \/>\n<meta property=\"og:title\" content=\"Life\/form\u00ae &quot;Airway Larry&quot; CPR ve Ent\u00fcbasyon E\u011fitim Mankeni (LF03996) - Merkim Maket\" \/>\n<meta property=\"og:description\" content=\"Life\/form\u00ae &quot;Airway Larry&quot; CPR ve ent\u00fcbasyon e\u011fitim mankeni (LF03996), ger\u00e7ek\u00e7i anatomik yap\u0131s\u0131 ve CPR Metrix ile profesyonel sa\u011fl\u0131k e\u011fitimi sunar. Ent\u00fcbasyon, ventilasyon ve CPR prati\u011fi i\u00e7in ideal. \u015eimdi ke\u015ffedin!\" \/>\n<meta property=\"og:url\" content=\"https:\/\/merkim.com.tr\/merkim-maket\/urun\/life-form-airway-larry-cpr-ve-entubasyon-egitim-mankeni-lf03996\/\" \/>\n<meta property=\"og:site_name\" content=\"Merkim Maket\" \/>\n<meta property=\"og:image\" content=\"https:\/\/merkim.com.tr\/merkim-maket\/wp-content\/uploads\/2025\/06\/lifeform-airway-larry-cpr-manken-nasco.png\" \/>\n\t<meta property=\"og:image:width\" content=\"800\" \/>\n\t<meta property=\"og:image:height\" content=\"800\" \/>\n\t<meta property=\"og:image:type\" content=\"image\/png\" \/>\n<meta name=\"twitter:card\" content=\"summary_large_image\" \/>\n<meta name=\"twitter:label1\" content=\"Tahmini okuma s\u00fcresi\" \/>\n\t<meta name=\"twitter:data1\" content=\"3 dakika\" \/>\n<script type=\"application\/ld+json\" class=\"yoast-schema-graph\">{\"@context\":\"https:\/\/schema.org\",\"@graph\":[{\"@type\":\"WebPage\",\"@id\":\"https:\/\/merkim.com.tr\/merkim-maket\/urun\/life-form-airway-larry-cpr-ve-entubasyon-egitim-mankeni-lf03996\/\",\"url\":\"https:\/\/merkim.com.tr\/merkim-maket\/urun\/life-form-airway-larry-cpr-ve-entubasyon-egitim-mankeni-lf03996\/\",\"name\":\"Life\/form\u00ae \\\"Airway Larry\\\" CPR ve Ent\u00fcbasyon E\u011fitim Mankeni (LF03996) - Merkim Maket\",\"isPartOf\":{\"@id\":\"https:\/\/merkim.com.tr\/merkim-maket\/#website\"},\"primaryImageOfPage\":{\"@id\":\"https:\/\/merkim.com.tr\/merkim-maket\/urun\/life-form-airway-larry-cpr-ve-entubasyon-egitim-mankeni-lf03996\/#primaryimage\"},\"image\":{\"@id\":\"https:\/\/merkim.com.tr\/merkim-maket\/urun\/life-form-airway-larry-cpr-ve-entubasyon-egitim-mankeni-lf03996\/#primaryimage\"},\"thumbnailUrl\":\"https:\/\/merkim.com.tr\/merkim-maket\/wp-content\/uploads\/2025\/06\/lifeform-airway-larry-cpr-manken-nasco.png\",\"datePublished\":\"2025-06-27T07:35:33+00:00\",\"description\":\"Life\/form\u00ae \\\"Airway Larry\\\" CPR ve ent\u00fcbasyon e\u011fitim mankeni (LF03996), ger\u00e7ek\u00e7i anatomik yap\u0131s\u0131 ve CPR Metrix ile profesyonel sa\u011fl\u0131k e\u011fitimi sunar. Ent\u00fcbasyon, ventilasyon ve CPR prati\u011fi i\u00e7in ideal. \u015eimdi ke\u015ffedin!\",\"breadcrumb\":{\"@id\":\"https:\/\/merkim.com.tr\/merkim-maket\/urun\/life-form-airway-larry-cpr-ve-entubasyon-egitim-mankeni-lf03996\/#breadcrumb\"},\"inLanguage\":\"tr\",\"potentialAction\":[{\"@type\":\"ReadAction\",\"target\":[\"https:\/\/merkim.com.tr\/merkim-maket\/urun\/life-form-airway-larry-cpr-ve-entubasyon-egitim-mankeni-lf03996\/\"]}]},{\"@type\":\"ImageObject\",\"inLanguage\":\"tr\",\"@id\":\"https:\/\/merkim.com.tr\/merkim-maket\/urun\/life-form-airway-larry-cpr-ve-entubasyon-egitim-mankeni-lf03996\/#primaryimage\",\"url\":\"https:\/\/merkim.com.tr\/merkim-maket\/wp-content\/uploads\/2025\/06\/lifeform-airway-larry-cpr-manken-nasco.png\",\"contentUrl\":\"https:\/\/merkim.com.tr\/merkim-maket\/wp-content\/uploads\/2025\/06\/lifeform-airway-larry-cpr-manken-nasco.png\",\"width\":800,\"height\":800,\"caption\":\"Ger\u00e7ek\u00e7i anatomik yap\u0131s\u0131yla ent\u00fcbasyon ve CPR e\u011fitimi i\u00e7in ideal sim\u00fclat\u00f6r.\"},{\"@type\":\"BreadcrumbList\",\"@id\":\"https:\/\/merkim.com.tr\/merkim-maket\/urun\/life-form-airway-larry-cpr-ve-entubasyon-egitim-mankeni-lf03996\/#breadcrumb\",\"itemListElement\":[{\"@type\":\"ListItem\",\"position\":1,\"name\":\"Anasayfa\",\"item\":\"https:\/\/merkim.com.tr\/merkim-maket\/\"},{\"@type\":\"ListItem\",\"position\":2,\"name\":\"Ma\u011faza\",\"item\":\"https:\/\/merkim.com.tr\/merkim-maket\/magaza\/\"},{\"@type\":\"ListItem\",\"position\":3,\"name\":\"Life\/form\u00ae &#8220;Airway Larry&#8221; CPR ve Ent\u00fcbasyon E\u011fitim Mankeni (LF03996)\"}]},{\"@type\":\"WebSite\",\"@id\":\"https:\/\/merkim.com.tr\/merkim-maket\/#website\",\"url\":\"https:\/\/merkim.com.tr\/merkim-maket\/\",\"name\":\"Merkim Maket\",\"description\":\"\",\"potentialAction\":[{\"@type\":\"SearchAction\",\"target\":{\"@type\":\"EntryPoint\",\"urlTemplate\":\"https:\/\/merkim.com.tr\/merkim-maket\/?s={search_term_string}\"},\"query-input\":{\"@type\":\"PropertyValueSpecification\",\"valueRequired\":true,\"valueName\":\"search_term_string\"}}],\"inLanguage\":\"tr\"}]}<\/script>\n<!-- \/ Yoast SEO plugin. -->","yoast_head_json":{"title":"Life\/form\u00ae \"Airway Larry\" CPR ve Ent\u00fcbasyon E\u011fitim Mankeni (LF03996) - Merkim Maket","description":"Life\/form\u00ae \"Airway Larry\" CPR ve ent\u00fcbasyon e\u011fitim mankeni (LF03996), ger\u00e7ek\u00e7i anatomik yap\u0131s\u0131 ve CPR Metrix ile profesyonel sa\u011fl\u0131k e\u011fitimi sunar. Ent\u00fcbasyon, ventilasyon ve CPR prati\u011fi i\u00e7in ideal. \u015eimdi ke\u015ffedin!","robots":{"index":"index","follow":"follow","max-snippet":"max-snippet:-1","max-image-preview":"max-image-preview:large","max-video-preview":"max-video-preview:-1"},"canonical":"https:\/\/merkim.com.tr\/merkim-maket\/urun\/life-form-airway-larry-cpr-ve-entubasyon-egitim-mankeni-lf03996\/","og_locale":"tr_TR","og_type":"article","og_title":"Life\/form\u00ae \"Airway Larry\" CPR ve Ent\u00fcbasyon E\u011fitim Mankeni (LF03996) - Merkim Maket","og_description":"Life\/form\u00ae \"Airway Larry\" CPR ve ent\u00fcbasyon e\u011fitim mankeni (LF03996), ger\u00e7ek\u00e7i anatomik yap\u0131s\u0131 ve CPR Metrix ile profesyonel sa\u011fl\u0131k e\u011fitimi sunar. Ent\u00fcbasyon, ventilasyon ve CPR prati\u011fi i\u00e7in ideal. \u015eimdi ke\u015ffedin!","og_url":"https:\/\/merkim.com.tr\/merkim-maket\/urun\/life-form-airway-larry-cpr-ve-entubasyon-egitim-mankeni-lf03996\/","og_site_name":"Merkim Maket","og_image":[{"width":800,"height":800,"url":"https:\/\/merkim.com.tr\/merkim-maket\/wp-content\/uploads\/2025\/06\/lifeform-airway-larry-cpr-manken-nasco.png","type":"image\/png"}],"twitter_card":"summary_large_image","twitter_misc":{"Tahmini okuma s\u00fcresi":"3 dakika"},"schema":{"@context":"https:\/\/schema.org","@graph":[{"@type":"WebPage","@id":"https:\/\/merkim.com.tr\/merkim-maket\/urun\/life-form-airway-larry-cpr-ve-entubasyon-egitim-mankeni-lf03996\/","url":"https:\/\/merkim.com.tr\/merkim-maket\/urun\/life-form-airway-larry-cpr-ve-entubasyon-egitim-mankeni-lf03996\/","name":"Life\/form\u00ae \"Airway Larry\" CPR ve Ent\u00fcbasyon E\u011fitim Mankeni (LF03996) - Merkim Maket","isPartOf":{"@id":"https:\/\/merkim.com.tr\/merkim-maket\/#website"},"primaryImageOfPage":{"@id":"https:\/\/merkim.com.tr\/merkim-maket\/urun\/life-form-airway-larry-cpr-ve-entubasyon-egitim-mankeni-lf03996\/#primaryimage"},"image":{"@id":"https:\/\/merkim.com.tr\/merkim-maket\/urun\/life-form-airway-larry-cpr-ve-entubasyon-egitim-mankeni-lf03996\/#primaryimage"},"thumbnailUrl":"https:\/\/merkim.com.tr\/merkim-maket\/wp-content\/uploads\/2025\/06\/lifeform-airway-larry-cpr-manken-nasco.png","datePublished":"2025-06-27T07:35:33+00:00","description":"Life\/form\u00ae \"Airway Larry\" CPR ve ent\u00fcbasyon e\u011fitim mankeni (LF03996), ger\u00e7ek\u00e7i anatomik yap\u0131s\u0131 ve CPR Metrix ile profesyonel sa\u011fl\u0131k e\u011fitimi sunar. Ent\u00fcbasyon, ventilasyon ve CPR prati\u011fi i\u00e7in ideal. \u015eimdi ke\u015ffedin!","breadcrumb":{"@id":"https:\/\/merkim.com.tr\/merkim-maket\/urun\/life-form-airway-larry-cpr-ve-entubasyon-egitim-mankeni-lf03996\/#breadcrumb"},"inLanguage":"tr","potentialAction":[{"@type":"ReadAction","target":["https:\/\/merkim.com.tr\/merkim-maket\/urun\/life-form-airway-larry-cpr-ve-entubasyon-egitim-mankeni-lf03996\/"]}]},{"@type":"ImageObject","inLanguage":"tr","@id":"https:\/\/merkim.com.tr\/merkim-maket\/urun\/life-form-airway-larry-cpr-ve-entubasyon-egitim-mankeni-lf03996\/#primaryimage","url":"https:\/\/merkim.com.tr\/merkim-maket\/wp-content\/uploads\/2025\/06\/lifeform-airway-larry-cpr-manken-nasco.png","contentUrl":"https:\/\/merkim.com.tr\/merkim-maket\/wp-content\/uploads\/2025\/06\/lifeform-airway-larry-cpr-manken-nasco.png","width":800,"height":800,"caption":"Ger\u00e7ek\u00e7i anatomik yap\u0131s\u0131yla ent\u00fcbasyon ve CPR e\u011fitimi i\u00e7in ideal sim\u00fclat\u00f6r."},{"@type":"BreadcrumbList","@id":"https:\/\/merkim.com.tr\/merkim-maket\/urun\/life-form-airway-larry-cpr-ve-entubasyon-egitim-mankeni-lf03996\/#breadcrumb","itemListElement":[{"@type":"ListItem","position":1,"name":"Anasayfa","item":"https:\/\/merkim.com.tr\/merkim-maket\/"},{"@type":"ListItem","position":2,"name":"Ma\u011faza","item":"https:\/\/merkim.com.tr\/merkim-maket\/magaza\/"},{"@type":"ListItem","position":3,"name":"Life\/form\u00ae &#8220;Airway Larry&#8221; CPR ve Ent\u00fcbasyon E\u011fitim Mankeni (LF03996)"}]},{"@type":"WebSite","@id":"https:\/\/merkim.com.tr\/merkim-maket\/#website","url":"https:\/\/merkim.com.tr\/merkim-maket\/","name":"Merkim Maket","description":"","potentialAction":[{"@type":"SearchAction","target":{"@type":"EntryPoint","urlTemplate":"https:\/\/merkim.com.tr\/merkim-maket\/?s={search_term_string}"},"query-input":{"@type":"PropertyValueSpecification","valueRequired":true,"valueName":"search_term_string"}}],"inLanguage":"tr"}]}},"_links":{"self":[{"href":"https:\/\/merkim.com.tr\/merkim-maket\/wp-json\/wp\/v2\/product\/290","targetHints":{"allow":["GET"]}}],"collection":[{"href":"https:\/\/merkim.com.tr\/merkim-maket\/wp-json\/wp\/v2\/product"}],"about":[{"href":"https:\/\/merkim.com.tr\/merkim-maket\/wp-json\/wp\/v2\/types\/product"}],"replies":[{"embeddable":true,"href":"https:\/\/merkim.com.tr\/merkim-maket\/wp-json\/wp\/v2\/comments?post=290"}],"wp:featuredmedia":[{"embeddable":true,"href":"https:\/\/merkim.com.tr\/merkim-maket\/wp-json\/wp\/v2\/media\/291"}],"wp:attachment":[{"href":"https:\/\/merkim.com.tr\/merkim-maket\/wp-json\/wp\/v2\/media?parent=290"}],"wp:term":[{"taxonomy":"product_brand","embeddable":true,"href":"https:\/\/merkim.com.tr\/merkim-maket\/wp-json\/wp\/v2\/product_brand?post=290"},{"taxonomy":"product_cat","embeddable":true,"href":"https:\/\/merkim.com.tr\/merkim-maket\/wp-json\/wp\/v2\/product_cat?post=290"},{"taxonomy":"product_tag","embeddable":true,"href":"https:\/\/merkim.com.tr\/merkim-maket\/wp-json\/wp\/v2\/product_tag?post=290"}],"curies":[{"name":"wp","href":"https:\/\/api.w.org\/{rel}","templated":true}]}}