{"id":29,"date":"2025-06-05T18:14:04","date_gmt":"2025-06-05T18:14:04","guid":{"rendered":"https:\/\/merkim.com.tr\/merkim-maket\/?post_type=product&#038;p=29"},"modified":"2025-06-05T18:14:04","modified_gmt":"2025-06-05T18:14:04","slug":"pickupsim-yuksek-gercekcilikte-ovum-toplama-simulatoru-sku-pks-nasco-healthcare","status":"publish","type":"product","link":"https:\/\/merkim.com.tr\/merkim-maket\/urun\/pickupsim-yuksek-gercekcilikte-ovum-toplama-simulatoru-sku-pks-nasco-healthcare\/","title":{"rendered":"PickUpSim &#8211; Y\u00fcksek Ger\u00e7ek\u00e7ilikte Ovum Toplama Sim\u00fclat\u00f6r\u00fc [SKU: PKS] &#8211; Nasco Healthcare"},"content":{"rendered":"<p class=\"ds-markdown-paragraph\"><strong>PickUpSim<\/strong>, yard\u0131mc\u0131 \u00fcreme teknikleri (ART) e\u011fitiminde kullan\u0131lmak \u00fczere geli\u015ftirilmi\u015f\u00a0<strong>y\u00fcksek ger\u00e7ek\u00e7ilikte bir ovum toplama (oosit aspirasyonu) sim\u00fclat\u00f6r\u00fcd\u00fcr<\/strong>. Bu yenilik\u00e7i sistem, \u00fcreme endokrinolojisi ve infertilite (REI) uzmanlar\u0131n\u0131n, jinekologlar\u0131n ve embriyologlar\u0131n\u00a0<strong>transvajinal oosit aspirasyonu<\/strong>\u00a0prosed\u00fcrlerini g\u00fcvenli bir ortamda pratik etmelerini sa\u011flar.<\/p>\n<h3><strong>Temel \u00d6zellikler ve Avantajlar:<\/strong><\/h3>\n<p class=\"ds-markdown-paragraph\">\u2714\u00a0<strong>Ger\u00e7ek\u00e7i Sim\u00fclasyon Deneyimi:<\/strong><\/p>\n<ul>\n<li>\n<p class=\"ds-markdown-paragraph\">\u00d6zel tasarlanm\u0131\u015f transvajinal ultrason probu ve pick-up i\u011fnesi<\/p>\n<\/li>\n<li>\n<p class=\"ds-markdown-paragraph\">Sim\u00fcle aspirasyon pedal\u0131 (PKSPED) ile ger\u00e7ek prosed\u00fcr hissi<\/p>\n<\/li>\n<li>\n<p class=\"ds-markdown-paragraph\">7 farkl\u0131 klinik vaka senaryosu<\/p>\n<\/li>\n<\/ul>\n<p class=\"ds-markdown-paragraph\">\u2714\u00a0<strong>Kapsaml\u0131 E\u011fitim Paketi:<\/strong><\/p>\n<ul>\n<li>\n<p class=\"ds-markdown-paragraph\">\u00d6nceden y\u00fcklenmi\u015f PickUpSim yaz\u0131l\u0131m\u0131 ile entegre laptop (PKSPC)<\/p>\n<\/li>\n<li>\n<p class=\"ds-markdown-paragraph\">21.5&#8243; LCD monit\u00f6r (PKSMON) ile y\u00fcksek \u00e7\u00f6z\u00fcn\u00fcrl\u00fckl\u00fc g\u00f6r\u00fcnt\u00fcleme<\/p>\n<\/li>\n<li>\n<p class=\"ds-markdown-paragraph\">Uzaktan e\u011fitim ve kurulum deste\u011fi<\/p>\n<\/li>\n<\/ul>\n<p class=\"ds-markdown-paragraph\">\u2714\u00a0<strong>Teknik \u00d6zellikler:<\/strong><\/p>\n<ul>\n<li>\n<p class=\"ds-markdown-paragraph\">\u00d6m\u00fcr boyu \u00fccretsiz yaz\u0131l\u0131m g\u00fcncellemeleri<\/p>\n<\/li>\n<li>\n<p class=\"ds-markdown-paragraph\">Ta\u015f\u0131ma kasas\u0131 ile kolay nakliye<\/p>\n<\/li>\n<li>\n<p class=\"ds-markdown-paragraph\">1 y\u0131l garanti<\/p>\n<\/li>\n<\/ul>\n<h3><strong>Klinik Uygulama Alanlar\u0131:<\/strong><\/h3>\n<ul>\n<li>\n<p class=\"ds-markdown-paragraph\"><strong>T\u00fcp bebek (IVF) e\u011fitimleri<\/strong><\/p>\n<\/li>\n<li>\n<p class=\"ds-markdown-paragraph\"><strong>Oosit toplama tekniklerinin \u00f6\u011fretilmesi<\/strong><\/p>\n<\/li>\n<li>\n<p class=\"ds-markdown-paragraph\"><strong>Folik\u00fcl aspirasyonu prati\u011fi<\/strong><\/p>\n<\/li>\n<li>\n<p class=\"ds-markdown-paragraph\"><strong>Ultrason e\u015fli\u011finde transvajinal giri\u015fim e\u011fitimleri<\/strong><\/p>\n<\/li>\n<\/ul>\n<h3><strong>Teknik Detaylar:<\/strong><\/h3>\n<ul>\n<li>\n<p class=\"ds-markdown-paragraph\"><strong>Ta\u015f\u0131ma A\u011f\u0131rl\u0131\u011f\u0131:<\/strong>\u00a095 lbs (43 kg)<\/p>\n<\/li>\n<li>\n<p class=\"ds-markdown-paragraph\"><strong>Boyutlar:<\/strong>\u00a03 kutu (36&#8243;x26&#8243;x20&#8243;, 22&#8243;x17&#8243;x5&#8243;, 20&#8243;x12&#8243;x3&#8243;)<\/p>\n<\/li>\n<li>\n<p class=\"ds-markdown-paragraph\"><strong>Sistem Gereksinimleri:<\/strong>\u00a0Windows tabanl\u0131 yaz\u0131l\u0131m (\u00f6nceden y\u00fckl\u00fc gelir)<\/p>\n<\/li>\n<\/ul>\n<h3><strong>Kutu \u0130\u00e7eri\u011fi:<\/strong><\/h3>\n<ul>\n<li>\n<p class=\"ds-markdown-paragraph\">Pick-up i\u011fnesi ve sim\u00fcle transvajinal ultrason probu<\/p>\n<\/li>\n<li>\n<p class=\"ds-markdown-paragraph\">Sim\u00fcle aspirasyon pedal\u0131 (PKSPED)<\/p>\n<\/li>\n<li>\n<p class=\"ds-markdown-paragraph\">PickUpSim yaz\u0131l\u0131ml\u0131 laptop (PKSPC)<\/p>\n<\/li>\n<li>\n<p class=\"ds-markdown-paragraph\">21.5&#8243; LCD monit\u00f6r (PKSMON)<\/p>\n<\/li>\n<li>\n<p class=\"ds-markdown-paragraph\">Profesyonel ta\u015f\u0131ma kutusu<\/p>\n<\/li>\n<li>\n<p class=\"ds-markdown-paragraph\">Kullan\u0131m k\u0131lavuzu<\/p>\n<\/li>\n<\/ul>\n","protected":false},"excerpt":{"rendered":"<p><strong>PickUpSim<\/strong>, yard\u0131mc\u0131 \u00fcreme teknikleri e\u011fitiminde kullan\u0131lan\u00a0<strong>y\u00fcksek ger\u00e7ek\u00e7ilikte bir oosit toplama sim\u00fclat\u00f6r\u00fcd\u00fcr<\/strong>. Ger\u00e7ek\u00e7i ultrason probu, pick-up i\u011fnesi ve sim\u00fcle aspirasyon pedal\u0131 ile IVF prosed\u00fcrlerinin g\u00fcvenli ortamda \u00f6\u011frenilmesini sa\u011flar.<\/p>\n","protected":false},"featured_media":30,"comment_status":"open","ping_status":"closed","template":"","meta":[],"product_brand":[16],"product_cat":[15,17],"product_tag":[53,27,51,52,55,54,56,57],"class_list":{"0":"post-29","1":"product","2":"type-product","3":"status-publish","4":"has-post-thumbnail","6":"product_brand-nasco-healthcare","7":"product_cat-genel","8":"product_cat-nursing-patient-care","9":"product_tag-ivf-egitim-simulatoru","10":"product_tag-nasco-healthcare","11":"product_tag-oosit-toplama-simulatoru","12":"product_tag-pickupsim","13":"product_tag-transvajinal-aspirasyon-simulatoru","14":"product_tag-tup-bebek-egitimi","15":"product_tag-ureme-endokrinolojisi-egitimi","16":"product_tag-yuksek-gercekcilikte-tip-simulatoru","18":"first","19":"instock","20":"shipping-taxable","21":"product-type-simple"},"yoast_head":"<!-- This site is optimized with the Yoast SEO plugin v25.2 - https:\/\/yoast.com\/wordpress\/plugins\/seo\/ -->\n<title>PickUpSim - Y\u00fcksek Ger\u00e7ek\u00e7ilikte Ovum Toplama Sim\u00fclat\u00f6r\u00fc [SKU: PKS] - Nasco Healthcare - Merkim Maket<\/title>\n<meta name=\"robots\" content=\"index, follow, max-snippet:-1, max-image-preview:large, max-video-preview:-1\" \/>\n<link rel=\"canonical\" href=\"https:\/\/merkim.com.tr\/merkim-maket\/urun\/pickupsim-yuksek-gercekcilikte-ovum-toplama-simulatoru-sku-pks-nasco-healthcare\/\" \/>\n<meta property=\"og:locale\" content=\"tr_TR\" \/>\n<meta property=\"og:type\" content=\"article\" \/>\n<meta property=\"og:title\" content=\"PickUpSim - Y\u00fcksek Ger\u00e7ek\u00e7ilikte Ovum Toplama Sim\u00fclat\u00f6r\u00fc [SKU: PKS] - Nasco Healthcare - Merkim Maket\" \/>\n<meta property=\"og:description\" content=\"PickUpSim, yard\u0131mc\u0131 \u00fcreme teknikleri e\u011fitiminde kullan\u0131lan\u00a0y\u00fcksek ger\u00e7ek\u00e7ilikte bir oosit toplama sim\u00fclat\u00f6r\u00fcd\u00fcr. Ger\u00e7ek\u00e7i ultrason probu, pick-up i\u011fnesi ve sim\u00fcle aspirasyon pedal\u0131 ile IVF prosed\u00fcrlerinin g\u00fcvenli ortamda \u00f6\u011frenilmesini sa\u011flar.\" \/>\n<meta property=\"og:url\" content=\"https:\/\/merkim.com.tr\/merkim-maket\/urun\/pickupsim-yuksek-gercekcilikte-ovum-toplama-simulatoru-sku-pks-nasco-healthcare\/\" \/>\n<meta property=\"og:site_name\" content=\"Merkim Maket\" \/>\n<meta property=\"og:image\" content=\"https:\/\/merkim.com.tr\/merkim-maket\/wp-content\/uploads\/2025\/06\/pickupsim-oosit-toplama-simulatoru-nasco-healthcare.png\" \/>\n\t<meta property=\"og:image:width\" content=\"800\" \/>\n\t<meta property=\"og:image:height\" content=\"800\" \/>\n\t<meta property=\"og:image:type\" content=\"image\/png\" \/>\n<meta name=\"twitter:card\" content=\"summary_large_image\" \/>\n<meta name=\"twitter:label1\" content=\"Tahmini okuma s\u00fcresi\" \/>\n\t<meta name=\"twitter:data1\" content=\"2 dakika\" \/>\n<script type=\"application\/ld+json\" class=\"yoast-schema-graph\">{\"@context\":\"https:\/\/schema.org\",\"@graph\":[{\"@type\":\"WebPage\",\"@id\":\"https:\/\/merkim.com.tr\/merkim-maket\/urun\/pickupsim-yuksek-gercekcilikte-ovum-toplama-simulatoru-sku-pks-nasco-healthcare\/\",\"url\":\"https:\/\/merkim.com.tr\/merkim-maket\/urun\/pickupsim-yuksek-gercekcilikte-ovum-toplama-simulatoru-sku-pks-nasco-healthcare\/\",\"name\":\"PickUpSim - Y\u00fcksek Ger\u00e7ek\u00e7ilikte Ovum Toplama Sim\u00fclat\u00f6r\u00fc [SKU: PKS] - Nasco Healthcare - Merkim Maket\",\"isPartOf\":{\"@id\":\"https:\/\/merkim.com.tr\/merkim-maket\/#website\"},\"primaryImageOfPage\":{\"@id\":\"https:\/\/merkim.com.tr\/merkim-maket\/urun\/pickupsim-yuksek-gercekcilikte-ovum-toplama-simulatoru-sku-pks-nasco-healthcare\/#primaryimage\"},\"image\":{\"@id\":\"https:\/\/merkim.com.tr\/merkim-maket\/urun\/pickupsim-yuksek-gercekcilikte-ovum-toplama-simulatoru-sku-pks-nasco-healthcare\/#primaryimage\"},\"thumbnailUrl\":\"https:\/\/merkim.com.tr\/merkim-maket\/wp-content\/uploads\/2025\/06\/pickupsim-oosit-toplama-simulatoru-nasco-healthcare.png\",\"datePublished\":\"2025-06-05T18:14:04+00:00\",\"breadcrumb\":{\"@id\":\"https:\/\/merkim.com.tr\/merkim-maket\/urun\/pickupsim-yuksek-gercekcilikte-ovum-toplama-simulatoru-sku-pks-nasco-healthcare\/#breadcrumb\"},\"inLanguage\":\"tr\",\"potentialAction\":[{\"@type\":\"ReadAction\",\"target\":[\"https:\/\/merkim.com.tr\/merkim-maket\/urun\/pickupsim-yuksek-gercekcilikte-ovum-toplama-simulatoru-sku-pks-nasco-healthcare\/\"]}]},{\"@type\":\"ImageObject\",\"inLanguage\":\"tr\",\"@id\":\"https:\/\/merkim.com.tr\/merkim-maket\/urun\/pickupsim-yuksek-gercekcilikte-ovum-toplama-simulatoru-sku-pks-nasco-healthcare\/#primaryimage\",\"url\":\"https:\/\/merkim.com.tr\/merkim-maket\/wp-content\/uploads\/2025\/06\/pickupsim-oosit-toplama-simulatoru-nasco-healthcare.png\",\"contentUrl\":\"https:\/\/merkim.com.tr\/merkim-maket\/wp-content\/uploads\/2025\/06\/pickupsim-oosit-toplama-simulatoru-nasco-healthcare.png\",\"width\":800,\"height\":800,\"caption\":\"Transvajinal Oosit Aspirasyonu i\u00e7in Ger\u00e7ek\u00e7i Sim\u00fclasyon\"},{\"@type\":\"BreadcrumbList\",\"@id\":\"https:\/\/merkim.com.tr\/merkim-maket\/urun\/pickupsim-yuksek-gercekcilikte-ovum-toplama-simulatoru-sku-pks-nasco-healthcare\/#breadcrumb\",\"itemListElement\":[{\"@type\":\"ListItem\",\"position\":1,\"name\":\"Anasayfa\",\"item\":\"https:\/\/merkim.com.tr\/merkim-maket\/\"},{\"@type\":\"ListItem\",\"position\":2,\"name\":\"Ma\u011faza\",\"item\":\"https:\/\/merkim.com.tr\/merkim-maket\/magaza\/\"},{\"@type\":\"ListItem\",\"position\":3,\"name\":\"PickUpSim &#8211; Y\u00fcksek Ger\u00e7ek\u00e7ilikte Ovum Toplama Sim\u00fclat\u00f6r\u00fc [SKU: PKS] &#8211; Nasco Healthcare\"}]},{\"@type\":\"WebSite\",\"@id\":\"https:\/\/merkim.com.tr\/merkim-maket\/#website\",\"url\":\"https:\/\/merkim.com.tr\/merkim-maket\/\",\"name\":\"Merkim Maket\",\"description\":\"\",\"potentialAction\":[{\"@type\":\"SearchAction\",\"target\":{\"@type\":\"EntryPoint\",\"urlTemplate\":\"https:\/\/merkim.com.tr\/merkim-maket\/?s={search_term_string}\"},\"query-input\":{\"@type\":\"PropertyValueSpecification\",\"valueRequired\":true,\"valueName\":\"search_term_string\"}}],\"inLanguage\":\"tr\"}]}<\/script>\n<!-- \/ Yoast SEO plugin. -->","yoast_head_json":{"title":"PickUpSim - Y\u00fcksek Ger\u00e7ek\u00e7ilikte Ovum Toplama Sim\u00fclat\u00f6r\u00fc [SKU: PKS] - Nasco Healthcare - Merkim Maket","robots":{"index":"index","follow":"follow","max-snippet":"max-snippet:-1","max-image-preview":"max-image-preview:large","max-video-preview":"max-video-preview:-1"},"canonical":"https:\/\/merkim.com.tr\/merkim-maket\/urun\/pickupsim-yuksek-gercekcilikte-ovum-toplama-simulatoru-sku-pks-nasco-healthcare\/","og_locale":"tr_TR","og_type":"article","og_title":"PickUpSim - Y\u00fcksek Ger\u00e7ek\u00e7ilikte Ovum Toplama Sim\u00fclat\u00f6r\u00fc [SKU: PKS] - Nasco Healthcare - Merkim Maket","og_description":"PickUpSim, yard\u0131mc\u0131 \u00fcreme teknikleri e\u011fitiminde kullan\u0131lan\u00a0y\u00fcksek ger\u00e7ek\u00e7ilikte bir oosit toplama sim\u00fclat\u00f6r\u00fcd\u00fcr. Ger\u00e7ek\u00e7i ultrason probu, pick-up i\u011fnesi ve sim\u00fcle aspirasyon pedal\u0131 ile IVF prosed\u00fcrlerinin g\u00fcvenli ortamda \u00f6\u011frenilmesini sa\u011flar.","og_url":"https:\/\/merkim.com.tr\/merkim-maket\/urun\/pickupsim-yuksek-gercekcilikte-ovum-toplama-simulatoru-sku-pks-nasco-healthcare\/","og_site_name":"Merkim Maket","og_image":[{"width":800,"height":800,"url":"https:\/\/merkim.com.tr\/merkim-maket\/wp-content\/uploads\/2025\/06\/pickupsim-oosit-toplama-simulatoru-nasco-healthcare.png","type":"image\/png"}],"twitter_card":"summary_large_image","twitter_misc":{"Tahmini okuma s\u00fcresi":"2 dakika"},"schema":{"@context":"https:\/\/schema.org","@graph":[{"@type":"WebPage","@id":"https:\/\/merkim.com.tr\/merkim-maket\/urun\/pickupsim-yuksek-gercekcilikte-ovum-toplama-simulatoru-sku-pks-nasco-healthcare\/","url":"https:\/\/merkim.com.tr\/merkim-maket\/urun\/pickupsim-yuksek-gercekcilikte-ovum-toplama-simulatoru-sku-pks-nasco-healthcare\/","name":"PickUpSim - Y\u00fcksek Ger\u00e7ek\u00e7ilikte Ovum Toplama Sim\u00fclat\u00f6r\u00fc [SKU: PKS] - Nasco Healthcare - Merkim Maket","isPartOf":{"@id":"https:\/\/merkim.com.tr\/merkim-maket\/#website"},"primaryImageOfPage":{"@id":"https:\/\/merkim.com.tr\/merkim-maket\/urun\/pickupsim-yuksek-gercekcilikte-ovum-toplama-simulatoru-sku-pks-nasco-healthcare\/#primaryimage"},"image":{"@id":"https:\/\/merkim.com.tr\/merkim-maket\/urun\/pickupsim-yuksek-gercekcilikte-ovum-toplama-simulatoru-sku-pks-nasco-healthcare\/#primaryimage"},"thumbnailUrl":"https:\/\/merkim.com.tr\/merkim-maket\/wp-content\/uploads\/2025\/06\/pickupsim-oosit-toplama-simulatoru-nasco-healthcare.png","datePublished":"2025-06-05T18:14:04+00:00","breadcrumb":{"@id":"https:\/\/merkim.com.tr\/merkim-maket\/urun\/pickupsim-yuksek-gercekcilikte-ovum-toplama-simulatoru-sku-pks-nasco-healthcare\/#breadcrumb"},"inLanguage":"tr","potentialAction":[{"@type":"ReadAction","target":["https:\/\/merkim.com.tr\/merkim-maket\/urun\/pickupsim-yuksek-gercekcilikte-ovum-toplama-simulatoru-sku-pks-nasco-healthcare\/"]}]},{"@type":"ImageObject","inLanguage":"tr","@id":"https:\/\/merkim.com.tr\/merkim-maket\/urun\/pickupsim-yuksek-gercekcilikte-ovum-toplama-simulatoru-sku-pks-nasco-healthcare\/#primaryimage","url":"https:\/\/merkim.com.tr\/merkim-maket\/wp-content\/uploads\/2025\/06\/pickupsim-oosit-toplama-simulatoru-nasco-healthcare.png","contentUrl":"https:\/\/merkim.com.tr\/merkim-maket\/wp-content\/uploads\/2025\/06\/pickupsim-oosit-toplama-simulatoru-nasco-healthcare.png","width":800,"height":800,"caption":"Transvajinal Oosit Aspirasyonu i\u00e7in Ger\u00e7ek\u00e7i Sim\u00fclasyon"},{"@type":"BreadcrumbList","@id":"https:\/\/merkim.com.tr\/merkim-maket\/urun\/pickupsim-yuksek-gercekcilikte-ovum-toplama-simulatoru-sku-pks-nasco-healthcare\/#breadcrumb","itemListElement":[{"@type":"ListItem","position":1,"name":"Anasayfa","item":"https:\/\/merkim.com.tr\/merkim-maket\/"},{"@type":"ListItem","position":2,"name":"Ma\u011faza","item":"https:\/\/merkim.com.tr\/merkim-maket\/magaza\/"},{"@type":"ListItem","position":3,"name":"PickUpSim &#8211; Y\u00fcksek Ger\u00e7ek\u00e7ilikte Ovum Toplama Sim\u00fclat\u00f6r\u00fc [SKU: PKS] &#8211; Nasco Healthcare"}]},{"@type":"WebSite","@id":"https:\/\/merkim.com.tr\/merkim-maket\/#website","url":"https:\/\/merkim.com.tr\/merkim-maket\/","name":"Merkim Maket","description":"","potentialAction":[{"@type":"SearchAction","target":{"@type":"EntryPoint","urlTemplate":"https:\/\/merkim.com.tr\/merkim-maket\/?s={search_term_string}"},"query-input":{"@type":"PropertyValueSpecification","valueRequired":true,"valueName":"search_term_string"}}],"inLanguage":"tr"}]}},"_links":{"self":[{"href":"https:\/\/merkim.com.tr\/merkim-maket\/wp-json\/wp\/v2\/product\/29","targetHints":{"allow":["GET"]}}],"collection":[{"href":"https:\/\/merkim.com.tr\/merkim-maket\/wp-json\/wp\/v2\/product"}],"about":[{"href":"https:\/\/merkim.com.tr\/merkim-maket\/wp-json\/wp\/v2\/types\/product"}],"replies":[{"embeddable":true,"href":"https:\/\/merkim.com.tr\/merkim-maket\/wp-json\/wp\/v2\/comments?post=29"}],"wp:featuredmedia":[{"embeddable":true,"href":"https:\/\/merkim.com.tr\/merkim-maket\/wp-json\/wp\/v2\/media\/30"}],"wp:attachment":[{"href":"https:\/\/merkim.com.tr\/merkim-maket\/wp-json\/wp\/v2\/media?parent=29"}],"wp:term":[{"taxonomy":"product_brand","embeddable":true,"href":"https:\/\/merkim.com.tr\/merkim-maket\/wp-json\/wp\/v2\/product_brand?post=29"},{"taxonomy":"product_cat","embeddable":true,"href":"https:\/\/merkim.com.tr\/merkim-maket\/wp-json\/wp\/v2\/product_cat?post=29"},{"taxonomy":"product_tag","embeddable":true,"href":"https:\/\/merkim.com.tr\/merkim-maket\/wp-json\/wp\/v2\/product_tag?post=29"}],"curies":[{"name":"wp","href":"https:\/\/api.w.org\/{rel}","templated":true}]}}