{"id":243,"date":"2025-06-26T08:06:13","date_gmt":"2025-06-26T08:06:13","guid":{"rendered":"https:\/\/merkim.com.tr\/merkim-maket\/?post_type=product&#038;p=243"},"modified":"2025-06-26T08:06:13","modified_gmt":"2025-06-26T08:06:13","slug":"life-form-ng-tube-trach-skills-simulator-profesyonel-nazogastrik-sonda-ve-trakeostomi-bakimi-egitim-seti-sku-lf01174","status":"publish","type":"product","link":"https:\/\/merkim.com.tr\/merkim-maket\/urun\/life-form-ng-tube-trach-skills-simulator-profesyonel-nazogastrik-sonda-ve-trakeostomi-bakimi-egitim-seti-sku-lf01174\/","title":{"rendered":"Life\/form\u00ae NG Tube &#038; Trach Skills Simulator &#8211; Profesyonel Nazogastrik Sonda ve Trakeostomi Bak\u0131m\u0131 E\u011fitim Seti [SKU: LF01174]"},"content":{"rendered":"<p class=\"ds-markdown-paragraph\"><strong>Solunum ve Gastrointestinal Bak\u0131m Uygulamalar\u0131 \u0130\u00e7in Kapsaml\u0131 E\u011fitim \u00c7\u00f6z\u00fcm\u00fc!<\/strong><\/p>\n<p class=\"ds-markdown-paragraph\">Life\/form\u00ae\u00a0<strong>NG Tube &amp; Trach Skills Simulator<\/strong>, sa\u011fl\u0131k profesyonelleri ve t\u0131p \u00f6\u011frencileri i\u00e7in\u00a0<strong>nazogastrik sonda uygulamalar\u0131 ve trakeostomi bak\u0131m tekniklerini<\/strong>\u00a0ger\u00e7e\u011fe en yak\u0131n \u015fekilde \u00f6\u011freten\u00a0<strong>ileri d\u00fczey bir e\u011fitim modelidir<\/strong>. 5 y\u0131l garanti kapsam\u0131nda sunulan bu \u00fcr\u00fcn, kritik hasta bak\u0131m\u0131nda gerekli olan temel becerilerin kazan\u0131lmas\u0131 i\u00e7in ideal bir e\u011fitim arac\u0131d\u0131r.<\/p>\n<h4><strong>\u00dcst\u00fcn \u00d6zellikler ve Klinik Uygulama Alanlar\u0131:<\/strong><\/h4>\n<p class=\"ds-markdown-paragraph\">\u2714\u00a0<strong>Ger\u00e7ek\u00e7i Anatomik Yap\u0131:<\/strong><\/p>\n<ul>\n<li>\n<p class=\"ds-markdown-paragraph\">Ger\u00e7ek\u00e7i anatomik landmarklar<\/p>\n<\/li>\n<li>\n<p class=\"ds-markdown-paragraph\">Trakea, \u00f6zofagus, akci\u011fer ve mide modelleri<\/p>\n<\/li>\n<li>\n<p class=\"ds-markdown-paragraph\">Hidroksietil sel\u00fcloz ile mukus sim\u00fclasyonu<\/p>\n<\/li>\n<\/ul>\n<p class=\"ds-markdown-paragraph\">\u2714\u00a0<strong>Kapsaml\u0131 Prosed\u00fcr E\u011fitimleri:<\/strong><\/p>\n<ul>\n<li>\n<p class=\"ds-markdown-paragraph\">Nazogastrik sonda uygulama ve bak\u0131m\u0131<\/p>\n<\/li>\n<li>\n<p class=\"ds-markdown-paragraph\">Trakeostomi t\u00fcp\u00fc bak\u0131m\u0131 ve aspirasyon<\/p>\n<\/li>\n<li>\n<p class=\"ds-markdown-paragraph\">Enteral beslenme t\u00fcp\u00fc uygulamalar\u0131<\/p>\n<\/li>\n<li>\n<p class=\"ds-markdown-paragraph\">Gastrik lavaj ve gavaj<\/p>\n<\/li>\n<li>\n<p class=\"ds-markdown-paragraph\">Orofarengeal\/nazofarengeal bak\u0131m<\/p>\n<\/li>\n<li>\n<p class=\"ds-markdown-paragraph\">Laringoskop ile ent\u00fcbasyon uygulamas\u0131 (6.0 ET t\u00fcp\u00fc ile)<\/p>\n<\/li>\n<\/ul>\n<p class=\"ds-markdown-paragraph\">\u2714\u00a0<strong>Ger\u00e7ek\u00e7i Sim\u00fclasyon \u00d6zellikleri:<\/strong><\/p>\n<ul>\n<li>\n<p class=\"ds-markdown-paragraph\">Akci\u011fer ve mideye s\u0131v\u0131 eklenebilme \u00f6zelli\u011fi<\/p>\n<\/li>\n<li>\n<p class=\"ds-markdown-paragraph\">Cuff \u015fi\u015firme uygulamalar\u0131<\/p>\n<\/li>\n<li>\n<p class=\"ds-markdown-paragraph\">Pansuman de\u011fi\u015fimleri<\/p>\n<\/li>\n<li>\n<p class=\"ds-markdown-paragraph\">Size 6 trakeostomi t\u00fcp\u00fc uyumlulu\u011fu<\/p>\n<\/li>\n<\/ul>\n<p class=\"ds-markdown-paragraph\"><strong>Teknik \u00d6zellikler:<\/strong><\/p>\n<ul>\n<li>\n<p class=\"ds-markdown-paragraph\"><strong>Model Boyutlar\u0131:<\/strong>\u00a010&#8243; x 16&#8243; x 27&#8243; (25x41x69 cm)<\/p>\n<\/li>\n<li>\n<p class=\"ds-markdown-paragraph\"><strong>A\u011f\u0131rl\u0131k:<\/strong>\u00a025 lbs (11.3 kg)<\/p>\n<\/li>\n<li>\n<p class=\"ds-markdown-paragraph\"><strong>\u0130\u00e7erik:<\/strong><\/p>\n<ul>\n<li>\n<p class=\"ds-markdown-paragraph\">Hidroksietil sel\u00fcloz paketi<\/p>\n<\/li>\n<li>\n<p class=\"ds-markdown-paragraph\">Sprey pompal\u0131 lubrikan<\/p>\n<\/li>\n<li>\n<p class=\"ds-markdown-paragraph\">Kullan\u0131m k\u0131lavuzu<\/p>\n<\/li>\n<li>\n<p class=\"ds-markdown-paragraph\">Sert ta\u015f\u0131ma kutusu<\/p>\n<\/li>\n<\/ul>\n<\/li>\n<li>\n<p class=\"ds-markdown-paragraph\"><strong>Garanti:<\/strong>\u00a05 Y\u0131l<\/p>\n<\/li>\n<\/ul>\n<p class=\"ds-markdown-paragraph\"><strong>Kullan\u0131m Alanlar\u0131:<\/strong><\/p>\n<ul>\n<li>\n<p class=\"ds-markdown-paragraph\"><strong>Yo\u011fun bak\u0131m hem\u015fireli\u011fi e\u011fitimleri<\/strong><\/p>\n<\/li>\n<li>\n<p class=\"ds-markdown-paragraph\"><strong>Acil t\u0131p asistan e\u011fitimleri<\/strong><\/p>\n<\/li>\n<li>\n<p class=\"ds-markdown-paragraph\"><strong>Solunum terapisi programlar\u0131<\/strong><\/p>\n<\/li>\n<li>\n<p class=\"ds-markdown-paragraph\"><strong>T\u0131p fak\u00fcltesi klinik beceri laboratuvarlar\u0131<\/strong><\/p>\n<\/li>\n<li>\n<p class=\"ds-markdown-paragraph\"><strong>Hasta bak\u0131m teknikeri e\u011fitimleri<\/strong><\/p>\n<\/li>\n<\/ul>\n","protected":false},"excerpt":{"rendered":"<p><strong>Life\/form\u00ae NG Tube &amp; Trach Skills Simulator<\/strong>, nazogastrik sonda ve trakeostomi bak\u0131m tekniklerini \u00f6\u011freten profesyonel e\u011fitim modelidir. Ger\u00e7ek\u00e7i anatomik yap\u0131s\u0131 ve 5 y\u0131l garanti ile kritik hasta bak\u0131m e\u011fitimlerinde alt\u0131n standart!<\/p>\n","protected":false},"featured_media":244,"comment_status":"open","ping_status":"closed","template":"","meta":[],"product_brand":[16],"product_cat":[15,17,78],"product_tag":[829,828,798,109,826,824,827,823,825],"class_list":{"0":"post-243","1":"product","2":"type-product","3":"status-publish","4":"has-post-thumbnail","6":"product_brand-nasco-healthcare","7":"product_cat-genel","8":"product_cat-nursing-patient-care","9":"product_cat-nasco-healthcare","10":"product_tag-aspirasyon-egitimi","11":"product_tag-entubasyon-simulatoru","12":"product_tag-gercekci-tip-modelleri","13":"product_tag-klinik-beceri-egitimi","14":"product_tag-lf01174","15":"product_tag-nazogastrik-sonda-simulatoru","16":"product_tag-solunum-terapisi-egitimi","17":"product_tag-trakeostomi-egitim-modeli","18":"product_tag-yogun-bakim-egitim-urunleri","20":"first","21":"instock","22":"shipping-taxable","23":"product-type-simple"},"yoast_head":"<!-- This site is optimized with the Yoast SEO plugin v25.2 - https:\/\/yoast.com\/wordpress\/plugins\/seo\/ -->\n<title>Life\/form\u00ae NG Tube &amp; Trach Skills Simulator - Profesyonel Nazogastrik Sonda ve Trakeostomi Bak\u0131m\u0131 E\u011fitim Seti [SKU: LF01174] - Merkim Maket<\/title>\n<meta name=\"description\" content=\"Life\/form\u00ae NG Tube &amp; Trach Skills Simulator | LF01174Nazogastrik sonda ve trakeostomi bak\u0131m teknikleri i\u00e7in profesyonel e\u011fitim modeli! Ger\u00e7ek\u00e7i anatomik yap\u0131 ve 5 y\u0131l garanti.\" \/>\n<meta name=\"robots\" content=\"index, follow, max-snippet:-1, max-image-preview:large, max-video-preview:-1\" \/>\n<link rel=\"canonical\" href=\"https:\/\/merkim.com.tr\/merkim-maket\/urun\/life-form-ng-tube-trach-skills-simulator-profesyonel-nazogastrik-sonda-ve-trakeostomi-bakimi-egitim-seti-sku-lf01174\/\" \/>\n<meta property=\"og:locale\" content=\"tr_TR\" \/>\n<meta property=\"og:type\" content=\"article\" \/>\n<meta property=\"og:title\" content=\"Life\/form\u00ae NG Tube &amp; Trach Skills Simulator - Profesyonel Nazogastrik Sonda ve Trakeostomi Bak\u0131m\u0131 E\u011fitim Seti [SKU: LF01174] - Merkim Maket\" \/>\n<meta property=\"og:description\" content=\"Life\/form\u00ae NG Tube &amp; Trach Skills Simulator | LF01174Nazogastrik sonda ve trakeostomi bak\u0131m teknikleri i\u00e7in profesyonel e\u011fitim modeli! Ger\u00e7ek\u00e7i anatomik yap\u0131 ve 5 y\u0131l garanti.\" \/>\n<meta property=\"og:url\" content=\"https:\/\/merkim.com.tr\/merkim-maket\/urun\/life-form-ng-tube-trach-skills-simulator-profesyonel-nazogastrik-sonda-ve-trakeostomi-bakimi-egitim-seti-sku-lf01174\/\" \/>\n<meta property=\"og:site_name\" content=\"Merkim Maket\" \/>\n<meta property=\"og:image\" content=\"https:\/\/merkim.com.tr\/merkim-maket\/wp-content\/uploads\/2025\/06\/lifeform-ng-tube-trach-skills-simulator-profesyonel-egitim-modeli-LF01174.png\" \/>\n\t<meta property=\"og:image:width\" content=\"800\" \/>\n\t<meta property=\"og:image:height\" content=\"800\" \/>\n\t<meta property=\"og:image:type\" content=\"image\/png\" \/>\n<meta name=\"twitter:card\" content=\"summary_large_image\" \/>\n<meta name=\"twitter:label1\" content=\"Tahmini okuma s\u00fcresi\" \/>\n\t<meta name=\"twitter:data1\" content=\"2 dakika\" \/>\n<script type=\"application\/ld+json\" class=\"yoast-schema-graph\">{\"@context\":\"https:\/\/schema.org\",\"@graph\":[{\"@type\":\"WebPage\",\"@id\":\"https:\/\/merkim.com.tr\/merkim-maket\/urun\/life-form-ng-tube-trach-skills-simulator-profesyonel-nazogastrik-sonda-ve-trakeostomi-bakimi-egitim-seti-sku-lf01174\/\",\"url\":\"https:\/\/merkim.com.tr\/merkim-maket\/urun\/life-form-ng-tube-trach-skills-simulator-profesyonel-nazogastrik-sonda-ve-trakeostomi-bakimi-egitim-seti-sku-lf01174\/\",\"name\":\"Life\/form\u00ae NG Tube & Trach Skills Simulator - Profesyonel Nazogastrik Sonda ve Trakeostomi Bak\u0131m\u0131 E\u011fitim Seti [SKU: LF01174] - Merkim Maket\",\"isPartOf\":{\"@id\":\"https:\/\/merkim.com.tr\/merkim-maket\/#website\"},\"primaryImageOfPage\":{\"@id\":\"https:\/\/merkim.com.tr\/merkim-maket\/urun\/life-form-ng-tube-trach-skills-simulator-profesyonel-nazogastrik-sonda-ve-trakeostomi-bakimi-egitim-seti-sku-lf01174\/#primaryimage\"},\"image\":{\"@id\":\"https:\/\/merkim.com.tr\/merkim-maket\/urun\/life-form-ng-tube-trach-skills-simulator-profesyonel-nazogastrik-sonda-ve-trakeostomi-bakimi-egitim-seti-sku-lf01174\/#primaryimage\"},\"thumbnailUrl\":\"https:\/\/merkim.com.tr\/merkim-maket\/wp-content\/uploads\/2025\/06\/lifeform-ng-tube-trach-skills-simulator-profesyonel-egitim-modeli-LF01174.png\",\"datePublished\":\"2025-06-26T08:06:13+00:00\",\"description\":\"Life\/form\u00ae NG Tube & Trach Skills Simulator | LF01174Nazogastrik sonda ve trakeostomi bak\u0131m teknikleri i\u00e7in profesyonel e\u011fitim modeli! Ger\u00e7ek\u00e7i anatomik yap\u0131 ve 5 y\u0131l garanti.\",\"breadcrumb\":{\"@id\":\"https:\/\/merkim.com.tr\/merkim-maket\/urun\/life-form-ng-tube-trach-skills-simulator-profesyonel-nazogastrik-sonda-ve-trakeostomi-bakimi-egitim-seti-sku-lf01174\/#breadcrumb\"},\"inLanguage\":\"tr\",\"potentialAction\":[{\"@type\":\"ReadAction\",\"target\":[\"https:\/\/merkim.com.tr\/merkim-maket\/urun\/life-form-ng-tube-trach-skills-simulator-profesyonel-nazogastrik-sonda-ve-trakeostomi-bakimi-egitim-seti-sku-lf01174\/\"]}]},{\"@type\":\"ImageObject\",\"inLanguage\":\"tr\",\"@id\":\"https:\/\/merkim.com.tr\/merkim-maket\/urun\/life-form-ng-tube-trach-skills-simulator-profesyonel-nazogastrik-sonda-ve-trakeostomi-bakimi-egitim-seti-sku-lf01174\/#primaryimage\",\"url\":\"https:\/\/merkim.com.tr\/merkim-maket\/wp-content\/uploads\/2025\/06\/lifeform-ng-tube-trach-skills-simulator-profesyonel-egitim-modeli-LF01174.png\",\"contentUrl\":\"https:\/\/merkim.com.tr\/merkim-maket\/wp-content\/uploads\/2025\/06\/lifeform-ng-tube-trach-skills-simulator-profesyonel-egitim-modeli-LF01174.png\",\"width\":800,\"height\":800,\"caption\":\"Sa\u011fl\u0131k profesyonelleri i\u00e7in ideal nazogastrik sonda ve trakeostomi e\u011fitim modeli\"},{\"@type\":\"BreadcrumbList\",\"@id\":\"https:\/\/merkim.com.tr\/merkim-maket\/urun\/life-form-ng-tube-trach-skills-simulator-profesyonel-nazogastrik-sonda-ve-trakeostomi-bakimi-egitim-seti-sku-lf01174\/#breadcrumb\",\"itemListElement\":[{\"@type\":\"ListItem\",\"position\":1,\"name\":\"Anasayfa\",\"item\":\"https:\/\/merkim.com.tr\/merkim-maket\/\"},{\"@type\":\"ListItem\",\"position\":2,\"name\":\"Ma\u011faza\",\"item\":\"https:\/\/merkim.com.tr\/merkim-maket\/magaza\/\"},{\"@type\":\"ListItem\",\"position\":3,\"name\":\"Life\/form\u00ae NG Tube &#038; Trach Skills Simulator &#8211; Profesyonel Nazogastrik Sonda ve Trakeostomi Bak\u0131m\u0131 E\u011fitim Seti [SKU: LF01174]\"}]},{\"@type\":\"WebSite\",\"@id\":\"https:\/\/merkim.com.tr\/merkim-maket\/#website\",\"url\":\"https:\/\/merkim.com.tr\/merkim-maket\/\",\"name\":\"Merkim Maket\",\"description\":\"\",\"potentialAction\":[{\"@type\":\"SearchAction\",\"target\":{\"@type\":\"EntryPoint\",\"urlTemplate\":\"https:\/\/merkim.com.tr\/merkim-maket\/?s={search_term_string}\"},\"query-input\":{\"@type\":\"PropertyValueSpecification\",\"valueRequired\":true,\"valueName\":\"search_term_string\"}}],\"inLanguage\":\"tr\"}]}<\/script>\n<!-- \/ Yoast SEO plugin. -->","yoast_head_json":{"title":"Life\/form\u00ae NG Tube & Trach Skills Simulator - Profesyonel Nazogastrik Sonda ve Trakeostomi Bak\u0131m\u0131 E\u011fitim Seti [SKU: LF01174] - Merkim Maket","description":"Life\/form\u00ae NG Tube & Trach Skills Simulator | LF01174Nazogastrik sonda ve trakeostomi bak\u0131m teknikleri i\u00e7in profesyonel e\u011fitim modeli! Ger\u00e7ek\u00e7i anatomik yap\u0131 ve 5 y\u0131l garanti.","robots":{"index":"index","follow":"follow","max-snippet":"max-snippet:-1","max-image-preview":"max-image-preview:large","max-video-preview":"max-video-preview:-1"},"canonical":"https:\/\/merkim.com.tr\/merkim-maket\/urun\/life-form-ng-tube-trach-skills-simulator-profesyonel-nazogastrik-sonda-ve-trakeostomi-bakimi-egitim-seti-sku-lf01174\/","og_locale":"tr_TR","og_type":"article","og_title":"Life\/form\u00ae NG Tube & Trach Skills Simulator - Profesyonel Nazogastrik Sonda ve Trakeostomi Bak\u0131m\u0131 E\u011fitim Seti [SKU: LF01174] - Merkim Maket","og_description":"Life\/form\u00ae NG Tube & Trach Skills Simulator | LF01174Nazogastrik sonda ve trakeostomi bak\u0131m teknikleri i\u00e7in profesyonel e\u011fitim modeli! Ger\u00e7ek\u00e7i anatomik yap\u0131 ve 5 y\u0131l garanti.","og_url":"https:\/\/merkim.com.tr\/merkim-maket\/urun\/life-form-ng-tube-trach-skills-simulator-profesyonel-nazogastrik-sonda-ve-trakeostomi-bakimi-egitim-seti-sku-lf01174\/","og_site_name":"Merkim Maket","og_image":[{"width":800,"height":800,"url":"https:\/\/merkim.com.tr\/merkim-maket\/wp-content\/uploads\/2025\/06\/lifeform-ng-tube-trach-skills-simulator-profesyonel-egitim-modeli-LF01174.png","type":"image\/png"}],"twitter_card":"summary_large_image","twitter_misc":{"Tahmini okuma s\u00fcresi":"2 dakika"},"schema":{"@context":"https:\/\/schema.org","@graph":[{"@type":"WebPage","@id":"https:\/\/merkim.com.tr\/merkim-maket\/urun\/life-form-ng-tube-trach-skills-simulator-profesyonel-nazogastrik-sonda-ve-trakeostomi-bakimi-egitim-seti-sku-lf01174\/","url":"https:\/\/merkim.com.tr\/merkim-maket\/urun\/life-form-ng-tube-trach-skills-simulator-profesyonel-nazogastrik-sonda-ve-trakeostomi-bakimi-egitim-seti-sku-lf01174\/","name":"Life\/form\u00ae NG Tube & Trach Skills Simulator - Profesyonel Nazogastrik Sonda ve Trakeostomi Bak\u0131m\u0131 E\u011fitim Seti [SKU: LF01174] - Merkim Maket","isPartOf":{"@id":"https:\/\/merkim.com.tr\/merkim-maket\/#website"},"primaryImageOfPage":{"@id":"https:\/\/merkim.com.tr\/merkim-maket\/urun\/life-form-ng-tube-trach-skills-simulator-profesyonel-nazogastrik-sonda-ve-trakeostomi-bakimi-egitim-seti-sku-lf01174\/#primaryimage"},"image":{"@id":"https:\/\/merkim.com.tr\/merkim-maket\/urun\/life-form-ng-tube-trach-skills-simulator-profesyonel-nazogastrik-sonda-ve-trakeostomi-bakimi-egitim-seti-sku-lf01174\/#primaryimage"},"thumbnailUrl":"https:\/\/merkim.com.tr\/merkim-maket\/wp-content\/uploads\/2025\/06\/lifeform-ng-tube-trach-skills-simulator-profesyonel-egitim-modeli-LF01174.png","datePublished":"2025-06-26T08:06:13+00:00","description":"Life\/form\u00ae NG Tube & Trach Skills Simulator | LF01174Nazogastrik sonda ve trakeostomi bak\u0131m teknikleri i\u00e7in profesyonel e\u011fitim modeli! Ger\u00e7ek\u00e7i anatomik yap\u0131 ve 5 y\u0131l garanti.","breadcrumb":{"@id":"https:\/\/merkim.com.tr\/merkim-maket\/urun\/life-form-ng-tube-trach-skills-simulator-profesyonel-nazogastrik-sonda-ve-trakeostomi-bakimi-egitim-seti-sku-lf01174\/#breadcrumb"},"inLanguage":"tr","potentialAction":[{"@type":"ReadAction","target":["https:\/\/merkim.com.tr\/merkim-maket\/urun\/life-form-ng-tube-trach-skills-simulator-profesyonel-nazogastrik-sonda-ve-trakeostomi-bakimi-egitim-seti-sku-lf01174\/"]}]},{"@type":"ImageObject","inLanguage":"tr","@id":"https:\/\/merkim.com.tr\/merkim-maket\/urun\/life-form-ng-tube-trach-skills-simulator-profesyonel-nazogastrik-sonda-ve-trakeostomi-bakimi-egitim-seti-sku-lf01174\/#primaryimage","url":"https:\/\/merkim.com.tr\/merkim-maket\/wp-content\/uploads\/2025\/06\/lifeform-ng-tube-trach-skills-simulator-profesyonel-egitim-modeli-LF01174.png","contentUrl":"https:\/\/merkim.com.tr\/merkim-maket\/wp-content\/uploads\/2025\/06\/lifeform-ng-tube-trach-skills-simulator-profesyonel-egitim-modeli-LF01174.png","width":800,"height":800,"caption":"Sa\u011fl\u0131k profesyonelleri i\u00e7in ideal nazogastrik sonda ve trakeostomi e\u011fitim modeli"},{"@type":"BreadcrumbList","@id":"https:\/\/merkim.com.tr\/merkim-maket\/urun\/life-form-ng-tube-trach-skills-simulator-profesyonel-nazogastrik-sonda-ve-trakeostomi-bakimi-egitim-seti-sku-lf01174\/#breadcrumb","itemListElement":[{"@type":"ListItem","position":1,"name":"Anasayfa","item":"https:\/\/merkim.com.tr\/merkim-maket\/"},{"@type":"ListItem","position":2,"name":"Ma\u011faza","item":"https:\/\/merkim.com.tr\/merkim-maket\/magaza\/"},{"@type":"ListItem","position":3,"name":"Life\/form\u00ae NG Tube &#038; Trach Skills Simulator &#8211; Profesyonel Nazogastrik Sonda ve Trakeostomi Bak\u0131m\u0131 E\u011fitim Seti [SKU: LF01174]"}]},{"@type":"WebSite","@id":"https:\/\/merkim.com.tr\/merkim-maket\/#website","url":"https:\/\/merkim.com.tr\/merkim-maket\/","name":"Merkim Maket","description":"","potentialAction":[{"@type":"SearchAction","target":{"@type":"EntryPoint","urlTemplate":"https:\/\/merkim.com.tr\/merkim-maket\/?s={search_term_string}"},"query-input":{"@type":"PropertyValueSpecification","valueRequired":true,"valueName":"search_term_string"}}],"inLanguage":"tr"}]}},"_links":{"self":[{"href":"https:\/\/merkim.com.tr\/merkim-maket\/wp-json\/wp\/v2\/product\/243","targetHints":{"allow":["GET"]}}],"collection":[{"href":"https:\/\/merkim.com.tr\/merkim-maket\/wp-json\/wp\/v2\/product"}],"about":[{"href":"https:\/\/merkim.com.tr\/merkim-maket\/wp-json\/wp\/v2\/types\/product"}],"replies":[{"embeddable":true,"href":"https:\/\/merkim.com.tr\/merkim-maket\/wp-json\/wp\/v2\/comments?post=243"}],"wp:featuredmedia":[{"embeddable":true,"href":"https:\/\/merkim.com.tr\/merkim-maket\/wp-json\/wp\/v2\/media\/244"}],"wp:attachment":[{"href":"https:\/\/merkim.com.tr\/merkim-maket\/wp-json\/wp\/v2\/media?parent=243"}],"wp:term":[{"taxonomy":"product_brand","embeddable":true,"href":"https:\/\/merkim.com.tr\/merkim-maket\/wp-json\/wp\/v2\/product_brand?post=243"},{"taxonomy":"product_cat","embeddable":true,"href":"https:\/\/merkim.com.tr\/merkim-maket\/wp-json\/wp\/v2\/product_cat?post=243"},{"taxonomy":"product_tag","embeddable":true,"href":"https:\/\/merkim.com.tr\/merkim-maket\/wp-json\/wp\/v2\/product_tag?post=243"}],"curies":[{"name":"wp","href":"https:\/\/api.w.org\/{rel}","templated":true}]}}