{"id":241,"date":"2025-06-26T07:57:30","date_gmt":"2025-06-26T07:57:30","guid":{"rendered":"https:\/\/merkim.com.tr\/merkim-maket\/?post_type=product&#038;p=241"},"modified":"2025-06-26T07:57:30","modified_gmt":"2025-06-26T07:57:30","slug":"life-form-upper-stump-bandaging-simulator-ust-ekstremite-amputasyon-bandajlama-egitim-seti-sku-lf01063","status":"publish","type":"product","link":"https:\/\/merkim.com.tr\/merkim-maket\/urun\/life-form-upper-stump-bandaging-simulator-ust-ekstremite-amputasyon-bandajlama-egitim-seti-sku-lf01063\/","title":{"rendered":"Life\/form\u00ae Upper Stump Bandaging Simulator &#8211; \u00dcst Ekstremite Amputasyon Bandajlama E\u011fitim Seti [SKU: LF01063]"},"content":{"rendered":"<p class=\"ds-markdown-paragraph\"><strong>Fizyoterapistler ve Sa\u011fl\u0131k Profesyonelleri \u0130\u00e7in \u00d6zel Tasarlanm\u0131\u015f \u00dcst Ekstremite Bandajlama E\u011fitim Modeli!<\/strong><\/p>\n<p class=\"ds-markdown-paragraph\">Life\/form\u00ae\u00a0<strong>Upper Stump Bandaging Simulator<\/strong>, sa\u011fl\u0131k profesyonelleri ve rehabilitasyon uzmanlar\u0131 i\u00e7in\u00a0<strong>\u00fcst ekstremite amputasyonlar\u0131nda bandajlama tekniklerini<\/strong>\u00a0ger\u00e7e\u011fe en yak\u0131n \u015fekilde \u00f6\u011freten\u00a0<strong>uzmanla\u015ft\u0131r\u0131lm\u0131\u015f bir e\u011fitim modelidir<\/strong>. 5 y\u0131l garanti kapsam\u0131nda sunulan bu \u00fcr\u00fcn, amputasyon bak\u0131m\u0131 ve protez uygulamalar\u0131 \u00f6ncesi gerekli olan bandajlama becerilerinin geli\u015ftirilmesi i\u00e7in ideal bir e\u011fitim arac\u0131d\u0131r.<\/p>\n<h4><strong>\u00dcst\u00fcn \u00d6zellikler ve Klinik Uygulama Alanlar\u0131:<\/strong><\/h4>\n<p class=\"ds-markdown-paragraph\">\u2714\u00a0<strong>Ger\u00e7ek\u00e7i \u00dcst Ekstremite Sim\u00fclasyonu:<\/strong><\/p>\n<ul>\n<li>\n<p class=\"ds-markdown-paragraph\">Dirsek \u00fcst\u00fc amputasyon modeli<\/p>\n<\/li>\n<li>\n<p class=\"ds-markdown-paragraph\">El bile\u011fi \u00fcst\u00fc amputasyon modeli<\/p>\n<\/li>\n<li>\n<p class=\"ds-markdown-paragraph\">Hasta pozisyonuna uygun hafif ekstansiyonlu dizayn<\/p>\n<\/li>\n<\/ul>\n<p class=\"ds-markdown-paragraph\">\u2714\u00a0<strong>Profesyonel E\u011fitim Avantajlar\u0131:<\/strong><\/p>\n<ul>\n<li>\n<p class=\"ds-markdown-paragraph\">Ger\u00e7ek doku hissi veren s\u0131k\u0131\u015ft\u0131r\u0131labilir malzeme<\/p>\n<\/li>\n<li>\n<p class=\"ds-markdown-paragraph\">Standart bandajlama prosed\u00fcrlerinin uygulanmas\u0131<\/p>\n<\/li>\n<li>\n<p class=\"ds-markdown-paragraph\">Protez cihazlar\u0131n\u0131n ba\u011flanmas\u0131 demonstrasyonlar\u0131<\/p>\n<\/li>\n<li>\n<p class=\"ds-markdown-paragraph\">Amputasyon bak\u0131m\u0131 e\u011fitimleri<\/p>\n<\/li>\n<\/ul>\n<p class=\"ds-markdown-paragraph\">\u2714\u00a0<strong>Kapsaml\u0131 E\u011fitim Seti \u0130\u00e7eri\u011fi:<\/strong><\/p>\n<ul>\n<li>\n<p class=\"ds-markdown-paragraph\">2 adet amputasyon kolu (dirsek \u00fcst\u00fc + el bile\u011fi \u00fcst\u00fc)<\/p>\n<\/li>\n<li>\n<p class=\"ds-markdown-paragraph\">Detayl\u0131 kullan\u0131m k\u0131lavuzu<\/p>\n<\/li>\n<li>\n<p class=\"ds-markdown-paragraph\">5 y\u0131l garanti<\/p>\n<\/li>\n<\/ul>\n<p class=\"ds-markdown-paragraph\"><strong>Teknik \u00d6zellikler:<\/strong><\/p>\n<ul>\n<li>\n<p class=\"ds-markdown-paragraph\"><strong>Model Boyutlar\u0131:<\/strong>\u00a026&#8243; x 18&#8243; x 13&#8243; (66x46x33 cm)<\/p>\n<\/li>\n<li>\n<p class=\"ds-markdown-paragraph\"><strong>A\u011f\u0131rl\u0131k:<\/strong>\u00a015 lbs (6.8 kg)<\/p>\n<\/li>\n<li>\n<p class=\"ds-markdown-paragraph\"><strong>Materyal:<\/strong>\u00a0Ger\u00e7ek\u00e7i dokusal yap\u0131ya sahip \u00f6zel form\u00fclasyon<\/p>\n<\/li>\n<\/ul>\n<p class=\"ds-markdown-paragraph\"><strong>Kullan\u0131m Alanlar\u0131:<\/strong><\/p>\n<ul>\n<li>\n<p class=\"ds-markdown-paragraph\"><strong>Fizyoterapi ve rehabilitasyon merkezleri<\/strong><\/p>\n<\/li>\n<li>\n<p class=\"ds-markdown-paragraph\"><strong>Protez ve ortez e\u011fitim programlar\u0131<\/strong><\/p>\n<\/li>\n<li>\n<p class=\"ds-markdown-paragraph\"><strong>Hem\u015firelik okullar\u0131nda amputasyon bak\u0131m\u0131 e\u011fitimi<\/strong><\/p>\n<\/li>\n<li>\n<p class=\"ds-markdown-paragraph\"><strong>T\u0131p fak\u00fcltesi klinik beceri laboratuvarlar\u0131<\/strong><\/p>\n<\/li>\n<li>\n<p class=\"ds-markdown-paragraph\"><strong>Askeri hastane rehabilitasyon \u00fcniteleri<\/strong><\/p>\n<\/li>\n<\/ul>\n","protected":false},"excerpt":{"rendered":"<p><strong>Life\/form\u00ae Upper Stump Bandaging Simulator<\/strong>, \u00fcst ekstremite amputasyonlar\u0131nda bandajlama tekniklerini \u00f6\u011freten profesyonel e\u011fitim modelidir. Dirsek \u00fcst\u00fc ve el bile\u011fi \u00fcst\u00fc iki farkl\u0131 amputasyon modeli ile 5 y\u0131l garanti.<\/p>\n","protected":false},"featured_media":242,"comment_status":"open","ping_status":"closed","template":"","meta":[],"product_brand":[16],"product_cat":[15,17,78],"product_tag":[822,816,818,798,109,819,820,821,817],"class_list":{"0":"post-241","1":"product","2":"type-product","3":"status-publish","4":"has-post-thumbnail","6":"product_brand-nasco-healthcare","7":"product_cat-genel","8":"product_cat-nursing-patient-care","9":"product_cat-nasco-healthcare","10":"product_tag-amputasyon-bakim-egitimi","11":"product_tag-amputasyon-bandaj-modeli","12":"product_tag-fizyoterapi-egitim-urunleri","13":"product_tag-gercekci-tip-modelleri","14":"product_tag-klinik-beceri-egitimi","15":"product_tag-lf01063","16":"product_tag-protez-oncesi-bandaj-egitimi","17":"product_tag-rehabilitasyon-egitim-modeli","18":"product_tag-ust-ekstremite-simulatoru","20":"first","21":"instock","22":"shipping-taxable","23":"product-type-simple"},"yoast_head":"<!-- This site is optimized with the Yoast SEO plugin v25.2 - https:\/\/yoast.com\/wordpress\/plugins\/seo\/ -->\n<title>Life\/form\u00ae Upper Stump Bandaging Simulator - \u00dcst Ekstremite Amputasyon Bandajlama E\u011fitim Seti [SKU: LF01063] - Merkim Maket<\/title>\n<meta name=\"description\" content=\"Life\/form\u00ae Upper Stump Bandaging Simulator | LF01063\u00dcst ekstremite amputasyonlar\u0131nda bandajlama teknikleri i\u00e7in profesyonel e\u011fitim modeli! 2 farkl\u0131 amputasyon seviyesi ve 5 y\u0131l garanti.\" \/>\n<meta name=\"robots\" content=\"index, follow, max-snippet:-1, max-image-preview:large, max-video-preview:-1\" \/>\n<link rel=\"canonical\" href=\"https:\/\/merkim.com.tr\/merkim-maket\/urun\/life-form-upper-stump-bandaging-simulator-ust-ekstremite-amputasyon-bandajlama-egitim-seti-sku-lf01063\/\" \/>\n<meta property=\"og:locale\" content=\"tr_TR\" \/>\n<meta property=\"og:type\" content=\"article\" \/>\n<meta property=\"og:title\" content=\"Life\/form\u00ae Upper Stump Bandaging Simulator - \u00dcst Ekstremite Amputasyon Bandajlama E\u011fitim Seti [SKU: LF01063] - Merkim Maket\" \/>\n<meta property=\"og:description\" content=\"Life\/form\u00ae Upper Stump Bandaging Simulator | LF01063\u00dcst ekstremite amputasyonlar\u0131nda bandajlama teknikleri i\u00e7in profesyonel e\u011fitim modeli! 2 farkl\u0131 amputasyon seviyesi ve 5 y\u0131l garanti.\" \/>\n<meta property=\"og:url\" content=\"https:\/\/merkim.com.tr\/merkim-maket\/urun\/life-form-upper-stump-bandaging-simulator-ust-ekstremite-amputasyon-bandajlama-egitim-seti-sku-lf01063\/\" \/>\n<meta property=\"og:site_name\" content=\"Merkim Maket\" \/>\n<meta property=\"og:image\" content=\"https:\/\/merkim.com.tr\/merkim-maket\/wp-content\/uploads\/2025\/06\/lifeform-upper-stump-bandaging-simulator-profesyonel-egitim-modeli-LF01063.png\" \/>\n\t<meta property=\"og:image:width\" content=\"800\" \/>\n\t<meta property=\"og:image:height\" content=\"800\" \/>\n\t<meta property=\"og:image:type\" content=\"image\/png\" \/>\n<meta name=\"twitter:card\" content=\"summary_large_image\" \/>\n<meta name=\"twitter:label1\" content=\"Tahmini okuma s\u00fcresi\" \/>\n\t<meta name=\"twitter:data1\" content=\"2 dakika\" \/>\n<script type=\"application\/ld+json\" class=\"yoast-schema-graph\">{\"@context\":\"https:\/\/schema.org\",\"@graph\":[{\"@type\":\"WebPage\",\"@id\":\"https:\/\/merkim.com.tr\/merkim-maket\/urun\/life-form-upper-stump-bandaging-simulator-ust-ekstremite-amputasyon-bandajlama-egitim-seti-sku-lf01063\/\",\"url\":\"https:\/\/merkim.com.tr\/merkim-maket\/urun\/life-form-upper-stump-bandaging-simulator-ust-ekstremite-amputasyon-bandajlama-egitim-seti-sku-lf01063\/\",\"name\":\"Life\/form\u00ae Upper Stump Bandaging Simulator - \u00dcst Ekstremite Amputasyon Bandajlama E\u011fitim Seti [SKU: LF01063] - Merkim Maket\",\"isPartOf\":{\"@id\":\"https:\/\/merkim.com.tr\/merkim-maket\/#website\"},\"primaryImageOfPage\":{\"@id\":\"https:\/\/merkim.com.tr\/merkim-maket\/urun\/life-form-upper-stump-bandaging-simulator-ust-ekstremite-amputasyon-bandajlama-egitim-seti-sku-lf01063\/#primaryimage\"},\"image\":{\"@id\":\"https:\/\/merkim.com.tr\/merkim-maket\/urun\/life-form-upper-stump-bandaging-simulator-ust-ekstremite-amputasyon-bandajlama-egitim-seti-sku-lf01063\/#primaryimage\"},\"thumbnailUrl\":\"https:\/\/merkim.com.tr\/merkim-maket\/wp-content\/uploads\/2025\/06\/lifeform-upper-stump-bandaging-simulator-profesyonel-egitim-modeli-LF01063.png\",\"datePublished\":\"2025-06-26T07:57:30+00:00\",\"description\":\"Life\/form\u00ae Upper Stump Bandaging Simulator | LF01063\u00dcst ekstremite amputasyonlar\u0131nda bandajlama teknikleri i\u00e7in profesyonel e\u011fitim modeli! 2 farkl\u0131 amputasyon seviyesi ve 5 y\u0131l garanti.\",\"breadcrumb\":{\"@id\":\"https:\/\/merkim.com.tr\/merkim-maket\/urun\/life-form-upper-stump-bandaging-simulator-ust-ekstremite-amputasyon-bandajlama-egitim-seti-sku-lf01063\/#breadcrumb\"},\"inLanguage\":\"tr\",\"potentialAction\":[{\"@type\":\"ReadAction\",\"target\":[\"https:\/\/merkim.com.tr\/merkim-maket\/urun\/life-form-upper-stump-bandaging-simulator-ust-ekstremite-amputasyon-bandajlama-egitim-seti-sku-lf01063\/\"]}]},{\"@type\":\"ImageObject\",\"inLanguage\":\"tr\",\"@id\":\"https:\/\/merkim.com.tr\/merkim-maket\/urun\/life-form-upper-stump-bandaging-simulator-ust-ekstremite-amputasyon-bandajlama-egitim-seti-sku-lf01063\/#primaryimage\",\"url\":\"https:\/\/merkim.com.tr\/merkim-maket\/wp-content\/uploads\/2025\/06\/lifeform-upper-stump-bandaging-simulator-profesyonel-egitim-modeli-LF01063.png\",\"contentUrl\":\"https:\/\/merkim.com.tr\/merkim-maket\/wp-content\/uploads\/2025\/06\/lifeform-upper-stump-bandaging-simulator-profesyonel-egitim-modeli-LF01063.png\",\"width\":800,\"height\":800,\"caption\":\"Rehabilitasyon uzmanlar\u0131 i\u00e7in ideal \u00fcst ekstremite bandajlama modeli\"},{\"@type\":\"BreadcrumbList\",\"@id\":\"https:\/\/merkim.com.tr\/merkim-maket\/urun\/life-form-upper-stump-bandaging-simulator-ust-ekstremite-amputasyon-bandajlama-egitim-seti-sku-lf01063\/#breadcrumb\",\"itemListElement\":[{\"@type\":\"ListItem\",\"position\":1,\"name\":\"Anasayfa\",\"item\":\"https:\/\/merkim.com.tr\/merkim-maket\/\"},{\"@type\":\"ListItem\",\"position\":2,\"name\":\"Ma\u011faza\",\"item\":\"https:\/\/merkim.com.tr\/merkim-maket\/magaza\/\"},{\"@type\":\"ListItem\",\"position\":3,\"name\":\"Life\/form\u00ae Upper Stump Bandaging Simulator &#8211; \u00dcst Ekstremite Amputasyon Bandajlama E\u011fitim Seti [SKU: LF01063]\"}]},{\"@type\":\"WebSite\",\"@id\":\"https:\/\/merkim.com.tr\/merkim-maket\/#website\",\"url\":\"https:\/\/merkim.com.tr\/merkim-maket\/\",\"name\":\"Merkim Maket\",\"description\":\"\",\"potentialAction\":[{\"@type\":\"SearchAction\",\"target\":{\"@type\":\"EntryPoint\",\"urlTemplate\":\"https:\/\/merkim.com.tr\/merkim-maket\/?s={search_term_string}\"},\"query-input\":{\"@type\":\"PropertyValueSpecification\",\"valueRequired\":true,\"valueName\":\"search_term_string\"}}],\"inLanguage\":\"tr\"}]}<\/script>\n<!-- \/ Yoast SEO plugin. -->","yoast_head_json":{"title":"Life\/form\u00ae Upper Stump Bandaging Simulator - \u00dcst Ekstremite Amputasyon Bandajlama E\u011fitim Seti [SKU: LF01063] - Merkim Maket","description":"Life\/form\u00ae Upper Stump Bandaging Simulator | LF01063\u00dcst ekstremite amputasyonlar\u0131nda bandajlama teknikleri i\u00e7in profesyonel e\u011fitim modeli! 2 farkl\u0131 amputasyon seviyesi ve 5 y\u0131l garanti.","robots":{"index":"index","follow":"follow","max-snippet":"max-snippet:-1","max-image-preview":"max-image-preview:large","max-video-preview":"max-video-preview:-1"},"canonical":"https:\/\/merkim.com.tr\/merkim-maket\/urun\/life-form-upper-stump-bandaging-simulator-ust-ekstremite-amputasyon-bandajlama-egitim-seti-sku-lf01063\/","og_locale":"tr_TR","og_type":"article","og_title":"Life\/form\u00ae Upper Stump Bandaging Simulator - \u00dcst Ekstremite Amputasyon Bandajlama E\u011fitim Seti [SKU: LF01063] - Merkim Maket","og_description":"Life\/form\u00ae Upper Stump Bandaging Simulator | LF01063\u00dcst ekstremite amputasyonlar\u0131nda bandajlama teknikleri i\u00e7in profesyonel e\u011fitim modeli! 2 farkl\u0131 amputasyon seviyesi ve 5 y\u0131l garanti.","og_url":"https:\/\/merkim.com.tr\/merkim-maket\/urun\/life-form-upper-stump-bandaging-simulator-ust-ekstremite-amputasyon-bandajlama-egitim-seti-sku-lf01063\/","og_site_name":"Merkim Maket","og_image":[{"width":800,"height":800,"url":"https:\/\/merkim.com.tr\/merkim-maket\/wp-content\/uploads\/2025\/06\/lifeform-upper-stump-bandaging-simulator-profesyonel-egitim-modeli-LF01063.png","type":"image\/png"}],"twitter_card":"summary_large_image","twitter_misc":{"Tahmini okuma s\u00fcresi":"2 dakika"},"schema":{"@context":"https:\/\/schema.org","@graph":[{"@type":"WebPage","@id":"https:\/\/merkim.com.tr\/merkim-maket\/urun\/life-form-upper-stump-bandaging-simulator-ust-ekstremite-amputasyon-bandajlama-egitim-seti-sku-lf01063\/","url":"https:\/\/merkim.com.tr\/merkim-maket\/urun\/life-form-upper-stump-bandaging-simulator-ust-ekstremite-amputasyon-bandajlama-egitim-seti-sku-lf01063\/","name":"Life\/form\u00ae Upper Stump Bandaging Simulator - \u00dcst Ekstremite Amputasyon Bandajlama E\u011fitim Seti [SKU: LF01063] - Merkim Maket","isPartOf":{"@id":"https:\/\/merkim.com.tr\/merkim-maket\/#website"},"primaryImageOfPage":{"@id":"https:\/\/merkim.com.tr\/merkim-maket\/urun\/life-form-upper-stump-bandaging-simulator-ust-ekstremite-amputasyon-bandajlama-egitim-seti-sku-lf01063\/#primaryimage"},"image":{"@id":"https:\/\/merkim.com.tr\/merkim-maket\/urun\/life-form-upper-stump-bandaging-simulator-ust-ekstremite-amputasyon-bandajlama-egitim-seti-sku-lf01063\/#primaryimage"},"thumbnailUrl":"https:\/\/merkim.com.tr\/merkim-maket\/wp-content\/uploads\/2025\/06\/lifeform-upper-stump-bandaging-simulator-profesyonel-egitim-modeli-LF01063.png","datePublished":"2025-06-26T07:57:30+00:00","description":"Life\/form\u00ae Upper Stump Bandaging Simulator | LF01063\u00dcst ekstremite amputasyonlar\u0131nda bandajlama teknikleri i\u00e7in profesyonel e\u011fitim modeli! 2 farkl\u0131 amputasyon seviyesi ve 5 y\u0131l garanti.","breadcrumb":{"@id":"https:\/\/merkim.com.tr\/merkim-maket\/urun\/life-form-upper-stump-bandaging-simulator-ust-ekstremite-amputasyon-bandajlama-egitim-seti-sku-lf01063\/#breadcrumb"},"inLanguage":"tr","potentialAction":[{"@type":"ReadAction","target":["https:\/\/merkim.com.tr\/merkim-maket\/urun\/life-form-upper-stump-bandaging-simulator-ust-ekstremite-amputasyon-bandajlama-egitim-seti-sku-lf01063\/"]}]},{"@type":"ImageObject","inLanguage":"tr","@id":"https:\/\/merkim.com.tr\/merkim-maket\/urun\/life-form-upper-stump-bandaging-simulator-ust-ekstremite-amputasyon-bandajlama-egitim-seti-sku-lf01063\/#primaryimage","url":"https:\/\/merkim.com.tr\/merkim-maket\/wp-content\/uploads\/2025\/06\/lifeform-upper-stump-bandaging-simulator-profesyonel-egitim-modeli-LF01063.png","contentUrl":"https:\/\/merkim.com.tr\/merkim-maket\/wp-content\/uploads\/2025\/06\/lifeform-upper-stump-bandaging-simulator-profesyonel-egitim-modeli-LF01063.png","width":800,"height":800,"caption":"Rehabilitasyon uzmanlar\u0131 i\u00e7in ideal \u00fcst ekstremite bandajlama modeli"},{"@type":"BreadcrumbList","@id":"https:\/\/merkim.com.tr\/merkim-maket\/urun\/life-form-upper-stump-bandaging-simulator-ust-ekstremite-amputasyon-bandajlama-egitim-seti-sku-lf01063\/#breadcrumb","itemListElement":[{"@type":"ListItem","position":1,"name":"Anasayfa","item":"https:\/\/merkim.com.tr\/merkim-maket\/"},{"@type":"ListItem","position":2,"name":"Ma\u011faza","item":"https:\/\/merkim.com.tr\/merkim-maket\/magaza\/"},{"@type":"ListItem","position":3,"name":"Life\/form\u00ae Upper Stump Bandaging Simulator &#8211; \u00dcst Ekstremite Amputasyon Bandajlama E\u011fitim Seti [SKU: LF01063]"}]},{"@type":"WebSite","@id":"https:\/\/merkim.com.tr\/merkim-maket\/#website","url":"https:\/\/merkim.com.tr\/merkim-maket\/","name":"Merkim Maket","description":"","potentialAction":[{"@type":"SearchAction","target":{"@type":"EntryPoint","urlTemplate":"https:\/\/merkim.com.tr\/merkim-maket\/?s={search_term_string}"},"query-input":{"@type":"PropertyValueSpecification","valueRequired":true,"valueName":"search_term_string"}}],"inLanguage":"tr"}]}},"_links":{"self":[{"href":"https:\/\/merkim.com.tr\/merkim-maket\/wp-json\/wp\/v2\/product\/241","targetHints":{"allow":["GET"]}}],"collection":[{"href":"https:\/\/merkim.com.tr\/merkim-maket\/wp-json\/wp\/v2\/product"}],"about":[{"href":"https:\/\/merkim.com.tr\/merkim-maket\/wp-json\/wp\/v2\/types\/product"}],"replies":[{"embeddable":true,"href":"https:\/\/merkim.com.tr\/merkim-maket\/wp-json\/wp\/v2\/comments?post=241"}],"wp:featuredmedia":[{"embeddable":true,"href":"https:\/\/merkim.com.tr\/merkim-maket\/wp-json\/wp\/v2\/media\/242"}],"wp:attachment":[{"href":"https:\/\/merkim.com.tr\/merkim-maket\/wp-json\/wp\/v2\/media?parent=241"}],"wp:term":[{"taxonomy":"product_brand","embeddable":true,"href":"https:\/\/merkim.com.tr\/merkim-maket\/wp-json\/wp\/v2\/product_brand?post=241"},{"taxonomy":"product_cat","embeddable":true,"href":"https:\/\/merkim.com.tr\/merkim-maket\/wp-json\/wp\/v2\/product_cat?post=241"},{"taxonomy":"product_tag","embeddable":true,"href":"https:\/\/merkim.com.tr\/merkim-maket\/wp-json\/wp\/v2\/product_tag?post=241"}],"curies":[{"name":"wp","href":"https:\/\/api.w.org\/{rel}","templated":true}]}}