{"id":239,"date":"2025-06-26T07:51:30","date_gmt":"2025-06-26T07:51:30","guid":{"rendered":"https:\/\/merkim.com.tr\/merkim-maket\/?post_type=product&#038;p=239"},"modified":"2025-06-26T07:51:31","modified_gmt":"2025-06-26T07:51:31","slug":"life-form-surgical-sally-bandaging-simulator-14-farkli-cerrahi-yara-ile-profesyonel-pansuman-egitim-modeli-sku-lf00929","status":"publish","type":"product","link":"https:\/\/merkim.com.tr\/merkim-maket\/urun\/life-form-surgical-sally-bandaging-simulator-14-farkli-cerrahi-yara-ile-profesyonel-pansuman-egitim-modeli-sku-lf00929\/","title":{"rendered":"Life\/form\u00ae &#8220;Surgical Sally&#8221; Bandaging Simulator &#8211; 14 Farkl\u0131 Cerrahi Yara ile Profesyonel Pansuman E\u011fitim Modeli [SKU: LF00929]"},"content":{"rendered":"<p class=\"ds-markdown-paragraph\"><strong>Cerrahi ve Klinik Pansuman E\u011fitimlerinde Devrim Yaratan \u00c7ok Fonksiyonlu E\u011fitim Modeli!<\/strong><\/p>\n<p class=\"ds-markdown-paragraph\">Life\/form\u00ae\u00a0<strong>&#8220;Surgical Sally&#8221; Bandaging Simulator<\/strong>, sa\u011fl\u0131k profesyonelleri ve t\u0131p \u00f6\u011frencileri i\u00e7in\u00a0<strong>14 farkl\u0131 cerrahi yara tipinin bak\u0131m\u0131 ve pansuman tekniklerini<\/strong>\u00a0ger\u00e7e\u011fe en yak\u0131n \u015fekilde \u00f6\u011freten\u00a0<strong>kapsaml\u0131 bir e\u011fitim modelidir<\/strong>. \u00d6zel form\u00fcle edilmi\u015f vinil derisi ve ger\u00e7ek\u00e7i anatomik yap\u0131s\u0131yla benzersiz bir e\u011fitim deneyimi sunar.<\/p>\n<h4><strong>\u00dcst\u00fcn \u00d6zellikler ve Klinik Uygulama Alanlar\u0131:<\/strong><\/h4>\n<p class=\"ds-markdown-paragraph\">\u2714\u00a0<strong>14 \u00c7e\u015fit Cerrahi Yara Sim\u00fclasyonu:<\/strong><\/p>\n<ul>\n<li>\n<p class=\"ds-markdown-paragraph\">Mid-Sternal Split (2 sim\u00fcle dren ile)<\/p>\n<\/li>\n<li>\n<p class=\"ds-markdown-paragraph\">Sakral Dek\u00fcbit \u00dclser (Evre 2)<\/p>\n<\/li>\n<li>\n<p class=\"ds-markdown-paragraph\">Bacak Amputasyon Stump<\/p>\n<\/li>\n<li>\n<p class=\"ds-markdown-paragraph\">Abdominal Histerektomi<\/p>\n<\/li>\n<li>\n<p class=\"ds-markdown-paragraph\">Mastektomi (Sim\u00fcle dren ile)<\/p>\n<\/li>\n<li>\n<p class=\"ds-markdown-paragraph\">Appendektomi<\/p>\n<\/li>\n<li>\n<p class=\"ds-markdown-paragraph\">Kolesistektomi (T-T\u00fcp ile)<\/p>\n<\/li>\n<li>\n<p class=\"ds-markdown-paragraph\">Kolostomi<\/p>\n<\/li>\n<li>\n<p class=\"ds-markdown-paragraph\">\u0130leostomi<\/p>\n<\/li>\n<li>\n<p class=\"ds-markdown-paragraph\">Nefrektomi<\/p>\n<\/li>\n<li>\n<p class=\"ds-markdown-paragraph\">Laminektomi<\/p>\n<\/li>\n<li>\n<p class=\"ds-markdown-paragraph\">Torakotomi<\/p>\n<\/li>\n<li>\n<p class=\"ds-markdown-paragraph\">Laparotomi<\/p>\n<\/li>\n<li>\n<p class=\"ds-markdown-paragraph\">Tiroidektomi<\/p>\n<\/li>\n<\/ul>\n<p class=\"ds-markdown-paragraph\">\u2714\u00a0<strong>Ger\u00e7ek\u00e7i Materyal Avantajlar\u0131:<\/strong><\/p>\n<ul>\n<li>\n<p class=\"ds-markdown-paragraph\">Bandajlar\u0131n daha iyi yap\u0131\u015fmas\u0131n\u0131 sa\u011flayan \u00f6zel kuru deri form\u00fclasyonu<\/p>\n<\/li>\n<li>\n<p class=\"ds-markdown-paragraph\">Cerrahi z\u0131mbal\u0131 ve diki\u015fli yara kapatmalar\u0131 (kal\u0131c\u0131)<\/p>\n<\/li>\n<li>\n<p class=\"ds-markdown-paragraph\">T\u00fcm bandajlama prosed\u00fcrlerine uygun esnek, ten rengi deri<\/p>\n<\/li>\n<li>\n<p class=\"ds-markdown-paragraph\">Ger\u00e7ek\u00e7i doku hissi ve anatomik yap\u0131<\/p>\n<\/li>\n<\/ul>\n<p class=\"ds-markdown-paragraph\">\u2714\u00a0<strong>E\u011fitim Uygulamalar\u0131:<\/strong><\/p>\n<ul>\n<li>\n<p class=\"ds-markdown-paragraph\">Yara bak\u0131m\u0131 ve pansuman teknikleri<\/p>\n<\/li>\n<li>\n<p class=\"ds-markdown-paragraph\">Dren bak\u0131m\u0131 ve y\u00f6netimi<\/p>\n<\/li>\n<li>\n<p class=\"ds-markdown-paragraph\">Cerrahi yara temizli\u011fi<\/p>\n<\/li>\n<li>\n<p class=\"ds-markdown-paragraph\">Kompleks bandajlama teknikleri<\/p>\n<\/li>\n<li>\n<p class=\"ds-markdown-paragraph\">Stoma bak\u0131m\u0131 e\u011fitimi<\/p>\n<\/li>\n<\/ul>\n<p class=\"ds-markdown-paragraph\"><strong>Teknik \u00d6zellikler:<\/strong><\/p>\n<ul>\n<li>\n<p class=\"ds-markdown-paragraph\"><strong>Model Boyutlar\u0131:<\/strong>\u00a029&#8243; x 17&#8243; x 8&#8243; (74x43x20 cm)<\/p>\n<\/li>\n<li>\n<p class=\"ds-markdown-paragraph\"><strong>Ta\u015f\u0131ma Kutusu Boyutlar\u0131:<\/strong>\u00a035&#8243; x 25&#8243; x 12&#8243; (89x64x30 cm)<\/p>\n<\/li>\n<li>\n<p class=\"ds-markdown-paragraph\"><strong>A\u011f\u0131rl\u0131k:<\/strong>\u00a030 lbs (13.6 kg)<\/p>\n<\/li>\n<li>\n<p class=\"ds-markdown-paragraph\"><strong>Garanti:<\/strong>\u00a05 Y\u0131l<\/p>\n<\/li>\n<\/ul>\n<p class=\"ds-markdown-paragraph\"><strong>Kullan\u0131m Alanlar\u0131:<\/strong><\/p>\n<ul>\n<li>\n<p class=\"ds-markdown-paragraph\"><strong>Hem\u015firelik okullar\u0131nda cerrahi pansuman e\u011fitimi<\/strong><\/p>\n<\/li>\n<li>\n<p class=\"ds-markdown-paragraph\"><strong>Cerrahi kliniklerde personel e\u011fitimi<\/strong><\/p>\n<\/li>\n<li>\n<p class=\"ds-markdown-paragraph\"><strong>T\u0131p fak\u00fcltesi klinik beceri laboratuvarlar\u0131<\/strong><\/p>\n<\/li>\n<li>\n<p class=\"ds-markdown-paragraph\"><strong>Ameliyat sonras\u0131 bak\u0131m e\u011fitimleri<\/strong><\/p>\n<\/li>\n<li>\n<p class=\"ds-markdown-paragraph\"><strong>Stoma bak\u0131m\u0131 sertifika programlar\u0131<\/strong><\/p>\n<\/li>\n<\/ul>\n","protected":false},"excerpt":{"rendered":"<p><strong>Life\/form\u00ae &#8220;Surgical Sally&#8221; Bandaging Simulator<\/strong>, 14 farkl\u0131 cerrahi yara tipini i\u00e7eren profesyonel pansuman e\u011fitim modelidir. \u00d6zel deri form\u00fclasyonu ve 5 y\u0131l garanti ile cerrahi bak\u0131m e\u011fitimlerinde alt\u0131n standart!<\/p>\n","protected":false},"featured_media":240,"comment_status":"open","ping_status":"closed","template":"","meta":[],"product_brand":[16],"product_cat":[15,17,78],"product_tag":[811,814,798,782,109,810,813,815,812,439],"class_list":{"0":"post-239","1":"product","2":"type-product","3":"status-publish","4":"has-post-thumbnail","6":"product_brand-nasco-healthcare","7":"product_cat-genel","8":"product_cat-nursing-patient-care","9":"product_cat-nasco-healthcare","10":"product_tag-cerrahi-pansuman-modeli","11":"product_tag-dren-bakim-egitimi","12":"product_tag-gercekci-tip-modelleri","13":"product_tag-hemsirelik-egitim-urunleri","14":"product_tag-klinik-beceri-egitimi","15":"product_tag-kompleks-yara-modeli","16":"product_tag-lf00929","17":"product_tag-stoma-bakim-simulatoru","18":"product_tag-surgical-sally","19":"product_tag-yara-bakim-simulatoru","21":"first","22":"instock","23":"shipping-taxable","24":"product-type-simple"},"yoast_head":"<!-- This site is optimized with the Yoast SEO plugin v25.2 - https:\/\/yoast.com\/wordpress\/plugins\/seo\/ -->\n<title>Life\/form\u00ae &quot;Surgical Sally&quot; Bandaging Simulator - 14 Farkl\u0131 Cerrahi Yara ile Profesyonel Pansuman E\u011fitim Modeli [SKU: LF00929] - Merkim Maket<\/title>\n<meta name=\"description\" content=\"Life\/form\u00ae Surgical Sally Bandaging Simulator | LF0092914 farkl\u0131 cerrahi yara ile kapsaml\u0131 pansuman e\u011fitimi! Ger\u00e7ek\u00e7i deri form\u00fclasyonu ve 5 y\u0131l garanti. Hemen inceleyin.\" \/>\n<meta name=\"robots\" content=\"index, follow, max-snippet:-1, max-image-preview:large, max-video-preview:-1\" \/>\n<link rel=\"canonical\" href=\"https:\/\/merkim.com.tr\/merkim-maket\/urun\/life-form-surgical-sally-bandaging-simulator-14-farkli-cerrahi-yara-ile-profesyonel-pansuman-egitim-modeli-sku-lf00929\/\" \/>\n<meta property=\"og:locale\" content=\"tr_TR\" \/>\n<meta property=\"og:type\" content=\"article\" \/>\n<meta property=\"og:title\" content=\"Life\/form\u00ae &quot;Surgical Sally&quot; Bandaging Simulator - 14 Farkl\u0131 Cerrahi Yara ile Profesyonel Pansuman E\u011fitim Modeli [SKU: LF00929] - Merkim Maket\" \/>\n<meta property=\"og:description\" content=\"Life\/form\u00ae Surgical Sally Bandaging Simulator | LF0092914 farkl\u0131 cerrahi yara ile kapsaml\u0131 pansuman e\u011fitimi! Ger\u00e7ek\u00e7i deri form\u00fclasyonu ve 5 y\u0131l garanti. Hemen inceleyin.\" \/>\n<meta property=\"og:url\" content=\"https:\/\/merkim.com.tr\/merkim-maket\/urun\/life-form-surgical-sally-bandaging-simulator-14-farkli-cerrahi-yara-ile-profesyonel-pansuman-egitim-modeli-sku-lf00929\/\" \/>\n<meta property=\"og:site_name\" content=\"Merkim Maket\" \/>\n<meta property=\"article:modified_time\" content=\"2025-06-26T07:51:31+00:00\" \/>\n<meta property=\"og:image\" content=\"https:\/\/merkim.com.tr\/merkim-maket\/wp-content\/uploads\/2025\/06\/lifeform-surgical-sally-bandaging-simulator-profesyonel-egitim-modeli-LF00929.png\" \/>\n\t<meta property=\"og:image:width\" content=\"800\" \/>\n\t<meta property=\"og:image:height\" content=\"800\" \/>\n\t<meta property=\"og:image:type\" content=\"image\/png\" \/>\n<meta name=\"twitter:card\" content=\"summary_large_image\" \/>\n<meta name=\"twitter:label1\" content=\"Tahmini okuma s\u00fcresi\" \/>\n\t<meta name=\"twitter:data1\" content=\"2 dakika\" \/>\n<script type=\"application\/ld+json\" class=\"yoast-schema-graph\">{\"@context\":\"https:\/\/schema.org\",\"@graph\":[{\"@type\":\"WebPage\",\"@id\":\"https:\/\/merkim.com.tr\/merkim-maket\/urun\/life-form-surgical-sally-bandaging-simulator-14-farkli-cerrahi-yara-ile-profesyonel-pansuman-egitim-modeli-sku-lf00929\/\",\"url\":\"https:\/\/merkim.com.tr\/merkim-maket\/urun\/life-form-surgical-sally-bandaging-simulator-14-farkli-cerrahi-yara-ile-profesyonel-pansuman-egitim-modeli-sku-lf00929\/\",\"name\":\"Life\/form\u00ae \\\"Surgical Sally\\\" Bandaging Simulator - 14 Farkl\u0131 Cerrahi Yara ile Profesyonel Pansuman E\u011fitim Modeli [SKU: LF00929] - Merkim Maket\",\"isPartOf\":{\"@id\":\"https:\/\/merkim.com.tr\/merkim-maket\/#website\"},\"primaryImageOfPage\":{\"@id\":\"https:\/\/merkim.com.tr\/merkim-maket\/urun\/life-form-surgical-sally-bandaging-simulator-14-farkli-cerrahi-yara-ile-profesyonel-pansuman-egitim-modeli-sku-lf00929\/#primaryimage\"},\"image\":{\"@id\":\"https:\/\/merkim.com.tr\/merkim-maket\/urun\/life-form-surgical-sally-bandaging-simulator-14-farkli-cerrahi-yara-ile-profesyonel-pansuman-egitim-modeli-sku-lf00929\/#primaryimage\"},\"thumbnailUrl\":\"https:\/\/merkim.com.tr\/merkim-maket\/wp-content\/uploads\/2025\/06\/lifeform-surgical-sally-bandaging-simulator-profesyonel-egitim-modeli-LF00929.png\",\"datePublished\":\"2025-06-26T07:51:30+00:00\",\"dateModified\":\"2025-06-26T07:51:31+00:00\",\"description\":\"Life\/form\u00ae Surgical Sally Bandaging Simulator | LF0092914 farkl\u0131 cerrahi yara ile kapsaml\u0131 pansuman e\u011fitimi! Ger\u00e7ek\u00e7i deri form\u00fclasyonu ve 5 y\u0131l garanti. Hemen inceleyin.\",\"breadcrumb\":{\"@id\":\"https:\/\/merkim.com.tr\/merkim-maket\/urun\/life-form-surgical-sally-bandaging-simulator-14-farkli-cerrahi-yara-ile-profesyonel-pansuman-egitim-modeli-sku-lf00929\/#breadcrumb\"},\"inLanguage\":\"tr\",\"potentialAction\":[{\"@type\":\"ReadAction\",\"target\":[\"https:\/\/merkim.com.tr\/merkim-maket\/urun\/life-form-surgical-sally-bandaging-simulator-14-farkli-cerrahi-yara-ile-profesyonel-pansuman-egitim-modeli-sku-lf00929\/\"]}]},{\"@type\":\"ImageObject\",\"inLanguage\":\"tr\",\"@id\":\"https:\/\/merkim.com.tr\/merkim-maket\/urun\/life-form-surgical-sally-bandaging-simulator-14-farkli-cerrahi-yara-ile-profesyonel-pansuman-egitim-modeli-sku-lf00929\/#primaryimage\",\"url\":\"https:\/\/merkim.com.tr\/merkim-maket\/wp-content\/uploads\/2025\/06\/lifeform-surgical-sally-bandaging-simulator-profesyonel-egitim-modeli-LF00929.png\",\"contentUrl\":\"https:\/\/merkim.com.tr\/merkim-maket\/wp-content\/uploads\/2025\/06\/lifeform-surgical-sally-bandaging-simulator-profesyonel-egitim-modeli-LF00929.png\",\"width\":800,\"height\":800,\"caption\":\"Sa\u011fl\u0131k profesyonelleri i\u00e7in ideal cerrahi pansuman sim\u00fclasyon modeli\"},{\"@type\":\"BreadcrumbList\",\"@id\":\"https:\/\/merkim.com.tr\/merkim-maket\/urun\/life-form-surgical-sally-bandaging-simulator-14-farkli-cerrahi-yara-ile-profesyonel-pansuman-egitim-modeli-sku-lf00929\/#breadcrumb\",\"itemListElement\":[{\"@type\":\"ListItem\",\"position\":1,\"name\":\"Anasayfa\",\"item\":\"https:\/\/merkim.com.tr\/merkim-maket\/\"},{\"@type\":\"ListItem\",\"position\":2,\"name\":\"Ma\u011faza\",\"item\":\"https:\/\/merkim.com.tr\/merkim-maket\/magaza\/\"},{\"@type\":\"ListItem\",\"position\":3,\"name\":\"Life\/form\u00ae &#8220;Surgical Sally&#8221; Bandaging Simulator &#8211; 14 Farkl\u0131 Cerrahi Yara ile Profesyonel Pansuman E\u011fitim Modeli [SKU: LF00929]\"}]},{\"@type\":\"WebSite\",\"@id\":\"https:\/\/merkim.com.tr\/merkim-maket\/#website\",\"url\":\"https:\/\/merkim.com.tr\/merkim-maket\/\",\"name\":\"Merkim Maket\",\"description\":\"\",\"potentialAction\":[{\"@type\":\"SearchAction\",\"target\":{\"@type\":\"EntryPoint\",\"urlTemplate\":\"https:\/\/merkim.com.tr\/merkim-maket\/?s={search_term_string}\"},\"query-input\":{\"@type\":\"PropertyValueSpecification\",\"valueRequired\":true,\"valueName\":\"search_term_string\"}}],\"inLanguage\":\"tr\"}]}<\/script>\n<!-- \/ Yoast SEO plugin. -->","yoast_head_json":{"title":"Life\/form\u00ae \"Surgical Sally\" Bandaging Simulator - 14 Farkl\u0131 Cerrahi Yara ile Profesyonel Pansuman E\u011fitim Modeli [SKU: LF00929] - Merkim Maket","description":"Life\/form\u00ae Surgical Sally Bandaging Simulator | LF0092914 farkl\u0131 cerrahi yara ile kapsaml\u0131 pansuman e\u011fitimi! Ger\u00e7ek\u00e7i deri form\u00fclasyonu ve 5 y\u0131l garanti. Hemen inceleyin.","robots":{"index":"index","follow":"follow","max-snippet":"max-snippet:-1","max-image-preview":"max-image-preview:large","max-video-preview":"max-video-preview:-1"},"canonical":"https:\/\/merkim.com.tr\/merkim-maket\/urun\/life-form-surgical-sally-bandaging-simulator-14-farkli-cerrahi-yara-ile-profesyonel-pansuman-egitim-modeli-sku-lf00929\/","og_locale":"tr_TR","og_type":"article","og_title":"Life\/form\u00ae \"Surgical Sally\" Bandaging Simulator - 14 Farkl\u0131 Cerrahi Yara ile Profesyonel Pansuman E\u011fitim Modeli [SKU: LF00929] - Merkim Maket","og_description":"Life\/form\u00ae Surgical Sally Bandaging Simulator | LF0092914 farkl\u0131 cerrahi yara ile kapsaml\u0131 pansuman e\u011fitimi! Ger\u00e7ek\u00e7i deri form\u00fclasyonu ve 5 y\u0131l garanti. Hemen inceleyin.","og_url":"https:\/\/merkim.com.tr\/merkim-maket\/urun\/life-form-surgical-sally-bandaging-simulator-14-farkli-cerrahi-yara-ile-profesyonel-pansuman-egitim-modeli-sku-lf00929\/","og_site_name":"Merkim Maket","article_modified_time":"2025-06-26T07:51:31+00:00","og_image":[{"width":800,"height":800,"url":"https:\/\/merkim.com.tr\/merkim-maket\/wp-content\/uploads\/2025\/06\/lifeform-surgical-sally-bandaging-simulator-profesyonel-egitim-modeli-LF00929.png","type":"image\/png"}],"twitter_card":"summary_large_image","twitter_misc":{"Tahmini okuma s\u00fcresi":"2 dakika"},"schema":{"@context":"https:\/\/schema.org","@graph":[{"@type":"WebPage","@id":"https:\/\/merkim.com.tr\/merkim-maket\/urun\/life-form-surgical-sally-bandaging-simulator-14-farkli-cerrahi-yara-ile-profesyonel-pansuman-egitim-modeli-sku-lf00929\/","url":"https:\/\/merkim.com.tr\/merkim-maket\/urun\/life-form-surgical-sally-bandaging-simulator-14-farkli-cerrahi-yara-ile-profesyonel-pansuman-egitim-modeli-sku-lf00929\/","name":"Life\/form\u00ae \"Surgical Sally\" Bandaging Simulator - 14 Farkl\u0131 Cerrahi Yara ile Profesyonel Pansuman E\u011fitim Modeli [SKU: LF00929] - Merkim Maket","isPartOf":{"@id":"https:\/\/merkim.com.tr\/merkim-maket\/#website"},"primaryImageOfPage":{"@id":"https:\/\/merkim.com.tr\/merkim-maket\/urun\/life-form-surgical-sally-bandaging-simulator-14-farkli-cerrahi-yara-ile-profesyonel-pansuman-egitim-modeli-sku-lf00929\/#primaryimage"},"image":{"@id":"https:\/\/merkim.com.tr\/merkim-maket\/urun\/life-form-surgical-sally-bandaging-simulator-14-farkli-cerrahi-yara-ile-profesyonel-pansuman-egitim-modeli-sku-lf00929\/#primaryimage"},"thumbnailUrl":"https:\/\/merkim.com.tr\/merkim-maket\/wp-content\/uploads\/2025\/06\/lifeform-surgical-sally-bandaging-simulator-profesyonel-egitim-modeli-LF00929.png","datePublished":"2025-06-26T07:51:30+00:00","dateModified":"2025-06-26T07:51:31+00:00","description":"Life\/form\u00ae Surgical Sally Bandaging Simulator | LF0092914 farkl\u0131 cerrahi yara ile kapsaml\u0131 pansuman e\u011fitimi! Ger\u00e7ek\u00e7i deri form\u00fclasyonu ve 5 y\u0131l garanti. Hemen inceleyin.","breadcrumb":{"@id":"https:\/\/merkim.com.tr\/merkim-maket\/urun\/life-form-surgical-sally-bandaging-simulator-14-farkli-cerrahi-yara-ile-profesyonel-pansuman-egitim-modeli-sku-lf00929\/#breadcrumb"},"inLanguage":"tr","potentialAction":[{"@type":"ReadAction","target":["https:\/\/merkim.com.tr\/merkim-maket\/urun\/life-form-surgical-sally-bandaging-simulator-14-farkli-cerrahi-yara-ile-profesyonel-pansuman-egitim-modeli-sku-lf00929\/"]}]},{"@type":"ImageObject","inLanguage":"tr","@id":"https:\/\/merkim.com.tr\/merkim-maket\/urun\/life-form-surgical-sally-bandaging-simulator-14-farkli-cerrahi-yara-ile-profesyonel-pansuman-egitim-modeli-sku-lf00929\/#primaryimage","url":"https:\/\/merkim.com.tr\/merkim-maket\/wp-content\/uploads\/2025\/06\/lifeform-surgical-sally-bandaging-simulator-profesyonel-egitim-modeli-LF00929.png","contentUrl":"https:\/\/merkim.com.tr\/merkim-maket\/wp-content\/uploads\/2025\/06\/lifeform-surgical-sally-bandaging-simulator-profesyonel-egitim-modeli-LF00929.png","width":800,"height":800,"caption":"Sa\u011fl\u0131k profesyonelleri i\u00e7in ideal cerrahi pansuman sim\u00fclasyon modeli"},{"@type":"BreadcrumbList","@id":"https:\/\/merkim.com.tr\/merkim-maket\/urun\/life-form-surgical-sally-bandaging-simulator-14-farkli-cerrahi-yara-ile-profesyonel-pansuman-egitim-modeli-sku-lf00929\/#breadcrumb","itemListElement":[{"@type":"ListItem","position":1,"name":"Anasayfa","item":"https:\/\/merkim.com.tr\/merkim-maket\/"},{"@type":"ListItem","position":2,"name":"Ma\u011faza","item":"https:\/\/merkim.com.tr\/merkim-maket\/magaza\/"},{"@type":"ListItem","position":3,"name":"Life\/form\u00ae &#8220;Surgical Sally&#8221; Bandaging Simulator &#8211; 14 Farkl\u0131 Cerrahi Yara ile Profesyonel Pansuman E\u011fitim Modeli [SKU: LF00929]"}]},{"@type":"WebSite","@id":"https:\/\/merkim.com.tr\/merkim-maket\/#website","url":"https:\/\/merkim.com.tr\/merkim-maket\/","name":"Merkim Maket","description":"","potentialAction":[{"@type":"SearchAction","target":{"@type":"EntryPoint","urlTemplate":"https:\/\/merkim.com.tr\/merkim-maket\/?s={search_term_string}"},"query-input":{"@type":"PropertyValueSpecification","valueRequired":true,"valueName":"search_term_string"}}],"inLanguage":"tr"}]}},"_links":{"self":[{"href":"https:\/\/merkim.com.tr\/merkim-maket\/wp-json\/wp\/v2\/product\/239","targetHints":{"allow":["GET"]}}],"collection":[{"href":"https:\/\/merkim.com.tr\/merkim-maket\/wp-json\/wp\/v2\/product"}],"about":[{"href":"https:\/\/merkim.com.tr\/merkim-maket\/wp-json\/wp\/v2\/types\/product"}],"replies":[{"embeddable":true,"href":"https:\/\/merkim.com.tr\/merkim-maket\/wp-json\/wp\/v2\/comments?post=239"}],"wp:featuredmedia":[{"embeddable":true,"href":"https:\/\/merkim.com.tr\/merkim-maket\/wp-json\/wp\/v2\/media\/240"}],"wp:attachment":[{"href":"https:\/\/merkim.com.tr\/merkim-maket\/wp-json\/wp\/v2\/media?parent=239"}],"wp:term":[{"taxonomy":"product_brand","embeddable":true,"href":"https:\/\/merkim.com.tr\/merkim-maket\/wp-json\/wp\/v2\/product_brand?post=239"},{"taxonomy":"product_cat","embeddable":true,"href":"https:\/\/merkim.com.tr\/merkim-maket\/wp-json\/wp\/v2\/product_cat?post=239"},{"taxonomy":"product_tag","embeddable":true,"href":"https:\/\/merkim.com.tr\/merkim-maket\/wp-json\/wp\/v2\/product_tag?post=239"}],"curies":[{"name":"wp","href":"https:\/\/api.w.org\/{rel}","templated":true}]}}