{"id":23,"date":"2025-06-05T17:27:01","date_gmt":"2025-06-05T17:27:01","guid":{"rendered":"https:\/\/merkim.com.tr\/merkim-maket\/?post_type=product&#038;p=23"},"modified":"2025-06-05T17:27:02","modified_gmt":"2025-06-05T17:27:02","slug":"alex-gen-ai-pro-light-skin-tone-yapay-zeka-destekli-tibbi-simulator","status":"publish","type":"product","link":"https:\/\/merkim.com.tr\/merkim-maket\/urun\/alex-gen-ai-pro-light-skin-tone-yapay-zeka-destekli-tibbi-simulator\/","title":{"rendered":"ALEX Gen AI Pro \u2013 Light Skin Tone | Yapay Zeka Destekli T\u0131bbi Sim\u00fclat\u00f6r"},"content":{"rendered":"<h3 data-start=\"317\" data-end=\"411\"><strong data-start=\"321\" data-end=\"411\">ALEX Gen AI Pro \u2013 Light Skin Tone | Nesil Atlatan Yapay Zeka Destekli Hasta Sim\u00fclat\u00f6r\u00fc<\/strong><\/h3>\n<p data-start=\"413\" data-end=\"697\"><strong data-start=\"413\" data-end=\"432\">ALEX Gen AI Pro<\/strong>, sa\u011fl\u0131k profesyonelleri i\u00e7in tasarlanm\u0131\u015f en geli\u015fmi\u015f yapay zeka destekli hasta sim\u00fclasyon sistemidir. Geleneksel manken sim\u00fclasyonlar\u0131n\u0131n \u00f6tesine ge\u00e7en bu teknoloji harikas\u0131 \u00fcr\u00fcn, hem teknik hem de ileti\u015fimsel becerilerinizi ayn\u0131 anda geli\u015ftirmenize olanak sa\u011flar.<\/p>\n<hr data-start=\"699\" data-end=\"702\" \/>\n<h4 data-start=\"704\" data-end=\"753\">\ud83c\udf1f <strong data-start=\"712\" data-end=\"753\">Yapay Zeka Destekli Benzersiz Deneyim<\/strong><\/h4>\n<p data-start=\"754\" data-end=\"1057\">ALEX Gen AI Pro, generatif yapay zeka ile g\u00fc\u00e7lendirilmi\u015f altyap\u0131s\u0131 sayesinde her e\u011fitimi ki\u015fiselle\u015ftirir. Dinamik ve ba\u011flama duyarl\u0131 ileti\u015fim kurabilir, \u00f6\u011frenciye ger\u00e7ek bir hasta ile konu\u015fuyormu\u015f hissi verir. K\u0131sa senaryo tan\u0131mlar\u0131ndan bile zengin, anlaml\u0131 ve karma\u015f\u0131k hasta profilleri olu\u015fturabilir.<\/p>\n<ul data-start=\"1059\" data-end=\"1323\">\n<li data-start=\"1059\" data-end=\"1150\">\n<p data-start=\"1061\" data-end=\"1150\"><strong data-start=\"1061\" data-end=\"1091\">Ger\u00e7ek zamanl\u0131 adaptasyon:<\/strong> \u00d6\u011frencinin tepkilerine g\u00f6re senaryo otomatik \u015fekillenir.<\/p>\n<\/li>\n<li data-start=\"1151\" data-end=\"1237\">\n<p data-start=\"1153\" data-end=\"1237\"><strong data-start=\"1153\" data-end=\"1191\">Otomatik yapay zeka de\u011ferlendirme:<\/strong> Performans\u0131n\u0131z\u0131 nesnel bi\u00e7imde analiz eder.<\/p>\n<\/li>\n<li data-start=\"1238\" data-end=\"1323\">\n<p data-start=\"1240\" data-end=\"1323\"><strong data-start=\"1240\" data-end=\"1278\">Konu\u015fma tan\u0131ma &amp; do\u011fal dil i\u015fleme:<\/strong> Ger\u00e7ek hasta gibi kar\u015f\u0131l\u0131kl\u0131 konu\u015fma sa\u011flar.<\/p>\n<\/li>\n<\/ul>\n<hr data-start=\"1325\" data-end=\"1328\" \/>\n<h4 data-start=\"1330\" data-end=\"1370\">\ud83d\udd2c <strong data-start=\"1338\" data-end=\"1370\">Klinik Uygulamalarda Ustal\u0131k<\/strong><\/h4>\n<p data-start=\"1371\" data-end=\"1462\">ALEX, teknik becerilerle hasta merkezli ileti\u015fimi ayn\u0131 anda \u00f6\u011fretmek i\u00e7in tasarlanm\u0131\u015ft\u0131r.<\/p>\n<ul data-start=\"1464\" data-end=\"1694\">\n<li data-start=\"1464\" data-end=\"1497\">\n<p data-start=\"1466\" data-end=\"1497\">Fiziksel muayene uygulamalar\u0131<\/p>\n<\/li>\n<li data-start=\"1498\" data-end=\"1541\">\n<p data-start=\"1500\" data-end=\"1541\">Vital bulgular ve dalga formlar\u0131 takibi<\/p>\n<\/li>\n<li data-start=\"1542\" data-end=\"1598\">\n<p data-start=\"1544\" data-end=\"1598\">IV uygulama, sonda yerle\u015ftirme ve hava yolu y\u00f6netimi<\/p>\n<\/li>\n<li data-start=\"1599\" data-end=\"1636\">\n<p data-start=\"1601\" data-end=\"1636\">Ent\u00fcbasyon (oral, nazal, dijital)<\/p>\n<\/li>\n<li data-start=\"1637\" data-end=\"1694\">\n<p data-start=\"1639\" data-end=\"1694\">Kritik d\u00fc\u015f\u00fcnme ve \u00f6nceliklendirme becerisi kazand\u0131rma<\/p>\n<\/li>\n<\/ul>\n<hr data-start=\"1696\" data-end=\"1699\" \/>\n<h4 data-start=\"1701\" data-end=\"1731\">\ud83d\udce1 <strong data-start=\"1709\" data-end=\"1731\">Ba\u011flant\u0131 &amp; Kontrol<\/strong><\/h4>\n<ul data-start=\"1732\" data-end=\"1999\">\n<li data-start=\"1732\" data-end=\"1791\">\n<p data-start=\"1734\" data-end=\"1791\"><strong data-start=\"1734\" data-end=\"1759\">Bulut Tabanl\u0131 Eri\u015fim:<\/strong> T\u00fcm cihazlardan eri\u015fim imk\u00e2n\u0131<\/p>\n<\/li>\n<li data-start=\"1792\" data-end=\"1873\">\n<p data-start=\"1794\" data-end=\"1873\"><strong data-start=\"1794\" data-end=\"1827\">E\u011fitmen Kontroll\u00fc Senaryolar:<\/strong> Geli\u015fmi\u015f e\u011fitim takibi ve m\u00fcdahale kontrol\u00fc<\/p>\n<\/li>\n<li data-start=\"1874\" data-end=\"1946\">\n<p data-start=\"1876\" data-end=\"1946\"><strong data-start=\"1876\" data-end=\"1910\">S\u0131n\u0131rs\u0131z kay\u0131t ve geri izleme:<\/strong> IRIS Cam sistemi ile kay\u0131t ar\u015fivi<\/p>\n<\/li>\n<li data-start=\"1947\" data-end=\"1999\">\n<p data-start=\"1949\" data-end=\"1999\"><strong data-start=\"1949\" data-end=\"1969\">8 saat pil \u00f6mr\u00fc:<\/strong> Mobil kullan\u0131m i\u00e7in idealdir.<\/p>\n<\/li>\n<\/ul>\n<hr data-start=\"2001\" data-end=\"2004\" \/>\n<h4 data-start=\"2006\" data-end=\"2035\">\ud83d\udccf <strong data-start=\"2014\" data-end=\"2035\">Teknik \u00d6zellikler<\/strong><\/h4>\n<ul data-start=\"2036\" data-end=\"2303\">\n<li data-start=\"2036\" data-end=\"2063\">\n<p data-start=\"2038\" data-end=\"2063\">A\u011f\u0131rl\u0131k: 20 kg (45 lbs)<\/p>\n<\/li>\n<li data-start=\"2064\" data-end=\"2093\">\n<p data-start=\"2066\" data-end=\"2093\">Boy: 155 cm (5 ft. 1 in.)<\/p>\n<\/li>\n<li data-start=\"2094\" data-end=\"2128\">\n<p data-start=\"2096\" data-end=\"2128\">Kargo a\u011f\u0131rl\u0131\u011f\u0131: 30 kg (67 lbs)<\/p>\n<\/li>\n<li data-start=\"2129\" data-end=\"2172\">\n<p data-start=\"2131\" data-end=\"2172\">Kargo boyutlar\u0131: 104 cm x 50 cm x 38 cm<\/p>\n<\/li>\n<li data-start=\"2173\" data-end=\"2229\">\n<p data-start=\"2175\" data-end=\"2229\">5 y\u0131l garanti (sim\u00fclasyon kay\u0131t ar\u015fivi ile birlikte)<\/p>\n<\/li>\n<li data-start=\"2230\" data-end=\"2257\">\n<p data-start=\"2232\" data-end=\"2257\">1 y\u0131l donan\u0131m garantisi<\/p>\n<\/li>\n<li data-start=\"2258\" data-end=\"2303\">\n<p data-start=\"2260\" data-end=\"2303\">Dahili mikrofon, hoparl\u00f6r ve hasta monit\u00f6r\u00fc<\/p>\n<\/li>\n<\/ul>\n<hr data-start=\"2305\" data-end=\"2308\" \/>\n<p data-start=\"2310\" data-end=\"2514\"><strong data-start=\"2310\" data-end=\"2329\">ALEX Gen AI Pro<\/strong>, sim\u00fclasyonun gelece\u011fini bug\u00fcnden sunar. Hem e\u011fitimciler hem de \u00f6\u011frenciler i\u00e7in en \u00fcst d\u00fczey etkile\u015fimli deneyimi ya\u015fat\u0131r. Ger\u00e7ek hasta bak\u0131m\u0131 gibi, ama risksiz ve tamamen \u00f6l\u00e7\u00fclebilir.<\/p>\n","protected":false},"excerpt":{"rendered":"<p>ALEX Gen AI Pro, yapay zeka destekli hasta sim\u00fclasyonu ile hem teknik becerilerinizi hem de hasta ileti\u015fim yeteneklerinizi geli\u015ftirmenizi sa\u011flayan, bulut ba\u011flant\u0131l\u0131 yeni nesil e\u011fitim \u00e7\u00f6z\u00fcm\u00fcd\u00fcr. Ger\u00e7ek zamanl\u0131 adaptasyon, AI konu\u015fma ve de\u011ferlendirme sistemi ile sa\u011fl\u0131k e\u011fitiminde devrim niteli\u011finde!<\/p>\n<p><a href=\"https:\/\/48194262.fs1.hubspotusercontent-na1.net\/hubfs\/48194262\/Sell%20Sheets\/ALEX_Gen_AI_Sell_Sheet-19Feb2025.pdf\">Katalog \u0130ndir..!<\/a><\/p>\n","protected":false},"featured_media":24,"comment_status":"open","ping_status":"closed","template":"","meta":[],"product_brand":[16],"product_cat":[15,17],"product_tag":[22,23,24,28,19,21,25,30,27,20,29,26,18],"class_list":{"0":"post-23","1":"product","2":"type-product","3":"status-publish","4":"has-post-thumbnail","6":"product_brand-nasco-healthcare","7":"product_cat-genel","8":"product_cat-nursing-patient-care","9":"product_tag-ai-destekli-egitim-mankeni","10":"product_tag-alex-gen-ai","11":"product_tag-entubasyon-egitimi","12":"product_tag-hasta-egitimi","13":"product_tag-hasta-simulasyon-mankeni","14":"product_tag-hemsirelik-egitimi","15":"product_tag-iv-uygulama-egitim-mankeni","16":"product_tag-konusma-tanimali-simulator","17":"product_tag-nasco-healthcare","18":"product_tag-saglik-simulasyonu","19":"product_tag-senaryo-tabanli-saglik-egitimi","20":"product_tag-tibbi-simulasyon-sistemi","21":"product_tag-yapay-zeka-simulatoru","23":"first","24":"instock","25":"shipping-taxable","26":"product-type-simple"},"yoast_head":"<!-- This site is optimized with the Yoast SEO plugin v25.2 - https:\/\/yoast.com\/wordpress\/plugins\/seo\/ -->\n<title>ALEX Gen AI Pro \u2013 Light Skin Tone | Yapay Zeka Destekli T\u0131bbi Sim\u00fclat\u00f6r - Merkim Maket<\/title>\n<meta name=\"robots\" content=\"index, follow, max-snippet:-1, max-image-preview:large, max-video-preview:-1\" \/>\n<link rel=\"canonical\" href=\"https:\/\/merkim.com.tr\/merkim-maket\/urun\/alex-gen-ai-pro-light-skin-tone-yapay-zeka-destekli-tibbi-simulator\/\" \/>\n<meta property=\"og:locale\" content=\"tr_TR\" \/>\n<meta property=\"og:type\" content=\"article\" \/>\n<meta property=\"og:title\" content=\"ALEX Gen AI Pro \u2013 Light Skin Tone | Yapay Zeka Destekli T\u0131bbi Sim\u00fclat\u00f6r - Merkim Maket\" \/>\n<meta property=\"og:description\" content=\"ALEX Gen AI Pro, yapay zeka destekli hasta sim\u00fclasyonu ile hem teknik becerilerinizi hem de hasta ileti\u015fim yeteneklerinizi geli\u015ftirmenizi sa\u011flayan, bulut ba\u011flant\u0131l\u0131 yeni nesil e\u011fitim \u00e7\u00f6z\u00fcm\u00fcd\u00fcr. Ger\u00e7ek zamanl\u0131 adaptasyon, AI konu\u015fma ve de\u011ferlendirme sistemi ile sa\u011fl\u0131k e\u011fitiminde devrim niteli\u011finde!  Katalog \u0130ndir..!\" \/>\n<meta property=\"og:url\" content=\"https:\/\/merkim.com.tr\/merkim-maket\/urun\/alex-gen-ai-pro-light-skin-tone-yapay-zeka-destekli-tibbi-simulator\/\" \/>\n<meta property=\"og:site_name\" content=\"Merkim Maket\" \/>\n<meta property=\"article:modified_time\" content=\"2025-06-05T17:27:02+00:00\" \/>\n<meta property=\"og:image\" content=\"https:\/\/merkim.com.tr\/merkim-maket\/wp-content\/uploads\/2025\/06\/alex-gen-ai-pro-nursing-nasco-healthcare.png\" \/>\n\t<meta property=\"og:image:width\" content=\"800\" \/>\n\t<meta property=\"og:image:height\" content=\"800\" \/>\n\t<meta property=\"og:image:type\" content=\"image\/png\" \/>\n<meta name=\"twitter:card\" content=\"summary_large_image\" \/>\n<meta name=\"twitter:label1\" content=\"Tahmini okuma s\u00fcresi\" \/>\n\t<meta name=\"twitter:data1\" content=\"2 dakika\" \/>\n<script type=\"application\/ld+json\" class=\"yoast-schema-graph\">{\"@context\":\"https:\/\/schema.org\",\"@graph\":[{\"@type\":\"WebPage\",\"@id\":\"https:\/\/merkim.com.tr\/merkim-maket\/urun\/alex-gen-ai-pro-light-skin-tone-yapay-zeka-destekli-tibbi-simulator\/\",\"url\":\"https:\/\/merkim.com.tr\/merkim-maket\/urun\/alex-gen-ai-pro-light-skin-tone-yapay-zeka-destekli-tibbi-simulator\/\",\"name\":\"ALEX Gen AI Pro \u2013 Light Skin Tone | Yapay Zeka Destekli T\u0131bbi Sim\u00fclat\u00f6r - Merkim Maket\",\"isPartOf\":{\"@id\":\"https:\/\/merkim.com.tr\/merkim-maket\/#website\"},\"primaryImageOfPage\":{\"@id\":\"https:\/\/merkim.com.tr\/merkim-maket\/urun\/alex-gen-ai-pro-light-skin-tone-yapay-zeka-destekli-tibbi-simulator\/#primaryimage\"},\"image\":{\"@id\":\"https:\/\/merkim.com.tr\/merkim-maket\/urun\/alex-gen-ai-pro-light-skin-tone-yapay-zeka-destekli-tibbi-simulator\/#primaryimage\"},\"thumbnailUrl\":\"https:\/\/merkim.com.tr\/merkim-maket\/wp-content\/uploads\/2025\/06\/alex-gen-ai-pro-nursing-nasco-healthcare.png\",\"datePublished\":\"2025-06-05T17:27:01+00:00\",\"dateModified\":\"2025-06-05T17:27:02+00:00\",\"breadcrumb\":{\"@id\":\"https:\/\/merkim.com.tr\/merkim-maket\/urun\/alex-gen-ai-pro-light-skin-tone-yapay-zeka-destekli-tibbi-simulator\/#breadcrumb\"},\"inLanguage\":\"tr\",\"potentialAction\":[{\"@type\":\"ReadAction\",\"target\":[\"https:\/\/merkim.com.tr\/merkim-maket\/urun\/alex-gen-ai-pro-light-skin-tone-yapay-zeka-destekli-tibbi-simulator\/\"]}]},{\"@type\":\"ImageObject\",\"inLanguage\":\"tr\",\"@id\":\"https:\/\/merkim.com.tr\/merkim-maket\/urun\/alex-gen-ai-pro-light-skin-tone-yapay-zeka-destekli-tibbi-simulator\/#primaryimage\",\"url\":\"https:\/\/merkim.com.tr\/merkim-maket\/wp-content\/uploads\/2025\/06\/alex-gen-ai-pro-nursing-nasco-healthcare.png\",\"contentUrl\":\"https:\/\/merkim.com.tr\/merkim-maket\/wp-content\/uploads\/2025\/06\/alex-gen-ai-pro-nursing-nasco-healthcare.png\",\"width\":800,\"height\":800,\"caption\":\"ALEX Gen AI Pro ile klinik becerilerinizi yapay zeka g\u00fcc\u00fcyle geli\u015ftirin.\"},{\"@type\":\"BreadcrumbList\",\"@id\":\"https:\/\/merkim.com.tr\/merkim-maket\/urun\/alex-gen-ai-pro-light-skin-tone-yapay-zeka-destekli-tibbi-simulator\/#breadcrumb\",\"itemListElement\":[{\"@type\":\"ListItem\",\"position\":1,\"name\":\"Anasayfa\",\"item\":\"https:\/\/merkim.com.tr\/merkim-maket\/\"},{\"@type\":\"ListItem\",\"position\":2,\"name\":\"Ma\u011faza\",\"item\":\"https:\/\/merkim.com.tr\/merkim-maket\/magaza\/\"},{\"@type\":\"ListItem\",\"position\":3,\"name\":\"ALEX Gen AI Pro \u2013 Light Skin Tone | Yapay Zeka Destekli T\u0131bbi Sim\u00fclat\u00f6r\"}]},{\"@type\":\"WebSite\",\"@id\":\"https:\/\/merkim.com.tr\/merkim-maket\/#website\",\"url\":\"https:\/\/merkim.com.tr\/merkim-maket\/\",\"name\":\"Merkim Maket\",\"description\":\"\",\"potentialAction\":[{\"@type\":\"SearchAction\",\"target\":{\"@type\":\"EntryPoint\",\"urlTemplate\":\"https:\/\/merkim.com.tr\/merkim-maket\/?s={search_term_string}\"},\"query-input\":{\"@type\":\"PropertyValueSpecification\",\"valueRequired\":true,\"valueName\":\"search_term_string\"}}],\"inLanguage\":\"tr\"}]}<\/script>\n<!-- \/ Yoast SEO plugin. -->","yoast_head_json":{"title":"ALEX Gen AI Pro \u2013 Light Skin Tone | Yapay Zeka Destekli T\u0131bbi Sim\u00fclat\u00f6r - Merkim Maket","robots":{"index":"index","follow":"follow","max-snippet":"max-snippet:-1","max-image-preview":"max-image-preview:large","max-video-preview":"max-video-preview:-1"},"canonical":"https:\/\/merkim.com.tr\/merkim-maket\/urun\/alex-gen-ai-pro-light-skin-tone-yapay-zeka-destekli-tibbi-simulator\/","og_locale":"tr_TR","og_type":"article","og_title":"ALEX Gen AI Pro \u2013 Light Skin Tone | Yapay Zeka Destekli T\u0131bbi Sim\u00fclat\u00f6r - Merkim Maket","og_description":"ALEX Gen AI Pro, yapay zeka destekli hasta sim\u00fclasyonu ile hem teknik becerilerinizi hem de hasta ileti\u015fim yeteneklerinizi geli\u015ftirmenizi sa\u011flayan, bulut ba\u011flant\u0131l\u0131 yeni nesil e\u011fitim \u00e7\u00f6z\u00fcm\u00fcd\u00fcr. Ger\u00e7ek zamanl\u0131 adaptasyon, AI konu\u015fma ve de\u011ferlendirme sistemi ile sa\u011fl\u0131k e\u011fitiminde devrim niteli\u011finde!  Katalog \u0130ndir..!","og_url":"https:\/\/merkim.com.tr\/merkim-maket\/urun\/alex-gen-ai-pro-light-skin-tone-yapay-zeka-destekli-tibbi-simulator\/","og_site_name":"Merkim Maket","article_modified_time":"2025-06-05T17:27:02+00:00","og_image":[{"width":800,"height":800,"url":"https:\/\/merkim.com.tr\/merkim-maket\/wp-content\/uploads\/2025\/06\/alex-gen-ai-pro-nursing-nasco-healthcare.png","type":"image\/png"}],"twitter_card":"summary_large_image","twitter_misc":{"Tahmini okuma s\u00fcresi":"2 dakika"},"schema":{"@context":"https:\/\/schema.org","@graph":[{"@type":"WebPage","@id":"https:\/\/merkim.com.tr\/merkim-maket\/urun\/alex-gen-ai-pro-light-skin-tone-yapay-zeka-destekli-tibbi-simulator\/","url":"https:\/\/merkim.com.tr\/merkim-maket\/urun\/alex-gen-ai-pro-light-skin-tone-yapay-zeka-destekli-tibbi-simulator\/","name":"ALEX Gen AI Pro \u2013 Light Skin Tone | Yapay Zeka Destekli T\u0131bbi Sim\u00fclat\u00f6r - Merkim Maket","isPartOf":{"@id":"https:\/\/merkim.com.tr\/merkim-maket\/#website"},"primaryImageOfPage":{"@id":"https:\/\/merkim.com.tr\/merkim-maket\/urun\/alex-gen-ai-pro-light-skin-tone-yapay-zeka-destekli-tibbi-simulator\/#primaryimage"},"image":{"@id":"https:\/\/merkim.com.tr\/merkim-maket\/urun\/alex-gen-ai-pro-light-skin-tone-yapay-zeka-destekli-tibbi-simulator\/#primaryimage"},"thumbnailUrl":"https:\/\/merkim.com.tr\/merkim-maket\/wp-content\/uploads\/2025\/06\/alex-gen-ai-pro-nursing-nasco-healthcare.png","datePublished":"2025-06-05T17:27:01+00:00","dateModified":"2025-06-05T17:27:02+00:00","breadcrumb":{"@id":"https:\/\/merkim.com.tr\/merkim-maket\/urun\/alex-gen-ai-pro-light-skin-tone-yapay-zeka-destekli-tibbi-simulator\/#breadcrumb"},"inLanguage":"tr","potentialAction":[{"@type":"ReadAction","target":["https:\/\/merkim.com.tr\/merkim-maket\/urun\/alex-gen-ai-pro-light-skin-tone-yapay-zeka-destekli-tibbi-simulator\/"]}]},{"@type":"ImageObject","inLanguage":"tr","@id":"https:\/\/merkim.com.tr\/merkim-maket\/urun\/alex-gen-ai-pro-light-skin-tone-yapay-zeka-destekli-tibbi-simulator\/#primaryimage","url":"https:\/\/merkim.com.tr\/merkim-maket\/wp-content\/uploads\/2025\/06\/alex-gen-ai-pro-nursing-nasco-healthcare.png","contentUrl":"https:\/\/merkim.com.tr\/merkim-maket\/wp-content\/uploads\/2025\/06\/alex-gen-ai-pro-nursing-nasco-healthcare.png","width":800,"height":800,"caption":"ALEX Gen AI Pro ile klinik becerilerinizi yapay zeka g\u00fcc\u00fcyle geli\u015ftirin."},{"@type":"BreadcrumbList","@id":"https:\/\/merkim.com.tr\/merkim-maket\/urun\/alex-gen-ai-pro-light-skin-tone-yapay-zeka-destekli-tibbi-simulator\/#breadcrumb","itemListElement":[{"@type":"ListItem","position":1,"name":"Anasayfa","item":"https:\/\/merkim.com.tr\/merkim-maket\/"},{"@type":"ListItem","position":2,"name":"Ma\u011faza","item":"https:\/\/merkim.com.tr\/merkim-maket\/magaza\/"},{"@type":"ListItem","position":3,"name":"ALEX Gen AI Pro \u2013 Light Skin Tone | Yapay Zeka Destekli T\u0131bbi Sim\u00fclat\u00f6r"}]},{"@type":"WebSite","@id":"https:\/\/merkim.com.tr\/merkim-maket\/#website","url":"https:\/\/merkim.com.tr\/merkim-maket\/","name":"Merkim Maket","description":"","potentialAction":[{"@type":"SearchAction","target":{"@type":"EntryPoint","urlTemplate":"https:\/\/merkim.com.tr\/merkim-maket\/?s={search_term_string}"},"query-input":{"@type":"PropertyValueSpecification","valueRequired":true,"valueName":"search_term_string"}}],"inLanguage":"tr"}]}},"_links":{"self":[{"href":"https:\/\/merkim.com.tr\/merkim-maket\/wp-json\/wp\/v2\/product\/23","targetHints":{"allow":["GET"]}}],"collection":[{"href":"https:\/\/merkim.com.tr\/merkim-maket\/wp-json\/wp\/v2\/product"}],"about":[{"href":"https:\/\/merkim.com.tr\/merkim-maket\/wp-json\/wp\/v2\/types\/product"}],"replies":[{"embeddable":true,"href":"https:\/\/merkim.com.tr\/merkim-maket\/wp-json\/wp\/v2\/comments?post=23"}],"wp:featuredmedia":[{"embeddable":true,"href":"https:\/\/merkim.com.tr\/merkim-maket\/wp-json\/wp\/v2\/media\/24"}],"wp:attachment":[{"href":"https:\/\/merkim.com.tr\/merkim-maket\/wp-json\/wp\/v2\/media?parent=23"}],"wp:term":[{"taxonomy":"product_brand","embeddable":true,"href":"https:\/\/merkim.com.tr\/merkim-maket\/wp-json\/wp\/v2\/product_brand?post=23"},{"taxonomy":"product_cat","embeddable":true,"href":"https:\/\/merkim.com.tr\/merkim-maket\/wp-json\/wp\/v2\/product_cat?post=23"},{"taxonomy":"product_tag","embeddable":true,"href":"https:\/\/merkim.com.tr\/merkim-maket\/wp-json\/wp\/v2\/product_tag?post=23"}],"curies":[{"name":"wp","href":"https:\/\/api.w.org\/{rel}","templated":true}]}}