{"id":225,"date":"2025-06-26T06:14:37","date_gmt":"2025-06-26T06:14:37","guid":{"rendered":"https:\/\/merkim.com.tr\/merkim-maket\/?post_type=product&#038;p=225"},"modified":"2025-06-26T06:14:38","modified_gmt":"2025-06-26T06:14:38","slug":"life-form-suture-and-stapling-practice-trainer-set-sku-lf01031-profesyonel-cerrahi-egitim-seti","status":"publish","type":"product","link":"https:\/\/merkim.com.tr\/merkim-maket\/urun\/life-form-suture-and-stapling-practice-trainer-set-sku-lf01031-profesyonel-cerrahi-egitim-seti\/","title":{"rendered":"Life\/form\u00ae Suture and Stapling Practice Trainer Set [SKU: LF01031] &#8211; Profesyonel Cerrahi E\u011fitim Seti"},"content":{"rendered":"<p class=\"ds-markdown-paragraph\"><strong>T\u0131p E\u011fitimlerinde Devrim Yaratan Komple Cerrahi Diki\u015f Seti!<\/strong><\/p>\n<p class=\"ds-markdown-paragraph\">Life\/form\u00ae\u00a0<strong>Suture and Stapling Practice Trainer Set<\/strong>, t\u0131p \u00f6\u011frencileri, cerrahlar ve sa\u011fl\u0131k profesyonelleri i\u00e7in\u00a0<strong>en kapsaml\u0131 diki\u015f ve z\u0131mbalama e\u011fitim setini<\/strong>\u00a0sunar. Set i\u00e7erisinde\u00a0<strong>1 adet Practice Arm (LF01028)<\/strong>\u00a0ve\u00a0<strong>1 adet Practice Leg (LF01034)<\/strong>\u00a0bulunmaktad\u0131r.<\/p>\n<h4><strong>\u00dcst\u00fcn \u00d6zellikler:<\/strong><\/h4>\n<p class=\"ds-markdown-paragraph\">\u2714\u00a0<strong>Ger\u00e7ek\u00e7i Anatomik Modeller:<\/strong>\u00a0Vinil deri yap\u0131s\u0131 ve diki\u015fe uygun k\u00f6p\u00fck \u00e7ekirdek sayesinde\u00a0<strong>ger\u00e7ek insan dokusunu birebir taklit eder<\/strong><br \/>\n\u2714\u00a0<strong>Profesyonel E\u011fitim Seti:<\/strong>\u00a0Kolda ve bacakta ayr\u0131 ayr\u0131 diki\u015f prati\u011fi yapma imkan\u0131<br \/>\n\u2714\u00a0<strong>6 Haz\u0131r Yara (Set Toplam\u0131):<\/strong>\u00a0Her bir \u00fcnitede 3&#8217;er adet olmak \u00fczere toplam\u00a0<strong>6 \u00f6nceden kesilmi\u015f yara<\/strong>\u00a0bulunur<br \/>\n\u2714\u00a0<strong>200+ Kesik ve Diki\u015f Deneyimi:<\/strong>\u00a0Her bir modelde 100&#8217;den fazla kesik at\u0131labilir ve her kesik defalarca dikilebilir<br \/>\n\u2714\u00a0<strong>Tam Ba\u015flang\u0131\u00e7 Seti:<\/strong>\u00a0Her bir \u00fcnite i\u00e7in ayr\u0131 ayr\u0131\u00a0<strong>s\u00fct\u00fcr seti ve kapsaml\u0131 kullan\u0131m k\u0131lavuzu<\/strong><br \/>\n\u2714\u00a0<strong>5 Y\u0131l Garanti:<\/strong>\u00a0End\u00fcstri lideri garanti s\u00fcresi<\/p>\n<p class=\"ds-markdown-paragraph\"><strong>Set \u0130\u00e7eri\u011fi:<\/strong><\/p>\n<ul>\n<li>\n<p class=\"ds-markdown-paragraph\">1x Life\/form\u00ae Suture and Stapling Practice Arm &#8211; Light [LF01028]<\/p>\n<\/li>\n<li>\n<p class=\"ds-markdown-paragraph\">1x Life\/form\u00ae Suture and Stapling Practice Leg &#8211; Light [LF01034]<\/p>\n<\/li>\n<\/ul>\n<p class=\"ds-markdown-paragraph\"><strong>Teknik Detaylar:<\/strong><\/p>\n<ul>\n<li>\n<p class=\"ds-markdown-paragraph\"><strong>Toplam A\u011f\u0131rl\u0131k:<\/strong>\u00a07 lbs (3.17 kg)<\/p>\n<\/li>\n<li>\n<p class=\"ds-markdown-paragraph\"><strong>Kolon Boyutlar\u0131:<\/strong>\u00a026&#8243; x 8&#8243; x 5&#8243; (66x20x12 cm)<\/p>\n<\/li>\n<li>\n<p class=\"ds-markdown-paragraph\"><strong>Bacak Boyutlar\u0131:<\/strong>\u00a032&#8243; x 8&#8243; x 8&#8243; (81x20x20 cm)<\/p>\n<\/li>\n<\/ul>\n<p class=\"ds-markdown-paragraph\"><strong>Kullan\u0131m Alanlar\u0131:<\/strong><\/p>\n<ul>\n<li>\n<p class=\"ds-markdown-paragraph\">T\u0131p fak\u00fcltesi cerrahi e\u011fitimleri<\/p>\n<\/li>\n<li>\n<p class=\"ds-markdown-paragraph\">Hem\u015firelik beceri laboratuvarlar\u0131<\/p>\n<\/li>\n<li>\n<p class=\"ds-markdown-paragraph\">Acil t\u0131p asistan e\u011fitimleri<\/p>\n<\/li>\n<li>\n<p class=\"ds-markdown-paragraph\">Cerrahi teknik kurslar\u0131<\/p>\n<\/li>\n<\/ul>\n","protected":false},"excerpt":{"rendered":"<p><strong>Life\/form\u00ae Suture and Stapling Practice Trainer Set<\/strong>, kol ve bacak modellerinden olu\u015fan profesyonel cerrahi diki\u015f e\u011fitim setidir. 6 haz\u0131r yara, s\u00fct\u00fcr setleri ve 5 y\u0131l garanti ile t\u0131p e\u011fitimlerinde alt\u0131n standart!<\/p>\n","protected":false},"featured_media":226,"comment_status":"open","ping_status":"closed","template":"","meta":[],"product_brand":[16],"product_cat":[15,17,78],"product_tag":[774,770,773,96,772,763,761,692,291,771],"class_list":{"0":"post-225","1":"product","2":"type-product","3":"status-publish","4":"has-post-thumbnail","6":"product_brand-nasco-healthcare","7":"product_cat-genel","8":"product_cat-nursing-patient-care","9":"product_cat-nasco-healthcare","10":"product_tag-cerrahi-beceri-gelistirme-seti","11":"product_tag-cerrahi-dikis-seti","12":"product_tag-dikis-egitim-kol-ve-bacagi","13":"product_tag-hemsirelik-egitim-ekipmanlari","14":"product_tag-lf01031","15":"product_tag-life-form-urunleri","16":"product_tag-sutur-pratik-seti","17":"product_tag-tibbi-simulasyon-seti","18":"product_tag-tip-egitim-seti","19":"product_tag-zimbalama-egitim-seti","21":"first","22":"instock","23":"shipping-taxable","24":"product-type-simple"},"yoast_head":"<!-- This site is optimized with the Yoast SEO plugin v25.2 - https:\/\/yoast.com\/wordpress\/plugins\/seo\/ -->\n<title>Life\/form\u00ae Suture and Stapling Practice Trainer Set [SKU: LF01031] - Profesyonel Cerrahi E\u011fitim Seti - Merkim Maket<\/title>\n<meta name=\"description\" content=\"Life\/form\u00ae Suture and Stapling Practice Trainer Set | LF01031Profesyonel cerrahi e\u011fitim seti: Kol ve bacak modelleriyle tam kapsaml\u0131 diki\u015f prati\u011fi! 6 haz\u0131r yara, s\u00fct\u00fcr setleri ve 5 y\u0131l garanti. Hemen sat\u0131n al\u0131n.\" \/>\n<meta name=\"robots\" content=\"index, follow, max-snippet:-1, max-image-preview:large, max-video-preview:-1\" \/>\n<link rel=\"canonical\" href=\"https:\/\/merkim.com.tr\/merkim-maket\/urun\/life-form-suture-and-stapling-practice-trainer-set-sku-lf01031-profesyonel-cerrahi-egitim-seti\/\" \/>\n<meta property=\"og:locale\" content=\"tr_TR\" \/>\n<meta property=\"og:type\" content=\"article\" \/>\n<meta property=\"og:title\" content=\"Life\/form\u00ae Suture and Stapling Practice Trainer Set [SKU: LF01031] - Profesyonel Cerrahi E\u011fitim Seti - Merkim Maket\" \/>\n<meta property=\"og:description\" content=\"Life\/form\u00ae Suture and Stapling Practice Trainer Set | LF01031Profesyonel cerrahi e\u011fitim seti: Kol ve bacak modelleriyle tam kapsaml\u0131 diki\u015f prati\u011fi! 6 haz\u0131r yara, s\u00fct\u00fcr setleri ve 5 y\u0131l garanti. Hemen sat\u0131n al\u0131n.\" \/>\n<meta property=\"og:url\" content=\"https:\/\/merkim.com.tr\/merkim-maket\/urun\/life-form-suture-and-stapling-practice-trainer-set-sku-lf01031-profesyonel-cerrahi-egitim-seti\/\" \/>\n<meta property=\"og:site_name\" content=\"Merkim Maket\" \/>\n<meta property=\"article:modified_time\" content=\"2025-06-26T06:14:38+00:00\" \/>\n<meta property=\"og:image\" content=\"https:\/\/merkim.com.tr\/merkim-maket\/wp-content\/uploads\/2025\/06\/lifeform-suture-stapling-practice-trainer-set-cerrahi-egitim-lifeform-LF01031.png\" \/>\n\t<meta property=\"og:image:width\" content=\"800\" \/>\n\t<meta property=\"og:image:height\" content=\"800\" \/>\n\t<meta property=\"og:image:type\" content=\"image\/png\" \/>\n<meta name=\"twitter:card\" content=\"summary_large_image\" \/>\n<meta name=\"twitter:label1\" content=\"Tahmini okuma s\u00fcresi\" \/>\n\t<meta name=\"twitter:data1\" content=\"2 dakika\" \/>\n<script type=\"application\/ld+json\" class=\"yoast-schema-graph\">{\"@context\":\"https:\/\/schema.org\",\"@graph\":[{\"@type\":\"WebPage\",\"@id\":\"https:\/\/merkim.com.tr\/merkim-maket\/urun\/life-form-suture-and-stapling-practice-trainer-set-sku-lf01031-profesyonel-cerrahi-egitim-seti\/\",\"url\":\"https:\/\/merkim.com.tr\/merkim-maket\/urun\/life-form-suture-and-stapling-practice-trainer-set-sku-lf01031-profesyonel-cerrahi-egitim-seti\/\",\"name\":\"Life\/form\u00ae Suture and Stapling Practice Trainer Set [SKU: LF01031] - Profesyonel Cerrahi E\u011fitim Seti - Merkim Maket\",\"isPartOf\":{\"@id\":\"https:\/\/merkim.com.tr\/merkim-maket\/#website\"},\"primaryImageOfPage\":{\"@id\":\"https:\/\/merkim.com.tr\/merkim-maket\/urun\/life-form-suture-and-stapling-practice-trainer-set-sku-lf01031-profesyonel-cerrahi-egitim-seti\/#primaryimage\"},\"image\":{\"@id\":\"https:\/\/merkim.com.tr\/merkim-maket\/urun\/life-form-suture-and-stapling-practice-trainer-set-sku-lf01031-profesyonel-cerrahi-egitim-seti\/#primaryimage\"},\"thumbnailUrl\":\"https:\/\/merkim.com.tr\/merkim-maket\/wp-content\/uploads\/2025\/06\/lifeform-suture-stapling-practice-trainer-set-cerrahi-egitim-lifeform-LF01031.png\",\"datePublished\":\"2025-06-26T06:14:37+00:00\",\"dateModified\":\"2025-06-26T06:14:38+00:00\",\"description\":\"Life\/form\u00ae Suture and Stapling Practice Trainer Set | LF01031Profesyonel cerrahi e\u011fitim seti: Kol ve bacak modelleriyle tam kapsaml\u0131 diki\u015f prati\u011fi! 6 haz\u0131r yara, s\u00fct\u00fcr setleri ve 5 y\u0131l garanti. Hemen sat\u0131n al\u0131n.\",\"breadcrumb\":{\"@id\":\"https:\/\/merkim.com.tr\/merkim-maket\/urun\/life-form-suture-and-stapling-practice-trainer-set-sku-lf01031-profesyonel-cerrahi-egitim-seti\/#breadcrumb\"},\"inLanguage\":\"tr\",\"potentialAction\":[{\"@type\":\"ReadAction\",\"target\":[\"https:\/\/merkim.com.tr\/merkim-maket\/urun\/life-form-suture-and-stapling-practice-trainer-set-sku-lf01031-profesyonel-cerrahi-egitim-seti\/\"]}]},{\"@type\":\"ImageObject\",\"inLanguage\":\"tr\",\"@id\":\"https:\/\/merkim.com.tr\/merkim-maket\/urun\/life-form-suture-and-stapling-practice-trainer-set-sku-lf01031-profesyonel-cerrahi-egitim-seti\/#primaryimage\",\"url\":\"https:\/\/merkim.com.tr\/merkim-maket\/wp-content\/uploads\/2025\/06\/lifeform-suture-stapling-practice-trainer-set-cerrahi-egitim-lifeform-LF01031.png\",\"contentUrl\":\"https:\/\/merkim.com.tr\/merkim-maket\/wp-content\/uploads\/2025\/06\/lifeform-suture-stapling-practice-trainer-set-cerrahi-egitim-lifeform-LF01031.png\",\"width\":800,\"height\":800,\"caption\":\"Kapsaml\u0131 cerrahi diki\u015f e\u011fitim seti - Kol ve bacak modelleri\"},{\"@type\":\"BreadcrumbList\",\"@id\":\"https:\/\/merkim.com.tr\/merkim-maket\/urun\/life-form-suture-and-stapling-practice-trainer-set-sku-lf01031-profesyonel-cerrahi-egitim-seti\/#breadcrumb\",\"itemListElement\":[{\"@type\":\"ListItem\",\"position\":1,\"name\":\"Anasayfa\",\"item\":\"https:\/\/merkim.com.tr\/merkim-maket\/\"},{\"@type\":\"ListItem\",\"position\":2,\"name\":\"Ma\u011faza\",\"item\":\"https:\/\/merkim.com.tr\/merkim-maket\/magaza\/\"},{\"@type\":\"ListItem\",\"position\":3,\"name\":\"Life\/form\u00ae Suture and Stapling Practice Trainer Set [SKU: LF01031] &#8211; Profesyonel Cerrahi E\u011fitim Seti\"}]},{\"@type\":\"WebSite\",\"@id\":\"https:\/\/merkim.com.tr\/merkim-maket\/#website\",\"url\":\"https:\/\/merkim.com.tr\/merkim-maket\/\",\"name\":\"Merkim Maket\",\"description\":\"\",\"potentialAction\":[{\"@type\":\"SearchAction\",\"target\":{\"@type\":\"EntryPoint\",\"urlTemplate\":\"https:\/\/merkim.com.tr\/merkim-maket\/?s={search_term_string}\"},\"query-input\":{\"@type\":\"PropertyValueSpecification\",\"valueRequired\":true,\"valueName\":\"search_term_string\"}}],\"inLanguage\":\"tr\"}]}<\/script>\n<!-- \/ Yoast SEO plugin. -->","yoast_head_json":{"title":"Life\/form\u00ae Suture and Stapling Practice Trainer Set [SKU: LF01031] - Profesyonel Cerrahi E\u011fitim Seti - Merkim Maket","description":"Life\/form\u00ae Suture and Stapling Practice Trainer Set | LF01031Profesyonel cerrahi e\u011fitim seti: Kol ve bacak modelleriyle tam kapsaml\u0131 diki\u015f prati\u011fi! 6 haz\u0131r yara, s\u00fct\u00fcr setleri ve 5 y\u0131l garanti. Hemen sat\u0131n al\u0131n.","robots":{"index":"index","follow":"follow","max-snippet":"max-snippet:-1","max-image-preview":"max-image-preview:large","max-video-preview":"max-video-preview:-1"},"canonical":"https:\/\/merkim.com.tr\/merkim-maket\/urun\/life-form-suture-and-stapling-practice-trainer-set-sku-lf01031-profesyonel-cerrahi-egitim-seti\/","og_locale":"tr_TR","og_type":"article","og_title":"Life\/form\u00ae Suture and Stapling Practice Trainer Set [SKU: LF01031] - Profesyonel Cerrahi E\u011fitim Seti - Merkim Maket","og_description":"Life\/form\u00ae Suture and Stapling Practice Trainer Set | LF01031Profesyonel cerrahi e\u011fitim seti: Kol ve bacak modelleriyle tam kapsaml\u0131 diki\u015f prati\u011fi! 6 haz\u0131r yara, s\u00fct\u00fcr setleri ve 5 y\u0131l garanti. Hemen sat\u0131n al\u0131n.","og_url":"https:\/\/merkim.com.tr\/merkim-maket\/urun\/life-form-suture-and-stapling-practice-trainer-set-sku-lf01031-profesyonel-cerrahi-egitim-seti\/","og_site_name":"Merkim Maket","article_modified_time":"2025-06-26T06:14:38+00:00","og_image":[{"width":800,"height":800,"url":"https:\/\/merkim.com.tr\/merkim-maket\/wp-content\/uploads\/2025\/06\/lifeform-suture-stapling-practice-trainer-set-cerrahi-egitim-lifeform-LF01031.png","type":"image\/png"}],"twitter_card":"summary_large_image","twitter_misc":{"Tahmini okuma s\u00fcresi":"2 dakika"},"schema":{"@context":"https:\/\/schema.org","@graph":[{"@type":"WebPage","@id":"https:\/\/merkim.com.tr\/merkim-maket\/urun\/life-form-suture-and-stapling-practice-trainer-set-sku-lf01031-profesyonel-cerrahi-egitim-seti\/","url":"https:\/\/merkim.com.tr\/merkim-maket\/urun\/life-form-suture-and-stapling-practice-trainer-set-sku-lf01031-profesyonel-cerrahi-egitim-seti\/","name":"Life\/form\u00ae Suture and Stapling Practice Trainer Set [SKU: LF01031] - Profesyonel Cerrahi E\u011fitim Seti - Merkim Maket","isPartOf":{"@id":"https:\/\/merkim.com.tr\/merkim-maket\/#website"},"primaryImageOfPage":{"@id":"https:\/\/merkim.com.tr\/merkim-maket\/urun\/life-form-suture-and-stapling-practice-trainer-set-sku-lf01031-profesyonel-cerrahi-egitim-seti\/#primaryimage"},"image":{"@id":"https:\/\/merkim.com.tr\/merkim-maket\/urun\/life-form-suture-and-stapling-practice-trainer-set-sku-lf01031-profesyonel-cerrahi-egitim-seti\/#primaryimage"},"thumbnailUrl":"https:\/\/merkim.com.tr\/merkim-maket\/wp-content\/uploads\/2025\/06\/lifeform-suture-stapling-practice-trainer-set-cerrahi-egitim-lifeform-LF01031.png","datePublished":"2025-06-26T06:14:37+00:00","dateModified":"2025-06-26T06:14:38+00:00","description":"Life\/form\u00ae Suture and Stapling Practice Trainer Set | LF01031Profesyonel cerrahi e\u011fitim seti: Kol ve bacak modelleriyle tam kapsaml\u0131 diki\u015f prati\u011fi! 6 haz\u0131r yara, s\u00fct\u00fcr setleri ve 5 y\u0131l garanti. Hemen sat\u0131n al\u0131n.","breadcrumb":{"@id":"https:\/\/merkim.com.tr\/merkim-maket\/urun\/life-form-suture-and-stapling-practice-trainer-set-sku-lf01031-profesyonel-cerrahi-egitim-seti\/#breadcrumb"},"inLanguage":"tr","potentialAction":[{"@type":"ReadAction","target":["https:\/\/merkim.com.tr\/merkim-maket\/urun\/life-form-suture-and-stapling-practice-trainer-set-sku-lf01031-profesyonel-cerrahi-egitim-seti\/"]}]},{"@type":"ImageObject","inLanguage":"tr","@id":"https:\/\/merkim.com.tr\/merkim-maket\/urun\/life-form-suture-and-stapling-practice-trainer-set-sku-lf01031-profesyonel-cerrahi-egitim-seti\/#primaryimage","url":"https:\/\/merkim.com.tr\/merkim-maket\/wp-content\/uploads\/2025\/06\/lifeform-suture-stapling-practice-trainer-set-cerrahi-egitim-lifeform-LF01031.png","contentUrl":"https:\/\/merkim.com.tr\/merkim-maket\/wp-content\/uploads\/2025\/06\/lifeform-suture-stapling-practice-trainer-set-cerrahi-egitim-lifeform-LF01031.png","width":800,"height":800,"caption":"Kapsaml\u0131 cerrahi diki\u015f e\u011fitim seti - Kol ve bacak modelleri"},{"@type":"BreadcrumbList","@id":"https:\/\/merkim.com.tr\/merkim-maket\/urun\/life-form-suture-and-stapling-practice-trainer-set-sku-lf01031-profesyonel-cerrahi-egitim-seti\/#breadcrumb","itemListElement":[{"@type":"ListItem","position":1,"name":"Anasayfa","item":"https:\/\/merkim.com.tr\/merkim-maket\/"},{"@type":"ListItem","position":2,"name":"Ma\u011faza","item":"https:\/\/merkim.com.tr\/merkim-maket\/magaza\/"},{"@type":"ListItem","position":3,"name":"Life\/form\u00ae Suture and Stapling Practice Trainer Set [SKU: LF01031] &#8211; Profesyonel Cerrahi E\u011fitim Seti"}]},{"@type":"WebSite","@id":"https:\/\/merkim.com.tr\/merkim-maket\/#website","url":"https:\/\/merkim.com.tr\/merkim-maket\/","name":"Merkim Maket","description":"","potentialAction":[{"@type":"SearchAction","target":{"@type":"EntryPoint","urlTemplate":"https:\/\/merkim.com.tr\/merkim-maket\/?s={search_term_string}"},"query-input":{"@type":"PropertyValueSpecification","valueRequired":true,"valueName":"search_term_string"}}],"inLanguage":"tr"}]}},"_links":{"self":[{"href":"https:\/\/merkim.com.tr\/merkim-maket\/wp-json\/wp\/v2\/product\/225","targetHints":{"allow":["GET"]}}],"collection":[{"href":"https:\/\/merkim.com.tr\/merkim-maket\/wp-json\/wp\/v2\/product"}],"about":[{"href":"https:\/\/merkim.com.tr\/merkim-maket\/wp-json\/wp\/v2\/types\/product"}],"replies":[{"embeddable":true,"href":"https:\/\/merkim.com.tr\/merkim-maket\/wp-json\/wp\/v2\/comments?post=225"}],"wp:featuredmedia":[{"embeddable":true,"href":"https:\/\/merkim.com.tr\/merkim-maket\/wp-json\/wp\/v2\/media\/226"}],"wp:attachment":[{"href":"https:\/\/merkim.com.tr\/merkim-maket\/wp-json\/wp\/v2\/media?parent=225"}],"wp:term":[{"taxonomy":"product_brand","embeddable":true,"href":"https:\/\/merkim.com.tr\/merkim-maket\/wp-json\/wp\/v2\/product_brand?post=225"},{"taxonomy":"product_cat","embeddable":true,"href":"https:\/\/merkim.com.tr\/merkim-maket\/wp-json\/wp\/v2\/product_cat?post=225"},{"taxonomy":"product_tag","embeddable":true,"href":"https:\/\/merkim.com.tr\/merkim-maket\/wp-json\/wp\/v2\/product_tag?post=225"}],"curies":[{"name":"wp","href":"https:\/\/api.w.org\/{rel}","templated":true}]}}