{"id":217,"date":"2025-06-25T14:58:24","date_gmt":"2025-06-25T14:58:24","guid":{"rendered":"https:\/\/merkim.com.tr\/merkim-maket\/?post_type=product&#038;p=217"},"modified":"2025-06-25T14:58:25","modified_gmt":"2025-06-25T14:58:25","slug":"life-form-sutur-egitim-kiti-light-model-sku-lf01042","status":"publish","type":"product","link":"https:\/\/merkim.com.tr\/merkim-maket\/urun\/life-form-sutur-egitim-kiti-light-model-sku-lf01042\/","title":{"rendered":"Life\/form\u00ae S\u00fct\u00fcr E\u011fitim Kiti \u2013 Light Model [SKU: LF01042]"},"content":{"rendered":"<p data-start=\"352\" data-end=\"727\"><strong data-start=\"352\" data-end=\"402\">Life\/form\u00ae S\u00fct\u00fcr E\u011fitim Kiti \u2013 Light [LF01042]<\/strong>, farkl\u0131 seviyelerde s\u00fct\u00fcr atma (diki\u015f) tekniklerinin hem temel hem ileri d\u00fczeyde \u00f6\u011fretimi ve prati\u011fi i\u00e7in \u00f6zel olarak tasarlanm\u0131\u015f kapsaml\u0131 bir e\u011fitim setidir. Ger\u00e7ek doku katmanlar\u0131n\u0131 taklit eden detayl\u0131 anatomik yap\u0131s\u0131 sayesinde, hem t\u0131p \u00f6\u011frencileri hem de klinik e\u011fitim veren uzmanlar i\u00e7in vazge\u00e7ilmez bir e\u011fitim arac\u0131d\u0131r.<\/p>\n<p data-start=\"729\" data-end=\"1008\">\ud83d\udc89 <strong data-start=\"732\" data-end=\"775\">Katmanl\u0131 Yap\u0131 \u2013 Ger\u00e7ek\u00e7i S\u00fct\u00fcr Deneyimi<\/strong><br data-start=\"775\" data-end=\"778\" \/>\u00dcr\u00fcn, epidermis, dermis, ya\u011f dokusu (subkutan), fasya ve kas katmanlar\u0131n\u0131 birebir temsil eden \u00f6zel medikal silikondan \u00fcretilmi\u015f bir s\u00fct\u00fcr pedi i\u00e7erir. Bu yap\u0131 sayesinde y\u00fczeysel ve derin dokuya s\u00fct\u00fcr atma teknikleri uygulanabilir.<\/p>\n<p data-start=\"1010\" data-end=\"1044\">\ud83d\udd2c <strong data-start=\"1013\" data-end=\"1042\">\u00c7ok Y\u00f6nl\u00fc Uygulama \u0130mkan\u0131<\/strong><\/p>\n<ul data-start=\"1045\" data-end=\"1267\">\n<li data-start=\"1045\" data-end=\"1086\">\n<p data-start=\"1047\" data-end=\"1086\">Derin doku ve subkutan doku s\u00fct\u00fcrleri<\/p>\n<\/li>\n<li data-start=\"1087\" data-end=\"1121\">\n<p data-start=\"1089\" data-end=\"1121\">D\u00fc\u011f\u00fcm atma ve d\u00fc\u011f\u00fcm teknikleri<\/p>\n<\/li>\n<li data-start=\"1122\" data-end=\"1162\">\n<p data-start=\"1124\" data-end=\"1162\">Cerrahi z\u0131mba yerle\u015ftirme ve \u00e7\u0131karma<\/p>\n<\/li>\n<li data-start=\"1163\" data-end=\"1195\">\n<p data-start=\"1165\" data-end=\"1195\">Cerrahi yap\u0131\u015ft\u0131r\u0131c\u0131 uygulama<\/p>\n<\/li>\n<li data-start=\"1196\" data-end=\"1230\">\n<p data-start=\"1198\" data-end=\"1230\">Skalpelle kesi a\u00e7ma ve kapatma<\/p>\n<\/li>\n<li data-start=\"1231\" data-end=\"1267\">\n<p data-start=\"1233\" data-end=\"1267\">E\u011fitim amac\u0131yla serbest kesi alan\u0131<\/p>\n<\/li>\n<\/ul>\n<p data-start=\"1269\" data-end=\"1298\">\ud83c\udf93 <strong data-start=\"1272\" data-end=\"1296\">E\u011fitim Seti \u0130\u00e7eri\u011fi:<\/strong><\/p>\n<ul data-start=\"1299\" data-end=\"1491\">\n<li data-start=\"1299\" data-end=\"1313\">\n<p data-start=\"1301\" data-end=\"1313\">S\u00fct\u00fcr pedi<\/p>\n<\/li>\n<li data-start=\"1314\" data-end=\"1343\">\n<p data-start=\"1316\" data-end=\"1343\">S\u00fct\u00fcr pedi ta\u015f\u0131ma tepsisi<\/p>\n<\/li>\n<li data-start=\"1344\" data-end=\"1372\">\n<p data-start=\"1346\" data-end=\"1372\">Dayan\u0131kl\u0131 ta\u015f\u0131ma \u00e7antas\u0131<\/p>\n<\/li>\n<li data-start=\"1373\" data-end=\"1391\">\n<p data-start=\"1375\" data-end=\"1391\">Cerrahi penset<\/p>\n<\/li>\n<li data-start=\"1392\" data-end=\"1408\">\n<p data-start=\"1394\" data-end=\"1408\">Diki\u015f makas\u0131<\/p>\n<\/li>\n<li data-start=\"1409\" data-end=\"1419\">\n<p data-start=\"1411\" data-end=\"1419\">Ne\u015fter<\/p>\n<\/li>\n<li data-start=\"1420\" data-end=\"1454\">\n<p data-start=\"1422\" data-end=\"1454\">S\u00fct\u00fcr i\u011fnesi ve ipli\u011fi (nylon)<\/p>\n<\/li>\n<li data-start=\"1455\" data-end=\"1491\">\n<p data-start=\"1457\" data-end=\"1491\">Aletler i\u00e7in k\u00fc\u00e7\u00fck saklama \u00e7antas\u0131<\/p>\n<\/li>\n<\/ul>\n<p data-start=\"1493\" data-end=\"1529\">\ud83d\udce6 <strong data-start=\"1496\" data-end=\"1527\">\u00dcr\u00fcn Boyutlar\u0131 ve G\u00f6nderim:<\/strong><\/p>\n<ul data-start=\"1530\" data-end=\"1606\">\n<li data-start=\"1530\" data-end=\"1559\">\n<p data-start=\"1532\" data-end=\"1559\">Boyutlar: 12 x 10 x 5 in\u00e7<\/p>\n<\/li>\n<li data-start=\"1560\" data-end=\"1578\">\n<p data-start=\"1562\" data-end=\"1578\">A\u011f\u0131rl\u0131k: 2 lbs<\/p>\n<\/li>\n<li data-start=\"1579\" data-end=\"1606\">\n<p data-start=\"1581\" data-end=\"1606\">Ta\u015f\u0131mas\u0131 kolay ve kompakt<\/p>\n<\/li>\n<\/ul>\n<p data-start=\"1608\" data-end=\"1653\">\ud83d\udd01 <strong data-start=\"1611\" data-end=\"1651\">Yedek Par\u00e7alar ve Opsiyonel \u00dcr\u00fcnler:<\/strong><\/p>\n<ul data-start=\"1654\" data-end=\"1750\">\n<li data-start=\"1654\" data-end=\"1682\">\n<p data-start=\"1656\" data-end=\"1682\">LF01043 Yedek S\u00fct\u00fcr Pedi<\/p>\n<\/li>\n<li data-start=\"1683\" data-end=\"1724\">\n<p data-start=\"1685\" data-end=\"1724\">LF01043A 10&#8217;lu Paket Yedek S\u00fct\u00fcr Pedi<\/p>\n<\/li>\n<li data-start=\"1725\" data-end=\"1750\">\n<p data-start=\"1727\" data-end=\"1750\">LF01011 S\u00fct\u00fcr Alet Kiti<\/p>\n<\/li>\n<\/ul>\n<p data-start=\"1752\" data-end=\"1770\">\ud83d\udee1\ufe0f <strong data-start=\"1756\" data-end=\"1768\">Garanti:<\/strong><\/p>\n<ul data-start=\"1771\" data-end=\"1796\">\n<li data-start=\"1771\" data-end=\"1796\">\n<p data-start=\"1773\" data-end=\"1796\">5 y\u0131l \u00fcretici garantisi<\/p>\n<\/li>\n<\/ul>\n","protected":false},"excerpt":{"rendered":"<p>S\u00fct\u00fcr prati\u011fi i\u00e7in epidermisten kasa kadar katmanl\u0131 yap\u0131ya sahip, profesyonel cerrahi e\u011fitim kiti.<\/p>\n","protected":false},"featured_media":218,"comment_status":"open","ping_status":"closed","template":"","meta":[],"product_brand":[16],"product_cat":[15,17,78],"product_tag":[751,757,556,756,750,754,755,749,752,249,41,753],"class_list":{"0":"post-217","1":"product","2":"type-product","3":"status-publish","4":"has-post-thumbnail","6":"product_brand-nasco-healthcare","7":"product_cat-genel","8":"product_cat-nursing-patient-care","9":"product_cat-nasco-healthcare","10":"product_tag-cerrahi-pratik-kiti","11":"product_tag-cerrahi-uygulama-seti","12":"product_tag-dikis-egitimi","13":"product_tag-fascia-sutur-modeli","14":"product_tag-life-form-lf01042","15":"product_tag-nester-uygulama-kiti","16":"product_tag-subkutan-sutur-egitimi","17":"product_tag-sutur-egitim-kiti","18":"product_tag-sutur-pedi","19":"product_tag-tibbi-egitim-simulatoru","20":"product_tag-tibbi-simulasyon","21":"product_tag-tip-fakultesi-dikis-seti","23":"first","24":"instock","25":"shipping-taxable","26":"product-type-simple"},"yoast_head":"<!-- This site is optimized with the Yoast SEO plugin v25.2 - https:\/\/yoast.com\/wordpress\/plugins\/seo\/ -->\n<title>Life\/form\u00ae S\u00fct\u00fcr E\u011fitim Kiti \u2013 Light Model [SKU: LF01042] - Merkim Maket<\/title>\n<meta name=\"description\" content=\"Life\/form\u00ae LF01042 S\u00fct\u00fcr E\u011fitim Kiti, ger\u00e7ek dokular\u0131 taklit eden katmanl\u0131 yap\u0131s\u0131yla diki\u015f e\u011fitimi i\u00e7in ideal \u00e7\u00f6z\u00fcmd\u00fcr. T\u0131p \u00f6\u011frencileri ve klinik e\u011fitim programlar\u0131 i\u00e7in profesyonel \u00e7\u00f6z\u00fcmd\u00fcr.\" \/>\n<meta name=\"robots\" content=\"index, follow, max-snippet:-1, max-image-preview:large, max-video-preview:-1\" \/>\n<link rel=\"canonical\" href=\"https:\/\/merkim.com.tr\/merkim-maket\/urun\/life-form-sutur-egitim-kiti-light-model-sku-lf01042\/\" \/>\n<meta property=\"og:locale\" content=\"tr_TR\" \/>\n<meta property=\"og:type\" content=\"article\" \/>\n<meta property=\"og:title\" content=\"Life\/form\u00ae S\u00fct\u00fcr E\u011fitim Kiti \u2013 Light Model [SKU: LF01042] - Merkim Maket\" \/>\n<meta property=\"og:description\" content=\"Life\/form\u00ae LF01042 S\u00fct\u00fcr E\u011fitim Kiti, ger\u00e7ek dokular\u0131 taklit eden katmanl\u0131 yap\u0131s\u0131yla diki\u015f e\u011fitimi i\u00e7in ideal \u00e7\u00f6z\u00fcmd\u00fcr. T\u0131p \u00f6\u011frencileri ve klinik e\u011fitim programlar\u0131 i\u00e7in profesyonel \u00e7\u00f6z\u00fcmd\u00fcr.\" \/>\n<meta property=\"og:url\" content=\"https:\/\/merkim.com.tr\/merkim-maket\/urun\/life-form-sutur-egitim-kiti-light-model-sku-lf01042\/\" \/>\n<meta property=\"og:site_name\" content=\"Merkim Maket\" \/>\n<meta property=\"article:modified_time\" content=\"2025-06-25T14:58:25+00:00\" \/>\n<meta property=\"og:image\" content=\"https:\/\/merkim.com.tr\/merkim-maket\/wp-content\/uploads\/2025\/06\/lifeform-sutur-egitim-kiti-light-lf01042.png\" \/>\n\t<meta property=\"og:image:width\" content=\"800\" \/>\n\t<meta property=\"og:image:height\" content=\"800\" \/>\n\t<meta property=\"og:image:type\" content=\"image\/png\" \/>\n<meta name=\"twitter:card\" content=\"summary_large_image\" \/>\n<meta name=\"twitter:label1\" content=\"Tahmini okuma s\u00fcresi\" \/>\n\t<meta name=\"twitter:data1\" content=\"2 dakika\" \/>\n<script type=\"application\/ld+json\" class=\"yoast-schema-graph\">{\"@context\":\"https:\/\/schema.org\",\"@graph\":[{\"@type\":\"WebPage\",\"@id\":\"https:\/\/merkim.com.tr\/merkim-maket\/urun\/life-form-sutur-egitim-kiti-light-model-sku-lf01042\/\",\"url\":\"https:\/\/merkim.com.tr\/merkim-maket\/urun\/life-form-sutur-egitim-kiti-light-model-sku-lf01042\/\",\"name\":\"Life\/form\u00ae S\u00fct\u00fcr E\u011fitim Kiti \u2013 Light Model [SKU: LF01042] - Merkim Maket\",\"isPartOf\":{\"@id\":\"https:\/\/merkim.com.tr\/merkim-maket\/#website\"},\"primaryImageOfPage\":{\"@id\":\"https:\/\/merkim.com.tr\/merkim-maket\/urun\/life-form-sutur-egitim-kiti-light-model-sku-lf01042\/#primaryimage\"},\"image\":{\"@id\":\"https:\/\/merkim.com.tr\/merkim-maket\/urun\/life-form-sutur-egitim-kiti-light-model-sku-lf01042\/#primaryimage\"},\"thumbnailUrl\":\"https:\/\/merkim.com.tr\/merkim-maket\/wp-content\/uploads\/2025\/06\/lifeform-sutur-egitim-kiti-light-lf01042.png\",\"datePublished\":\"2025-06-25T14:58:24+00:00\",\"dateModified\":\"2025-06-25T14:58:25+00:00\",\"description\":\"Life\/form\u00ae LF01042 S\u00fct\u00fcr E\u011fitim Kiti, ger\u00e7ek dokular\u0131 taklit eden katmanl\u0131 yap\u0131s\u0131yla diki\u015f e\u011fitimi i\u00e7in ideal \u00e7\u00f6z\u00fcmd\u00fcr. T\u0131p \u00f6\u011frencileri ve klinik e\u011fitim programlar\u0131 i\u00e7in profesyonel \u00e7\u00f6z\u00fcmd\u00fcr.\",\"breadcrumb\":{\"@id\":\"https:\/\/merkim.com.tr\/merkim-maket\/urun\/life-form-sutur-egitim-kiti-light-model-sku-lf01042\/#breadcrumb\"},\"inLanguage\":\"tr\",\"potentialAction\":[{\"@type\":\"ReadAction\",\"target\":[\"https:\/\/merkim.com.tr\/merkim-maket\/urun\/life-form-sutur-egitim-kiti-light-model-sku-lf01042\/\"]}]},{\"@type\":\"ImageObject\",\"inLanguage\":\"tr\",\"@id\":\"https:\/\/merkim.com.tr\/merkim-maket\/urun\/life-form-sutur-egitim-kiti-light-model-sku-lf01042\/#primaryimage\",\"url\":\"https:\/\/merkim.com.tr\/merkim-maket\/wp-content\/uploads\/2025\/06\/lifeform-sutur-egitim-kiti-light-lf01042.png\",\"contentUrl\":\"https:\/\/merkim.com.tr\/merkim-maket\/wp-content\/uploads\/2025\/06\/lifeform-sutur-egitim-kiti-light-lf01042.png\",\"width\":800,\"height\":800,\"caption\":\"Epidermis, dermis ve kas katmanlar\u0131n\u0131 i\u00e7eren s\u00fct\u00fcr uygulama pedi\"},{\"@type\":\"BreadcrumbList\",\"@id\":\"https:\/\/merkim.com.tr\/merkim-maket\/urun\/life-form-sutur-egitim-kiti-light-model-sku-lf01042\/#breadcrumb\",\"itemListElement\":[{\"@type\":\"ListItem\",\"position\":1,\"name\":\"Anasayfa\",\"item\":\"https:\/\/merkim.com.tr\/merkim-maket\/\"},{\"@type\":\"ListItem\",\"position\":2,\"name\":\"Ma\u011faza\",\"item\":\"https:\/\/merkim.com.tr\/merkim-maket\/magaza\/\"},{\"@type\":\"ListItem\",\"position\":3,\"name\":\"Life\/form\u00ae S\u00fct\u00fcr E\u011fitim Kiti \u2013 Light Model [SKU: LF01042]\"}]},{\"@type\":\"WebSite\",\"@id\":\"https:\/\/merkim.com.tr\/merkim-maket\/#website\",\"url\":\"https:\/\/merkim.com.tr\/merkim-maket\/\",\"name\":\"Merkim Maket\",\"description\":\"\",\"potentialAction\":[{\"@type\":\"SearchAction\",\"target\":{\"@type\":\"EntryPoint\",\"urlTemplate\":\"https:\/\/merkim.com.tr\/merkim-maket\/?s={search_term_string}\"},\"query-input\":{\"@type\":\"PropertyValueSpecification\",\"valueRequired\":true,\"valueName\":\"search_term_string\"}}],\"inLanguage\":\"tr\"}]}<\/script>\n<!-- \/ Yoast SEO plugin. -->","yoast_head_json":{"title":"Life\/form\u00ae S\u00fct\u00fcr E\u011fitim Kiti \u2013 Light Model [SKU: LF01042] - Merkim Maket","description":"Life\/form\u00ae LF01042 S\u00fct\u00fcr E\u011fitim Kiti, ger\u00e7ek dokular\u0131 taklit eden katmanl\u0131 yap\u0131s\u0131yla diki\u015f e\u011fitimi i\u00e7in ideal \u00e7\u00f6z\u00fcmd\u00fcr. T\u0131p \u00f6\u011frencileri ve klinik e\u011fitim programlar\u0131 i\u00e7in profesyonel \u00e7\u00f6z\u00fcmd\u00fcr.","robots":{"index":"index","follow":"follow","max-snippet":"max-snippet:-1","max-image-preview":"max-image-preview:large","max-video-preview":"max-video-preview:-1"},"canonical":"https:\/\/merkim.com.tr\/merkim-maket\/urun\/life-form-sutur-egitim-kiti-light-model-sku-lf01042\/","og_locale":"tr_TR","og_type":"article","og_title":"Life\/form\u00ae S\u00fct\u00fcr E\u011fitim Kiti \u2013 Light Model [SKU: LF01042] - Merkim Maket","og_description":"Life\/form\u00ae LF01042 S\u00fct\u00fcr E\u011fitim Kiti, ger\u00e7ek dokular\u0131 taklit eden katmanl\u0131 yap\u0131s\u0131yla diki\u015f e\u011fitimi i\u00e7in ideal \u00e7\u00f6z\u00fcmd\u00fcr. T\u0131p \u00f6\u011frencileri ve klinik e\u011fitim programlar\u0131 i\u00e7in profesyonel \u00e7\u00f6z\u00fcmd\u00fcr.","og_url":"https:\/\/merkim.com.tr\/merkim-maket\/urun\/life-form-sutur-egitim-kiti-light-model-sku-lf01042\/","og_site_name":"Merkim Maket","article_modified_time":"2025-06-25T14:58:25+00:00","og_image":[{"width":800,"height":800,"url":"https:\/\/merkim.com.tr\/merkim-maket\/wp-content\/uploads\/2025\/06\/lifeform-sutur-egitim-kiti-light-lf01042.png","type":"image\/png"}],"twitter_card":"summary_large_image","twitter_misc":{"Tahmini okuma s\u00fcresi":"2 dakika"},"schema":{"@context":"https:\/\/schema.org","@graph":[{"@type":"WebPage","@id":"https:\/\/merkim.com.tr\/merkim-maket\/urun\/life-form-sutur-egitim-kiti-light-model-sku-lf01042\/","url":"https:\/\/merkim.com.tr\/merkim-maket\/urun\/life-form-sutur-egitim-kiti-light-model-sku-lf01042\/","name":"Life\/form\u00ae S\u00fct\u00fcr E\u011fitim Kiti \u2013 Light Model [SKU: LF01042] - Merkim Maket","isPartOf":{"@id":"https:\/\/merkim.com.tr\/merkim-maket\/#website"},"primaryImageOfPage":{"@id":"https:\/\/merkim.com.tr\/merkim-maket\/urun\/life-form-sutur-egitim-kiti-light-model-sku-lf01042\/#primaryimage"},"image":{"@id":"https:\/\/merkim.com.tr\/merkim-maket\/urun\/life-form-sutur-egitim-kiti-light-model-sku-lf01042\/#primaryimage"},"thumbnailUrl":"https:\/\/merkim.com.tr\/merkim-maket\/wp-content\/uploads\/2025\/06\/lifeform-sutur-egitim-kiti-light-lf01042.png","datePublished":"2025-06-25T14:58:24+00:00","dateModified":"2025-06-25T14:58:25+00:00","description":"Life\/form\u00ae LF01042 S\u00fct\u00fcr E\u011fitim Kiti, ger\u00e7ek dokular\u0131 taklit eden katmanl\u0131 yap\u0131s\u0131yla diki\u015f e\u011fitimi i\u00e7in ideal \u00e7\u00f6z\u00fcmd\u00fcr. T\u0131p \u00f6\u011frencileri ve klinik e\u011fitim programlar\u0131 i\u00e7in profesyonel \u00e7\u00f6z\u00fcmd\u00fcr.","breadcrumb":{"@id":"https:\/\/merkim.com.tr\/merkim-maket\/urun\/life-form-sutur-egitim-kiti-light-model-sku-lf01042\/#breadcrumb"},"inLanguage":"tr","potentialAction":[{"@type":"ReadAction","target":["https:\/\/merkim.com.tr\/merkim-maket\/urun\/life-form-sutur-egitim-kiti-light-model-sku-lf01042\/"]}]},{"@type":"ImageObject","inLanguage":"tr","@id":"https:\/\/merkim.com.tr\/merkim-maket\/urun\/life-form-sutur-egitim-kiti-light-model-sku-lf01042\/#primaryimage","url":"https:\/\/merkim.com.tr\/merkim-maket\/wp-content\/uploads\/2025\/06\/lifeform-sutur-egitim-kiti-light-lf01042.png","contentUrl":"https:\/\/merkim.com.tr\/merkim-maket\/wp-content\/uploads\/2025\/06\/lifeform-sutur-egitim-kiti-light-lf01042.png","width":800,"height":800,"caption":"Epidermis, dermis ve kas katmanlar\u0131n\u0131 i\u00e7eren s\u00fct\u00fcr uygulama pedi"},{"@type":"BreadcrumbList","@id":"https:\/\/merkim.com.tr\/merkim-maket\/urun\/life-form-sutur-egitim-kiti-light-model-sku-lf01042\/#breadcrumb","itemListElement":[{"@type":"ListItem","position":1,"name":"Anasayfa","item":"https:\/\/merkim.com.tr\/merkim-maket\/"},{"@type":"ListItem","position":2,"name":"Ma\u011faza","item":"https:\/\/merkim.com.tr\/merkim-maket\/magaza\/"},{"@type":"ListItem","position":3,"name":"Life\/form\u00ae S\u00fct\u00fcr E\u011fitim Kiti \u2013 Light Model [SKU: LF01042]"}]},{"@type":"WebSite","@id":"https:\/\/merkim.com.tr\/merkim-maket\/#website","url":"https:\/\/merkim.com.tr\/merkim-maket\/","name":"Merkim Maket","description":"","potentialAction":[{"@type":"SearchAction","target":{"@type":"EntryPoint","urlTemplate":"https:\/\/merkim.com.tr\/merkim-maket\/?s={search_term_string}"},"query-input":{"@type":"PropertyValueSpecification","valueRequired":true,"valueName":"search_term_string"}}],"inLanguage":"tr"}]}},"_links":{"self":[{"href":"https:\/\/merkim.com.tr\/merkim-maket\/wp-json\/wp\/v2\/product\/217","targetHints":{"allow":["GET"]}}],"collection":[{"href":"https:\/\/merkim.com.tr\/merkim-maket\/wp-json\/wp\/v2\/product"}],"about":[{"href":"https:\/\/merkim.com.tr\/merkim-maket\/wp-json\/wp\/v2\/types\/product"}],"replies":[{"embeddable":true,"href":"https:\/\/merkim.com.tr\/merkim-maket\/wp-json\/wp\/v2\/comments?post=217"}],"wp:featuredmedia":[{"embeddable":true,"href":"https:\/\/merkim.com.tr\/merkim-maket\/wp-json\/wp\/v2\/media\/218"}],"wp:attachment":[{"href":"https:\/\/merkim.com.tr\/merkim-maket\/wp-json\/wp\/v2\/media?parent=217"}],"wp:term":[{"taxonomy":"product_brand","embeddable":true,"href":"https:\/\/merkim.com.tr\/merkim-maket\/wp-json\/wp\/v2\/product_brand?post=217"},{"taxonomy":"product_cat","embeddable":true,"href":"https:\/\/merkim.com.tr\/merkim-maket\/wp-json\/wp\/v2\/product_cat?post=217"},{"taxonomy":"product_tag","embeddable":true,"href":"https:\/\/merkim.com.tr\/merkim-maket\/wp-json\/wp\/v2\/product_tag?post=217"}],"curies":[{"name":"wp","href":"https:\/\/api.w.org\/{rel}","templated":true}]}}