{"id":215,"date":"2025-06-25T14:44:31","date_gmt":"2025-06-25T14:44:31","guid":{"rendered":"https:\/\/merkim.com.tr\/merkim-maket\/?post_type=product&#038;p=215"},"modified":"2025-06-25T14:44:32","modified_gmt":"2025-06-25T14:44:32","slug":"life-form-periton-diyalizi-simulatoru-capd-egitim-modeli-lf01027","status":"publish","type":"product","link":"https:\/\/merkim.com.tr\/merkim-maket\/urun\/life-form-periton-diyalizi-simulatoru-capd-egitim-modeli-lf01027\/","title":{"rendered":"Life\/form\u00ae Periton Diyalizi Sim\u00fclat\u00f6r\u00fc \u2013 CAPD E\u011fitim Modeli [LF01027]"},"content":{"rendered":"<p data-start=\"352\" data-end=\"729\"><strong data-start=\"352\" data-end=\"406\">Life\/form\u00ae Peritoneal Dialysis Simulator [LF01027]<\/strong>, <strong data-start=\"408\" data-end=\"451\">S\u00fcrekli Ayaktan Periton Diyalizi (CAPD)<\/strong> prosed\u00fcrlerinin do\u011fru ve etkili \u015fekilde \u00f6\u011fretilmesi amac\u0131yla geli\u015ftirilmi\u015f son derece ger\u00e7ek\u00e7i bir t\u0131bbi e\u011fitim sim\u00fclat\u00f6r\u00fcd\u00fcr. Hem sa\u011fl\u0131k profesyonellerine hem de hastalara y\u00f6nelik olarak tasarlanm\u0131\u015ft\u0131r ve periton diyalizi uygulamas\u0131n\u0131n temel prensiplerini kavratmay\u0131 hedefler.<\/p>\n<p data-start=\"731\" data-end=\"998\">\ud83d\udc68\u200d\u2695\ufe0f <strong data-start=\"737\" data-end=\"773\">Ger\u00e7ek\u00e7i Tasar\u0131m ve Klinik Uyum:<\/strong><br data-start=\"773\" data-end=\"776\" \/>Sim\u00fclat\u00f6r, insan anatomisine uygun detayl\u0131 bir g\u00f6vde modeline sahiptir ve ger\u00e7ek bir <strong data-start=\"861\" data-end=\"883\">Tenckhoff kateteri<\/strong> ile donat\u0131lm\u0131\u015ft\u0131r. Kullan\u0131c\u0131lar bu sayede CAPD s\u00fcrecinin her a\u015famas\u0131n\u0131 birebir uygulamal\u0131 olarak deneyimleyebilir.<\/p>\n<p data-start=\"1000\" data-end=\"1041\">\ud83c\udf93 <strong data-start=\"1003\" data-end=\"1039\">E\u011fitim Ama\u00e7l\u0131 Kullan\u0131m Alanlar\u0131:<\/strong><\/p>\n<ul data-start=\"1042\" data-end=\"1197\">\n<li data-start=\"1042\" data-end=\"1065\">\n<p data-start=\"1044\" data-end=\"1065\">Hem\u015firelik okullar\u0131<\/p>\n<\/li>\n<li data-start=\"1066\" data-end=\"1109\">\n<p data-start=\"1068\" data-end=\"1109\">Nefroloji e\u011fitimi veren t\u0131p fak\u00fclteleri<\/p>\n<\/li>\n<li data-start=\"1110\" data-end=\"1139\">\n<p data-start=\"1112\" data-end=\"1139\">Diyaliz tekniker kurslar\u0131<\/p>\n<\/li>\n<li data-start=\"1140\" data-end=\"1168\">\n<p data-start=\"1142\" data-end=\"1168\">Hasta e\u011fitimi merkezleri<\/p>\n<\/li>\n<li data-start=\"1169\" data-end=\"1197\">\n<p data-start=\"1171\" data-end=\"1197\">Sim\u00fclasyon laboratuvarlar\u0131<\/p>\n<\/li>\n<\/ul>\n<p data-start=\"1199\" data-end=\"1219\">\ud83d\udd0d <strong data-start=\"1202\" data-end=\"1217\">\u00d6zellikler:<\/strong><\/p>\n<ul data-start=\"1220\" data-end=\"1548\">\n<li data-start=\"1220\" data-end=\"1298\">\n<p data-start=\"1222\" data-end=\"1298\">S\u00fcrekli ayaktan periton diyalizi (CAPD) tekniklerinin g\u00f6sterimi ve prati\u011fi<\/p>\n<\/li>\n<li data-start=\"1299\" data-end=\"1331\">\n<p data-start=\"1301\" data-end=\"1331\">Kateter tak\u0131l\u0131 halde sunulur<\/p>\n<\/li>\n<li data-start=\"1332\" data-end=\"1385\">\n<p data-start=\"1334\" data-end=\"1385\">Ta\u015f\u0131nabilir sert ta\u015f\u0131ma \u00e7antas\u0131yla birlikte gelir<\/p>\n<\/li>\n<li data-start=\"1386\" data-end=\"1472\">\n<p data-start=\"1388\" data-end=\"1472\">Kullan\u0131c\u0131ya, tedavi s\u00fcrecinde <strong data-start=\"1418\" data-end=\"1435\">g\u00fcven kazanma<\/strong> ve <strong data-start=\"1439\" data-end=\"1459\">uygulama prati\u011fi<\/strong> kazand\u0131r\u0131r<\/p>\n<\/li>\n<li data-start=\"1473\" data-end=\"1516\">\n<p data-start=\"1475\" data-end=\"1516\">Diyaliz malzemeleri sete dahil de\u011fildir<\/p>\n<\/li>\n<li data-start=\"1517\" data-end=\"1548\">\n<p data-start=\"1519\" data-end=\"1548\"><strong data-start=\"1519\" data-end=\"1536\">5 y\u0131l garanti<\/strong> ile sunulur<\/p>\n<\/li>\n<\/ul>\n<p data-start=\"1550\" data-end=\"1574\">\ud83d\udcd0 <strong data-start=\"1553\" data-end=\"1572\">\u00dcr\u00fcn Boyutlar\u0131:<\/strong><\/p>\n<ul data-start=\"1575\" data-end=\"1622\">\n<li data-start=\"1575\" data-end=\"1595\">\n<p data-start=\"1577\" data-end=\"1595\">25 x 13 x 20 in\u00e7<\/p>\n<\/li>\n<li data-start=\"1596\" data-end=\"1622\">\n<p data-start=\"1598\" data-end=\"1622\">Nakliye A\u011f\u0131rl\u0131\u011f\u0131: 23 lbs<\/p>\n<\/li>\n<\/ul>\n","protected":false},"excerpt":{"rendered":"<p>CAPD uygulamalar\u0131 i\u00e7in tasarlanm\u0131\u015f ger\u00e7ek\u00e7i sim\u00fclat\u00f6r; hasta e\u011fitimi ve sa\u011fl\u0131k personeli uygulamalar\u0131 i\u00e7in idealdir.<\/p>\n","protected":false},"featured_media":216,"comment_status":"open","ping_status":"closed","template":"","meta":[],"product_brand":[16],"product_cat":[15,17,78],"product_tag":[741,744,748,747,730,742,746,740,745,743,41],"class_list":{"0":"post-215","1":"product","2":"type-product","3":"status-publish","4":"has-post-thumbnail","6":"product_brand-nasco-healthcare","7":"product_cat-genel","8":"product_cat-nursing-patient-care","9":"product_cat-nasco-healthcare","10":"product_tag-capd-egitimi","11":"product_tag-diyaliz-egitimi-modeli","12":"product_tag-diyaliz-uygulama-maketi","13":"product_tag-hasta-egitimi-modeli","14":"product_tag-hemsirelik-simulasyon-ekipmani","15":"product_tag-life-form-lf01027","16":"product_tag-nefroloji-egitimi","17":"product_tag-periton-diyalizi-simulatoru","18":"product_tag-peritoneal-dialysis-trainer","19":"product_tag-tenckhoff-kateter-simulatoru","20":"product_tag-tibbi-simulasyon","22":"first","23":"instock","24":"shipping-taxable","25":"product-type-simple"},"yoast_head":"<!-- This site is optimized with the Yoast SEO plugin v25.2 - https:\/\/yoast.com\/wordpress\/plugins\/seo\/ -->\n<title>Life\/form\u00ae Periton Diyalizi Sim\u00fclat\u00f6r\u00fc \u2013 CAPD E\u011fitim Modeli [LF01027] - Merkim Maket<\/title>\n<meta name=\"description\" content=\"Life\/form\u00ae LF01027 Periton Diyalizi Sim\u00fclat\u00f6r\u00fc, CAPD e\u011fitimi i\u00e7in tasarlanm\u0131\u015f ger\u00e7ek\u00e7i ve etkili bir e\u011fitim arac\u0131d\u0131r. Tenckhoff kateterli model ile hasta ve sa\u011fl\u0131k personeli e\u011fitimi i\u00e7in idealdir.\" \/>\n<meta name=\"robots\" content=\"index, follow, max-snippet:-1, max-image-preview:large, max-video-preview:-1\" \/>\n<link rel=\"canonical\" href=\"https:\/\/merkim.com.tr\/merkim-maket\/urun\/life-form-periton-diyalizi-simulatoru-capd-egitim-modeli-lf01027\/\" \/>\n<meta property=\"og:locale\" content=\"tr_TR\" \/>\n<meta property=\"og:type\" content=\"article\" \/>\n<meta property=\"og:title\" content=\"Life\/form\u00ae Periton Diyalizi Sim\u00fclat\u00f6r\u00fc \u2013 CAPD E\u011fitim Modeli [LF01027] - Merkim Maket\" \/>\n<meta property=\"og:description\" content=\"Life\/form\u00ae LF01027 Periton Diyalizi Sim\u00fclat\u00f6r\u00fc, CAPD e\u011fitimi i\u00e7in tasarlanm\u0131\u015f ger\u00e7ek\u00e7i ve etkili bir e\u011fitim arac\u0131d\u0131r. Tenckhoff kateterli model ile hasta ve sa\u011fl\u0131k personeli e\u011fitimi i\u00e7in idealdir.\" \/>\n<meta property=\"og:url\" content=\"https:\/\/merkim.com.tr\/merkim-maket\/urun\/life-form-periton-diyalizi-simulatoru-capd-egitim-modeli-lf01027\/\" \/>\n<meta property=\"og:site_name\" content=\"Merkim Maket\" \/>\n<meta property=\"article:modified_time\" content=\"2025-06-25T14:44:32+00:00\" \/>\n<meta property=\"og:image\" content=\"https:\/\/merkim.com.tr\/merkim-maket\/wp-content\/uploads\/2025\/06\/lifeform-periton-diyalizi-simulator-egitim-lf01027.png\" \/>\n\t<meta property=\"og:image:width\" content=\"800\" \/>\n\t<meta property=\"og:image:height\" content=\"800\" \/>\n\t<meta property=\"og:image:type\" content=\"image\/png\" \/>\n<meta name=\"twitter:card\" content=\"summary_large_image\" \/>\n<meta name=\"twitter:label1\" content=\"Tahmini okuma s\u00fcresi\" \/>\n\t<meta name=\"twitter:data1\" content=\"2 dakika\" \/>\n<script type=\"application\/ld+json\" class=\"yoast-schema-graph\">{\"@context\":\"https:\/\/schema.org\",\"@graph\":[{\"@type\":\"WebPage\",\"@id\":\"https:\/\/merkim.com.tr\/merkim-maket\/urun\/life-form-periton-diyalizi-simulatoru-capd-egitim-modeli-lf01027\/\",\"url\":\"https:\/\/merkim.com.tr\/merkim-maket\/urun\/life-form-periton-diyalizi-simulatoru-capd-egitim-modeli-lf01027\/\",\"name\":\"Life\/form\u00ae Periton Diyalizi Sim\u00fclat\u00f6r\u00fc \u2013 CAPD E\u011fitim Modeli [LF01027] - Merkim Maket\",\"isPartOf\":{\"@id\":\"https:\/\/merkim.com.tr\/merkim-maket\/#website\"},\"primaryImageOfPage\":{\"@id\":\"https:\/\/merkim.com.tr\/merkim-maket\/urun\/life-form-periton-diyalizi-simulatoru-capd-egitim-modeli-lf01027\/#primaryimage\"},\"image\":{\"@id\":\"https:\/\/merkim.com.tr\/merkim-maket\/urun\/life-form-periton-diyalizi-simulatoru-capd-egitim-modeli-lf01027\/#primaryimage\"},\"thumbnailUrl\":\"https:\/\/merkim.com.tr\/merkim-maket\/wp-content\/uploads\/2025\/06\/lifeform-periton-diyalizi-simulator-egitim-lf01027.png\",\"datePublished\":\"2025-06-25T14:44:31+00:00\",\"dateModified\":\"2025-06-25T14:44:32+00:00\",\"description\":\"Life\/form\u00ae LF01027 Periton Diyalizi Sim\u00fclat\u00f6r\u00fc, CAPD e\u011fitimi i\u00e7in tasarlanm\u0131\u015f ger\u00e7ek\u00e7i ve etkili bir e\u011fitim arac\u0131d\u0131r. Tenckhoff kateterli model ile hasta ve sa\u011fl\u0131k personeli e\u011fitimi i\u00e7in idealdir.\",\"breadcrumb\":{\"@id\":\"https:\/\/merkim.com.tr\/merkim-maket\/urun\/life-form-periton-diyalizi-simulatoru-capd-egitim-modeli-lf01027\/#breadcrumb\"},\"inLanguage\":\"tr\",\"potentialAction\":[{\"@type\":\"ReadAction\",\"target\":[\"https:\/\/merkim.com.tr\/merkim-maket\/urun\/life-form-periton-diyalizi-simulatoru-capd-egitim-modeli-lf01027\/\"]}]},{\"@type\":\"ImageObject\",\"inLanguage\":\"tr\",\"@id\":\"https:\/\/merkim.com.tr\/merkim-maket\/urun\/life-form-periton-diyalizi-simulatoru-capd-egitim-modeli-lf01027\/#primaryimage\",\"url\":\"https:\/\/merkim.com.tr\/merkim-maket\/wp-content\/uploads\/2025\/06\/lifeform-periton-diyalizi-simulator-egitim-lf01027.png\",\"contentUrl\":\"https:\/\/merkim.com.tr\/merkim-maket\/wp-content\/uploads\/2025\/06\/lifeform-periton-diyalizi-simulator-egitim-lf01027.png\",\"width\":800,\"height\":800,\"caption\":\"Tenckhoff kateterli periton diyalizi sim\u00fclasyon modeli\"},{\"@type\":\"BreadcrumbList\",\"@id\":\"https:\/\/merkim.com.tr\/merkim-maket\/urun\/life-form-periton-diyalizi-simulatoru-capd-egitim-modeli-lf01027\/#breadcrumb\",\"itemListElement\":[{\"@type\":\"ListItem\",\"position\":1,\"name\":\"Anasayfa\",\"item\":\"https:\/\/merkim.com.tr\/merkim-maket\/\"},{\"@type\":\"ListItem\",\"position\":2,\"name\":\"Ma\u011faza\",\"item\":\"https:\/\/merkim.com.tr\/merkim-maket\/magaza\/\"},{\"@type\":\"ListItem\",\"position\":3,\"name\":\"Life\/form\u00ae Periton Diyalizi Sim\u00fclat\u00f6r\u00fc \u2013 CAPD E\u011fitim Modeli [LF01027]\"}]},{\"@type\":\"WebSite\",\"@id\":\"https:\/\/merkim.com.tr\/merkim-maket\/#website\",\"url\":\"https:\/\/merkim.com.tr\/merkim-maket\/\",\"name\":\"Merkim Maket\",\"description\":\"\",\"potentialAction\":[{\"@type\":\"SearchAction\",\"target\":{\"@type\":\"EntryPoint\",\"urlTemplate\":\"https:\/\/merkim.com.tr\/merkim-maket\/?s={search_term_string}\"},\"query-input\":{\"@type\":\"PropertyValueSpecification\",\"valueRequired\":true,\"valueName\":\"search_term_string\"}}],\"inLanguage\":\"tr\"}]}<\/script>\n<!-- \/ Yoast SEO plugin. -->","yoast_head_json":{"title":"Life\/form\u00ae Periton Diyalizi Sim\u00fclat\u00f6r\u00fc \u2013 CAPD E\u011fitim Modeli [LF01027] - Merkim Maket","description":"Life\/form\u00ae LF01027 Periton Diyalizi Sim\u00fclat\u00f6r\u00fc, CAPD e\u011fitimi i\u00e7in tasarlanm\u0131\u015f ger\u00e7ek\u00e7i ve etkili bir e\u011fitim arac\u0131d\u0131r. Tenckhoff kateterli model ile hasta ve sa\u011fl\u0131k personeli e\u011fitimi i\u00e7in idealdir.","robots":{"index":"index","follow":"follow","max-snippet":"max-snippet:-1","max-image-preview":"max-image-preview:large","max-video-preview":"max-video-preview:-1"},"canonical":"https:\/\/merkim.com.tr\/merkim-maket\/urun\/life-form-periton-diyalizi-simulatoru-capd-egitim-modeli-lf01027\/","og_locale":"tr_TR","og_type":"article","og_title":"Life\/form\u00ae Periton Diyalizi Sim\u00fclat\u00f6r\u00fc \u2013 CAPD E\u011fitim Modeli [LF01027] - Merkim Maket","og_description":"Life\/form\u00ae LF01027 Periton Diyalizi Sim\u00fclat\u00f6r\u00fc, CAPD e\u011fitimi i\u00e7in tasarlanm\u0131\u015f ger\u00e7ek\u00e7i ve etkili bir e\u011fitim arac\u0131d\u0131r. Tenckhoff kateterli model ile hasta ve sa\u011fl\u0131k personeli e\u011fitimi i\u00e7in idealdir.","og_url":"https:\/\/merkim.com.tr\/merkim-maket\/urun\/life-form-periton-diyalizi-simulatoru-capd-egitim-modeli-lf01027\/","og_site_name":"Merkim Maket","article_modified_time":"2025-06-25T14:44:32+00:00","og_image":[{"width":800,"height":800,"url":"https:\/\/merkim.com.tr\/merkim-maket\/wp-content\/uploads\/2025\/06\/lifeform-periton-diyalizi-simulator-egitim-lf01027.png","type":"image\/png"}],"twitter_card":"summary_large_image","twitter_misc":{"Tahmini okuma s\u00fcresi":"2 dakika"},"schema":{"@context":"https:\/\/schema.org","@graph":[{"@type":"WebPage","@id":"https:\/\/merkim.com.tr\/merkim-maket\/urun\/life-form-periton-diyalizi-simulatoru-capd-egitim-modeli-lf01027\/","url":"https:\/\/merkim.com.tr\/merkim-maket\/urun\/life-form-periton-diyalizi-simulatoru-capd-egitim-modeli-lf01027\/","name":"Life\/form\u00ae Periton Diyalizi Sim\u00fclat\u00f6r\u00fc \u2013 CAPD E\u011fitim Modeli [LF01027] - Merkim Maket","isPartOf":{"@id":"https:\/\/merkim.com.tr\/merkim-maket\/#website"},"primaryImageOfPage":{"@id":"https:\/\/merkim.com.tr\/merkim-maket\/urun\/life-form-periton-diyalizi-simulatoru-capd-egitim-modeli-lf01027\/#primaryimage"},"image":{"@id":"https:\/\/merkim.com.tr\/merkim-maket\/urun\/life-form-periton-diyalizi-simulatoru-capd-egitim-modeli-lf01027\/#primaryimage"},"thumbnailUrl":"https:\/\/merkim.com.tr\/merkim-maket\/wp-content\/uploads\/2025\/06\/lifeform-periton-diyalizi-simulator-egitim-lf01027.png","datePublished":"2025-06-25T14:44:31+00:00","dateModified":"2025-06-25T14:44:32+00:00","description":"Life\/form\u00ae LF01027 Periton Diyalizi Sim\u00fclat\u00f6r\u00fc, CAPD e\u011fitimi i\u00e7in tasarlanm\u0131\u015f ger\u00e7ek\u00e7i ve etkili bir e\u011fitim arac\u0131d\u0131r. Tenckhoff kateterli model ile hasta ve sa\u011fl\u0131k personeli e\u011fitimi i\u00e7in idealdir.","breadcrumb":{"@id":"https:\/\/merkim.com.tr\/merkim-maket\/urun\/life-form-periton-diyalizi-simulatoru-capd-egitim-modeli-lf01027\/#breadcrumb"},"inLanguage":"tr","potentialAction":[{"@type":"ReadAction","target":["https:\/\/merkim.com.tr\/merkim-maket\/urun\/life-form-periton-diyalizi-simulatoru-capd-egitim-modeli-lf01027\/"]}]},{"@type":"ImageObject","inLanguage":"tr","@id":"https:\/\/merkim.com.tr\/merkim-maket\/urun\/life-form-periton-diyalizi-simulatoru-capd-egitim-modeli-lf01027\/#primaryimage","url":"https:\/\/merkim.com.tr\/merkim-maket\/wp-content\/uploads\/2025\/06\/lifeform-periton-diyalizi-simulator-egitim-lf01027.png","contentUrl":"https:\/\/merkim.com.tr\/merkim-maket\/wp-content\/uploads\/2025\/06\/lifeform-periton-diyalizi-simulator-egitim-lf01027.png","width":800,"height":800,"caption":"Tenckhoff kateterli periton diyalizi sim\u00fclasyon modeli"},{"@type":"BreadcrumbList","@id":"https:\/\/merkim.com.tr\/merkim-maket\/urun\/life-form-periton-diyalizi-simulatoru-capd-egitim-modeli-lf01027\/#breadcrumb","itemListElement":[{"@type":"ListItem","position":1,"name":"Anasayfa","item":"https:\/\/merkim.com.tr\/merkim-maket\/"},{"@type":"ListItem","position":2,"name":"Ma\u011faza","item":"https:\/\/merkim.com.tr\/merkim-maket\/magaza\/"},{"@type":"ListItem","position":3,"name":"Life\/form\u00ae Periton Diyalizi Sim\u00fclat\u00f6r\u00fc \u2013 CAPD E\u011fitim Modeli [LF01027]"}]},{"@type":"WebSite","@id":"https:\/\/merkim.com.tr\/merkim-maket\/#website","url":"https:\/\/merkim.com.tr\/merkim-maket\/","name":"Merkim Maket","description":"","potentialAction":[{"@type":"SearchAction","target":{"@type":"EntryPoint","urlTemplate":"https:\/\/merkim.com.tr\/merkim-maket\/?s={search_term_string}"},"query-input":{"@type":"PropertyValueSpecification","valueRequired":true,"valueName":"search_term_string"}}],"inLanguage":"tr"}]}},"_links":{"self":[{"href":"https:\/\/merkim.com.tr\/merkim-maket\/wp-json\/wp\/v2\/product\/215","targetHints":{"allow":["GET"]}}],"collection":[{"href":"https:\/\/merkim.com.tr\/merkim-maket\/wp-json\/wp\/v2\/product"}],"about":[{"href":"https:\/\/merkim.com.tr\/merkim-maket\/wp-json\/wp\/v2\/types\/product"}],"replies":[{"embeddable":true,"href":"https:\/\/merkim.com.tr\/merkim-maket\/wp-json\/wp\/v2\/comments?post=215"}],"wp:featuredmedia":[{"embeddable":true,"href":"https:\/\/merkim.com.tr\/merkim-maket\/wp-json\/wp\/v2\/media\/216"}],"wp:attachment":[{"href":"https:\/\/merkim.com.tr\/merkim-maket\/wp-json\/wp\/v2\/media?parent=215"}],"wp:term":[{"taxonomy":"product_brand","embeddable":true,"href":"https:\/\/merkim.com.tr\/merkim-maket\/wp-json\/wp\/v2\/product_brand?post=215"},{"taxonomy":"product_cat","embeddable":true,"href":"https:\/\/merkim.com.tr\/merkim-maket\/wp-json\/wp\/v2\/product_cat?post=215"},{"taxonomy":"product_tag","embeddable":true,"href":"https:\/\/merkim.com.tr\/merkim-maket\/wp-json\/wp\/v2\/product_tag?post=215"}],"curies":[{"name":"wp","href":"https:\/\/api.w.org\/{rel}","templated":true}]}}