{"id":213,"date":"2025-06-25T14:37:12","date_gmt":"2025-06-25T14:37:12","guid":{"rendered":"https:\/\/merkim.com.tr\/merkim-maket\/?post_type=product&#038;p=213"},"modified":"2025-06-25T14:37:12","modified_gmt":"2025-06-25T14:37:12","slug":"life-form-venatech-im-subq-enjeksiyon-simulatoru-acik-ten-lf01184","status":"publish","type":"product","link":"https:\/\/merkim.com.tr\/merkim-maket\/urun\/life-form-venatech-im-subq-enjeksiyon-simulatoru-acik-ten-lf01184\/","title":{"rendered":"Life\/form\u00ae Venatech IM &#038; SubQ Enjeksiyon Sim\u00fclat\u00f6r\u00fc \u2013 A\u00e7\u0131k Ten [LF01184]"},"content":{"rendered":"<p data-start=\"401\" data-end=\"785\"><strong data-start=\"401\" data-end=\"462\">Life\/form\u00ae Venatech IM &amp; SubQ Simulator \u2013 Light [LF01184]<\/strong>, hem <strong data-start=\"468\" data-end=\"490\">intram\u00fcsk\u00fcler (IM)<\/strong> hem de <strong data-start=\"498\" data-end=\"517\">subkutan (SubQ)<\/strong> enjeksiyon tekniklerinin \u00f6\u011fretimi i\u00e7in geli\u015ftirilmi\u015f, <strong data-start=\"572\" data-end=\"604\">ger\u00e7ek\u00e7i doku yap\u0131s\u0131na sahip<\/strong>, yenilik\u00e7i bir e\u011fitim sim\u00fclat\u00f6r\u00fcd\u00fcr. Klinik ger\u00e7ekli\u011fe yak\u0131n tasar\u0131m\u0131 sayesinde \u00f6\u011frenciler, teorik bilgilerini pratikte test edebilir ve kritik d\u00fc\u015f\u00fcnme becerilerini peki\u015ftirebilir.<\/p>\n<p data-start=\"787\" data-end=\"817\">\ud83d\udc89 <strong data-start=\"790\" data-end=\"815\">\u00d6ne \u00c7\u0131kan \u00d6zellikler:<\/strong><\/p>\n<ul data-start=\"818\" data-end=\"1498\">\n<li data-start=\"818\" data-end=\"1054\">\n<p data-start=\"820\" data-end=\"1054\"><strong data-start=\"820\" data-end=\"844\">Aspirasyon Deneyimi:<\/strong> Derin dokuya yerle\u015ftirilmi\u015f sim\u00fcle damarlar sayesinde, i\u011fne aspirasyonu s\u0131ras\u0131nda enjekt\u00f6r ucunda sahte kan\u0131n g\u00f6r\u00fclmesi sa\u011flan\u0131r. Bu, e\u011fitimde do\u011fru enjeksiyon tekni\u011finin kazand\u0131r\u0131lmas\u0131na b\u00fcy\u00fck katk\u0131 sa\u011flar.<\/p>\n<\/li>\n<li data-start=\"1055\" data-end=\"1247\">\n<p data-start=\"1057\" data-end=\"1247\"><strong data-start=\"1057\" data-end=\"1084\">\u00c7oklu uygulama b\u00f6lgesi:<\/strong> Sim\u00fclat\u00f6r, <strong data-start=\"1096\" data-end=\"1112\">deltoid kas\u0131<\/strong>, <strong data-start=\"1114\" data-end=\"1134\">vastus lateralis<\/strong>, <strong data-start=\"1136\" data-end=\"1154\">rectus femoris<\/strong>, <strong data-start=\"1156\" data-end=\"1173\">ventrogluteal<\/strong> ve <strong data-start=\"1177\" data-end=\"1193\">dorsogluteal<\/strong> b\u00f6lgelerle uyumlu olacak \u015fekilde yerle\u015ftirilebilir.<\/p>\n<\/li>\n<li data-start=\"1248\" data-end=\"1388\">\n<p data-start=\"1250\" data-end=\"1388\"><strong data-start=\"1250\" data-end=\"1268\">Ger\u00e7ek\u00e7i doku:<\/strong> Yumu\u015fak, cilt benzeri dokusu ve anatomik olarak do\u011fru tasar\u0131m\u0131 sayesinde uygulama s\u0131ras\u0131nda do\u011fal diren\u00e7 hissi verir.<\/p>\n<\/li>\n<li data-start=\"1389\" data-end=\"1498\">\n<p data-start=\"1391\" data-end=\"1498\"><strong data-start=\"1391\" data-end=\"1412\">Ta\u015f\u0131nabilir yap\u0131:<\/strong> Kompakt boyutlar\u0131 sayesinde farkl\u0131 s\u0131n\u0131f ortamlar\u0131nda kolayca ta\u015f\u0131n\u0131p kullan\u0131labilir.<\/p>\n<\/li>\n<\/ul>\n<p data-start=\"1500\" data-end=\"1523\">\ud83d\udce6 <strong data-start=\"1503\" data-end=\"1521\">Paket \u0130\u00e7eri\u011fi:<\/strong><\/p>\n<ul data-start=\"1524\" data-end=\"1613\">\n<li data-start=\"1524\" data-end=\"1575\">\n<p data-start=\"1526\" data-end=\"1575\">Enjeksiyon pedi (6.75 in\u00e7 x 3.25 in\u00e7 x 1.5 in\u00e7)<\/p>\n<\/li>\n<li data-start=\"1576\" data-end=\"1595\">\n<p data-start=\"1578\" data-end=\"1595\">\u00d6\u011fretim rehberi<\/p>\n<\/li>\n<li data-start=\"1596\" data-end=\"1613\">\n<p data-start=\"1598\" data-end=\"1613\">5 y\u0131l garanti<\/p>\n<\/li>\n<\/ul>\n<p data-start=\"1615\" data-end=\"1639\">\ud83e\udde9 <strong data-start=\"1618\" data-end=\"1637\">Yedek Par\u00e7alar:<\/strong><\/p>\n<ul data-start=\"1640\" data-end=\"1780\">\n<li data-start=\"1640\" data-end=\"1670\">\n<p data-start=\"1642\" data-end=\"1670\">LF01188 K\u0131rm\u0131z\u0131 Kan Paketi<\/p>\n<\/li>\n<li data-start=\"1671\" data-end=\"1722\">\n<p data-start=\"1673\" data-end=\"1722\">LF01177 Venatech IM &amp; SubQ Sim\u00fclat\u00f6r Damar Seti<\/p>\n<\/li>\n<li data-start=\"1723\" data-end=\"1780\">\n<p data-start=\"1725\" data-end=\"1780\">LF01186 Venatech IM &amp; SubQ Sim\u00fclat\u00f6r Cilt ve Damar Seti<\/p>\n<\/li>\n<\/ul>\n<p data-start=\"1782\" data-end=\"1809\">\ud83d\udcda <strong data-start=\"1785\" data-end=\"1807\">Kullan\u0131m Alanlar\u0131:<\/strong><\/p>\n<ul data-start=\"1810\" data-end=\"1949\">\n<li data-start=\"1810\" data-end=\"1833\">\n<p data-start=\"1812\" data-end=\"1833\">Hem\u015firelik okullar\u0131<\/p>\n<\/li>\n<li data-start=\"1834\" data-end=\"1866\">\n<p data-start=\"1836\" data-end=\"1866\">T\u0131bbi beceri laboratuvarlar\u0131<\/p>\n<\/li>\n<li data-start=\"1867\" data-end=\"1892\">\n<p data-start=\"1869\" data-end=\"1892\">Meslek y\u00fcksekokullar\u0131<\/p>\n<\/li>\n<li data-start=\"1893\" data-end=\"1918\">\n<p data-start=\"1895\" data-end=\"1918\">Sim\u00fclasyon merkezleri<\/p>\n<\/li>\n<li data-start=\"1919\" data-end=\"1949\">\n<p data-start=\"1921\" data-end=\"1949\">Sa\u011fl\u0131k e\u011fitimi veren kurslar<\/p>\n<\/li>\n<\/ul>\n","protected":false},"excerpt":{"rendered":"<p>IM ve SubQ enjeksiyon uygulamalar\u0131n\u0131, aspirasyon deneyimiyle birlikte ger\u00e7ek\u00e7i \u015fekilde \u00f6\u011freten e\u011fitim sim\u00fclat\u00f6r\u00fc.<\/p>\n","protected":false},"featured_media":214,"comment_status":"open","ping_status":"closed","template":"","meta":[],"product_brand":[16],"product_cat":[15,17,78],"product_tag":[725,283,738,734,284,736,737,739,733,735],"class_list":{"0":"post-213","1":"product","2":"type-product","3":"status-publish","4":"has-post-thumbnail","6":"product_brand-nasco-healthcare","7":"product_cat-genel","8":"product_cat-nursing-patient-care","9":"product_cat-nasco-healthcare","10":"product_tag-enjeksiyon-mankeni","11":"product_tag-enjeksiyon-simulatoru","12":"product_tag-hemsirelik-egitimi-simulasyon","13":"product_tag-im-subq-trainer","14":"product_tag-intramuskuler-enjeksiyon-egitimi","15":"product_tag-lf01184","16":"product_tag-lifeform-enjeksiyon-pedi","17":"product_tag-sahte-kanli-enjeksiyon-modeli","18":"product_tag-subkutan-enjeksiyon-egitimi","19":"product_tag-venatech-simulator","21":"first","22":"instock","23":"shipping-taxable","24":"product-type-simple"},"yoast_head":"<!-- This site is optimized with the Yoast SEO plugin v25.2 - https:\/\/yoast.com\/wordpress\/plugins\/seo\/ -->\n<title>Life\/form\u00ae Venatech IM &amp; SubQ Enjeksiyon Sim\u00fclat\u00f6r\u00fc \u2013 A\u00e7\u0131k Ten [LF01184] - Merkim Maket<\/title>\n<meta name=\"description\" content=\"Life\/form\u00ae LF01184 IM ve SubQ enjeksiyon sim\u00fclat\u00f6r\u00fc, ger\u00e7ek\u00e7i aspirasyon deneyimi ile sa\u011fl\u0131k \u00f6\u011frencilerine profesyonel uygulama prati\u011fi sunar. Klinik e\u011fitim i\u00e7in ideal bir sim\u00fclasyon \u00e7\u00f6z\u00fcm\u00fcd\u00fcr.\" \/>\n<meta name=\"robots\" content=\"index, follow, max-snippet:-1, max-image-preview:large, max-video-preview:-1\" \/>\n<link rel=\"canonical\" href=\"https:\/\/merkim.com.tr\/merkim-maket\/urun\/life-form-venatech-im-subq-enjeksiyon-simulatoru-acik-ten-lf01184\/\" \/>\n<meta property=\"og:locale\" content=\"tr_TR\" \/>\n<meta property=\"og:type\" content=\"article\" \/>\n<meta property=\"og:title\" content=\"Life\/form\u00ae Venatech IM &amp; SubQ Enjeksiyon Sim\u00fclat\u00f6r\u00fc \u2013 A\u00e7\u0131k Ten [LF01184] - Merkim Maket\" \/>\n<meta property=\"og:description\" content=\"Life\/form\u00ae LF01184 IM ve SubQ enjeksiyon sim\u00fclat\u00f6r\u00fc, ger\u00e7ek\u00e7i aspirasyon deneyimi ile sa\u011fl\u0131k \u00f6\u011frencilerine profesyonel uygulama prati\u011fi sunar. Klinik e\u011fitim i\u00e7in ideal bir sim\u00fclasyon \u00e7\u00f6z\u00fcm\u00fcd\u00fcr.\" \/>\n<meta property=\"og:url\" content=\"https:\/\/merkim.com.tr\/merkim-maket\/urun\/life-form-venatech-im-subq-enjeksiyon-simulatoru-acik-ten-lf01184\/\" \/>\n<meta property=\"og:site_name\" content=\"Merkim Maket\" \/>\n<meta property=\"og:image\" content=\"https:\/\/merkim.com.tr\/merkim-maket\/wp-content\/uploads\/2025\/06\/venatech-im-subq-simulator-light-lifeform-lf01184.png\" \/>\n\t<meta property=\"og:image:width\" content=\"800\" \/>\n\t<meta property=\"og:image:height\" content=\"800\" \/>\n\t<meta property=\"og:image:type\" content=\"image\/png\" \/>\n<meta name=\"twitter:card\" content=\"summary_large_image\" \/>\n<meta name=\"twitter:label1\" content=\"Tahmini okuma s\u00fcresi\" \/>\n\t<meta name=\"twitter:data1\" content=\"2 dakika\" \/>\n<script type=\"application\/ld+json\" class=\"yoast-schema-graph\">{\"@context\":\"https:\/\/schema.org\",\"@graph\":[{\"@type\":\"WebPage\",\"@id\":\"https:\/\/merkim.com.tr\/merkim-maket\/urun\/life-form-venatech-im-subq-enjeksiyon-simulatoru-acik-ten-lf01184\/\",\"url\":\"https:\/\/merkim.com.tr\/merkim-maket\/urun\/life-form-venatech-im-subq-enjeksiyon-simulatoru-acik-ten-lf01184\/\",\"name\":\"Life\/form\u00ae Venatech IM & SubQ Enjeksiyon Sim\u00fclat\u00f6r\u00fc \u2013 A\u00e7\u0131k Ten [LF01184] - Merkim Maket\",\"isPartOf\":{\"@id\":\"https:\/\/merkim.com.tr\/merkim-maket\/#website\"},\"primaryImageOfPage\":{\"@id\":\"https:\/\/merkim.com.tr\/merkim-maket\/urun\/life-form-venatech-im-subq-enjeksiyon-simulatoru-acik-ten-lf01184\/#primaryimage\"},\"image\":{\"@id\":\"https:\/\/merkim.com.tr\/merkim-maket\/urun\/life-form-venatech-im-subq-enjeksiyon-simulatoru-acik-ten-lf01184\/#primaryimage\"},\"thumbnailUrl\":\"https:\/\/merkim.com.tr\/merkim-maket\/wp-content\/uploads\/2025\/06\/venatech-im-subq-simulator-light-lifeform-lf01184.png\",\"datePublished\":\"2025-06-25T14:37:12+00:00\",\"description\":\"Life\/form\u00ae LF01184 IM ve SubQ enjeksiyon sim\u00fclat\u00f6r\u00fc, ger\u00e7ek\u00e7i aspirasyon deneyimi ile sa\u011fl\u0131k \u00f6\u011frencilerine profesyonel uygulama prati\u011fi sunar. Klinik e\u011fitim i\u00e7in ideal bir sim\u00fclasyon \u00e7\u00f6z\u00fcm\u00fcd\u00fcr.\",\"breadcrumb\":{\"@id\":\"https:\/\/merkim.com.tr\/merkim-maket\/urun\/life-form-venatech-im-subq-enjeksiyon-simulatoru-acik-ten-lf01184\/#breadcrumb\"},\"inLanguage\":\"tr\",\"potentialAction\":[{\"@type\":\"ReadAction\",\"target\":[\"https:\/\/merkim.com.tr\/merkim-maket\/urun\/life-form-venatech-im-subq-enjeksiyon-simulatoru-acik-ten-lf01184\/\"]}]},{\"@type\":\"ImageObject\",\"inLanguage\":\"tr\",\"@id\":\"https:\/\/merkim.com.tr\/merkim-maket\/urun\/life-form-venatech-im-subq-enjeksiyon-simulatoru-acik-ten-lf01184\/#primaryimage\",\"url\":\"https:\/\/merkim.com.tr\/merkim-maket\/wp-content\/uploads\/2025\/06\/venatech-im-subq-simulator-light-lifeform-lf01184.png\",\"contentUrl\":\"https:\/\/merkim.com.tr\/merkim-maket\/wp-content\/uploads\/2025\/06\/venatech-im-subq-simulator-light-lifeform-lf01184.png\",\"width\":800,\"height\":800,\"caption\":\"IM ve SubQ enjeksiyon uygulamalar\u0131 i\u00e7in aspirasyon \u00f6zellikli ger\u00e7ek\u00e7i e\u011fitim pedi\"},{\"@type\":\"BreadcrumbList\",\"@id\":\"https:\/\/merkim.com.tr\/merkim-maket\/urun\/life-form-venatech-im-subq-enjeksiyon-simulatoru-acik-ten-lf01184\/#breadcrumb\",\"itemListElement\":[{\"@type\":\"ListItem\",\"position\":1,\"name\":\"Anasayfa\",\"item\":\"https:\/\/merkim.com.tr\/merkim-maket\/\"},{\"@type\":\"ListItem\",\"position\":2,\"name\":\"Ma\u011faza\",\"item\":\"https:\/\/merkim.com.tr\/merkim-maket\/magaza\/\"},{\"@type\":\"ListItem\",\"position\":3,\"name\":\"Life\/form\u00ae Venatech IM &#038; SubQ Enjeksiyon Sim\u00fclat\u00f6r\u00fc \u2013 A\u00e7\u0131k Ten [LF01184]\"}]},{\"@type\":\"WebSite\",\"@id\":\"https:\/\/merkim.com.tr\/merkim-maket\/#website\",\"url\":\"https:\/\/merkim.com.tr\/merkim-maket\/\",\"name\":\"Merkim Maket\",\"description\":\"\",\"potentialAction\":[{\"@type\":\"SearchAction\",\"target\":{\"@type\":\"EntryPoint\",\"urlTemplate\":\"https:\/\/merkim.com.tr\/merkim-maket\/?s={search_term_string}\"},\"query-input\":{\"@type\":\"PropertyValueSpecification\",\"valueRequired\":true,\"valueName\":\"search_term_string\"}}],\"inLanguage\":\"tr\"}]}<\/script>\n<!-- \/ Yoast SEO plugin. -->","yoast_head_json":{"title":"Life\/form\u00ae Venatech IM & SubQ Enjeksiyon Sim\u00fclat\u00f6r\u00fc \u2013 A\u00e7\u0131k Ten [LF01184] - Merkim Maket","description":"Life\/form\u00ae LF01184 IM ve SubQ enjeksiyon sim\u00fclat\u00f6r\u00fc, ger\u00e7ek\u00e7i aspirasyon deneyimi ile sa\u011fl\u0131k \u00f6\u011frencilerine profesyonel uygulama prati\u011fi sunar. Klinik e\u011fitim i\u00e7in ideal bir sim\u00fclasyon \u00e7\u00f6z\u00fcm\u00fcd\u00fcr.","robots":{"index":"index","follow":"follow","max-snippet":"max-snippet:-1","max-image-preview":"max-image-preview:large","max-video-preview":"max-video-preview:-1"},"canonical":"https:\/\/merkim.com.tr\/merkim-maket\/urun\/life-form-venatech-im-subq-enjeksiyon-simulatoru-acik-ten-lf01184\/","og_locale":"tr_TR","og_type":"article","og_title":"Life\/form\u00ae Venatech IM & SubQ Enjeksiyon Sim\u00fclat\u00f6r\u00fc \u2013 A\u00e7\u0131k Ten [LF01184] - Merkim Maket","og_description":"Life\/form\u00ae LF01184 IM ve SubQ enjeksiyon sim\u00fclat\u00f6r\u00fc, ger\u00e7ek\u00e7i aspirasyon deneyimi ile sa\u011fl\u0131k \u00f6\u011frencilerine profesyonel uygulama prati\u011fi sunar. Klinik e\u011fitim i\u00e7in ideal bir sim\u00fclasyon \u00e7\u00f6z\u00fcm\u00fcd\u00fcr.","og_url":"https:\/\/merkim.com.tr\/merkim-maket\/urun\/life-form-venatech-im-subq-enjeksiyon-simulatoru-acik-ten-lf01184\/","og_site_name":"Merkim Maket","og_image":[{"width":800,"height":800,"url":"https:\/\/merkim.com.tr\/merkim-maket\/wp-content\/uploads\/2025\/06\/venatech-im-subq-simulator-light-lifeform-lf01184.png","type":"image\/png"}],"twitter_card":"summary_large_image","twitter_misc":{"Tahmini okuma s\u00fcresi":"2 dakika"},"schema":{"@context":"https:\/\/schema.org","@graph":[{"@type":"WebPage","@id":"https:\/\/merkim.com.tr\/merkim-maket\/urun\/life-form-venatech-im-subq-enjeksiyon-simulatoru-acik-ten-lf01184\/","url":"https:\/\/merkim.com.tr\/merkim-maket\/urun\/life-form-venatech-im-subq-enjeksiyon-simulatoru-acik-ten-lf01184\/","name":"Life\/form\u00ae Venatech IM & SubQ Enjeksiyon Sim\u00fclat\u00f6r\u00fc \u2013 A\u00e7\u0131k Ten [LF01184] - Merkim Maket","isPartOf":{"@id":"https:\/\/merkim.com.tr\/merkim-maket\/#website"},"primaryImageOfPage":{"@id":"https:\/\/merkim.com.tr\/merkim-maket\/urun\/life-form-venatech-im-subq-enjeksiyon-simulatoru-acik-ten-lf01184\/#primaryimage"},"image":{"@id":"https:\/\/merkim.com.tr\/merkim-maket\/urun\/life-form-venatech-im-subq-enjeksiyon-simulatoru-acik-ten-lf01184\/#primaryimage"},"thumbnailUrl":"https:\/\/merkim.com.tr\/merkim-maket\/wp-content\/uploads\/2025\/06\/venatech-im-subq-simulator-light-lifeform-lf01184.png","datePublished":"2025-06-25T14:37:12+00:00","description":"Life\/form\u00ae LF01184 IM ve SubQ enjeksiyon sim\u00fclat\u00f6r\u00fc, ger\u00e7ek\u00e7i aspirasyon deneyimi ile sa\u011fl\u0131k \u00f6\u011frencilerine profesyonel uygulama prati\u011fi sunar. Klinik e\u011fitim i\u00e7in ideal bir sim\u00fclasyon \u00e7\u00f6z\u00fcm\u00fcd\u00fcr.","breadcrumb":{"@id":"https:\/\/merkim.com.tr\/merkim-maket\/urun\/life-form-venatech-im-subq-enjeksiyon-simulatoru-acik-ten-lf01184\/#breadcrumb"},"inLanguage":"tr","potentialAction":[{"@type":"ReadAction","target":["https:\/\/merkim.com.tr\/merkim-maket\/urun\/life-form-venatech-im-subq-enjeksiyon-simulatoru-acik-ten-lf01184\/"]}]},{"@type":"ImageObject","inLanguage":"tr","@id":"https:\/\/merkim.com.tr\/merkim-maket\/urun\/life-form-venatech-im-subq-enjeksiyon-simulatoru-acik-ten-lf01184\/#primaryimage","url":"https:\/\/merkim.com.tr\/merkim-maket\/wp-content\/uploads\/2025\/06\/venatech-im-subq-simulator-light-lifeform-lf01184.png","contentUrl":"https:\/\/merkim.com.tr\/merkim-maket\/wp-content\/uploads\/2025\/06\/venatech-im-subq-simulator-light-lifeform-lf01184.png","width":800,"height":800,"caption":"IM ve SubQ enjeksiyon uygulamalar\u0131 i\u00e7in aspirasyon \u00f6zellikli ger\u00e7ek\u00e7i e\u011fitim pedi"},{"@type":"BreadcrumbList","@id":"https:\/\/merkim.com.tr\/merkim-maket\/urun\/life-form-venatech-im-subq-enjeksiyon-simulatoru-acik-ten-lf01184\/#breadcrumb","itemListElement":[{"@type":"ListItem","position":1,"name":"Anasayfa","item":"https:\/\/merkim.com.tr\/merkim-maket\/"},{"@type":"ListItem","position":2,"name":"Ma\u011faza","item":"https:\/\/merkim.com.tr\/merkim-maket\/magaza\/"},{"@type":"ListItem","position":3,"name":"Life\/form\u00ae Venatech IM &#038; SubQ Enjeksiyon Sim\u00fclat\u00f6r\u00fc \u2013 A\u00e7\u0131k Ten [LF01184]"}]},{"@type":"WebSite","@id":"https:\/\/merkim.com.tr\/merkim-maket\/#website","url":"https:\/\/merkim.com.tr\/merkim-maket\/","name":"Merkim Maket","description":"","potentialAction":[{"@type":"SearchAction","target":{"@type":"EntryPoint","urlTemplate":"https:\/\/merkim.com.tr\/merkim-maket\/?s={search_term_string}"},"query-input":{"@type":"PropertyValueSpecification","valueRequired":true,"valueName":"search_term_string"}}],"inLanguage":"tr"}]}},"_links":{"self":[{"href":"https:\/\/merkim.com.tr\/merkim-maket\/wp-json\/wp\/v2\/product\/213","targetHints":{"allow":["GET"]}}],"collection":[{"href":"https:\/\/merkim.com.tr\/merkim-maket\/wp-json\/wp\/v2\/product"}],"about":[{"href":"https:\/\/merkim.com.tr\/merkim-maket\/wp-json\/wp\/v2\/types\/product"}],"replies":[{"embeddable":true,"href":"https:\/\/merkim.com.tr\/merkim-maket\/wp-json\/wp\/v2\/comments?post=213"}],"wp:featuredmedia":[{"embeddable":true,"href":"https:\/\/merkim.com.tr\/merkim-maket\/wp-json\/wp\/v2\/media\/214"}],"wp:attachment":[{"href":"https:\/\/merkim.com.tr\/merkim-maket\/wp-json\/wp\/v2\/media?parent=213"}],"wp:term":[{"taxonomy":"product_brand","embeddable":true,"href":"https:\/\/merkim.com.tr\/merkim-maket\/wp-json\/wp\/v2\/product_brand?post=213"},{"taxonomy":"product_cat","embeddable":true,"href":"https:\/\/merkim.com.tr\/merkim-maket\/wp-json\/wp\/v2\/product_cat?post=213"},{"taxonomy":"product_tag","embeddable":true,"href":"https:\/\/merkim.com.tr\/merkim-maket\/wp-json\/wp\/v2\/product_tag?post=213"}],"curies":[{"name":"wp","href":"https:\/\/api.w.org\/{rel}","templated":true}]}}