{"id":211,"date":"2025-06-25T14:13:02","date_gmt":"2025-06-25T14:13:02","guid":{"rendered":"https:\/\/merkim.com.tr\/merkim-maket\/?post_type=product&#038;p=211"},"modified":"2025-06-25T14:13:03","modified_gmt":"2025-06-25T14:13:03","slug":"life-form-deri-ici-enjeksiyon-simulatoru-acik-ten-lf01008","status":"publish","type":"product","link":"https:\/\/merkim.com.tr\/merkim-maket\/urun\/life-form-deri-ici-enjeksiyon-simulatoru-acik-ten-lf01008\/","title":{"rendered":"Life\/form\u00ae Deri \u0130\u00e7i Enjeksiyon Sim\u00fclat\u00f6r\u00fc \u2013 A\u00e7\u0131k Ten [LF01008]"},"content":{"rendered":"<p data-start=\"335\" data-end=\"611\"><strong data-start=\"335\" data-end=\"399\">Life\/form\u00ae Intradermal Injection Simulator \u2013 Light [LF01008]<\/strong>, sa\u011fl\u0131k profesyonellerine ve \u00f6\u011frencilere <strong data-start=\"441\" data-end=\"478\">intradermal (deri i\u00e7i) enjeksiyon<\/strong> tekniklerini do\u011fru ve g\u00fcvenli bi\u00e7imde \u00f6\u011fretmek amac\u0131yla geli\u015ftirilmi\u015f, <strong data-start=\"550\" data-end=\"585\">ger\u00e7ek insan anatomisine dayal\u0131<\/strong> bir e\u011fitim sim\u00fclat\u00f6r\u00fcd\u00fcr.<\/p>\n<p data-start=\"613\" data-end=\"978\">Bu sim\u00fclat\u00f6r, bilekten dirse\u011fe kadar olan bir \u00f6nkolun ger\u00e7ek kal\u0131plamas\u0131ndan \u00fcretilmi\u015ftir ve toplam <strong data-start=\"713\" data-end=\"744\">8 farkl\u0131 enjeksiyon b\u00f6lgesi<\/strong> i\u00e7erir. Her enjeksiyon alan\u0131, uygun \u015fekilde enjekte edilen s\u0131v\u0131yla birlikte tipik bir <strong data-start=\"831\" data-end=\"857\">deri kabart\u0131s\u0131 (wheal)<\/strong> olu\u015fturur. Uygulama sonras\u0131nda s\u0131v\u0131 \u00e7ekildi\u011finde bu kabar\u0131kl\u0131k ortadan kalkar ve b\u00f6lge tekrar kullan\u0131labilir hale gelir.<\/p>\n<p data-start=\"980\" data-end=\"1008\">\ud83d\udd0d <strong data-start=\"983\" data-end=\"1008\">\u00d6ne \u00c7\u0131kan \u00d6zellikler:<\/strong><\/p>\n<ul data-start=\"1009\" data-end=\"1537\">\n<li data-start=\"1009\" data-end=\"1107\">\n<p data-start=\"1011\" data-end=\"1107\"><strong data-start=\"1011\" data-end=\"1035\">Ger\u00e7ek \u00f6nkol kal\u0131b\u0131:<\/strong> Y\u00fcksek anatomik do\u011fruluk sayesinde ger\u00e7ek uygulamaya en yak\u0131n deneyim<\/p>\n<\/li>\n<li data-start=\"1108\" data-end=\"1207\">\n<p data-start=\"1110\" data-end=\"1207\"><strong data-start=\"1110\" data-end=\"1140\">8 ayr\u0131 enjeksiyon noktas\u0131:<\/strong> Her biri onlarca \u00f6\u011frenci taraf\u0131ndan tekrar tekrar kullan\u0131labilir<\/p>\n<\/li>\n<li data-start=\"1208\" data-end=\"1310\">\n<p data-start=\"1210\" data-end=\"1310\"><strong data-start=\"1210\" data-end=\"1244\">Do\u011fru uygulama geri bildirimi:<\/strong> Enjeksiyon do\u011fru yap\u0131ld\u0131\u011f\u0131nda karakteristik cilt \u015fi\u015fli\u011fi olu\u015fur<\/p>\n<\/li>\n<li data-start=\"1311\" data-end=\"1451\">\n<p data-start=\"1313\" data-end=\"1451\"><strong data-start=\"1313\" data-end=\"1349\">Cilt onar\u0131c\u0131 s\u0131v\u0131 ile uzun \u00f6m\u00fcr:<\/strong> \u00dcr\u00fcnle birlikte gelen \u00f6zel s\u0131v\u0131 (LF01009), enjeksiyon sonras\u0131 mikro hasarlar\u0131 kapatarak \u00f6mr\u00fc uzat\u0131r<\/p>\n<\/li>\n<li data-start=\"1452\" data-end=\"1537\">\n<p data-start=\"1454\" data-end=\"1537\"><strong data-start=\"1454\" data-end=\"1472\">Basit kurulum:<\/strong> Her e\u011fitim ortam\u0131na uygun, ta\u015f\u0131nabilir ve kullan\u0131m\u0131 kolay yap\u0131<\/p>\n<\/li>\n<\/ul>\n<p data-start=\"1539\" data-end=\"1560\">\ud83d\udce6 <strong data-start=\"1542\" data-end=\"1560\">Paket \u0130\u00e7eri\u011fi:<\/strong><\/p>\n<ul data-start=\"1561\" data-end=\"1704\">\n<li data-start=\"1561\" data-end=\"1606\">\n<p data-start=\"1563\" data-end=\"1606\">1 adet deri i\u00e7i enjeksiyon sim\u00fclat\u00f6r kolu<\/p>\n<\/li>\n<li data-start=\"1607\" data-end=\"1644\">\n<p data-start=\"1609\" data-end=\"1644\">2 oz. s\u0131v\u0131 cilt onar\u0131c\u0131 (LF01009)<\/p>\n<\/li>\n<li data-start=\"1645\" data-end=\"1664\">\n<p data-start=\"1647\" data-end=\"1664\">1 adet enjekt\u00f6r<\/p>\n<\/li>\n<li data-start=\"1665\" data-end=\"1685\">\n<p data-start=\"1667\" data-end=\"1685\">\u00d6\u011fretim k\u0131lavuzu<\/p>\n<\/li>\n<li data-start=\"1686\" data-end=\"1704\">\n<p data-start=\"1688\" data-end=\"1704\">Saklama kutusu<\/p>\n<\/li>\n<\/ul>\n<p data-start=\"1706\" data-end=\"1729\">\ud83d\udcd0 <strong data-start=\"1709\" data-end=\"1729\">Teknik Bilgiler:<\/strong><\/p>\n<ul data-start=\"1730\" data-end=\"1816\">\n<li data-start=\"1730\" data-end=\"1763\">\n<p data-start=\"1732\" data-end=\"1763\"><strong data-start=\"1732\" data-end=\"1745\">Boyutlar:<\/strong> 13 x 11 x 5 in\u00e7<\/p>\n<\/li>\n<li data-start=\"1764\" data-end=\"1786\">\n<p data-start=\"1766\" data-end=\"1786\"><strong data-start=\"1766\" data-end=\"1778\">A\u011f\u0131rl\u0131k:<\/strong> 2 lbs<\/p>\n<\/li>\n<li data-start=\"1787\" data-end=\"1816\">\n<p data-start=\"1789\" data-end=\"1816\"><strong data-start=\"1789\" data-end=\"1808\">Garanti S\u00fcresi:<\/strong> 5 y\u0131l<\/p>\n<\/li>\n<\/ul>\n<p data-start=\"1818\" data-end=\"1987\">\ud83d\udca1 <strong data-start=\"1821\" data-end=\"1829\">Not:<\/strong> Cilt yap\u0131s\u0131 de\u011fi\u015ftirilemez. Ancak, \u00f6zel onar\u0131c\u0131 s\u0131v\u0131 kullan\u0131m\u0131yla sim\u00fclat\u00f6r\u00fcn \u00f6mr\u00fc uzat\u0131labilir. Belirli bir kullan\u0131m s\u00fcresi sonunda de\u011fi\u015ftirilmesi \u00f6nerilir.<\/p>\n","protected":false},"excerpt":{"rendered":"<p>Deri i\u00e7i enjeksiyon prati\u011fi i\u00e7in geli\u015ftirilmi\u015f, 8 uygulama noktas\u0131 bulunan, ger\u00e7ek\u00e7i e\u011fitim sim\u00fclat\u00f6r\u00fc.<\/p>\n","protected":false},"featured_media":212,"comment_status":"open","ping_status":"closed","template":"","meta":[],"product_brand":[16],"product_cat":[15,17,78],"product_tag":[726,719,730,729,727,728,647,155,731,732,32],"class_list":{"0":"post-211","1":"product","2":"type-product","3":"status-publish","4":"has-post-thumbnail","6":"product_brand-nasco-healthcare","7":"product_cat-genel","8":"product_cat-nursing-patient-care","9":"product_cat-nasco-healthcare","10":"product_tag-deri-ici-enjeksiyon-simulatoru","11":"product_tag-enjeksiyon-uygulama-modeli","12":"product_tag-hemsirelik-simulasyon-ekipmani","13":"product_tag-intradermal-egitim-kolu","14":"product_tag-intradermal-injection-trainer","15":"product_tag-lf01008","16":"product_tag-lifeform-turkiye","17":"product_tag-medikal-egitim-ekipmani","18":"product_tag-saglik-egitimi-modeli","19":"product_tag-simulasyon-kol","20":"product_tag-tibbi-egitim-mankeni","22":"first","23":"instock","24":"shipping-taxable","25":"product-type-simple"},"yoast_head":"<!-- This site is optimized with the Yoast SEO plugin v25.2 - https:\/\/yoast.com\/wordpress\/plugins\/seo\/ -->\n<title>Life\/form\u00ae Deri \u0130\u00e7i Enjeksiyon Sim\u00fclat\u00f6r\u00fc \u2013 A\u00e7\u0131k Ten [LF01008] - Merkim Maket<\/title>\n<meta name=\"description\" content=\"Life\/form\u00ae LF01008 Deri \u0130\u00e7i Enjeksiyon Sim\u00fclat\u00f6r\u00fc, ger\u00e7ek deri tepkisiyle intradermal enjeksiyon uygulamalar\u0131n\u0131 \u00f6\u011fretmek i\u00e7in geli\u015ftirilmi\u015f, profesyonel t\u0131bbi e\u011fitim \u00fcr\u00fcn\u00fcd\u00fcr.\" \/>\n<meta name=\"robots\" content=\"index, follow, max-snippet:-1, max-image-preview:large, max-video-preview:-1\" \/>\n<link rel=\"canonical\" href=\"https:\/\/merkim.com.tr\/merkim-maket\/urun\/life-form-deri-ici-enjeksiyon-simulatoru-acik-ten-lf01008\/\" \/>\n<meta property=\"og:locale\" content=\"tr_TR\" \/>\n<meta property=\"og:type\" content=\"article\" \/>\n<meta property=\"og:title\" content=\"Life\/form\u00ae Deri \u0130\u00e7i Enjeksiyon Sim\u00fclat\u00f6r\u00fc \u2013 A\u00e7\u0131k Ten [LF01008] - Merkim Maket\" \/>\n<meta property=\"og:description\" content=\"Life\/form\u00ae LF01008 Deri \u0130\u00e7i Enjeksiyon Sim\u00fclat\u00f6r\u00fc, ger\u00e7ek deri tepkisiyle intradermal enjeksiyon uygulamalar\u0131n\u0131 \u00f6\u011fretmek i\u00e7in geli\u015ftirilmi\u015f, profesyonel t\u0131bbi e\u011fitim \u00fcr\u00fcn\u00fcd\u00fcr.\" \/>\n<meta property=\"og:url\" content=\"https:\/\/merkim.com.tr\/merkim-maket\/urun\/life-form-deri-ici-enjeksiyon-simulatoru-acik-ten-lf01008\/\" \/>\n<meta property=\"og:site_name\" content=\"Merkim Maket\" \/>\n<meta property=\"article:modified_time\" content=\"2025-06-25T14:13:03+00:00\" \/>\n<meta property=\"og:image\" content=\"https:\/\/merkim.com.tr\/merkim-maket\/wp-content\/uploads\/2025\/06\/intradermal-injection-simulator-light-lifeform-lf01008.png\" \/>\n\t<meta property=\"og:image:width\" content=\"800\" \/>\n\t<meta property=\"og:image:height\" content=\"800\" \/>\n\t<meta property=\"og:image:type\" content=\"image\/png\" \/>\n<meta name=\"twitter:card\" content=\"summary_large_image\" \/>\n<meta name=\"twitter:label1\" content=\"Tahmini okuma s\u00fcresi\" \/>\n\t<meta name=\"twitter:data1\" content=\"2 dakika\" \/>\n<script type=\"application\/ld+json\" class=\"yoast-schema-graph\">{\"@context\":\"https:\/\/schema.org\",\"@graph\":[{\"@type\":\"WebPage\",\"@id\":\"https:\/\/merkim.com.tr\/merkim-maket\/urun\/life-form-deri-ici-enjeksiyon-simulatoru-acik-ten-lf01008\/\",\"url\":\"https:\/\/merkim.com.tr\/merkim-maket\/urun\/life-form-deri-ici-enjeksiyon-simulatoru-acik-ten-lf01008\/\",\"name\":\"Life\/form\u00ae Deri \u0130\u00e7i Enjeksiyon Sim\u00fclat\u00f6r\u00fc \u2013 A\u00e7\u0131k Ten [LF01008] - Merkim Maket\",\"isPartOf\":{\"@id\":\"https:\/\/merkim.com.tr\/merkim-maket\/#website\"},\"primaryImageOfPage\":{\"@id\":\"https:\/\/merkim.com.tr\/merkim-maket\/urun\/life-form-deri-ici-enjeksiyon-simulatoru-acik-ten-lf01008\/#primaryimage\"},\"image\":{\"@id\":\"https:\/\/merkim.com.tr\/merkim-maket\/urun\/life-form-deri-ici-enjeksiyon-simulatoru-acik-ten-lf01008\/#primaryimage\"},\"thumbnailUrl\":\"https:\/\/merkim.com.tr\/merkim-maket\/wp-content\/uploads\/2025\/06\/intradermal-injection-simulator-light-lifeform-lf01008.png\",\"datePublished\":\"2025-06-25T14:13:02+00:00\",\"dateModified\":\"2025-06-25T14:13:03+00:00\",\"description\":\"Life\/form\u00ae LF01008 Deri \u0130\u00e7i Enjeksiyon Sim\u00fclat\u00f6r\u00fc, ger\u00e7ek deri tepkisiyle intradermal enjeksiyon uygulamalar\u0131n\u0131 \u00f6\u011fretmek i\u00e7in geli\u015ftirilmi\u015f, profesyonel t\u0131bbi e\u011fitim \u00fcr\u00fcn\u00fcd\u00fcr.\",\"breadcrumb\":{\"@id\":\"https:\/\/merkim.com.tr\/merkim-maket\/urun\/life-form-deri-ici-enjeksiyon-simulatoru-acik-ten-lf01008\/#breadcrumb\"},\"inLanguage\":\"tr\",\"potentialAction\":[{\"@type\":\"ReadAction\",\"target\":[\"https:\/\/merkim.com.tr\/merkim-maket\/urun\/life-form-deri-ici-enjeksiyon-simulatoru-acik-ten-lf01008\/\"]}]},{\"@type\":\"ImageObject\",\"inLanguage\":\"tr\",\"@id\":\"https:\/\/merkim.com.tr\/merkim-maket\/urun\/life-form-deri-ici-enjeksiyon-simulatoru-acik-ten-lf01008\/#primaryimage\",\"url\":\"https:\/\/merkim.com.tr\/merkim-maket\/wp-content\/uploads\/2025\/06\/intradermal-injection-simulator-light-lifeform-lf01008.png\",\"contentUrl\":\"https:\/\/merkim.com.tr\/merkim-maket\/wp-content\/uploads\/2025\/06\/intradermal-injection-simulator-light-lifeform-lf01008.png\",\"width\":800,\"height\":800,\"caption\":\"8 b\u00f6lgeden olu\u015fan ger\u00e7ek\u00e7i intradermal enjeksiyon e\u011fitimi modeli\"},{\"@type\":\"BreadcrumbList\",\"@id\":\"https:\/\/merkim.com.tr\/merkim-maket\/urun\/life-form-deri-ici-enjeksiyon-simulatoru-acik-ten-lf01008\/#breadcrumb\",\"itemListElement\":[{\"@type\":\"ListItem\",\"position\":1,\"name\":\"Anasayfa\",\"item\":\"https:\/\/merkim.com.tr\/merkim-maket\/\"},{\"@type\":\"ListItem\",\"position\":2,\"name\":\"Ma\u011faza\",\"item\":\"https:\/\/merkim.com.tr\/merkim-maket\/magaza\/\"},{\"@type\":\"ListItem\",\"position\":3,\"name\":\"Life\/form\u00ae Deri \u0130\u00e7i Enjeksiyon Sim\u00fclat\u00f6r\u00fc \u2013 A\u00e7\u0131k Ten [LF01008]\"}]},{\"@type\":\"WebSite\",\"@id\":\"https:\/\/merkim.com.tr\/merkim-maket\/#website\",\"url\":\"https:\/\/merkim.com.tr\/merkim-maket\/\",\"name\":\"Merkim Maket\",\"description\":\"\",\"potentialAction\":[{\"@type\":\"SearchAction\",\"target\":{\"@type\":\"EntryPoint\",\"urlTemplate\":\"https:\/\/merkim.com.tr\/merkim-maket\/?s={search_term_string}\"},\"query-input\":{\"@type\":\"PropertyValueSpecification\",\"valueRequired\":true,\"valueName\":\"search_term_string\"}}],\"inLanguage\":\"tr\"}]}<\/script>\n<!-- \/ Yoast SEO plugin. -->","yoast_head_json":{"title":"Life\/form\u00ae Deri \u0130\u00e7i Enjeksiyon Sim\u00fclat\u00f6r\u00fc \u2013 A\u00e7\u0131k Ten [LF01008] - Merkim Maket","description":"Life\/form\u00ae LF01008 Deri \u0130\u00e7i Enjeksiyon Sim\u00fclat\u00f6r\u00fc, ger\u00e7ek deri tepkisiyle intradermal enjeksiyon uygulamalar\u0131n\u0131 \u00f6\u011fretmek i\u00e7in geli\u015ftirilmi\u015f, profesyonel t\u0131bbi e\u011fitim \u00fcr\u00fcn\u00fcd\u00fcr.","robots":{"index":"index","follow":"follow","max-snippet":"max-snippet:-1","max-image-preview":"max-image-preview:large","max-video-preview":"max-video-preview:-1"},"canonical":"https:\/\/merkim.com.tr\/merkim-maket\/urun\/life-form-deri-ici-enjeksiyon-simulatoru-acik-ten-lf01008\/","og_locale":"tr_TR","og_type":"article","og_title":"Life\/form\u00ae Deri \u0130\u00e7i Enjeksiyon Sim\u00fclat\u00f6r\u00fc \u2013 A\u00e7\u0131k Ten [LF01008] - Merkim Maket","og_description":"Life\/form\u00ae LF01008 Deri \u0130\u00e7i Enjeksiyon Sim\u00fclat\u00f6r\u00fc, ger\u00e7ek deri tepkisiyle intradermal enjeksiyon uygulamalar\u0131n\u0131 \u00f6\u011fretmek i\u00e7in geli\u015ftirilmi\u015f, profesyonel t\u0131bbi e\u011fitim \u00fcr\u00fcn\u00fcd\u00fcr.","og_url":"https:\/\/merkim.com.tr\/merkim-maket\/urun\/life-form-deri-ici-enjeksiyon-simulatoru-acik-ten-lf01008\/","og_site_name":"Merkim Maket","article_modified_time":"2025-06-25T14:13:03+00:00","og_image":[{"width":800,"height":800,"url":"https:\/\/merkim.com.tr\/merkim-maket\/wp-content\/uploads\/2025\/06\/intradermal-injection-simulator-light-lifeform-lf01008.png","type":"image\/png"}],"twitter_card":"summary_large_image","twitter_misc":{"Tahmini okuma s\u00fcresi":"2 dakika"},"schema":{"@context":"https:\/\/schema.org","@graph":[{"@type":"WebPage","@id":"https:\/\/merkim.com.tr\/merkim-maket\/urun\/life-form-deri-ici-enjeksiyon-simulatoru-acik-ten-lf01008\/","url":"https:\/\/merkim.com.tr\/merkim-maket\/urun\/life-form-deri-ici-enjeksiyon-simulatoru-acik-ten-lf01008\/","name":"Life\/form\u00ae Deri \u0130\u00e7i Enjeksiyon Sim\u00fclat\u00f6r\u00fc \u2013 A\u00e7\u0131k Ten [LF01008] - Merkim Maket","isPartOf":{"@id":"https:\/\/merkim.com.tr\/merkim-maket\/#website"},"primaryImageOfPage":{"@id":"https:\/\/merkim.com.tr\/merkim-maket\/urun\/life-form-deri-ici-enjeksiyon-simulatoru-acik-ten-lf01008\/#primaryimage"},"image":{"@id":"https:\/\/merkim.com.tr\/merkim-maket\/urun\/life-form-deri-ici-enjeksiyon-simulatoru-acik-ten-lf01008\/#primaryimage"},"thumbnailUrl":"https:\/\/merkim.com.tr\/merkim-maket\/wp-content\/uploads\/2025\/06\/intradermal-injection-simulator-light-lifeform-lf01008.png","datePublished":"2025-06-25T14:13:02+00:00","dateModified":"2025-06-25T14:13:03+00:00","description":"Life\/form\u00ae LF01008 Deri \u0130\u00e7i Enjeksiyon Sim\u00fclat\u00f6r\u00fc, ger\u00e7ek deri tepkisiyle intradermal enjeksiyon uygulamalar\u0131n\u0131 \u00f6\u011fretmek i\u00e7in geli\u015ftirilmi\u015f, profesyonel t\u0131bbi e\u011fitim \u00fcr\u00fcn\u00fcd\u00fcr.","breadcrumb":{"@id":"https:\/\/merkim.com.tr\/merkim-maket\/urun\/life-form-deri-ici-enjeksiyon-simulatoru-acik-ten-lf01008\/#breadcrumb"},"inLanguage":"tr","potentialAction":[{"@type":"ReadAction","target":["https:\/\/merkim.com.tr\/merkim-maket\/urun\/life-form-deri-ici-enjeksiyon-simulatoru-acik-ten-lf01008\/"]}]},{"@type":"ImageObject","inLanguage":"tr","@id":"https:\/\/merkim.com.tr\/merkim-maket\/urun\/life-form-deri-ici-enjeksiyon-simulatoru-acik-ten-lf01008\/#primaryimage","url":"https:\/\/merkim.com.tr\/merkim-maket\/wp-content\/uploads\/2025\/06\/intradermal-injection-simulator-light-lifeform-lf01008.png","contentUrl":"https:\/\/merkim.com.tr\/merkim-maket\/wp-content\/uploads\/2025\/06\/intradermal-injection-simulator-light-lifeform-lf01008.png","width":800,"height":800,"caption":"8 b\u00f6lgeden olu\u015fan ger\u00e7ek\u00e7i intradermal enjeksiyon e\u011fitimi modeli"},{"@type":"BreadcrumbList","@id":"https:\/\/merkim.com.tr\/merkim-maket\/urun\/life-form-deri-ici-enjeksiyon-simulatoru-acik-ten-lf01008\/#breadcrumb","itemListElement":[{"@type":"ListItem","position":1,"name":"Anasayfa","item":"https:\/\/merkim.com.tr\/merkim-maket\/"},{"@type":"ListItem","position":2,"name":"Ma\u011faza","item":"https:\/\/merkim.com.tr\/merkim-maket\/magaza\/"},{"@type":"ListItem","position":3,"name":"Life\/form\u00ae Deri \u0130\u00e7i Enjeksiyon Sim\u00fclat\u00f6r\u00fc \u2013 A\u00e7\u0131k Ten [LF01008]"}]},{"@type":"WebSite","@id":"https:\/\/merkim.com.tr\/merkim-maket\/#website","url":"https:\/\/merkim.com.tr\/merkim-maket\/","name":"Merkim Maket","description":"","potentialAction":[{"@type":"SearchAction","target":{"@type":"EntryPoint","urlTemplate":"https:\/\/merkim.com.tr\/merkim-maket\/?s={search_term_string}"},"query-input":{"@type":"PropertyValueSpecification","valueRequired":true,"valueName":"search_term_string"}}],"inLanguage":"tr"}]}},"_links":{"self":[{"href":"https:\/\/merkim.com.tr\/merkim-maket\/wp-json\/wp\/v2\/product\/211","targetHints":{"allow":["GET"]}}],"collection":[{"href":"https:\/\/merkim.com.tr\/merkim-maket\/wp-json\/wp\/v2\/product"}],"about":[{"href":"https:\/\/merkim.com.tr\/merkim-maket\/wp-json\/wp\/v2\/types\/product"}],"replies":[{"embeddable":true,"href":"https:\/\/merkim.com.tr\/merkim-maket\/wp-json\/wp\/v2\/comments?post=211"}],"wp:featuredmedia":[{"embeddable":true,"href":"https:\/\/merkim.com.tr\/merkim-maket\/wp-json\/wp\/v2\/media\/212"}],"wp:attachment":[{"href":"https:\/\/merkim.com.tr\/merkim-maket\/wp-json\/wp\/v2\/media?parent=211"}],"wp:term":[{"taxonomy":"product_brand","embeddable":true,"href":"https:\/\/merkim.com.tr\/merkim-maket\/wp-json\/wp\/v2\/product_brand?post=211"},{"taxonomy":"product_cat","embeddable":true,"href":"https:\/\/merkim.com.tr\/merkim-maket\/wp-json\/wp\/v2\/product_cat?post=211"},{"taxonomy":"product_tag","embeddable":true,"href":"https:\/\/merkim.com.tr\/merkim-maket\/wp-json\/wp\/v2\/product_tag?post=211"}],"curies":[{"name":"wp","href":"https:\/\/api.w.org\/{rel}","templated":true}]}}