{"id":209,"date":"2025-06-25T14:03:41","date_gmt":"2025-06-25T14:03:41","guid":{"rendered":"https:\/\/merkim.com.tr\/merkim-maket\/?post_type=product&#038;p=209"},"modified":"2025-06-25T14:03:41","modified_gmt":"2025-06-25T14:03:41","slug":"life-form-kas-ici-enjeksiyon-simulatoru-intramuscular-injection-trainer-lf00961","status":"publish","type":"product","link":"https:\/\/merkim.com.tr\/merkim-maket\/urun\/life-form-kas-ici-enjeksiyon-simulatoru-intramuscular-injection-trainer-lf00961\/","title":{"rendered":"Life\/form\u00ae Kas \u0130\u00e7i Enjeksiyon Sim\u00fclat\u00f6r\u00fc \u2013 Intramuscular Injection Trainer [LF00961]"},"content":{"rendered":"<p data-start=\"345\" data-end=\"728\"><strong data-start=\"345\" data-end=\"403\">Life\/form\u00ae Intramuscular Injection Simulator [LF00961]<\/strong>, \u00f6\u011frencilerin kas i\u00e7i enjeksiyon tekniklerini <strong data-start=\"450\" data-end=\"479\">do\u011fru anatomik b\u00f6lgelerde<\/strong> hem <strong data-start=\"484\" data-end=\"494\">g\u00f6rsel<\/strong> hem de <strong data-start=\"502\" data-end=\"521\">dokunsal olarak<\/strong> \u00f6\u011frenmesini sa\u011flayan, ileri d\u00fczey t\u0131bbi e\u011fitim sim\u00fclat\u00f6r\u00fcd\u00fcr. Bu ger\u00e7ek\u00e7i model, hem\u015firelik ve sa\u011fl\u0131k e\u011fitimi programlar\u0131nda enjeksiyon uygulamalar\u0131n\u0131 g\u00fcvenli ve etkili \u015fekilde \u00f6\u011fretmek i\u00e7in tasarlanm\u0131\u015ft\u0131r.<\/p>\n<p data-start=\"730\" data-end=\"760\">\ud83d\udc89 <strong data-start=\"733\" data-end=\"758\">\u00d6ne \u00c7\u0131kan \u00d6zellikler:<\/strong><\/p>\n<ul data-start=\"761\" data-end=\"1541\">\n<li data-start=\"761\" data-end=\"962\">\n<p data-start=\"763\" data-end=\"962\"><strong data-start=\"763\" data-end=\"784\">Anatomik yap\u0131lar:<\/strong> Modelin i\u00e7inde yer alan sim\u00fcle edilmi\u015f kemik yap\u0131s\u0131; femur ba\u015f\u0131 (greater trochanter), sakrum ve iliak \u00e7\u0131k\u0131nt\u0131lar gibi \u00f6nemli anatomik referans noktalar\u0131n\u0131 birebir taklit eder.<\/p>\n<\/li>\n<li data-start=\"963\" data-end=\"1074\">\n<p data-start=\"965\" data-end=\"1074\"><strong data-start=\"965\" data-end=\"991\">Palpasyonla belirleme:<\/strong> \u00d6\u011frenciler do\u011fru enjeksiyon b\u00f6lgelerini elle palpasyonla hissederek \u00f6\u011frenebilir.<\/p>\n<\/li>\n<li data-start=\"1075\" data-end=\"1248\">\n<p data-start=\"1077\" data-end=\"1248\"><strong data-start=\"1077\" data-end=\"1094\">Kesitli yap\u0131:<\/strong> Sol gluteal b\u00f6lgenin d\u0131\u015f \u00fcst \u00e7eyre\u011fi kesilerek, gluteus medius ve maximus kaslar\u0131, siyatik sinir ve damar yap\u0131lar\u0131 <strong data-start=\"1210\" data-end=\"1245\">g\u00f6rsel olarak da g\u00f6sterilmi\u015ftir<\/strong>.<\/p>\n<\/li>\n<li data-start=\"1249\" data-end=\"1369\">\n<p data-start=\"1251\" data-end=\"1289\"><strong data-start=\"1251\" data-end=\"1287\">3 enjeksiyon tipi uygulanabilir:<\/strong><\/p>\n<ul data-start=\"1292\" data-end=\"1369\">\n<li data-start=\"1292\" data-end=\"1308\">\n<p data-start=\"1294\" data-end=\"1308\">Dorsogluteal<\/p>\n<\/li>\n<li data-start=\"1311\" data-end=\"1328\">\n<p data-start=\"1313\" data-end=\"1328\">Ventrogluteal<\/p>\n<\/li>\n<li data-start=\"1331\" data-end=\"1369\">\n<p data-start=\"1333\" data-end=\"1369\">Vastus lateralis (uyluk d\u0131\u015f k\u0131sm\u0131)<\/p>\n<\/li>\n<\/ul>\n<\/li>\n<li data-start=\"1370\" data-end=\"1541\">\n<p data-start=\"1372\" data-end=\"1541\"><strong data-start=\"1372\" data-end=\"1396\">Ger\u00e7ek\u00e7i doku hissi:<\/strong> Cilt, kas ve kemik dokular\u0131, ger\u00e7ek bir hasta ile \u00e7al\u0131\u015f\u0131yormu\u015f gibi hissettirir. \u0130\u011fne ge\u00e7i\u015finde diren\u00e7 ve delme hissi birebir taklit edilmi\u015ftir.<\/p>\n<\/li>\n<\/ul>\n<p data-start=\"1543\" data-end=\"1566\">\ud83d\udce6 <strong data-start=\"1546\" data-end=\"1564\">Paket \u0130\u00e7eri\u011fi:<\/strong><\/p>\n<ul data-start=\"1567\" data-end=\"1670\">\n<li data-start=\"1567\" data-end=\"1607\">\n<p data-start=\"1569\" data-end=\"1607\">Kas i\u00e7i enjeksiyon e\u011fitim sim\u00fclat\u00f6r\u00fc<\/p>\n<\/li>\n<li data-start=\"1608\" data-end=\"1628\">\n<p data-start=\"1610\" data-end=\"1628\">\u00d6\u011fretim k\u0131lavuzu<\/p>\n<\/li>\n<li data-start=\"1629\" data-end=\"1646\">\n<p data-start=\"1631\" data-end=\"1646\">Enjekt\u00f6r seti<\/p>\n<\/li>\n<li data-start=\"1647\" data-end=\"1670\">\n<p data-start=\"1649\" data-end=\"1670\">Sert ta\u015f\u0131ma \u00e7antas\u0131<\/p>\n<\/li>\n<\/ul>\n<p data-start=\"1672\" data-end=\"1694\">\ud83d\udee0\ufe0f <strong data-start=\"1676\" data-end=\"1692\">Yedek Par\u00e7a:<\/strong><\/p>\n<ul data-start=\"1695\" data-end=\"1724\">\n<li data-start=\"1695\" data-end=\"1724\">\n<p data-start=\"1697\" data-end=\"1724\">LF00963 Kas De\u011fi\u015fim Par\u00e7as\u0131<\/p>\n<\/li>\n<\/ul>\n<p data-start=\"1726\" data-end=\"1751\">\ud83d\udcd0 <strong data-start=\"1729\" data-end=\"1749\">Teknik Bilgiler:<\/strong><\/p>\n<ul data-start=\"1752\" data-end=\"1833\">\n<li data-start=\"1752\" data-end=\"1786\">\n<p data-start=\"1754\" data-end=\"1786\"><strong data-start=\"1754\" data-end=\"1767\">Boyutlar:<\/strong> 22 x 16 x 10 in\u00e7<\/p>\n<\/li>\n<li data-start=\"1787\" data-end=\"1810\">\n<p data-start=\"1789\" data-end=\"1810\"><strong data-start=\"1789\" data-end=\"1801\">A\u011f\u0131rl\u0131k:<\/strong> 20 lbs<\/p>\n<\/li>\n<li data-start=\"1811\" data-end=\"1833\">\n<p data-start=\"1813\" data-end=\"1833\"><strong data-start=\"1813\" data-end=\"1825\">Garanti:<\/strong> 5 y\u0131l<\/p>\n<\/li>\n<\/ul>\n<p data-start=\"1835\" data-end=\"1862\">\ud83c\udfe5 <strong data-start=\"1838\" data-end=\"1860\">Kullan\u0131m Alanlar\u0131:<\/strong><\/p>\n<ul data-start=\"1863\" data-end=\"1998\">\n<li data-start=\"1863\" data-end=\"1905\">\n<p data-start=\"1865\" data-end=\"1905\">Hem\u015firelik okullar\u0131 ve t\u0131p fak\u00fclteleri<\/p>\n<\/li>\n<li data-start=\"1906\" data-end=\"1932\">\n<p data-start=\"1908\" data-end=\"1932\">Sa\u011fl\u0131k meslek liseleri<\/p>\n<\/li>\n<li data-start=\"1933\" data-end=\"1966\">\n<p data-start=\"1935\" data-end=\"1966\">Klinik beceri laboratuvarlar\u0131<\/p>\n<\/li>\n<li data-start=\"1967\" data-end=\"1998\">\n<p data-start=\"1969\" data-end=\"1998\">T\u0131bbi sim\u00fclasyon merkezleri<\/p>\n<\/li>\n<\/ul>\n","protected":false},"excerpt":{"rendered":"<p data-start=\"2040\" data-end=\"2164\">Ger\u00e7ek\u00e7i anatomik yap\u0131 ve doku hissi ile 3 farkl\u0131 kas i\u00e7i enjeksiyon tekni\u011fini \u00f6\u011freten, ileri d\u00fczey t\u0131bbi e\u011fitim sim\u00fclat\u00f6r\u00fc.<\/p>\n","protected":false},"featured_media":210,"comment_status":"open","ping_status":"closed","template":"","meta":[],"product_brand":[16],"product_cat":[15,17,78],"product_tag":[720,725,719,724,717,718,723,647,204,722,721],"class_list":{"0":"post-209","1":"product","2":"type-product","3":"status-publish","4":"has-post-thumbnail","6":"product_brand-nasco-healthcare","7":"product_cat-genel","8":"product_cat-nursing-patient-care","9":"product_cat-nasco-healthcare","10":"product_tag-dorsogluteal-enjeksiyon","11":"product_tag-enjeksiyon-mankeni","12":"product_tag-enjeksiyon-uygulama-modeli","13":"product_tag-hemsirelik-beceri-egitimi","14":"product_tag-intramuskuler-enjeksiyon-simulatoru","15":"product_tag-kas-ici-enjeksiyon-egitimi","16":"product_tag-lf00961","17":"product_tag-lifeform-turkiye","18":"product_tag-tibbi-simulasyon-ekipmani","19":"product_tag-vastus-lateralis-egitimi","20":"product_tag-ventrogluteal-enjeksiyon","22":"first","23":"instock","24":"shipping-taxable","25":"product-type-simple"},"yoast_head":"<!-- This site is optimized with the Yoast SEO plugin v25.2 - https:\/\/yoast.com\/wordpress\/plugins\/seo\/ -->\n<title>Life\/form\u00ae Kas \u0130\u00e7i Enjeksiyon Sim\u00fclat\u00f6r\u00fc \u2013 Intramuscular Injection Trainer [LF00961] - Merkim Maket<\/title>\n<meta name=\"description\" content=\"Life\/form\u00ae LF00961 Kas \u0130\u00e7i Enjeksiyon Sim\u00fclat\u00f6r\u00fc, \u00fc\u00e7 farkl\u0131 enjeksiyon tekni\u011fini ger\u00e7ek\u00e7i anatomik yap\u0131yla \u00f6\u011fretir. Hem\u015firelik ve sa\u011fl\u0131k e\u011fitiminde profesyonel bir \u00e7\u00f6z\u00fcmd\u00fcr.\" \/>\n<meta name=\"robots\" content=\"index, follow, max-snippet:-1, max-image-preview:large, max-video-preview:-1\" \/>\n<link rel=\"canonical\" href=\"https:\/\/merkim.com.tr\/merkim-maket\/urun\/life-form-kas-ici-enjeksiyon-simulatoru-intramuscular-injection-trainer-lf00961\/\" \/>\n<meta property=\"og:locale\" content=\"tr_TR\" \/>\n<meta property=\"og:type\" content=\"article\" \/>\n<meta property=\"og:title\" content=\"Life\/form\u00ae Kas \u0130\u00e7i Enjeksiyon Sim\u00fclat\u00f6r\u00fc \u2013 Intramuscular Injection Trainer [LF00961] - Merkim Maket\" \/>\n<meta property=\"og:description\" content=\"Life\/form\u00ae LF00961 Kas \u0130\u00e7i Enjeksiyon Sim\u00fclat\u00f6r\u00fc, \u00fc\u00e7 farkl\u0131 enjeksiyon tekni\u011fini ger\u00e7ek\u00e7i anatomik yap\u0131yla \u00f6\u011fretir. Hem\u015firelik ve sa\u011fl\u0131k e\u011fitiminde profesyonel bir \u00e7\u00f6z\u00fcmd\u00fcr.\" \/>\n<meta property=\"og:url\" content=\"https:\/\/merkim.com.tr\/merkim-maket\/urun\/life-form-kas-ici-enjeksiyon-simulatoru-intramuscular-injection-trainer-lf00961\/\" \/>\n<meta property=\"og:site_name\" content=\"Merkim Maket\" \/>\n<meta property=\"og:image\" content=\"https:\/\/merkim.com.tr\/merkim-maket\/wp-content\/uploads\/2025\/06\/intramuscular-injection-simulator-egitim-mankeni-lifeform-lf00961.png\" \/>\n\t<meta property=\"og:image:width\" content=\"800\" \/>\n\t<meta property=\"og:image:height\" content=\"800\" \/>\n\t<meta property=\"og:image:type\" content=\"image\/png\" \/>\n<meta name=\"twitter:card\" content=\"summary_large_image\" \/>\n<meta name=\"twitter:label1\" content=\"Tahmini okuma s\u00fcresi\" \/>\n\t<meta name=\"twitter:data1\" content=\"2 dakika\" \/>\n<script type=\"application\/ld+json\" class=\"yoast-schema-graph\">{\"@context\":\"https:\/\/schema.org\",\"@graph\":[{\"@type\":\"WebPage\",\"@id\":\"https:\/\/merkim.com.tr\/merkim-maket\/urun\/life-form-kas-ici-enjeksiyon-simulatoru-intramuscular-injection-trainer-lf00961\/\",\"url\":\"https:\/\/merkim.com.tr\/merkim-maket\/urun\/life-form-kas-ici-enjeksiyon-simulatoru-intramuscular-injection-trainer-lf00961\/\",\"name\":\"Life\/form\u00ae Kas \u0130\u00e7i Enjeksiyon Sim\u00fclat\u00f6r\u00fc \u2013 Intramuscular Injection Trainer [LF00961] - Merkim Maket\",\"isPartOf\":{\"@id\":\"https:\/\/merkim.com.tr\/merkim-maket\/#website\"},\"primaryImageOfPage\":{\"@id\":\"https:\/\/merkim.com.tr\/merkim-maket\/urun\/life-form-kas-ici-enjeksiyon-simulatoru-intramuscular-injection-trainer-lf00961\/#primaryimage\"},\"image\":{\"@id\":\"https:\/\/merkim.com.tr\/merkim-maket\/urun\/life-form-kas-ici-enjeksiyon-simulatoru-intramuscular-injection-trainer-lf00961\/#primaryimage\"},\"thumbnailUrl\":\"https:\/\/merkim.com.tr\/merkim-maket\/wp-content\/uploads\/2025\/06\/intramuscular-injection-simulator-egitim-mankeni-lifeform-lf00961.png\",\"datePublished\":\"2025-06-25T14:03:41+00:00\",\"description\":\"Life\/form\u00ae LF00961 Kas \u0130\u00e7i Enjeksiyon Sim\u00fclat\u00f6r\u00fc, \u00fc\u00e7 farkl\u0131 enjeksiyon tekni\u011fini ger\u00e7ek\u00e7i anatomik yap\u0131yla \u00f6\u011fretir. Hem\u015firelik ve sa\u011fl\u0131k e\u011fitiminde profesyonel bir \u00e7\u00f6z\u00fcmd\u00fcr.\",\"breadcrumb\":{\"@id\":\"https:\/\/merkim.com.tr\/merkim-maket\/urun\/life-form-kas-ici-enjeksiyon-simulatoru-intramuscular-injection-trainer-lf00961\/#breadcrumb\"},\"inLanguage\":\"tr\",\"potentialAction\":[{\"@type\":\"ReadAction\",\"target\":[\"https:\/\/merkim.com.tr\/merkim-maket\/urun\/life-form-kas-ici-enjeksiyon-simulatoru-intramuscular-injection-trainer-lf00961\/\"]}]},{\"@type\":\"ImageObject\",\"inLanguage\":\"tr\",\"@id\":\"https:\/\/merkim.com.tr\/merkim-maket\/urun\/life-form-kas-ici-enjeksiyon-simulatoru-intramuscular-injection-trainer-lf00961\/#primaryimage\",\"url\":\"https:\/\/merkim.com.tr\/merkim-maket\/wp-content\/uploads\/2025\/06\/intramuscular-injection-simulator-egitim-mankeni-lifeform-lf00961.png\",\"contentUrl\":\"https:\/\/merkim.com.tr\/merkim-maket\/wp-content\/uploads\/2025\/06\/intramuscular-injection-simulator-egitim-mankeni-lifeform-lf00961.png\",\"width\":800,\"height\":800,\"caption\":\"Dorsogluteal, ventrogluteal ve vastus lateralis enjeksiyonlar\u0131 uygulamal\u0131 \u00f6\u011fretmek i\u00e7in geli\u015ftirilmi\u015f sim\u00fclat\u00f6r\"},{\"@type\":\"BreadcrumbList\",\"@id\":\"https:\/\/merkim.com.tr\/merkim-maket\/urun\/life-form-kas-ici-enjeksiyon-simulatoru-intramuscular-injection-trainer-lf00961\/#breadcrumb\",\"itemListElement\":[{\"@type\":\"ListItem\",\"position\":1,\"name\":\"Anasayfa\",\"item\":\"https:\/\/merkim.com.tr\/merkim-maket\/\"},{\"@type\":\"ListItem\",\"position\":2,\"name\":\"Ma\u011faza\",\"item\":\"https:\/\/merkim.com.tr\/merkim-maket\/magaza\/\"},{\"@type\":\"ListItem\",\"position\":3,\"name\":\"Life\/form\u00ae Kas \u0130\u00e7i Enjeksiyon Sim\u00fclat\u00f6r\u00fc \u2013 Intramuscular Injection Trainer [LF00961]\"}]},{\"@type\":\"WebSite\",\"@id\":\"https:\/\/merkim.com.tr\/merkim-maket\/#website\",\"url\":\"https:\/\/merkim.com.tr\/merkim-maket\/\",\"name\":\"Merkim Maket\",\"description\":\"\",\"potentialAction\":[{\"@type\":\"SearchAction\",\"target\":{\"@type\":\"EntryPoint\",\"urlTemplate\":\"https:\/\/merkim.com.tr\/merkim-maket\/?s={search_term_string}\"},\"query-input\":{\"@type\":\"PropertyValueSpecification\",\"valueRequired\":true,\"valueName\":\"search_term_string\"}}],\"inLanguage\":\"tr\"}]}<\/script>\n<!-- \/ Yoast SEO plugin. -->","yoast_head_json":{"title":"Life\/form\u00ae Kas \u0130\u00e7i Enjeksiyon Sim\u00fclat\u00f6r\u00fc \u2013 Intramuscular Injection Trainer [LF00961] - Merkim Maket","description":"Life\/form\u00ae LF00961 Kas \u0130\u00e7i Enjeksiyon Sim\u00fclat\u00f6r\u00fc, \u00fc\u00e7 farkl\u0131 enjeksiyon tekni\u011fini ger\u00e7ek\u00e7i anatomik yap\u0131yla \u00f6\u011fretir. Hem\u015firelik ve sa\u011fl\u0131k e\u011fitiminde profesyonel bir \u00e7\u00f6z\u00fcmd\u00fcr.","robots":{"index":"index","follow":"follow","max-snippet":"max-snippet:-1","max-image-preview":"max-image-preview:large","max-video-preview":"max-video-preview:-1"},"canonical":"https:\/\/merkim.com.tr\/merkim-maket\/urun\/life-form-kas-ici-enjeksiyon-simulatoru-intramuscular-injection-trainer-lf00961\/","og_locale":"tr_TR","og_type":"article","og_title":"Life\/form\u00ae Kas \u0130\u00e7i Enjeksiyon Sim\u00fclat\u00f6r\u00fc \u2013 Intramuscular Injection Trainer [LF00961] - Merkim Maket","og_description":"Life\/form\u00ae LF00961 Kas \u0130\u00e7i Enjeksiyon Sim\u00fclat\u00f6r\u00fc, \u00fc\u00e7 farkl\u0131 enjeksiyon tekni\u011fini ger\u00e7ek\u00e7i anatomik yap\u0131yla \u00f6\u011fretir. Hem\u015firelik ve sa\u011fl\u0131k e\u011fitiminde profesyonel bir \u00e7\u00f6z\u00fcmd\u00fcr.","og_url":"https:\/\/merkim.com.tr\/merkim-maket\/urun\/life-form-kas-ici-enjeksiyon-simulatoru-intramuscular-injection-trainer-lf00961\/","og_site_name":"Merkim Maket","og_image":[{"width":800,"height":800,"url":"https:\/\/merkim.com.tr\/merkim-maket\/wp-content\/uploads\/2025\/06\/intramuscular-injection-simulator-egitim-mankeni-lifeform-lf00961.png","type":"image\/png"}],"twitter_card":"summary_large_image","twitter_misc":{"Tahmini okuma s\u00fcresi":"2 dakika"},"schema":{"@context":"https:\/\/schema.org","@graph":[{"@type":"WebPage","@id":"https:\/\/merkim.com.tr\/merkim-maket\/urun\/life-form-kas-ici-enjeksiyon-simulatoru-intramuscular-injection-trainer-lf00961\/","url":"https:\/\/merkim.com.tr\/merkim-maket\/urun\/life-form-kas-ici-enjeksiyon-simulatoru-intramuscular-injection-trainer-lf00961\/","name":"Life\/form\u00ae Kas \u0130\u00e7i Enjeksiyon Sim\u00fclat\u00f6r\u00fc \u2013 Intramuscular Injection Trainer [LF00961] - Merkim Maket","isPartOf":{"@id":"https:\/\/merkim.com.tr\/merkim-maket\/#website"},"primaryImageOfPage":{"@id":"https:\/\/merkim.com.tr\/merkim-maket\/urun\/life-form-kas-ici-enjeksiyon-simulatoru-intramuscular-injection-trainer-lf00961\/#primaryimage"},"image":{"@id":"https:\/\/merkim.com.tr\/merkim-maket\/urun\/life-form-kas-ici-enjeksiyon-simulatoru-intramuscular-injection-trainer-lf00961\/#primaryimage"},"thumbnailUrl":"https:\/\/merkim.com.tr\/merkim-maket\/wp-content\/uploads\/2025\/06\/intramuscular-injection-simulator-egitim-mankeni-lifeform-lf00961.png","datePublished":"2025-06-25T14:03:41+00:00","description":"Life\/form\u00ae LF00961 Kas \u0130\u00e7i Enjeksiyon Sim\u00fclat\u00f6r\u00fc, \u00fc\u00e7 farkl\u0131 enjeksiyon tekni\u011fini ger\u00e7ek\u00e7i anatomik yap\u0131yla \u00f6\u011fretir. Hem\u015firelik ve sa\u011fl\u0131k e\u011fitiminde profesyonel bir \u00e7\u00f6z\u00fcmd\u00fcr.","breadcrumb":{"@id":"https:\/\/merkim.com.tr\/merkim-maket\/urun\/life-form-kas-ici-enjeksiyon-simulatoru-intramuscular-injection-trainer-lf00961\/#breadcrumb"},"inLanguage":"tr","potentialAction":[{"@type":"ReadAction","target":["https:\/\/merkim.com.tr\/merkim-maket\/urun\/life-form-kas-ici-enjeksiyon-simulatoru-intramuscular-injection-trainer-lf00961\/"]}]},{"@type":"ImageObject","inLanguage":"tr","@id":"https:\/\/merkim.com.tr\/merkim-maket\/urun\/life-form-kas-ici-enjeksiyon-simulatoru-intramuscular-injection-trainer-lf00961\/#primaryimage","url":"https:\/\/merkim.com.tr\/merkim-maket\/wp-content\/uploads\/2025\/06\/intramuscular-injection-simulator-egitim-mankeni-lifeform-lf00961.png","contentUrl":"https:\/\/merkim.com.tr\/merkim-maket\/wp-content\/uploads\/2025\/06\/intramuscular-injection-simulator-egitim-mankeni-lifeform-lf00961.png","width":800,"height":800,"caption":"Dorsogluteal, ventrogluteal ve vastus lateralis enjeksiyonlar\u0131 uygulamal\u0131 \u00f6\u011fretmek i\u00e7in geli\u015ftirilmi\u015f sim\u00fclat\u00f6r"},{"@type":"BreadcrumbList","@id":"https:\/\/merkim.com.tr\/merkim-maket\/urun\/life-form-kas-ici-enjeksiyon-simulatoru-intramuscular-injection-trainer-lf00961\/#breadcrumb","itemListElement":[{"@type":"ListItem","position":1,"name":"Anasayfa","item":"https:\/\/merkim.com.tr\/merkim-maket\/"},{"@type":"ListItem","position":2,"name":"Ma\u011faza","item":"https:\/\/merkim.com.tr\/merkim-maket\/magaza\/"},{"@type":"ListItem","position":3,"name":"Life\/form\u00ae Kas \u0130\u00e7i Enjeksiyon Sim\u00fclat\u00f6r\u00fc \u2013 Intramuscular Injection Trainer [LF00961]"}]},{"@type":"WebSite","@id":"https:\/\/merkim.com.tr\/merkim-maket\/#website","url":"https:\/\/merkim.com.tr\/merkim-maket\/","name":"Merkim Maket","description":"","potentialAction":[{"@type":"SearchAction","target":{"@type":"EntryPoint","urlTemplate":"https:\/\/merkim.com.tr\/merkim-maket\/?s={search_term_string}"},"query-input":{"@type":"PropertyValueSpecification","valueRequired":true,"valueName":"search_term_string"}}],"inLanguage":"tr"}]}},"_links":{"self":[{"href":"https:\/\/merkim.com.tr\/merkim-maket\/wp-json\/wp\/v2\/product\/209","targetHints":{"allow":["GET"]}}],"collection":[{"href":"https:\/\/merkim.com.tr\/merkim-maket\/wp-json\/wp\/v2\/product"}],"about":[{"href":"https:\/\/merkim.com.tr\/merkim-maket\/wp-json\/wp\/v2\/types\/product"}],"replies":[{"embeddable":true,"href":"https:\/\/merkim.com.tr\/merkim-maket\/wp-json\/wp\/v2\/comments?post=209"}],"wp:featuredmedia":[{"embeddable":true,"href":"https:\/\/merkim.com.tr\/merkim-maket\/wp-json\/wp\/v2\/media\/210"}],"wp:attachment":[{"href":"https:\/\/merkim.com.tr\/merkim-maket\/wp-json\/wp\/v2\/media?parent=209"}],"wp:term":[{"taxonomy":"product_brand","embeddable":true,"href":"https:\/\/merkim.com.tr\/merkim-maket\/wp-json\/wp\/v2\/product_brand?post=209"},{"taxonomy":"product_cat","embeddable":true,"href":"https:\/\/merkim.com.tr\/merkim-maket\/wp-json\/wp\/v2\/product_cat?post=209"},{"taxonomy":"product_tag","embeddable":true,"href":"https:\/\/merkim.com.tr\/merkim-maket\/wp-json\/wp\/v2\/product_tag?post=209"}],"curies":[{"name":"wp","href":"https:\/\/api.w.org\/{rel}","templated":true}]}}