{"id":207,"date":"2025-06-25T13:55:17","date_gmt":"2025-06-25T13:55:17","guid":{"rendered":"https:\/\/merkim.com.tr\/merkim-maket\/?post_type=product&#038;p=207"},"modified":"2025-06-25T13:55:17","modified_gmt":"2025-06-25T13:55:17","slug":"life-form-yenidogan-iv-enjeksiyon-ve-damar-yolu-egitim-kolu-lf03637","status":"publish","type":"product","link":"https:\/\/merkim.com.tr\/merkim-maket\/urun\/life-form-yenidogan-iv-enjeksiyon-ve-damar-yolu-egitim-kolu-lf03637\/","title":{"rendered":"Life\/form\u00ae Yenido\u011fan IV Enjeksiyon ve Damar Yolu E\u011fitim Kolu [LF03637]"},"content":{"rendered":"<p data-start=\"328\" data-end=\"662\"><strong data-start=\"328\" data-end=\"366\">Life\/form\u00ae Infant IV Arm [LF03637]<\/strong>, yenido\u011fan hastalara damar yolu a\u00e7ma (IV inf\u00fczyon) uygulamalar\u0131n\u0131 ger\u00e7e\u011fe en yak\u0131n \u015fekilde \u00f6\u011fretmek amac\u0131yla tasarlanm\u0131\u015f, y\u00fcksek hassasiyetli bir <strong data-start=\"513\" data-end=\"545\">t\u0131bbi sim\u00fclasyon ekipman\u0131d\u0131r<\/strong>. Ger\u00e7ek hasta deneyimini taklit ederek, klinik becerilerin g\u00fcvenli ve etkili \u015fekilde geli\u015ftirilmesine olanak sa\u011flar.<\/p>\n<p data-start=\"664\" data-end=\"693\">\ud83e\uddd1\u200d\u2695\ufe0f <strong data-start=\"670\" data-end=\"691\">\u00dcr\u00fcn \u00d6zellikleri:<\/strong><\/p>\n<ul data-start=\"694\" data-end=\"1198\">\n<li data-start=\"694\" data-end=\"841\">\n<p data-start=\"696\" data-end=\"841\"><strong data-start=\"696\" data-end=\"740\">Yenido\u011fan anatomiye uygun boyut ve yap\u0131:<\/strong> Cephalic ve basilic venler ile birlikte el \u00fczerindeki dorsal ven\u00f6z ark a\u00e7\u0131k \u015fekilde uygulanabilir.<\/p>\n<\/li>\n<li data-start=\"842\" data-end=\"961\">\n<p data-start=\"844\" data-end=\"961\"><strong data-start=\"844\" data-end=\"873\">Ultra ince sentetik deri:<\/strong> Ger\u00e7ek doku hissi sa\u011flayarak damarlar\u0131n yerinin do\u011fru palpasyonla bulunmas\u0131n\u0131 sa\u011flar.<\/p>\n<\/li>\n<li data-start=\"962\" data-end=\"1084\">\n<p data-start=\"964\" data-end=\"1084\"><strong data-start=\"964\" data-end=\"993\">\u0130nce l\u00fcmenli \u00f6zel t\u00fcpler:<\/strong> Yenido\u011fan damar \u00e7ap\u0131na uygun olarak geli\u015ftirilmi\u015f, do\u011fru enjeksiyon prati\u011fini destekler.<\/p>\n<\/li>\n<li data-start=\"1085\" data-end=\"1198\">\n<p data-start=\"1087\" data-end=\"1198\"><strong data-start=\"1087\" data-end=\"1113\">Uygulama ger\u00e7ek\u00e7ili\u011fi:<\/strong> Kan geri d\u00f6n\u00fc\u015f\u00fc ve enjeksiyon tepkimesiyle birlikte e\u011fitimde y\u00fcksek etkile\u015fim sunar.<\/p>\n<\/li>\n<\/ul>\n<p data-start=\"1200\" data-end=\"1221\">\ud83d\udc89 <strong data-start=\"1203\" data-end=\"1219\">Set \u0130\u00e7eri\u011fi:<\/strong><\/p>\n<ul data-start=\"1222\" data-end=\"1385\">\n<li data-start=\"1222\" data-end=\"1250\">\n<p data-start=\"1224\" data-end=\"1250\">Yenido\u011fan IV E\u011fitim Kolu<\/p>\n<\/li>\n<li data-start=\"1251\" data-end=\"1289\">\n<p data-start=\"1253\" data-end=\"1289\">2 adet IV s\u0131v\u0131 torbas\u0131 (kelep\u00e7eli)<\/p>\n<\/li>\n<li data-start=\"1290\" data-end=\"1321\">\n<p data-start=\"1292\" data-end=\"1321\">1 pint Life\/form\u00ae yapay kan<\/p>\n<\/li>\n<li data-start=\"1322\" data-end=\"1385\">\n<p data-start=\"1324\" data-end=\"1385\">Winged infusion set<br data-start=\"1343\" data-end=\"1346\" \/>(<em data-start=\"1347\" data-end=\"1384\">S\u0131v\u0131 sehpas\u0131 pakete dahil de\u011fildir.<\/em>)<\/p>\n<\/li>\n<\/ul>\n<p data-start=\"1387\" data-end=\"1411\">\ud83d\udd27 <strong data-start=\"1390\" data-end=\"1409\">Yedek Par\u00e7alar:<\/strong><\/p>\n<ul data-start=\"1412\" data-end=\"1543\">\n<li data-start=\"1412\" data-end=\"1459\">\n<p data-start=\"1414\" data-end=\"1459\">LF03641 Yenido\u011fan IV Kol Deri ve Damar Seti<\/p>\n<\/li>\n<li data-start=\"1460\" data-end=\"1484\">\n<p data-start=\"1462\" data-end=\"1484\">LF01130 S\u0131v\u0131 Torbas\u0131<\/p>\n<\/li>\n<li data-start=\"1485\" data-end=\"1513\">\n<p data-start=\"1487\" data-end=\"1513\">LF00845 Yapay Kan (1 Qt)<\/p>\n<\/li>\n<li data-start=\"1514\" data-end=\"1543\">\n<p data-start=\"1516\" data-end=\"1543\">LF00846 Yapay Kan (1 Galon)<\/p>\n<\/li>\n<\/ul>\n<p data-start=\"1545\" data-end=\"1570\">\ud83d\udcd0 <strong data-start=\"1548\" data-end=\"1568\">Teknik Bilgiler:<\/strong><\/p>\n<ul data-start=\"1571\" data-end=\"1657\">\n<li data-start=\"1571\" data-end=\"1604\">\n<p data-start=\"1573\" data-end=\"1604\"><strong data-start=\"1573\" data-end=\"1586\">Boyutlar:<\/strong> 12 x 10 x 5 in\u00e7<\/p>\n<\/li>\n<li data-start=\"1605\" data-end=\"1627\">\n<p data-start=\"1607\" data-end=\"1627\"><strong data-start=\"1607\" data-end=\"1619\">A\u011f\u0131rl\u0131k:<\/strong> 2 lbs<\/p>\n<\/li>\n<li data-start=\"1628\" data-end=\"1657\">\n<p data-start=\"1630\" data-end=\"1657\"><strong data-start=\"1630\" data-end=\"1649\">Garanti S\u00fcresi:<\/strong> 5 y\u0131l<\/p>\n<\/li>\n<\/ul>\n<p data-start=\"1659\" data-end=\"1686\">\ud83c\udfe5 <strong data-start=\"1662\" data-end=\"1684\">Kullan\u0131m Alanlar\u0131:<\/strong><\/p>\n<ul data-start=\"1687\" data-end=\"1892\">\n<li data-start=\"1687\" data-end=\"1718\">\n<p data-start=\"1689\" data-end=\"1718\">Neonatal hem\u015firelik e\u011fitimi<\/p>\n<\/li>\n<li data-start=\"1719\" data-end=\"1776\">\n<p data-start=\"1721\" data-end=\"1776\">T\u0131p ve paramedik \u00f6\u011frencileri i\u00e7in IV inf\u00fczyon e\u011fitimi<\/p>\n<\/li>\n<li data-start=\"1777\" data-end=\"1842\">\n<p data-start=\"1779\" data-end=\"1842\">Pediatri ve yenido\u011fan servislerinde klinik beceri sim\u00fclasyonu<\/p>\n<\/li>\n<li data-start=\"1843\" data-end=\"1892\">\n<p data-start=\"1845\" data-end=\"1892\">Sim\u00fclasyon laboratuvarlar\u0131 ve beceri at\u00f6lyeleri<\/p>\n<\/li>\n<\/ul>\n","protected":false},"excerpt":{"rendered":"<p>Yenido\u011fan hastalarda IV enjeksiyon ve damar yolu a\u00e7ma uygulamalar\u0131 i\u00e7in geli\u015ftirilen ger\u00e7ek\u00e7i e\u011fitim kolu.<\/p>\n","protected":false},"featured_media":208,"comment_status":"open","ping_status":"closed","template":"","meta":[],"product_brand":[16],"product_cat":[15,17,78],"product_tag":[715,707,709,713,711,647,710,712,32,714,716,708],"class_list":{"0":"post-207","1":"product","2":"type-product","3":"status-publish","4":"has-post-thumbnail","6":"product_brand-nasco-healthcare","7":"product_cat-genel","8":"product_cat-nursing-patient-care","9":"product_cat-nasco-healthcare","10":"product_tag-damar-ici-egitim-mankeni","11":"product_tag-infant-iv-kolu","12":"product_tag-iv-infuzyon-egitim-simulatoru","13":"product_tag-kan-verme-egitimi","14":"product_tag-lf03637","15":"product_tag-lifeform-turkiye","16":"product_tag-neonatal-egitim-ekipmani","17":"product_tag-pediatrik-damar-yolu-uygulamasi","18":"product_tag-tibbi-egitim-mankeni","19":"product_tag-winged-infusion-uygulamasi","20":"product_tag-yapay-kan-simulasyonu","21":"product_tag-yenidogan-damar-yolu-egitimi","23":"first","24":"instock","25":"shipping-taxable","26":"product-type-simple"},"yoast_head":"<!-- This site is optimized with the Yoast SEO plugin v25.2 - https:\/\/yoast.com\/wordpress\/plugins\/seo\/ -->\n<title>Life\/form\u00ae Yenido\u011fan IV Enjeksiyon ve Damar Yolu E\u011fitim Kolu [LF03637] - Merkim Maket<\/title>\n<meta name=\"description\" content=\"Life\/form\u00ae LF03637 Infant IV Arm, yenido\u011fanlarda damar yolu uygulama e\u011fitimi i\u00e7in geli\u015ftirilen, ger\u00e7ek\u00e7i damar yap\u0131s\u0131 ve aksesuarlar\u0131yla t\u0131bbi e\u011fitimde profesyonel bir \u00e7\u00f6z\u00fcmd\u00fcr.\" \/>\n<meta name=\"robots\" content=\"index, follow, max-snippet:-1, max-image-preview:large, max-video-preview:-1\" \/>\n<link rel=\"canonical\" href=\"https:\/\/merkim.com.tr\/merkim-maket\/urun\/life-form-yenidogan-iv-enjeksiyon-ve-damar-yolu-egitim-kolu-lf03637\/\" \/>\n<meta property=\"og:locale\" content=\"tr_TR\" \/>\n<meta property=\"og:type\" content=\"article\" \/>\n<meta property=\"og:title\" content=\"Life\/form\u00ae Yenido\u011fan IV Enjeksiyon ve Damar Yolu E\u011fitim Kolu [LF03637] - Merkim Maket\" \/>\n<meta property=\"og:description\" content=\"Life\/form\u00ae LF03637 Infant IV Arm, yenido\u011fanlarda damar yolu uygulama e\u011fitimi i\u00e7in geli\u015ftirilen, ger\u00e7ek\u00e7i damar yap\u0131s\u0131 ve aksesuarlar\u0131yla t\u0131bbi e\u011fitimde profesyonel bir \u00e7\u00f6z\u00fcmd\u00fcr.\" \/>\n<meta property=\"og:url\" content=\"https:\/\/merkim.com.tr\/merkim-maket\/urun\/life-form-yenidogan-iv-enjeksiyon-ve-damar-yolu-egitim-kolu-lf03637\/\" \/>\n<meta property=\"og:site_name\" content=\"Merkim Maket\" \/>\n<meta property=\"og:image\" content=\"https:\/\/merkim.com.tr\/merkim-maket\/wp-content\/uploads\/2025\/06\/lifeform-yenidogan-iv-leg-egitim-simulator-1.png\" \/>\n\t<meta property=\"og:image:width\" content=\"800\" \/>\n\t<meta property=\"og:image:height\" content=\"800\" \/>\n\t<meta property=\"og:image:type\" content=\"image\/png\" \/>\n<meta name=\"twitter:card\" content=\"summary_large_image\" \/>\n<meta name=\"twitter:label1\" content=\"Tahmini okuma s\u00fcresi\" \/>\n\t<meta name=\"twitter:data1\" content=\"2 dakika\" \/>\n<script type=\"application\/ld+json\" class=\"yoast-schema-graph\">{\"@context\":\"https:\/\/schema.org\",\"@graph\":[{\"@type\":\"WebPage\",\"@id\":\"https:\/\/merkim.com.tr\/merkim-maket\/urun\/life-form-yenidogan-iv-enjeksiyon-ve-damar-yolu-egitim-kolu-lf03637\/\",\"url\":\"https:\/\/merkim.com.tr\/merkim-maket\/urun\/life-form-yenidogan-iv-enjeksiyon-ve-damar-yolu-egitim-kolu-lf03637\/\",\"name\":\"Life\/form\u00ae Yenido\u011fan IV Enjeksiyon ve Damar Yolu E\u011fitim Kolu [LF03637] - Merkim Maket\",\"isPartOf\":{\"@id\":\"https:\/\/merkim.com.tr\/merkim-maket\/#website\"},\"primaryImageOfPage\":{\"@id\":\"https:\/\/merkim.com.tr\/merkim-maket\/urun\/life-form-yenidogan-iv-enjeksiyon-ve-damar-yolu-egitim-kolu-lf03637\/#primaryimage\"},\"image\":{\"@id\":\"https:\/\/merkim.com.tr\/merkim-maket\/urun\/life-form-yenidogan-iv-enjeksiyon-ve-damar-yolu-egitim-kolu-lf03637\/#primaryimage\"},\"thumbnailUrl\":\"https:\/\/merkim.com.tr\/merkim-maket\/wp-content\/uploads\/2025\/06\/lifeform-yenidogan-iv-leg-egitim-simulator-1.png\",\"datePublished\":\"2025-06-25T13:55:17+00:00\",\"description\":\"Life\/form\u00ae LF03637 Infant IV Arm, yenido\u011fanlarda damar yolu uygulama e\u011fitimi i\u00e7in geli\u015ftirilen, ger\u00e7ek\u00e7i damar yap\u0131s\u0131 ve aksesuarlar\u0131yla t\u0131bbi e\u011fitimde profesyonel bir \u00e7\u00f6z\u00fcmd\u00fcr.\",\"breadcrumb\":{\"@id\":\"https:\/\/merkim.com.tr\/merkim-maket\/urun\/life-form-yenidogan-iv-enjeksiyon-ve-damar-yolu-egitim-kolu-lf03637\/#breadcrumb\"},\"inLanguage\":\"tr\",\"potentialAction\":[{\"@type\":\"ReadAction\",\"target\":[\"https:\/\/merkim.com.tr\/merkim-maket\/urun\/life-form-yenidogan-iv-enjeksiyon-ve-damar-yolu-egitim-kolu-lf03637\/\"]}]},{\"@type\":\"ImageObject\",\"inLanguage\":\"tr\",\"@id\":\"https:\/\/merkim.com.tr\/merkim-maket\/urun\/life-form-yenidogan-iv-enjeksiyon-ve-damar-yolu-egitim-kolu-lf03637\/#primaryimage\",\"url\":\"https:\/\/merkim.com.tr\/merkim-maket\/wp-content\/uploads\/2025\/06\/lifeform-yenidogan-iv-leg-egitim-simulator-1.png\",\"contentUrl\":\"https:\/\/merkim.com.tr\/merkim-maket\/wp-content\/uploads\/2025\/06\/lifeform-yenidogan-iv-leg-egitim-simulator-1.png\",\"width\":800,\"height\":800,\"caption\":\"\u0130nce cilt ve damar yap\u0131s\u0131yla yenido\u011fanlarda damar yolu uygulama e\u011fitimi i\u00e7in ideal \u00e7\u00f6z\u00fcm\"},{\"@type\":\"BreadcrumbList\",\"@id\":\"https:\/\/merkim.com.tr\/merkim-maket\/urun\/life-form-yenidogan-iv-enjeksiyon-ve-damar-yolu-egitim-kolu-lf03637\/#breadcrumb\",\"itemListElement\":[{\"@type\":\"ListItem\",\"position\":1,\"name\":\"Anasayfa\",\"item\":\"https:\/\/merkim.com.tr\/merkim-maket\/\"},{\"@type\":\"ListItem\",\"position\":2,\"name\":\"Ma\u011faza\",\"item\":\"https:\/\/merkim.com.tr\/merkim-maket\/magaza\/\"},{\"@type\":\"ListItem\",\"position\":3,\"name\":\"Life\/form\u00ae Yenido\u011fan IV Enjeksiyon ve Damar Yolu E\u011fitim Kolu [LF03637]\"}]},{\"@type\":\"WebSite\",\"@id\":\"https:\/\/merkim.com.tr\/merkim-maket\/#website\",\"url\":\"https:\/\/merkim.com.tr\/merkim-maket\/\",\"name\":\"Merkim Maket\",\"description\":\"\",\"potentialAction\":[{\"@type\":\"SearchAction\",\"target\":{\"@type\":\"EntryPoint\",\"urlTemplate\":\"https:\/\/merkim.com.tr\/merkim-maket\/?s={search_term_string}\"},\"query-input\":{\"@type\":\"PropertyValueSpecification\",\"valueRequired\":true,\"valueName\":\"search_term_string\"}}],\"inLanguage\":\"tr\"}]}<\/script>\n<!-- \/ Yoast SEO plugin. -->","yoast_head_json":{"title":"Life\/form\u00ae Yenido\u011fan IV Enjeksiyon ve Damar Yolu E\u011fitim Kolu [LF03637] - Merkim Maket","description":"Life\/form\u00ae LF03637 Infant IV Arm, yenido\u011fanlarda damar yolu uygulama e\u011fitimi i\u00e7in geli\u015ftirilen, ger\u00e7ek\u00e7i damar yap\u0131s\u0131 ve aksesuarlar\u0131yla t\u0131bbi e\u011fitimde profesyonel bir \u00e7\u00f6z\u00fcmd\u00fcr.","robots":{"index":"index","follow":"follow","max-snippet":"max-snippet:-1","max-image-preview":"max-image-preview:large","max-video-preview":"max-video-preview:-1"},"canonical":"https:\/\/merkim.com.tr\/merkim-maket\/urun\/life-form-yenidogan-iv-enjeksiyon-ve-damar-yolu-egitim-kolu-lf03637\/","og_locale":"tr_TR","og_type":"article","og_title":"Life\/form\u00ae Yenido\u011fan IV Enjeksiyon ve Damar Yolu E\u011fitim Kolu [LF03637] - Merkim Maket","og_description":"Life\/form\u00ae LF03637 Infant IV Arm, yenido\u011fanlarda damar yolu uygulama e\u011fitimi i\u00e7in geli\u015ftirilen, ger\u00e7ek\u00e7i damar yap\u0131s\u0131 ve aksesuarlar\u0131yla t\u0131bbi e\u011fitimde profesyonel bir \u00e7\u00f6z\u00fcmd\u00fcr.","og_url":"https:\/\/merkim.com.tr\/merkim-maket\/urun\/life-form-yenidogan-iv-enjeksiyon-ve-damar-yolu-egitim-kolu-lf03637\/","og_site_name":"Merkim Maket","og_image":[{"width":800,"height":800,"url":"https:\/\/merkim.com.tr\/merkim-maket\/wp-content\/uploads\/2025\/06\/lifeform-yenidogan-iv-leg-egitim-simulator-1.png","type":"image\/png"}],"twitter_card":"summary_large_image","twitter_misc":{"Tahmini okuma s\u00fcresi":"2 dakika"},"schema":{"@context":"https:\/\/schema.org","@graph":[{"@type":"WebPage","@id":"https:\/\/merkim.com.tr\/merkim-maket\/urun\/life-form-yenidogan-iv-enjeksiyon-ve-damar-yolu-egitim-kolu-lf03637\/","url":"https:\/\/merkim.com.tr\/merkim-maket\/urun\/life-form-yenidogan-iv-enjeksiyon-ve-damar-yolu-egitim-kolu-lf03637\/","name":"Life\/form\u00ae Yenido\u011fan IV Enjeksiyon ve Damar Yolu E\u011fitim Kolu [LF03637] - Merkim Maket","isPartOf":{"@id":"https:\/\/merkim.com.tr\/merkim-maket\/#website"},"primaryImageOfPage":{"@id":"https:\/\/merkim.com.tr\/merkim-maket\/urun\/life-form-yenidogan-iv-enjeksiyon-ve-damar-yolu-egitim-kolu-lf03637\/#primaryimage"},"image":{"@id":"https:\/\/merkim.com.tr\/merkim-maket\/urun\/life-form-yenidogan-iv-enjeksiyon-ve-damar-yolu-egitim-kolu-lf03637\/#primaryimage"},"thumbnailUrl":"https:\/\/merkim.com.tr\/merkim-maket\/wp-content\/uploads\/2025\/06\/lifeform-yenidogan-iv-leg-egitim-simulator-1.png","datePublished":"2025-06-25T13:55:17+00:00","description":"Life\/form\u00ae LF03637 Infant IV Arm, yenido\u011fanlarda damar yolu uygulama e\u011fitimi i\u00e7in geli\u015ftirilen, ger\u00e7ek\u00e7i damar yap\u0131s\u0131 ve aksesuarlar\u0131yla t\u0131bbi e\u011fitimde profesyonel bir \u00e7\u00f6z\u00fcmd\u00fcr.","breadcrumb":{"@id":"https:\/\/merkim.com.tr\/merkim-maket\/urun\/life-form-yenidogan-iv-enjeksiyon-ve-damar-yolu-egitim-kolu-lf03637\/#breadcrumb"},"inLanguage":"tr","potentialAction":[{"@type":"ReadAction","target":["https:\/\/merkim.com.tr\/merkim-maket\/urun\/life-form-yenidogan-iv-enjeksiyon-ve-damar-yolu-egitim-kolu-lf03637\/"]}]},{"@type":"ImageObject","inLanguage":"tr","@id":"https:\/\/merkim.com.tr\/merkim-maket\/urun\/life-form-yenidogan-iv-enjeksiyon-ve-damar-yolu-egitim-kolu-lf03637\/#primaryimage","url":"https:\/\/merkim.com.tr\/merkim-maket\/wp-content\/uploads\/2025\/06\/lifeform-yenidogan-iv-leg-egitim-simulator-1.png","contentUrl":"https:\/\/merkim.com.tr\/merkim-maket\/wp-content\/uploads\/2025\/06\/lifeform-yenidogan-iv-leg-egitim-simulator-1.png","width":800,"height":800,"caption":"\u0130nce cilt ve damar yap\u0131s\u0131yla yenido\u011fanlarda damar yolu uygulama e\u011fitimi i\u00e7in ideal \u00e7\u00f6z\u00fcm"},{"@type":"BreadcrumbList","@id":"https:\/\/merkim.com.tr\/merkim-maket\/urun\/life-form-yenidogan-iv-enjeksiyon-ve-damar-yolu-egitim-kolu-lf03637\/#breadcrumb","itemListElement":[{"@type":"ListItem","position":1,"name":"Anasayfa","item":"https:\/\/merkim.com.tr\/merkim-maket\/"},{"@type":"ListItem","position":2,"name":"Ma\u011faza","item":"https:\/\/merkim.com.tr\/merkim-maket\/magaza\/"},{"@type":"ListItem","position":3,"name":"Life\/form\u00ae Yenido\u011fan IV Enjeksiyon ve Damar Yolu E\u011fitim Kolu [LF03637]"}]},{"@type":"WebSite","@id":"https:\/\/merkim.com.tr\/merkim-maket\/#website","url":"https:\/\/merkim.com.tr\/merkim-maket\/","name":"Merkim Maket","description":"","potentialAction":[{"@type":"SearchAction","target":{"@type":"EntryPoint","urlTemplate":"https:\/\/merkim.com.tr\/merkim-maket\/?s={search_term_string}"},"query-input":{"@type":"PropertyValueSpecification","valueRequired":true,"valueName":"search_term_string"}}],"inLanguage":"tr"}]}},"_links":{"self":[{"href":"https:\/\/merkim.com.tr\/merkim-maket\/wp-json\/wp\/v2\/product\/207","targetHints":{"allow":["GET"]}}],"collection":[{"href":"https:\/\/merkim.com.tr\/merkim-maket\/wp-json\/wp\/v2\/product"}],"about":[{"href":"https:\/\/merkim.com.tr\/merkim-maket\/wp-json\/wp\/v2\/types\/product"}],"replies":[{"embeddable":true,"href":"https:\/\/merkim.com.tr\/merkim-maket\/wp-json\/wp\/v2\/comments?post=207"}],"wp:featuredmedia":[{"embeddable":true,"href":"https:\/\/merkim.com.tr\/merkim-maket\/wp-json\/wp\/v2\/media\/208"}],"wp:attachment":[{"href":"https:\/\/merkim.com.tr\/merkim-maket\/wp-json\/wp\/v2\/media?parent=207"}],"wp:term":[{"taxonomy":"product_brand","embeddable":true,"href":"https:\/\/merkim.com.tr\/merkim-maket\/wp-json\/wp\/v2\/product_brand?post=207"},{"taxonomy":"product_cat","embeddable":true,"href":"https:\/\/merkim.com.tr\/merkim-maket\/wp-json\/wp\/v2\/product_cat?post=207"},{"taxonomy":"product_tag","embeddable":true,"href":"https:\/\/merkim.com.tr\/merkim-maket\/wp-json\/wp\/v2\/product_tag?post=207"}],"curies":[{"name":"wp","href":"https:\/\/api.w.org\/{rel}","templated":true}]}}