{"id":205,"date":"2025-06-25T13:43:55","date_gmt":"2025-06-25T13:43:55","guid":{"rendered":"https:\/\/merkim.com.tr\/merkim-maket\/?post_type=product&#038;p=205"},"modified":"2025-06-25T13:43:56","modified_gmt":"2025-06-25T13:43:56","slug":"life-form-pediatrik-enjeksiyon-ve-venipunktur-egitim-kolu-acik-ten-lf00958","status":"publish","type":"product","link":"https:\/\/merkim.com.tr\/merkim-maket\/urun\/life-form-pediatrik-enjeksiyon-ve-venipunktur-egitim-kolu-acik-ten-lf00958\/","title":{"rendered":"Life\/form\u00ae Pediatrik Enjeksiyon ve Venipunktur E\u011fitim Kolu \u2013 A\u00e7\u0131k Ten [LF00958]"},"content":{"rendered":"<p data-start=\"330\" data-end=\"604\"><strong data-start=\"330\" data-end=\"376\">Life\/form\u00ae Pediatric Arm \u2013 Light [LF00958]<\/strong>, <strong data-start=\"378\" data-end=\"443\">6 ya\u015f\u0131ndaki bir \u00e7ocu\u011fun kol anatomisine birebir uygun \u015fekilde<\/strong> tasarlanm\u0131\u015f, pediatrik t\u0131bbi e\u011fitimde venipunktur ve intram\u00fcsk\u00fcler enjeksiyon tekniklerini uygulamak i\u00e7in geli\u015ftirilmi\u015f \u00fcst\u00fcn kaliteli bir sim\u00fclasyon modelidir.<\/p>\n<p data-start=\"606\" data-end=\"654\">\ud83d\udc69\u200d\u2695\ufe0f <strong data-start=\"612\" data-end=\"652\">E\u011fitim \u0130\u00e7eri\u011fi ve Kullan\u0131m Alanlar\u0131:<\/strong><\/p>\n<ul data-start=\"655\" data-end=\"975\">\n<li data-start=\"655\" data-end=\"764\">\n<p data-start=\"657\" data-end=\"764\">T\u0131p, hem\u015firelik ve paramedik \u00f6\u011frencileri i\u00e7in damar yolu a\u00e7ma (venipunktur) ve kas i\u00e7i enjeksiyon prati\u011fi<\/p>\n<\/li>\n<li data-start=\"765\" data-end=\"840\">\n<p data-start=\"767\" data-end=\"840\">Ger\u00e7ek hasta ile \u00e7al\u0131\u015fma \u00f6ncesinde g\u00fcvenli ve kontroll\u00fc uygulama imk\u00e2n\u0131<\/p>\n<\/li>\n<li data-start=\"841\" data-end=\"975\">\n<p data-start=\"843\" data-end=\"975\">Pediatrik hasta anatomisine uygun yap\u0131 sayesinde do\u011fru enjeksiyon b\u00f6lgesini \u00f6\u011frenme ve kas yap\u0131s\u0131na uygun enjeksiyon a\u00e7\u0131s\u0131 belirleme<\/p>\n<\/li>\n<\/ul>\n<p data-start=\"977\" data-end=\"1014\">\ud83c\udfaf <strong data-start=\"980\" data-end=\"1012\">\u00d6ne \u00c7\u0131kan Teknik \u00d6zellikler:<\/strong><\/p>\n<ul data-start=\"1015\" data-end=\"1459\">\n<li data-start=\"1015\" data-end=\"1117\">\n<p data-start=\"1017\" data-end=\"1117\"><strong data-start=\"1017\" data-end=\"1041\">Ger\u00e7ek\u00e7i vinil deri:<\/strong> Palpasyonla damar bulmay\u0131 ve \u201cderi alt\u0131 yuvarlanma hissini\u201d birebir sunar<\/p>\n<\/li>\n<li data-start=\"1118\" data-end=\"1222\">\n<p data-start=\"1120\" data-end=\"1222\"><strong data-start=\"1120\" data-end=\"1147\">Sentetik damar sistemi:<\/strong> Do\u011fal boyutlarda se\u00e7ilmi\u015f damar t\u00fcpleri, ger\u00e7ek\u00e7ili\u011fi \u00fcst d\u00fczeye \u00e7\u0131kar\u0131r<\/p>\n<\/li>\n<li data-start=\"1223\" data-end=\"1291\">\n<p data-start=\"1225\" data-end=\"1291\"><strong data-start=\"1225\" data-end=\"1248\">Yumu\u015fak k\u00f6p\u00fck doku:<\/strong> Deltoid kas\u0131n do\u011fal yap\u0131s\u0131n\u0131 taklit eder<\/p>\n<\/li>\n<li data-start=\"1292\" data-end=\"1396\">\n<p data-start=\"1294\" data-end=\"1396\"><strong data-start=\"1294\" data-end=\"1322\">Omuz kemi\u011fi sim\u00fclasyonu:<\/strong> Enjeksiyon s\u0131n\u0131rlar\u0131n\u0131 belirler ve a\u015f\u0131r\u0131 derin i\u011fne giri\u015fine engel olur<\/p>\n<\/li>\n<li data-start=\"1397\" data-end=\"1459\">\n<p data-start=\"1399\" data-end=\"1459\"><strong data-start=\"1399\" data-end=\"1459\">Omuzdan s\u0131v\u0131 enjeksiyonu yap\u0131labilir (su kullan\u0131labilir)<\/strong><\/p>\n<\/li>\n<\/ul>\n<p data-start=\"1461\" data-end=\"1484\">\ud83d\udce6 <strong data-start=\"1464\" data-end=\"1482\">Paket \u0130\u00e7eri\u011fi:<\/strong><\/p>\n<ul data-start=\"1485\" data-end=\"1665\">\n<li data-start=\"1485\" data-end=\"1525\">\n<p data-start=\"1487\" data-end=\"1525\">A\u00e7\u0131k ten rengine sahip pediatrik kol<\/p>\n<\/li>\n<li data-start=\"1526\" data-end=\"1542\">\n<p data-start=\"1528\" data-end=\"1542\">S\u0131v\u0131 torbas\u0131<\/p>\n<\/li>\n<li data-start=\"1543\" data-end=\"1560\">\n<p data-start=\"1545\" data-end=\"1560\">3 cc enjekt\u00f6r<\/p>\n<\/li>\n<li data-start=\"1561\" data-end=\"1581\">\n<p data-start=\"1563\" data-end=\"1581\">1 pint yapay kan<\/p>\n<\/li>\n<li data-start=\"1582\" data-end=\"1602\">\n<p data-start=\"1584\" data-end=\"1602\">E\u011fitim kitap\u00e7\u0131\u011f\u0131<\/p>\n<\/li>\n<li data-start=\"1603\" data-end=\"1665\">\n<p data-start=\"1605\" data-end=\"1665\">Sert ta\u015f\u0131ma \u00e7antas\u0131<br data-start=\"1624\" data-end=\"1627\" \/>(<em data-start=\"1628\" data-end=\"1664\">S\u0131v\u0131 stand\u0131 pakete dahil de\u011fildir.<\/em>)<\/p>\n<\/li>\n<\/ul>\n<p data-start=\"1667\" data-end=\"1706\">\ud83d\udd04 <strong data-start=\"1670\" data-end=\"1704\">Yedek Par\u00e7alar ve Aksesuarlar:<\/strong><\/p>\n<ul data-start=\"1707\" data-end=\"1965\">\n<li data-start=\"1707\" data-end=\"1743\">\n<p data-start=\"1709\" data-end=\"1743\">LF01056 Pediatrik Kol Damar Seti<\/p>\n<\/li>\n<li data-start=\"1744\" data-end=\"1798\">\n<p data-start=\"1746\" data-end=\"1798\">LF00986 Pediatrik Kol Deri &amp; Damar Seti (A\u00e7\u0131k Ten)<\/p>\n<\/li>\n<li data-start=\"1799\" data-end=\"1827\">\n<p data-start=\"1801\" data-end=\"1827\">LF00845 Yapay Kan (1 Qt)<\/p>\n<\/li>\n<li data-start=\"1828\" data-end=\"1859\">\n<p data-start=\"1830\" data-end=\"1859\">LF00846 Yapay Kan (1 Galon)<\/p>\n<\/li>\n<li data-start=\"1860\" data-end=\"1884\">\n<p data-start=\"1862\" data-end=\"1884\">LF01130 S\u0131v\u0131 Torbas\u0131<\/p>\n<\/li>\n<li data-start=\"1885\" data-end=\"1965\">\n<p data-start=\"1887\" data-end=\"1965\"><strong data-start=\"1887\" data-end=\"1901\">Opsiyonel:<\/strong> LF01099U \u2013 Delikleri kapatmak i\u00e7in sprey s\u0131zd\u0131rmazl\u0131k sol\u00fcsyonu<\/p>\n<\/li>\n<\/ul>\n<p data-start=\"1967\" data-end=\"1992\">\ud83d\udcd0 <strong data-start=\"1970\" data-end=\"1990\">Teknik Detaylar:<\/strong><\/p>\n<ul data-start=\"1993\" data-end=\"2087\">\n<li data-start=\"1993\" data-end=\"2027\">\n<p data-start=\"1995\" data-end=\"2027\"><strong data-start=\"1995\" data-end=\"2008\">Boyutlar:<\/strong> 20 x 12 x 10 in\u00e7<\/p>\n<\/li>\n<li data-start=\"2028\" data-end=\"2057\">\n<p data-start=\"2030\" data-end=\"2057\"><strong data-start=\"2030\" data-end=\"2049\">Kargo A\u011f\u0131rl\u0131\u011f\u0131:<\/strong> 5 lbs<\/p>\n<\/li>\n<li data-start=\"2058\" data-end=\"2087\">\n<p data-start=\"2060\" data-end=\"2087\"><strong data-start=\"2060\" data-end=\"2079\">Garanti S\u00fcresi:<\/strong> 5 y\u0131l<\/p>\n<\/li>\n<\/ul>\n<p data-start=\"2089\" data-end=\"2116\">\ud83c\udfe5 <strong data-start=\"2092\" data-end=\"2114\">Kullan\u0131m Alanlar\u0131:<\/strong><\/p>\n<ul data-start=\"2117\" data-end=\"2251\">\n<li data-start=\"2117\" data-end=\"2136\">\n<p data-start=\"2119\" data-end=\"2136\">T\u0131p fak\u00fclteleri<\/p>\n<\/li>\n<li data-start=\"2137\" data-end=\"2181\">\n<p data-start=\"2139\" data-end=\"2181\">Hem\u015firelik ve paramedik e\u011fitim kurumlar\u0131<\/p>\n<\/li>\n<li data-start=\"2182\" data-end=\"2212\">\n<p data-start=\"2184\" data-end=\"2212\">Sim\u00fclasyon laboratuvarlar\u0131<\/p>\n<\/li>\n<li data-start=\"2213\" data-end=\"2251\">\n<p data-start=\"2215\" data-end=\"2251\">Pediatriye odakl\u0131 enjeksiyon e\u011fitimi<\/p>\n<\/li>\n<\/ul>\n","protected":false},"excerpt":{"rendered":"<p>6 ya\u015f\u0131ndaki bir \u00e7ocu\u011fun kol anatomisine g\u00f6re tasarlanm\u0131\u015f, enjeksiyon ve damar yolu e\u011fitimi i\u00e7in ideal pediatrik sim\u00fclasyon kolu.<\/p>\n","protected":false},"featured_media":206,"comment_status":"open","ping_status":"closed","template":"","meta":[],"product_brand":[16],"product_cat":[15,17,78],"product_tag":[700,703,704,701,702,647,695,699,705,706,79],"class_list":{"0":"post-205","1":"product","2":"type-product","3":"status-publish","4":"has-post-thumbnail","6":"product_brand-nasco-healthcare","7":"product_cat-genel","8":"product_cat-nursing-patient-care","9":"product_cat-nasco-healthcare","10":"product_tag-cocuk-damar-yolu-egitimi","11":"product_tag-cocuk-simulasyon-kolu","12":"product_tag-damar-ici-igne-egitimi","13":"product_tag-enjeksiyon-egitimi","14":"product_tag-lf00958","15":"product_tag-lifeform-turkiye","16":"product_tag-pediatrik-egitim-mankeni","17":"product_tag-pediatrik-enjeksiyon-kolu","18":"product_tag-pediatrik-intramuskuler-enjeksiyon","19":"product_tag-tibbi-egitim-ekipmani","20":"product_tag-venipunktur-simulatoru","22":"first","23":"instock","24":"shipping-taxable","25":"product-type-simple"},"yoast_head":"<!-- This site is optimized with the Yoast SEO plugin v25.2 - https:\/\/yoast.com\/wordpress\/plugins\/seo\/ -->\n<title>Life\/form\u00ae Pediatrik Enjeksiyon ve Venipunktur E\u011fitim Kolu \u2013 A\u00e7\u0131k Ten [LF00958] - Merkim Maket<\/title>\n<meta name=\"description\" content=\"Life\/form\u00ae LF00958 Pediatrik Enjeksiyon Kolu, 6 ya\u015f \u00e7ocuk anatomisine uygun tasar\u0131m\u0131yla venipunktur ve kas i\u00e7i enjeksiyon e\u011fitimlerinde profesyonel deneyim sa\u011flar. A\u00e7\u0131k ten rengi, ger\u00e7ek\u00e7i doku ve 5 y\u0131l garanti ile.\" \/>\n<meta name=\"robots\" content=\"index, follow, max-snippet:-1, max-image-preview:large, max-video-preview:-1\" \/>\n<link rel=\"canonical\" href=\"https:\/\/merkim.com.tr\/merkim-maket\/urun\/life-form-pediatrik-enjeksiyon-ve-venipunktur-egitim-kolu-acik-ten-lf00958\/\" \/>\n<meta property=\"og:locale\" content=\"tr_TR\" \/>\n<meta property=\"og:type\" content=\"article\" \/>\n<meta property=\"og:title\" content=\"Life\/form\u00ae Pediatrik Enjeksiyon ve Venipunktur E\u011fitim Kolu \u2013 A\u00e7\u0131k Ten [LF00958] - Merkim Maket\" \/>\n<meta property=\"og:description\" content=\"Life\/form\u00ae LF00958 Pediatrik Enjeksiyon Kolu, 6 ya\u015f \u00e7ocuk anatomisine uygun tasar\u0131m\u0131yla venipunktur ve kas i\u00e7i enjeksiyon e\u011fitimlerinde profesyonel deneyim sa\u011flar. A\u00e7\u0131k ten rengi, ger\u00e7ek\u00e7i doku ve 5 y\u0131l garanti ile.\" \/>\n<meta property=\"og:url\" content=\"https:\/\/merkim.com.tr\/merkim-maket\/urun\/life-form-pediatrik-enjeksiyon-ve-venipunktur-egitim-kolu-acik-ten-lf00958\/\" \/>\n<meta property=\"og:site_name\" content=\"Merkim Maket\" \/>\n<meta property=\"article:modified_time\" content=\"2025-06-25T13:43:56+00:00\" \/>\n<meta property=\"og:image\" content=\"https:\/\/merkim.com.tr\/merkim-maket\/wp-content\/uploads\/2025\/06\/lifeform-pediatrik-enjeksiyon-kolu-acik-ten-lf00958.png\" \/>\n\t<meta property=\"og:image:width\" content=\"720\" \/>\n\t<meta property=\"og:image:height\" content=\"720\" \/>\n\t<meta property=\"og:image:type\" content=\"image\/png\" \/>\n<meta name=\"twitter:card\" content=\"summary_large_image\" \/>\n<meta name=\"twitter:label1\" content=\"Tahmini okuma s\u00fcresi\" \/>\n\t<meta name=\"twitter:data1\" content=\"2 dakika\" \/>\n<script type=\"application\/ld+json\" class=\"yoast-schema-graph\">{\"@context\":\"https:\/\/schema.org\",\"@graph\":[{\"@type\":\"WebPage\",\"@id\":\"https:\/\/merkim.com.tr\/merkim-maket\/urun\/life-form-pediatrik-enjeksiyon-ve-venipunktur-egitim-kolu-acik-ten-lf00958\/\",\"url\":\"https:\/\/merkim.com.tr\/merkim-maket\/urun\/life-form-pediatrik-enjeksiyon-ve-venipunktur-egitim-kolu-acik-ten-lf00958\/\",\"name\":\"Life\/form\u00ae Pediatrik Enjeksiyon ve Venipunktur E\u011fitim Kolu \u2013 A\u00e7\u0131k Ten [LF00958] - Merkim Maket\",\"isPartOf\":{\"@id\":\"https:\/\/merkim.com.tr\/merkim-maket\/#website\"},\"primaryImageOfPage\":{\"@id\":\"https:\/\/merkim.com.tr\/merkim-maket\/urun\/life-form-pediatrik-enjeksiyon-ve-venipunktur-egitim-kolu-acik-ten-lf00958\/#primaryimage\"},\"image\":{\"@id\":\"https:\/\/merkim.com.tr\/merkim-maket\/urun\/life-form-pediatrik-enjeksiyon-ve-venipunktur-egitim-kolu-acik-ten-lf00958\/#primaryimage\"},\"thumbnailUrl\":\"https:\/\/merkim.com.tr\/merkim-maket\/wp-content\/uploads\/2025\/06\/lifeform-pediatrik-enjeksiyon-kolu-acik-ten-lf00958.png\",\"datePublished\":\"2025-06-25T13:43:55+00:00\",\"dateModified\":\"2025-06-25T13:43:56+00:00\",\"description\":\"Life\/form\u00ae LF00958 Pediatrik Enjeksiyon Kolu, 6 ya\u015f \u00e7ocuk anatomisine uygun tasar\u0131m\u0131yla venipunktur ve kas i\u00e7i enjeksiyon e\u011fitimlerinde profesyonel deneyim sa\u011flar. A\u00e7\u0131k ten rengi, ger\u00e7ek\u00e7i doku ve 5 y\u0131l garanti ile.\",\"breadcrumb\":{\"@id\":\"https:\/\/merkim.com.tr\/merkim-maket\/urun\/life-form-pediatrik-enjeksiyon-ve-venipunktur-egitim-kolu-acik-ten-lf00958\/#breadcrumb\"},\"inLanguage\":\"tr\",\"potentialAction\":[{\"@type\":\"ReadAction\",\"target\":[\"https:\/\/merkim.com.tr\/merkim-maket\/urun\/life-form-pediatrik-enjeksiyon-ve-venipunktur-egitim-kolu-acik-ten-lf00958\/\"]}]},{\"@type\":\"ImageObject\",\"inLanguage\":\"tr\",\"@id\":\"https:\/\/merkim.com.tr\/merkim-maket\/urun\/life-form-pediatrik-enjeksiyon-ve-venipunktur-egitim-kolu-acik-ten-lf00958\/#primaryimage\",\"url\":\"https:\/\/merkim.com.tr\/merkim-maket\/wp-content\/uploads\/2025\/06\/lifeform-pediatrik-enjeksiyon-kolu-acik-ten-lf00958.png\",\"contentUrl\":\"https:\/\/merkim.com.tr\/merkim-maket\/wp-content\/uploads\/2025\/06\/lifeform-pediatrik-enjeksiyon-kolu-acik-ten-lf00958.png\",\"width\":720,\"height\":720,\"caption\":\"6 ya\u015f\u0131ndaki \u00e7ocu\u011fun kol yap\u0131s\u0131na uygun olarak tasarlanm\u0131\u015f enjeksiyon e\u011fitim mankeni\"},{\"@type\":\"BreadcrumbList\",\"@id\":\"https:\/\/merkim.com.tr\/merkim-maket\/urun\/life-form-pediatrik-enjeksiyon-ve-venipunktur-egitim-kolu-acik-ten-lf00958\/#breadcrumb\",\"itemListElement\":[{\"@type\":\"ListItem\",\"position\":1,\"name\":\"Anasayfa\",\"item\":\"https:\/\/merkim.com.tr\/merkim-maket\/\"},{\"@type\":\"ListItem\",\"position\":2,\"name\":\"Ma\u011faza\",\"item\":\"https:\/\/merkim.com.tr\/merkim-maket\/magaza\/\"},{\"@type\":\"ListItem\",\"position\":3,\"name\":\"Life\/form\u00ae Pediatrik Enjeksiyon ve Venipunktur E\u011fitim Kolu \u2013 A\u00e7\u0131k Ten [LF00958]\"}]},{\"@type\":\"WebSite\",\"@id\":\"https:\/\/merkim.com.tr\/merkim-maket\/#website\",\"url\":\"https:\/\/merkim.com.tr\/merkim-maket\/\",\"name\":\"Merkim Maket\",\"description\":\"\",\"potentialAction\":[{\"@type\":\"SearchAction\",\"target\":{\"@type\":\"EntryPoint\",\"urlTemplate\":\"https:\/\/merkim.com.tr\/merkim-maket\/?s={search_term_string}\"},\"query-input\":{\"@type\":\"PropertyValueSpecification\",\"valueRequired\":true,\"valueName\":\"search_term_string\"}}],\"inLanguage\":\"tr\"}]}<\/script>\n<!-- \/ Yoast SEO plugin. -->","yoast_head_json":{"title":"Life\/form\u00ae Pediatrik Enjeksiyon ve Venipunktur E\u011fitim Kolu \u2013 A\u00e7\u0131k Ten [LF00958] - Merkim Maket","description":"Life\/form\u00ae LF00958 Pediatrik Enjeksiyon Kolu, 6 ya\u015f \u00e7ocuk anatomisine uygun tasar\u0131m\u0131yla venipunktur ve kas i\u00e7i enjeksiyon e\u011fitimlerinde profesyonel deneyim sa\u011flar. A\u00e7\u0131k ten rengi, ger\u00e7ek\u00e7i doku ve 5 y\u0131l garanti ile.","robots":{"index":"index","follow":"follow","max-snippet":"max-snippet:-1","max-image-preview":"max-image-preview:large","max-video-preview":"max-video-preview:-1"},"canonical":"https:\/\/merkim.com.tr\/merkim-maket\/urun\/life-form-pediatrik-enjeksiyon-ve-venipunktur-egitim-kolu-acik-ten-lf00958\/","og_locale":"tr_TR","og_type":"article","og_title":"Life\/form\u00ae Pediatrik Enjeksiyon ve Venipunktur E\u011fitim Kolu \u2013 A\u00e7\u0131k Ten [LF00958] - Merkim Maket","og_description":"Life\/form\u00ae LF00958 Pediatrik Enjeksiyon Kolu, 6 ya\u015f \u00e7ocuk anatomisine uygun tasar\u0131m\u0131yla venipunktur ve kas i\u00e7i enjeksiyon e\u011fitimlerinde profesyonel deneyim sa\u011flar. A\u00e7\u0131k ten rengi, ger\u00e7ek\u00e7i doku ve 5 y\u0131l garanti ile.","og_url":"https:\/\/merkim.com.tr\/merkim-maket\/urun\/life-form-pediatrik-enjeksiyon-ve-venipunktur-egitim-kolu-acik-ten-lf00958\/","og_site_name":"Merkim Maket","article_modified_time":"2025-06-25T13:43:56+00:00","og_image":[{"width":720,"height":720,"url":"https:\/\/merkim.com.tr\/merkim-maket\/wp-content\/uploads\/2025\/06\/lifeform-pediatrik-enjeksiyon-kolu-acik-ten-lf00958.png","type":"image\/png"}],"twitter_card":"summary_large_image","twitter_misc":{"Tahmini okuma s\u00fcresi":"2 dakika"},"schema":{"@context":"https:\/\/schema.org","@graph":[{"@type":"WebPage","@id":"https:\/\/merkim.com.tr\/merkim-maket\/urun\/life-form-pediatrik-enjeksiyon-ve-venipunktur-egitim-kolu-acik-ten-lf00958\/","url":"https:\/\/merkim.com.tr\/merkim-maket\/urun\/life-form-pediatrik-enjeksiyon-ve-venipunktur-egitim-kolu-acik-ten-lf00958\/","name":"Life\/form\u00ae Pediatrik Enjeksiyon ve Venipunktur E\u011fitim Kolu \u2013 A\u00e7\u0131k Ten [LF00958] - Merkim Maket","isPartOf":{"@id":"https:\/\/merkim.com.tr\/merkim-maket\/#website"},"primaryImageOfPage":{"@id":"https:\/\/merkim.com.tr\/merkim-maket\/urun\/life-form-pediatrik-enjeksiyon-ve-venipunktur-egitim-kolu-acik-ten-lf00958\/#primaryimage"},"image":{"@id":"https:\/\/merkim.com.tr\/merkim-maket\/urun\/life-form-pediatrik-enjeksiyon-ve-venipunktur-egitim-kolu-acik-ten-lf00958\/#primaryimage"},"thumbnailUrl":"https:\/\/merkim.com.tr\/merkim-maket\/wp-content\/uploads\/2025\/06\/lifeform-pediatrik-enjeksiyon-kolu-acik-ten-lf00958.png","datePublished":"2025-06-25T13:43:55+00:00","dateModified":"2025-06-25T13:43:56+00:00","description":"Life\/form\u00ae LF00958 Pediatrik Enjeksiyon Kolu, 6 ya\u015f \u00e7ocuk anatomisine uygun tasar\u0131m\u0131yla venipunktur ve kas i\u00e7i enjeksiyon e\u011fitimlerinde profesyonel deneyim sa\u011flar. A\u00e7\u0131k ten rengi, ger\u00e7ek\u00e7i doku ve 5 y\u0131l garanti ile.","breadcrumb":{"@id":"https:\/\/merkim.com.tr\/merkim-maket\/urun\/life-form-pediatrik-enjeksiyon-ve-venipunktur-egitim-kolu-acik-ten-lf00958\/#breadcrumb"},"inLanguage":"tr","potentialAction":[{"@type":"ReadAction","target":["https:\/\/merkim.com.tr\/merkim-maket\/urun\/life-form-pediatrik-enjeksiyon-ve-venipunktur-egitim-kolu-acik-ten-lf00958\/"]}]},{"@type":"ImageObject","inLanguage":"tr","@id":"https:\/\/merkim.com.tr\/merkim-maket\/urun\/life-form-pediatrik-enjeksiyon-ve-venipunktur-egitim-kolu-acik-ten-lf00958\/#primaryimage","url":"https:\/\/merkim.com.tr\/merkim-maket\/wp-content\/uploads\/2025\/06\/lifeform-pediatrik-enjeksiyon-kolu-acik-ten-lf00958.png","contentUrl":"https:\/\/merkim.com.tr\/merkim-maket\/wp-content\/uploads\/2025\/06\/lifeform-pediatrik-enjeksiyon-kolu-acik-ten-lf00958.png","width":720,"height":720,"caption":"6 ya\u015f\u0131ndaki \u00e7ocu\u011fun kol yap\u0131s\u0131na uygun olarak tasarlanm\u0131\u015f enjeksiyon e\u011fitim mankeni"},{"@type":"BreadcrumbList","@id":"https:\/\/merkim.com.tr\/merkim-maket\/urun\/life-form-pediatrik-enjeksiyon-ve-venipunktur-egitim-kolu-acik-ten-lf00958\/#breadcrumb","itemListElement":[{"@type":"ListItem","position":1,"name":"Anasayfa","item":"https:\/\/merkim.com.tr\/merkim-maket\/"},{"@type":"ListItem","position":2,"name":"Ma\u011faza","item":"https:\/\/merkim.com.tr\/merkim-maket\/magaza\/"},{"@type":"ListItem","position":3,"name":"Life\/form\u00ae Pediatrik Enjeksiyon ve Venipunktur E\u011fitim Kolu \u2013 A\u00e7\u0131k Ten [LF00958]"}]},{"@type":"WebSite","@id":"https:\/\/merkim.com.tr\/merkim-maket\/#website","url":"https:\/\/merkim.com.tr\/merkim-maket\/","name":"Merkim Maket","description":"","potentialAction":[{"@type":"SearchAction","target":{"@type":"EntryPoint","urlTemplate":"https:\/\/merkim.com.tr\/merkim-maket\/?s={search_term_string}"},"query-input":{"@type":"PropertyValueSpecification","valueRequired":true,"valueName":"search_term_string"}}],"inLanguage":"tr"}]}},"_links":{"self":[{"href":"https:\/\/merkim.com.tr\/merkim-maket\/wp-json\/wp\/v2\/product\/205","targetHints":{"allow":["GET"]}}],"collection":[{"href":"https:\/\/merkim.com.tr\/merkim-maket\/wp-json\/wp\/v2\/product"}],"about":[{"href":"https:\/\/merkim.com.tr\/merkim-maket\/wp-json\/wp\/v2\/types\/product"}],"replies":[{"embeddable":true,"href":"https:\/\/merkim.com.tr\/merkim-maket\/wp-json\/wp\/v2\/comments?post=205"}],"wp:featuredmedia":[{"embeddable":true,"href":"https:\/\/merkim.com.tr\/merkim-maket\/wp-json\/wp\/v2\/media\/206"}],"wp:attachment":[{"href":"https:\/\/merkim.com.tr\/merkim-maket\/wp-json\/wp\/v2\/media?parent=205"}],"wp:term":[{"taxonomy":"product_brand","embeddable":true,"href":"https:\/\/merkim.com.tr\/merkim-maket\/wp-json\/wp\/v2\/product_brand?post=205"},{"taxonomy":"product_cat","embeddable":true,"href":"https:\/\/merkim.com.tr\/merkim-maket\/wp-json\/wp\/v2\/product_cat?post=205"},{"taxonomy":"product_tag","embeddable":true,"href":"https:\/\/merkim.com.tr\/merkim-maket\/wp-json\/wp\/v2\/product_tag?post=205"}],"curies":[{"name":"wp","href":"https:\/\/api.w.org\/{rel}","templated":true}]}}