{"id":197,"date":"2025-06-25T12:40:47","date_gmt":"2025-06-25T12:40:47","guid":{"rendered":"https:\/\/merkim.com.tr\/merkim-maket\/?post_type=product&#038;p=197"},"modified":"2025-06-25T12:40:48","modified_gmt":"2025-06-25T12:40:48","slug":"life-form-oskultasyon-egitim-mankeni-ve-smartscope-kalp-ve-akciger-ses-simulatoru-lf01142","status":"publish","type":"product","link":"https:\/\/merkim.com.tr\/merkim-maket\/urun\/life-form-oskultasyon-egitim-mankeni-ve-smartscope-kalp-ve-akciger-ses-simulatoru-lf01142\/","title":{"rendered":"Life\/form\u00ae Osk\u00fcltasyon E\u011fitim Mankeni ve Smartscope\u2122 \u2013 Kalp ve Akci\u011fer Ses Sim\u00fclat\u00f6r\u00fc [LF01142]"},"content":{"rendered":"<p data-start=\"417\" data-end=\"758\"><strong data-start=\"417\" data-end=\"478\">Life\/form\u00ae Auscultation Trainer and Smartscope\u2122 [LF01142]<\/strong>, <strong data-start=\"480\" data-end=\"510\">kalp ve akci\u011fer seslerinin<\/strong> klinik do\u011frulukla \u00f6\u011fretilebildi\u011fi, tamamen kablosuz ve ileri teknolojiye sahip bir osk\u00fcltasyon e\u011fitim mankenidir. Bu sim\u00fclasyon sistemi, hem <strong data-start=\"652\" data-end=\"692\">tekli hem de \u00e7oklu kullan\u0131c\u0131 e\u011fitimi<\/strong> i\u00e7in uygundur ve <strong data-start=\"710\" data-end=\"758\">100 feet\u2019e kadar uzaktan kontrol edilebilir.<\/strong><\/p>\n<p data-start=\"760\" data-end=\"1124\">Manken \u00fczerinde <strong data-start=\"776\" data-end=\"818\">g\u00f6r\u00fcn\u00fcr osk\u00fcltasyon noktalar\u0131 bulunmaz<\/strong>; bu sayede \u00f6\u011frenciler ger\u00e7ek hasta deneyimine benzer \u015fekilde do\u011fru anatomik alanlar\u0131 <strong data-start=\"904\" data-end=\"920\">palpe ederek<\/strong> bulmak zorundad\u0131r. <strong data-start=\"940\" data-end=\"965\">Smartscope\u2122 stetoskop<\/strong> farkl\u0131 anatomik noktalarda farkl\u0131 sesler \u00e7alarak, \u00f6\u011frencilerin <strong data-start=\"1029\" data-end=\"1095\">do\u011fru tan\u0131 koyma ve kar\u015f\u0131la\u015ft\u0131rmal\u0131 de\u011ferlendirme becerilerini<\/strong> geli\u015ftirmesine olanak tan\u0131r.<\/p>\n<p data-start=\"1126\" data-end=\"1243\">\ud83e\udec1 <strong data-start=\"1129\" data-end=\"1168\">Akci\u011fer Sesleri \u2013 17 Farkl\u0131 Senaryo<\/strong><br data-start=\"1168\" data-end=\"1171\" \/>Be\u015f \u00f6n, on arka ve iki aksiller noktadan \u015fu akci\u011fer sesleri duyulabilir:<\/p>\n<ul data-start=\"1244\" data-end=\"1450\">\n<li data-start=\"1244\" data-end=\"1287\">\n<p data-start=\"1246\" data-end=\"1287\">Bron\u015fiyal \/ Bronkovezik\u00fcler \/ Vezik\u00fcler<\/p>\n<\/li>\n<li data-start=\"1288\" data-end=\"1306\">\n<p data-start=\"1290\" data-end=\"1306\">\u0130nfant (bebek)<\/p>\n<\/li>\n<li data-start=\"1307\" data-end=\"1339\">\n<p data-start=\"1309\" data-end=\"1339\">Stridor, Wheeze, Mono Wheeze<\/p>\n<\/li>\n<li data-start=\"1340\" data-end=\"1389\">\n<p data-start=\"1342\" data-end=\"1389\">Pn\u00f6moni, Egofoni, Pektorilokuy, Pulmoner \u00d6dem<\/p>\n<\/li>\n<li data-start=\"1390\" data-end=\"1422\">\n<p data-start=\"1392\" data-end=\"1422\">\u0130nce \/ Kal\u0131n Raller, Rhonchi<\/p>\n<\/li>\n<li data-start=\"1423\" data-end=\"1450\">\n<p data-start=\"1425\" data-end=\"1450\">Kaviteli, S\u00fcrt\u00fcnme Sesi<\/p>\n<\/li>\n<\/ul>\n<p data-start=\"1452\" data-end=\"1542\">\u2764\ufe0f <strong data-start=\"1455\" data-end=\"1492\">Kalp Sesleri \u2013 13 Farkl\u0131 Patoloji<\/strong><br data-start=\"1492\" data-end=\"1495\" \/>Alt\u0131 \u00f6n kalp b\u00f6lgesinde \u015fu sesler dinlenebilir:<\/p>\n<ul data-start=\"1543\" data-end=\"1786\">\n<li data-start=\"1543\" data-end=\"1577\">\n<p data-start=\"1545\" data-end=\"1577\">Aort Yetmezli\u011fi, Mitral Stenoz<\/p>\n<\/li>\n<li data-start=\"1578\" data-end=\"1629\">\n<p data-start=\"1580\" data-end=\"1629\">Atrial Septal Defekt, Ventrik\u00fcler Septal Defekt<\/p>\n<\/li>\n<li data-start=\"1630\" data-end=\"1648\">\n<p data-start=\"1632\" data-end=\"1648\">S3 \/ S4 Gallop<\/p>\n<\/li>\n<li data-start=\"1649\" data-end=\"1683\">\n<p data-start=\"1651\" data-end=\"1683\">Sistolik Klik, Pulmoner Stenoz<\/p>\n<\/li>\n<li data-start=\"1684\" data-end=\"1718\">\n<p data-start=\"1686\" data-end=\"1718\">PDA (Patent Duktus Arteriozus)<\/p>\n<\/li>\n<li data-start=\"1719\" data-end=\"1786\">\n<p data-start=\"1721\" data-end=\"1786\">Normal kalp sesleri dahil \u00e7e\u015fitli \u00fcf\u00fcr\u00fcmler ve ritim bozukluklar\u0131<\/p>\n<\/li>\n<\/ul>\n<p data-start=\"1788\" data-end=\"1825\">\ud83d\udd0b <strong data-start=\"1791\" data-end=\"1823\">Teknik \u00d6zellikler ve \u0130\u00e7erik:<\/strong><\/p>\n<ul data-start=\"1826\" data-end=\"2180\">\n<li data-start=\"1826\" data-end=\"1861\">\n<p data-start=\"1828\" data-end=\"1861\">G\u00f6r\u00fcnmeyen osk\u00fcltasyon alanlar\u0131<\/p>\n<\/li>\n<li data-start=\"1862\" data-end=\"1934\">\n<p data-start=\"1864\" data-end=\"1934\">Dahili hoparl\u00f6r yoktur; sesler yaln\u0131zca stetoskop \u00fczerinden iletilir<\/p>\n<\/li>\n<li data-start=\"1935\" data-end=\"1973\">\n<p data-start=\"1937\" data-end=\"1973\">1 adet LCD ekranl\u0131 uzaktan kumanda<\/p>\n<\/li>\n<li data-start=\"1974\" data-end=\"2036\">\n<p data-start=\"1976\" data-end=\"2036\">1 adet SmartScope\u2122 stetoskop (tekli ve ikili kulakl\u0131k ile)<\/p>\n<\/li>\n<li data-start=\"2037\" data-end=\"2055\">\n<p data-start=\"2039\" data-end=\"2055\">Ta\u015f\u0131ma \u00e7antas\u0131<\/p>\n<\/li>\n<li data-start=\"2056\" data-end=\"2098\">\n<p data-start=\"2058\" data-end=\"2098\">2 adet AA + 2 adet AAA pil ile \u00e7al\u0131\u015f\u0131r<\/p>\n<\/li>\n<li data-start=\"2099\" data-end=\"2135\">\n<p data-start=\"2101\" data-end=\"2135\"><strong data-start=\"2101\" data-end=\"2120\">Boyutlar (in\u00e7):<\/strong> 27 x 18 x 11<\/p>\n<\/li>\n<li data-start=\"2136\" data-end=\"2159\">\n<p data-start=\"2138\" data-end=\"2159\"><strong data-start=\"2138\" data-end=\"2150\">A\u011f\u0131rl\u0131k:<\/strong> 24 lbs<\/p>\n<\/li>\n<li data-start=\"2160\" data-end=\"2180\">\n<p data-start=\"2162\" data-end=\"2180\"><strong data-start=\"2162\" data-end=\"2174\">Garanti:<\/strong> 5 y\u0131l<\/p>\n<\/li>\n<\/ul>\n<p data-start=\"2182\" data-end=\"2208\">\ud83c\udfaf <strong data-start=\"2185\" data-end=\"2206\">E\u011fitim Kullan\u0131m\u0131:<\/strong><\/p>\n<ul data-start=\"2209\" data-end=\"2314\">\n<li data-start=\"2209\" data-end=\"2228\">\n<p data-start=\"2211\" data-end=\"2228\">T\u0131p fak\u00fclteleri<\/p>\n<\/li>\n<li data-start=\"2229\" data-end=\"2251\">\n<p data-start=\"2231\" data-end=\"2251\">Hem\u015firelik e\u011fitimi<\/p>\n<\/li>\n<li data-start=\"2252\" data-end=\"2285\">\n<p data-start=\"2254\" data-end=\"2285\">Acil t\u0131p ve dahiliye stajlar\u0131<\/p>\n<\/li>\n<li data-start=\"2286\" data-end=\"2314\">\n<p data-start=\"2288\" data-end=\"2314\">Sim\u00fclasyon laboratuvarlar\u0131<\/p>\n<\/li>\n<\/ul>\n<p data-start=\"2316\" data-end=\"2340\">\ud83d\udcbc <strong data-start=\"2319\" data-end=\"2338\">Yedek Par\u00e7alar:<\/strong><\/p>\n<ul data-start=\"2341\" data-end=\"2422\">\n<li data-start=\"2341\" data-end=\"2364\">\n<p data-start=\"2343\" data-end=\"2364\">LF01144 SmartScope\u2122<\/p>\n<\/li>\n<li data-start=\"2365\" data-end=\"2392\">\n<p data-start=\"2367\" data-end=\"2392\">LF01148 Uzaktan Kumanda<\/p>\n<\/li>\n<li data-start=\"2393\" data-end=\"2422\">\n<p data-start=\"2395\" data-end=\"2422\">LF01145 Osk\u00fcltasyon G\u00f6vdesi<\/p>\n<\/li>\n<\/ul>\n","protected":false},"excerpt":{"rendered":"<p>Kalp ve akci\u011fer seslerini \u00f6\u011fretmek i\u00e7in geli\u015ftirilmi\u015f profesyonel osk\u00fcltasyon e\u011fitim mankeni. Smartscope\u2122 ile sesler kablosuz olarak dinlenebilir. 17 akci\u011fer ve 13 kalp sesi senaryosu i\u00e7erir.<\/p>\n","protected":false},"featured_media":198,"comment_status":"open","ping_status":"closed","template":"","meta":[],"product_brand":[16],"product_cat":[15,17,78],"product_tag":[665,663,668,664,669,667,647,662,670,37,666,139,32,45],"class_list":{"0":"post-197","1":"product","2":"type-product","3":"status-publish","4":"has-post-thumbnail","6":"product_brand-nasco-healthcare","7":"product_cat-genel","8":"product_cat-nursing-patient-care","9":"product_cat-nasco-healthcare","10":"product_tag-akciger-sesi-simulatoru","11":"product_tag-auscultation-trainer","12":"product_tag-hemsirelik-laboratuvari","13":"product_tag-kalp-sesi-simulatoru","14":"product_tag-kalp-ufurumu-egitimi","15":"product_tag-lf01142","16":"product_tag-lifeform-turkiye","17":"product_tag-oskultasyon-mankeni","18":"product_tag-pulmoner-egitim-mankeni","19":"product_tag-simulasyon-mankeni","20":"product_tag-smartscope-stetoskop","21":"product_tag-stetoskop-egitimi","22":"product_tag-tibbi-egitim-mankeni","23":"product_tag-tip-egitimi","25":"first","26":"instock","27":"shipping-taxable","28":"product-type-simple"},"yoast_head":"<!-- This site is optimized with the Yoast SEO plugin v25.2 - https:\/\/yoast.com\/wordpress\/plugins\/seo\/ -->\n<title>Life\/form\u00ae Osk\u00fcltasyon E\u011fitim Mankeni ve Smartscope\u2122 \u2013 Kalp ve Akci\u011fer Ses Sim\u00fclat\u00f6r\u00fc [LF01142] - Merkim Maket<\/title>\n<meta name=\"description\" content=\"Life\/form\u00ae Auscultation Trainer ve Smartscope\u2122 [LF01142], g\u00f6r\u00fcnmeyen osk\u00fcltasyon noktalar\u0131 ve kablosuz stetoskop ile kalp ve akci\u011fer seslerinin \u00f6\u011fretimi i\u00e7in geli\u015ftirilmi\u015f ileri d\u00fczey t\u0131bbi e\u011fitim mankenidir.\" \/>\n<meta name=\"robots\" content=\"index, follow, max-snippet:-1, max-image-preview:large, max-video-preview:-1\" \/>\n<link rel=\"canonical\" href=\"https:\/\/merkim.com.tr\/merkim-maket\/urun\/life-form-oskultasyon-egitim-mankeni-ve-smartscope-kalp-ve-akciger-ses-simulatoru-lf01142\/\" \/>\n<meta property=\"og:locale\" content=\"tr_TR\" \/>\n<meta property=\"og:type\" content=\"article\" \/>\n<meta property=\"og:title\" content=\"Life\/form\u00ae Osk\u00fcltasyon E\u011fitim Mankeni ve Smartscope\u2122 \u2013 Kalp ve Akci\u011fer Ses Sim\u00fclat\u00f6r\u00fc [LF01142] - Merkim Maket\" \/>\n<meta property=\"og:description\" content=\"Life\/form\u00ae Auscultation Trainer ve Smartscope\u2122 [LF01142], g\u00f6r\u00fcnmeyen osk\u00fcltasyon noktalar\u0131 ve kablosuz stetoskop ile kalp ve akci\u011fer seslerinin \u00f6\u011fretimi i\u00e7in geli\u015ftirilmi\u015f ileri d\u00fczey t\u0131bbi e\u011fitim mankenidir.\" \/>\n<meta property=\"og:url\" content=\"https:\/\/merkim.com.tr\/merkim-maket\/urun\/life-form-oskultasyon-egitim-mankeni-ve-smartscope-kalp-ve-akciger-ses-simulatoru-lf01142\/\" \/>\n<meta property=\"og:site_name\" content=\"Merkim Maket\" \/>\n<meta property=\"article:modified_time\" content=\"2025-06-25T12:40:48+00:00\" \/>\n<meta property=\"og:image\" content=\"https:\/\/merkim.com.tr\/merkim-maket\/wp-content\/uploads\/2025\/06\/lifeform-auscultation-trainer-smartscope-lf01142-egitim-mankeni.png\" \/>\n\t<meta property=\"og:image:width\" content=\"800\" \/>\n\t<meta property=\"og:image:height\" content=\"800\" \/>\n\t<meta property=\"og:image:type\" content=\"image\/png\" \/>\n<meta name=\"twitter:card\" content=\"summary_large_image\" \/>\n<meta name=\"twitter:label1\" content=\"Tahmini okuma s\u00fcresi\" \/>\n\t<meta name=\"twitter:data1\" content=\"2 dakika\" \/>\n<script type=\"application\/ld+json\" class=\"yoast-schema-graph\">{\"@context\":\"https:\/\/schema.org\",\"@graph\":[{\"@type\":\"WebPage\",\"@id\":\"https:\/\/merkim.com.tr\/merkim-maket\/urun\/life-form-oskultasyon-egitim-mankeni-ve-smartscope-kalp-ve-akciger-ses-simulatoru-lf01142\/\",\"url\":\"https:\/\/merkim.com.tr\/merkim-maket\/urun\/life-form-oskultasyon-egitim-mankeni-ve-smartscope-kalp-ve-akciger-ses-simulatoru-lf01142\/\",\"name\":\"Life\/form\u00ae Osk\u00fcltasyon E\u011fitim Mankeni ve Smartscope\u2122 \u2013 Kalp ve Akci\u011fer Ses Sim\u00fclat\u00f6r\u00fc [LF01142] - Merkim Maket\",\"isPartOf\":{\"@id\":\"https:\/\/merkim.com.tr\/merkim-maket\/#website\"},\"primaryImageOfPage\":{\"@id\":\"https:\/\/merkim.com.tr\/merkim-maket\/urun\/life-form-oskultasyon-egitim-mankeni-ve-smartscope-kalp-ve-akciger-ses-simulatoru-lf01142\/#primaryimage\"},\"image\":{\"@id\":\"https:\/\/merkim.com.tr\/merkim-maket\/urun\/life-form-oskultasyon-egitim-mankeni-ve-smartscope-kalp-ve-akciger-ses-simulatoru-lf01142\/#primaryimage\"},\"thumbnailUrl\":\"https:\/\/merkim.com.tr\/merkim-maket\/wp-content\/uploads\/2025\/06\/lifeform-auscultation-trainer-smartscope-lf01142-egitim-mankeni.png\",\"datePublished\":\"2025-06-25T12:40:47+00:00\",\"dateModified\":\"2025-06-25T12:40:48+00:00\",\"description\":\"Life\/form\u00ae Auscultation Trainer ve Smartscope\u2122 [LF01142], g\u00f6r\u00fcnmeyen osk\u00fcltasyon noktalar\u0131 ve kablosuz stetoskop ile kalp ve akci\u011fer seslerinin \u00f6\u011fretimi i\u00e7in geli\u015ftirilmi\u015f ileri d\u00fczey t\u0131bbi e\u011fitim mankenidir.\",\"breadcrumb\":{\"@id\":\"https:\/\/merkim.com.tr\/merkim-maket\/urun\/life-form-oskultasyon-egitim-mankeni-ve-smartscope-kalp-ve-akciger-ses-simulatoru-lf01142\/#breadcrumb\"},\"inLanguage\":\"tr\",\"potentialAction\":[{\"@type\":\"ReadAction\",\"target\":[\"https:\/\/merkim.com.tr\/merkim-maket\/urun\/life-form-oskultasyon-egitim-mankeni-ve-smartscope-kalp-ve-akciger-ses-simulatoru-lf01142\/\"]}]},{\"@type\":\"ImageObject\",\"inLanguage\":\"tr\",\"@id\":\"https:\/\/merkim.com.tr\/merkim-maket\/urun\/life-form-oskultasyon-egitim-mankeni-ve-smartscope-kalp-ve-akciger-ses-simulatoru-lf01142\/#primaryimage\",\"url\":\"https:\/\/merkim.com.tr\/merkim-maket\/wp-content\/uploads\/2025\/06\/lifeform-auscultation-trainer-smartscope-lf01142-egitim-mankeni.png\",\"contentUrl\":\"https:\/\/merkim.com.tr\/merkim-maket\/wp-content\/uploads\/2025\/06\/lifeform-auscultation-trainer-smartscope-lf01142-egitim-mankeni.png\",\"width\":800,\"height\":800,\"caption\":\"Ger\u00e7ek hasta deneyimiyle osk\u00fcltasyon e\u011fitimi sunan profesyonel sim\u00fclasyon mankeni\"},{\"@type\":\"BreadcrumbList\",\"@id\":\"https:\/\/merkim.com.tr\/merkim-maket\/urun\/life-form-oskultasyon-egitim-mankeni-ve-smartscope-kalp-ve-akciger-ses-simulatoru-lf01142\/#breadcrumb\",\"itemListElement\":[{\"@type\":\"ListItem\",\"position\":1,\"name\":\"Anasayfa\",\"item\":\"https:\/\/merkim.com.tr\/merkim-maket\/\"},{\"@type\":\"ListItem\",\"position\":2,\"name\":\"Ma\u011faza\",\"item\":\"https:\/\/merkim.com.tr\/merkim-maket\/magaza\/\"},{\"@type\":\"ListItem\",\"position\":3,\"name\":\"Life\/form\u00ae Osk\u00fcltasyon E\u011fitim Mankeni ve Smartscope\u2122 \u2013 Kalp ve Akci\u011fer Ses Sim\u00fclat\u00f6r\u00fc [LF01142]\"}]},{\"@type\":\"WebSite\",\"@id\":\"https:\/\/merkim.com.tr\/merkim-maket\/#website\",\"url\":\"https:\/\/merkim.com.tr\/merkim-maket\/\",\"name\":\"Merkim Maket\",\"description\":\"\",\"potentialAction\":[{\"@type\":\"SearchAction\",\"target\":{\"@type\":\"EntryPoint\",\"urlTemplate\":\"https:\/\/merkim.com.tr\/merkim-maket\/?s={search_term_string}\"},\"query-input\":{\"@type\":\"PropertyValueSpecification\",\"valueRequired\":true,\"valueName\":\"search_term_string\"}}],\"inLanguage\":\"tr\"}]}<\/script>\n<!-- \/ Yoast SEO plugin. -->","yoast_head_json":{"title":"Life\/form\u00ae Osk\u00fcltasyon E\u011fitim Mankeni ve Smartscope\u2122 \u2013 Kalp ve Akci\u011fer Ses Sim\u00fclat\u00f6r\u00fc [LF01142] - Merkim Maket","description":"Life\/form\u00ae Auscultation Trainer ve Smartscope\u2122 [LF01142], g\u00f6r\u00fcnmeyen osk\u00fcltasyon noktalar\u0131 ve kablosuz stetoskop ile kalp ve akci\u011fer seslerinin \u00f6\u011fretimi i\u00e7in geli\u015ftirilmi\u015f ileri d\u00fczey t\u0131bbi e\u011fitim mankenidir.","robots":{"index":"index","follow":"follow","max-snippet":"max-snippet:-1","max-image-preview":"max-image-preview:large","max-video-preview":"max-video-preview:-1"},"canonical":"https:\/\/merkim.com.tr\/merkim-maket\/urun\/life-form-oskultasyon-egitim-mankeni-ve-smartscope-kalp-ve-akciger-ses-simulatoru-lf01142\/","og_locale":"tr_TR","og_type":"article","og_title":"Life\/form\u00ae Osk\u00fcltasyon E\u011fitim Mankeni ve Smartscope\u2122 \u2013 Kalp ve Akci\u011fer Ses Sim\u00fclat\u00f6r\u00fc [LF01142] - Merkim Maket","og_description":"Life\/form\u00ae Auscultation Trainer ve Smartscope\u2122 [LF01142], g\u00f6r\u00fcnmeyen osk\u00fcltasyon noktalar\u0131 ve kablosuz stetoskop ile kalp ve akci\u011fer seslerinin \u00f6\u011fretimi i\u00e7in geli\u015ftirilmi\u015f ileri d\u00fczey t\u0131bbi e\u011fitim mankenidir.","og_url":"https:\/\/merkim.com.tr\/merkim-maket\/urun\/life-form-oskultasyon-egitim-mankeni-ve-smartscope-kalp-ve-akciger-ses-simulatoru-lf01142\/","og_site_name":"Merkim Maket","article_modified_time":"2025-06-25T12:40:48+00:00","og_image":[{"width":800,"height":800,"url":"https:\/\/merkim.com.tr\/merkim-maket\/wp-content\/uploads\/2025\/06\/lifeform-auscultation-trainer-smartscope-lf01142-egitim-mankeni.png","type":"image\/png"}],"twitter_card":"summary_large_image","twitter_misc":{"Tahmini okuma s\u00fcresi":"2 dakika"},"schema":{"@context":"https:\/\/schema.org","@graph":[{"@type":"WebPage","@id":"https:\/\/merkim.com.tr\/merkim-maket\/urun\/life-form-oskultasyon-egitim-mankeni-ve-smartscope-kalp-ve-akciger-ses-simulatoru-lf01142\/","url":"https:\/\/merkim.com.tr\/merkim-maket\/urun\/life-form-oskultasyon-egitim-mankeni-ve-smartscope-kalp-ve-akciger-ses-simulatoru-lf01142\/","name":"Life\/form\u00ae Osk\u00fcltasyon E\u011fitim Mankeni ve Smartscope\u2122 \u2013 Kalp ve Akci\u011fer Ses Sim\u00fclat\u00f6r\u00fc [LF01142] - Merkim Maket","isPartOf":{"@id":"https:\/\/merkim.com.tr\/merkim-maket\/#website"},"primaryImageOfPage":{"@id":"https:\/\/merkim.com.tr\/merkim-maket\/urun\/life-form-oskultasyon-egitim-mankeni-ve-smartscope-kalp-ve-akciger-ses-simulatoru-lf01142\/#primaryimage"},"image":{"@id":"https:\/\/merkim.com.tr\/merkim-maket\/urun\/life-form-oskultasyon-egitim-mankeni-ve-smartscope-kalp-ve-akciger-ses-simulatoru-lf01142\/#primaryimage"},"thumbnailUrl":"https:\/\/merkim.com.tr\/merkim-maket\/wp-content\/uploads\/2025\/06\/lifeform-auscultation-trainer-smartscope-lf01142-egitim-mankeni.png","datePublished":"2025-06-25T12:40:47+00:00","dateModified":"2025-06-25T12:40:48+00:00","description":"Life\/form\u00ae Auscultation Trainer ve Smartscope\u2122 [LF01142], g\u00f6r\u00fcnmeyen osk\u00fcltasyon noktalar\u0131 ve kablosuz stetoskop ile kalp ve akci\u011fer seslerinin \u00f6\u011fretimi i\u00e7in geli\u015ftirilmi\u015f ileri d\u00fczey t\u0131bbi e\u011fitim mankenidir.","breadcrumb":{"@id":"https:\/\/merkim.com.tr\/merkim-maket\/urun\/life-form-oskultasyon-egitim-mankeni-ve-smartscope-kalp-ve-akciger-ses-simulatoru-lf01142\/#breadcrumb"},"inLanguage":"tr","potentialAction":[{"@type":"ReadAction","target":["https:\/\/merkim.com.tr\/merkim-maket\/urun\/life-form-oskultasyon-egitim-mankeni-ve-smartscope-kalp-ve-akciger-ses-simulatoru-lf01142\/"]}]},{"@type":"ImageObject","inLanguage":"tr","@id":"https:\/\/merkim.com.tr\/merkim-maket\/urun\/life-form-oskultasyon-egitim-mankeni-ve-smartscope-kalp-ve-akciger-ses-simulatoru-lf01142\/#primaryimage","url":"https:\/\/merkim.com.tr\/merkim-maket\/wp-content\/uploads\/2025\/06\/lifeform-auscultation-trainer-smartscope-lf01142-egitim-mankeni.png","contentUrl":"https:\/\/merkim.com.tr\/merkim-maket\/wp-content\/uploads\/2025\/06\/lifeform-auscultation-trainer-smartscope-lf01142-egitim-mankeni.png","width":800,"height":800,"caption":"Ger\u00e7ek hasta deneyimiyle osk\u00fcltasyon e\u011fitimi sunan profesyonel sim\u00fclasyon mankeni"},{"@type":"BreadcrumbList","@id":"https:\/\/merkim.com.tr\/merkim-maket\/urun\/life-form-oskultasyon-egitim-mankeni-ve-smartscope-kalp-ve-akciger-ses-simulatoru-lf01142\/#breadcrumb","itemListElement":[{"@type":"ListItem","position":1,"name":"Anasayfa","item":"https:\/\/merkim.com.tr\/merkim-maket\/"},{"@type":"ListItem","position":2,"name":"Ma\u011faza","item":"https:\/\/merkim.com.tr\/merkim-maket\/magaza\/"},{"@type":"ListItem","position":3,"name":"Life\/form\u00ae Osk\u00fcltasyon E\u011fitim Mankeni ve Smartscope\u2122 \u2013 Kalp ve Akci\u011fer Ses Sim\u00fclat\u00f6r\u00fc [LF01142]"}]},{"@type":"WebSite","@id":"https:\/\/merkim.com.tr\/merkim-maket\/#website","url":"https:\/\/merkim.com.tr\/merkim-maket\/","name":"Merkim Maket","description":"","potentialAction":[{"@type":"SearchAction","target":{"@type":"EntryPoint","urlTemplate":"https:\/\/merkim.com.tr\/merkim-maket\/?s={search_term_string}"},"query-input":{"@type":"PropertyValueSpecification","valueRequired":true,"valueName":"search_term_string"}}],"inLanguage":"tr"}]}},"_links":{"self":[{"href":"https:\/\/merkim.com.tr\/merkim-maket\/wp-json\/wp\/v2\/product\/197","targetHints":{"allow":["GET"]}}],"collection":[{"href":"https:\/\/merkim.com.tr\/merkim-maket\/wp-json\/wp\/v2\/product"}],"about":[{"href":"https:\/\/merkim.com.tr\/merkim-maket\/wp-json\/wp\/v2\/types\/product"}],"replies":[{"embeddable":true,"href":"https:\/\/merkim.com.tr\/merkim-maket\/wp-json\/wp\/v2\/comments?post=197"}],"wp:featuredmedia":[{"embeddable":true,"href":"https:\/\/merkim.com.tr\/merkim-maket\/wp-json\/wp\/v2\/media\/198"}],"wp:attachment":[{"href":"https:\/\/merkim.com.tr\/merkim-maket\/wp-json\/wp\/v2\/media?parent=197"}],"wp:term":[{"taxonomy":"product_brand","embeddable":true,"href":"https:\/\/merkim.com.tr\/merkim-maket\/wp-json\/wp\/v2\/product_brand?post=197"},{"taxonomy":"product_cat","embeddable":true,"href":"https:\/\/merkim.com.tr\/merkim-maket\/wp-json\/wp\/v2\/product_cat?post=197"},{"taxonomy":"product_tag","embeddable":true,"href":"https:\/\/merkim.com.tr\/merkim-maket\/wp-json\/wp\/v2\/product_tag?post=197"}],"curies":[{"name":"wp","href":"https:\/\/api.w.org\/{rel}","templated":true}]}}