{"id":195,"date":"2025-06-25T12:28:04","date_gmt":"2025-06-25T12:28:04","guid":{"rendered":"https:\/\/merkim.com.tr\/merkim-maket\/?post_type=product&#038;p=195"},"modified":"2025-06-25T12:28:05","modified_gmt":"2025-06-25T12:28:05","slug":"life-form-interaktif-ekg-simulatoru-ecg-simulator-with-posts-lf03670","status":"publish","type":"product","link":"https:\/\/merkim.com.tr\/merkim-maket\/urun\/life-form-interaktif-ekg-simulatoru-ecg-simulator-with-posts-lf03670\/","title":{"rendered":"Life\/form\u00ae \u0130nteraktif EKG Sim\u00fclat\u00f6r\u00fc \u2013 ECG Simulator with Posts [LF03670]"},"content":{"rendered":"<p data-start=\"379\" data-end=\"760\"><strong data-start=\"379\" data-end=\"440\">Life\/form\u00ae Interactive ECG Simulator with Posts [LF03670]<\/strong>, kardiyak ritim e\u011fitimi, defibrilasyon ve pacing (kalp pili) uygulamalar\u0131nda y\u00fcksek hassasiyet ve ger\u00e7eklik sa\u011flayan ileri d\u00fczey bir t\u0131bbi sim\u00fclasyon cihaz\u0131d\u0131r. Bu kompakt sim\u00fclat\u00f6r, hem <strong data-start=\"628\" data-end=\"678\">eri\u015fkin hem de pediatrik 17 farkl\u0131 EKG ritmini<\/strong> ger\u00e7ek\u00e7i bir bi\u00e7imde \u00fcretir ve sa\u011fl\u0131k personelinin pratik yapmas\u0131na olanak tan\u0131r.<\/p>\n<p data-start=\"762\" data-end=\"1152\">Sim\u00fclat\u00f6r, do\u011frudan defibrilat\u00f6re veya harici pacer cihaz\u0131na ba\u011flanabilir. \u00dcr\u00fcnle birlikte gelen <strong data-start=\"859\" data-end=\"930\">Marquette, Laerdal, Medtronic Physio adapt\u00f6rleri ve g\u00f6\u011f\u00fcs post seti<\/strong>, farkl\u0131 marka ve modellerle uyumlulu\u011fu garanti eder. Yerle\u015fik devre sistemi sayesinde kullan\u0131c\u0131, <strong data-start=\"1028\" data-end=\"1094\">EKG ritimlerini do\u011frudan PADS konnekt\u00f6r\u00fc \u00fczerinden izleyebilir<\/strong> ve defibrilasyon uygulamalar\u0131n\u0131 ger\u00e7ek zamanl\u0131 yapabilir.<\/p>\n<p data-start=\"1154\" data-end=\"1179\"><strong data-start=\"1154\" data-end=\"1179\">\u00d6ne \u00e7\u0131kan \u00f6zellikler:<\/strong><\/p>\n<ul data-start=\"1180\" data-end=\"1651\">\n<li data-start=\"1180\" data-end=\"1255\">\n<p data-start=\"1182\" data-end=\"1255\"><strong data-start=\"1182\" data-end=\"1220\">Defibrilasyon ve pacing uygulamas\u0131<\/strong> sim\u00fclat\u00f6r \u00fczerinden yap\u0131labilir.<\/p>\n<\/li>\n<li data-start=\"1256\" data-end=\"1351\">\n<p data-start=\"1258\" data-end=\"1351\"><strong data-start=\"1258\" data-end=\"1280\">\u201cConvert\u201d \u00f6zelli\u011fi<\/strong> ile defibrilasyon sonras\u0131 otomatik olarak yeni ritme ge\u00e7i\u015f sa\u011flan\u0131r.<\/p>\n<\/li>\n<li data-start=\"1352\" data-end=\"1405\">\n<p data-start=\"1354\" data-end=\"1405\"><strong data-start=\"1354\" data-end=\"1389\">3-lead ve 4-lead EKG sinyalleri<\/strong> \u00fcretilebilir.<\/p>\n<\/li>\n<li data-start=\"1406\" data-end=\"1465\">\n<p data-start=\"1408\" data-end=\"1465\">Otomatik kapanma \u00f6zelli\u011fi ile <strong data-start=\"1438\" data-end=\"1455\">pil tasarrufu<\/strong> sa\u011flar.<\/p>\n<\/li>\n<li data-start=\"1466\" data-end=\"1532\">\n<p data-start=\"1468\" data-end=\"1532\"><strong data-start=\"1468\" data-end=\"1503\">QRS, P ve T dalga morfolojileri<\/strong> klinik do\u011frulu\u011fa sahiptir.<\/p>\n<\/li>\n<li data-start=\"1533\" data-end=\"1585\">\n<p data-start=\"1535\" data-end=\"1585\">Her marka defibrilat\u00f6r ile pacing uygulanabilir.<\/p>\n<\/li>\n<li data-start=\"1586\" data-end=\"1651\">\n<p data-start=\"1588\" data-end=\"1651\">Kolay ta\u015f\u0131nabilir, sa\u011flam ve dayan\u0131kl\u0131 g\u00f6vde yap\u0131s\u0131na sahiptir.<\/p>\n<\/li>\n<\/ul>\n<p data-start=\"1653\" data-end=\"1701\"><strong data-start=\"1653\" data-end=\"1699\">Sim\u00fcle edilebilen EKG ritimleri (17 adet):<\/strong><\/p>\n<ul data-start=\"1702\" data-end=\"2052\">\n<li data-start=\"1702\" data-end=\"1738\">\n<p data-start=\"1704\" data-end=\"1738\">Ventrik\u00fcler Fibrilasyon (V. Fib)<\/p>\n<\/li>\n<li data-start=\"1739\" data-end=\"1788\">\n<p data-start=\"1741\" data-end=\"1788\">H\u0131zl\u0131 \/ Yava\u015f Ventrik\u00fcler Ta\u015fikardi (V. Tach)<\/p>\n<\/li>\n<li data-start=\"1789\" data-end=\"1811\">\n<p data-start=\"1791\" data-end=\"1811\">Polimorfik V. Tach<\/p>\n<\/li>\n<li data-start=\"1812\" data-end=\"1845\">\n<p data-start=\"1814\" data-end=\"1845\">Atriyal Flutter \/ Fibrilasyon<\/p>\n<\/li>\n<li data-start=\"1846\" data-end=\"1884\">\n<p data-start=\"1848\" data-end=\"1884\">Sin\u00fcs Ta\u015fikardi \/ Sin\u00fcs Bradykardi<\/p>\n<\/li>\n<li data-start=\"1885\" data-end=\"1921\">\n<p data-start=\"1887\" data-end=\"1921\">Supraventrik\u00fcler Ta\u015fikardi (SVT)<\/p>\n<\/li>\n<li data-start=\"1922\" data-end=\"1933\">\n<p data-start=\"1924\" data-end=\"1933\">Asistol<\/p>\n<\/li>\n<li data-start=\"1934\" data-end=\"1949\">\n<p data-start=\"1936\" data-end=\"1949\">Sin\u00fcs + PVC<\/p>\n<\/li>\n<li data-start=\"1950\" data-end=\"1957\">\n<p data-start=\"1952\" data-end=\"1957\">NSR<\/p>\n<\/li>\n<li data-start=\"1958\" data-end=\"1978\">\n<p data-start=\"1960\" data-end=\"1978\">Junctional Brady<\/p>\n<\/li>\n<li data-start=\"1979\" data-end=\"2030\">\n<ol start=\"2\" data-start=\"1981\" data-end=\"2030\">\n<li data-start=\"1981\" data-end=\"2030\">\n<p data-start=\"1984\" data-end=\"2030\">Derece AV Blok Tip I \/ Tip II (PVC\u2019li dahil)<\/p>\n<\/li>\n<\/ol>\n<\/li>\n<li data-start=\"2031\" data-end=\"2052\">\n<ol start=\"3\" data-start=\"2033\" data-end=\"2052\">\n<li data-start=\"2033\" data-end=\"2052\">\n<p data-start=\"2036\" data-end=\"2052\">Derece AV Blok<\/p>\n<\/li>\n<\/ol>\n<\/li>\n<\/ul>\n<p data-start=\"2054\" data-end=\"2078\"><strong data-start=\"2054\" data-end=\"2076\">Teknik \u00d6zellikler:<\/strong><\/p>\n<ul data-start=\"2079\" data-end=\"2189\">\n<li data-start=\"2079\" data-end=\"2108\">\n<p data-start=\"2081\" data-end=\"2108\"><strong data-start=\"2081\" data-end=\"2091\">Boyut:<\/strong> 10 x 7 x 3 in\u00e7<\/p>\n<\/li>\n<li data-start=\"2109\" data-end=\"2131\">\n<p data-start=\"2111\" data-end=\"2131\"><strong data-start=\"2111\" data-end=\"2123\">A\u011f\u0131rl\u0131k:<\/strong> 3 lbs<\/p>\n<\/li>\n<li data-start=\"2132\" data-end=\"2166\">\n<p data-start=\"2134\" data-end=\"2166\"><strong data-start=\"2134\" data-end=\"2142\">G\u00fc\u00e7:<\/strong> 1 adet 9V alkalin pil<\/p>\n<\/li>\n<li data-start=\"2167\" data-end=\"2189\">\n<p data-start=\"2169\" data-end=\"2189\"><strong data-start=\"2169\" data-end=\"2181\">Garanti:<\/strong> 3 Y\u0131l<\/p>\n<\/li>\n<\/ul>\n<p data-start=\"2191\" data-end=\"2211\"><strong data-start=\"2191\" data-end=\"2209\">Par\u00e7a Kodlar\u0131:<\/strong><\/p>\n<ul data-start=\"2212\" data-end=\"2345\">\n<li data-start=\"2212\" data-end=\"2247\">\n<p data-start=\"2214\" data-end=\"2247\">LF03656 LifePack 10 Adapt\u00f6rleri<\/p>\n<\/li>\n<li data-start=\"2248\" data-end=\"2281\">\n<p data-start=\"2250\" data-end=\"2281\">LF03657 Marquette Adapt\u00f6rleri<\/p>\n<\/li>\n<li data-start=\"2282\" data-end=\"2345\">\n<p data-start=\"2284\" data-end=\"2345\">LF03658 Laerdal\/Space Labs\/HeartStart\/First Medic Adapt\u00f6rleri<\/p>\n<\/li>\n<\/ul>\n<p data-start=\"2347\" data-end=\"2598\">Bu cihaz, hem <strong data-start=\"2361\" data-end=\"2390\">temel ya\u015fam deste\u011fi (BLS)<\/strong> hem de <strong data-start=\"2398\" data-end=\"2428\">ileri ya\u015fam deste\u011fi (ACLS)<\/strong> e\u011fitim programlar\u0131 i\u00e7in ideal bir se\u00e7enektir. Ger\u00e7ek\u00e7i ritim senaryolar\u0131 ve cihaz uyumlulu\u011fu sayesinde sa\u011fl\u0131k profesyonellerinin e\u011fitim kalitesini en \u00fcst d\u00fczeye \u00e7\u0131kar\u0131r.<\/p>\n","protected":false},"excerpt":{"rendered":"<p>Life\/form\u00ae ECG Sim\u00fclat\u00f6r\u00fc, 17 farkl\u0131 eri\u015fkin ve pediatrik ritmi destekleyen, defibrilasyon ve pacing uygulamalar\u0131na uygun, profesyonel bir EKG e\u011fitim sim\u00fclat\u00f6r\u00fcd\u00fcr.<\/p>\n","protected":false},"featured_media":196,"comment_status":"open","ping_status":"closed","template":"","meta":[],"product_brand":[16],"product_cat":[15,17,78],"product_tag":[657,658,650,649,648,656,652,660,654,653,661,659,651,655,249],"class_list":{"0":"post-195","1":"product","2":"type-product","3":"status-publish","4":"has-post-thumbnail","6":"product_brand-nasco-healthcare","7":"product_cat-genel","8":"product_cat-nursing-patient-care","9":"product_cat-nasco-healthcare","10":"product_tag-acls-egitimi","11":"product_tag-bls-egitimi","12":"product_tag-defibrilasyon-egitimi","13":"product_tag-ecg-simulator","14":"product_tag-ekg-simulatoru","15":"product_tag-kalp-ritim-simulatoru","16":"product_tag-kardiyoloji-egitim-cihazi","17":"product_tag-laerdal-adaptor","18":"product_tag-lf03670","19":"product_tag-lifeform-ekg-cihazi","20":"product_tag-marquette-adaptor","21":"product_tag-medtronic-adaptor","22":"product_tag-pacing-uygulamasi","23":"product_tag-sinus-bradikardi-egitimi","24":"product_tag-tibbi-egitim-simulatoru","26":"first","27":"instock","28":"shipping-taxable","29":"product-type-simple"},"yoast_head":"<!-- This site is optimized with the Yoast SEO plugin v25.2 - https:\/\/yoast.com\/wordpress\/plugins\/seo\/ -->\n<title>Life\/form\u00ae \u0130nteraktif EKG Sim\u00fclat\u00f6r\u00fc \u2013 ECG Simulator with Posts [LF03670] - Merkim Maket<\/title>\n<meta name=\"description\" content=\"Life\/form\u00ae ECG Sim\u00fclat\u00f6r\u00fc [LF03670], 17 farkl\u0131 ritmi destekleyen, defibrilasyon ve pacing uygulamalar\u0131 i\u00e7in profesyonel t\u0131bbi e\u011fitim cihaz\u0131d\u0131r. T\u00fcm defibrilat\u00f6rlerle uyumludur.\" \/>\n<meta name=\"robots\" content=\"index, follow, max-snippet:-1, max-image-preview:large, max-video-preview:-1\" \/>\n<link rel=\"canonical\" href=\"https:\/\/merkim.com.tr\/merkim-maket\/urun\/life-form-interaktif-ekg-simulatoru-ecg-simulator-with-posts-lf03670\/\" \/>\n<meta property=\"og:locale\" content=\"tr_TR\" \/>\n<meta property=\"og:type\" content=\"article\" \/>\n<meta property=\"og:title\" content=\"Life\/form\u00ae \u0130nteraktif EKG Sim\u00fclat\u00f6r\u00fc \u2013 ECG Simulator with Posts [LF03670] - Merkim Maket\" \/>\n<meta property=\"og:description\" content=\"Life\/form\u00ae ECG Sim\u00fclat\u00f6r\u00fc [LF03670], 17 farkl\u0131 ritmi destekleyen, defibrilasyon ve pacing uygulamalar\u0131 i\u00e7in profesyonel t\u0131bbi e\u011fitim cihaz\u0131d\u0131r. T\u00fcm defibrilat\u00f6rlerle uyumludur.\" \/>\n<meta property=\"og:url\" content=\"https:\/\/merkim.com.tr\/merkim-maket\/urun\/life-form-interaktif-ekg-simulatoru-ecg-simulator-with-posts-lf03670\/\" \/>\n<meta property=\"og:site_name\" content=\"Merkim Maket\" \/>\n<meta property=\"article:modified_time\" content=\"2025-06-25T12:28:05+00:00\" \/>\n<meta property=\"og:image\" content=\"https:\/\/merkim.com.tr\/merkim-maket\/wp-content\/uploads\/2025\/06\/lifeform-ekg-simulator-egitim-cihazi-lf03670.png\" \/>\n\t<meta property=\"og:image:width\" content=\"800\" \/>\n\t<meta property=\"og:image:height\" content=\"800\" \/>\n\t<meta property=\"og:image:type\" content=\"image\/png\" \/>\n<meta name=\"twitter:card\" content=\"summary_large_image\" \/>\n<meta name=\"twitter:label1\" content=\"Tahmini okuma s\u00fcresi\" \/>\n\t<meta name=\"twitter:data1\" content=\"2 dakika\" \/>\n<script type=\"application\/ld+json\" class=\"yoast-schema-graph\">{\"@context\":\"https:\/\/schema.org\",\"@graph\":[{\"@type\":\"WebPage\",\"@id\":\"https:\/\/merkim.com.tr\/merkim-maket\/urun\/life-form-interaktif-ekg-simulatoru-ecg-simulator-with-posts-lf03670\/\",\"url\":\"https:\/\/merkim.com.tr\/merkim-maket\/urun\/life-form-interaktif-ekg-simulatoru-ecg-simulator-with-posts-lf03670\/\",\"name\":\"Life\/form\u00ae \u0130nteraktif EKG Sim\u00fclat\u00f6r\u00fc \u2013 ECG Simulator with Posts [LF03670] - Merkim Maket\",\"isPartOf\":{\"@id\":\"https:\/\/merkim.com.tr\/merkim-maket\/#website\"},\"primaryImageOfPage\":{\"@id\":\"https:\/\/merkim.com.tr\/merkim-maket\/urun\/life-form-interaktif-ekg-simulatoru-ecg-simulator-with-posts-lf03670\/#primaryimage\"},\"image\":{\"@id\":\"https:\/\/merkim.com.tr\/merkim-maket\/urun\/life-form-interaktif-ekg-simulatoru-ecg-simulator-with-posts-lf03670\/#primaryimage\"},\"thumbnailUrl\":\"https:\/\/merkim.com.tr\/merkim-maket\/wp-content\/uploads\/2025\/06\/lifeform-ekg-simulator-egitim-cihazi-lf03670.png\",\"datePublished\":\"2025-06-25T12:28:04+00:00\",\"dateModified\":\"2025-06-25T12:28:05+00:00\",\"description\":\"Life\/form\u00ae ECG Sim\u00fclat\u00f6r\u00fc [LF03670], 17 farkl\u0131 ritmi destekleyen, defibrilasyon ve pacing uygulamalar\u0131 i\u00e7in profesyonel t\u0131bbi e\u011fitim cihaz\u0131d\u0131r. T\u00fcm defibrilat\u00f6rlerle uyumludur.\",\"breadcrumb\":{\"@id\":\"https:\/\/merkim.com.tr\/merkim-maket\/urun\/life-form-interaktif-ekg-simulatoru-ecg-simulator-with-posts-lf03670\/#breadcrumb\"},\"inLanguage\":\"tr\",\"potentialAction\":[{\"@type\":\"ReadAction\",\"target\":[\"https:\/\/merkim.com.tr\/merkim-maket\/urun\/life-form-interaktif-ekg-simulatoru-ecg-simulator-with-posts-lf03670\/\"]}]},{\"@type\":\"ImageObject\",\"inLanguage\":\"tr\",\"@id\":\"https:\/\/merkim.com.tr\/merkim-maket\/urun\/life-form-interaktif-ekg-simulatoru-ecg-simulator-with-posts-lf03670\/#primaryimage\",\"url\":\"https:\/\/merkim.com.tr\/merkim-maket\/wp-content\/uploads\/2025\/06\/lifeform-ekg-simulator-egitim-cihazi-lf03670.png\",\"contentUrl\":\"https:\/\/merkim.com.tr\/merkim-maket\/wp-content\/uploads\/2025\/06\/lifeform-ekg-simulator-egitim-cihazi-lf03670.png\",\"width\":800,\"height\":800,\"caption\":\"Ger\u00e7ek\u00e7i ritim senaryolar\u0131yla defibrilasyon ve pacing e\u011fitimi i\u00e7in ideal ECG sim\u00fclat\u00f6r\u00fc\"},{\"@type\":\"BreadcrumbList\",\"@id\":\"https:\/\/merkim.com.tr\/merkim-maket\/urun\/life-form-interaktif-ekg-simulatoru-ecg-simulator-with-posts-lf03670\/#breadcrumb\",\"itemListElement\":[{\"@type\":\"ListItem\",\"position\":1,\"name\":\"Anasayfa\",\"item\":\"https:\/\/merkim.com.tr\/merkim-maket\/\"},{\"@type\":\"ListItem\",\"position\":2,\"name\":\"Ma\u011faza\",\"item\":\"https:\/\/merkim.com.tr\/merkim-maket\/magaza\/\"},{\"@type\":\"ListItem\",\"position\":3,\"name\":\"Life\/form\u00ae \u0130nteraktif EKG Sim\u00fclat\u00f6r\u00fc \u2013 ECG Simulator with Posts [LF03670]\"}]},{\"@type\":\"WebSite\",\"@id\":\"https:\/\/merkim.com.tr\/merkim-maket\/#website\",\"url\":\"https:\/\/merkim.com.tr\/merkim-maket\/\",\"name\":\"Merkim Maket\",\"description\":\"\",\"potentialAction\":[{\"@type\":\"SearchAction\",\"target\":{\"@type\":\"EntryPoint\",\"urlTemplate\":\"https:\/\/merkim.com.tr\/merkim-maket\/?s={search_term_string}\"},\"query-input\":{\"@type\":\"PropertyValueSpecification\",\"valueRequired\":true,\"valueName\":\"search_term_string\"}}],\"inLanguage\":\"tr\"}]}<\/script>\n<!-- \/ Yoast SEO plugin. -->","yoast_head_json":{"title":"Life\/form\u00ae \u0130nteraktif EKG Sim\u00fclat\u00f6r\u00fc \u2013 ECG Simulator with Posts [LF03670] - Merkim Maket","description":"Life\/form\u00ae ECG Sim\u00fclat\u00f6r\u00fc [LF03670], 17 farkl\u0131 ritmi destekleyen, defibrilasyon ve pacing uygulamalar\u0131 i\u00e7in profesyonel t\u0131bbi e\u011fitim cihaz\u0131d\u0131r. T\u00fcm defibrilat\u00f6rlerle uyumludur.","robots":{"index":"index","follow":"follow","max-snippet":"max-snippet:-1","max-image-preview":"max-image-preview:large","max-video-preview":"max-video-preview:-1"},"canonical":"https:\/\/merkim.com.tr\/merkim-maket\/urun\/life-form-interaktif-ekg-simulatoru-ecg-simulator-with-posts-lf03670\/","og_locale":"tr_TR","og_type":"article","og_title":"Life\/form\u00ae \u0130nteraktif EKG Sim\u00fclat\u00f6r\u00fc \u2013 ECG Simulator with Posts [LF03670] - Merkim Maket","og_description":"Life\/form\u00ae ECG Sim\u00fclat\u00f6r\u00fc [LF03670], 17 farkl\u0131 ritmi destekleyen, defibrilasyon ve pacing uygulamalar\u0131 i\u00e7in profesyonel t\u0131bbi e\u011fitim cihaz\u0131d\u0131r. T\u00fcm defibrilat\u00f6rlerle uyumludur.","og_url":"https:\/\/merkim.com.tr\/merkim-maket\/urun\/life-form-interaktif-ekg-simulatoru-ecg-simulator-with-posts-lf03670\/","og_site_name":"Merkim Maket","article_modified_time":"2025-06-25T12:28:05+00:00","og_image":[{"width":800,"height":800,"url":"https:\/\/merkim.com.tr\/merkim-maket\/wp-content\/uploads\/2025\/06\/lifeform-ekg-simulator-egitim-cihazi-lf03670.png","type":"image\/png"}],"twitter_card":"summary_large_image","twitter_misc":{"Tahmini okuma s\u00fcresi":"2 dakika"},"schema":{"@context":"https:\/\/schema.org","@graph":[{"@type":"WebPage","@id":"https:\/\/merkim.com.tr\/merkim-maket\/urun\/life-form-interaktif-ekg-simulatoru-ecg-simulator-with-posts-lf03670\/","url":"https:\/\/merkim.com.tr\/merkim-maket\/urun\/life-form-interaktif-ekg-simulatoru-ecg-simulator-with-posts-lf03670\/","name":"Life\/form\u00ae \u0130nteraktif EKG Sim\u00fclat\u00f6r\u00fc \u2013 ECG Simulator with Posts [LF03670] - Merkim Maket","isPartOf":{"@id":"https:\/\/merkim.com.tr\/merkim-maket\/#website"},"primaryImageOfPage":{"@id":"https:\/\/merkim.com.tr\/merkim-maket\/urun\/life-form-interaktif-ekg-simulatoru-ecg-simulator-with-posts-lf03670\/#primaryimage"},"image":{"@id":"https:\/\/merkim.com.tr\/merkim-maket\/urun\/life-form-interaktif-ekg-simulatoru-ecg-simulator-with-posts-lf03670\/#primaryimage"},"thumbnailUrl":"https:\/\/merkim.com.tr\/merkim-maket\/wp-content\/uploads\/2025\/06\/lifeform-ekg-simulator-egitim-cihazi-lf03670.png","datePublished":"2025-06-25T12:28:04+00:00","dateModified":"2025-06-25T12:28:05+00:00","description":"Life\/form\u00ae ECG Sim\u00fclat\u00f6r\u00fc [LF03670], 17 farkl\u0131 ritmi destekleyen, defibrilasyon ve pacing uygulamalar\u0131 i\u00e7in profesyonel t\u0131bbi e\u011fitim cihaz\u0131d\u0131r. T\u00fcm defibrilat\u00f6rlerle uyumludur.","breadcrumb":{"@id":"https:\/\/merkim.com.tr\/merkim-maket\/urun\/life-form-interaktif-ekg-simulatoru-ecg-simulator-with-posts-lf03670\/#breadcrumb"},"inLanguage":"tr","potentialAction":[{"@type":"ReadAction","target":["https:\/\/merkim.com.tr\/merkim-maket\/urun\/life-form-interaktif-ekg-simulatoru-ecg-simulator-with-posts-lf03670\/"]}]},{"@type":"ImageObject","inLanguage":"tr","@id":"https:\/\/merkim.com.tr\/merkim-maket\/urun\/life-form-interaktif-ekg-simulatoru-ecg-simulator-with-posts-lf03670\/#primaryimage","url":"https:\/\/merkim.com.tr\/merkim-maket\/wp-content\/uploads\/2025\/06\/lifeform-ekg-simulator-egitim-cihazi-lf03670.png","contentUrl":"https:\/\/merkim.com.tr\/merkim-maket\/wp-content\/uploads\/2025\/06\/lifeform-ekg-simulator-egitim-cihazi-lf03670.png","width":800,"height":800,"caption":"Ger\u00e7ek\u00e7i ritim senaryolar\u0131yla defibrilasyon ve pacing e\u011fitimi i\u00e7in ideal ECG sim\u00fclat\u00f6r\u00fc"},{"@type":"BreadcrumbList","@id":"https:\/\/merkim.com.tr\/merkim-maket\/urun\/life-form-interaktif-ekg-simulatoru-ecg-simulator-with-posts-lf03670\/#breadcrumb","itemListElement":[{"@type":"ListItem","position":1,"name":"Anasayfa","item":"https:\/\/merkim.com.tr\/merkim-maket\/"},{"@type":"ListItem","position":2,"name":"Ma\u011faza","item":"https:\/\/merkim.com.tr\/merkim-maket\/magaza\/"},{"@type":"ListItem","position":3,"name":"Life\/form\u00ae \u0130nteraktif EKG Sim\u00fclat\u00f6r\u00fc \u2013 ECG Simulator with Posts [LF03670]"}]},{"@type":"WebSite","@id":"https:\/\/merkim.com.tr\/merkim-maket\/#website","url":"https:\/\/merkim.com.tr\/merkim-maket\/","name":"Merkim Maket","description":"","potentialAction":[{"@type":"SearchAction","target":{"@type":"EntryPoint","urlTemplate":"https:\/\/merkim.com.tr\/merkim-maket\/?s={search_term_string}"},"query-input":{"@type":"PropertyValueSpecification","valueRequired":true,"valueName":"search_term_string"}}],"inLanguage":"tr"}]}},"_links":{"self":[{"href":"https:\/\/merkim.com.tr\/merkim-maket\/wp-json\/wp\/v2\/product\/195","targetHints":{"allow":["GET"]}}],"collection":[{"href":"https:\/\/merkim.com.tr\/merkim-maket\/wp-json\/wp\/v2\/product"}],"about":[{"href":"https:\/\/merkim.com.tr\/merkim-maket\/wp-json\/wp\/v2\/types\/product"}],"replies":[{"embeddable":true,"href":"https:\/\/merkim.com.tr\/merkim-maket\/wp-json\/wp\/v2\/comments?post=195"}],"wp:featuredmedia":[{"embeddable":true,"href":"https:\/\/merkim.com.tr\/merkim-maket\/wp-json\/wp\/v2\/media\/196"}],"wp:attachment":[{"href":"https:\/\/merkim.com.tr\/merkim-maket\/wp-json\/wp\/v2\/media?parent=195"}],"wp:term":[{"taxonomy":"product_brand","embeddable":true,"href":"https:\/\/merkim.com.tr\/merkim-maket\/wp-json\/wp\/v2\/product_brand?post=195"},{"taxonomy":"product_cat","embeddable":true,"href":"https:\/\/merkim.com.tr\/merkim-maket\/wp-json\/wp\/v2\/product_cat?post=195"},{"taxonomy":"product_tag","embeddable":true,"href":"https:\/\/merkim.com.tr\/merkim-maket\/wp-json\/wp\/v2\/product_tag?post=195"}],"curies":[{"name":"wp","href":"https:\/\/api.w.org\/{rel}","templated":true}]}}