{"id":193,"date":"2025-06-25T12:18:33","date_gmt":"2025-06-25T12:18:33","guid":{"rendered":"https:\/\/merkim.com.tr\/merkim-maket\/?post_type=product&#038;p=193"},"modified":"2025-06-25T12:18:33","modified_gmt":"2025-06-25T12:18:33","slug":"life-form-gogus-tupu-uygulama-egitim-mankeni-chest-tube-manikin-lf03770","status":"publish","type":"product","link":"https:\/\/merkim.com.tr\/merkim-maket\/urun\/life-form-gogus-tupu-uygulama-egitim-mankeni-chest-tube-manikin-lf03770\/","title":{"rendered":"Life\/form\u00ae G\u00f6\u011f\u00fcs T\u00fcp\u00fc Uygulama E\u011fitim Mankeni \u2013 Chest Tube Manikin [LF03770]"},"content":{"rendered":"<p data-start=\"359\" data-end=\"724\"><strong data-start=\"359\" data-end=\"402\">Life\/form\u00ae Chest Tube Manikin [LF03770]<\/strong>, acil sa\u011fl\u0131k hizmetleri, t\u0131p fak\u00fclteleri ve ilk yard\u0131m e\u011fitimi veren kurulu\u015flar i\u00e7in \u00f6zel olarak tasarlanm\u0131\u015f profesyonel bir e\u011fitim mankenidir. Bu y\u00fcksek kaliteli medikal sim\u00fclasyon arac\u0131, <strong data-start=\"592\" data-end=\"678\">g\u00f6\u011f\u00fcs travmas\u0131 y\u00f6netimi, pn\u00f6motoraks tedavisi ve g\u00f6\u011f\u00fcs t\u00fcp\u00fc uygulama becerilerinin<\/strong> teorik ve pratik olarak \u00f6\u011fretilmesini sa\u011flar.<\/p>\n<p data-start=\"726\" data-end=\"1230\">Mankenin <strong data-start=\"735\" data-end=\"749\">sa\u011f taraf\u0131<\/strong>, cilt y\u00fczeyi, kas dokusu, kaburgalar ve akci\u011ferler aras\u0131ndaki anatomik ili\u015fkiyi g\u00f6stermek i\u00e7in iki kesitli pencere i\u00e7erir. <strong data-start=\"873\" data-end=\"892\">Sol tarafta ise<\/strong> bas\u0131n\u00e7l\u0131 bir pn\u00f6motoraks alan\u0131 bulunur ve bu alan, plevral bo\u015flukta biriken havan\u0131n bo\u015falt\u0131lmas\u0131 i\u00e7in kullan\u0131l\u0131r. Ayr\u0131ca s\u0131v\u0131 birikimi olan plevral ef\u00fczyon durumlar\u0131nda cerrahi g\u00f6\u011f\u00fcs t\u00fcp\u00fc yerle\u015ftirme prati\u011fi yap\u0131labilen \u00f6zel bir b\u00f6lgeye sahiptir. Bu alandaki s\u0131v\u0131n\u0131n <strong data-start=\"1160\" data-end=\"1230\">rengi, hacmi ve viskozitesi e\u011fitmen taraf\u0131ndan kontrol edilebilir.<\/strong><\/p>\n<p data-start=\"1232\" data-end=\"1419\">Bu manken sayesinde <strong data-start=\"1252\" data-end=\"1293\">kapal\u0131 su s\u0131zd\u0131rmaz drenaj sistemleri<\/strong> (\u00f6rne\u011fin Pleur-Evac gibi) ile ilgili uygulamalar detayl\u0131 \u015fekilde \u00f6\u011fretilebilir. Sim\u00fclasyon seti \u015fu par\u00e7alarla birlikte gelir:<\/p>\n<ul data-start=\"1421\" data-end=\"1676\">\n<li data-start=\"1421\" data-end=\"1488\">\n<p data-start=\"1423\" data-end=\"1488\">2 adet g\u00f6rsel alan (kesitli) g\u00f6\u011f\u00fcs t\u00fcp\u00fc bak\u0131m uygulamalar\u0131 i\u00e7in<\/p>\n<\/li>\n<li data-start=\"1489\" data-end=\"1555\">\n<p data-start=\"1491\" data-end=\"1555\">5 adet de\u011fi\u015ftirilebilir cerrahi g\u00f6\u011f\u00fcs t\u00fcp\u00fc yerle\u015ftirme b\u00f6lgesi<\/p>\n<\/li>\n<li data-start=\"1556\" data-end=\"1600\">\n<p data-start=\"1558\" data-end=\"1600\">5 adet de\u011fi\u015ftirilebilir pn\u00f6motoraks pedi<\/p>\n<\/li>\n<li data-start=\"1601\" data-end=\"1676\">\n<p data-start=\"1603\" data-end=\"1676\">Ta\u015f\u0131ma \u00e7antal\u0131 sert kutu (g\u00f6\u011f\u00fcs t\u00fcpleri ve drenaj sistemi dahil de\u011fildir)<\/p>\n<\/li>\n<\/ul>\n<p data-start=\"1678\" data-end=\"1852\"><strong data-start=\"1678\" data-end=\"1705\">5 y\u0131l \u00fcretici garantisi<\/strong> ile uzun \u00f6m\u00fcrl\u00fc ve s\u00fcrd\u00fcr\u00fclebilir bir e\u011fitim \u00e7\u00f6z\u00fcm\u00fcd\u00fcr. Sa\u011fl\u0131k profesyonelleri i\u00e7in <strong data-start=\"1790\" data-end=\"1821\">ger\u00e7ek\u00e7i, g\u00fcvenli ve etkili<\/strong> bir sim\u00fclasyon deneyimi sunar.<\/p>\n<p data-start=\"1854\" data-end=\"1995\"><strong data-start=\"1854\" data-end=\"1873\">Boyutlar (in\u00e7):<\/strong> 24 x 12 x 22<br data-start=\"1886\" data-end=\"1889\" \/><strong data-start=\"1889\" data-end=\"1901\">A\u011f\u0131rl\u0131k:<\/strong> 30 lbs<br data-start=\"1908\" data-end=\"1911\" \/><strong data-start=\"1911\" data-end=\"1940\">Yedek Par\u00e7a Kodu Listesi:<\/strong><br data-start=\"1940\" data-end=\"1943\" \/>LF03771, LF03772, LF03773, LF03774, LF03775, LF03778<\/p>\n","protected":false},"excerpt":{"rendered":"<p data-start=\"2035\" data-end=\"2231\">Life\/form\u00ae Chest Tube Manikin, pn\u00f6motoraks ve plevral ef\u00fczyon tedavisi gibi temel g\u00f6\u011f\u00fcs cerrahisi e\u011fitimlerinde kullan\u0131l\u0131r. Ger\u00e7ek\u00e7i anatomik yap\u0131s\u0131yla, sa\u011fl\u0131k personeline uygulamal\u0131 e\u011fitim sunar.<\/p>\n","protected":false},"featured_media":194,"comment_status":"open","ping_status":"closed","template":"","meta":[],"product_brand":[16],"product_cat":[15,17,78],"product_tag":[642,639,643,638,646,81,647,645,641,640,34,644,32,41],"class_list":{"0":"post-193","1":"product","2":"type-product","3":"status-publish","4":"has-post-thumbnail","6":"product_brand-nasco-healthcare","7":"product_cat-genel","8":"product_cat-nursing-patient-care","9":"product_cat-nasco-healthcare","10":"product_tag-acil-tip-simulasyonu","11":"product_tag-chest-tube-simulator","12":"product_tag-gogus-travmasi","13":"product_tag-gogus-tupu-mankeni","14":"product_tag-lf03770","15":"product_tag-life-form","16":"product_tag-lifeform-turkiye","17":"product_tag-pleur-evac","18":"product_tag-plevral-efuzyon","19":"product_tag-pnomotoraks-egitimi","20":"product_tag-saglik-egitimi","21":"product_tag-su-sizdirmaz-drenaj-sistemi","22":"product_tag-tibbi-egitim-mankeni","23":"product_tag-tibbi-simulasyon","25":"first","26":"instock","27":"shipping-taxable","28":"product-type-simple"},"yoast_head":"<!-- This site is optimized with the Yoast SEO plugin v25.2 - https:\/\/yoast.com\/wordpress\/plugins\/seo\/ -->\n<title>Life\/form\u00ae G\u00f6\u011f\u00fcs T\u00fcp\u00fc Uygulama E\u011fitim Mankeni \u2013 Chest Tube Manikin [LF03770] - Merkim Maket<\/title>\n<meta name=\"description\" content=\"Life\/form\u00ae Chest Tube Manikin [LF03770], pn\u00f6motoraks ve g\u00f6\u011f\u00fcs t\u00fcp\u00fc uygulamalar\u0131n\u0131 \u00f6\u011fretmek i\u00e7in tasarlanm\u0131\u015f medikal e\u011fitim mankenidir. Ger\u00e7ek\u00e7i yap\u0131s\u0131yla sa\u011fl\u0131k e\u011fitimi i\u00e7in ideal \u00e7\u00f6z\u00fcmd\u00fcr.\" \/>\n<meta name=\"robots\" content=\"index, follow, max-snippet:-1, max-image-preview:large, max-video-preview:-1\" \/>\n<link rel=\"canonical\" href=\"https:\/\/merkim.com.tr\/merkim-maket\/urun\/life-form-gogus-tupu-uygulama-egitim-mankeni-chest-tube-manikin-lf03770\/\" \/>\n<meta property=\"og:locale\" content=\"tr_TR\" \/>\n<meta property=\"og:type\" content=\"article\" \/>\n<meta property=\"og:title\" content=\"Life\/form\u00ae G\u00f6\u011f\u00fcs T\u00fcp\u00fc Uygulama E\u011fitim Mankeni \u2013 Chest Tube Manikin [LF03770] - Merkim Maket\" \/>\n<meta property=\"og:description\" content=\"Life\/form\u00ae Chest Tube Manikin [LF03770], pn\u00f6motoraks ve g\u00f6\u011f\u00fcs t\u00fcp\u00fc uygulamalar\u0131n\u0131 \u00f6\u011fretmek i\u00e7in tasarlanm\u0131\u015f medikal e\u011fitim mankenidir. Ger\u00e7ek\u00e7i yap\u0131s\u0131yla sa\u011fl\u0131k e\u011fitimi i\u00e7in ideal \u00e7\u00f6z\u00fcmd\u00fcr.\" \/>\n<meta property=\"og:url\" content=\"https:\/\/merkim.com.tr\/merkim-maket\/urun\/life-form-gogus-tupu-uygulama-egitim-mankeni-chest-tube-manikin-lf03770\/\" \/>\n<meta property=\"og:site_name\" content=\"Merkim Maket\" \/>\n<meta property=\"og:image\" content=\"https:\/\/merkim.com.tr\/merkim-maket\/wp-content\/uploads\/2025\/06\/lifeform-chest-tube-manikin-egitim-mankeni-nasco.png\" \/>\n\t<meta property=\"og:image:width\" content=\"800\" \/>\n\t<meta property=\"og:image:height\" content=\"800\" \/>\n\t<meta property=\"og:image:type\" content=\"image\/png\" \/>\n<meta name=\"twitter:card\" content=\"summary_large_image\" \/>\n<meta name=\"twitter:label1\" content=\"Tahmini okuma s\u00fcresi\" \/>\n\t<meta name=\"twitter:data1\" content=\"2 dakika\" \/>\n<script type=\"application\/ld+json\" class=\"yoast-schema-graph\">{\"@context\":\"https:\/\/schema.org\",\"@graph\":[{\"@type\":\"WebPage\",\"@id\":\"https:\/\/merkim.com.tr\/merkim-maket\/urun\/life-form-gogus-tupu-uygulama-egitim-mankeni-chest-tube-manikin-lf03770\/\",\"url\":\"https:\/\/merkim.com.tr\/merkim-maket\/urun\/life-form-gogus-tupu-uygulama-egitim-mankeni-chest-tube-manikin-lf03770\/\",\"name\":\"Life\/form\u00ae G\u00f6\u011f\u00fcs T\u00fcp\u00fc Uygulama E\u011fitim Mankeni \u2013 Chest Tube Manikin [LF03770] - Merkim Maket\",\"isPartOf\":{\"@id\":\"https:\/\/merkim.com.tr\/merkim-maket\/#website\"},\"primaryImageOfPage\":{\"@id\":\"https:\/\/merkim.com.tr\/merkim-maket\/urun\/life-form-gogus-tupu-uygulama-egitim-mankeni-chest-tube-manikin-lf03770\/#primaryimage\"},\"image\":{\"@id\":\"https:\/\/merkim.com.tr\/merkim-maket\/urun\/life-form-gogus-tupu-uygulama-egitim-mankeni-chest-tube-manikin-lf03770\/#primaryimage\"},\"thumbnailUrl\":\"https:\/\/merkim.com.tr\/merkim-maket\/wp-content\/uploads\/2025\/06\/lifeform-chest-tube-manikin-egitim-mankeni-nasco.png\",\"datePublished\":\"2025-06-25T12:18:33+00:00\",\"description\":\"Life\/form\u00ae Chest Tube Manikin [LF03770], pn\u00f6motoraks ve g\u00f6\u011f\u00fcs t\u00fcp\u00fc uygulamalar\u0131n\u0131 \u00f6\u011fretmek i\u00e7in tasarlanm\u0131\u015f medikal e\u011fitim mankenidir. Ger\u00e7ek\u00e7i yap\u0131s\u0131yla sa\u011fl\u0131k e\u011fitimi i\u00e7in ideal \u00e7\u00f6z\u00fcmd\u00fcr.\",\"breadcrumb\":{\"@id\":\"https:\/\/merkim.com.tr\/merkim-maket\/urun\/life-form-gogus-tupu-uygulama-egitim-mankeni-chest-tube-manikin-lf03770\/#breadcrumb\"},\"inLanguage\":\"tr\",\"potentialAction\":[{\"@type\":\"ReadAction\",\"target\":[\"https:\/\/merkim.com.tr\/merkim-maket\/urun\/life-form-gogus-tupu-uygulama-egitim-mankeni-chest-tube-manikin-lf03770\/\"]}]},{\"@type\":\"ImageObject\",\"inLanguage\":\"tr\",\"@id\":\"https:\/\/merkim.com.tr\/merkim-maket\/urun\/life-form-gogus-tupu-uygulama-egitim-mankeni-chest-tube-manikin-lf03770\/#primaryimage\",\"url\":\"https:\/\/merkim.com.tr\/merkim-maket\/wp-content\/uploads\/2025\/06\/lifeform-chest-tube-manikin-egitim-mankeni-nasco.png\",\"contentUrl\":\"https:\/\/merkim.com.tr\/merkim-maket\/wp-content\/uploads\/2025\/06\/lifeform-chest-tube-manikin-egitim-mankeni-nasco.png\",\"width\":800,\"height\":800,\"caption\":\"Sa\u011fl\u0131k e\u011fitiminde g\u00f6\u011f\u00fcs travmas\u0131 ve drenaj uygulamalar\u0131 i\u00e7in profesyonel manken\"},{\"@type\":\"BreadcrumbList\",\"@id\":\"https:\/\/merkim.com.tr\/merkim-maket\/urun\/life-form-gogus-tupu-uygulama-egitim-mankeni-chest-tube-manikin-lf03770\/#breadcrumb\",\"itemListElement\":[{\"@type\":\"ListItem\",\"position\":1,\"name\":\"Anasayfa\",\"item\":\"https:\/\/merkim.com.tr\/merkim-maket\/\"},{\"@type\":\"ListItem\",\"position\":2,\"name\":\"Ma\u011faza\",\"item\":\"https:\/\/merkim.com.tr\/merkim-maket\/magaza\/\"},{\"@type\":\"ListItem\",\"position\":3,\"name\":\"Life\/form\u00ae G\u00f6\u011f\u00fcs T\u00fcp\u00fc Uygulama E\u011fitim Mankeni \u2013 Chest Tube Manikin [LF03770]\"}]},{\"@type\":\"WebSite\",\"@id\":\"https:\/\/merkim.com.tr\/merkim-maket\/#website\",\"url\":\"https:\/\/merkim.com.tr\/merkim-maket\/\",\"name\":\"Merkim Maket\",\"description\":\"\",\"potentialAction\":[{\"@type\":\"SearchAction\",\"target\":{\"@type\":\"EntryPoint\",\"urlTemplate\":\"https:\/\/merkim.com.tr\/merkim-maket\/?s={search_term_string}\"},\"query-input\":{\"@type\":\"PropertyValueSpecification\",\"valueRequired\":true,\"valueName\":\"search_term_string\"}}],\"inLanguage\":\"tr\"}]}<\/script>\n<!-- \/ Yoast SEO plugin. -->","yoast_head_json":{"title":"Life\/form\u00ae G\u00f6\u011f\u00fcs T\u00fcp\u00fc Uygulama E\u011fitim Mankeni \u2013 Chest Tube Manikin [LF03770] - Merkim Maket","description":"Life\/form\u00ae Chest Tube Manikin [LF03770], pn\u00f6motoraks ve g\u00f6\u011f\u00fcs t\u00fcp\u00fc uygulamalar\u0131n\u0131 \u00f6\u011fretmek i\u00e7in tasarlanm\u0131\u015f medikal e\u011fitim mankenidir. Ger\u00e7ek\u00e7i yap\u0131s\u0131yla sa\u011fl\u0131k e\u011fitimi i\u00e7in ideal \u00e7\u00f6z\u00fcmd\u00fcr.","robots":{"index":"index","follow":"follow","max-snippet":"max-snippet:-1","max-image-preview":"max-image-preview:large","max-video-preview":"max-video-preview:-1"},"canonical":"https:\/\/merkim.com.tr\/merkim-maket\/urun\/life-form-gogus-tupu-uygulama-egitim-mankeni-chest-tube-manikin-lf03770\/","og_locale":"tr_TR","og_type":"article","og_title":"Life\/form\u00ae G\u00f6\u011f\u00fcs T\u00fcp\u00fc Uygulama E\u011fitim Mankeni \u2013 Chest Tube Manikin [LF03770] - Merkim Maket","og_description":"Life\/form\u00ae Chest Tube Manikin [LF03770], pn\u00f6motoraks ve g\u00f6\u011f\u00fcs t\u00fcp\u00fc uygulamalar\u0131n\u0131 \u00f6\u011fretmek i\u00e7in tasarlanm\u0131\u015f medikal e\u011fitim mankenidir. Ger\u00e7ek\u00e7i yap\u0131s\u0131yla sa\u011fl\u0131k e\u011fitimi i\u00e7in ideal \u00e7\u00f6z\u00fcmd\u00fcr.","og_url":"https:\/\/merkim.com.tr\/merkim-maket\/urun\/life-form-gogus-tupu-uygulama-egitim-mankeni-chest-tube-manikin-lf03770\/","og_site_name":"Merkim Maket","og_image":[{"width":800,"height":800,"url":"https:\/\/merkim.com.tr\/merkim-maket\/wp-content\/uploads\/2025\/06\/lifeform-chest-tube-manikin-egitim-mankeni-nasco.png","type":"image\/png"}],"twitter_card":"summary_large_image","twitter_misc":{"Tahmini okuma s\u00fcresi":"2 dakika"},"schema":{"@context":"https:\/\/schema.org","@graph":[{"@type":"WebPage","@id":"https:\/\/merkim.com.tr\/merkim-maket\/urun\/life-form-gogus-tupu-uygulama-egitim-mankeni-chest-tube-manikin-lf03770\/","url":"https:\/\/merkim.com.tr\/merkim-maket\/urun\/life-form-gogus-tupu-uygulama-egitim-mankeni-chest-tube-manikin-lf03770\/","name":"Life\/form\u00ae G\u00f6\u011f\u00fcs T\u00fcp\u00fc Uygulama E\u011fitim Mankeni \u2013 Chest Tube Manikin [LF03770] - Merkim Maket","isPartOf":{"@id":"https:\/\/merkim.com.tr\/merkim-maket\/#website"},"primaryImageOfPage":{"@id":"https:\/\/merkim.com.tr\/merkim-maket\/urun\/life-form-gogus-tupu-uygulama-egitim-mankeni-chest-tube-manikin-lf03770\/#primaryimage"},"image":{"@id":"https:\/\/merkim.com.tr\/merkim-maket\/urun\/life-form-gogus-tupu-uygulama-egitim-mankeni-chest-tube-manikin-lf03770\/#primaryimage"},"thumbnailUrl":"https:\/\/merkim.com.tr\/merkim-maket\/wp-content\/uploads\/2025\/06\/lifeform-chest-tube-manikin-egitim-mankeni-nasco.png","datePublished":"2025-06-25T12:18:33+00:00","description":"Life\/form\u00ae Chest Tube Manikin [LF03770], pn\u00f6motoraks ve g\u00f6\u011f\u00fcs t\u00fcp\u00fc uygulamalar\u0131n\u0131 \u00f6\u011fretmek i\u00e7in tasarlanm\u0131\u015f medikal e\u011fitim mankenidir. Ger\u00e7ek\u00e7i yap\u0131s\u0131yla sa\u011fl\u0131k e\u011fitimi i\u00e7in ideal \u00e7\u00f6z\u00fcmd\u00fcr.","breadcrumb":{"@id":"https:\/\/merkim.com.tr\/merkim-maket\/urun\/life-form-gogus-tupu-uygulama-egitim-mankeni-chest-tube-manikin-lf03770\/#breadcrumb"},"inLanguage":"tr","potentialAction":[{"@type":"ReadAction","target":["https:\/\/merkim.com.tr\/merkim-maket\/urun\/life-form-gogus-tupu-uygulama-egitim-mankeni-chest-tube-manikin-lf03770\/"]}]},{"@type":"ImageObject","inLanguage":"tr","@id":"https:\/\/merkim.com.tr\/merkim-maket\/urun\/life-form-gogus-tupu-uygulama-egitim-mankeni-chest-tube-manikin-lf03770\/#primaryimage","url":"https:\/\/merkim.com.tr\/merkim-maket\/wp-content\/uploads\/2025\/06\/lifeform-chest-tube-manikin-egitim-mankeni-nasco.png","contentUrl":"https:\/\/merkim.com.tr\/merkim-maket\/wp-content\/uploads\/2025\/06\/lifeform-chest-tube-manikin-egitim-mankeni-nasco.png","width":800,"height":800,"caption":"Sa\u011fl\u0131k e\u011fitiminde g\u00f6\u011f\u00fcs travmas\u0131 ve drenaj uygulamalar\u0131 i\u00e7in profesyonel manken"},{"@type":"BreadcrumbList","@id":"https:\/\/merkim.com.tr\/merkim-maket\/urun\/life-form-gogus-tupu-uygulama-egitim-mankeni-chest-tube-manikin-lf03770\/#breadcrumb","itemListElement":[{"@type":"ListItem","position":1,"name":"Anasayfa","item":"https:\/\/merkim.com.tr\/merkim-maket\/"},{"@type":"ListItem","position":2,"name":"Ma\u011faza","item":"https:\/\/merkim.com.tr\/merkim-maket\/magaza\/"},{"@type":"ListItem","position":3,"name":"Life\/form\u00ae G\u00f6\u011f\u00fcs T\u00fcp\u00fc Uygulama E\u011fitim Mankeni \u2013 Chest Tube Manikin [LF03770]"}]},{"@type":"WebSite","@id":"https:\/\/merkim.com.tr\/merkim-maket\/#website","url":"https:\/\/merkim.com.tr\/merkim-maket\/","name":"Merkim Maket","description":"","potentialAction":[{"@type":"SearchAction","target":{"@type":"EntryPoint","urlTemplate":"https:\/\/merkim.com.tr\/merkim-maket\/?s={search_term_string}"},"query-input":{"@type":"PropertyValueSpecification","valueRequired":true,"valueName":"search_term_string"}}],"inLanguage":"tr"}]}},"_links":{"self":[{"href":"https:\/\/merkim.com.tr\/merkim-maket\/wp-json\/wp\/v2\/product\/193","targetHints":{"allow":["GET"]}}],"collection":[{"href":"https:\/\/merkim.com.tr\/merkim-maket\/wp-json\/wp\/v2\/product"}],"about":[{"href":"https:\/\/merkim.com.tr\/merkim-maket\/wp-json\/wp\/v2\/types\/product"}],"replies":[{"embeddable":true,"href":"https:\/\/merkim.com.tr\/merkim-maket\/wp-json\/wp\/v2\/comments?post=193"}],"wp:featuredmedia":[{"embeddable":true,"href":"https:\/\/merkim.com.tr\/merkim-maket\/wp-json\/wp\/v2\/media\/194"}],"wp:attachment":[{"href":"https:\/\/merkim.com.tr\/merkim-maket\/wp-json\/wp\/v2\/media?parent=193"}],"wp:term":[{"taxonomy":"product_brand","embeddable":true,"href":"https:\/\/merkim.com.tr\/merkim-maket\/wp-json\/wp\/v2\/product_brand?post=193"},{"taxonomy":"product_cat","embeddable":true,"href":"https:\/\/merkim.com.tr\/merkim-maket\/wp-json\/wp\/v2\/product_cat?post=193"},{"taxonomy":"product_tag","embeddable":true,"href":"https:\/\/merkim.com.tr\/merkim-maket\/wp-json\/wp\/v2\/product_tag?post=193"}],"curies":[{"name":"wp","href":"https:\/\/api.w.org\/{rel}","templated":true}]}}