{"id":191,"date":"2025-06-25T10:26:20","date_gmt":"2025-06-25T10:26:20","guid":{"rendered":"https:\/\/merkim.com.tr\/merkim-maket\/?post_type=product&#038;p=191"},"modified":"2025-06-25T10:26:21","modified_gmt":"2025-06-25T10:26:21","slug":"life-form-yenidogan-iv-egitim-bacagi-intravenoz-uygulama-simulatoru-lf03636","status":"publish","type":"product","link":"https:\/\/merkim.com.tr\/merkim-maket\/urun\/life-form-yenidogan-iv-egitim-bacagi-intravenoz-uygulama-simulatoru-lf03636\/","title":{"rendered":"Life\/form\u00ae Yenido\u011fan IV E\u011fitim Baca\u011f\u0131 \u2013 \u0130ntraven\u00f6z Uygulama Sim\u00fclat\u00f6r\u00fc [LF03636]"},"content":{"rendered":"<h4 data-start=\"392\" data-end=\"486\"><strong data-start=\"397\" data-end=\"486\">Yenido\u011fanlarda IV Uygulama Becerileri \u0130\u00e7in Ger\u00e7ek\u00e7i E\u011fitim \u2013 Life\/form\u00ae Infant IV Leg<\/strong><\/h4>\n<p data-start=\"488\" data-end=\"788\">Life\/form\u00ae Infant IV Leg, <strong data-start=\"514\" data-end=\"555\">yenido\u011fan intraven\u00f6z uygulama e\u011fitimi<\/strong> i\u00e7in \u00f6zel olarak tasarlanm\u0131\u015f y\u00fcksek hassasiyetli bir sim\u00fclasyon arac\u0131d\u0131r. Bu model, sa\u011fl\u0131k profesyonellerine ve \u00f6\u011frencilere, bebeklerde damar yolu a\u00e7ma i\u015flemlerini g\u00fcvenli ve kontroll\u00fc bir ortamda \u00f6\u011fretmek amac\u0131yla geli\u015ftirilmi\u015ftir.<\/p>\n<p data-start=\"790\" data-end=\"995\">Ger\u00e7ek bebek anatomisine uygun \u015fekilde \u015fekillendirilmi\u015f olan bu sim\u00fclat\u00f6r, <strong data-start=\"865\" data-end=\"887\">ince sentetik deri<\/strong>, k\u00fc\u00e7\u00fck l\u00fcmenli damar sistemleri ve detayl\u0131 damar eri\u015fim noktalar\u0131 ile <strong data-start=\"958\" data-end=\"988\">en \u00fcst d\u00fczeyde ger\u00e7ek\u00e7ilik<\/strong> sunar.<\/p>\n<hr data-start=\"997\" data-end=\"1000\" \/>\n<h3 data-start=\"1002\" data-end=\"1028\"><strong data-start=\"1006\" data-end=\"1028\">Teknik \u00d6zellikler:<\/strong><\/h3>\n<ul data-start=\"1029\" data-end=\"1509\">\n<li data-start=\"1029\" data-end=\"1135\">\n<p data-start=\"1031\" data-end=\"1135\"><strong data-start=\"1031\" data-end=\"1073\">\u0130nce Sentetik Deri ve Lastik Damarlar:<\/strong> Uygulamada y\u00fcksek hassasiyet ve ger\u00e7ek\u00e7i diren\u00e7 hissi sa\u011flar.<\/p>\n<\/li>\n<li data-start=\"1136\" data-end=\"1249\">\n<p data-start=\"1138\" data-end=\"1249\"><strong data-start=\"1138\" data-end=\"1164\">Eri\u015filebilir Damarlar:<\/strong> B\u00fcy\u00fck ve k\u00fc\u00e7\u00fck safen venler ile ayak \u00fczerindeki dorsal ven\u00f6z ark\u2019a eri\u015fim m\u00fcmk\u00fcnd\u00fcr.<\/p>\n<\/li>\n<li data-start=\"1250\" data-end=\"1386\">\n<p data-start=\"1252\" data-end=\"1386\"><strong data-start=\"1252\" data-end=\"1281\">E\u011fitim \u0130\u00e7in Eksiksiz Set:<\/strong> \u00dcr\u00fcnle birlikte gelen IV torbalar\u0131, sim\u00fcle kan, enjekt\u00f6r ve i\u011fne seti ile uygulamaya hemen ba\u015flanabilir.<\/p>\n<\/li>\n<li data-start=\"1387\" data-end=\"1509\">\n<p data-start=\"1389\" data-end=\"1509\"><strong data-start=\"1389\" data-end=\"1416\">Ta\u015f\u0131nabilir ve Kompakt:<\/strong> K\u00fc\u00e7\u00fck boyutlar\u0131 sayesinde e\u011fitim s\u0131n\u0131flar\u0131nda ve mobil uygulamalarda rahat\u00e7a kullan\u0131labilir.<\/p>\n<\/li>\n<\/ul>\n<hr data-start=\"1511\" data-end=\"1514\" \/>\n<h3 data-start=\"1516\" data-end=\"1537\"><strong data-start=\"1520\" data-end=\"1537\">Kutu \u0130\u00e7eri\u011fi:<\/strong><\/h3>\n<ul data-start=\"1538\" data-end=\"1775\">\n<li data-start=\"1538\" data-end=\"1580\">\n<p data-start=\"1540\" data-end=\"1580\">Yenido\u011fan IV E\u011fitim Baca\u011f\u0131 (sim\u00fclat\u00f6r)<\/p>\n<\/li>\n<li data-start=\"1581\" data-end=\"1617\">\n<p data-start=\"1583\" data-end=\"1617\">2 adet IV s\u0131v\u0131 torbas\u0131 (klempli)<\/p>\n<\/li>\n<li data-start=\"1618\" data-end=\"1673\">\n<p data-start=\"1620\" data-end=\"1673\">1 pint (yakla\u015f\u0131k 470 ml) Life\/form\u00ae kan sim\u00fclasyonu<\/p>\n<\/li>\n<li data-start=\"1674\" data-end=\"1698\">\n<p data-start=\"1676\" data-end=\"1698\">1 adet 3 cc enjekt\u00f6r<\/p>\n<\/li>\n<li data-start=\"1699\" data-end=\"1718\">\n<p data-start=\"1701\" data-end=\"1718\">1 adet 22G i\u011fne<\/p>\n<\/li>\n<li data-start=\"1719\" data-end=\"1747\">\n<p data-start=\"1721\" data-end=\"1747\">1 adet kelebek i\u011fne seti<\/p>\n<\/li>\n<li data-start=\"1748\" data-end=\"1775\">\n<p data-start=\"1750\" data-end=\"1775\">5 y\u0131l \u00fcretici garantisi<\/p>\n<\/li>\n<\/ul>\n<blockquote data-start=\"1777\" data-end=\"1824\">\n<p data-start=\"1779\" data-end=\"1824\"><em data-start=\"1779\" data-end=\"1824\">Not: S\u0131v\u0131 ask\u0131 stand\u0131 \u00fcr\u00fcne dahil de\u011fildir.<\/em><\/p>\n<\/blockquote>\n<hr data-start=\"1826\" data-end=\"1829\" \/>\n<h3 data-start=\"1831\" data-end=\"1854\"><strong data-start=\"1835\" data-end=\"1854\">Yedek Par\u00e7alar:<\/strong><\/h3>\n<ul data-start=\"1855\" data-end=\"2063\">\n<li data-start=\"1855\" data-end=\"1911\">\n<p data-start=\"1857\" data-end=\"1911\"><strong data-start=\"1857\" data-end=\"1869\">LF03639:<\/strong> Yenido\u011fan IV Bacak Derisi ve Damar Seti<\/p>\n<\/li>\n<li data-start=\"1912\" data-end=\"1954\">\n<p data-start=\"1914\" data-end=\"1954\"><strong data-start=\"1914\" data-end=\"1926\">LF03640:<\/strong> Yenido\u011fan IV Damar Yede\u011fi<\/p>\n<\/li>\n<li data-start=\"1955\" data-end=\"1984\">\n<p data-start=\"1957\" data-end=\"1984\"><strong data-start=\"1957\" data-end=\"1969\">LF01130:<\/strong> S\u0131v\u0131 Torbas\u0131<\/p>\n<\/li>\n<li data-start=\"1985\" data-end=\"2024\">\n<p data-start=\"1987\" data-end=\"2024\"><strong data-start=\"1987\" data-end=\"1999\">LF00845:<\/strong> 1 Quart Life\/form\u00ae Kan<\/p>\n<\/li>\n<li data-start=\"2025\" data-end=\"2063\">\n<p data-start=\"2027\" data-end=\"2063\"><strong data-start=\"2027\" data-end=\"2039\">LF00846:<\/strong> 1 Gallon Life\/form\u00ae Kan<\/p>\n<\/li>\n<\/ul>\n<hr data-start=\"2065\" data-end=\"2068\" \/>\n<h3 data-start=\"2070\" data-end=\"2094\"><strong data-start=\"2074\" data-end=\"2094\">Teknik Bilgiler:<\/strong><\/h3>\n<ul data-start=\"2095\" data-end=\"2164\">\n<li data-start=\"2095\" data-end=\"2130\">\n<p data-start=\"2097\" data-end=\"2130\"><strong data-start=\"2097\" data-end=\"2116\">Boyutlar (in\u00e7):<\/strong> 12 x 10 x 5<\/p>\n<\/li>\n<li data-start=\"2131\" data-end=\"2164\">\n<p data-start=\"2133\" data-end=\"2164\"><strong data-start=\"2133\" data-end=\"2145\">A\u011f\u0131rl\u0131k:<\/strong> 2.75 lbs (1.25 kg)<\/p>\n<\/li>\n<\/ul>\n<hr data-start=\"2166\" data-end=\"2169\" \/>\n<h3 data-start=\"2171\" data-end=\"2197\"><strong data-start=\"2175\" data-end=\"2197\">Kullan\u0131m Alanlar\u0131:<\/strong><\/h3>\n<ul data-start=\"2198\" data-end=\"2339\">\n<li data-start=\"2198\" data-end=\"2227\">\n<p data-start=\"2200\" data-end=\"2227\">Hem\u015firelik ve ebe e\u011fitimi<\/p>\n<\/li>\n<li data-start=\"2228\" data-end=\"2257\">\n<p data-start=\"2230\" data-end=\"2257\">T\u0131p fak\u00fcltesi \u00f6\u011frencileri<\/p>\n<\/li>\n<li data-start=\"2258\" data-end=\"2281\">\n<p data-start=\"2260\" data-end=\"2281\">Neonatoloji e\u011fitimi<\/p>\n<\/li>\n<li data-start=\"2282\" data-end=\"2307\">\n<p data-start=\"2284\" data-end=\"2307\">Sim\u00fclasyon merkezleri<\/p>\n<\/li>\n<li data-start=\"2308\" data-end=\"2339\">\n<p data-start=\"2310\" data-end=\"2339\">Klinik beceri laboratuvarlar\u0131<\/p>\n<\/li>\n<\/ul>\n<p data-start=\"2341\" data-end=\"2477\">Bu model, \u00f6zellikle <strong data-start=\"2361\" data-end=\"2439\">pediatrik ve neonatal uygulamalarda uzmanla\u015fmak isteyen sa\u011fl\u0131k \u00e7al\u0131\u015fanlar\u0131<\/strong> i\u00e7in vazge\u00e7ilmez bir e\u011fitim arac\u0131d\u0131r.<\/p>\n","protected":false},"excerpt":{"rendered":"<p>Life\/form\u00ae Infant IV Leg, yenido\u011fanlarda damar yolu a\u00e7ma e\u011fitimleri i\u00e7in tasarlanm\u0131\u015f, ger\u00e7ek\u00e7i damar yap\u0131s\u0131 ve hassas sentetik derisiyle etkili bir intraven\u00f6z uygulama sim\u00fclat\u00f6r\u00fcd\u00fcr.<\/p>\n","protected":false},"featured_media":192,"comment_status":"open","ping_status":"closed","template":"","meta":[],"product_brand":[16],"product_cat":[15,17,78],"product_tag":[630,635,633,636,632,634,631,32,637,629],"class_list":{"0":"post-191","1":"product","2":"type-product","3":"status-publish","4":"has-post-thumbnail","6":"product_brand-nasco-healthcare","7":"product_cat-genel","8":"product_cat-nursing-patient-care","9":"product_cat-nasco-healthcare","10":"product_tag-bebek-damar-yolu-egitimi","11":"product_tag-intravenoz-giris-egitimi","12":"product_tag-iv-egitim-mankeni","13":"product_tag-kelebek-igne-egitimi","14":"product_tag-lifeform-infant-leg","15":"product_tag-neonatal-simulasyon","16":"product_tag-pediatric-iv-model","17":"product_tag-tibbi-egitim-mankeni","18":"product_tag-yenidogan-damar-simulatoru","19":"product_tag-yenidogan-iv-simulatoru","21":"first","22":"instock","23":"shipping-taxable","24":"product-type-simple"},"yoast_head":"<!-- This site is optimized with the Yoast SEO plugin v25.2 - https:\/\/yoast.com\/wordpress\/plugins\/seo\/ -->\n<title>Life\/form\u00ae Yenido\u011fan IV E\u011fitim Baca\u011f\u0131 \u2013 \u0130ntraven\u00f6z Uygulama Sim\u00fclat\u00f6r\u00fc [LF03636] - Merkim Maket<\/title>\n<meta name=\"description\" content=\"Life\/form\u00ae Infant IV Leg, yenido\u011fanlarda intraven\u00f6z damar yolu uygulamas\u0131 e\u011fitimi i\u00e7in tasarlanm\u0131\u015f, ger\u00e7ek\u00e7i yap\u0131 ve eksiksiz set i\u00e7eri\u011fiyle profesyonel bir t\u0131bbi sim\u00fclasyon arac\u0131d\u0131r.\" \/>\n<meta name=\"robots\" content=\"index, follow, max-snippet:-1, max-image-preview:large, max-video-preview:-1\" \/>\n<link rel=\"canonical\" href=\"https:\/\/merkim.com.tr\/merkim-maket\/urun\/life-form-yenidogan-iv-egitim-bacagi-intravenoz-uygulama-simulatoru-lf03636\/\" \/>\n<meta property=\"og:locale\" content=\"tr_TR\" \/>\n<meta property=\"og:type\" content=\"article\" \/>\n<meta property=\"og:title\" content=\"Life\/form\u00ae Yenido\u011fan IV E\u011fitim Baca\u011f\u0131 \u2013 \u0130ntraven\u00f6z Uygulama Sim\u00fclat\u00f6r\u00fc [LF03636] - Merkim Maket\" \/>\n<meta property=\"og:description\" content=\"Life\/form\u00ae Infant IV Leg, yenido\u011fanlarda intraven\u00f6z damar yolu uygulamas\u0131 e\u011fitimi i\u00e7in tasarlanm\u0131\u015f, ger\u00e7ek\u00e7i yap\u0131 ve eksiksiz set i\u00e7eri\u011fiyle profesyonel bir t\u0131bbi sim\u00fclasyon arac\u0131d\u0131r.\" \/>\n<meta property=\"og:url\" content=\"https:\/\/merkim.com.tr\/merkim-maket\/urun\/life-form-yenidogan-iv-egitim-bacagi-intravenoz-uygulama-simulatoru-lf03636\/\" \/>\n<meta property=\"og:site_name\" content=\"Merkim Maket\" \/>\n<meta property=\"article:modified_time\" content=\"2025-06-25T10:26:21+00:00\" \/>\n<meta property=\"og:image\" content=\"https:\/\/merkim.com.tr\/merkim-maket\/wp-content\/uploads\/2025\/06\/lifeform-yenidogan-iv-leg-egitim-simulator.png\" \/>\n\t<meta property=\"og:image:width\" content=\"800\" \/>\n\t<meta property=\"og:image:height\" content=\"800\" \/>\n\t<meta property=\"og:image:type\" content=\"image\/png\" \/>\n<meta name=\"twitter:card\" content=\"summary_large_image\" \/>\n<meta name=\"twitter:label1\" content=\"Tahmini okuma s\u00fcresi\" \/>\n\t<meta name=\"twitter:data1\" content=\"2 dakika\" \/>\n<script type=\"application\/ld+json\" class=\"yoast-schema-graph\">{\"@context\":\"https:\/\/schema.org\",\"@graph\":[{\"@type\":\"WebPage\",\"@id\":\"https:\/\/merkim.com.tr\/merkim-maket\/urun\/life-form-yenidogan-iv-egitim-bacagi-intravenoz-uygulama-simulatoru-lf03636\/\",\"url\":\"https:\/\/merkim.com.tr\/merkim-maket\/urun\/life-form-yenidogan-iv-egitim-bacagi-intravenoz-uygulama-simulatoru-lf03636\/\",\"name\":\"Life\/form\u00ae Yenido\u011fan IV E\u011fitim Baca\u011f\u0131 \u2013 \u0130ntraven\u00f6z Uygulama Sim\u00fclat\u00f6r\u00fc [LF03636] - Merkim Maket\",\"isPartOf\":{\"@id\":\"https:\/\/merkim.com.tr\/merkim-maket\/#website\"},\"primaryImageOfPage\":{\"@id\":\"https:\/\/merkim.com.tr\/merkim-maket\/urun\/life-form-yenidogan-iv-egitim-bacagi-intravenoz-uygulama-simulatoru-lf03636\/#primaryimage\"},\"image\":{\"@id\":\"https:\/\/merkim.com.tr\/merkim-maket\/urun\/life-form-yenidogan-iv-egitim-bacagi-intravenoz-uygulama-simulatoru-lf03636\/#primaryimage\"},\"thumbnailUrl\":\"https:\/\/merkim.com.tr\/merkim-maket\/wp-content\/uploads\/2025\/06\/lifeform-yenidogan-iv-leg-egitim-simulator.png\",\"datePublished\":\"2025-06-25T10:26:20+00:00\",\"dateModified\":\"2025-06-25T10:26:21+00:00\",\"description\":\"Life\/form\u00ae Infant IV Leg, yenido\u011fanlarda intraven\u00f6z damar yolu uygulamas\u0131 e\u011fitimi i\u00e7in tasarlanm\u0131\u015f, ger\u00e7ek\u00e7i yap\u0131 ve eksiksiz set i\u00e7eri\u011fiyle profesyonel bir t\u0131bbi sim\u00fclasyon arac\u0131d\u0131r.\",\"breadcrumb\":{\"@id\":\"https:\/\/merkim.com.tr\/merkim-maket\/urun\/life-form-yenidogan-iv-egitim-bacagi-intravenoz-uygulama-simulatoru-lf03636\/#breadcrumb\"},\"inLanguage\":\"tr\",\"potentialAction\":[{\"@type\":\"ReadAction\",\"target\":[\"https:\/\/merkim.com.tr\/merkim-maket\/urun\/life-form-yenidogan-iv-egitim-bacagi-intravenoz-uygulama-simulatoru-lf03636\/\"]}]},{\"@type\":\"ImageObject\",\"inLanguage\":\"tr\",\"@id\":\"https:\/\/merkim.com.tr\/merkim-maket\/urun\/life-form-yenidogan-iv-egitim-bacagi-intravenoz-uygulama-simulatoru-lf03636\/#primaryimage\",\"url\":\"https:\/\/merkim.com.tr\/merkim-maket\/wp-content\/uploads\/2025\/06\/lifeform-yenidogan-iv-leg-egitim-simulator.png\",\"contentUrl\":\"https:\/\/merkim.com.tr\/merkim-maket\/wp-content\/uploads\/2025\/06\/lifeform-yenidogan-iv-leg-egitim-simulator.png\",\"width\":800,\"height\":800,\"caption\":\"Yenido\u011fan damar yolu e\u011fitimi i\u00e7in profesyonel sim\u00fclasyon baca\u011f\u0131\"},{\"@type\":\"BreadcrumbList\",\"@id\":\"https:\/\/merkim.com.tr\/merkim-maket\/urun\/life-form-yenidogan-iv-egitim-bacagi-intravenoz-uygulama-simulatoru-lf03636\/#breadcrumb\",\"itemListElement\":[{\"@type\":\"ListItem\",\"position\":1,\"name\":\"Anasayfa\",\"item\":\"https:\/\/merkim.com.tr\/merkim-maket\/\"},{\"@type\":\"ListItem\",\"position\":2,\"name\":\"Ma\u011faza\",\"item\":\"https:\/\/merkim.com.tr\/merkim-maket\/magaza\/\"},{\"@type\":\"ListItem\",\"position\":3,\"name\":\"Life\/form\u00ae Yenido\u011fan IV E\u011fitim Baca\u011f\u0131 \u2013 \u0130ntraven\u00f6z Uygulama Sim\u00fclat\u00f6r\u00fc [LF03636]\"}]},{\"@type\":\"WebSite\",\"@id\":\"https:\/\/merkim.com.tr\/merkim-maket\/#website\",\"url\":\"https:\/\/merkim.com.tr\/merkim-maket\/\",\"name\":\"Merkim Maket\",\"description\":\"\",\"potentialAction\":[{\"@type\":\"SearchAction\",\"target\":{\"@type\":\"EntryPoint\",\"urlTemplate\":\"https:\/\/merkim.com.tr\/merkim-maket\/?s={search_term_string}\"},\"query-input\":{\"@type\":\"PropertyValueSpecification\",\"valueRequired\":true,\"valueName\":\"search_term_string\"}}],\"inLanguage\":\"tr\"}]}<\/script>\n<!-- \/ Yoast SEO plugin. -->","yoast_head_json":{"title":"Life\/form\u00ae Yenido\u011fan IV E\u011fitim Baca\u011f\u0131 \u2013 \u0130ntraven\u00f6z Uygulama Sim\u00fclat\u00f6r\u00fc [LF03636] - Merkim Maket","description":"Life\/form\u00ae Infant IV Leg, yenido\u011fanlarda intraven\u00f6z damar yolu uygulamas\u0131 e\u011fitimi i\u00e7in tasarlanm\u0131\u015f, ger\u00e7ek\u00e7i yap\u0131 ve eksiksiz set i\u00e7eri\u011fiyle profesyonel bir t\u0131bbi sim\u00fclasyon arac\u0131d\u0131r.","robots":{"index":"index","follow":"follow","max-snippet":"max-snippet:-1","max-image-preview":"max-image-preview:large","max-video-preview":"max-video-preview:-1"},"canonical":"https:\/\/merkim.com.tr\/merkim-maket\/urun\/life-form-yenidogan-iv-egitim-bacagi-intravenoz-uygulama-simulatoru-lf03636\/","og_locale":"tr_TR","og_type":"article","og_title":"Life\/form\u00ae Yenido\u011fan IV E\u011fitim Baca\u011f\u0131 \u2013 \u0130ntraven\u00f6z Uygulama Sim\u00fclat\u00f6r\u00fc [LF03636] - Merkim Maket","og_description":"Life\/form\u00ae Infant IV Leg, yenido\u011fanlarda intraven\u00f6z damar yolu uygulamas\u0131 e\u011fitimi i\u00e7in tasarlanm\u0131\u015f, ger\u00e7ek\u00e7i yap\u0131 ve eksiksiz set i\u00e7eri\u011fiyle profesyonel bir t\u0131bbi sim\u00fclasyon arac\u0131d\u0131r.","og_url":"https:\/\/merkim.com.tr\/merkim-maket\/urun\/life-form-yenidogan-iv-egitim-bacagi-intravenoz-uygulama-simulatoru-lf03636\/","og_site_name":"Merkim Maket","article_modified_time":"2025-06-25T10:26:21+00:00","og_image":[{"width":800,"height":800,"url":"https:\/\/merkim.com.tr\/merkim-maket\/wp-content\/uploads\/2025\/06\/lifeform-yenidogan-iv-leg-egitim-simulator.png","type":"image\/png"}],"twitter_card":"summary_large_image","twitter_misc":{"Tahmini okuma s\u00fcresi":"2 dakika"},"schema":{"@context":"https:\/\/schema.org","@graph":[{"@type":"WebPage","@id":"https:\/\/merkim.com.tr\/merkim-maket\/urun\/life-form-yenidogan-iv-egitim-bacagi-intravenoz-uygulama-simulatoru-lf03636\/","url":"https:\/\/merkim.com.tr\/merkim-maket\/urun\/life-form-yenidogan-iv-egitim-bacagi-intravenoz-uygulama-simulatoru-lf03636\/","name":"Life\/form\u00ae Yenido\u011fan IV E\u011fitim Baca\u011f\u0131 \u2013 \u0130ntraven\u00f6z Uygulama Sim\u00fclat\u00f6r\u00fc [LF03636] - Merkim Maket","isPartOf":{"@id":"https:\/\/merkim.com.tr\/merkim-maket\/#website"},"primaryImageOfPage":{"@id":"https:\/\/merkim.com.tr\/merkim-maket\/urun\/life-form-yenidogan-iv-egitim-bacagi-intravenoz-uygulama-simulatoru-lf03636\/#primaryimage"},"image":{"@id":"https:\/\/merkim.com.tr\/merkim-maket\/urun\/life-form-yenidogan-iv-egitim-bacagi-intravenoz-uygulama-simulatoru-lf03636\/#primaryimage"},"thumbnailUrl":"https:\/\/merkim.com.tr\/merkim-maket\/wp-content\/uploads\/2025\/06\/lifeform-yenidogan-iv-leg-egitim-simulator.png","datePublished":"2025-06-25T10:26:20+00:00","dateModified":"2025-06-25T10:26:21+00:00","description":"Life\/form\u00ae Infant IV Leg, yenido\u011fanlarda intraven\u00f6z damar yolu uygulamas\u0131 e\u011fitimi i\u00e7in tasarlanm\u0131\u015f, ger\u00e7ek\u00e7i yap\u0131 ve eksiksiz set i\u00e7eri\u011fiyle profesyonel bir t\u0131bbi sim\u00fclasyon arac\u0131d\u0131r.","breadcrumb":{"@id":"https:\/\/merkim.com.tr\/merkim-maket\/urun\/life-form-yenidogan-iv-egitim-bacagi-intravenoz-uygulama-simulatoru-lf03636\/#breadcrumb"},"inLanguage":"tr","potentialAction":[{"@type":"ReadAction","target":["https:\/\/merkim.com.tr\/merkim-maket\/urun\/life-form-yenidogan-iv-egitim-bacagi-intravenoz-uygulama-simulatoru-lf03636\/"]}]},{"@type":"ImageObject","inLanguage":"tr","@id":"https:\/\/merkim.com.tr\/merkim-maket\/urun\/life-form-yenidogan-iv-egitim-bacagi-intravenoz-uygulama-simulatoru-lf03636\/#primaryimage","url":"https:\/\/merkim.com.tr\/merkim-maket\/wp-content\/uploads\/2025\/06\/lifeform-yenidogan-iv-leg-egitim-simulator.png","contentUrl":"https:\/\/merkim.com.tr\/merkim-maket\/wp-content\/uploads\/2025\/06\/lifeform-yenidogan-iv-leg-egitim-simulator.png","width":800,"height":800,"caption":"Yenido\u011fan damar yolu e\u011fitimi i\u00e7in profesyonel sim\u00fclasyon baca\u011f\u0131"},{"@type":"BreadcrumbList","@id":"https:\/\/merkim.com.tr\/merkim-maket\/urun\/life-form-yenidogan-iv-egitim-bacagi-intravenoz-uygulama-simulatoru-lf03636\/#breadcrumb","itemListElement":[{"@type":"ListItem","position":1,"name":"Anasayfa","item":"https:\/\/merkim.com.tr\/merkim-maket\/"},{"@type":"ListItem","position":2,"name":"Ma\u011faza","item":"https:\/\/merkim.com.tr\/merkim-maket\/magaza\/"},{"@type":"ListItem","position":3,"name":"Life\/form\u00ae Yenido\u011fan IV E\u011fitim Baca\u011f\u0131 \u2013 \u0130ntraven\u00f6z Uygulama Sim\u00fclat\u00f6r\u00fc [LF03636]"}]},{"@type":"WebSite","@id":"https:\/\/merkim.com.tr\/merkim-maket\/#website","url":"https:\/\/merkim.com.tr\/merkim-maket\/","name":"Merkim Maket","description":"","potentialAction":[{"@type":"SearchAction","target":{"@type":"EntryPoint","urlTemplate":"https:\/\/merkim.com.tr\/merkim-maket\/?s={search_term_string}"},"query-input":{"@type":"PropertyValueSpecification","valueRequired":true,"valueName":"search_term_string"}}],"inLanguage":"tr"}]}},"_links":{"self":[{"href":"https:\/\/merkim.com.tr\/merkim-maket\/wp-json\/wp\/v2\/product\/191","targetHints":{"allow":["GET"]}}],"collection":[{"href":"https:\/\/merkim.com.tr\/merkim-maket\/wp-json\/wp\/v2\/product"}],"about":[{"href":"https:\/\/merkim.com.tr\/merkim-maket\/wp-json\/wp\/v2\/types\/product"}],"replies":[{"embeddable":true,"href":"https:\/\/merkim.com.tr\/merkim-maket\/wp-json\/wp\/v2\/comments?post=191"}],"wp:featuredmedia":[{"embeddable":true,"href":"https:\/\/merkim.com.tr\/merkim-maket\/wp-json\/wp\/v2\/media\/192"}],"wp:attachment":[{"href":"https:\/\/merkim.com.tr\/merkim-maket\/wp-json\/wp\/v2\/media?parent=191"}],"wp:term":[{"taxonomy":"product_brand","embeddable":true,"href":"https:\/\/merkim.com.tr\/merkim-maket\/wp-json\/wp\/v2\/product_brand?post=191"},{"taxonomy":"product_cat","embeddable":true,"href":"https:\/\/merkim.com.tr\/merkim-maket\/wp-json\/wp\/v2\/product_cat?post=191"},{"taxonomy":"product_tag","embeddable":true,"href":"https:\/\/merkim.com.tr\/merkim-maket\/wp-json\/wp\/v2\/product_tag?post=191"}],"curies":[{"name":"wp","href":"https:\/\/api.w.org\/{rel}","templated":true}]}}