{"id":189,"date":"2025-06-25T09:52:53","date_gmt":"2025-06-25T09:52:53","guid":{"rendered":"https:\/\/merkim.com.tr\/merkim-maket\/?post_type=product&#038;p=189"},"modified":"2025-06-25T09:52:54","modified_gmt":"2025-06-25T09:52:54","slug":"life-form-cocuk-intraosseoz-infuzyon-ve-femoral-erisim-egitim-bacagi-lf03632","status":"publish","type":"product","link":"https:\/\/merkim.com.tr\/merkim-maket\/urun\/life-form-cocuk-intraosseoz-infuzyon-ve-femoral-erisim-egitim-bacagi-lf03632\/","title":{"rendered":"Life\/form\u00ae \u00c7ocuk \u0130ntraosse\u00f6z \u0130nf\u00fczyon ve Femoral Eri\u015fim E\u011fitim Baca\u011f\u0131 [LF03632]"},"content":{"rendered":"<blockquote data-start=\"2341\" data-end=\"2384\">\n<h4 data-start=\"497\" data-end=\"629\"><strong data-start=\"502\" data-end=\"629\">Pediatrik Acil M\u00fcdahale E\u011fitiminde Ger\u00e7ek\u00e7ilik ve G\u00fcven \u2013 Life\/form\u00ae \u00c7ocuk \u0130ntraosse\u00f6z \u0130nf\u00fczyon \/ Femoral Eri\u015fim Sim\u00fclat\u00f6r\u00fc<\/strong><\/h4>\n<p data-start=\"631\" data-end=\"949\">Life\/form\u00ae taraf\u0131ndan geli\u015ftirilen <strong data-start=\"666\" data-end=\"716\">Child Intraosseous Infusion\/Femoral Access Leg<\/strong>, \u00e7ocuklarda intraosse\u00f6z inf\u00fczyon ve femoral damar eri\u015fimi uygulamalar\u0131n\u0131n e\u011fitimi i\u00e7in tasarlanm\u0131\u015f, ger\u00e7ek\u00e7ili\u011fi y\u00fcksek bir klinik sim\u00fclasyon arac\u0131d\u0131r. Hem t\u0131bbi e\u011fitim kurumlar\u0131 hem de acil m\u00fcdahale e\u011fitim merkezleri i\u00e7in idealdir.<\/p>\n<p data-start=\"951\" data-end=\"1111\"><strong data-start=\"951\" data-end=\"984\">Ba\u011f\u0131ms\u0131z bir beceri istasyonu<\/strong> olarak kullan\u0131lmak \u00fczere stand \u00fczerine monte edilmi\u015f olan bu model, pediatrik acil prosed\u00fcrlerin g\u00fcvenle \u00f6\u011fretilmesini sa\u011flar.<\/p>\n<hr data-start=\"1113\" data-end=\"1116\" \/>\n<h3 data-start=\"1118\" data-end=\"1159\"><strong data-start=\"1122\" data-end=\"1159\">\u0130ntraosse\u00f6z \u0130nf\u00fczyon \u00d6zellikleri:<\/strong><\/h3>\n<ul data-start=\"1160\" data-end=\"1487\">\n<li data-start=\"1160\" data-end=\"1272\">\n<p data-start=\"1162\" data-end=\"1272\"><strong data-start=\"1162\" data-end=\"1187\">Anatomik Landmarklar:<\/strong> Patella, tibia ve tibial t\u00fcberozite gibi \u00f6nemli yap\u0131lar hissedilebilir \u00f6zelliktedir.<\/p>\n<\/li>\n<li data-start=\"1273\" data-end=\"1375\">\n<p data-start=\"1275\" data-end=\"1375\"><strong data-start=\"1275\" data-end=\"1301\">Bas\u0131n\u00e7l\u0131 S\u0131v\u0131 Sistemi:<\/strong> Uygulama sonras\u0131 s\u0131v\u0131 aspirasyonu ile ba\u015far\u0131 de\u011ferlendirmesi yap\u0131labilir.<\/p>\n<\/li>\n<li data-start=\"1376\" data-end=\"1487\">\n<p data-start=\"1378\" data-end=\"1487\"><strong data-start=\"1378\" data-end=\"1408\">De\u011fi\u015ftirilebilir Par\u00e7alar:<\/strong> Deri ve kemik mod\u00fclleri, \u00e7oklu uygulamalarda kolay de\u011fi\u015ftirilebilir yap\u0131dad\u0131r.<\/p>\n<\/li>\n<\/ul>\n<hr data-start=\"1489\" data-end=\"1492\" \/>\n<h3 data-start=\"1494\" data-end=\"1536\"><strong data-start=\"1498\" data-end=\"1536\">Femoral Damar Eri\u015fimi \u00d6zellikleri:<\/strong><\/h3>\n<ul data-start=\"1537\" data-end=\"1947\">\n<li data-start=\"1537\" data-end=\"1637\">\n<p data-start=\"1539\" data-end=\"1637\"><strong data-start=\"1539\" data-end=\"1559\">Atardamar Nabz\u0131:<\/strong> Ger\u00e7ek\u00e7i, hissedilebilir femoral nab\u0131z ile giri\u015f noktas\u0131 kolayca bulunabilir.<\/p>\n<\/li>\n<li data-start=\"1638\" data-end=\"1746\">\n<p data-start=\"1640\" data-end=\"1746\"><strong data-start=\"1640\" data-end=\"1657\">Ven\u00f6z Sistem:<\/strong> Bas\u0131n\u00e7l\u0131 ven\u00f6z sistem sayesinde giri\u015fte kan geri tepme (flashback) etkisi sim\u00fcle edilir.<\/p>\n<\/li>\n<li data-start=\"1747\" data-end=\"1836\">\n<p data-start=\"1749\" data-end=\"1836\"><strong data-start=\"1749\" data-end=\"1769\">Enjeksiyon Pedi:<\/strong> De\u011fi\u015ftirilebilir enjeksiyon pedi, \u00e7oklu uygulamalar i\u00e7in uygundur.<\/p>\n<\/li>\n<li data-start=\"1837\" data-end=\"1947\">\n<p data-start=\"1839\" data-end=\"1947\"><strong data-start=\"1839\" data-end=\"1859\">Hareketli Bacak:<\/strong> Ayarlanabilir bacak yap\u0131s\u0131, uygun pozisyonlama ile uygulama prati\u011fi yap\u0131lmas\u0131n\u0131 sa\u011flar.<\/p>\n<\/li>\n<\/ul>\n<hr data-start=\"1949\" data-end=\"1952\" \/>\n<h3 data-start=\"1954\" data-end=\"1975\"><strong data-start=\"1958\" data-end=\"1975\">Kutu \u0130\u00e7eri\u011fi:<\/strong><\/h3>\n<ul data-start=\"1976\" data-end=\"2339\">\n<li data-start=\"1976\" data-end=\"2005\">\n<p data-start=\"1978\" data-end=\"2005\">Sim\u00fclasyon baca\u011f\u0131 (standl\u0131)<\/p>\n<\/li>\n<li data-start=\"2006\" data-end=\"2030\">\n<p data-start=\"2008\" data-end=\"2030\">15G intraosse\u00f6z i\u011fne<\/p>\n<\/li>\n<li data-start=\"2031\" data-end=\"2075\">\n<p data-start=\"2033\" data-end=\"2075\">10 adet de\u011fi\u015ftirilebilir kemik (LF03618)<\/p>\n<\/li>\n<li data-start=\"2076\" data-end=\"2118\">\n<p data-start=\"2078\" data-end=\"2118\">2 adet intraosse\u00f6z cilt pedi (LF03619)<\/p>\n<\/li>\n<li data-start=\"2119\" data-end=\"2156\">\n<p data-start=\"2121\" data-end=\"2156\">Femoral enjeksiyon pedi (LF03626)<\/p>\n<\/li>\n<li data-start=\"2157\" data-end=\"2190\">\n<p data-start=\"2159\" data-end=\"2190\">Sim\u00fcle kan kar\u0131\u015f\u0131m\u0131 (LF01111)<\/p>\n<\/li>\n<li data-start=\"2191\" data-end=\"2217\">\n<p data-start=\"2193\" data-end=\"2217\">S\u0131v\u0131 torbas\u0131 (LF01130)<\/p>\n<\/li>\n<li data-start=\"2218\" data-end=\"2253\">\n<p data-start=\"2220\" data-end=\"2253\">\u0130nf\u00fczyon s\u0131v\u0131 sistemi (LF01114)<\/p>\n<\/li>\n<li data-start=\"2254\" data-end=\"2287\">\n<p data-start=\"2256\" data-end=\"2287\">Kayganla\u015ft\u0131r\u0131c\u0131 jel (LF01116)<\/p>\n<\/li>\n<li data-start=\"2288\" data-end=\"2311\">\n<p data-start=\"2290\" data-end=\"2311\">Sert ta\u015f\u0131ma \u00e7antas\u0131<\/p>\n<\/li>\n<li data-start=\"2312\" data-end=\"2339\">\n<p data-start=\"2314\" data-end=\"2339\">5 y\u0131l \u00fcretici garantisi<\/p>\n<\/li>\n<\/ul>\n<blockquote data-start=\"2341\" data-end=\"2384\">\n<p data-start=\"2343\" data-end=\"2384\"><em data-start=\"2343\" data-end=\"2384\">Not: S\u0131v\u0131 stand\u0131 fiyata dahil de\u011fildir.<\/em><\/p>\n<\/blockquote>\n<hr data-start=\"2386\" data-end=\"2389\" \/>\n<h3 data-start=\"2391\" data-end=\"2415\"><strong data-start=\"2395\" data-end=\"2415\">Teknik Bilgiler:<\/strong><\/h3>\n<ul data-start=\"2416\" data-end=\"2484\">\n<li data-start=\"2416\" data-end=\"2451\">\n<p data-start=\"2418\" data-end=\"2451\"><strong data-start=\"2418\" data-end=\"2437\">Boyutlar (\u0130n\u00e7):<\/strong> 26 x 10 x 9<\/p>\n<\/li>\n<li data-start=\"2452\" data-end=\"2484\">\n<p data-start=\"2454\" data-end=\"2484\"><strong data-start=\"2454\" data-end=\"2466\">A\u011f\u0131rl\u0131k:<\/strong> 20 lbs. (9.07 kg)<\/p>\n<\/li>\n<\/ul>\n<hr data-start=\"2486\" data-end=\"2489\" \/>\n<h3 data-start=\"2491\" data-end=\"2517\"><strong data-start=\"2495\" data-end=\"2517\">Kullan\u0131m Alanlar\u0131:<\/strong><\/h3>\n<ul data-start=\"2518\" data-end=\"2699\">\n<li data-start=\"2518\" data-end=\"2546\">\n<p data-start=\"2520\" data-end=\"2546\">Paramedik ve EMT e\u011fitimi<\/p>\n<\/li>\n<li data-start=\"2547\" data-end=\"2589\">\n<p data-start=\"2549\" data-end=\"2589\">T\u0131p fak\u00fclteleri ve hem\u015firelik okullar\u0131<\/p>\n<\/li>\n<li data-start=\"2590\" data-end=\"2627\">\n<p data-start=\"2592\" data-end=\"2627\">Klinik sim\u00fclasyon laboratuvarlar\u0131<\/p>\n<\/li>\n<li data-start=\"2628\" data-end=\"2663\">\n<p data-start=\"2630\" data-end=\"2663\">Pediatrik acil m\u00fcdahale e\u011fitimi<\/p>\n<\/li>\n<li data-start=\"2664\" data-end=\"2699\">\n<p data-start=\"2666\" data-end=\"2699\">Askeri sa\u011fl\u0131k personeli e\u011fitimi<\/p>\n<\/li>\n<\/ul>\n<\/blockquote>\n","protected":false},"excerpt":{"rendered":"<p data-start=\"2739\" data-end=\"2968\">Life\/form\u00ae \u00c7ocuk \u0130ntraosse\u00f6z \u0130nfizyon ve Femoral Eri\u015fim E\u011fitim Baca\u011f\u0131, pediatrik IO ve damar eri\u015fim uygulamalar\u0131n\u0131 \u00f6\u011fretmek i\u00e7in tasarlanm\u0131\u015f, ger\u00e7ek\u00e7i yap\u0131s\u0131 ve de\u011fi\u015ftirilebilir mod\u00fclleri ile ideal bir klinik sim\u00fclasyon arac\u0131d\u0131r.<\/p>\n","protected":false},"featured_media":190,"comment_status":"open","ping_status":"closed","template":"","meta":[],"product_brand":[16],"product_cat":[15,17,78],"product_tag":[628,624,621,622,626,627,617,625,623,32],"class_list":{"0":"post-189","1":"product","2":"type-product","3":"status-publish","4":"has-post-thumbnail","6":"product_brand-nasco-healthcare","7":"product_cat-genel","8":"product_cat-nursing-patient-care","9":"product_cat-nasco-healthcare","10":"product_tag-acil-mudahale-egitim-urunu","11":"product_tag-cocuk-damar-giris-simulatoru","12":"product_tag-cocuk-intraosseoz-simulator","13":"product_tag-femoral-erisim-egitim-modeli","14":"product_tag-io-infuzyon-bacagi","15":"product_tag-klinik-simulasyon-ekipmani","16":"product_tag-lifeform-simulator","17":"product_tag-paramedik-pediatri-egitimi","18":"product_tag-pediatrik-io-egitimi","19":"product_tag-tibbi-egitim-mankeni","21":"first","22":"instock","23":"shipping-taxable","24":"product-type-simple"},"yoast_head":"<!-- This site is optimized with the Yoast SEO plugin v25.2 - https:\/\/yoast.com\/wordpress\/plugins\/seo\/ -->\n<title>Life\/form\u00ae \u00c7ocuk \u0130ntraosse\u00f6z \u0130nf\u00fczyon ve Femoral Eri\u015fim E\u011fitim Baca\u011f\u0131 [LF03632] - Merkim Maket<\/title>\n<meta name=\"description\" content=\"Life\/form\u00ae \u00c7ocuk \u0130ntraosse\u00f6z \u0130nfizyon ve Femoral Eri\u015fim Sim\u00fclat\u00f6r\u00fc, pediatrik acil giri\u015fim e\u011fitimleri i\u00e7in ger\u00e7ek\u00e7i yap\u0131, de\u011fi\u015ftirilebilir mod\u00fcller ve bas\u0131n\u00e7l\u0131 s\u0131v\u0131 sistemi ile profesyonel bir klinik sim\u00fclasyon \u00e7\u00f6z\u00fcm\u00fcd\u00fcr.\" \/>\n<meta name=\"robots\" content=\"index, follow, max-snippet:-1, max-image-preview:large, max-video-preview:-1\" \/>\n<link rel=\"canonical\" href=\"https:\/\/merkim.com.tr\/merkim-maket\/urun\/life-form-cocuk-intraosseoz-infuzyon-ve-femoral-erisim-egitim-bacagi-lf03632\/\" \/>\n<meta property=\"og:locale\" content=\"tr_TR\" \/>\n<meta property=\"og:type\" content=\"article\" \/>\n<meta property=\"og:title\" content=\"Life\/form\u00ae \u00c7ocuk \u0130ntraosse\u00f6z \u0130nf\u00fczyon ve Femoral Eri\u015fim E\u011fitim Baca\u011f\u0131 [LF03632] - Merkim Maket\" \/>\n<meta property=\"og:description\" content=\"Life\/form\u00ae \u00c7ocuk \u0130ntraosse\u00f6z \u0130nfizyon ve Femoral Eri\u015fim Sim\u00fclat\u00f6r\u00fc, pediatrik acil giri\u015fim e\u011fitimleri i\u00e7in ger\u00e7ek\u00e7i yap\u0131, de\u011fi\u015ftirilebilir mod\u00fcller ve bas\u0131n\u00e7l\u0131 s\u0131v\u0131 sistemi ile profesyonel bir klinik sim\u00fclasyon \u00e7\u00f6z\u00fcm\u00fcd\u00fcr.\" \/>\n<meta property=\"og:url\" content=\"https:\/\/merkim.com.tr\/merkim-maket\/urun\/life-form-cocuk-intraosseoz-infuzyon-ve-femoral-erisim-egitim-bacagi-lf03632\/\" \/>\n<meta property=\"og:site_name\" content=\"Merkim Maket\" \/>\n<meta property=\"article:modified_time\" content=\"2025-06-25T09:52:54+00:00\" \/>\n<meta property=\"og:image\" content=\"https:\/\/merkim.com.tr\/merkim-maket\/wp-content\/uploads\/2025\/06\/lifeform-cocuk-intraosseoz-femoral-erisim-simulator.png\" \/>\n\t<meta property=\"og:image:width\" content=\"800\" \/>\n\t<meta property=\"og:image:height\" content=\"800\" \/>\n\t<meta property=\"og:image:type\" content=\"image\/png\" \/>\n<meta name=\"twitter:card\" content=\"summary_large_image\" \/>\n<meta name=\"twitter:label1\" content=\"Tahmini okuma s\u00fcresi\" \/>\n\t<meta name=\"twitter:data1\" content=\"1 dakika\" \/>\n<script type=\"application\/ld+json\" class=\"yoast-schema-graph\">{\"@context\":\"https:\/\/schema.org\",\"@graph\":[{\"@type\":\"WebPage\",\"@id\":\"https:\/\/merkim.com.tr\/merkim-maket\/urun\/life-form-cocuk-intraosseoz-infuzyon-ve-femoral-erisim-egitim-bacagi-lf03632\/\",\"url\":\"https:\/\/merkim.com.tr\/merkim-maket\/urun\/life-form-cocuk-intraosseoz-infuzyon-ve-femoral-erisim-egitim-bacagi-lf03632\/\",\"name\":\"Life\/form\u00ae \u00c7ocuk \u0130ntraosse\u00f6z \u0130nf\u00fczyon ve Femoral Eri\u015fim E\u011fitim Baca\u011f\u0131 [LF03632] - Merkim Maket\",\"isPartOf\":{\"@id\":\"https:\/\/merkim.com.tr\/merkim-maket\/#website\"},\"primaryImageOfPage\":{\"@id\":\"https:\/\/merkim.com.tr\/merkim-maket\/urun\/life-form-cocuk-intraosseoz-infuzyon-ve-femoral-erisim-egitim-bacagi-lf03632\/#primaryimage\"},\"image\":{\"@id\":\"https:\/\/merkim.com.tr\/merkim-maket\/urun\/life-form-cocuk-intraosseoz-infuzyon-ve-femoral-erisim-egitim-bacagi-lf03632\/#primaryimage\"},\"thumbnailUrl\":\"https:\/\/merkim.com.tr\/merkim-maket\/wp-content\/uploads\/2025\/06\/lifeform-cocuk-intraosseoz-femoral-erisim-simulator.png\",\"datePublished\":\"2025-06-25T09:52:53+00:00\",\"dateModified\":\"2025-06-25T09:52:54+00:00\",\"description\":\"Life\/form\u00ae \u00c7ocuk \u0130ntraosse\u00f6z \u0130nfizyon ve Femoral Eri\u015fim Sim\u00fclat\u00f6r\u00fc, pediatrik acil giri\u015fim e\u011fitimleri i\u00e7in ger\u00e7ek\u00e7i yap\u0131, de\u011fi\u015ftirilebilir mod\u00fcller ve bas\u0131n\u00e7l\u0131 s\u0131v\u0131 sistemi ile profesyonel bir klinik sim\u00fclasyon \u00e7\u00f6z\u00fcm\u00fcd\u00fcr.\",\"breadcrumb\":{\"@id\":\"https:\/\/merkim.com.tr\/merkim-maket\/urun\/life-form-cocuk-intraosseoz-infuzyon-ve-femoral-erisim-egitim-bacagi-lf03632\/#breadcrumb\"},\"inLanguage\":\"tr\",\"potentialAction\":[{\"@type\":\"ReadAction\",\"target\":[\"https:\/\/merkim.com.tr\/merkim-maket\/urun\/life-form-cocuk-intraosseoz-infuzyon-ve-femoral-erisim-egitim-bacagi-lf03632\/\"]}]},{\"@type\":\"ImageObject\",\"inLanguage\":\"tr\",\"@id\":\"https:\/\/merkim.com.tr\/merkim-maket\/urun\/life-form-cocuk-intraosseoz-infuzyon-ve-femoral-erisim-egitim-bacagi-lf03632\/#primaryimage\",\"url\":\"https:\/\/merkim.com.tr\/merkim-maket\/wp-content\/uploads\/2025\/06\/lifeform-cocuk-intraosseoz-femoral-erisim-simulator.png\",\"contentUrl\":\"https:\/\/merkim.com.tr\/merkim-maket\/wp-content\/uploads\/2025\/06\/lifeform-cocuk-intraosseoz-femoral-erisim-simulator.png\",\"width\":800,\"height\":800,\"caption\":\"Pediatrik IO ve femoral giri\u015f prati\u011fi i\u00e7in profesyonel e\u011fitim sim\u00fclat\u00f6r\u00fc\"},{\"@type\":\"BreadcrumbList\",\"@id\":\"https:\/\/merkim.com.tr\/merkim-maket\/urun\/life-form-cocuk-intraosseoz-infuzyon-ve-femoral-erisim-egitim-bacagi-lf03632\/#breadcrumb\",\"itemListElement\":[{\"@type\":\"ListItem\",\"position\":1,\"name\":\"Anasayfa\",\"item\":\"https:\/\/merkim.com.tr\/merkim-maket\/\"},{\"@type\":\"ListItem\",\"position\":2,\"name\":\"Ma\u011faza\",\"item\":\"https:\/\/merkim.com.tr\/merkim-maket\/magaza\/\"},{\"@type\":\"ListItem\",\"position\":3,\"name\":\"Life\/form\u00ae \u00c7ocuk \u0130ntraosse\u00f6z \u0130nf\u00fczyon ve Femoral Eri\u015fim E\u011fitim Baca\u011f\u0131 [LF03632]\"}]},{\"@type\":\"WebSite\",\"@id\":\"https:\/\/merkim.com.tr\/merkim-maket\/#website\",\"url\":\"https:\/\/merkim.com.tr\/merkim-maket\/\",\"name\":\"Merkim Maket\",\"description\":\"\",\"potentialAction\":[{\"@type\":\"SearchAction\",\"target\":{\"@type\":\"EntryPoint\",\"urlTemplate\":\"https:\/\/merkim.com.tr\/merkim-maket\/?s={search_term_string}\"},\"query-input\":{\"@type\":\"PropertyValueSpecification\",\"valueRequired\":true,\"valueName\":\"search_term_string\"}}],\"inLanguage\":\"tr\"}]}<\/script>\n<!-- \/ Yoast SEO plugin. -->","yoast_head_json":{"title":"Life\/form\u00ae \u00c7ocuk \u0130ntraosse\u00f6z \u0130nf\u00fczyon ve Femoral Eri\u015fim E\u011fitim Baca\u011f\u0131 [LF03632] - Merkim Maket","description":"Life\/form\u00ae \u00c7ocuk \u0130ntraosse\u00f6z \u0130nfizyon ve Femoral Eri\u015fim Sim\u00fclat\u00f6r\u00fc, pediatrik acil giri\u015fim e\u011fitimleri i\u00e7in ger\u00e7ek\u00e7i yap\u0131, de\u011fi\u015ftirilebilir mod\u00fcller ve bas\u0131n\u00e7l\u0131 s\u0131v\u0131 sistemi ile profesyonel bir klinik sim\u00fclasyon \u00e7\u00f6z\u00fcm\u00fcd\u00fcr.","robots":{"index":"index","follow":"follow","max-snippet":"max-snippet:-1","max-image-preview":"max-image-preview:large","max-video-preview":"max-video-preview:-1"},"canonical":"https:\/\/merkim.com.tr\/merkim-maket\/urun\/life-form-cocuk-intraosseoz-infuzyon-ve-femoral-erisim-egitim-bacagi-lf03632\/","og_locale":"tr_TR","og_type":"article","og_title":"Life\/form\u00ae \u00c7ocuk \u0130ntraosse\u00f6z \u0130nf\u00fczyon ve Femoral Eri\u015fim E\u011fitim Baca\u011f\u0131 [LF03632] - Merkim Maket","og_description":"Life\/form\u00ae \u00c7ocuk \u0130ntraosse\u00f6z \u0130nfizyon ve Femoral Eri\u015fim Sim\u00fclat\u00f6r\u00fc, pediatrik acil giri\u015fim e\u011fitimleri i\u00e7in ger\u00e7ek\u00e7i yap\u0131, de\u011fi\u015ftirilebilir mod\u00fcller ve bas\u0131n\u00e7l\u0131 s\u0131v\u0131 sistemi ile profesyonel bir klinik sim\u00fclasyon \u00e7\u00f6z\u00fcm\u00fcd\u00fcr.","og_url":"https:\/\/merkim.com.tr\/merkim-maket\/urun\/life-form-cocuk-intraosseoz-infuzyon-ve-femoral-erisim-egitim-bacagi-lf03632\/","og_site_name":"Merkim Maket","article_modified_time":"2025-06-25T09:52:54+00:00","og_image":[{"width":800,"height":800,"url":"https:\/\/merkim.com.tr\/merkim-maket\/wp-content\/uploads\/2025\/06\/lifeform-cocuk-intraosseoz-femoral-erisim-simulator.png","type":"image\/png"}],"twitter_card":"summary_large_image","twitter_misc":{"Tahmini okuma s\u00fcresi":"1 dakika"},"schema":{"@context":"https:\/\/schema.org","@graph":[{"@type":"WebPage","@id":"https:\/\/merkim.com.tr\/merkim-maket\/urun\/life-form-cocuk-intraosseoz-infuzyon-ve-femoral-erisim-egitim-bacagi-lf03632\/","url":"https:\/\/merkim.com.tr\/merkim-maket\/urun\/life-form-cocuk-intraosseoz-infuzyon-ve-femoral-erisim-egitim-bacagi-lf03632\/","name":"Life\/form\u00ae \u00c7ocuk \u0130ntraosse\u00f6z \u0130nf\u00fczyon ve Femoral Eri\u015fim E\u011fitim Baca\u011f\u0131 [LF03632] - Merkim Maket","isPartOf":{"@id":"https:\/\/merkim.com.tr\/merkim-maket\/#website"},"primaryImageOfPage":{"@id":"https:\/\/merkim.com.tr\/merkim-maket\/urun\/life-form-cocuk-intraosseoz-infuzyon-ve-femoral-erisim-egitim-bacagi-lf03632\/#primaryimage"},"image":{"@id":"https:\/\/merkim.com.tr\/merkim-maket\/urun\/life-form-cocuk-intraosseoz-infuzyon-ve-femoral-erisim-egitim-bacagi-lf03632\/#primaryimage"},"thumbnailUrl":"https:\/\/merkim.com.tr\/merkim-maket\/wp-content\/uploads\/2025\/06\/lifeform-cocuk-intraosseoz-femoral-erisim-simulator.png","datePublished":"2025-06-25T09:52:53+00:00","dateModified":"2025-06-25T09:52:54+00:00","description":"Life\/form\u00ae \u00c7ocuk \u0130ntraosse\u00f6z \u0130nfizyon ve Femoral Eri\u015fim Sim\u00fclat\u00f6r\u00fc, pediatrik acil giri\u015fim e\u011fitimleri i\u00e7in ger\u00e7ek\u00e7i yap\u0131, de\u011fi\u015ftirilebilir mod\u00fcller ve bas\u0131n\u00e7l\u0131 s\u0131v\u0131 sistemi ile profesyonel bir klinik sim\u00fclasyon \u00e7\u00f6z\u00fcm\u00fcd\u00fcr.","breadcrumb":{"@id":"https:\/\/merkim.com.tr\/merkim-maket\/urun\/life-form-cocuk-intraosseoz-infuzyon-ve-femoral-erisim-egitim-bacagi-lf03632\/#breadcrumb"},"inLanguage":"tr","potentialAction":[{"@type":"ReadAction","target":["https:\/\/merkim.com.tr\/merkim-maket\/urun\/life-form-cocuk-intraosseoz-infuzyon-ve-femoral-erisim-egitim-bacagi-lf03632\/"]}]},{"@type":"ImageObject","inLanguage":"tr","@id":"https:\/\/merkim.com.tr\/merkim-maket\/urun\/life-form-cocuk-intraosseoz-infuzyon-ve-femoral-erisim-egitim-bacagi-lf03632\/#primaryimage","url":"https:\/\/merkim.com.tr\/merkim-maket\/wp-content\/uploads\/2025\/06\/lifeform-cocuk-intraosseoz-femoral-erisim-simulator.png","contentUrl":"https:\/\/merkim.com.tr\/merkim-maket\/wp-content\/uploads\/2025\/06\/lifeform-cocuk-intraosseoz-femoral-erisim-simulator.png","width":800,"height":800,"caption":"Pediatrik IO ve femoral giri\u015f prati\u011fi i\u00e7in profesyonel e\u011fitim sim\u00fclat\u00f6r\u00fc"},{"@type":"BreadcrumbList","@id":"https:\/\/merkim.com.tr\/merkim-maket\/urun\/life-form-cocuk-intraosseoz-infuzyon-ve-femoral-erisim-egitim-bacagi-lf03632\/#breadcrumb","itemListElement":[{"@type":"ListItem","position":1,"name":"Anasayfa","item":"https:\/\/merkim.com.tr\/merkim-maket\/"},{"@type":"ListItem","position":2,"name":"Ma\u011faza","item":"https:\/\/merkim.com.tr\/merkim-maket\/magaza\/"},{"@type":"ListItem","position":3,"name":"Life\/form\u00ae \u00c7ocuk \u0130ntraosse\u00f6z \u0130nf\u00fczyon ve Femoral Eri\u015fim E\u011fitim Baca\u011f\u0131 [LF03632]"}]},{"@type":"WebSite","@id":"https:\/\/merkim.com.tr\/merkim-maket\/#website","url":"https:\/\/merkim.com.tr\/merkim-maket\/","name":"Merkim Maket","description":"","potentialAction":[{"@type":"SearchAction","target":{"@type":"EntryPoint","urlTemplate":"https:\/\/merkim.com.tr\/merkim-maket\/?s={search_term_string}"},"query-input":{"@type":"PropertyValueSpecification","valueRequired":true,"valueName":"search_term_string"}}],"inLanguage":"tr"}]}},"_links":{"self":[{"href":"https:\/\/merkim.com.tr\/merkim-maket\/wp-json\/wp\/v2\/product\/189","targetHints":{"allow":["GET"]}}],"collection":[{"href":"https:\/\/merkim.com.tr\/merkim-maket\/wp-json\/wp\/v2\/product"}],"about":[{"href":"https:\/\/merkim.com.tr\/merkim-maket\/wp-json\/wp\/v2\/types\/product"}],"replies":[{"embeddable":true,"href":"https:\/\/merkim.com.tr\/merkim-maket\/wp-json\/wp\/v2\/comments?post=189"}],"wp:featuredmedia":[{"embeddable":true,"href":"https:\/\/merkim.com.tr\/merkim-maket\/wp-json\/wp\/v2\/media\/190"}],"wp:attachment":[{"href":"https:\/\/merkim.com.tr\/merkim-maket\/wp-json\/wp\/v2\/media?parent=189"}],"wp:term":[{"taxonomy":"product_brand","embeddable":true,"href":"https:\/\/merkim.com.tr\/merkim-maket\/wp-json\/wp\/v2\/product_brand?post=189"},{"taxonomy":"product_cat","embeddable":true,"href":"https:\/\/merkim.com.tr\/merkim-maket\/wp-json\/wp\/v2\/product_cat?post=189"},{"taxonomy":"product_tag","embeddable":true,"href":"https:\/\/merkim.com.tr\/merkim-maket\/wp-json\/wp\/v2\/product_tag?post=189"}],"curies":[{"name":"wp","href":"https:\/\/api.w.org\/{rel}","templated":true}]}}