{"id":179,"date":"2025-06-10T14:16:51","date_gmt":"2025-06-10T14:16:51","guid":{"rendered":"https:\/\/merkim.com.tr\/merkim-maket\/?post_type=product&#038;p=179"},"modified":"2025-06-10T14:16:52","modified_gmt":"2025-06-10T14:16:52","slug":"colles-kirigi-reduksiyon-egitmeni-acik-ten-rengi","status":"publish","type":"product","link":"https:\/\/merkim.com.tr\/merkim-maket\/urun\/colles-kirigi-reduksiyon-egitmeni-acik-ten-rengi\/","title":{"rendered":"Colles&#8217; K\u0131r\u0131\u011f\u0131 Red\u00fcksiyon E\u011fitmeni (A\u00e7\u0131k Ten Rengi)"},"content":{"rendered":"<p dir=\"ltr\">Colles&#8217; K\u0131r\u0131\u011f\u0131 Red\u00fcksiyon E\u011fitmeni (A\u00e7\u0131k Ten Rengi), Acil T\u0131p ve Ortopedi Uzmanl\u0131k \u00f6\u011frencileri i\u00e7in \u00f6zel olarak tasarlanm\u0131\u015f, bilek k\u0131r\u0131\u011f\u0131 red\u00fcksiyonunda tekrarlanabilir bir pratik imkan\u0131 sunan yenilik\u00e7i bir e\u011fitim arac\u0131d\u0131r. Ayr\u0131ca, gen\u00e7 doktorlar, Acil Hem\u015fire Uygulay\u0131c\u0131lar\u0131, kadrolu hem\u015fireler, Ortopedi Uygulay\u0131c\u0131lar\u0131 (veya Al\u00e7\u0131 Teknisyenleri) ve Sa\u011fl\u0131k Bak\u0131m Asistanlar\u0131 (HCA&#8217;lar) i\u00e7in uygun bir e\u011fitim \u00e7\u00f6z\u00fcm\u00fcd\u00fcr. Bu e\u011fitmen, radiusun distal fragman\u0131nda k\u0131r\u0131\u011f\u0131 temsil eder ve tan\u0131dan g\u00f6rsel muayeneye, red\u00fcksiyon prosed\u00fcr\u00fcne ve kolun al\u00e7\u0131ya al\u0131nmas\u0131na kadar t\u00fcm prosed\u00fcr\u00fc uygulama imkan\u0131 sa\u011flar.<\/p>\n<p dir=\"ltr\">Brighton ve Sussex \u00dcniversitesi Hastaneleri NHS Trust\u2019tan Dr. Salwa Malik ve Surrey ve Sussex Hastaneleri NHS Trust\u2019tan Dr. Yasir M. Shaukat i\u015f birli\u011fiyle tasarlanan bu model, ger\u00e7ek\u00e7i bir e\u011fitim deneyimi sunar. Ayarlanabilir gerilim mekanizmas\u0131, farkl\u0131 zorluk seviyelerine olanak tan\u0131yarak ileri d\u00fczey \u00f6\u011frenme i\u00e7in idealdir. Model, yayg\u0131n hatalar\u0131n (\u00f6rne\u011fin, k\u0131smen red\u00fckte edilmi\u015f k\u0131r\u0131klar) olu\u015fmas\u0131na izin verir ve kol do\u011fru tutulmad\u0131\u011f\u0131nda al\u00e7\u0131 al\u0131nd\u0131\u011f\u0131nda orijinal durumuna geri d\u00f6ner, b\u00f6ylece ger\u00e7ek hayattaki senaryolar\u0131 taklit eder.<\/p>\n<p dir=\"ltr\">E\u011fitmen, g\u00f6rsel ve dokunsal olarak radiusun distal fragman\u0131n\u0131 ve ulna kemi\u011finin ba\u015f\u0131n\u0131 ve g\u00f6vdesini tan\u0131mlamaya olanak tan\u0131r, ayr\u0131ca distal a\u00e7\u0131lanma (\u00e7atal deformitesi) gibi ger\u00e7ek\u00e7i bir temsille hayat benzeri dokunsal geri bildirim sa\u011flar. \u00c7e\u015fitli al\u00e7\u0131 teknikleri (arka plaka, dairesel al\u00e7\u0131, \u015feker-tong ateli ve 3 noktal\u0131 kal\u0131plar) ile uyumludur ve stand\u0131, farkl\u0131 hasta senaryolar\u0131 i\u00e7in kolun \u00e7e\u015fitli y\u00fcksekliklerde konumland\u0131r\u0131lmas\u0131n\u0131 sa\u011flar. Bu e\u011fitmen, OSCE kurslar\u0131 ve ekip \u00e7al\u0131\u015fmas\u0131 ile ileti\u015fim becerilerini geli\u015ftirmek i\u00e7in m\u00fckemmel bir ara\u00e7t\u0131r.<\/p>\n","protected":false},"excerpt":{"rendered":"<p dir=\"ltr\" data-pm-slice=\"1 1 [&quot;orderedList&quot;,{&quot;tight&quot;:false,&quot;dir&quot;:&quot;ltr&quot;,&quot;start&quot;:3,&quot;type&quot;:null},&quot;listItem&quot;,{}]\">Colles&#8217; K\u0131r\u0131\u011f\u0131 Red\u00fcksiyon E\u011fitmeni, bilek k\u0131r\u0131\u011f\u0131 red\u00fcksiyonu i\u00e7in ger\u00e7ek\u00e7i bir e\u011fitim arac\u0131d\u0131r. Ayarlanabilir gerilim mekanizmas\u0131 ve \u00e7e\u015fitli al\u00e7\u0131 teknikleriyle uyumlulu\u011fuyla, acil t\u0131p ve ortopedi e\u011fitimleri i\u00e7in idealdir. G\u00f6rsel tan\u0131, red\u00fcksiyon ve al\u00e7\u0131 uygulama becerilerini geli\u015ftirir.<\/p>\n","protected":false},"featured_media":180,"comment_status":"open","ping_status":"closed","template":"","meta":[],"product_brand":[129],"product_cat":[15,523,128],"product_tag":[38,595,593,591,594,596,597,592,34,599,41,598],"class_list":{"0":"post-179","1":"product","2":"type-product","3":"status-publish","4":"has-post-thumbnail","6":"product_brand-limbs-things","7":"product_cat-genel","8":"product_cat-acil-tip","9":"product_cat-limbs-things","10":"product_tag-acil-tip-egitimi","11":"product_tag-alci-teknikleri","12":"product_tag-bilek-kirigi","13":"product_tag-colles-kirigi","14":"product_tag-ortopedi-egitimi","15":"product_tag-osce-kurslari","16":"product_tag-radius-kirigi","17":"product_tag-reduksiyon-egitmeni","18":"product_tag-saglik-egitimi","19":"product_tag-simulator-egitimi","20":"product_tag-tibbi-simulasyon","21":"product_tag-ulna-kemigi","23":"first","24":"instock","25":"shipping-taxable","26":"product-type-simple"},"yoast_head":"<!-- This site is optimized with the Yoast SEO plugin v25.2 - https:\/\/yoast.com\/wordpress\/plugins\/seo\/ -->\n<title>Colles&#039; K\u0131r\u0131\u011f\u0131 Red\u00fcksiyon E\u011fitmeni (A\u00e7\u0131k Ten Rengi) - Merkim Maket<\/title>\n<meta name=\"description\" content=\"Colles&#039; K\u0131r\u0131\u011f\u0131 Red\u00fcksiyon E\u011fitmeni ile bilek k\u0131r\u0131\u011f\u0131 red\u00fcksiyonu ve al\u00e7\u0131 tekniklerini \u00f6\u011frenin. Ger\u00e7ek\u00e7i sim\u00fclasyon, ayarlanabilir gerilim ve \u00e7e\u015fitli hasta senaryolar\u0131 ile ortopedi ve acil t\u0131p e\u011fitimi i\u00e7in ideal bir ara\u00e7.\" \/>\n<meta name=\"robots\" content=\"index, follow, max-snippet:-1, max-image-preview:large, max-video-preview:-1\" \/>\n<link rel=\"canonical\" href=\"https:\/\/merkim.com.tr\/merkim-maket\/urun\/colles-kirigi-reduksiyon-egitmeni-acik-ten-rengi\/\" \/>\n<meta property=\"og:locale\" content=\"tr_TR\" \/>\n<meta property=\"og:type\" content=\"article\" \/>\n<meta property=\"og:title\" content=\"Colles&#039; K\u0131r\u0131\u011f\u0131 Red\u00fcksiyon E\u011fitmeni (A\u00e7\u0131k Ten Rengi) - Merkim Maket\" \/>\n<meta property=\"og:description\" content=\"Colles&#039; K\u0131r\u0131\u011f\u0131 Red\u00fcksiyon E\u011fitmeni ile bilek k\u0131r\u0131\u011f\u0131 red\u00fcksiyonu ve al\u00e7\u0131 tekniklerini \u00f6\u011frenin. Ger\u00e7ek\u00e7i sim\u00fclasyon, ayarlanabilir gerilim ve \u00e7e\u015fitli hasta senaryolar\u0131 ile ortopedi ve acil t\u0131p e\u011fitimi i\u00e7in ideal bir ara\u00e7.\" \/>\n<meta property=\"og:url\" content=\"https:\/\/merkim.com.tr\/merkim-maket\/urun\/colles-kirigi-reduksiyon-egitmeni-acik-ten-rengi\/\" \/>\n<meta property=\"og:site_name\" content=\"Merkim Maket\" \/>\n<meta property=\"article:modified_time\" content=\"2025-06-10T14:16:52+00:00\" \/>\n<meta property=\"og:image\" content=\"https:\/\/merkim.com.tr\/merkim-maket\/wp-content\/uploads\/2025\/06\/colles-kirigi-reduksiyon-egitmeni-ortopedi-limbsandthings.png\" \/>\n\t<meta property=\"og:image:width\" content=\"800\" \/>\n\t<meta property=\"og:image:height\" content=\"800\" \/>\n\t<meta property=\"og:image:type\" content=\"image\/png\" \/>\n<meta name=\"twitter:card\" content=\"summary_large_image\" \/>\n<meta name=\"twitter:label1\" content=\"Tahmini okuma s\u00fcresi\" \/>\n\t<meta name=\"twitter:data1\" content=\"2 dakika\" \/>\n<script type=\"application\/ld+json\" class=\"yoast-schema-graph\">{\"@context\":\"https:\/\/schema.org\",\"@graph\":[{\"@type\":\"WebPage\",\"@id\":\"https:\/\/merkim.com.tr\/merkim-maket\/urun\/colles-kirigi-reduksiyon-egitmeni-acik-ten-rengi\/\",\"url\":\"https:\/\/merkim.com.tr\/merkim-maket\/urun\/colles-kirigi-reduksiyon-egitmeni-acik-ten-rengi\/\",\"name\":\"Colles' K\u0131r\u0131\u011f\u0131 Red\u00fcksiyon E\u011fitmeni (A\u00e7\u0131k Ten Rengi) - Merkim Maket\",\"isPartOf\":{\"@id\":\"https:\/\/merkim.com.tr\/merkim-maket\/#website\"},\"primaryImageOfPage\":{\"@id\":\"https:\/\/merkim.com.tr\/merkim-maket\/urun\/colles-kirigi-reduksiyon-egitmeni-acik-ten-rengi\/#primaryimage\"},\"image\":{\"@id\":\"https:\/\/merkim.com.tr\/merkim-maket\/urun\/colles-kirigi-reduksiyon-egitmeni-acik-ten-rengi\/#primaryimage\"},\"thumbnailUrl\":\"https:\/\/merkim.com.tr\/merkim-maket\/wp-content\/uploads\/2025\/06\/colles-kirigi-reduksiyon-egitmeni-ortopedi-limbsandthings.png\",\"datePublished\":\"2025-06-10T14:16:51+00:00\",\"dateModified\":\"2025-06-10T14:16:52+00:00\",\"description\":\"Colles' K\u0131r\u0131\u011f\u0131 Red\u00fcksiyon E\u011fitmeni ile bilek k\u0131r\u0131\u011f\u0131 red\u00fcksiyonu ve al\u00e7\u0131 tekniklerini \u00f6\u011frenin. Ger\u00e7ek\u00e7i sim\u00fclasyon, ayarlanabilir gerilim ve \u00e7e\u015fitli hasta senaryolar\u0131 ile ortopedi ve acil t\u0131p e\u011fitimi i\u00e7in ideal bir ara\u00e7.\",\"breadcrumb\":{\"@id\":\"https:\/\/merkim.com.tr\/merkim-maket\/urun\/colles-kirigi-reduksiyon-egitmeni-acik-ten-rengi\/#breadcrumb\"},\"inLanguage\":\"tr\",\"potentialAction\":[{\"@type\":\"ReadAction\",\"target\":[\"https:\/\/merkim.com.tr\/merkim-maket\/urun\/colles-kirigi-reduksiyon-egitmeni-acik-ten-rengi\/\"]}]},{\"@type\":\"ImageObject\",\"inLanguage\":\"tr\",\"@id\":\"https:\/\/merkim.com.tr\/merkim-maket\/urun\/colles-kirigi-reduksiyon-egitmeni-acik-ten-rengi\/#primaryimage\",\"url\":\"https:\/\/merkim.com.tr\/merkim-maket\/wp-content\/uploads\/2025\/06\/colles-kirigi-reduksiyon-egitmeni-ortopedi-limbsandthings.png\",\"contentUrl\":\"https:\/\/merkim.com.tr\/merkim-maket\/wp-content\/uploads\/2025\/06\/colles-kirigi-reduksiyon-egitmeni-ortopedi-limbsandthings.png\",\"width\":800,\"height\":800,\"caption\":\"Bilek k\u0131r\u0131\u011f\u0131 red\u00fcksiyonu ve al\u00e7\u0131 teknikleri i\u00e7in ger\u00e7ek\u00e7i e\u011fitim sim\u00fclat\u00f6r\u00fc\"},{\"@type\":\"BreadcrumbList\",\"@id\":\"https:\/\/merkim.com.tr\/merkim-maket\/urun\/colles-kirigi-reduksiyon-egitmeni-acik-ten-rengi\/#breadcrumb\",\"itemListElement\":[{\"@type\":\"ListItem\",\"position\":1,\"name\":\"Anasayfa\",\"item\":\"https:\/\/merkim.com.tr\/merkim-maket\/\"},{\"@type\":\"ListItem\",\"position\":2,\"name\":\"Ma\u011faza\",\"item\":\"https:\/\/merkim.com.tr\/merkim-maket\/magaza\/\"},{\"@type\":\"ListItem\",\"position\":3,\"name\":\"Colles&#8217; K\u0131r\u0131\u011f\u0131 Red\u00fcksiyon E\u011fitmeni (A\u00e7\u0131k Ten Rengi)\"}]},{\"@type\":\"WebSite\",\"@id\":\"https:\/\/merkim.com.tr\/merkim-maket\/#website\",\"url\":\"https:\/\/merkim.com.tr\/merkim-maket\/\",\"name\":\"Merkim Maket\",\"description\":\"\",\"potentialAction\":[{\"@type\":\"SearchAction\",\"target\":{\"@type\":\"EntryPoint\",\"urlTemplate\":\"https:\/\/merkim.com.tr\/merkim-maket\/?s={search_term_string}\"},\"query-input\":{\"@type\":\"PropertyValueSpecification\",\"valueRequired\":true,\"valueName\":\"search_term_string\"}}],\"inLanguage\":\"tr\"}]}<\/script>\n<!-- \/ Yoast SEO plugin. -->","yoast_head_json":{"title":"Colles' K\u0131r\u0131\u011f\u0131 Red\u00fcksiyon E\u011fitmeni (A\u00e7\u0131k Ten Rengi) - Merkim Maket","description":"Colles' K\u0131r\u0131\u011f\u0131 Red\u00fcksiyon E\u011fitmeni ile bilek k\u0131r\u0131\u011f\u0131 red\u00fcksiyonu ve al\u00e7\u0131 tekniklerini \u00f6\u011frenin. Ger\u00e7ek\u00e7i sim\u00fclasyon, ayarlanabilir gerilim ve \u00e7e\u015fitli hasta senaryolar\u0131 ile ortopedi ve acil t\u0131p e\u011fitimi i\u00e7in ideal bir ara\u00e7.","robots":{"index":"index","follow":"follow","max-snippet":"max-snippet:-1","max-image-preview":"max-image-preview:large","max-video-preview":"max-video-preview:-1"},"canonical":"https:\/\/merkim.com.tr\/merkim-maket\/urun\/colles-kirigi-reduksiyon-egitmeni-acik-ten-rengi\/","og_locale":"tr_TR","og_type":"article","og_title":"Colles' K\u0131r\u0131\u011f\u0131 Red\u00fcksiyon E\u011fitmeni (A\u00e7\u0131k Ten Rengi) - Merkim Maket","og_description":"Colles' K\u0131r\u0131\u011f\u0131 Red\u00fcksiyon E\u011fitmeni ile bilek k\u0131r\u0131\u011f\u0131 red\u00fcksiyonu ve al\u00e7\u0131 tekniklerini \u00f6\u011frenin. Ger\u00e7ek\u00e7i sim\u00fclasyon, ayarlanabilir gerilim ve \u00e7e\u015fitli hasta senaryolar\u0131 ile ortopedi ve acil t\u0131p e\u011fitimi i\u00e7in ideal bir ara\u00e7.","og_url":"https:\/\/merkim.com.tr\/merkim-maket\/urun\/colles-kirigi-reduksiyon-egitmeni-acik-ten-rengi\/","og_site_name":"Merkim Maket","article_modified_time":"2025-06-10T14:16:52+00:00","og_image":[{"width":800,"height":800,"url":"https:\/\/merkim.com.tr\/merkim-maket\/wp-content\/uploads\/2025\/06\/colles-kirigi-reduksiyon-egitmeni-ortopedi-limbsandthings.png","type":"image\/png"}],"twitter_card":"summary_large_image","twitter_misc":{"Tahmini okuma s\u00fcresi":"2 dakika"},"schema":{"@context":"https:\/\/schema.org","@graph":[{"@type":"WebPage","@id":"https:\/\/merkim.com.tr\/merkim-maket\/urun\/colles-kirigi-reduksiyon-egitmeni-acik-ten-rengi\/","url":"https:\/\/merkim.com.tr\/merkim-maket\/urun\/colles-kirigi-reduksiyon-egitmeni-acik-ten-rengi\/","name":"Colles' K\u0131r\u0131\u011f\u0131 Red\u00fcksiyon E\u011fitmeni (A\u00e7\u0131k Ten Rengi) - Merkim Maket","isPartOf":{"@id":"https:\/\/merkim.com.tr\/merkim-maket\/#website"},"primaryImageOfPage":{"@id":"https:\/\/merkim.com.tr\/merkim-maket\/urun\/colles-kirigi-reduksiyon-egitmeni-acik-ten-rengi\/#primaryimage"},"image":{"@id":"https:\/\/merkim.com.tr\/merkim-maket\/urun\/colles-kirigi-reduksiyon-egitmeni-acik-ten-rengi\/#primaryimage"},"thumbnailUrl":"https:\/\/merkim.com.tr\/merkim-maket\/wp-content\/uploads\/2025\/06\/colles-kirigi-reduksiyon-egitmeni-ortopedi-limbsandthings.png","datePublished":"2025-06-10T14:16:51+00:00","dateModified":"2025-06-10T14:16:52+00:00","description":"Colles' K\u0131r\u0131\u011f\u0131 Red\u00fcksiyon E\u011fitmeni ile bilek k\u0131r\u0131\u011f\u0131 red\u00fcksiyonu ve al\u00e7\u0131 tekniklerini \u00f6\u011frenin. Ger\u00e7ek\u00e7i sim\u00fclasyon, ayarlanabilir gerilim ve \u00e7e\u015fitli hasta senaryolar\u0131 ile ortopedi ve acil t\u0131p e\u011fitimi i\u00e7in ideal bir ara\u00e7.","breadcrumb":{"@id":"https:\/\/merkim.com.tr\/merkim-maket\/urun\/colles-kirigi-reduksiyon-egitmeni-acik-ten-rengi\/#breadcrumb"},"inLanguage":"tr","potentialAction":[{"@type":"ReadAction","target":["https:\/\/merkim.com.tr\/merkim-maket\/urun\/colles-kirigi-reduksiyon-egitmeni-acik-ten-rengi\/"]}]},{"@type":"ImageObject","inLanguage":"tr","@id":"https:\/\/merkim.com.tr\/merkim-maket\/urun\/colles-kirigi-reduksiyon-egitmeni-acik-ten-rengi\/#primaryimage","url":"https:\/\/merkim.com.tr\/merkim-maket\/wp-content\/uploads\/2025\/06\/colles-kirigi-reduksiyon-egitmeni-ortopedi-limbsandthings.png","contentUrl":"https:\/\/merkim.com.tr\/merkim-maket\/wp-content\/uploads\/2025\/06\/colles-kirigi-reduksiyon-egitmeni-ortopedi-limbsandthings.png","width":800,"height":800,"caption":"Bilek k\u0131r\u0131\u011f\u0131 red\u00fcksiyonu ve al\u00e7\u0131 teknikleri i\u00e7in ger\u00e7ek\u00e7i e\u011fitim sim\u00fclat\u00f6r\u00fc"},{"@type":"BreadcrumbList","@id":"https:\/\/merkim.com.tr\/merkim-maket\/urun\/colles-kirigi-reduksiyon-egitmeni-acik-ten-rengi\/#breadcrumb","itemListElement":[{"@type":"ListItem","position":1,"name":"Anasayfa","item":"https:\/\/merkim.com.tr\/merkim-maket\/"},{"@type":"ListItem","position":2,"name":"Ma\u011faza","item":"https:\/\/merkim.com.tr\/merkim-maket\/magaza\/"},{"@type":"ListItem","position":3,"name":"Colles&#8217; K\u0131r\u0131\u011f\u0131 Red\u00fcksiyon E\u011fitmeni (A\u00e7\u0131k Ten Rengi)"}]},{"@type":"WebSite","@id":"https:\/\/merkim.com.tr\/merkim-maket\/#website","url":"https:\/\/merkim.com.tr\/merkim-maket\/","name":"Merkim Maket","description":"","potentialAction":[{"@type":"SearchAction","target":{"@type":"EntryPoint","urlTemplate":"https:\/\/merkim.com.tr\/merkim-maket\/?s={search_term_string}"},"query-input":{"@type":"PropertyValueSpecification","valueRequired":true,"valueName":"search_term_string"}}],"inLanguage":"tr"}]}},"_links":{"self":[{"href":"https:\/\/merkim.com.tr\/merkim-maket\/wp-json\/wp\/v2\/product\/179","targetHints":{"allow":["GET"]}}],"collection":[{"href":"https:\/\/merkim.com.tr\/merkim-maket\/wp-json\/wp\/v2\/product"}],"about":[{"href":"https:\/\/merkim.com.tr\/merkim-maket\/wp-json\/wp\/v2\/types\/product"}],"replies":[{"embeddable":true,"href":"https:\/\/merkim.com.tr\/merkim-maket\/wp-json\/wp\/v2\/comments?post=179"}],"wp:featuredmedia":[{"embeddable":true,"href":"https:\/\/merkim.com.tr\/merkim-maket\/wp-json\/wp\/v2\/media\/180"}],"wp:attachment":[{"href":"https:\/\/merkim.com.tr\/merkim-maket\/wp-json\/wp\/v2\/media?parent=179"}],"wp:term":[{"taxonomy":"product_brand","embeddable":true,"href":"https:\/\/merkim.com.tr\/merkim-maket\/wp-json\/wp\/v2\/product_brand?post=179"},{"taxonomy":"product_cat","embeddable":true,"href":"https:\/\/merkim.com.tr\/merkim-maket\/wp-json\/wp\/v2\/product_cat?post=179"},{"taxonomy":"product_tag","embeddable":true,"href":"https:\/\/merkim.com.tr\/merkim-maket\/wp-json\/wp\/v2\/product_tag?post=179"}],"curies":[{"name":"wp","href":"https:\/\/api.w.org\/{rel}","templated":true}]}}