{"id":177,"date":"2025-06-10T13:42:22","date_gmt":"2025-06-10T13:42:22","guid":{"rendered":"https:\/\/merkim.com.tr\/merkim-maket\/?post_type=product&#038;p=177"},"modified":"2025-06-10T13:42:23","modified_gmt":"2025-06-10T13:42:23","slug":"kompresyon-dikis-uterus-modulu-prompt-flex","status":"publish","type":"product","link":"https:\/\/merkim.com.tr\/merkim-maket\/urun\/kompresyon-dikis-uterus-modulu-prompt-flex\/","title":{"rendered":"Kompresyon Diki\u015f Uterus Mod\u00fcl\u00fc &#8211; PROMPT Flex"},"content":{"rendered":"<p>Kompresyon Diki\u015f Uterus Mod\u00fcl\u00fc &#8211; PROMPT Flex, t\u0131p uzmanlar\u0131 i\u00e7in kritik obstetrik prosed\u00fcrleri \u00f6\u011frenmek ve m\u00fckemmelle\u015ftirmek amac\u0131yla tasarlanm\u0131\u015f son teknoloji bir e\u011fitim arac\u0131d\u0131r. PROMPT Flex Do\u011fum Sim\u00fclat\u00f6r\u00fc i\u00e7in \u00f6zel olarak geli\u015ftirilen bu mod\u00fcl, B-Lynch, Hayman ve Pereira teknikleri dahil t\u00fcm yayg\u0131n rahim kompresyon diki\u015f t\u00fcrlerini ve rahim arterinin ba\u011flanmas\u0131n\u0131 uygulamak i\u00e7in benzersiz bir platform sunar. Anatomik olarak do\u011fru rahim arterleri, damarlar\u0131 ve geni\u015f ba\u011f ile donat\u0131lm\u0131\u015f postpartum bir rahmi taklit ederek son derece ger\u00e7ek\u00e7i bir e\u011fitim deneyimi sa\u011flar.<\/p>\n<p dir=\"auto\">Bu mod\u00fcl, \u00d6nceden Kesilmi\u015f Sezaryen Derisi ile birlikte kullan\u0131lmak \u00fczere tasarlanm\u0131\u015ft\u0131r ve vajinal kanamay\u0131 sim\u00fcle etmek i\u00e7in sahte kan ile birle\u015ftirilebilir, b\u00f6ylece acil durum senaryolar\u0131n\u0131n ger\u00e7ek\u00e7ili\u011fi artar. \u0130ki adetlik paket halinde sunulan her bir uterus, 20 defaya kadar yeniden kullan\u0131labilir, bu da tekrarlayan e\u011fitim seanslar\u0131 i\u00e7in uygun maliyetli bir \u00e7\u00f6z\u00fcm sunar. PROMPT Flex Standart ve Geli\u015fmi\u015f Do\u011fum Sim\u00fclat\u00f6rleriyle uyumlu olan mod\u00fcl, rutin do\u011fumlardan karma\u015f\u0131k acil m\u00fcdahalelere kadar geni\u015f bir yelpazede sim\u00fcle edilmi\u015f do\u011fum senaryolar\u0131n\u0131 destekler.<\/p>\n<p dir=\"auto\">Hibrit sim\u00fclasyon veya ba\u011f\u0131ms\u0131z masa\u00fcst\u00fc e\u011fitim i\u00e7in kullan\u0131ls\u0131n, Kompresyon Diki\u015f Uterus Mod\u00fcl\u00fc, sa\u011fl\u0131k profesyonellerinin kontroll\u00fc ve risksiz bir ortamda temel becerileri geli\u015ftirmesine ve m\u00fckemmelle\u015ftirmesine olanak tan\u0131r. Bu mod\u00fcl, obstetrik e\u011fitim programlar\u0131 i\u00e7in vazge\u00e7ilmez bir varl\u0131kt\u0131r ve uygulay\u0131c\u0131lar\u0131n postpartum kanama y\u00f6netimi i\u00e7in ger\u00e7ek d\u00fcnyaya haz\u0131rlanmas\u0131n\u0131 sa\u011flar.<\/p>\n","protected":false},"excerpt":{"rendered":"<p dir=\"auto\">PROMPT Flex i\u00e7in Kompresyon Diki\u015f Uterus Mod\u00fcl\u00fc, B-Lynch, Hayman ve Pereira diki\u015fleri ile rahim arteri ba\u011flama uygulamalar\u0131 i\u00e7in olduk\u00e7a ger\u00e7ek\u00e7i bir e\u011fitim arac\u0131d\u0131r. \u0130ki adetlik paket halinde sunulan her uterus, 20 defaya kadar tekrar kullan\u0131labilir ve PROMPT Flex Do\u011fum Sim\u00fclat\u00f6r\u00fc ile obstetrik e\u011fitim i\u00e7in idealdir.<\/p>\n","protected":false},"featured_media":178,"comment_status":"open","ping_status":"closed","template":"","meta":[],"product_brand":[129],"product_cat":[15,523,130,128],"product_tag":[587,336,588,585,337,589,343,338,590,34,41,586],"class_list":{"0":"post-177","1":"product","2":"type-product","3":"status-publish","4":"has-post-thumbnail","6":"product_brand-limbs-things","7":"product_cat-genel","8":"product_cat-acil-tip","9":"product_cat-nursing","10":"product_cat-limbs-things","11":"product_tag-b-lynch-dikis","12":"product_tag-dogum-simulatoru","13":"product_tag-hayman-dikis","14":"product_tag-kompresyon-dikis","15":"product_tag-obstetrik-egitim","16":"product_tag-pereira-dikis","17":"product_tag-postpartum-kanama","18":"product_tag-prompt-flex","19":"product_tag-rahim-arteri-baglama","20":"product_tag-saglik-egitimi","21":"product_tag-tibbi-simulasyon","22":"product_tag-uterus-modulu","24":"first","25":"instock","26":"shipping-taxable","27":"product-type-simple"},"yoast_head":"<!-- This site is optimized with the Yoast SEO plugin v25.2 - https:\/\/yoast.com\/wordpress\/plugins\/seo\/ -->\n<title>Kompresyon Diki\u015f Uterus Mod\u00fcl\u00fc - PROMPT Flex - Merkim Maket<\/title>\n<meta name=\"description\" content=\"Kompresyon Diki\u015f Uterus Mod\u00fcl\u00fc ile obstetrik becerilerinizi m\u00fckemmelle\u015ftirin. B-Lynch, Hayman, Pereira diki\u015fleri ve rahim arteri ba\u011flama uygulamalar\u0131 i\u00e7in ger\u00e7ek\u00e7i ve tekrar kullan\u0131labilir bu e\u011fitim arac\u0131, PROMPT Flex Do\u011fum Sim\u00fclat\u00f6r\u00fc i\u00e7in idealdir.\" \/>\n<meta name=\"robots\" content=\"index, follow, max-snippet:-1, max-image-preview:large, max-video-preview:-1\" \/>\n<link rel=\"canonical\" href=\"https:\/\/merkim.com.tr\/merkim-maket\/urun\/kompresyon-dikis-uterus-modulu-prompt-flex\/\" \/>\n<meta property=\"og:locale\" content=\"tr_TR\" \/>\n<meta property=\"og:type\" content=\"article\" \/>\n<meta property=\"og:title\" content=\"Kompresyon Diki\u015f Uterus Mod\u00fcl\u00fc - PROMPT Flex - Merkim Maket\" \/>\n<meta property=\"og:description\" content=\"Kompresyon Diki\u015f Uterus Mod\u00fcl\u00fc ile obstetrik becerilerinizi m\u00fckemmelle\u015ftirin. B-Lynch, Hayman, Pereira diki\u015fleri ve rahim arteri ba\u011flama uygulamalar\u0131 i\u00e7in ger\u00e7ek\u00e7i ve tekrar kullan\u0131labilir bu e\u011fitim arac\u0131, PROMPT Flex Do\u011fum Sim\u00fclat\u00f6r\u00fc i\u00e7in idealdir.\" \/>\n<meta property=\"og:url\" content=\"https:\/\/merkim.com.tr\/merkim-maket\/urun\/kompresyon-dikis-uterus-modulu-prompt-flex\/\" \/>\n<meta property=\"og:site_name\" content=\"Merkim Maket\" \/>\n<meta property=\"article:modified_time\" content=\"2025-06-10T13:42:23+00:00\" \/>\n<meta property=\"og:image\" content=\"https:\/\/merkim.com.tr\/merkim-maket\/wp-content\/uploads\/2025\/06\/kompresyon-dikis-uterus-modulu-prompt-flex.png\" \/>\n\t<meta property=\"og:image:width\" content=\"800\" \/>\n\t<meta property=\"og:image:height\" content=\"800\" \/>\n\t<meta property=\"og:image:type\" content=\"image\/png\" \/>\n<meta name=\"twitter:card\" content=\"summary_large_image\" \/>\n<meta name=\"twitter:label1\" content=\"Tahmini okuma s\u00fcresi\" \/>\n\t<meta name=\"twitter:data1\" content=\"2 dakika\" \/>\n<script type=\"application\/ld+json\" class=\"yoast-schema-graph\">{\"@context\":\"https:\/\/schema.org\",\"@graph\":[{\"@type\":\"WebPage\",\"@id\":\"https:\/\/merkim.com.tr\/merkim-maket\/urun\/kompresyon-dikis-uterus-modulu-prompt-flex\/\",\"url\":\"https:\/\/merkim.com.tr\/merkim-maket\/urun\/kompresyon-dikis-uterus-modulu-prompt-flex\/\",\"name\":\"Kompresyon Diki\u015f Uterus Mod\u00fcl\u00fc - PROMPT Flex - Merkim Maket\",\"isPartOf\":{\"@id\":\"https:\/\/merkim.com.tr\/merkim-maket\/#website\"},\"primaryImageOfPage\":{\"@id\":\"https:\/\/merkim.com.tr\/merkim-maket\/urun\/kompresyon-dikis-uterus-modulu-prompt-flex\/#primaryimage\"},\"image\":{\"@id\":\"https:\/\/merkim.com.tr\/merkim-maket\/urun\/kompresyon-dikis-uterus-modulu-prompt-flex\/#primaryimage\"},\"thumbnailUrl\":\"https:\/\/merkim.com.tr\/merkim-maket\/wp-content\/uploads\/2025\/06\/kompresyon-dikis-uterus-modulu-prompt-flex.png\",\"datePublished\":\"2025-06-10T13:42:22+00:00\",\"dateModified\":\"2025-06-10T13:42:23+00:00\",\"description\":\"Kompresyon Diki\u015f Uterus Mod\u00fcl\u00fc ile obstetrik becerilerinizi m\u00fckemmelle\u015ftirin. B-Lynch, Hayman, Pereira diki\u015fleri ve rahim arteri ba\u011flama uygulamalar\u0131 i\u00e7in ger\u00e7ek\u00e7i ve tekrar kullan\u0131labilir bu e\u011fitim arac\u0131, PROMPT Flex Do\u011fum Sim\u00fclat\u00f6r\u00fc i\u00e7in idealdir.\",\"breadcrumb\":{\"@id\":\"https:\/\/merkim.com.tr\/merkim-maket\/urun\/kompresyon-dikis-uterus-modulu-prompt-flex\/#breadcrumb\"},\"inLanguage\":\"tr\",\"potentialAction\":[{\"@type\":\"ReadAction\",\"target\":[\"https:\/\/merkim.com.tr\/merkim-maket\/urun\/kompresyon-dikis-uterus-modulu-prompt-flex\/\"]}]},{\"@type\":\"ImageObject\",\"inLanguage\":\"tr\",\"@id\":\"https:\/\/merkim.com.tr\/merkim-maket\/urun\/kompresyon-dikis-uterus-modulu-prompt-flex\/#primaryimage\",\"url\":\"https:\/\/merkim.com.tr\/merkim-maket\/wp-content\/uploads\/2025\/06\/kompresyon-dikis-uterus-modulu-prompt-flex.png\",\"contentUrl\":\"https:\/\/merkim.com.tr\/merkim-maket\/wp-content\/uploads\/2025\/06\/kompresyon-dikis-uterus-modulu-prompt-flex.png\",\"width\":800,\"height\":800,\"caption\":\"Rahim kompresyon diki\u015fleri ve arter ba\u011flama uygulamalar\u0131 i\u00e7in ger\u00e7ek\u00e7i e\u011fitim mod\u00fcl\u00fc\"},{\"@type\":\"BreadcrumbList\",\"@id\":\"https:\/\/merkim.com.tr\/merkim-maket\/urun\/kompresyon-dikis-uterus-modulu-prompt-flex\/#breadcrumb\",\"itemListElement\":[{\"@type\":\"ListItem\",\"position\":1,\"name\":\"Anasayfa\",\"item\":\"https:\/\/merkim.com.tr\/merkim-maket\/\"},{\"@type\":\"ListItem\",\"position\":2,\"name\":\"Ma\u011faza\",\"item\":\"https:\/\/merkim.com.tr\/merkim-maket\/magaza\/\"},{\"@type\":\"ListItem\",\"position\":3,\"name\":\"Kompresyon Diki\u015f Uterus Mod\u00fcl\u00fc &#8211; PROMPT Flex\"}]},{\"@type\":\"WebSite\",\"@id\":\"https:\/\/merkim.com.tr\/merkim-maket\/#website\",\"url\":\"https:\/\/merkim.com.tr\/merkim-maket\/\",\"name\":\"Merkim Maket\",\"description\":\"\",\"potentialAction\":[{\"@type\":\"SearchAction\",\"target\":{\"@type\":\"EntryPoint\",\"urlTemplate\":\"https:\/\/merkim.com.tr\/merkim-maket\/?s={search_term_string}\"},\"query-input\":{\"@type\":\"PropertyValueSpecification\",\"valueRequired\":true,\"valueName\":\"search_term_string\"}}],\"inLanguage\":\"tr\"}]}<\/script>\n<!-- \/ Yoast SEO plugin. -->","yoast_head_json":{"title":"Kompresyon Diki\u015f Uterus Mod\u00fcl\u00fc - PROMPT Flex - Merkim Maket","description":"Kompresyon Diki\u015f Uterus Mod\u00fcl\u00fc ile obstetrik becerilerinizi m\u00fckemmelle\u015ftirin. B-Lynch, Hayman, Pereira diki\u015fleri ve rahim arteri ba\u011flama uygulamalar\u0131 i\u00e7in ger\u00e7ek\u00e7i ve tekrar kullan\u0131labilir bu e\u011fitim arac\u0131, PROMPT Flex Do\u011fum Sim\u00fclat\u00f6r\u00fc i\u00e7in idealdir.","robots":{"index":"index","follow":"follow","max-snippet":"max-snippet:-1","max-image-preview":"max-image-preview:large","max-video-preview":"max-video-preview:-1"},"canonical":"https:\/\/merkim.com.tr\/merkim-maket\/urun\/kompresyon-dikis-uterus-modulu-prompt-flex\/","og_locale":"tr_TR","og_type":"article","og_title":"Kompresyon Diki\u015f Uterus Mod\u00fcl\u00fc - PROMPT Flex - Merkim Maket","og_description":"Kompresyon Diki\u015f Uterus Mod\u00fcl\u00fc ile obstetrik becerilerinizi m\u00fckemmelle\u015ftirin. B-Lynch, Hayman, Pereira diki\u015fleri ve rahim arteri ba\u011flama uygulamalar\u0131 i\u00e7in ger\u00e7ek\u00e7i ve tekrar kullan\u0131labilir bu e\u011fitim arac\u0131, PROMPT Flex Do\u011fum Sim\u00fclat\u00f6r\u00fc i\u00e7in idealdir.","og_url":"https:\/\/merkim.com.tr\/merkim-maket\/urun\/kompresyon-dikis-uterus-modulu-prompt-flex\/","og_site_name":"Merkim Maket","article_modified_time":"2025-06-10T13:42:23+00:00","og_image":[{"width":800,"height":800,"url":"https:\/\/merkim.com.tr\/merkim-maket\/wp-content\/uploads\/2025\/06\/kompresyon-dikis-uterus-modulu-prompt-flex.png","type":"image\/png"}],"twitter_card":"summary_large_image","twitter_misc":{"Tahmini okuma s\u00fcresi":"2 dakika"},"schema":{"@context":"https:\/\/schema.org","@graph":[{"@type":"WebPage","@id":"https:\/\/merkim.com.tr\/merkim-maket\/urun\/kompresyon-dikis-uterus-modulu-prompt-flex\/","url":"https:\/\/merkim.com.tr\/merkim-maket\/urun\/kompresyon-dikis-uterus-modulu-prompt-flex\/","name":"Kompresyon Diki\u015f Uterus Mod\u00fcl\u00fc - PROMPT Flex - Merkim Maket","isPartOf":{"@id":"https:\/\/merkim.com.tr\/merkim-maket\/#website"},"primaryImageOfPage":{"@id":"https:\/\/merkim.com.tr\/merkim-maket\/urun\/kompresyon-dikis-uterus-modulu-prompt-flex\/#primaryimage"},"image":{"@id":"https:\/\/merkim.com.tr\/merkim-maket\/urun\/kompresyon-dikis-uterus-modulu-prompt-flex\/#primaryimage"},"thumbnailUrl":"https:\/\/merkim.com.tr\/merkim-maket\/wp-content\/uploads\/2025\/06\/kompresyon-dikis-uterus-modulu-prompt-flex.png","datePublished":"2025-06-10T13:42:22+00:00","dateModified":"2025-06-10T13:42:23+00:00","description":"Kompresyon Diki\u015f Uterus Mod\u00fcl\u00fc ile obstetrik becerilerinizi m\u00fckemmelle\u015ftirin. B-Lynch, Hayman, Pereira diki\u015fleri ve rahim arteri ba\u011flama uygulamalar\u0131 i\u00e7in ger\u00e7ek\u00e7i ve tekrar kullan\u0131labilir bu e\u011fitim arac\u0131, PROMPT Flex Do\u011fum Sim\u00fclat\u00f6r\u00fc i\u00e7in idealdir.","breadcrumb":{"@id":"https:\/\/merkim.com.tr\/merkim-maket\/urun\/kompresyon-dikis-uterus-modulu-prompt-flex\/#breadcrumb"},"inLanguage":"tr","potentialAction":[{"@type":"ReadAction","target":["https:\/\/merkim.com.tr\/merkim-maket\/urun\/kompresyon-dikis-uterus-modulu-prompt-flex\/"]}]},{"@type":"ImageObject","inLanguage":"tr","@id":"https:\/\/merkim.com.tr\/merkim-maket\/urun\/kompresyon-dikis-uterus-modulu-prompt-flex\/#primaryimage","url":"https:\/\/merkim.com.tr\/merkim-maket\/wp-content\/uploads\/2025\/06\/kompresyon-dikis-uterus-modulu-prompt-flex.png","contentUrl":"https:\/\/merkim.com.tr\/merkim-maket\/wp-content\/uploads\/2025\/06\/kompresyon-dikis-uterus-modulu-prompt-flex.png","width":800,"height":800,"caption":"Rahim kompresyon diki\u015fleri ve arter ba\u011flama uygulamalar\u0131 i\u00e7in ger\u00e7ek\u00e7i e\u011fitim mod\u00fcl\u00fc"},{"@type":"BreadcrumbList","@id":"https:\/\/merkim.com.tr\/merkim-maket\/urun\/kompresyon-dikis-uterus-modulu-prompt-flex\/#breadcrumb","itemListElement":[{"@type":"ListItem","position":1,"name":"Anasayfa","item":"https:\/\/merkim.com.tr\/merkim-maket\/"},{"@type":"ListItem","position":2,"name":"Ma\u011faza","item":"https:\/\/merkim.com.tr\/merkim-maket\/magaza\/"},{"@type":"ListItem","position":3,"name":"Kompresyon Diki\u015f Uterus Mod\u00fcl\u00fc &#8211; PROMPT Flex"}]},{"@type":"WebSite","@id":"https:\/\/merkim.com.tr\/merkim-maket\/#website","url":"https:\/\/merkim.com.tr\/merkim-maket\/","name":"Merkim Maket","description":"","potentialAction":[{"@type":"SearchAction","target":{"@type":"EntryPoint","urlTemplate":"https:\/\/merkim.com.tr\/merkim-maket\/?s={search_term_string}"},"query-input":{"@type":"PropertyValueSpecification","valueRequired":true,"valueName":"search_term_string"}}],"inLanguage":"tr"}]}},"_links":{"self":[{"href":"https:\/\/merkim.com.tr\/merkim-maket\/wp-json\/wp\/v2\/product\/177","targetHints":{"allow":["GET"]}}],"collection":[{"href":"https:\/\/merkim.com.tr\/merkim-maket\/wp-json\/wp\/v2\/product"}],"about":[{"href":"https:\/\/merkim.com.tr\/merkim-maket\/wp-json\/wp\/v2\/types\/product"}],"replies":[{"embeddable":true,"href":"https:\/\/merkim.com.tr\/merkim-maket\/wp-json\/wp\/v2\/comments?post=177"}],"wp:featuredmedia":[{"embeddable":true,"href":"https:\/\/merkim.com.tr\/merkim-maket\/wp-json\/wp\/v2\/media\/178"}],"wp:attachment":[{"href":"https:\/\/merkim.com.tr\/merkim-maket\/wp-json\/wp\/v2\/media?parent=177"}],"wp:term":[{"taxonomy":"product_brand","embeddable":true,"href":"https:\/\/merkim.com.tr\/merkim-maket\/wp-json\/wp\/v2\/product_brand?post=177"},{"taxonomy":"product_cat","embeddable":true,"href":"https:\/\/merkim.com.tr\/merkim-maket\/wp-json\/wp\/v2\/product_cat?post=177"},{"taxonomy":"product_tag","embeddable":true,"href":"https:\/\/merkim.com.tr\/merkim-maket\/wp-json\/wp\/v2\/product_tag?post=177"}],"curies":[{"name":"wp","href":"https:\/\/api.w.org\/{rel}","templated":true}]}}