{"id":175,"date":"2025-06-10T13:29:22","date_gmt":"2025-06-10T13:29:22","guid":{"rendered":"https:\/\/merkim.com.tr\/merkim-maket\/?post_type=product&#038;p=175"},"modified":"2025-06-10T13:29:22","modified_gmt":"2025-06-10T13:29:22","slug":"cervical-cerclage-module-ccm-prompt-flex-light-skin-tone-servikal-serklaj-egitim-simulatoru","status":"publish","type":"product","link":"https:\/\/merkim.com.tr\/merkim-maket\/urun\/cervical-cerclage-module-ccm-prompt-flex-light-skin-tone-servikal-serklaj-egitim-simulatoru\/","title":{"rendered":"Cervical Cerclage Module (CCM) &#8211; PROMPT Flex (Light Skin Tone) &#8211; Servikal Serklaj E\u011fitim Sim\u00fclat\u00f6r\u00fc"},"content":{"rendered":"<h3><strong>Profesyonel Servikal Serklaj E\u011fitim Mod\u00fcl\u00fc<\/strong><\/h3>\n<p class=\"ds-markdown-paragraph\"><strong>Cervical Cerclage Module (CCM) &#8211; PROMPT Flex<\/strong>, preterm do\u011fumun \u00f6nlenmesi i\u00e7in kullan\u0131lan\u00a0<strong>elektif ve acil servikal serklaj<\/strong>\u00a0prosed\u00fcrlerinin \u00f6\u011fretilmesi ve uygulanmas\u0131 amac\u0131yla geli\u015ftirilmi\u015f\u00a0<strong>ileri d\u00fczey bir obstetrik e\u011fitim sim\u00fclat\u00f6r\u00fcd\u00fcr<\/strong>. Bu mod\u00fcl, PROMPT Flex Standard ve Advanced Do\u011fum Sim\u00fclat\u00f6rleri ile uyumlu olarak \u00e7al\u0131\u015fmaktad\u0131r.<\/p>\n<hr \/>\n<h3><strong>Temel \u00d6zellikler ve Avantajlar<\/strong><\/h3>\n<p class=\"ds-markdown-paragraph\">\u2714\u00a0<strong>Ger\u00e7ek\u00e7i Anatomik Yap\u0131lar:<\/strong><\/p>\n<ul>\n<li>\n<p class=\"ds-markdown-paragraph\">\u00c7\u0131kar\u0131labilir serviks (tekrar tekrar kullan\u0131m imkan\u0131)<\/p>\n<\/li>\n<li>\n<p class=\"ds-markdown-paragraph\">S\u0131v\u0131 dolu amniyotik kesesi (acil serklaj prosed\u00fcrleri i\u00e7in)<\/p>\n<\/li>\n<li>\n<p class=\"ds-markdown-paragraph\">Yumu\u015fak labia ve ger\u00e7ek\u00e7i vajinal tonoz<\/p>\n<\/li>\n<\/ul>\n<p class=\"ds-markdown-paragraph\">\u2714\u00a0<strong>Kapsaml\u0131 E\u011fitim Senaryolar\u0131:<\/strong><\/p>\n<ul>\n<li>\n<p class=\"ds-markdown-paragraph\">Elektif serklaj (McDonald tekni\u011fi)<\/p>\n<\/li>\n<li>\n<p class=\"ds-markdown-paragraph\">Acil (kurtarma) serklaj<\/p>\n<\/li>\n<li>\n<p class=\"ds-markdown-paragraph\">Servikal yetmezlik y\u00f6netimi<\/p>\n<\/li>\n<\/ul>\n<p class=\"ds-markdown-paragraph\">\u2714\u00a0<strong>Uzman \u0130\u015f Birli\u011fi ile Geli\u015ftirildi:<\/strong><\/p>\n<ul>\n<li>\n<p class=\"ds-markdown-paragraph\">Dr. Graham Tydeman (Dan\u0131\u015fman Obstetrisyen, NHS Fife)<\/p>\n<\/li>\n<li>\n<p class=\"ds-markdown-paragraph\">Prof. Andrew Shennan OBE (Kad\u0131n Sa\u011fl\u0131\u011f\u0131 Ara\u015ft\u0131rmalar\u0131 Direkt\u00f6r\u00fc)<\/p>\n<\/li>\n<li>\n<p class=\"ds-markdown-paragraph\">Prof. Annette Briley<\/p>\n<\/li>\n<\/ul>\n<hr \/>\n<h3><strong>E\u011fitimsel Faydalar<\/strong><\/h3>\n<ul>\n<li>\n<p class=\"ds-markdown-paragraph\"><strong>Elektif Serklaj:<\/strong><\/p>\n<ul>\n<li>\n<p class=\"ds-markdown-paragraph\">Servikal yetmezlik tan\u0131s\u0131<\/p>\n<\/li>\n<li>\n<p class=\"ds-markdown-paragraph\">Proflaktik m\u00fcdahale teknikleri<\/p>\n<\/li>\n<\/ul>\n<\/li>\n<li>\n<p class=\"ds-markdown-paragraph\"><strong>Acil Serklaj:<\/strong><\/p>\n<ul>\n<li>\n<p class=\"ds-markdown-paragraph\">Preterm eylemde bulunan membranlar\u0131n y\u00f6netimi<\/p>\n<\/li>\n<li>\n<p class=\"ds-markdown-paragraph\">Zorlu anatomik ko\u015fullarda cerrahi beceri geli\u015ftirme<\/p>\n<\/li>\n<\/ul>\n<\/li>\n<li>\n<p class=\"ds-markdown-paragraph\"><strong>Cerrahi Beceriler:<\/strong><\/p>\n<ul>\n<li>\n<p class=\"ds-markdown-paragraph\">S\u00fct\u00fcr atma teknikleri<\/p>\n<\/li>\n<li>\n<p class=\"ds-markdown-paragraph\">Dar anatomik alanda \u00e7al\u0131\u015fma deneyimi<\/p>\n<\/li>\n<\/ul>\n<\/li>\n<\/ul>\n<hr \/>\n<h3><strong>Teknik \u00d6zellikler<\/strong><\/h3>\n<p class=\"ds-markdown-paragraph\"><strong>Anatomik Bile\u015fenler:<\/strong><\/p>\n<ul>\n<li>\n<p class=\"ds-markdown-paragraph\">\u00c7\u0131kar\u0131labilir serviks (OS)<\/p>\n<\/li>\n<li>\n<p class=\"ds-markdown-paragraph\">Balonla\u015fan membran sim\u00fclasyonu<\/p>\n<\/li>\n<li>\n<p class=\"ds-markdown-paragraph\">Ger\u00e7ek\u00e7i vajinal tonoz<\/p>\n<\/li>\n<\/ul>\n<p class=\"ds-markdown-paragraph\"><strong>Prosed\u00fcr \u00d6zellikleri:<\/strong><\/p>\n<ul>\n<li>\n<p class=\"ds-markdown-paragraph\">McDonald serklaj tekni\u011fi uygulanabilirli\u011fi<\/p>\n<\/li>\n<li>\n<p class=\"ds-markdown-paragraph\">S\u00fct\u00fcrleme i\u00e7in anl\u0131k geri bildirim<\/p>\n<\/li>\n<\/ul>\n<hr \/>\n<h3><strong>Kullan\u0131m Talimatlar\u0131<\/strong><\/h3>\n<ul>\n<li>\n<p class=\"ds-markdown-paragraph\"><strong>Temizlik:<\/strong>\u00a0Sabunlu su ile y\u00fczey temizli\u011fi<\/p>\n<\/li>\n<li>\n<p class=\"ds-markdown-paragraph\"><strong>Saklama:<\/strong>\u00a0Bile\u015fenleri ayr\u0131 ayr\u0131 muhafaza ediniz<\/p>\n<\/li>\n<li>\n<p class=\"ds-markdown-paragraph\"><strong>Uyar\u0131:<\/strong>\u00a0Amniyotik keseler lateks i\u00e7erir<\/p>\n<\/li>\n<\/ul>\n","protected":false},"excerpt":{"rendered":"<p><strong>PROMPT Flex CCM Mod\u00fcl\u00fc<\/strong>, servikal yetmezlik ve preterm do\u011fum \u00f6nleme prosed\u00fcrlerinin \u00f6\u011fretilmesi i\u00e7in tasarlanm\u0131\u015f premium bir e\u011fitim sistemidir. \u00c7\u0131kar\u0131labilir serviks ve ger\u00e7ek\u00e7i anatomisi ile obstetrik cerrahi becerilerinizi geli\u015ftirin.<\/p>\n","protected":false},"featured_media":176,"comment_status":"open","ping_status":"closed","template":"","meta":[],"product_brand":[129],"product_cat":[15,523,128],"product_tag":[584,583,581,337,580,338,579,582,490],"class_list":{"0":"post-175","1":"product","2":"type-product","3":"status-publish","4":"has-post-thumbnail","6":"product_brand-limbs-things","7":"product_cat-genel","8":"product_cat-acil-tip","9":"product_cat-limbs-things","10":"product_tag-acil-serklaj","11":"product_tag-dogumhane-egitimi","12":"product_tag-mcdonald-teknigi","13":"product_tag-obstetrik-egitim","14":"product_tag-preterm-dogum-onleme","15":"product_tag-prompt-flex","16":"product_tag-servikal-serklaj-simulatoru","17":"product_tag-servikal-yetmezlik","18":"product_tag-tip-simulasyon","20":"first","21":"instock","22":"shipping-taxable","23":"product-type-simple"},"yoast_head":"<!-- This site is optimized with the Yoast SEO plugin v25.2 - https:\/\/yoast.com\/wordpress\/plugins\/seo\/ -->\n<title>Cervical Cerclage Module (CCM) - PROMPT Flex (Light Skin Tone) - Servikal Serklaj E\u011fitim Sim\u00fclat\u00f6r\u00fc - Merkim Maket<\/title>\n<meta name=\"description\" content=\"PROMPT Flex CCM Mod\u00fcl\u00fc | Servikal yetmezlik ve preterm do\u011fum \u00f6nleme prosed\u00fcrlerini \u00f6\u011frenin! Ger\u00e7ek\u00e7i servikal anatomi ve \u00e7\u0131kar\u0131labilir bile\u015fenler ile obstetrik cerrahi becerilerinizi geli\u015ftirin. T\u0131p fak\u00fclteleri ve maternal-fetal t\u0131p e\u011fitimleri i\u00e7in ideal.\" \/>\n<meta name=\"robots\" content=\"index, follow, max-snippet:-1, max-image-preview:large, max-video-preview:-1\" \/>\n<link rel=\"canonical\" href=\"https:\/\/merkim.com.tr\/merkim-maket\/urun\/cervical-cerclage-module-ccm-prompt-flex-light-skin-tone-servikal-serklaj-egitim-simulatoru\/\" \/>\n<meta property=\"og:locale\" content=\"tr_TR\" \/>\n<meta property=\"og:type\" content=\"article\" \/>\n<meta property=\"og:title\" content=\"Cervical Cerclage Module (CCM) - PROMPT Flex (Light Skin Tone) - Servikal Serklaj E\u011fitim Sim\u00fclat\u00f6r\u00fc - Merkim Maket\" \/>\n<meta property=\"og:description\" content=\"PROMPT Flex CCM Mod\u00fcl\u00fc | Servikal yetmezlik ve preterm do\u011fum \u00f6nleme prosed\u00fcrlerini \u00f6\u011frenin! Ger\u00e7ek\u00e7i servikal anatomi ve \u00e7\u0131kar\u0131labilir bile\u015fenler ile obstetrik cerrahi becerilerinizi geli\u015ftirin. T\u0131p fak\u00fclteleri ve maternal-fetal t\u0131p e\u011fitimleri i\u00e7in ideal.\" \/>\n<meta property=\"og:url\" content=\"https:\/\/merkim.com.tr\/merkim-maket\/urun\/cervical-cerclage-module-ccm-prompt-flex-light-skin-tone-servikal-serklaj-egitim-simulatoru\/\" \/>\n<meta property=\"og:site_name\" content=\"Merkim Maket\" \/>\n<meta property=\"og:image\" content=\"https:\/\/merkim.com.tr\/merkim-maket\/wp-content\/uploads\/2025\/06\/prompt-flex-cervical-cerclage-module-light-skin-obstetric-trainer.png\" \/>\n\t<meta property=\"og:image:width\" content=\"800\" \/>\n\t<meta property=\"og:image:height\" content=\"800\" \/>\n\t<meta property=\"og:image:type\" content=\"image\/png\" \/>\n<meta name=\"twitter:card\" content=\"summary_large_image\" \/>\n<meta name=\"twitter:label1\" content=\"Tahmini okuma s\u00fcresi\" \/>\n\t<meta name=\"twitter:data1\" content=\"2 dakika\" \/>\n<script type=\"application\/ld+json\" class=\"yoast-schema-graph\">{\"@context\":\"https:\/\/schema.org\",\"@graph\":[{\"@type\":\"WebPage\",\"@id\":\"https:\/\/merkim.com.tr\/merkim-maket\/urun\/cervical-cerclage-module-ccm-prompt-flex-light-skin-tone-servikal-serklaj-egitim-simulatoru\/\",\"url\":\"https:\/\/merkim.com.tr\/merkim-maket\/urun\/cervical-cerclage-module-ccm-prompt-flex-light-skin-tone-servikal-serklaj-egitim-simulatoru\/\",\"name\":\"Cervical Cerclage Module (CCM) - PROMPT Flex (Light Skin Tone) - Servikal Serklaj E\u011fitim Sim\u00fclat\u00f6r\u00fc - Merkim Maket\",\"isPartOf\":{\"@id\":\"https:\/\/merkim.com.tr\/merkim-maket\/#website\"},\"primaryImageOfPage\":{\"@id\":\"https:\/\/merkim.com.tr\/merkim-maket\/urun\/cervical-cerclage-module-ccm-prompt-flex-light-skin-tone-servikal-serklaj-egitim-simulatoru\/#primaryimage\"},\"image\":{\"@id\":\"https:\/\/merkim.com.tr\/merkim-maket\/urun\/cervical-cerclage-module-ccm-prompt-flex-light-skin-tone-servikal-serklaj-egitim-simulatoru\/#primaryimage\"},\"thumbnailUrl\":\"https:\/\/merkim.com.tr\/merkim-maket\/wp-content\/uploads\/2025\/06\/prompt-flex-cervical-cerclage-module-light-skin-obstetric-trainer.png\",\"datePublished\":\"2025-06-10T13:29:22+00:00\",\"description\":\"PROMPT Flex CCM Mod\u00fcl\u00fc | Servikal yetmezlik ve preterm do\u011fum \u00f6nleme prosed\u00fcrlerini \u00f6\u011frenin! Ger\u00e7ek\u00e7i servikal anatomi ve \u00e7\u0131kar\u0131labilir bile\u015fenler ile obstetrik cerrahi becerilerinizi geli\u015ftirin. T\u0131p fak\u00fclteleri ve maternal-fetal t\u0131p e\u011fitimleri i\u00e7in ideal.\",\"breadcrumb\":{\"@id\":\"https:\/\/merkim.com.tr\/merkim-maket\/urun\/cervical-cerclage-module-ccm-prompt-flex-light-skin-tone-servikal-serklaj-egitim-simulatoru\/#breadcrumb\"},\"inLanguage\":\"tr\",\"potentialAction\":[{\"@type\":\"ReadAction\",\"target\":[\"https:\/\/merkim.com.tr\/merkim-maket\/urun\/cervical-cerclage-module-ccm-prompt-flex-light-skin-tone-servikal-serklaj-egitim-simulatoru\/\"]}]},{\"@type\":\"ImageObject\",\"inLanguage\":\"tr\",\"@id\":\"https:\/\/merkim.com.tr\/merkim-maket\/urun\/cervical-cerclage-module-ccm-prompt-flex-light-skin-tone-servikal-serklaj-egitim-simulatoru\/#primaryimage\",\"url\":\"https:\/\/merkim.com.tr\/merkim-maket\/wp-content\/uploads\/2025\/06\/prompt-flex-cervical-cerclage-module-light-skin-obstetric-trainer.png\",\"contentUrl\":\"https:\/\/merkim.com.tr\/merkim-maket\/wp-content\/uploads\/2025\/06\/prompt-flex-cervical-cerclage-module-light-skin-obstetric-trainer.png\",\"width\":800,\"height\":800,\"caption\":\"Ger\u00e7ek\u00e7i servikal serklaj prosed\u00fcr sim\u00fclasyonu\"},{\"@type\":\"BreadcrumbList\",\"@id\":\"https:\/\/merkim.com.tr\/merkim-maket\/urun\/cervical-cerclage-module-ccm-prompt-flex-light-skin-tone-servikal-serklaj-egitim-simulatoru\/#breadcrumb\",\"itemListElement\":[{\"@type\":\"ListItem\",\"position\":1,\"name\":\"Anasayfa\",\"item\":\"https:\/\/merkim.com.tr\/merkim-maket\/\"},{\"@type\":\"ListItem\",\"position\":2,\"name\":\"Ma\u011faza\",\"item\":\"https:\/\/merkim.com.tr\/merkim-maket\/magaza\/\"},{\"@type\":\"ListItem\",\"position\":3,\"name\":\"Cervical Cerclage Module (CCM) &#8211; PROMPT Flex (Light Skin Tone) &#8211; Servikal Serklaj E\u011fitim Sim\u00fclat\u00f6r\u00fc\"}]},{\"@type\":\"WebSite\",\"@id\":\"https:\/\/merkim.com.tr\/merkim-maket\/#website\",\"url\":\"https:\/\/merkim.com.tr\/merkim-maket\/\",\"name\":\"Merkim Maket\",\"description\":\"\",\"potentialAction\":[{\"@type\":\"SearchAction\",\"target\":{\"@type\":\"EntryPoint\",\"urlTemplate\":\"https:\/\/merkim.com.tr\/merkim-maket\/?s={search_term_string}\"},\"query-input\":{\"@type\":\"PropertyValueSpecification\",\"valueRequired\":true,\"valueName\":\"search_term_string\"}}],\"inLanguage\":\"tr\"}]}<\/script>\n<!-- \/ Yoast SEO plugin. -->","yoast_head_json":{"title":"Cervical Cerclage Module (CCM) - PROMPT Flex (Light Skin Tone) - Servikal Serklaj E\u011fitim Sim\u00fclat\u00f6r\u00fc - Merkim Maket","description":"PROMPT Flex CCM Mod\u00fcl\u00fc | Servikal yetmezlik ve preterm do\u011fum \u00f6nleme prosed\u00fcrlerini \u00f6\u011frenin! Ger\u00e7ek\u00e7i servikal anatomi ve \u00e7\u0131kar\u0131labilir bile\u015fenler ile obstetrik cerrahi becerilerinizi geli\u015ftirin. T\u0131p fak\u00fclteleri ve maternal-fetal t\u0131p e\u011fitimleri i\u00e7in ideal.","robots":{"index":"index","follow":"follow","max-snippet":"max-snippet:-1","max-image-preview":"max-image-preview:large","max-video-preview":"max-video-preview:-1"},"canonical":"https:\/\/merkim.com.tr\/merkim-maket\/urun\/cervical-cerclage-module-ccm-prompt-flex-light-skin-tone-servikal-serklaj-egitim-simulatoru\/","og_locale":"tr_TR","og_type":"article","og_title":"Cervical Cerclage Module (CCM) - PROMPT Flex (Light Skin Tone) - Servikal Serklaj E\u011fitim Sim\u00fclat\u00f6r\u00fc - Merkim Maket","og_description":"PROMPT Flex CCM Mod\u00fcl\u00fc | Servikal yetmezlik ve preterm do\u011fum \u00f6nleme prosed\u00fcrlerini \u00f6\u011frenin! Ger\u00e7ek\u00e7i servikal anatomi ve \u00e7\u0131kar\u0131labilir bile\u015fenler ile obstetrik cerrahi becerilerinizi geli\u015ftirin. T\u0131p fak\u00fclteleri ve maternal-fetal t\u0131p e\u011fitimleri i\u00e7in ideal.","og_url":"https:\/\/merkim.com.tr\/merkim-maket\/urun\/cervical-cerclage-module-ccm-prompt-flex-light-skin-tone-servikal-serklaj-egitim-simulatoru\/","og_site_name":"Merkim Maket","og_image":[{"width":800,"height":800,"url":"https:\/\/merkim.com.tr\/merkim-maket\/wp-content\/uploads\/2025\/06\/prompt-flex-cervical-cerclage-module-light-skin-obstetric-trainer.png","type":"image\/png"}],"twitter_card":"summary_large_image","twitter_misc":{"Tahmini okuma s\u00fcresi":"2 dakika"},"schema":{"@context":"https:\/\/schema.org","@graph":[{"@type":"WebPage","@id":"https:\/\/merkim.com.tr\/merkim-maket\/urun\/cervical-cerclage-module-ccm-prompt-flex-light-skin-tone-servikal-serklaj-egitim-simulatoru\/","url":"https:\/\/merkim.com.tr\/merkim-maket\/urun\/cervical-cerclage-module-ccm-prompt-flex-light-skin-tone-servikal-serklaj-egitim-simulatoru\/","name":"Cervical Cerclage Module (CCM) - PROMPT Flex (Light Skin Tone) - Servikal Serklaj E\u011fitim Sim\u00fclat\u00f6r\u00fc - Merkim Maket","isPartOf":{"@id":"https:\/\/merkim.com.tr\/merkim-maket\/#website"},"primaryImageOfPage":{"@id":"https:\/\/merkim.com.tr\/merkim-maket\/urun\/cervical-cerclage-module-ccm-prompt-flex-light-skin-tone-servikal-serklaj-egitim-simulatoru\/#primaryimage"},"image":{"@id":"https:\/\/merkim.com.tr\/merkim-maket\/urun\/cervical-cerclage-module-ccm-prompt-flex-light-skin-tone-servikal-serklaj-egitim-simulatoru\/#primaryimage"},"thumbnailUrl":"https:\/\/merkim.com.tr\/merkim-maket\/wp-content\/uploads\/2025\/06\/prompt-flex-cervical-cerclage-module-light-skin-obstetric-trainer.png","datePublished":"2025-06-10T13:29:22+00:00","description":"PROMPT Flex CCM Mod\u00fcl\u00fc | Servikal yetmezlik ve preterm do\u011fum \u00f6nleme prosed\u00fcrlerini \u00f6\u011frenin! Ger\u00e7ek\u00e7i servikal anatomi ve \u00e7\u0131kar\u0131labilir bile\u015fenler ile obstetrik cerrahi becerilerinizi geli\u015ftirin. T\u0131p fak\u00fclteleri ve maternal-fetal t\u0131p e\u011fitimleri i\u00e7in ideal.","breadcrumb":{"@id":"https:\/\/merkim.com.tr\/merkim-maket\/urun\/cervical-cerclage-module-ccm-prompt-flex-light-skin-tone-servikal-serklaj-egitim-simulatoru\/#breadcrumb"},"inLanguage":"tr","potentialAction":[{"@type":"ReadAction","target":["https:\/\/merkim.com.tr\/merkim-maket\/urun\/cervical-cerclage-module-ccm-prompt-flex-light-skin-tone-servikal-serklaj-egitim-simulatoru\/"]}]},{"@type":"ImageObject","inLanguage":"tr","@id":"https:\/\/merkim.com.tr\/merkim-maket\/urun\/cervical-cerclage-module-ccm-prompt-flex-light-skin-tone-servikal-serklaj-egitim-simulatoru\/#primaryimage","url":"https:\/\/merkim.com.tr\/merkim-maket\/wp-content\/uploads\/2025\/06\/prompt-flex-cervical-cerclage-module-light-skin-obstetric-trainer.png","contentUrl":"https:\/\/merkim.com.tr\/merkim-maket\/wp-content\/uploads\/2025\/06\/prompt-flex-cervical-cerclage-module-light-skin-obstetric-trainer.png","width":800,"height":800,"caption":"Ger\u00e7ek\u00e7i servikal serklaj prosed\u00fcr sim\u00fclasyonu"},{"@type":"BreadcrumbList","@id":"https:\/\/merkim.com.tr\/merkim-maket\/urun\/cervical-cerclage-module-ccm-prompt-flex-light-skin-tone-servikal-serklaj-egitim-simulatoru\/#breadcrumb","itemListElement":[{"@type":"ListItem","position":1,"name":"Anasayfa","item":"https:\/\/merkim.com.tr\/merkim-maket\/"},{"@type":"ListItem","position":2,"name":"Ma\u011faza","item":"https:\/\/merkim.com.tr\/merkim-maket\/magaza\/"},{"@type":"ListItem","position":3,"name":"Cervical Cerclage Module (CCM) &#8211; PROMPT Flex (Light Skin Tone) &#8211; Servikal Serklaj E\u011fitim Sim\u00fclat\u00f6r\u00fc"}]},{"@type":"WebSite","@id":"https:\/\/merkim.com.tr\/merkim-maket\/#website","url":"https:\/\/merkim.com.tr\/merkim-maket\/","name":"Merkim Maket","description":"","potentialAction":[{"@type":"SearchAction","target":{"@type":"EntryPoint","urlTemplate":"https:\/\/merkim.com.tr\/merkim-maket\/?s={search_term_string}"},"query-input":{"@type":"PropertyValueSpecification","valueRequired":true,"valueName":"search_term_string"}}],"inLanguage":"tr"}]}},"_links":{"self":[{"href":"https:\/\/merkim.com.tr\/merkim-maket\/wp-json\/wp\/v2\/product\/175","targetHints":{"allow":["GET"]}}],"collection":[{"href":"https:\/\/merkim.com.tr\/merkim-maket\/wp-json\/wp\/v2\/product"}],"about":[{"href":"https:\/\/merkim.com.tr\/merkim-maket\/wp-json\/wp\/v2\/types\/product"}],"replies":[{"embeddable":true,"href":"https:\/\/merkim.com.tr\/merkim-maket\/wp-json\/wp\/v2\/comments?post=175"}],"wp:featuredmedia":[{"embeddable":true,"href":"https:\/\/merkim.com.tr\/merkim-maket\/wp-json\/wp\/v2\/media\/176"}],"wp:attachment":[{"href":"https:\/\/merkim.com.tr\/merkim-maket\/wp-json\/wp\/v2\/media?parent=175"}],"wp:term":[{"taxonomy":"product_brand","embeddable":true,"href":"https:\/\/merkim.com.tr\/merkim-maket\/wp-json\/wp\/v2\/product_brand?post=175"},{"taxonomy":"product_cat","embeddable":true,"href":"https:\/\/merkim.com.tr\/merkim-maket\/wp-json\/wp\/v2\/product_cat?post=175"},{"taxonomy":"product_tag","embeddable":true,"href":"https:\/\/merkim.com.tr\/merkim-maket\/wp-json\/wp\/v2\/product_tag?post=175"}],"curies":[{"name":"wp","href":"https:\/\/api.w.org\/{rel}","templated":true}]}}