{"id":170,"date":"2025-06-10T12:53:05","date_gmt":"2025-06-10T12:53:05","guid":{"rendered":"https:\/\/merkim.com.tr\/merkim-maket\/?post_type=product&#038;p=170"},"modified":"2025-06-10T12:53:05","modified_gmt":"2025-06-10T12:53:05","slug":"bss-abscess-cerrahi-apse-drenaji-ve-nekrotik-yara-debridmani-egitim-modeli","status":"publish","type":"product","link":"https:\/\/merkim.com.tr\/merkim-maket\/urun\/bss-abscess-cerrahi-apse-drenaji-ve-nekrotik-yara-debridmani-egitim-modeli\/","title":{"rendered":"BSS Abscess &#8211; Cerrahi Apse Drenaj\u0131 ve Nekrotik Yara Debridman\u0131 E\u011fitim Modeli"},"content":{"rendered":"<h3><strong>Profesyonel Cerrahi Apse Drenaj\u0131 ve Yara Debridman\u0131 Sim\u00fclasyon Modeli<\/strong><\/h3>\n<p class=\"ds-markdown-paragraph\"><strong>BSS Abscess<\/strong>, cerrahi e\u011fitimde apse drenaj\u0131 ve nekrotik yara debridman\u0131 tekniklerini \u00f6\u011frenmek ve pratik yapmak i\u00e7in \u00f6zel olarak geli\u015ftirilmi\u015f\u00a0<strong>ger\u00e7ek\u00e7i bir t\u0131bbi sim\u00fclasyon modelidir<\/strong>. Bu \u00fcr\u00fcn, t\u0131p \u00f6\u011frencileri, cerrahi asistanlar ve acil t\u0131p uzmanlar\u0131 i\u00e7in ideal bir e\u011fitim arac\u0131d\u0131r.<\/p>\n<h3><strong>\u00dcr\u00fcn \u00d6zellikleri ve Avantajlar\u0131:<\/strong><\/h3>\n<p class=\"ds-markdown-paragraph\">\u2714\u00a0<strong>Ger\u00e7ek\u00e7i Apse Sim\u00fclasyonu:<\/strong>\u00a0\u0130\u00e7erisinde sim\u00fcle edilmi\u015f p\u00fcy bulunur, ger\u00e7ek vakalara benzer deneyim sunar<br \/>\n\u2714\u00a0<strong>Nekrotik Doku Debridman\u0131 Prati\u011fi:<\/strong>\u00a0\u00d6l\u00fc doku temizleme tekniklerini g\u00fcvenli ortamda \u00f6\u011frenme imkan\u0131<br \/>\n\u2714\u00a0<strong>BSS Day 2 Kit&#8217;in Bir Par\u00e7as\u0131:<\/strong>\u00a0Di\u011fer temel cerrahi beceri e\u011fitim setleriyle uyumlu<br \/>\n\u2714\u00a0<strong>Profesyonel E\u011fitim Standard\u0131:<\/strong>\u00a0Cerrahi e\u011fitim m\u00fcfredatlar\u0131na uygun<\/p>\n<h3><strong>Kullan\u0131m Talimatlar\u0131:<\/strong><\/h3>\n<ul>\n<li>\n<p class=\"ds-markdown-paragraph\"><strong>So\u011fuk Zincir Gereklidir:<\/strong>\u00a0Kullan\u0131m \u00f6ncesinde buzdolab\u0131nda saklanmal\u0131d\u0131r<\/p>\n<\/li>\n<li>\n<p class=\"ds-markdown-paragraph\"><strong>Latex \u0130\u00e7erir:<\/strong>\u00a0Latex alerjisi olanlar dikkatli olmal\u0131d\u0131r<\/p>\n<\/li>\n<li>\n<p class=\"ds-markdown-paragraph\"><strong>Tek Kullan\u0131ml\u0131k De\u011fildir:<\/strong>\u00a0Uygun \u015fekilde temizlenerek tekrar kullan\u0131labilir<\/p>\n<\/li>\n<\/ul>\n<h3><strong>Kimler \u0130\u00e7in Uygundur?<\/strong><\/h3>\n<ul>\n<li>\n<p class=\"ds-markdown-paragraph\"><strong>Genel Cerrahi Asistanlar\u0131<\/strong><\/p>\n<\/li>\n<li>\n<p class=\"ds-markdown-paragraph\"><strong>Acil T\u0131p Uzmanl\u0131k \u00d6\u011frencileri<\/strong><\/p>\n<\/li>\n<li>\n<p class=\"ds-markdown-paragraph\"><strong>T\u0131p Fak\u00fcltesi Son S\u0131n\u0131f \u00d6\u011frencileri<\/strong><\/p>\n<\/li>\n<li>\n<p class=\"ds-markdown-paragraph\"><strong>Cerrahi Hem\u015fire E\u011fitimleri<\/strong><\/p>\n<\/li>\n<li>\n<p class=\"ds-markdown-paragraph\"><strong>T\u0131p Sim\u00fclasyon Merkezleri<\/strong><\/p>\n<\/li>\n<\/ul>\n<h3><strong>Kazan\u0131lacak Beceriler:<\/strong><\/h3>\n<ul>\n<li>\n<p class=\"ds-markdown-paragraph\"><strong>Apse Lokalizasyonu ve Drenaj Teknikleri<\/strong><\/p>\n<\/li>\n<li>\n<p class=\"ds-markdown-paragraph\"><strong>Nekrotik Doku Debridman\u0131<\/strong><\/p>\n<\/li>\n<li>\n<p class=\"ds-markdown-paragraph\"><strong>Yara Temizleme ve Bak\u0131m Protokolleri<\/strong><\/p>\n<\/li>\n<li>\n<p class=\"ds-markdown-paragraph\"><strong>Steril \u00c7al\u0131\u015fma Prensipleri<\/strong><\/p>\n<\/li>\n<\/ul>\n","protected":false},"excerpt":{"rendered":"<p><strong>BSS Abscess<\/strong>, cerrahi apse drenaj\u0131 ve nekrotik yara debridman\u0131 tekniklerini \u00f6\u011frenmek i\u00e7in geli\u015ftirilmi\u015f profesyonel bir e\u011fitim modelidir. Ger\u00e7ek\u00e7i p\u00fcy sim\u00fclasyonu ile t\u0131p \u00f6\u011frencileri ve cerrahlar i\u00e7in ideal pratik imkan\u0131 sunar.<\/p>\n","protected":false},"featured_media":171,"comment_status":"open","ping_status":"closed","template":"","meta":[],"product_brand":[129],"product_cat":[15,523,128],"product_tag":[566,572,317,565,570,571,569,568,490,567],"class_list":{"0":"post-170","1":"product","2":"type-product","3":"status-publish","4":"has-post-thumbnail","6":"product_brand-limbs-things","7":"product_cat-genel","8":"product_cat-acil-tip","9":"product_cat-limbs-things","10":"product_tag-apse-drenaj-seti","11":"product_tag-buzdolabinda-saklanmali","12":"product_tag-cerrahi-beceri-egitimi","13":"product_tag-cerrahi-egitim-modeli","14":"product_tag-cerrahi-pratik-model","15":"product_tag-latex-icerir","16":"product_tag-nekrotik-doku-temizleme","17":"product_tag-tip-ogrenci-egitim-seti","18":"product_tag-tip-simulasyon","19":"product_tag-yara-debridmani","21":"first","22":"instock","23":"shipping-taxable","24":"product-type-simple"},"yoast_head":"<!-- This site is optimized with the Yoast SEO plugin v25.2 - https:\/\/yoast.com\/wordpress\/plugins\/seo\/ -->\n<title>BSS Abscess - Cerrahi Apse Drenaj\u0131 ve Nekrotik Yara Debridman\u0131 E\u011fitim Modeli - Merkim Maket<\/title>\n<meta name=\"description\" content=\"BSS Abscess | Cerrahi apse drenaj\u0131 ve nekrotik yara debridman\u0131 i\u00e7in profesyonel e\u011fitim modeli. Ger\u00e7ek\u00e7i p\u00fcy sim\u00fclasyonu ile t\u0131p \u00f6\u011frencileri ve cerrahlara pratik imkan\u0131 sunar. Kullan\u0131m \u00f6ncesi buzdolab\u0131nda saklanmal\u0131d\u0131r.\" \/>\n<meta name=\"robots\" content=\"index, follow, max-snippet:-1, max-image-preview:large, max-video-preview:-1\" \/>\n<link rel=\"canonical\" href=\"https:\/\/merkim.com.tr\/merkim-maket\/urun\/bss-abscess-cerrahi-apse-drenaji-ve-nekrotik-yara-debridmani-egitim-modeli\/\" \/>\n<meta property=\"og:locale\" content=\"tr_TR\" \/>\n<meta property=\"og:type\" content=\"article\" \/>\n<meta property=\"og:title\" content=\"BSS Abscess - Cerrahi Apse Drenaj\u0131 ve Nekrotik Yara Debridman\u0131 E\u011fitim Modeli - Merkim Maket\" \/>\n<meta property=\"og:description\" content=\"BSS Abscess | Cerrahi apse drenaj\u0131 ve nekrotik yara debridman\u0131 i\u00e7in profesyonel e\u011fitim modeli. Ger\u00e7ek\u00e7i p\u00fcy sim\u00fclasyonu ile t\u0131p \u00f6\u011frencileri ve cerrahlara pratik imkan\u0131 sunar. Kullan\u0131m \u00f6ncesi buzdolab\u0131nda saklanmal\u0131d\u0131r.\" \/>\n<meta property=\"og:url\" content=\"https:\/\/merkim.com.tr\/merkim-maket\/urun\/bss-abscess-cerrahi-apse-drenaji-ve-nekrotik-yara-debridmani-egitim-modeli\/\" \/>\n<meta property=\"og:site_name\" content=\"Merkim Maket\" \/>\n<meta property=\"og:image\" content=\"https:\/\/merkim.com.tr\/merkim-maket\/wp-content\/uploads\/2025\/06\/bss-abscess-apse-drenaj-yara-debridman-modeli-limbs-and-things.png\" \/>\n\t<meta property=\"og:image:width\" content=\"800\" \/>\n\t<meta property=\"og:image:height\" content=\"800\" \/>\n\t<meta property=\"og:image:type\" content=\"image\/png\" \/>\n<meta name=\"twitter:card\" content=\"summary_large_image\" \/>\n<meta name=\"twitter:label1\" content=\"Tahmini okuma s\u00fcresi\" \/>\n\t<meta name=\"twitter:data1\" content=\"2 dakika\" \/>\n<script type=\"application\/ld+json\" class=\"yoast-schema-graph\">{\"@context\":\"https:\/\/schema.org\",\"@graph\":[{\"@type\":\"WebPage\",\"@id\":\"https:\/\/merkim.com.tr\/merkim-maket\/urun\/bss-abscess-cerrahi-apse-drenaji-ve-nekrotik-yara-debridmani-egitim-modeli\/\",\"url\":\"https:\/\/merkim.com.tr\/merkim-maket\/urun\/bss-abscess-cerrahi-apse-drenaji-ve-nekrotik-yara-debridmani-egitim-modeli\/\",\"name\":\"BSS Abscess - Cerrahi Apse Drenaj\u0131 ve Nekrotik Yara Debridman\u0131 E\u011fitim Modeli - Merkim Maket\",\"isPartOf\":{\"@id\":\"https:\/\/merkim.com.tr\/merkim-maket\/#website\"},\"primaryImageOfPage\":{\"@id\":\"https:\/\/merkim.com.tr\/merkim-maket\/urun\/bss-abscess-cerrahi-apse-drenaji-ve-nekrotik-yara-debridmani-egitim-modeli\/#primaryimage\"},\"image\":{\"@id\":\"https:\/\/merkim.com.tr\/merkim-maket\/urun\/bss-abscess-cerrahi-apse-drenaji-ve-nekrotik-yara-debridmani-egitim-modeli\/#primaryimage\"},\"thumbnailUrl\":\"https:\/\/merkim.com.tr\/merkim-maket\/wp-content\/uploads\/2025\/06\/bss-abscess-apse-drenaj-yara-debridman-modeli-limbs-and-things.png\",\"datePublished\":\"2025-06-10T12:53:05+00:00\",\"description\":\"BSS Abscess | Cerrahi apse drenaj\u0131 ve nekrotik yara debridman\u0131 i\u00e7in profesyonel e\u011fitim modeli. Ger\u00e7ek\u00e7i p\u00fcy sim\u00fclasyonu ile t\u0131p \u00f6\u011frencileri ve cerrahlara pratik imkan\u0131 sunar. Kullan\u0131m \u00f6ncesi buzdolab\u0131nda saklanmal\u0131d\u0131r.\",\"breadcrumb\":{\"@id\":\"https:\/\/merkim.com.tr\/merkim-maket\/urun\/bss-abscess-cerrahi-apse-drenaji-ve-nekrotik-yara-debridmani-egitim-modeli\/#breadcrumb\"},\"inLanguage\":\"tr\",\"potentialAction\":[{\"@type\":\"ReadAction\",\"target\":[\"https:\/\/merkim.com.tr\/merkim-maket\/urun\/bss-abscess-cerrahi-apse-drenaji-ve-nekrotik-yara-debridmani-egitim-modeli\/\"]}]},{\"@type\":\"ImageObject\",\"inLanguage\":\"tr\",\"@id\":\"https:\/\/merkim.com.tr\/merkim-maket\/urun\/bss-abscess-cerrahi-apse-drenaji-ve-nekrotik-yara-debridmani-egitim-modeli\/#primaryimage\",\"url\":\"https:\/\/merkim.com.tr\/merkim-maket\/wp-content\/uploads\/2025\/06\/bss-abscess-apse-drenaj-yara-debridman-modeli-limbs-and-things.png\",\"contentUrl\":\"https:\/\/merkim.com.tr\/merkim-maket\/wp-content\/uploads\/2025\/06\/bss-abscess-apse-drenaj-yara-debridman-modeli-limbs-and-things.png\",\"width\":800,\"height\":800,\"caption\":\"Apse drenaj\u0131 ve nekrotik yara debridman\u0131 i\u00e7in ger\u00e7ek\u00e7i sim\u00fclasyon\"},{\"@type\":\"BreadcrumbList\",\"@id\":\"https:\/\/merkim.com.tr\/merkim-maket\/urun\/bss-abscess-cerrahi-apse-drenaji-ve-nekrotik-yara-debridmani-egitim-modeli\/#breadcrumb\",\"itemListElement\":[{\"@type\":\"ListItem\",\"position\":1,\"name\":\"Anasayfa\",\"item\":\"https:\/\/merkim.com.tr\/merkim-maket\/\"},{\"@type\":\"ListItem\",\"position\":2,\"name\":\"Ma\u011faza\",\"item\":\"https:\/\/merkim.com.tr\/merkim-maket\/magaza\/\"},{\"@type\":\"ListItem\",\"position\":3,\"name\":\"BSS Abscess &#8211; Cerrahi Apse Drenaj\u0131 ve Nekrotik Yara Debridman\u0131 E\u011fitim Modeli\"}]},{\"@type\":\"WebSite\",\"@id\":\"https:\/\/merkim.com.tr\/merkim-maket\/#website\",\"url\":\"https:\/\/merkim.com.tr\/merkim-maket\/\",\"name\":\"Merkim Maket\",\"description\":\"\",\"potentialAction\":[{\"@type\":\"SearchAction\",\"target\":{\"@type\":\"EntryPoint\",\"urlTemplate\":\"https:\/\/merkim.com.tr\/merkim-maket\/?s={search_term_string}\"},\"query-input\":{\"@type\":\"PropertyValueSpecification\",\"valueRequired\":true,\"valueName\":\"search_term_string\"}}],\"inLanguage\":\"tr\"}]}<\/script>\n<!-- \/ Yoast SEO plugin. -->","yoast_head_json":{"title":"BSS Abscess - Cerrahi Apse Drenaj\u0131 ve Nekrotik Yara Debridman\u0131 E\u011fitim Modeli - Merkim Maket","description":"BSS Abscess | Cerrahi apse drenaj\u0131 ve nekrotik yara debridman\u0131 i\u00e7in profesyonel e\u011fitim modeli. Ger\u00e7ek\u00e7i p\u00fcy sim\u00fclasyonu ile t\u0131p \u00f6\u011frencileri ve cerrahlara pratik imkan\u0131 sunar. Kullan\u0131m \u00f6ncesi buzdolab\u0131nda saklanmal\u0131d\u0131r.","robots":{"index":"index","follow":"follow","max-snippet":"max-snippet:-1","max-image-preview":"max-image-preview:large","max-video-preview":"max-video-preview:-1"},"canonical":"https:\/\/merkim.com.tr\/merkim-maket\/urun\/bss-abscess-cerrahi-apse-drenaji-ve-nekrotik-yara-debridmani-egitim-modeli\/","og_locale":"tr_TR","og_type":"article","og_title":"BSS Abscess - Cerrahi Apse Drenaj\u0131 ve Nekrotik Yara Debridman\u0131 E\u011fitim Modeli - Merkim Maket","og_description":"BSS Abscess | Cerrahi apse drenaj\u0131 ve nekrotik yara debridman\u0131 i\u00e7in profesyonel e\u011fitim modeli. Ger\u00e7ek\u00e7i p\u00fcy sim\u00fclasyonu ile t\u0131p \u00f6\u011frencileri ve cerrahlara pratik imkan\u0131 sunar. Kullan\u0131m \u00f6ncesi buzdolab\u0131nda saklanmal\u0131d\u0131r.","og_url":"https:\/\/merkim.com.tr\/merkim-maket\/urun\/bss-abscess-cerrahi-apse-drenaji-ve-nekrotik-yara-debridmani-egitim-modeli\/","og_site_name":"Merkim Maket","og_image":[{"width":800,"height":800,"url":"https:\/\/merkim.com.tr\/merkim-maket\/wp-content\/uploads\/2025\/06\/bss-abscess-apse-drenaj-yara-debridman-modeli-limbs-and-things.png","type":"image\/png"}],"twitter_card":"summary_large_image","twitter_misc":{"Tahmini okuma s\u00fcresi":"2 dakika"},"schema":{"@context":"https:\/\/schema.org","@graph":[{"@type":"WebPage","@id":"https:\/\/merkim.com.tr\/merkim-maket\/urun\/bss-abscess-cerrahi-apse-drenaji-ve-nekrotik-yara-debridmani-egitim-modeli\/","url":"https:\/\/merkim.com.tr\/merkim-maket\/urun\/bss-abscess-cerrahi-apse-drenaji-ve-nekrotik-yara-debridmani-egitim-modeli\/","name":"BSS Abscess - Cerrahi Apse Drenaj\u0131 ve Nekrotik Yara Debridman\u0131 E\u011fitim Modeli - Merkim Maket","isPartOf":{"@id":"https:\/\/merkim.com.tr\/merkim-maket\/#website"},"primaryImageOfPage":{"@id":"https:\/\/merkim.com.tr\/merkim-maket\/urun\/bss-abscess-cerrahi-apse-drenaji-ve-nekrotik-yara-debridmani-egitim-modeli\/#primaryimage"},"image":{"@id":"https:\/\/merkim.com.tr\/merkim-maket\/urun\/bss-abscess-cerrahi-apse-drenaji-ve-nekrotik-yara-debridmani-egitim-modeli\/#primaryimage"},"thumbnailUrl":"https:\/\/merkim.com.tr\/merkim-maket\/wp-content\/uploads\/2025\/06\/bss-abscess-apse-drenaj-yara-debridman-modeli-limbs-and-things.png","datePublished":"2025-06-10T12:53:05+00:00","description":"BSS Abscess | Cerrahi apse drenaj\u0131 ve nekrotik yara debridman\u0131 i\u00e7in profesyonel e\u011fitim modeli. Ger\u00e7ek\u00e7i p\u00fcy sim\u00fclasyonu ile t\u0131p \u00f6\u011frencileri ve cerrahlara pratik imkan\u0131 sunar. Kullan\u0131m \u00f6ncesi buzdolab\u0131nda saklanmal\u0131d\u0131r.","breadcrumb":{"@id":"https:\/\/merkim.com.tr\/merkim-maket\/urun\/bss-abscess-cerrahi-apse-drenaji-ve-nekrotik-yara-debridmani-egitim-modeli\/#breadcrumb"},"inLanguage":"tr","potentialAction":[{"@type":"ReadAction","target":["https:\/\/merkim.com.tr\/merkim-maket\/urun\/bss-abscess-cerrahi-apse-drenaji-ve-nekrotik-yara-debridmani-egitim-modeli\/"]}]},{"@type":"ImageObject","inLanguage":"tr","@id":"https:\/\/merkim.com.tr\/merkim-maket\/urun\/bss-abscess-cerrahi-apse-drenaji-ve-nekrotik-yara-debridmani-egitim-modeli\/#primaryimage","url":"https:\/\/merkim.com.tr\/merkim-maket\/wp-content\/uploads\/2025\/06\/bss-abscess-apse-drenaj-yara-debridman-modeli-limbs-and-things.png","contentUrl":"https:\/\/merkim.com.tr\/merkim-maket\/wp-content\/uploads\/2025\/06\/bss-abscess-apse-drenaj-yara-debridman-modeli-limbs-and-things.png","width":800,"height":800,"caption":"Apse drenaj\u0131 ve nekrotik yara debridman\u0131 i\u00e7in ger\u00e7ek\u00e7i sim\u00fclasyon"},{"@type":"BreadcrumbList","@id":"https:\/\/merkim.com.tr\/merkim-maket\/urun\/bss-abscess-cerrahi-apse-drenaji-ve-nekrotik-yara-debridmani-egitim-modeli\/#breadcrumb","itemListElement":[{"@type":"ListItem","position":1,"name":"Anasayfa","item":"https:\/\/merkim.com.tr\/merkim-maket\/"},{"@type":"ListItem","position":2,"name":"Ma\u011faza","item":"https:\/\/merkim.com.tr\/merkim-maket\/magaza\/"},{"@type":"ListItem","position":3,"name":"BSS Abscess &#8211; Cerrahi Apse Drenaj\u0131 ve Nekrotik Yara Debridman\u0131 E\u011fitim Modeli"}]},{"@type":"WebSite","@id":"https:\/\/merkim.com.tr\/merkim-maket\/#website","url":"https:\/\/merkim.com.tr\/merkim-maket\/","name":"Merkim Maket","description":"","potentialAction":[{"@type":"SearchAction","target":{"@type":"EntryPoint","urlTemplate":"https:\/\/merkim.com.tr\/merkim-maket\/?s={search_term_string}"},"query-input":{"@type":"PropertyValueSpecification","valueRequired":true,"valueName":"search_term_string"}}],"inLanguage":"tr"}]}},"_links":{"self":[{"href":"https:\/\/merkim.com.tr\/merkim-maket\/wp-json\/wp\/v2\/product\/170","targetHints":{"allow":["GET"]}}],"collection":[{"href":"https:\/\/merkim.com.tr\/merkim-maket\/wp-json\/wp\/v2\/product"}],"about":[{"href":"https:\/\/merkim.com.tr\/merkim-maket\/wp-json\/wp\/v2\/types\/product"}],"replies":[{"embeddable":true,"href":"https:\/\/merkim.com.tr\/merkim-maket\/wp-json\/wp\/v2\/comments?post=170"}],"wp:featuredmedia":[{"embeddable":true,"href":"https:\/\/merkim.com.tr\/merkim-maket\/wp-json\/wp\/v2\/media\/171"}],"wp:attachment":[{"href":"https:\/\/merkim.com.tr\/merkim-maket\/wp-json\/wp\/v2\/media?parent=170"}],"wp:term":[{"taxonomy":"product_brand","embeddable":true,"href":"https:\/\/merkim.com.tr\/merkim-maket\/wp-json\/wp\/v2\/product_brand?post=170"},{"taxonomy":"product_cat","embeddable":true,"href":"https:\/\/merkim.com.tr\/merkim-maket\/wp-json\/wp\/v2\/product_cat?post=170"},{"taxonomy":"product_tag","embeddable":true,"href":"https:\/\/merkim.com.tr\/merkim-maket\/wp-json\/wp\/v2\/product_tag?post=170"}],"curies":[{"name":"wp","href":"https:\/\/api.w.org\/{rel}","templated":true}]}}