{"id":166,"date":"2025-06-10T12:37:11","date_gmt":"2025-06-10T12:37:11","guid":{"rendered":"https:\/\/merkim.com.tr\/merkim-maket\/?post_type=product&#038;p=166"},"modified":"2025-06-10T12:37:12","modified_gmt":"2025-06-10T12:37:12","slug":"suture-tutor-plus-pro-complete-single-user-dark","status":"publish","type":"product","link":"https:\/\/merkim.com.tr\/merkim-maket\/urun\/suture-tutor-plus-pro-complete-single-user-dark\/","title":{"rendered":"Suture Tutor Plus Pro Complete (Single User) &#8211; Dark"},"content":{"rendered":"<p class=\"ds-markdown-paragraph\"><strong>Profesyonel ve Kapsaml\u0131 Cerrahi Diki\u015f E\u011fitim Seti<\/strong><\/p>\n<p class=\"ds-markdown-paragraph\"><strong>Suture Tutor Plus Pro Complete (Single User) &#8211; Dark<\/strong>, cerrahi becerilerinizi geli\u015ftirmek i\u00e7in tasarlanm\u0131\u015f kapsaml\u0131 bir e\u011fitim setidir. Bu set, temel enstr\u00fcman kullan\u0131m\u0131, d\u00fc\u011f\u00fcm atma teknikleri, \u00e7e\u015fitli s\u00fct\u00fcr (diki\u015f) teknikleri ve daha fazlas\u0131n\u0131 \u00f6\u011freten hem teorik hem de pratik bir e\u011fitim sunar.<\/p>\n<h3><strong>Neden Suture Tutor Plus Pro Complete?<\/strong><\/h3>\n<p class=\"ds-markdown-paragraph\">\u2714\u00a0<strong>11 Mod\u00fcll\u00fck Kapsaml\u0131 Online Kurs:<\/strong>\u00a0Intercollegiate Surgical Skills Program ile uyumlu, en iyi cerrahi uygulamalar\u0131 i\u00e7erir.<br \/>\n\u2714\u00a0<strong>300+ Video Klip ve 40 Pratik Online E\u011fitim:<\/strong>\u00a0Teknikler, klinik videolar ve animasyonlarla detayl\u0131 \u015fekilde a\u00e7\u0131klanm\u0131\u015ft\u0131r.<br \/>\n\u2714\u00a0<strong>Profesyonel E\u011fitmenler Taraf\u0131ndan Haz\u0131rland\u0131:<\/strong><\/p>\n<ul>\n<li>\n<p class=\"ds-markdown-paragraph\"><strong>Prof. Jonathan Beard (FRCS ChM MEd)<\/strong>\u00a0&#8211; Kurs Edit\u00f6r\u00fc<\/p>\n<\/li>\n<li>\n<p class=\"ds-markdown-paragraph\"><strong>Prof. Roger Kneebone (PhD FRCS FRCSEd FRCGP)<\/strong>\u00a0&#8211; Dan\u0131\u015fman<\/p>\n<\/li>\n<\/ul>\n<h3><strong>Pratik E\u011fitim Seti \u0130\u00e7eri\u011fi:<\/strong><\/h3>\n<ul>\n<li>\n<p class=\"ds-markdown-paragraph\"><strong>Ger\u00e7ek\u00e7i Deri Pedi ve Jig:<\/strong>\u00a0\u0130nsan derisine benzer diren\u00e7 ve his sunar.<\/p>\n<\/li>\n<li>\n<p class=\"ds-markdown-paragraph\"><strong>10 Adet S\u00fct\u00fcr Malzemesi<\/strong><\/p>\n<\/li>\n<li>\n<p class=\"ds-markdown-paragraph\"><strong>Cerrahi Aletler:<\/strong>\u00a0Diseksiyon forsepsi, i\u011fne tutucu, skalpel, s\u00fct\u00fcr makas\u0131<\/p>\n<\/li>\n<li>\n<p class=\"ds-markdown-paragraph\"><strong>Temel D\u00fc\u011f\u00fcm Atma E\u011fitim Seti<\/strong><\/p>\n<\/li>\n<li>\n<p class=\"ds-markdown-paragraph\"><strong>\u00c7evre Dostu Karton Ambalaj<\/strong><\/p>\n<\/li>\n<\/ul>\n<h3><strong>Kimler \u0130\u00e7in Uygun?<\/strong><\/h3>\n<ul>\n<li>\n<p class=\"ds-markdown-paragraph\"><strong>T\u0131p \u00d6\u011frencileri<\/strong>\u00a0(Cerrahi kariyer hedefleyenler)<\/p>\n<\/li>\n<li>\n<p class=\"ds-markdown-paragraph\"><strong>Cerrahi Asistanlar ve Uzmanl\u0131k \u00d6\u011frencileri<\/strong><\/p>\n<\/li>\n<li>\n<p class=\"ds-markdown-paragraph\"><strong>Acil T\u0131p Doktorlar\u0131<\/strong><\/p>\n<\/li>\n<li>\n<p class=\"ds-markdown-paragraph\"><strong>Hem\u015fire Pratisyenler<\/strong><\/p>\n<\/li>\n<\/ul>\n<h3><strong>Kazanaca\u011f\u0131n\u0131z Beceriler:<\/strong><\/h3>\n<ul>\n<li>\n<p class=\"ds-markdown-paragraph\"><strong>Cerrahi Alet Kullan\u0131m\u0131<\/strong><\/p>\n<\/li>\n<li>\n<p class=\"ds-markdown-paragraph\"><strong>D\u00fc\u011f\u00fcm Atma Teknikleri<\/strong><\/p>\n<\/li>\n<li>\n<p class=\"ds-markdown-paragraph\"><strong>Deri ve Subkutan Doku \u0130nsizyonu<\/strong><\/p>\n<\/li>\n<li>\n<p class=\"ds-markdown-paragraph\"><strong>\u00c7e\u015fitli S\u00fct\u00fcr Teknikleri<\/strong><\/p>\n<\/li>\n<li>\n<p class=\"ds-markdown-paragraph\"><strong>Yara Bak\u0131m\u0131 ve Hasta Y\u00f6netimi<\/strong><\/p>\n<\/li>\n<li>\n<p class=\"ds-markdown-paragraph\"><strong>Lokal Anestezi Uygulamalar\u0131<\/strong><\/p>\n<\/li>\n<\/ul>\n<h3><strong>\u00d6nemli Not:<\/strong><\/h3>\n<p class=\"ds-markdown-paragraph\">Bu \u00fcr\u00fcn i\u00e7in online \u015fifre verildikten sonra iade veya de\u011fi\u015fim yap\u0131lamaz.<\/p>\n","protected":false},"excerpt":{"rendered":"<p><strong>Suture Tutor Plus Pro Complete (Single User) &#8211; Dark<\/strong>, cerrahi diki\u015f ve d\u00fc\u011f\u00fcm atma becerilerinizi geli\u015ftirmek i\u00e7in tasarlanm\u0131\u015f profesyonel bir e\u011fitim setidir. 11 mod\u00fcll\u00fck online kurs, 300+ video ve pratik e\u011fitim kiti ile t\u0131p \u00f6\u011frencileri, cerrahlar ve sa\u011fl\u0131k profesyonelleri i\u00e7in ideal bir \u00e7\u00f6z\u00fcmd\u00fcr.<\/p>\n","protected":false},"featured_media":167,"comment_status":"open","ping_status":"closed","template":"","meta":[],"product_brand":[129],"product_cat":[15,523,128],"product_tag":[38,557,555,556,559,253,560,308,561,558],"class_list":{"0":"post-166","1":"product","2":"type-product","3":"status-publish","4":"has-post-thumbnail","6":"product_brand-limbs-things","7":"product_cat-genel","8":"product_cat-acil-tip","9":"product_cat-limbs-things","10":"product_tag-acil-tip-egitimi","11":"product_tag-cerrahi-beceriler","12":"product_tag-cerrahi-egitim-seti","13":"product_tag-dikis-egitimi","14":"product_tag-dugum-atma-egitimi","15":"product_tag-medikal-egitim","16":"product_tag-profesyonel-cerrahi-kit","17":"product_tag-sutur-teknikleri","18":"product_tag-suture-tutor","19":"product_tag-tip-ogrencileri-icin-set","21":"first","22":"instock","23":"shipping-taxable","24":"product-type-simple"},"yoast_head":"<!-- This site is optimized with the Yoast SEO plugin v25.2 - https:\/\/yoast.com\/wordpress\/plugins\/seo\/ -->\n<title>Suture Tutor Plus Pro Complete (Single User) - Dark - Merkim Maket<\/title>\n<meta name=\"description\" content=\"Suture Tutor Plus Pro Complete (Single User) - Dark | Profesyonel cerrahi diki\u015f ve d\u00fc\u011f\u00fcm atma e\u011fitim seti. 300+ video, pratik e\u011fitim kiti ve online kurs ile cerrahi becerilerinizi geli\u015ftirin. T\u0131p \u00f6\u011frencileri ve cerrahlar i\u00e7in ideal!\" \/>\n<meta name=\"robots\" content=\"index, follow, max-snippet:-1, max-image-preview:large, max-video-preview:-1\" \/>\n<link rel=\"canonical\" href=\"https:\/\/merkim.com.tr\/merkim-maket\/urun\/suture-tutor-plus-pro-complete-single-user-dark\/\" \/>\n<meta property=\"og:locale\" content=\"tr_TR\" \/>\n<meta property=\"og:type\" content=\"article\" \/>\n<meta property=\"og:title\" content=\"Suture Tutor Plus Pro Complete (Single User) - Dark - Merkim Maket\" \/>\n<meta property=\"og:description\" content=\"Suture Tutor Plus Pro Complete (Single User) - Dark | Profesyonel cerrahi diki\u015f ve d\u00fc\u011f\u00fcm atma e\u011fitim seti. 300+ video, pratik e\u011fitim kiti ve online kurs ile cerrahi becerilerinizi geli\u015ftirin. T\u0131p \u00f6\u011frencileri ve cerrahlar i\u00e7in ideal!\" \/>\n<meta property=\"og:url\" content=\"https:\/\/merkim.com.tr\/merkim-maket\/urun\/suture-tutor-plus-pro-complete-single-user-dark\/\" \/>\n<meta property=\"og:site_name\" content=\"Merkim Maket\" \/>\n<meta property=\"article:modified_time\" content=\"2025-06-10T12:37:12+00:00\" \/>\n<meta property=\"og:image\" content=\"https:\/\/merkim.com.tr\/merkim-maket\/wp-content\/uploads\/2025\/06\/suture-tutor-plus-pro-complete-single-user-dark-cerrahi-egitim-seti-limbs-and-things.png\" \/>\n\t<meta property=\"og:image:width\" content=\"800\" \/>\n\t<meta property=\"og:image:height\" content=\"800\" \/>\n\t<meta property=\"og:image:type\" content=\"image\/png\" \/>\n<meta name=\"twitter:card\" content=\"summary_large_image\" \/>\n<meta name=\"twitter:label1\" content=\"Tahmini okuma s\u00fcresi\" \/>\n\t<meta name=\"twitter:data1\" content=\"2 dakika\" \/>\n<script type=\"application\/ld+json\" class=\"yoast-schema-graph\">{\"@context\":\"https:\/\/schema.org\",\"@graph\":[{\"@type\":\"WebPage\",\"@id\":\"https:\/\/merkim.com.tr\/merkim-maket\/urun\/suture-tutor-plus-pro-complete-single-user-dark\/\",\"url\":\"https:\/\/merkim.com.tr\/merkim-maket\/urun\/suture-tutor-plus-pro-complete-single-user-dark\/\",\"name\":\"Suture Tutor Plus Pro Complete (Single User) - Dark - Merkim Maket\",\"isPartOf\":{\"@id\":\"https:\/\/merkim.com.tr\/merkim-maket\/#website\"},\"primaryImageOfPage\":{\"@id\":\"https:\/\/merkim.com.tr\/merkim-maket\/urun\/suture-tutor-plus-pro-complete-single-user-dark\/#primaryimage\"},\"image\":{\"@id\":\"https:\/\/merkim.com.tr\/merkim-maket\/urun\/suture-tutor-plus-pro-complete-single-user-dark\/#primaryimage\"},\"thumbnailUrl\":\"https:\/\/merkim.com.tr\/merkim-maket\/wp-content\/uploads\/2025\/06\/suture-tutor-plus-pro-complete-single-user-dark-cerrahi-egitim-seti-limbs-and-things.png\",\"datePublished\":\"2025-06-10T12:37:11+00:00\",\"dateModified\":\"2025-06-10T12:37:12+00:00\",\"description\":\"Suture Tutor Plus Pro Complete (Single User) - Dark | Profesyonel cerrahi diki\u015f ve d\u00fc\u011f\u00fcm atma e\u011fitim seti. 300+ video, pratik e\u011fitim kiti ve online kurs ile cerrahi becerilerinizi geli\u015ftirin. T\u0131p \u00f6\u011frencileri ve cerrahlar i\u00e7in ideal!\",\"breadcrumb\":{\"@id\":\"https:\/\/merkim.com.tr\/merkim-maket\/urun\/suture-tutor-plus-pro-complete-single-user-dark\/#breadcrumb\"},\"inLanguage\":\"tr\",\"potentialAction\":[{\"@type\":\"ReadAction\",\"target\":[\"https:\/\/merkim.com.tr\/merkim-maket\/urun\/suture-tutor-plus-pro-complete-single-user-dark\/\"]}]},{\"@type\":\"ImageObject\",\"inLanguage\":\"tr\",\"@id\":\"https:\/\/merkim.com.tr\/merkim-maket\/urun\/suture-tutor-plus-pro-complete-single-user-dark\/#primaryimage\",\"url\":\"https:\/\/merkim.com.tr\/merkim-maket\/wp-content\/uploads\/2025\/06\/suture-tutor-plus-pro-complete-single-user-dark-cerrahi-egitim-seti-limbs-and-things.png\",\"contentUrl\":\"https:\/\/merkim.com.tr\/merkim-maket\/wp-content\/uploads\/2025\/06\/suture-tutor-plus-pro-complete-single-user-dark-cerrahi-egitim-seti-limbs-and-things.png\",\"width\":800,\"height\":800,\"caption\":\"Profesyonel cerrahi diki\u015f ve d\u00fc\u011f\u00fcm atma e\u011fitimi i\u00e7in ideal set\"},{\"@type\":\"BreadcrumbList\",\"@id\":\"https:\/\/merkim.com.tr\/merkim-maket\/urun\/suture-tutor-plus-pro-complete-single-user-dark\/#breadcrumb\",\"itemListElement\":[{\"@type\":\"ListItem\",\"position\":1,\"name\":\"Anasayfa\",\"item\":\"https:\/\/merkim.com.tr\/merkim-maket\/\"},{\"@type\":\"ListItem\",\"position\":2,\"name\":\"Ma\u011faza\",\"item\":\"https:\/\/merkim.com.tr\/merkim-maket\/magaza\/\"},{\"@type\":\"ListItem\",\"position\":3,\"name\":\"Suture Tutor Plus Pro Complete (Single User) &#8211; Dark\"}]},{\"@type\":\"WebSite\",\"@id\":\"https:\/\/merkim.com.tr\/merkim-maket\/#website\",\"url\":\"https:\/\/merkim.com.tr\/merkim-maket\/\",\"name\":\"Merkim Maket\",\"description\":\"\",\"potentialAction\":[{\"@type\":\"SearchAction\",\"target\":{\"@type\":\"EntryPoint\",\"urlTemplate\":\"https:\/\/merkim.com.tr\/merkim-maket\/?s={search_term_string}\"},\"query-input\":{\"@type\":\"PropertyValueSpecification\",\"valueRequired\":true,\"valueName\":\"search_term_string\"}}],\"inLanguage\":\"tr\"}]}<\/script>\n<!-- \/ Yoast SEO plugin. -->","yoast_head_json":{"title":"Suture Tutor Plus Pro Complete (Single User) - Dark - Merkim Maket","description":"Suture Tutor Plus Pro Complete (Single User) - Dark | Profesyonel cerrahi diki\u015f ve d\u00fc\u011f\u00fcm atma e\u011fitim seti. 300+ video, pratik e\u011fitim kiti ve online kurs ile cerrahi becerilerinizi geli\u015ftirin. T\u0131p \u00f6\u011frencileri ve cerrahlar i\u00e7in ideal!","robots":{"index":"index","follow":"follow","max-snippet":"max-snippet:-1","max-image-preview":"max-image-preview:large","max-video-preview":"max-video-preview:-1"},"canonical":"https:\/\/merkim.com.tr\/merkim-maket\/urun\/suture-tutor-plus-pro-complete-single-user-dark\/","og_locale":"tr_TR","og_type":"article","og_title":"Suture Tutor Plus Pro Complete (Single User) - Dark - Merkim Maket","og_description":"Suture Tutor Plus Pro Complete (Single User) - Dark | Profesyonel cerrahi diki\u015f ve d\u00fc\u011f\u00fcm atma e\u011fitim seti. 300+ video, pratik e\u011fitim kiti ve online kurs ile cerrahi becerilerinizi geli\u015ftirin. T\u0131p \u00f6\u011frencileri ve cerrahlar i\u00e7in ideal!","og_url":"https:\/\/merkim.com.tr\/merkim-maket\/urun\/suture-tutor-plus-pro-complete-single-user-dark\/","og_site_name":"Merkim Maket","article_modified_time":"2025-06-10T12:37:12+00:00","og_image":[{"width":800,"height":800,"url":"https:\/\/merkim.com.tr\/merkim-maket\/wp-content\/uploads\/2025\/06\/suture-tutor-plus-pro-complete-single-user-dark-cerrahi-egitim-seti-limbs-and-things.png","type":"image\/png"}],"twitter_card":"summary_large_image","twitter_misc":{"Tahmini okuma s\u00fcresi":"2 dakika"},"schema":{"@context":"https:\/\/schema.org","@graph":[{"@type":"WebPage","@id":"https:\/\/merkim.com.tr\/merkim-maket\/urun\/suture-tutor-plus-pro-complete-single-user-dark\/","url":"https:\/\/merkim.com.tr\/merkim-maket\/urun\/suture-tutor-plus-pro-complete-single-user-dark\/","name":"Suture Tutor Plus Pro Complete (Single User) - Dark - Merkim Maket","isPartOf":{"@id":"https:\/\/merkim.com.tr\/merkim-maket\/#website"},"primaryImageOfPage":{"@id":"https:\/\/merkim.com.tr\/merkim-maket\/urun\/suture-tutor-plus-pro-complete-single-user-dark\/#primaryimage"},"image":{"@id":"https:\/\/merkim.com.tr\/merkim-maket\/urun\/suture-tutor-plus-pro-complete-single-user-dark\/#primaryimage"},"thumbnailUrl":"https:\/\/merkim.com.tr\/merkim-maket\/wp-content\/uploads\/2025\/06\/suture-tutor-plus-pro-complete-single-user-dark-cerrahi-egitim-seti-limbs-and-things.png","datePublished":"2025-06-10T12:37:11+00:00","dateModified":"2025-06-10T12:37:12+00:00","description":"Suture Tutor Plus Pro Complete (Single User) - Dark | Profesyonel cerrahi diki\u015f ve d\u00fc\u011f\u00fcm atma e\u011fitim seti. 300+ video, pratik e\u011fitim kiti ve online kurs ile cerrahi becerilerinizi geli\u015ftirin. T\u0131p \u00f6\u011frencileri ve cerrahlar i\u00e7in ideal!","breadcrumb":{"@id":"https:\/\/merkim.com.tr\/merkim-maket\/urun\/suture-tutor-plus-pro-complete-single-user-dark\/#breadcrumb"},"inLanguage":"tr","potentialAction":[{"@type":"ReadAction","target":["https:\/\/merkim.com.tr\/merkim-maket\/urun\/suture-tutor-plus-pro-complete-single-user-dark\/"]}]},{"@type":"ImageObject","inLanguage":"tr","@id":"https:\/\/merkim.com.tr\/merkim-maket\/urun\/suture-tutor-plus-pro-complete-single-user-dark\/#primaryimage","url":"https:\/\/merkim.com.tr\/merkim-maket\/wp-content\/uploads\/2025\/06\/suture-tutor-plus-pro-complete-single-user-dark-cerrahi-egitim-seti-limbs-and-things.png","contentUrl":"https:\/\/merkim.com.tr\/merkim-maket\/wp-content\/uploads\/2025\/06\/suture-tutor-plus-pro-complete-single-user-dark-cerrahi-egitim-seti-limbs-and-things.png","width":800,"height":800,"caption":"Profesyonel cerrahi diki\u015f ve d\u00fc\u011f\u00fcm atma e\u011fitimi i\u00e7in ideal set"},{"@type":"BreadcrumbList","@id":"https:\/\/merkim.com.tr\/merkim-maket\/urun\/suture-tutor-plus-pro-complete-single-user-dark\/#breadcrumb","itemListElement":[{"@type":"ListItem","position":1,"name":"Anasayfa","item":"https:\/\/merkim.com.tr\/merkim-maket\/"},{"@type":"ListItem","position":2,"name":"Ma\u011faza","item":"https:\/\/merkim.com.tr\/merkim-maket\/magaza\/"},{"@type":"ListItem","position":3,"name":"Suture Tutor Plus Pro Complete (Single User) &#8211; Dark"}]},{"@type":"WebSite","@id":"https:\/\/merkim.com.tr\/merkim-maket\/#website","url":"https:\/\/merkim.com.tr\/merkim-maket\/","name":"Merkim Maket","description":"","potentialAction":[{"@type":"SearchAction","target":{"@type":"EntryPoint","urlTemplate":"https:\/\/merkim.com.tr\/merkim-maket\/?s={search_term_string}"},"query-input":{"@type":"PropertyValueSpecification","valueRequired":true,"valueName":"search_term_string"}}],"inLanguage":"tr"}]}},"_links":{"self":[{"href":"https:\/\/merkim.com.tr\/merkim-maket\/wp-json\/wp\/v2\/product\/166","targetHints":{"allow":["GET"]}}],"collection":[{"href":"https:\/\/merkim.com.tr\/merkim-maket\/wp-json\/wp\/v2\/product"}],"about":[{"href":"https:\/\/merkim.com.tr\/merkim-maket\/wp-json\/wp\/v2\/types\/product"}],"replies":[{"embeddable":true,"href":"https:\/\/merkim.com.tr\/merkim-maket\/wp-json\/wp\/v2\/comments?post=166"}],"wp:featuredmedia":[{"embeddable":true,"href":"https:\/\/merkim.com.tr\/merkim-maket\/wp-json\/wp\/v2\/media\/167"}],"wp:attachment":[{"href":"https:\/\/merkim.com.tr\/merkim-maket\/wp-json\/wp\/v2\/media?parent=166"}],"wp:term":[{"taxonomy":"product_brand","embeddable":true,"href":"https:\/\/merkim.com.tr\/merkim-maket\/wp-json\/wp\/v2\/product_brand?post=166"},{"taxonomy":"product_cat","embeddable":true,"href":"https:\/\/merkim.com.tr\/merkim-maket\/wp-json\/wp\/v2\/product_cat?post=166"},{"taxonomy":"product_tag","embeddable":true,"href":"https:\/\/merkim.com.tr\/merkim-maket\/wp-json\/wp\/v2\/product_tag?post=166"}],"curies":[{"name":"wp","href":"https:\/\/api.w.org\/{rel}","templated":true}]}}