{"id":164,"date":"2025-06-10T12:02:24","date_gmt":"2025-06-10T12:02:24","guid":{"rendered":"https:\/\/merkim.com.tr\/merkim-maket\/?post_type=product&#038;p=164"},"modified":"2025-06-10T12:02:25","modified_gmt":"2025-06-10T12:02:25","slug":"paracentesis-egitmeni-hafif-ten-rengi","status":"publish","type":"product","link":"https:\/\/merkim.com.tr\/merkim-maket\/urun\/paracentesis-egitmeni-hafif-ten-rengi\/","title":{"rendered":"Paracentesis E\u011fitmeni (Hafif Ten Rengi)"},"content":{"rendered":"<p dir=\"ltr\" data-pm-slice=\"1 1 []\"><strong>Paracentesis E\u011fitmeni: Tan\u0131 ve Tedavi Ama\u00e7l\u0131 Paracentesis E\u011fitiminde \u00dcst\u00fcn Ger\u00e7ek\u00e7ilik<\/strong><\/p>\n<p dir=\"ltr\">Paracentesis E\u011fitmeni (Hafif Ten Rengi), tan\u0131 ve tedavi ama\u00e7l\u0131 paracentesis prosed\u00fcrlerini \u00f6\u011fretmek i\u00e7in tasarlanm\u0131\u015f yenilik\u00e7i bir t\u0131bbi sim\u00fclat\u00f6rd\u00fcr. Bu \u00e7ok y\u00f6nl\u00fc e\u011fitmen, palpasyon veya ultrason rehberli tekniklerle alt abdominal kadranlarda i\u011fne ve kateter yerle\u015ftirme becerilerini geli\u015ftirmek i\u00e7in ideal bir platform sunar. Karaci\u011fer, dalak ve ba\u011f\u0131rsaklardan ka\u00e7\u0131narak g\u00fcvenli bir \u015fekilde peritoneal kaviteye eri\u015fim sa\u011flamak i\u00e7in tasarlanan bu sim\u00fclat\u00f6r, d\u00fcnya genelinde bir\u00e7ok disiplinde yayg\u0131n olarak uygulanan paracentesis prosed\u00fcrlerinde uzmanla\u015fmak isteyen t\u0131p \u00f6\u011frencileri, doktorlar ve sa\u011fl\u0131k uzmanlar\u0131 i\u00e7in vazge\u00e7ilmez bir ara\u00e7t\u0131r.<\/p>\n<p dir=\"ltr\">Ekol\u00fcsent pedler ve ekogenik i\u00e7 organlar, kullan\u0131c\u0131lar\u0131n ultrason alt\u0131nda abdominal anatomiyi tan\u0131malar\u0131na olanak tan\u0131r ve asit s\u0131v\u0131s\u0131n\u0131n te\u015fhis veya tedavi ama\u00e7l\u0131 g\u00fcvenli bir \u015fekilde al\u0131nmas\u0131 i\u00e7in i\u011fne veya kateter yerle\u015ftirme becerilerini geli\u015ftirmelerine yard\u0131mc\u0131 olur. Sim\u00fclat\u00f6r, t\u00fcm ultrason cihazlar\u0131yla uyumludur ve ger\u00e7ek\u00e7i doku ile i\u011fne tepkisi sunarak otantik bir e\u011fitim deneyimi sa\u011flar. B\u00fcy\u00fck kapasiteli su hazneleri, drenaj prati\u011fi i\u00e7in idealdir ve kendili\u011finden s\u0131zd\u0131rmaz paracentesis pedleri, \u00e7oklu i\u011fne ve roket kateter yerle\u015ftirmelerine dayan\u0131kl\u0131d\u0131r. Hafif ten rengiyle sunulan bu sim\u00fclat\u00f6r, pubis simfizi, iliak krest ve g\u00f6bek gibi kemik i\u015faretlerini i\u00e7erir, bu da palpasyonla y\u00f6nlendirilen prosed\u00fcrlerde anatomik do\u011frulu\u011fu art\u0131r\u0131r.<\/p>\n<p dir=\"ltr\">Paracentesis E\u011fitmeni, hem palpasyon hem de ultrason rehberli teknikler i\u00e7in uygun olup, ayakta veya yatar pozisyonda kullan\u0131labilir. Lateks i\u00e7ermeyen malzemeler (pedler dahil) g\u00fcvenli bir e\u011fitim ortam\u0131 sa\u011flar ve y\u00fczeyler sabunlu suyla kolayca temizlenebilir. Sim\u00fcle edilmi\u015f hasta ile birlikte kullan\u0131ld\u0131\u011f\u0131nda, profesyonel-hasta ileti\u015fim becerilerini geli\u015ftirmek i\u00e7in de idealdir. T\u0131p fak\u00fclteleri, hastaneler ve sa\u011fl\u0131k e\u011fitim merkezleri i\u00e7in tasarlanan bu sim\u00fclat\u00f6r, abdominal b\u00f6lge anatomisi, asit te\u015fhisi ve g\u00fcvenli i\u011fne yerle\u015ftirme becerilerini \u00f6\u011fretmek i\u00e7in m\u00fckemmel bir \u00e7\u00f6z\u00fcmd\u00fcr. Paracentesis e\u011fitiminde lider bir ara\u00e7 arayanlar i\u00e7in bu e\u011fitmen, yenilik, do\u011fruluk ve dayan\u0131kl\u0131l\u0131\u011f\u0131n kusursuz bir birle\u015fimidir.<\/p>\n<p dir=\"ltr\"><strong>Neden Paracentesis E\u011fitmenini Se\u00e7melisiniz?<\/strong><\/p>\n<ul class=\"tight\" dir=\"ltr\" data-tight=\"true\">\n<li>\n<p dir=\"ltr\">Palpasyon ve ultrason rehberli paracentesis i\u00e7in \u00e7ift i\u015flevsellik<\/p>\n<\/li>\n<li>\n<p dir=\"ltr\">Ekol\u00fcsent pedler ve ekogenik organlarla ger\u00e7ek\u00e7i i\u00e7 anatomi g\u00f6rselle\u015ftirme<\/p>\n<\/li>\n<li>\n<p dir=\"ltr\">T\u00fcm ultrason cihazlar\u0131yla uyumluluk<\/p>\n<\/li>\n<li>\n<p dir=\"ltr\">Kendili\u011finden s\u0131zd\u0131rmaz pedler ile \u00e7oklu kullan\u0131ma uygunluk<\/p>\n<\/li>\n<li>\n<p dir=\"ltr\">Lateks i\u00e7ermeyen malzemelerle g\u00fcvenli ve hijyenik kullan\u0131m<\/p>\n<\/li>\n<li>\n<p dir=\"ltr\">B\u00fcy\u00fck kapasiteli su hazneleri ile drenaj prati\u011fi<\/p>\n<\/li>\n<\/ul>\n<p dir=\"ltr\">Paracentesis prosed\u00fcrlerinde uzmanla\u015fmak ve hasta bak\u0131m\u0131nda fark yaratmak i\u00e7in Paracentesis E\u011fitmenini tercih edin.<\/p>\n","protected":false},"excerpt":{"rendered":"<p dir=\"ltr\" data-pm-slice=\"1 1 []\">Paracentesis E\u011fitmeni (Hafif Ten Rengi), palpasyon ve ultrason rehberli paracentesis e\u011fitimi i\u00e7in ger\u00e7ek\u00e7i bir sim\u00fclat\u00f6rd\u00fcr. Ekol\u00fcsent pedler, ekogenik organlar ve kendili\u011finden s\u0131zd\u0131rmaz tasar\u0131m ile asit te\u015fhisi ve kateter yerle\u015ftirme becerilerini \u00f6\u011fretir. Lateks i\u00e7ermez, kolay temizlenir.<\/p>\n","protected":false},"featured_media":165,"comment_status":"open","ping_status":"closed","template":"","meta":[],"product_brand":[129],"product_cat":[15,523,128],"product_tag":[553,551,554,532,552,550,548,547,34,478,45,549],"class_list":{"0":"post-164","1":"product","2":"type-product","3":"status-publish","4":"has-post-thumbnail","6":"product_brand-limbs-things","7":"product_cat-genel","8":"product_cat-acil-tip","9":"product_cat-limbs-things","10":"product_tag-abdominal-anatomi","11":"product_tag-asit-teshisi","12":"product_tag-ekogenik-organlar","13":"product_tag-hafif-ten-rengi","14":"product_tag-kateter-yerlestirme","15":"product_tag-palpasyon-teknikleri","16":"product_tag-paracentesis-egitimi","17":"product_tag-paracentesis-egitmeni","18":"product_tag-saglik-egitimi","19":"product_tag-tibbi-simulator","20":"product_tag-tip-egitimi","21":"product_tag-ultrason-rehberli-prosedur","23":"first","24":"instock","25":"shipping-taxable","26":"product-type-simple"},"yoast_head":"<!-- This site is optimized with the Yoast SEO plugin v25.2 - https:\/\/yoast.com\/wordpress\/plugins\/seo\/ -->\n<title>Paracentesis E\u011fitmeni (Hafif Ten Rengi) - Merkim Maket<\/title>\n<meta name=\"description\" content=\"Paracentesis E\u011fitmeni (Hafif Ten Rengi), ultrason ve palpasyon rehberli paracentesis e\u011fitimi i\u00e7in ger\u00e7ek\u00e7i bir sim\u00fclat\u00f6rd\u00fcr. Ekol\u00fcsent pedler ve ekogenik organlarla asit te\u015fhisi \u00f6\u011fretir. Lateks i\u00e7ermez, kolay temizlenir. \u015eimdi ke\u015ffedin!\" \/>\n<meta name=\"robots\" content=\"index, follow, max-snippet:-1, max-image-preview:large, max-video-preview:-1\" \/>\n<link rel=\"canonical\" href=\"https:\/\/merkim.com.tr\/merkim-maket\/urun\/paracentesis-egitmeni-hafif-ten-rengi\/\" \/>\n<meta property=\"og:locale\" content=\"tr_TR\" \/>\n<meta property=\"og:type\" content=\"article\" \/>\n<meta property=\"og:title\" content=\"Paracentesis E\u011fitmeni (Hafif Ten Rengi) - Merkim Maket\" \/>\n<meta property=\"og:description\" content=\"Paracentesis E\u011fitmeni (Hafif Ten Rengi), ultrason ve palpasyon rehberli paracentesis e\u011fitimi i\u00e7in ger\u00e7ek\u00e7i bir sim\u00fclat\u00f6rd\u00fcr. Ekol\u00fcsent pedler ve ekogenik organlarla asit te\u015fhisi \u00f6\u011fretir. Lateks i\u00e7ermez, kolay temizlenir. \u015eimdi ke\u015ffedin!\" \/>\n<meta property=\"og:url\" content=\"https:\/\/merkim.com.tr\/merkim-maket\/urun\/paracentesis-egitmeni-hafif-ten-rengi\/\" \/>\n<meta property=\"og:site_name\" content=\"Merkim Maket\" \/>\n<meta property=\"article:modified_time\" content=\"2025-06-10T12:02:25+00:00\" \/>\n<meta property=\"og:image\" content=\"https:\/\/merkim.com.tr\/merkim-maket\/wp-content\/uploads\/2025\/06\/urun-paracentesisegitmeni-abdominal-simulator.png\" \/>\n\t<meta property=\"og:image:width\" content=\"800\" \/>\n\t<meta property=\"og:image:height\" content=\"800\" \/>\n\t<meta property=\"og:image:type\" content=\"image\/png\" \/>\n<meta name=\"twitter:card\" content=\"summary_large_image\" \/>\n<meta name=\"twitter:label1\" content=\"Tahmini okuma s\u00fcresi\" \/>\n\t<meta name=\"twitter:data1\" content=\"3 dakika\" \/>\n<script type=\"application\/ld+json\" class=\"yoast-schema-graph\">{\"@context\":\"https:\/\/schema.org\",\"@graph\":[{\"@type\":\"WebPage\",\"@id\":\"https:\/\/merkim.com.tr\/merkim-maket\/urun\/paracentesis-egitmeni-hafif-ten-rengi\/\",\"url\":\"https:\/\/merkim.com.tr\/merkim-maket\/urun\/paracentesis-egitmeni-hafif-ten-rengi\/\",\"name\":\"Paracentesis E\u011fitmeni (Hafif Ten Rengi) - Merkim Maket\",\"isPartOf\":{\"@id\":\"https:\/\/merkim.com.tr\/merkim-maket\/#website\"},\"primaryImageOfPage\":{\"@id\":\"https:\/\/merkim.com.tr\/merkim-maket\/urun\/paracentesis-egitmeni-hafif-ten-rengi\/#primaryimage\"},\"image\":{\"@id\":\"https:\/\/merkim.com.tr\/merkim-maket\/urun\/paracentesis-egitmeni-hafif-ten-rengi\/#primaryimage\"},\"thumbnailUrl\":\"https:\/\/merkim.com.tr\/merkim-maket\/wp-content\/uploads\/2025\/06\/urun-paracentesisegitmeni-abdominal-simulator.png\",\"datePublished\":\"2025-06-10T12:02:24+00:00\",\"dateModified\":\"2025-06-10T12:02:25+00:00\",\"description\":\"Paracentesis E\u011fitmeni (Hafif Ten Rengi), ultrason ve palpasyon rehberli paracentesis e\u011fitimi i\u00e7in ger\u00e7ek\u00e7i bir sim\u00fclat\u00f6rd\u00fcr. Ekol\u00fcsent pedler ve ekogenik organlarla asit te\u015fhisi \u00f6\u011fretir. Lateks i\u00e7ermez, kolay temizlenir. \u015eimdi ke\u015ffedin!\",\"breadcrumb\":{\"@id\":\"https:\/\/merkim.com.tr\/merkim-maket\/urun\/paracentesis-egitmeni-hafif-ten-rengi\/#breadcrumb\"},\"inLanguage\":\"tr\",\"potentialAction\":[{\"@type\":\"ReadAction\",\"target\":[\"https:\/\/merkim.com.tr\/merkim-maket\/urun\/paracentesis-egitmeni-hafif-ten-rengi\/\"]}]},{\"@type\":\"ImageObject\",\"inLanguage\":\"tr\",\"@id\":\"https:\/\/merkim.com.tr\/merkim-maket\/urun\/paracentesis-egitmeni-hafif-ten-rengi\/#primaryimage\",\"url\":\"https:\/\/merkim.com.tr\/merkim-maket\/wp-content\/uploads\/2025\/06\/urun-paracentesisegitmeni-abdominal-simulator.png\",\"contentUrl\":\"https:\/\/merkim.com.tr\/merkim-maket\/wp-content\/uploads\/2025\/06\/urun-paracentesisegitmeni-abdominal-simulator.png\",\"width\":800,\"height\":800,\"caption\":\"Paracentesis e\u011fitiminde ger\u00e7ek\u00e7i ve etkili sim\u00fclasyon\"},{\"@type\":\"BreadcrumbList\",\"@id\":\"https:\/\/merkim.com.tr\/merkim-maket\/urun\/paracentesis-egitmeni-hafif-ten-rengi\/#breadcrumb\",\"itemListElement\":[{\"@type\":\"ListItem\",\"position\":1,\"name\":\"Anasayfa\",\"item\":\"https:\/\/merkim.com.tr\/merkim-maket\/\"},{\"@type\":\"ListItem\",\"position\":2,\"name\":\"Ma\u011faza\",\"item\":\"https:\/\/merkim.com.tr\/merkim-maket\/magaza\/\"},{\"@type\":\"ListItem\",\"position\":3,\"name\":\"Paracentesis E\u011fitmeni (Hafif Ten Rengi)\"}]},{\"@type\":\"WebSite\",\"@id\":\"https:\/\/merkim.com.tr\/merkim-maket\/#website\",\"url\":\"https:\/\/merkim.com.tr\/merkim-maket\/\",\"name\":\"Merkim Maket\",\"description\":\"\",\"potentialAction\":[{\"@type\":\"SearchAction\",\"target\":{\"@type\":\"EntryPoint\",\"urlTemplate\":\"https:\/\/merkim.com.tr\/merkim-maket\/?s={search_term_string}\"},\"query-input\":{\"@type\":\"PropertyValueSpecification\",\"valueRequired\":true,\"valueName\":\"search_term_string\"}}],\"inLanguage\":\"tr\"}]}<\/script>\n<!-- \/ Yoast SEO plugin. -->","yoast_head_json":{"title":"Paracentesis E\u011fitmeni (Hafif Ten Rengi) - Merkim Maket","description":"Paracentesis E\u011fitmeni (Hafif Ten Rengi), ultrason ve palpasyon rehberli paracentesis e\u011fitimi i\u00e7in ger\u00e7ek\u00e7i bir sim\u00fclat\u00f6rd\u00fcr. Ekol\u00fcsent pedler ve ekogenik organlarla asit te\u015fhisi \u00f6\u011fretir. Lateks i\u00e7ermez, kolay temizlenir. \u015eimdi ke\u015ffedin!","robots":{"index":"index","follow":"follow","max-snippet":"max-snippet:-1","max-image-preview":"max-image-preview:large","max-video-preview":"max-video-preview:-1"},"canonical":"https:\/\/merkim.com.tr\/merkim-maket\/urun\/paracentesis-egitmeni-hafif-ten-rengi\/","og_locale":"tr_TR","og_type":"article","og_title":"Paracentesis E\u011fitmeni (Hafif Ten Rengi) - Merkim Maket","og_description":"Paracentesis E\u011fitmeni (Hafif Ten Rengi), ultrason ve palpasyon rehberli paracentesis e\u011fitimi i\u00e7in ger\u00e7ek\u00e7i bir sim\u00fclat\u00f6rd\u00fcr. Ekol\u00fcsent pedler ve ekogenik organlarla asit te\u015fhisi \u00f6\u011fretir. Lateks i\u00e7ermez, kolay temizlenir. \u015eimdi ke\u015ffedin!","og_url":"https:\/\/merkim.com.tr\/merkim-maket\/urun\/paracentesis-egitmeni-hafif-ten-rengi\/","og_site_name":"Merkim Maket","article_modified_time":"2025-06-10T12:02:25+00:00","og_image":[{"width":800,"height":800,"url":"https:\/\/merkim.com.tr\/merkim-maket\/wp-content\/uploads\/2025\/06\/urun-paracentesisegitmeni-abdominal-simulator.png","type":"image\/png"}],"twitter_card":"summary_large_image","twitter_misc":{"Tahmini okuma s\u00fcresi":"3 dakika"},"schema":{"@context":"https:\/\/schema.org","@graph":[{"@type":"WebPage","@id":"https:\/\/merkim.com.tr\/merkim-maket\/urun\/paracentesis-egitmeni-hafif-ten-rengi\/","url":"https:\/\/merkim.com.tr\/merkim-maket\/urun\/paracentesis-egitmeni-hafif-ten-rengi\/","name":"Paracentesis E\u011fitmeni (Hafif Ten Rengi) - Merkim Maket","isPartOf":{"@id":"https:\/\/merkim.com.tr\/merkim-maket\/#website"},"primaryImageOfPage":{"@id":"https:\/\/merkim.com.tr\/merkim-maket\/urun\/paracentesis-egitmeni-hafif-ten-rengi\/#primaryimage"},"image":{"@id":"https:\/\/merkim.com.tr\/merkim-maket\/urun\/paracentesis-egitmeni-hafif-ten-rengi\/#primaryimage"},"thumbnailUrl":"https:\/\/merkim.com.tr\/merkim-maket\/wp-content\/uploads\/2025\/06\/urun-paracentesisegitmeni-abdominal-simulator.png","datePublished":"2025-06-10T12:02:24+00:00","dateModified":"2025-06-10T12:02:25+00:00","description":"Paracentesis E\u011fitmeni (Hafif Ten Rengi), ultrason ve palpasyon rehberli paracentesis e\u011fitimi i\u00e7in ger\u00e7ek\u00e7i bir sim\u00fclat\u00f6rd\u00fcr. Ekol\u00fcsent pedler ve ekogenik organlarla asit te\u015fhisi \u00f6\u011fretir. Lateks i\u00e7ermez, kolay temizlenir. \u015eimdi ke\u015ffedin!","breadcrumb":{"@id":"https:\/\/merkim.com.tr\/merkim-maket\/urun\/paracentesis-egitmeni-hafif-ten-rengi\/#breadcrumb"},"inLanguage":"tr","potentialAction":[{"@type":"ReadAction","target":["https:\/\/merkim.com.tr\/merkim-maket\/urun\/paracentesis-egitmeni-hafif-ten-rengi\/"]}]},{"@type":"ImageObject","inLanguage":"tr","@id":"https:\/\/merkim.com.tr\/merkim-maket\/urun\/paracentesis-egitmeni-hafif-ten-rengi\/#primaryimage","url":"https:\/\/merkim.com.tr\/merkim-maket\/wp-content\/uploads\/2025\/06\/urun-paracentesisegitmeni-abdominal-simulator.png","contentUrl":"https:\/\/merkim.com.tr\/merkim-maket\/wp-content\/uploads\/2025\/06\/urun-paracentesisegitmeni-abdominal-simulator.png","width":800,"height":800,"caption":"Paracentesis e\u011fitiminde ger\u00e7ek\u00e7i ve etkili sim\u00fclasyon"},{"@type":"BreadcrumbList","@id":"https:\/\/merkim.com.tr\/merkim-maket\/urun\/paracentesis-egitmeni-hafif-ten-rengi\/#breadcrumb","itemListElement":[{"@type":"ListItem","position":1,"name":"Anasayfa","item":"https:\/\/merkim.com.tr\/merkim-maket\/"},{"@type":"ListItem","position":2,"name":"Ma\u011faza","item":"https:\/\/merkim.com.tr\/merkim-maket\/magaza\/"},{"@type":"ListItem","position":3,"name":"Paracentesis E\u011fitmeni (Hafif Ten Rengi)"}]},{"@type":"WebSite","@id":"https:\/\/merkim.com.tr\/merkim-maket\/#website","url":"https:\/\/merkim.com.tr\/merkim-maket\/","name":"Merkim Maket","description":"","potentialAction":[{"@type":"SearchAction","target":{"@type":"EntryPoint","urlTemplate":"https:\/\/merkim.com.tr\/merkim-maket\/?s={search_term_string}"},"query-input":{"@type":"PropertyValueSpecification","valueRequired":true,"valueName":"search_term_string"}}],"inLanguage":"tr"}]}},"_links":{"self":[{"href":"https:\/\/merkim.com.tr\/merkim-maket\/wp-json\/wp\/v2\/product\/164","targetHints":{"allow":["GET"]}}],"collection":[{"href":"https:\/\/merkim.com.tr\/merkim-maket\/wp-json\/wp\/v2\/product"}],"about":[{"href":"https:\/\/merkim.com.tr\/merkim-maket\/wp-json\/wp\/v2\/types\/product"}],"replies":[{"embeddable":true,"href":"https:\/\/merkim.com.tr\/merkim-maket\/wp-json\/wp\/v2\/comments?post=164"}],"wp:featuredmedia":[{"embeddable":true,"href":"https:\/\/merkim.com.tr\/merkim-maket\/wp-json\/wp\/v2\/media\/165"}],"wp:attachment":[{"href":"https:\/\/merkim.com.tr\/merkim-maket\/wp-json\/wp\/v2\/media?parent=164"}],"wp:term":[{"taxonomy":"product_brand","embeddable":true,"href":"https:\/\/merkim.com.tr\/merkim-maket\/wp-json\/wp\/v2\/product_brand?post=164"},{"taxonomy":"product_cat","embeddable":true,"href":"https:\/\/merkim.com.tr\/merkim-maket\/wp-json\/wp\/v2\/product_cat?post=164"},{"taxonomy":"product_tag","embeddable":true,"href":"https:\/\/merkim.com.tr\/merkim-maket\/wp-json\/wp\/v2\/product_tag?post=164"}],"curies":[{"name":"wp","href":"https:\/\/api.w.org\/{rel}","templated":true}]}}