{"id":157,"date":"2025-06-10T10:59:42","date_gmt":"2025-06-10T10:59:42","guid":{"rendered":"https:\/\/merkim.com.tr\/merkim-maket\/?post_type=product&#038;p=157"},"modified":"2025-06-10T11:00:56","modified_gmt":"2025-06-10T11:00:56","slug":"clinical-male-pelvic-trainer-cmpt-mk-2-advanced-hafif-ten-rengi","status":"publish","type":"product","link":"https:\/\/merkim.com.tr\/merkim-maket\/urun\/clinical-male-pelvic-trainer-cmpt-mk-2-advanced-hafif-ten-rengi\/","title":{"rendered":"Clinical Male Pelvic Trainer (CMPT) Mk 2 &#8211; Advanced (Hafif Ten Rengi)"},"content":{"rendered":"<p dir=\"ltr\" data-pm-slice=\"1 1 []\"><strong>Clinical Male Pelvic Trainer (CMPT) Mk 2 &#8211; Advanced: Erkek Pelvik Muayene E\u011fitiminde Ger\u00e7ek\u00e7i ve Kapsaml\u0131 \u00c7\u00f6z\u00fcm<\/strong><\/p>\n<p dir=\"ltr\">Clinical Male Pelvic Trainer (CMPT) Mk 2 &#8211; Advanced, erkek pelvik muayene e\u011fitiminde lider bir sim\u00fclat\u00f6r olarak tasarlanm\u0131\u015ft\u0131r ve t\u0131p \u00f6\u011frencileri, \u00fcrologlar, aile hekimleri ve erkek sa\u011fl\u0131\u011f\u0131 uzmanlar\u0131 i\u00e7in uygulamal\u0131 e\u011fitimde e\u015fsiz bir deneyim sunar. Hafif ten rengiyle sunulan bu anatomik olarak do\u011fru sim\u00fclat\u00f6r, normal erkek anatomisi ile birlikte 6 patolojik penil mod\u00fcl i\u00e7erir ve \u00e7e\u015fitli patolojilerin te\u015fhis edilmesinde kapsaml\u0131 bir \u00f6\u011frenme deneyimi sa\u011flar. Birle\u015fik Krall\u0131k\u2019taki \u00f6nde gelen t\u0131p kurumlar\u0131yla (Liverpool \u00dcniversitesi Klinik Beceriler Kaynak Merkezi, Imperial College, Guy\u2019s Hospital, Southmead Hospital ve Southampton \u00dcniversitesi) i\u015f birli\u011fi i\u00e7inde geli\u015ftirilen bu sim\u00fclat\u00f6r, Journal of Surgical Education (2017) taraf\u0131ndan y\u00fcksek \u201cy\u00fcz ge\u00e7erlili\u011fi\u201d ile \u00f6v\u00fclm\u00fc\u015ft\u00fcr ve t\u0131p e\u011fitim m\u00fcfredat\u0131nda de\u011ferli bir ara\u00e7 olarak \u00f6nerilmektedir.<\/p>\n<p dir=\"ltr\">CMPT Mk 2 &#8211; Advanced, erkek genital muayenesinin t\u00fcm y\u00f6nlerini kapsar: g\u00f6rsel inceleme (testislerde seviye, \u015fi\u015flik, \u00f6dem ve kitleler; s\u00fcnnet derisinin geri \u00e7ekilmesiyle penil kanser de\u011ferlendirmesi) ve palpasyon (testislerin alt, orta ve \u00fcst k\u0131s\u0131mlar\u0131n\u0131 hissetme, epididimin \u00fcst ve alt kutuplar\u0131n\u0131 tespit etme, skrotum boynunu ba\u015fparmak \u00f6nde ve i\u015faret parma\u011f\u0131 arkada olacak \u015fekilde de\u011ferlendirme). Dahil edilen 7 mod\u00fcl, normal anatomi, varikosel, testik\u00fcler t\u00fcm\u00f6r ve penil kanser, epididimal kistler, hidrosel, epididimitis\/epididimo-orkitis ve indirekt inguinal herni gibi patolojileri temsil eder. S\u00fcnnetli ve s\u00fcnnetsiz anatomi i\u00e7in de\u011fi\u015ftirilebilir s\u00fcnnet derisi paketi, ger\u00e7ek\u00e7i bir muayene deneyimi sunar.<\/p>\n<p dir=\"ltr\">Yumu\u015fak doku genital ve kar\u0131n duvar\u0131, net anatomik i\u015faretler ve ger\u00e7ek\u00e7i tepki veren penis, s\u00fcnnet derisi ve skrotum ile bu sim\u00fclat\u00f6r, hem ayakta hem de yatar pozisyonda pelvik muayene e\u011fitimi i\u00e7in uygundur. Mod\u00fcller h\u0131zl\u0131 ve kolay bir \u015fekilde de\u011fi\u015ftirilebilir, bu da e\u011fitim s\u00fcre\u00e7lerini verimli hale getirir. Lateks i\u00e7ermeyen d\u0131\u015f y\u00fczeyler (Mod\u00fcl 5 ve 7 hari\u00e7) g\u00fcvenli bir kullan\u0131m sa\u011flar ve y\u00fczeyler sabunlu suyla kolayca temizlenebilir. Su bazl\u0131 kayd\u0131r\u0131c\u0131 kullan\u0131m\u0131 ve uygun bak\u0131m talimatlar\u0131, sim\u00fclat\u00f6r\u00fcn uzun \u00f6m\u00fcrl\u00fc olmas\u0131n\u0131 garanti eder. Sim\u00fcle edilmi\u015f hasta ile birlikte kullan\u0131labilen bu trainer, profesyonel-hasta ileti\u015fim becerilerini geli\u015ftirmek i\u00e7in de idealdir.<\/p>\n<p dir=\"ltr\"><strong>Neden CMPT Mk 2 &#8211; Advanced\u2019i Se\u00e7melisiniz?<\/strong><\/p>\n<ul class=\"tight\" dir=\"ltr\" data-tight=\"true\">\n<li>\n<p dir=\"ltr\">Anatomik olarak do\u011fru erkek pelvis sim\u00fclasyonu<\/p>\n<\/li>\n<li>\n<p dir=\"ltr\">7 farkl\u0131 mod\u00fcl ile geni\u015f patoloji yelpazesi<\/p>\n<\/li>\n<li>\n<p dir=\"ltr\">S\u00fcnnetli ve s\u00fcnnetsiz anatomi i\u00e7in s\u00fcnnet derisi paketi<\/p>\n<\/li>\n<li>\n<p dir=\"ltr\">Ger\u00e7ek\u00e7i doku ve palpasyon deneyimi<\/p>\n<\/li>\n<li>\n<p dir=\"ltr\">\u00d6nde gelen t\u0131p kurumlar\u0131 taraf\u0131ndan geli\u015ftirilmi\u015f ve onaylanm\u0131\u015f<\/p>\n<\/li>\n<li>\n<p dir=\"ltr\">T\u0131p e\u011fitiminde kan\u0131tlanm\u0131\u015f etkinlik (Journal of Surgical Education, 2017)<\/p>\n<\/li>\n<\/ul>\n<p dir=\"ltr\">Erkek pelvik muayene e\u011fitiminde standartlar\u0131 y\u00fckseltmek i\u00e7in CMPT Mk 2 &#8211; Advanced\u2019i tercih edin ve hasta bak\u0131m\u0131nda fark yarat\u0131n.<\/p>\n","protected":false},"excerpt":{"rendered":"<p dir=\"ltr\" data-pm-slice=\"1 1 []\">CMPT Mk 2 &#8211; Advanced, hafif ten renginde, erkek pelvik muayene e\u011fitimi i\u00e7in anatomik olarak do\u011fru bir sim\u00fclat\u00f6rd\u00fcr. 7 patolojik mod\u00fcl, s\u00fcnnet derisi paketi ve ger\u00e7ek\u00e7i dokularla, normal ve patolojik durumlar\u0131n te\u015fhisinde kapsaml\u0131 bir e\u011fitim sunar.<\/p>\n","protected":false},"featured_media":158,"comment_status":"open","ping_status":"closed","template":"","meta":[],"product_brand":[129],"product_cat":[15,523,128],"product_tag":[534,538,540,533,532,539,541,529,536,542,535,478,45,243,537],"class_list":{"0":"post-157","1":"product","2":"type-product","3":"status-publish","4":"has-post-thumbnail","6":"product_brand-limbs-things","7":"product_cat-genel","8":"product_cat-acil-tip","9":"product_cat-limbs-things","10":"product_tag-cmpt-mk-2","11":"product_tag-epididimal-kist","12":"product_tag-epididimitis","13":"product_tag-erkek-pelvik-muayene","14":"product_tag-hafif-ten-rengi","15":"product_tag-hidrosel","16":"product_tag-inguinal-herni","17":"product_tag-pelvik-trainer","18":"product_tag-penil-kanser","19":"product_tag-sunnet-derisi","20":"product_tag-testikuler-tumor","21":"product_tag-tibbi-simulator","22":"product_tag-tip-egitimi","23":"product_tag-uroloji-egitimi","24":"product_tag-varikosel","26":"first","27":"instock","28":"shipping-taxable","29":"product-type-simple"},"yoast_head":"<!-- This site is optimized with the Yoast SEO plugin v25.2 - https:\/\/yoast.com\/wordpress\/plugins\/seo\/ -->\n<title>Clinical Male Pelvic Trainer (CMPT) Mk 2 - Advanced (Hafif Ten Rengi) - Merkim Maket<\/title>\n<meta name=\"description\" content=\"CMPT Mk 2 - Advanced, erkek pelvik muayene e\u011fitimi i\u00e7in anatomik olarak do\u011fru bir sim\u00fclat\u00f6rd\u00fcr. 7 patolojik mod\u00fcl ve s\u00fcnnet derisi ile ger\u00e7ek\u00e7i e\u011fitim sunar. \u00dcroloji ve t\u0131p e\u011fitiminde m\u00fckemmeliyet i\u00e7in \u015fimdi ke\u015ffedin!\" \/>\n<meta name=\"robots\" content=\"index, follow, max-snippet:-1, max-image-preview:large, max-video-preview:-1\" \/>\n<link rel=\"canonical\" href=\"https:\/\/merkim.com.tr\/merkim-maket\/urun\/clinical-male-pelvic-trainer-cmpt-mk-2-advanced-hafif-ten-rengi\/\" \/>\n<meta property=\"og:locale\" content=\"tr_TR\" \/>\n<meta property=\"og:type\" content=\"article\" \/>\n<meta property=\"og:title\" content=\"Clinical Male Pelvic Trainer (CMPT) Mk 2 - Advanced (Hafif Ten Rengi) - Merkim Maket\" \/>\n<meta property=\"og:description\" content=\"CMPT Mk 2 - Advanced, erkek pelvik muayene e\u011fitimi i\u00e7in anatomik olarak do\u011fru bir sim\u00fclat\u00f6rd\u00fcr. 7 patolojik mod\u00fcl ve s\u00fcnnet derisi ile ger\u00e7ek\u00e7i e\u011fitim sunar. \u00dcroloji ve t\u0131p e\u011fitiminde m\u00fckemmeliyet i\u00e7in \u015fimdi ke\u015ffedin!\" \/>\n<meta property=\"og:url\" content=\"https:\/\/merkim.com.tr\/merkim-maket\/urun\/clinical-male-pelvic-trainer-cmpt-mk-2-advanced-hafif-ten-rengi\/\" \/>\n<meta property=\"og:site_name\" content=\"Merkim Maket\" \/>\n<meta property=\"article:modified_time\" content=\"2025-06-10T11:00:56+00:00\" \/>\n<meta property=\"og:image\" content=\"https:\/\/merkim.com.tr\/merkim-maket\/wp-content\/uploads\/2025\/06\/urun-cmptrk2advanced-uroloji-simulator.png\" \/>\n\t<meta property=\"og:image:width\" content=\"800\" \/>\n\t<meta property=\"og:image:height\" content=\"800\" \/>\n\t<meta property=\"og:image:type\" content=\"image\/png\" \/>\n<meta name=\"twitter:card\" content=\"summary_large_image\" \/>\n<meta name=\"twitter:label1\" content=\"Tahmini okuma s\u00fcresi\" \/>\n\t<meta name=\"twitter:data1\" content=\"3 dakika\" \/>\n<script type=\"application\/ld+json\" class=\"yoast-schema-graph\">{\"@context\":\"https:\/\/schema.org\",\"@graph\":[{\"@type\":\"WebPage\",\"@id\":\"https:\/\/merkim.com.tr\/merkim-maket\/urun\/clinical-male-pelvic-trainer-cmpt-mk-2-advanced-hafif-ten-rengi\/\",\"url\":\"https:\/\/merkim.com.tr\/merkim-maket\/urun\/clinical-male-pelvic-trainer-cmpt-mk-2-advanced-hafif-ten-rengi\/\",\"name\":\"Clinical Male Pelvic Trainer (CMPT) Mk 2 - Advanced (Hafif Ten Rengi) - Merkim Maket\",\"isPartOf\":{\"@id\":\"https:\/\/merkim.com.tr\/merkim-maket\/#website\"},\"primaryImageOfPage\":{\"@id\":\"https:\/\/merkim.com.tr\/merkim-maket\/urun\/clinical-male-pelvic-trainer-cmpt-mk-2-advanced-hafif-ten-rengi\/#primaryimage\"},\"image\":{\"@id\":\"https:\/\/merkim.com.tr\/merkim-maket\/urun\/clinical-male-pelvic-trainer-cmpt-mk-2-advanced-hafif-ten-rengi\/#primaryimage\"},\"thumbnailUrl\":\"https:\/\/merkim.com.tr\/merkim-maket\/wp-content\/uploads\/2025\/06\/urun-cmptrk2advanced-uroloji-simulator.png\",\"datePublished\":\"2025-06-10T10:59:42+00:00\",\"dateModified\":\"2025-06-10T11:00:56+00:00\",\"description\":\"CMPT Mk 2 - Advanced, erkek pelvik muayene e\u011fitimi i\u00e7in anatomik olarak do\u011fru bir sim\u00fclat\u00f6rd\u00fcr. 7 patolojik mod\u00fcl ve s\u00fcnnet derisi ile ger\u00e7ek\u00e7i e\u011fitim sunar. \u00dcroloji ve t\u0131p e\u011fitiminde m\u00fckemmeliyet i\u00e7in \u015fimdi ke\u015ffedin!\",\"breadcrumb\":{\"@id\":\"https:\/\/merkim.com.tr\/merkim-maket\/urun\/clinical-male-pelvic-trainer-cmpt-mk-2-advanced-hafif-ten-rengi\/#breadcrumb\"},\"inLanguage\":\"tr\",\"potentialAction\":[{\"@type\":\"ReadAction\",\"target\":[\"https:\/\/merkim.com.tr\/merkim-maket\/urun\/clinical-male-pelvic-trainer-cmpt-mk-2-advanced-hafif-ten-rengi\/\"]}]},{\"@type\":\"ImageObject\",\"inLanguage\":\"tr\",\"@id\":\"https:\/\/merkim.com.tr\/merkim-maket\/urun\/clinical-male-pelvic-trainer-cmpt-mk-2-advanced-hafif-ten-rengi\/#primaryimage\",\"url\":\"https:\/\/merkim.com.tr\/merkim-maket\/wp-content\/uploads\/2025\/06\/urun-cmptrk2advanced-uroloji-simulator.png\",\"contentUrl\":\"https:\/\/merkim.com.tr\/merkim-maket\/wp-content\/uploads\/2025\/06\/urun-cmptrk2advanced-uroloji-simulator.png\",\"width\":800,\"height\":800,\"caption\":\"Erkek pelvik muayene e\u011fitiminde ger\u00e7ek\u00e7i sim\u00fclasyon\"},{\"@type\":\"BreadcrumbList\",\"@id\":\"https:\/\/merkim.com.tr\/merkim-maket\/urun\/clinical-male-pelvic-trainer-cmpt-mk-2-advanced-hafif-ten-rengi\/#breadcrumb\",\"itemListElement\":[{\"@type\":\"ListItem\",\"position\":1,\"name\":\"Anasayfa\",\"item\":\"https:\/\/merkim.com.tr\/merkim-maket\/\"},{\"@type\":\"ListItem\",\"position\":2,\"name\":\"Ma\u011faza\",\"item\":\"https:\/\/merkim.com.tr\/merkim-maket\/magaza\/\"},{\"@type\":\"ListItem\",\"position\":3,\"name\":\"Clinical Male Pelvic Trainer (CMPT) Mk 2 &#8211; Advanced (Hafif Ten Rengi)\"}]},{\"@type\":\"WebSite\",\"@id\":\"https:\/\/merkim.com.tr\/merkim-maket\/#website\",\"url\":\"https:\/\/merkim.com.tr\/merkim-maket\/\",\"name\":\"Merkim Maket\",\"description\":\"\",\"potentialAction\":[{\"@type\":\"SearchAction\",\"target\":{\"@type\":\"EntryPoint\",\"urlTemplate\":\"https:\/\/merkim.com.tr\/merkim-maket\/?s={search_term_string}\"},\"query-input\":{\"@type\":\"PropertyValueSpecification\",\"valueRequired\":true,\"valueName\":\"search_term_string\"}}],\"inLanguage\":\"tr\"}]}<\/script>\n<!-- \/ Yoast SEO plugin. -->","yoast_head_json":{"title":"Clinical Male Pelvic Trainer (CMPT) Mk 2 - Advanced (Hafif Ten Rengi) - Merkim Maket","description":"CMPT Mk 2 - Advanced, erkek pelvik muayene e\u011fitimi i\u00e7in anatomik olarak do\u011fru bir sim\u00fclat\u00f6rd\u00fcr. 7 patolojik mod\u00fcl ve s\u00fcnnet derisi ile ger\u00e7ek\u00e7i e\u011fitim sunar. \u00dcroloji ve t\u0131p e\u011fitiminde m\u00fckemmeliyet i\u00e7in \u015fimdi ke\u015ffedin!","robots":{"index":"index","follow":"follow","max-snippet":"max-snippet:-1","max-image-preview":"max-image-preview:large","max-video-preview":"max-video-preview:-1"},"canonical":"https:\/\/merkim.com.tr\/merkim-maket\/urun\/clinical-male-pelvic-trainer-cmpt-mk-2-advanced-hafif-ten-rengi\/","og_locale":"tr_TR","og_type":"article","og_title":"Clinical Male Pelvic Trainer (CMPT) Mk 2 - Advanced (Hafif Ten Rengi) - Merkim Maket","og_description":"CMPT Mk 2 - Advanced, erkek pelvik muayene e\u011fitimi i\u00e7in anatomik olarak do\u011fru bir sim\u00fclat\u00f6rd\u00fcr. 7 patolojik mod\u00fcl ve s\u00fcnnet derisi ile ger\u00e7ek\u00e7i e\u011fitim sunar. \u00dcroloji ve t\u0131p e\u011fitiminde m\u00fckemmeliyet i\u00e7in \u015fimdi ke\u015ffedin!","og_url":"https:\/\/merkim.com.tr\/merkim-maket\/urun\/clinical-male-pelvic-trainer-cmpt-mk-2-advanced-hafif-ten-rengi\/","og_site_name":"Merkim Maket","article_modified_time":"2025-06-10T11:00:56+00:00","og_image":[{"width":800,"height":800,"url":"https:\/\/merkim.com.tr\/merkim-maket\/wp-content\/uploads\/2025\/06\/urun-cmptrk2advanced-uroloji-simulator.png","type":"image\/png"}],"twitter_card":"summary_large_image","twitter_misc":{"Tahmini okuma s\u00fcresi":"3 dakika"},"schema":{"@context":"https:\/\/schema.org","@graph":[{"@type":"WebPage","@id":"https:\/\/merkim.com.tr\/merkim-maket\/urun\/clinical-male-pelvic-trainer-cmpt-mk-2-advanced-hafif-ten-rengi\/","url":"https:\/\/merkim.com.tr\/merkim-maket\/urun\/clinical-male-pelvic-trainer-cmpt-mk-2-advanced-hafif-ten-rengi\/","name":"Clinical Male Pelvic Trainer (CMPT) Mk 2 - Advanced (Hafif Ten Rengi) - Merkim Maket","isPartOf":{"@id":"https:\/\/merkim.com.tr\/merkim-maket\/#website"},"primaryImageOfPage":{"@id":"https:\/\/merkim.com.tr\/merkim-maket\/urun\/clinical-male-pelvic-trainer-cmpt-mk-2-advanced-hafif-ten-rengi\/#primaryimage"},"image":{"@id":"https:\/\/merkim.com.tr\/merkim-maket\/urun\/clinical-male-pelvic-trainer-cmpt-mk-2-advanced-hafif-ten-rengi\/#primaryimage"},"thumbnailUrl":"https:\/\/merkim.com.tr\/merkim-maket\/wp-content\/uploads\/2025\/06\/urun-cmptrk2advanced-uroloji-simulator.png","datePublished":"2025-06-10T10:59:42+00:00","dateModified":"2025-06-10T11:00:56+00:00","description":"CMPT Mk 2 - Advanced, erkek pelvik muayene e\u011fitimi i\u00e7in anatomik olarak do\u011fru bir sim\u00fclat\u00f6rd\u00fcr. 7 patolojik mod\u00fcl ve s\u00fcnnet derisi ile ger\u00e7ek\u00e7i e\u011fitim sunar. \u00dcroloji ve t\u0131p e\u011fitiminde m\u00fckemmeliyet i\u00e7in \u015fimdi ke\u015ffedin!","breadcrumb":{"@id":"https:\/\/merkim.com.tr\/merkim-maket\/urun\/clinical-male-pelvic-trainer-cmpt-mk-2-advanced-hafif-ten-rengi\/#breadcrumb"},"inLanguage":"tr","potentialAction":[{"@type":"ReadAction","target":["https:\/\/merkim.com.tr\/merkim-maket\/urun\/clinical-male-pelvic-trainer-cmpt-mk-2-advanced-hafif-ten-rengi\/"]}]},{"@type":"ImageObject","inLanguage":"tr","@id":"https:\/\/merkim.com.tr\/merkim-maket\/urun\/clinical-male-pelvic-trainer-cmpt-mk-2-advanced-hafif-ten-rengi\/#primaryimage","url":"https:\/\/merkim.com.tr\/merkim-maket\/wp-content\/uploads\/2025\/06\/urun-cmptrk2advanced-uroloji-simulator.png","contentUrl":"https:\/\/merkim.com.tr\/merkim-maket\/wp-content\/uploads\/2025\/06\/urun-cmptrk2advanced-uroloji-simulator.png","width":800,"height":800,"caption":"Erkek pelvik muayene e\u011fitiminde ger\u00e7ek\u00e7i sim\u00fclasyon"},{"@type":"BreadcrumbList","@id":"https:\/\/merkim.com.tr\/merkim-maket\/urun\/clinical-male-pelvic-trainer-cmpt-mk-2-advanced-hafif-ten-rengi\/#breadcrumb","itemListElement":[{"@type":"ListItem","position":1,"name":"Anasayfa","item":"https:\/\/merkim.com.tr\/merkim-maket\/"},{"@type":"ListItem","position":2,"name":"Ma\u011faza","item":"https:\/\/merkim.com.tr\/merkim-maket\/magaza\/"},{"@type":"ListItem","position":3,"name":"Clinical Male Pelvic Trainer (CMPT) Mk 2 &#8211; Advanced (Hafif Ten Rengi)"}]},{"@type":"WebSite","@id":"https:\/\/merkim.com.tr\/merkim-maket\/#website","url":"https:\/\/merkim.com.tr\/merkim-maket\/","name":"Merkim Maket","description":"","potentialAction":[{"@type":"SearchAction","target":{"@type":"EntryPoint","urlTemplate":"https:\/\/merkim.com.tr\/merkim-maket\/?s={search_term_string}"},"query-input":{"@type":"PropertyValueSpecification","valueRequired":true,"valueName":"search_term_string"}}],"inLanguage":"tr"}]}},"_links":{"self":[{"href":"https:\/\/merkim.com.tr\/merkim-maket\/wp-json\/wp\/v2\/product\/157","targetHints":{"allow":["GET"]}}],"collection":[{"href":"https:\/\/merkim.com.tr\/merkim-maket\/wp-json\/wp\/v2\/product"}],"about":[{"href":"https:\/\/merkim.com.tr\/merkim-maket\/wp-json\/wp\/v2\/types\/product"}],"replies":[{"embeddable":true,"href":"https:\/\/merkim.com.tr\/merkim-maket\/wp-json\/wp\/v2\/comments?post=157"}],"wp:featuredmedia":[{"embeddable":true,"href":"https:\/\/merkim.com.tr\/merkim-maket\/wp-json\/wp\/v2\/media\/158"}],"wp:attachment":[{"href":"https:\/\/merkim.com.tr\/merkim-maket\/wp-json\/wp\/v2\/media?parent=157"}],"wp:term":[{"taxonomy":"product_brand","embeddable":true,"href":"https:\/\/merkim.com.tr\/merkim-maket\/wp-json\/wp\/v2\/product_brand?post=157"},{"taxonomy":"product_cat","embeddable":true,"href":"https:\/\/merkim.com.tr\/merkim-maket\/wp-json\/wp\/v2\/product_cat?post=157"},{"taxonomy":"product_tag","embeddable":true,"href":"https:\/\/merkim.com.tr\/merkim-maket\/wp-json\/wp\/v2\/product_tag?post=157"}],"curies":[{"name":"wp","href":"https:\/\/api.w.org\/{rel}","templated":true}]}}