{"id":148,"date":"2025-06-10T09:18:49","date_gmt":"2025-06-10T09:18:49","guid":{"rendered":"https:\/\/merkim.com.tr\/merkim-maket\/?post_type=product&#038;p=148"},"modified":"2025-06-10T09:18:49","modified_gmt":"2025-06-10T09:18:49","slug":"professional-skin-pad-mk-3-small-pack-of-4-light-skin-tone-cerrahi-kesim-ve-dikis-teknikleri-egitim-seti","status":"publish","type":"product","link":"https:\/\/merkim.com.tr\/merkim-maket\/urun\/professional-skin-pad-mk-3-small-pack-of-4-light-skin-tone-cerrahi-kesim-ve-dikis-teknikleri-egitim-seti\/","title":{"rendered":"Professional Skin Pad Mk 3 &#8211; Small (Pack of 4, Light Skin Tone) &#8211; Cerrahi Kesim ve Diki\u015f Teknikleri E\u011fitim Seti"},"content":{"rendered":"<h3><strong>Cerrahi Beceri E\u011fitimi i\u00e7in Geli\u015fmi\u015f \u00dc\u00e7 Katmanl\u0131 Deri Sim\u00fclat\u00f6r\u00fc<\/strong><\/h3>\n<p class=\"ds-markdown-paragraph\"><strong>Professional Skin Pad Mk 3<\/strong>, cerrahi kesim ve diki\u015f tekniklerinin \u00f6\u011fretilmesi i\u00e7in \u00f6zel olarak geli\u015ftirilmi\u015f yeni nesil bir e\u011fitim arac\u0131d\u0131r. Bu \u00fc\u00e7 katmanl\u0131 deri modeli, ger\u00e7ek insan derisinin anatomik ve mekanik \u00f6zelliklerini birebir taklit ederek, t\u0131p \u00f6\u011frencileri ve cerrahlar i\u00e7in son derece ger\u00e7ek\u00e7i bir e\u011fitim deneyimi sunar.<\/p>\n<h3><strong>\u00dcst\u00fcn \u00d6zellikler ve Yenilikler<\/strong><\/h3>\n<p class=\"ds-markdown-paragraph\">\u2714\u00a0<strong>Ger\u00e7ek\u00e7i Anatomik Yap\u0131:<\/strong><\/p>\n<ul>\n<li>\n<p class=\"ds-markdown-paragraph\"><strong>\u00dc\u00e7 farkl\u0131 katman<\/strong>\u00a0(pembe epidermis, beyaz dermis ve sar\u0131 subkutan ya\u011f)<\/p>\n<\/li>\n<li>\n<p class=\"ds-markdown-paragraph\">\u0130nsan derisi kal\u0131nl\u0131\u011f\u0131na uygun tasar\u0131m<\/p>\n<\/li>\n<li>\n<p class=\"ds-markdown-paragraph\">Y\u00f6nl\u00fc kolajen yap\u0131y\u0131 taklit eden\u00a0<strong>tek y\u00f6nl\u00fc esneme \u00f6zelli\u011fi<\/strong><\/p>\n<\/li>\n<\/ul>\n<p class=\"ds-markdown-paragraph\">\u2714\u00a0<strong>Geli\u015fmi\u015f Ger\u00e7ek\u00e7ilik:<\/strong><\/p>\n<ul>\n<li>\n<p class=\"ds-markdown-paragraph\">Ger\u00e7ek deri dokusuna benzeyen y\u00fczey dokusu<\/p>\n<\/li>\n<li>\n<p class=\"ds-markdown-paragraph\">Diki\u015f tutu\u015funda ger\u00e7ek deriyle ayn\u0131 diren\u00e7<\/p>\n<\/li>\n<li>\n<p class=\"ds-markdown-paragraph\">Kesim s\u0131ras\u0131nda ger\u00e7ek\u00e7i doku tepkisi<\/p>\n<\/li>\n<\/ul>\n<p class=\"ds-markdown-paragraph\">\u2714\u00a0<strong>\u00c7ok Y\u00f6nl\u00fc Kullan\u0131m:<\/strong><\/p>\n<ul>\n<li>\n<p class=\"ds-markdown-paragraph\"><strong>Skin Pad Jig Mk 3<\/strong>\u00a0ile birlikte kullan\u0131m imkan\u0131 (ayr\u0131ca sat\u0131l\u0131r)<\/p>\n<\/li>\n<li>\n<p class=\"ds-markdown-paragraph\">Ba\u015flang\u0131\u00e7 seviyesinden uzman cerrahlara kadar geni\u015f kullan\u0131m yelpazesi<\/p>\n<\/li>\n<li>\n<p class=\"ds-markdown-paragraph\">Hem a\u00e7\u0131k hem de kapal\u0131 cerrahi teknikler i\u00e7in uygun<\/p>\n<\/li>\n<\/ul>\n<h3><strong>E\u011fitimde Kazan\u0131lan Temel Beceriler<\/strong><\/h3>\n<ul>\n<li>\n<p class=\"ds-markdown-paragraph\"><strong>Lineer, elips \u015feklinde ve flep kesiler<\/strong><\/p>\n<\/li>\n<li>\n<p class=\"ds-markdown-paragraph\"><strong>Subkutan doku ayr\u0131\u015ft\u0131rma (undermining)<\/strong><\/p>\n<\/li>\n<li>\n<p class=\"ds-markdown-paragraph\"><strong>Basit ve ileri d\u00fczey kesikli diki\u015f teknikleri<\/strong><\/p>\n<\/li>\n<li>\n<p class=\"ds-markdown-paragraph\"><strong>Subk\u00fctik\u00fcler s\u00fcrekli diki\u015f<\/strong><\/p>\n<\/li>\n<li>\n<p class=\"ds-markdown-paragraph\"><strong>Cerrahi z\u0131mba kullan\u0131m\u0131<\/strong><\/p>\n<\/li>\n<li>\n<p class=\"ds-markdown-paragraph\"><strong>Yap\u0131\u015fkan \u015ferit uygulamalar\u0131<\/strong><\/p>\n<\/li>\n<\/ul>\n<h3><strong>Teknik \u00d6zellikler<\/strong><\/h3>\n<ul>\n<li>\n<p class=\"ds-markdown-paragraph\"><strong>Boyutlar:<\/strong>\u00a0125mm x 72mm<\/p>\n<\/li>\n<li>\n<p class=\"ds-markdown-paragraph\"><strong>Paket \u0130\u00e7eri\u011fi:<\/strong>\u00a04 adet deri pedi<\/p>\n<\/li>\n<li>\n<p class=\"ds-markdown-paragraph\"><strong>Latex i\u00e7ermez<\/strong>\u00a0&#8211; Alerji riski yoktur<\/p>\n<\/li>\n<li>\n<p class=\"ds-markdown-paragraph\"><strong>Cilt tonu:<\/strong>\u00a0A\u00e7\u0131k ten rengi<\/p>\n<\/li>\n<\/ul>\n","protected":false},"excerpt":{"rendered":"<p><strong>Professional Skin Pad Mk 3<\/strong>, cerrahi kesim ve diki\u015f tekniklerinin \u00f6\u011fretilmesi i\u00e7in geli\u015ftirilmi\u015f \u00fc\u00e7 katmanl\u0131, ger\u00e7ek\u00e7i deri sim\u00fclat\u00f6r\u00fcd\u00fcr. \u0130nsan derisinin mekanik \u00f6zelliklerini birebir taklit eden bu e\u011fitim seti, 4 adet deri pedi i\u00e7erir ve Skin Pad Jig Mk 3 ile birlikte kullan\u0131labilir.<\/p>\n","protected":false},"featured_media":149,"comment_status":"open","ping_status":"closed","template":"","meta":[],"product_brand":[129],"product_cat":[15,485,128],"product_tag":[324,512,515,500,513,516,514,496],"class_list":{"0":"post-148","1":"product","2":"type-product","3":"status-publish","4":"has-post-thumbnail","6":"product_brand-limbs-things","7":"product_cat-genel","8":"product_cat-anestezi","9":"product_cat-limbs-things","10":"product_tag-cerrahi-beceri-gelistirme","11":"product_tag-cerrahi-dikis-egitim-seti","12":"product_tag-cerrahi-kesim-egitimi","13":"product_tag-latex-free-tip-simulatoru","14":"product_tag-profesyonel-deri-simulatoru","15":"product_tag-skin-pad-mk3","16":"product_tag-tibbi-dikis-teknikleri","17":"product_tag-tip-egitim-malzemeleri","19":"first","20":"instock","21":"shipping-taxable","22":"product-type-simple"},"yoast_head":"<!-- This site is optimized with the Yoast SEO plugin v25.2 - https:\/\/yoast.com\/wordpress\/plugins\/seo\/ -->\n<title>Professional Skin Pad Mk 3 - Small (Pack of 4, Light Skin Tone) - Cerrahi Kesim ve Diki\u015f Teknikleri E\u011fitim Seti - Merkim Maket<\/title>\n<meta name=\"description\" content=\"Professional Skin Pad Mk 3 ile cerrahi kesim ve diki\u015f tekniklerini ger\u00e7ek\u00e7i bir ortamda \u00f6\u011frenin! \u00dc\u00e7 katmanl\u0131 yap\u0131s\u0131, ger\u00e7ek deri mekani\u011fi ve 4&#039;l\u00fc set avantaj\u0131yla profesyonel cerrahi e\u011fitim \u00e7\u00f6z\u00fcm\u00fc.\" \/>\n<meta name=\"robots\" content=\"index, follow, max-snippet:-1, max-image-preview:large, max-video-preview:-1\" \/>\n<link rel=\"canonical\" href=\"https:\/\/merkim.com.tr\/merkim-maket\/urun\/professional-skin-pad-mk-3-small-pack-of-4-light-skin-tone-cerrahi-kesim-ve-dikis-teknikleri-egitim-seti\/\" \/>\n<meta property=\"og:locale\" content=\"tr_TR\" \/>\n<meta property=\"og:type\" content=\"article\" \/>\n<meta property=\"og:title\" content=\"Professional Skin Pad Mk 3 - Small (Pack of 4, Light Skin Tone) - Cerrahi Kesim ve Diki\u015f Teknikleri E\u011fitim Seti - Merkim Maket\" \/>\n<meta property=\"og:description\" content=\"Professional Skin Pad Mk 3 ile cerrahi kesim ve diki\u015f tekniklerini ger\u00e7ek\u00e7i bir ortamda \u00f6\u011frenin! \u00dc\u00e7 katmanl\u0131 yap\u0131s\u0131, ger\u00e7ek deri mekani\u011fi ve 4&#039;l\u00fc set avantaj\u0131yla profesyonel cerrahi e\u011fitim \u00e7\u00f6z\u00fcm\u00fc.\" \/>\n<meta property=\"og:url\" content=\"https:\/\/merkim.com.tr\/merkim-maket\/urun\/professional-skin-pad-mk-3-small-pack-of-4-light-skin-tone-cerrahi-kesim-ve-dikis-teknikleri-egitim-seti\/\" \/>\n<meta property=\"og:site_name\" content=\"Merkim Maket\" \/>\n<meta property=\"og:image\" content=\"https:\/\/merkim.com.tr\/merkim-maket\/wp-content\/uploads\/2025\/06\/professional-skin-pad-mk3-light-skin-tone.png\" \/>\n\t<meta property=\"og:image:width\" content=\"800\" \/>\n\t<meta property=\"og:image:height\" content=\"800\" \/>\n\t<meta property=\"og:image:type\" content=\"image\/png\" \/>\n<meta name=\"twitter:card\" content=\"summary_large_image\" \/>\n<meta name=\"twitter:label1\" content=\"Tahmini okuma s\u00fcresi\" \/>\n\t<meta name=\"twitter:data1\" content=\"2 dakika\" \/>\n<script type=\"application\/ld+json\" class=\"yoast-schema-graph\">{\"@context\":\"https:\/\/schema.org\",\"@graph\":[{\"@type\":\"WebPage\",\"@id\":\"https:\/\/merkim.com.tr\/merkim-maket\/urun\/professional-skin-pad-mk-3-small-pack-of-4-light-skin-tone-cerrahi-kesim-ve-dikis-teknikleri-egitim-seti\/\",\"url\":\"https:\/\/merkim.com.tr\/merkim-maket\/urun\/professional-skin-pad-mk-3-small-pack-of-4-light-skin-tone-cerrahi-kesim-ve-dikis-teknikleri-egitim-seti\/\",\"name\":\"Professional Skin Pad Mk 3 - Small (Pack of 4, Light Skin Tone) - Cerrahi Kesim ve Diki\u015f Teknikleri E\u011fitim Seti - Merkim Maket\",\"isPartOf\":{\"@id\":\"https:\/\/merkim.com.tr\/merkim-maket\/#website\"},\"primaryImageOfPage\":{\"@id\":\"https:\/\/merkim.com.tr\/merkim-maket\/urun\/professional-skin-pad-mk-3-small-pack-of-4-light-skin-tone-cerrahi-kesim-ve-dikis-teknikleri-egitim-seti\/#primaryimage\"},\"image\":{\"@id\":\"https:\/\/merkim.com.tr\/merkim-maket\/urun\/professional-skin-pad-mk-3-small-pack-of-4-light-skin-tone-cerrahi-kesim-ve-dikis-teknikleri-egitim-seti\/#primaryimage\"},\"thumbnailUrl\":\"https:\/\/merkim.com.tr\/merkim-maket\/wp-content\/uploads\/2025\/06\/professional-skin-pad-mk3-light-skin-tone.png\",\"datePublished\":\"2025-06-10T09:18:49+00:00\",\"description\":\"Professional Skin Pad Mk 3 ile cerrahi kesim ve diki\u015f tekniklerini ger\u00e7ek\u00e7i bir ortamda \u00f6\u011frenin! \u00dc\u00e7 katmanl\u0131 yap\u0131s\u0131, ger\u00e7ek deri mekani\u011fi ve 4'l\u00fc set avantaj\u0131yla profesyonel cerrahi e\u011fitim \u00e7\u00f6z\u00fcm\u00fc.\",\"breadcrumb\":{\"@id\":\"https:\/\/merkim.com.tr\/merkim-maket\/urun\/professional-skin-pad-mk-3-small-pack-of-4-light-skin-tone-cerrahi-kesim-ve-dikis-teknikleri-egitim-seti\/#breadcrumb\"},\"inLanguage\":\"tr\",\"potentialAction\":[{\"@type\":\"ReadAction\",\"target\":[\"https:\/\/merkim.com.tr\/merkim-maket\/urun\/professional-skin-pad-mk-3-small-pack-of-4-light-skin-tone-cerrahi-kesim-ve-dikis-teknikleri-egitim-seti\/\"]}]},{\"@type\":\"ImageObject\",\"inLanguage\":\"tr\",\"@id\":\"https:\/\/merkim.com.tr\/merkim-maket\/urun\/professional-skin-pad-mk-3-small-pack-of-4-light-skin-tone-cerrahi-kesim-ve-dikis-teknikleri-egitim-seti\/#primaryimage\",\"url\":\"https:\/\/merkim.com.tr\/merkim-maket\/wp-content\/uploads\/2025\/06\/professional-skin-pad-mk3-light-skin-tone.png\",\"contentUrl\":\"https:\/\/merkim.com.tr\/merkim-maket\/wp-content\/uploads\/2025\/06\/professional-skin-pad-mk3-light-skin-tone.png\",\"width\":800,\"height\":800,\"caption\":\"\\\"Ger\u00e7ek\u00e7i \u00dc\u00e7 Katmanl\u0131 Yap\u0131s\u0131yla Cerrahi Becerilerinizi Geli\u015ftirin!\\\"\"},{\"@type\":\"BreadcrumbList\",\"@id\":\"https:\/\/merkim.com.tr\/merkim-maket\/urun\/professional-skin-pad-mk-3-small-pack-of-4-light-skin-tone-cerrahi-kesim-ve-dikis-teknikleri-egitim-seti\/#breadcrumb\",\"itemListElement\":[{\"@type\":\"ListItem\",\"position\":1,\"name\":\"Anasayfa\",\"item\":\"https:\/\/merkim.com.tr\/merkim-maket\/\"},{\"@type\":\"ListItem\",\"position\":2,\"name\":\"Ma\u011faza\",\"item\":\"https:\/\/merkim.com.tr\/merkim-maket\/magaza\/\"},{\"@type\":\"ListItem\",\"position\":3,\"name\":\"Professional Skin Pad Mk 3 &#8211; Small (Pack of 4, Light Skin Tone) &#8211; Cerrahi Kesim ve Diki\u015f Teknikleri E\u011fitim Seti\"}]},{\"@type\":\"WebSite\",\"@id\":\"https:\/\/merkim.com.tr\/merkim-maket\/#website\",\"url\":\"https:\/\/merkim.com.tr\/merkim-maket\/\",\"name\":\"Merkim Maket\",\"description\":\"\",\"potentialAction\":[{\"@type\":\"SearchAction\",\"target\":{\"@type\":\"EntryPoint\",\"urlTemplate\":\"https:\/\/merkim.com.tr\/merkim-maket\/?s={search_term_string}\"},\"query-input\":{\"@type\":\"PropertyValueSpecification\",\"valueRequired\":true,\"valueName\":\"search_term_string\"}}],\"inLanguage\":\"tr\"}]}<\/script>\n<!-- \/ Yoast SEO plugin. -->","yoast_head_json":{"title":"Professional Skin Pad Mk 3 - Small (Pack of 4, Light Skin Tone) - Cerrahi Kesim ve Diki\u015f Teknikleri E\u011fitim Seti - Merkim Maket","description":"Professional Skin Pad Mk 3 ile cerrahi kesim ve diki\u015f tekniklerini ger\u00e7ek\u00e7i bir ortamda \u00f6\u011frenin! \u00dc\u00e7 katmanl\u0131 yap\u0131s\u0131, ger\u00e7ek deri mekani\u011fi ve 4'l\u00fc set avantaj\u0131yla profesyonel cerrahi e\u011fitim \u00e7\u00f6z\u00fcm\u00fc.","robots":{"index":"index","follow":"follow","max-snippet":"max-snippet:-1","max-image-preview":"max-image-preview:large","max-video-preview":"max-video-preview:-1"},"canonical":"https:\/\/merkim.com.tr\/merkim-maket\/urun\/professional-skin-pad-mk-3-small-pack-of-4-light-skin-tone-cerrahi-kesim-ve-dikis-teknikleri-egitim-seti\/","og_locale":"tr_TR","og_type":"article","og_title":"Professional Skin Pad Mk 3 - Small (Pack of 4, Light Skin Tone) - Cerrahi Kesim ve Diki\u015f Teknikleri E\u011fitim Seti - Merkim Maket","og_description":"Professional Skin Pad Mk 3 ile cerrahi kesim ve diki\u015f tekniklerini ger\u00e7ek\u00e7i bir ortamda \u00f6\u011frenin! \u00dc\u00e7 katmanl\u0131 yap\u0131s\u0131, ger\u00e7ek deri mekani\u011fi ve 4'l\u00fc set avantaj\u0131yla profesyonel cerrahi e\u011fitim \u00e7\u00f6z\u00fcm\u00fc.","og_url":"https:\/\/merkim.com.tr\/merkim-maket\/urun\/professional-skin-pad-mk-3-small-pack-of-4-light-skin-tone-cerrahi-kesim-ve-dikis-teknikleri-egitim-seti\/","og_site_name":"Merkim Maket","og_image":[{"width":800,"height":800,"url":"https:\/\/merkim.com.tr\/merkim-maket\/wp-content\/uploads\/2025\/06\/professional-skin-pad-mk3-light-skin-tone.png","type":"image\/png"}],"twitter_card":"summary_large_image","twitter_misc":{"Tahmini okuma s\u00fcresi":"2 dakika"},"schema":{"@context":"https:\/\/schema.org","@graph":[{"@type":"WebPage","@id":"https:\/\/merkim.com.tr\/merkim-maket\/urun\/professional-skin-pad-mk-3-small-pack-of-4-light-skin-tone-cerrahi-kesim-ve-dikis-teknikleri-egitim-seti\/","url":"https:\/\/merkim.com.tr\/merkim-maket\/urun\/professional-skin-pad-mk-3-small-pack-of-4-light-skin-tone-cerrahi-kesim-ve-dikis-teknikleri-egitim-seti\/","name":"Professional Skin Pad Mk 3 - Small (Pack of 4, Light Skin Tone) - Cerrahi Kesim ve Diki\u015f Teknikleri E\u011fitim Seti - Merkim Maket","isPartOf":{"@id":"https:\/\/merkim.com.tr\/merkim-maket\/#website"},"primaryImageOfPage":{"@id":"https:\/\/merkim.com.tr\/merkim-maket\/urun\/professional-skin-pad-mk-3-small-pack-of-4-light-skin-tone-cerrahi-kesim-ve-dikis-teknikleri-egitim-seti\/#primaryimage"},"image":{"@id":"https:\/\/merkim.com.tr\/merkim-maket\/urun\/professional-skin-pad-mk-3-small-pack-of-4-light-skin-tone-cerrahi-kesim-ve-dikis-teknikleri-egitim-seti\/#primaryimage"},"thumbnailUrl":"https:\/\/merkim.com.tr\/merkim-maket\/wp-content\/uploads\/2025\/06\/professional-skin-pad-mk3-light-skin-tone.png","datePublished":"2025-06-10T09:18:49+00:00","description":"Professional Skin Pad Mk 3 ile cerrahi kesim ve diki\u015f tekniklerini ger\u00e7ek\u00e7i bir ortamda \u00f6\u011frenin! \u00dc\u00e7 katmanl\u0131 yap\u0131s\u0131, ger\u00e7ek deri mekani\u011fi ve 4'l\u00fc set avantaj\u0131yla profesyonel cerrahi e\u011fitim \u00e7\u00f6z\u00fcm\u00fc.","breadcrumb":{"@id":"https:\/\/merkim.com.tr\/merkim-maket\/urun\/professional-skin-pad-mk-3-small-pack-of-4-light-skin-tone-cerrahi-kesim-ve-dikis-teknikleri-egitim-seti\/#breadcrumb"},"inLanguage":"tr","potentialAction":[{"@type":"ReadAction","target":["https:\/\/merkim.com.tr\/merkim-maket\/urun\/professional-skin-pad-mk-3-small-pack-of-4-light-skin-tone-cerrahi-kesim-ve-dikis-teknikleri-egitim-seti\/"]}]},{"@type":"ImageObject","inLanguage":"tr","@id":"https:\/\/merkim.com.tr\/merkim-maket\/urun\/professional-skin-pad-mk-3-small-pack-of-4-light-skin-tone-cerrahi-kesim-ve-dikis-teknikleri-egitim-seti\/#primaryimage","url":"https:\/\/merkim.com.tr\/merkim-maket\/wp-content\/uploads\/2025\/06\/professional-skin-pad-mk3-light-skin-tone.png","contentUrl":"https:\/\/merkim.com.tr\/merkim-maket\/wp-content\/uploads\/2025\/06\/professional-skin-pad-mk3-light-skin-tone.png","width":800,"height":800,"caption":"\"Ger\u00e7ek\u00e7i \u00dc\u00e7 Katmanl\u0131 Yap\u0131s\u0131yla Cerrahi Becerilerinizi Geli\u015ftirin!\""},{"@type":"BreadcrumbList","@id":"https:\/\/merkim.com.tr\/merkim-maket\/urun\/professional-skin-pad-mk-3-small-pack-of-4-light-skin-tone-cerrahi-kesim-ve-dikis-teknikleri-egitim-seti\/#breadcrumb","itemListElement":[{"@type":"ListItem","position":1,"name":"Anasayfa","item":"https:\/\/merkim.com.tr\/merkim-maket\/"},{"@type":"ListItem","position":2,"name":"Ma\u011faza","item":"https:\/\/merkim.com.tr\/merkim-maket\/magaza\/"},{"@type":"ListItem","position":3,"name":"Professional Skin Pad Mk 3 &#8211; Small (Pack of 4, Light Skin Tone) &#8211; Cerrahi Kesim ve Diki\u015f Teknikleri E\u011fitim Seti"}]},{"@type":"WebSite","@id":"https:\/\/merkim.com.tr\/merkim-maket\/#website","url":"https:\/\/merkim.com.tr\/merkim-maket\/","name":"Merkim Maket","description":"","potentialAction":[{"@type":"SearchAction","target":{"@type":"EntryPoint","urlTemplate":"https:\/\/merkim.com.tr\/merkim-maket\/?s={search_term_string}"},"query-input":{"@type":"PropertyValueSpecification","valueRequired":true,"valueName":"search_term_string"}}],"inLanguage":"tr"}]}},"_links":{"self":[{"href":"https:\/\/merkim.com.tr\/merkim-maket\/wp-json\/wp\/v2\/product\/148","targetHints":{"allow":["GET"]}}],"collection":[{"href":"https:\/\/merkim.com.tr\/merkim-maket\/wp-json\/wp\/v2\/product"}],"about":[{"href":"https:\/\/merkim.com.tr\/merkim-maket\/wp-json\/wp\/v2\/types\/product"}],"replies":[{"embeddable":true,"href":"https:\/\/merkim.com.tr\/merkim-maket\/wp-json\/wp\/v2\/comments?post=148"}],"wp:featuredmedia":[{"embeddable":true,"href":"https:\/\/merkim.com.tr\/merkim-maket\/wp-json\/wp\/v2\/media\/149"}],"wp:attachment":[{"href":"https:\/\/merkim.com.tr\/merkim-maket\/wp-json\/wp\/v2\/media?parent=148"}],"wp:term":[{"taxonomy":"product_brand","embeddable":true,"href":"https:\/\/merkim.com.tr\/merkim-maket\/wp-json\/wp\/v2\/product_brand?post=148"},{"taxonomy":"product_cat","embeddable":true,"href":"https:\/\/merkim.com.tr\/merkim-maket\/wp-json\/wp\/v2\/product_cat?post=148"},{"taxonomy":"product_tag","embeddable":true,"href":"https:\/\/merkim.com.tr\/merkim-maket\/wp-json\/wp\/v2\/product_tag?post=148"}],"curies":[{"name":"wp","href":"https:\/\/api.w.org\/{rel}","templated":true}]}}