{"id":146,"date":"2025-06-10T09:07:18","date_gmt":"2025-06-10T09:07:18","guid":{"rendered":"https:\/\/merkim.com.tr\/merkim-maket\/?post_type=product&#038;p=146"},"modified":"2026-02-22T07:27:01","modified_gmt":"2026-02-22T07:27:01","slug":"chest-drain-needle-decompression-trainer-light-skin-tone-torakostomi-ve-gogus-tupu-egitim-simulatoru","status":"publish","type":"product","link":"https:\/\/merkim.com.tr\/merkim-maket\/urun\/chest-drain-needle-decompression-trainer-light-skin-tone-torakostomi-ve-gogus-tupu-egitim-simulatoru\/","title":{"rendered":"Chest Drain &#038; Needle Decompression Trainer (Light Skin Tone) &#8211; Torakostomi ve G\u00f6\u011f\u00fcs T\u00fcp\u00fc E\u011fitim Sim\u00fclat\u00f6r\u00fc"},"content":{"rendered":"<h3><strong>Torasik Giri\u015fimler i\u00e7in Kapsaml\u0131 E\u011fitim \u00c7\u00f6z\u00fcm\u00fc<\/strong><\/h3>\n<p class=\"ds-markdown-paragraph\">Limbs &amp; Things taraf\u0131ndan geli\u015ftirilen\u00a0<strong>Chest Drain &amp; Needle Decompression Trainer<\/strong>, sa\u011fl\u0131k profesyonellerine ger\u00e7ek\u00e7i bir ortamda torasik giri\u015fim tekniklerini \u00f6\u011fretmek \u00fczere tasarlanm\u0131\u015f \u00fcst d\u00fczey bir e\u011fitim sim\u00fclat\u00f6r\u00fcd\u00fcr. Bu model,\u00a0<strong>ATLS kurslar\u0131nda<\/strong>\u00a0kullan\u0131m i\u00e7in onayl\u0131 olup,\u00a0<strong>cerrahi torakostomi, Seldinger tekni\u011fi, i\u011fne dekompresyonu ve g\u00f6\u011f\u00fcs t\u00fcp\u00fc yerle\u015ftirme<\/strong>\u00a0gibi temel prosed\u00fcrlerin \u00f6\u011fretilmesinde ideal bir ara\u00e7t\u0131r.<\/p>\n<h3><strong>Ger\u00e7ek\u00e7i \u00d6zellikler ve Yenilik\u00e7i Teknolojiler<\/strong><\/h3>\n<p class=\"ds-markdown-paragraph\">\u2714\u00a0<strong>Art\u0131r\u0131lm\u0131\u015f Ger\u00e7eklik Deste\u011fi<\/strong>:<\/p>\n<ul>\n<li>\n<p class=\"ds-markdown-paragraph\">\u00dccretsiz\u00a0<strong>L&amp;T ART uygulamas\u0131<\/strong>\u00a0ile 3D anatomik g\u00f6r\u00fcnt\u00fcleme<\/p>\n<\/li>\n<li>\n<p class=\"ds-markdown-paragraph\">MRI ve CT tarama verilerine dayal\u0131 ger\u00e7ek\u00e7i i\u00e7 anatomik yap\u0131lar<\/p>\n<\/li>\n<li>\n<p class=\"ds-markdown-paragraph\">Kas, organ, damar ve iskelet yap\u0131s\u0131n\u0131n katmanl\u0131 olarak incelenebilmesi<\/p>\n<\/li>\n<\/ul>\n<p class=\"ds-markdown-paragraph\">\u2714\u00a0<strong>\u0130leri D\u00fczey Sim\u00fclasyon \u00d6zellikleri<\/strong>:<\/p>\n<ul>\n<li>\n<p class=\"ds-markdown-paragraph\"><strong>Standart Pedler<\/strong>: Pleural katmanda ger\u00e7ek\u00e7i &#8220;pop&#8221; hissi<\/p>\n<\/li>\n<li>\n<p class=\"ds-markdown-paragraph\"><strong>\u0130leri D\u00fczey Pedler<\/strong>: Ekol\u00fcsent malzeme ile ultrason k\u0131lavuzlu teknikler<\/p>\n<\/li>\n<li>\n<p class=\"ds-markdown-paragraph\"><strong>Solunum Sim\u00fclasyonu<\/strong>: Hava balonlar\u0131 ile ger\u00e7ek\u00e7i solunum hareketi<\/p>\n<\/li>\n<li>\n<p class=\"ds-markdown-paragraph\"><strong>S\u0131v\u0131 Sim\u00fclasyonu<\/strong>: Hemotoraks ve plevral ef\u00fczyon senaryolar\u0131<\/p>\n<\/li>\n<\/ul>\n<p class=\"ds-markdown-paragraph\">\u2714\u00a0<strong>\u00c7ok Y\u00f6nl\u00fc E\u011fitim \u0130mkanlar\u0131<\/strong>:<\/p>\n<ul>\n<li>\n<p class=\"ds-markdown-paragraph\">2., 4. ve 5. interkostal aral\u0131klarda i\u011fne dekompresyonu<\/p>\n<\/li>\n<li>\n<p class=\"ds-markdown-paragraph\">Cerrahi ve Seldinger teknikleriyle g\u00f6\u011f\u00fcs t\u00fcp\u00fc yerle\u015ftirme<\/p>\n<\/li>\n<li>\n<p class=\"ds-markdown-paragraph\">Diki\u015f atma ve t\u00fcp fiksasyonu uygulamalar\u0131<\/p>\n<\/li>\n<\/ul>\n<h3><strong>Klinik Uygulamalar ve Kazan\u0131lan Beceriler<\/strong><\/h3>\n<ul>\n<li>\n<p class=\"ds-markdown-paragraph\"><strong>Tansiyon pn\u00f6motoraks y\u00f6netimi<\/strong><\/p>\n<\/li>\n<li>\n<p class=\"ds-markdown-paragraph\"><strong>Ultrason k\u0131lavuzlu torasik giri\u015fimler<\/strong><\/p>\n<\/li>\n<li>\n<p class=\"ds-markdown-paragraph\"><strong>Plevral bo\u015flu\u011fun cerrahi olarak a\u00e7\u0131lmas\u0131<\/strong><\/p>\n<\/li>\n<li>\n<p class=\"ds-markdown-paragraph\"><strong>G\u00f6\u011f\u00fcs t\u00fcp\u00fc pozisyonlar\u0131n\u0131n belirlenmesi<\/strong><\/p>\n<\/li>\n<li>\n<p class=\"ds-markdown-paragraph\"><strong>Plevral ef\u00fczyon y\u00f6netimi<\/strong><\/p>\n<\/li>\n<li>\n<p class=\"ds-markdown-paragraph\"><strong>Su alt\u0131 seal drenaj sistemi kullan\u0131m\u0131<\/strong><\/p>\n<\/li>\n<\/ul>\n","protected":false},"excerpt":{"rendered":"<p><strong>Chest Drain &amp; Needle Decompression Trainer<\/strong>, torasik giri\u015fimlerin \u00f6\u011fretilmesi i\u00e7in geli\u015ftirilmi\u015f, art\u0131r\u0131lm\u0131\u015f ger\u00e7eklik destekli profesyonel bir e\u011fitim sim\u00fclat\u00f6r\u00fcd\u00fcr. Standart ve ileri d\u00fczey ped se\u00e7enekleriyle cerrahi torakostomiden ultrason k\u0131lavuzlu tekniklere kadar geni\u015f bir yelpazede e\u011fitim imkan\u0131 sunar.<\/p>\n","protected":false},"featured_media":147,"comment_status":"open","ping_status":"closed","template":"","meta":[],"product_brand":[129],"product_cat":[15,523,485,128],"product_tag":[267,509,506,508,511,510,507],"class_list":{"0":"post-146","1":"product","2":"type-product","3":"status-publish","4":"has-post-thumbnail","6":"product_brand-limbs-things","7":"product_cat-genel","8":"product_cat-acil-tip","9":"product_cat-anestezi","10":"product_cat-limbs-things","11":"product_tag-artirilmis-gerceklik-tip-egitimi","12":"product_tag-atls-egitim-ekipmanlari","13":"product_tag-gogus-tupu-egitim-simulatoru","14":"product_tag-igne-dekompresyon-egitimi","15":"product_tag-pnomotoraks-tedavi-egitimi","16":"product_tag-seldinger-teknigi-simulatoru","17":"product_tag-torakostomi-egitim-modeli","19":"first","20":"instock","21":"shipping-taxable","22":"product-type-simple"},"yoast_head":"<!-- This site is optimized with the Yoast SEO plugin v25.2 - https:\/\/yoast.com\/wordpress\/plugins\/seo\/ -->\n<title>Chest Drain &amp; Needle Decompression Trainer (Light Skin Tone) - Torakostomi ve G\u00f6\u011f\u00fcs T\u00fcp\u00fc E\u011fitim Sim\u00fclat\u00f6r\u00fc - Merkim Maket<\/title>\n<meta name=\"description\" content=\"&quot;Chest Drain &amp; Needle Decompression Trainer ile torasik giri\u015fim tekniklerini \u00f6\u011frenin! ATLS onayl\u0131, art\u0131r\u0131lm\u0131\u015f ger\u00e7eklik destekli bu sim\u00fclat\u00f6r, ger\u00e7ek\u00e7i ped yap\u0131s\u0131 ve \u00e7oklu e\u011fitim senaryolar\u0131 ile kapsaml\u0131 bir e\u011fitim deneyimi sunar.&quot;\" \/>\n<meta name=\"robots\" content=\"index, follow, max-snippet:-1, max-image-preview:large, max-video-preview:-1\" \/>\n<link rel=\"canonical\" href=\"https:\/\/merkim.com.tr\/merkim-maket\/urun\/chest-drain-needle-decompression-trainer-light-skin-tone-torakostomi-ve-gogus-tupu-egitim-simulatoru\/\" \/>\n<meta property=\"og:locale\" content=\"tr_TR\" \/>\n<meta property=\"og:type\" content=\"article\" \/>\n<meta property=\"og:title\" content=\"Chest Drain &amp; Needle Decompression Trainer (Light Skin Tone) - Torakostomi ve G\u00f6\u011f\u00fcs T\u00fcp\u00fc E\u011fitim Sim\u00fclat\u00f6r\u00fc - Merkim Maket\" \/>\n<meta property=\"og:description\" content=\"&quot;Chest Drain &amp; Needle Decompression Trainer ile torasik giri\u015fim tekniklerini \u00f6\u011frenin! ATLS onayl\u0131, art\u0131r\u0131lm\u0131\u015f ger\u00e7eklik destekli bu sim\u00fclat\u00f6r, ger\u00e7ek\u00e7i ped yap\u0131s\u0131 ve \u00e7oklu e\u011fitim senaryolar\u0131 ile kapsaml\u0131 bir e\u011fitim deneyimi sunar.&quot;\" \/>\n<meta property=\"og:url\" content=\"https:\/\/merkim.com.tr\/merkim-maket\/urun\/chest-drain-needle-decompression-trainer-light-skin-tone-torakostomi-ve-gogus-tupu-egitim-simulatoru\/\" \/>\n<meta property=\"og:site_name\" content=\"Merkim Maket\" \/>\n<meta property=\"article:modified_time\" content=\"2026-02-22T07:27:01+00:00\" \/>\n<meta property=\"og:image\" content=\"https:\/\/merkim.com.tr\/merkim-maket\/wp-content\/uploads\/2025\/06\/chest-drain-needle-decompression-trainer-light-skin.png\" \/>\n\t<meta property=\"og:image:width\" content=\"800\" \/>\n\t<meta property=\"og:image:height\" content=\"800\" \/>\n\t<meta property=\"og:image:type\" content=\"image\/png\" \/>\n<meta name=\"twitter:card\" content=\"summary_large_image\" \/>\n<meta name=\"twitter:label1\" content=\"Tahmini okuma s\u00fcresi\" \/>\n\t<meta name=\"twitter:data1\" content=\"2 dakika\" \/>\n<script type=\"application\/ld+json\" class=\"yoast-schema-graph\">{\"@context\":\"https:\/\/schema.org\",\"@graph\":[{\"@type\":\"WebPage\",\"@id\":\"https:\/\/merkim.com.tr\/merkim-maket\/urun\/chest-drain-needle-decompression-trainer-light-skin-tone-torakostomi-ve-gogus-tupu-egitim-simulatoru\/\",\"url\":\"https:\/\/merkim.com.tr\/merkim-maket\/urun\/chest-drain-needle-decompression-trainer-light-skin-tone-torakostomi-ve-gogus-tupu-egitim-simulatoru\/\",\"name\":\"Chest Drain & Needle Decompression Trainer (Light Skin Tone) - Torakostomi ve G\u00f6\u011f\u00fcs T\u00fcp\u00fc E\u011fitim Sim\u00fclat\u00f6r\u00fc - Merkim Maket\",\"isPartOf\":{\"@id\":\"https:\/\/merkim.com.tr\/merkim-maket\/#website\"},\"primaryImageOfPage\":{\"@id\":\"https:\/\/merkim.com.tr\/merkim-maket\/urun\/chest-drain-needle-decompression-trainer-light-skin-tone-torakostomi-ve-gogus-tupu-egitim-simulatoru\/#primaryimage\"},\"image\":{\"@id\":\"https:\/\/merkim.com.tr\/merkim-maket\/urun\/chest-drain-needle-decompression-trainer-light-skin-tone-torakostomi-ve-gogus-tupu-egitim-simulatoru\/#primaryimage\"},\"thumbnailUrl\":\"https:\/\/merkim.com.tr\/merkim-maket\/wp-content\/uploads\/2025\/06\/chest-drain-needle-decompression-trainer-light-skin.png\",\"datePublished\":\"2025-06-10T09:07:18+00:00\",\"dateModified\":\"2026-02-22T07:27:01+00:00\",\"description\":\"\\\"Chest Drain & Needle Decompression Trainer ile torasik giri\u015fim tekniklerini \u00f6\u011frenin! ATLS onayl\u0131, art\u0131r\u0131lm\u0131\u015f ger\u00e7eklik destekli bu sim\u00fclat\u00f6r, ger\u00e7ek\u00e7i ped yap\u0131s\u0131 ve \u00e7oklu e\u011fitim senaryolar\u0131 ile kapsaml\u0131 bir e\u011fitim deneyimi sunar.\\\"\",\"breadcrumb\":{\"@id\":\"https:\/\/merkim.com.tr\/merkim-maket\/urun\/chest-drain-needle-decompression-trainer-light-skin-tone-torakostomi-ve-gogus-tupu-egitim-simulatoru\/#breadcrumb\"},\"inLanguage\":\"tr\",\"potentialAction\":[{\"@type\":\"ReadAction\",\"target\":[\"https:\/\/merkim.com.tr\/merkim-maket\/urun\/chest-drain-needle-decompression-trainer-light-skin-tone-torakostomi-ve-gogus-tupu-egitim-simulatoru\/\"]}]},{\"@type\":\"ImageObject\",\"inLanguage\":\"tr\",\"@id\":\"https:\/\/merkim.com.tr\/merkim-maket\/urun\/chest-drain-needle-decompression-trainer-light-skin-tone-torakostomi-ve-gogus-tupu-egitim-simulatoru\/#primaryimage\",\"url\":\"https:\/\/merkim.com.tr\/merkim-maket\/wp-content\/uploads\/2025\/06\/chest-drain-needle-decompression-trainer-light-skin.png\",\"contentUrl\":\"https:\/\/merkim.com.tr\/merkim-maket\/wp-content\/uploads\/2025\/06\/chest-drain-needle-decompression-trainer-light-skin.png\",\"width\":800,\"height\":800,\"caption\":\"\\\"ATLS Onayl\u0131, Ger\u00e7ek\u00e7i Torasik Giri\u015fim Sim\u00fclasyonu\\\"\"},{\"@type\":\"BreadcrumbList\",\"@id\":\"https:\/\/merkim.com.tr\/merkim-maket\/urun\/chest-drain-needle-decompression-trainer-light-skin-tone-torakostomi-ve-gogus-tupu-egitim-simulatoru\/#breadcrumb\",\"itemListElement\":[{\"@type\":\"ListItem\",\"position\":1,\"name\":\"Anasayfa\",\"item\":\"https:\/\/merkim.com.tr\/merkim-maket\/\"},{\"@type\":\"ListItem\",\"position\":2,\"name\":\"Ma\u011faza\",\"item\":\"https:\/\/merkim.com.tr\/merkim-maket\/magaza\/\"},{\"@type\":\"ListItem\",\"position\":3,\"name\":\"Chest Drain &#038; Needle Decompression Trainer (Light Skin Tone) &#8211; Torakostomi ve G\u00f6\u011f\u00fcs T\u00fcp\u00fc E\u011fitim Sim\u00fclat\u00f6r\u00fc\"}]},{\"@type\":\"WebSite\",\"@id\":\"https:\/\/merkim.com.tr\/merkim-maket\/#website\",\"url\":\"https:\/\/merkim.com.tr\/merkim-maket\/\",\"name\":\"Merkim Maket\",\"description\":\"\",\"potentialAction\":[{\"@type\":\"SearchAction\",\"target\":{\"@type\":\"EntryPoint\",\"urlTemplate\":\"https:\/\/merkim.com.tr\/merkim-maket\/?s={search_term_string}\"},\"query-input\":{\"@type\":\"PropertyValueSpecification\",\"valueRequired\":true,\"valueName\":\"search_term_string\"}}],\"inLanguage\":\"tr\"}]}<\/script>\n<!-- \/ Yoast SEO plugin. -->","yoast_head_json":{"title":"Chest Drain & Needle Decompression Trainer (Light Skin Tone) - Torakostomi ve G\u00f6\u011f\u00fcs T\u00fcp\u00fc E\u011fitim Sim\u00fclat\u00f6r\u00fc - Merkim Maket","description":"\"Chest Drain & Needle Decompression Trainer ile torasik giri\u015fim tekniklerini \u00f6\u011frenin! ATLS onayl\u0131, art\u0131r\u0131lm\u0131\u015f ger\u00e7eklik destekli bu sim\u00fclat\u00f6r, ger\u00e7ek\u00e7i ped yap\u0131s\u0131 ve \u00e7oklu e\u011fitim senaryolar\u0131 ile kapsaml\u0131 bir e\u011fitim deneyimi sunar.\"","robots":{"index":"index","follow":"follow","max-snippet":"max-snippet:-1","max-image-preview":"max-image-preview:large","max-video-preview":"max-video-preview:-1"},"canonical":"https:\/\/merkim.com.tr\/merkim-maket\/urun\/chest-drain-needle-decompression-trainer-light-skin-tone-torakostomi-ve-gogus-tupu-egitim-simulatoru\/","og_locale":"tr_TR","og_type":"article","og_title":"Chest Drain & Needle Decompression Trainer (Light Skin Tone) - Torakostomi ve G\u00f6\u011f\u00fcs T\u00fcp\u00fc E\u011fitim Sim\u00fclat\u00f6r\u00fc - Merkim Maket","og_description":"\"Chest Drain & Needle Decompression Trainer ile torasik giri\u015fim tekniklerini \u00f6\u011frenin! ATLS onayl\u0131, art\u0131r\u0131lm\u0131\u015f ger\u00e7eklik destekli bu sim\u00fclat\u00f6r, ger\u00e7ek\u00e7i ped yap\u0131s\u0131 ve \u00e7oklu e\u011fitim senaryolar\u0131 ile kapsaml\u0131 bir e\u011fitim deneyimi sunar.\"","og_url":"https:\/\/merkim.com.tr\/merkim-maket\/urun\/chest-drain-needle-decompression-trainer-light-skin-tone-torakostomi-ve-gogus-tupu-egitim-simulatoru\/","og_site_name":"Merkim Maket","article_modified_time":"2026-02-22T07:27:01+00:00","og_image":[{"width":800,"height":800,"url":"https:\/\/merkim.com.tr\/merkim-maket\/wp-content\/uploads\/2025\/06\/chest-drain-needle-decompression-trainer-light-skin.png","type":"image\/png"}],"twitter_card":"summary_large_image","twitter_misc":{"Tahmini okuma s\u00fcresi":"2 dakika"},"schema":{"@context":"https:\/\/schema.org","@graph":[{"@type":"WebPage","@id":"https:\/\/merkim.com.tr\/merkim-maket\/urun\/chest-drain-needle-decompression-trainer-light-skin-tone-torakostomi-ve-gogus-tupu-egitim-simulatoru\/","url":"https:\/\/merkim.com.tr\/merkim-maket\/urun\/chest-drain-needle-decompression-trainer-light-skin-tone-torakostomi-ve-gogus-tupu-egitim-simulatoru\/","name":"Chest Drain & Needle Decompression Trainer (Light Skin Tone) - Torakostomi ve G\u00f6\u011f\u00fcs T\u00fcp\u00fc E\u011fitim Sim\u00fclat\u00f6r\u00fc - Merkim Maket","isPartOf":{"@id":"https:\/\/merkim.com.tr\/merkim-maket\/#website"},"primaryImageOfPage":{"@id":"https:\/\/merkim.com.tr\/merkim-maket\/urun\/chest-drain-needle-decompression-trainer-light-skin-tone-torakostomi-ve-gogus-tupu-egitim-simulatoru\/#primaryimage"},"image":{"@id":"https:\/\/merkim.com.tr\/merkim-maket\/urun\/chest-drain-needle-decompression-trainer-light-skin-tone-torakostomi-ve-gogus-tupu-egitim-simulatoru\/#primaryimage"},"thumbnailUrl":"https:\/\/merkim.com.tr\/merkim-maket\/wp-content\/uploads\/2025\/06\/chest-drain-needle-decompression-trainer-light-skin.png","datePublished":"2025-06-10T09:07:18+00:00","dateModified":"2026-02-22T07:27:01+00:00","description":"\"Chest Drain & Needle Decompression Trainer ile torasik giri\u015fim tekniklerini \u00f6\u011frenin! ATLS onayl\u0131, art\u0131r\u0131lm\u0131\u015f ger\u00e7eklik destekli bu sim\u00fclat\u00f6r, ger\u00e7ek\u00e7i ped yap\u0131s\u0131 ve \u00e7oklu e\u011fitim senaryolar\u0131 ile kapsaml\u0131 bir e\u011fitim deneyimi sunar.\"","breadcrumb":{"@id":"https:\/\/merkim.com.tr\/merkim-maket\/urun\/chest-drain-needle-decompression-trainer-light-skin-tone-torakostomi-ve-gogus-tupu-egitim-simulatoru\/#breadcrumb"},"inLanguage":"tr","potentialAction":[{"@type":"ReadAction","target":["https:\/\/merkim.com.tr\/merkim-maket\/urun\/chest-drain-needle-decompression-trainer-light-skin-tone-torakostomi-ve-gogus-tupu-egitim-simulatoru\/"]}]},{"@type":"ImageObject","inLanguage":"tr","@id":"https:\/\/merkim.com.tr\/merkim-maket\/urun\/chest-drain-needle-decompression-trainer-light-skin-tone-torakostomi-ve-gogus-tupu-egitim-simulatoru\/#primaryimage","url":"https:\/\/merkim.com.tr\/merkim-maket\/wp-content\/uploads\/2025\/06\/chest-drain-needle-decompression-trainer-light-skin.png","contentUrl":"https:\/\/merkim.com.tr\/merkim-maket\/wp-content\/uploads\/2025\/06\/chest-drain-needle-decompression-trainer-light-skin.png","width":800,"height":800,"caption":"\"ATLS Onayl\u0131, Ger\u00e7ek\u00e7i Torasik Giri\u015fim Sim\u00fclasyonu\""},{"@type":"BreadcrumbList","@id":"https:\/\/merkim.com.tr\/merkim-maket\/urun\/chest-drain-needle-decompression-trainer-light-skin-tone-torakostomi-ve-gogus-tupu-egitim-simulatoru\/#breadcrumb","itemListElement":[{"@type":"ListItem","position":1,"name":"Anasayfa","item":"https:\/\/merkim.com.tr\/merkim-maket\/"},{"@type":"ListItem","position":2,"name":"Ma\u011faza","item":"https:\/\/merkim.com.tr\/merkim-maket\/magaza\/"},{"@type":"ListItem","position":3,"name":"Chest Drain &#038; Needle Decompression Trainer (Light Skin Tone) &#8211; Torakostomi ve G\u00f6\u011f\u00fcs T\u00fcp\u00fc E\u011fitim Sim\u00fclat\u00f6r\u00fc"}]},{"@type":"WebSite","@id":"https:\/\/merkim.com.tr\/merkim-maket\/#website","url":"https:\/\/merkim.com.tr\/merkim-maket\/","name":"Merkim Maket","description":"","potentialAction":[{"@type":"SearchAction","target":{"@type":"EntryPoint","urlTemplate":"https:\/\/merkim.com.tr\/merkim-maket\/?s={search_term_string}"},"query-input":{"@type":"PropertyValueSpecification","valueRequired":true,"valueName":"search_term_string"}}],"inLanguage":"tr"}]}},"_links":{"self":[{"href":"https:\/\/merkim.com.tr\/merkim-maket\/wp-json\/wp\/v2\/product\/146","targetHints":{"allow":["GET"]}}],"collection":[{"href":"https:\/\/merkim.com.tr\/merkim-maket\/wp-json\/wp\/v2\/product"}],"about":[{"href":"https:\/\/merkim.com.tr\/merkim-maket\/wp-json\/wp\/v2\/types\/product"}],"replies":[{"embeddable":true,"href":"https:\/\/merkim.com.tr\/merkim-maket\/wp-json\/wp\/v2\/comments?post=146"}],"wp:featuredmedia":[{"embeddable":true,"href":"https:\/\/merkim.com.tr\/merkim-maket\/wp-json\/wp\/v2\/media\/147"}],"wp:attachment":[{"href":"https:\/\/merkim.com.tr\/merkim-maket\/wp-json\/wp\/v2\/media?parent=146"}],"wp:term":[{"taxonomy":"product_brand","embeddable":true,"href":"https:\/\/merkim.com.tr\/merkim-maket\/wp-json\/wp\/v2\/product_brand?post=146"},{"taxonomy":"product_cat","embeddable":true,"href":"https:\/\/merkim.com.tr\/merkim-maket\/wp-json\/wp\/v2\/product_cat?post=146"},{"taxonomy":"product_tag","embeddable":true,"href":"https:\/\/merkim.com.tr\/merkim-maket\/wp-json\/wp\/v2\/product_tag?post=146"}],"curies":[{"name":"wp","href":"https:\/\/api.w.org\/{rel}","templated":true}]}}