{"id":143,"date":"2025-06-10T08:58:25","date_gmt":"2025-06-10T08:58:25","guid":{"rendered":"https:\/\/merkim.com.tr\/merkim-maket\/?post_type=product&#038;p=143"},"modified":"2025-06-10T08:58:26","modified_gmt":"2025-06-10T08:58:26","slug":"ultrasound-vascular-access-trainer-ultrason-esliginde-damar-erisim-egitim-simulatoru","status":"publish","type":"product","link":"https:\/\/merkim.com.tr\/merkim-maket\/urun\/ultrasound-vascular-access-trainer-ultrason-esliginde-damar-erisim-egitim-simulatoru\/","title":{"rendered":"Ultrasound Vascular Access Trainer &#8211; Ultrason E\u015fli\u011finde Damar Eri\u015fim E\u011fitim Sim\u00fclat\u00f6r\u00fc"},"content":{"rendered":"<h3><strong>Ultrason K\u0131lavuzlu Damar Eri\u015fimi i\u00e7in \u0130leri D\u00fczey E\u011fitim \u00c7\u00f6z\u00fcm\u00fc<\/strong><\/h3>\n<p class=\"ds-markdown-paragraph\"><strong>Ultrasound Vascular Access Trainer<\/strong>, t\u0131p profesyonellerine ve \u00f6\u011frencilere ultrason e\u015fli\u011finde g\u00fcvenli damar eri\u015fimi tekniklerini \u00f6\u011freten y\u00fcksek teknolojili bir e\u011fitim sim\u00fclat\u00f6r\u00fcd\u00fcr. \u00d6zellikle\u00a0<strong>internal juguler ven kateterizasyonu<\/strong>\u00a0ve di\u011fer ultrason destekli vask\u00fcler giri\u015fimlerin prati\u011fi i\u00e7in ideal bir ara\u00e7t\u0131r.<\/p>\n<h3><strong>\u00d6ne \u00c7\u0131kan \u00d6zellikler:<\/strong><\/h3>\n<p class=\"ds-markdown-paragraph\">\u2714\u00a0<strong>Ger\u00e7ek\u00e7i Ultrason G\u00f6r\u00fcnt\u00fcleme:<\/strong><\/p>\n<ul>\n<li>\n<p class=\"ds-markdown-paragraph\"><strong>Ekol\u00fcsent malzeme<\/strong>\u00a0sayesinde ger\u00e7ek hasta g\u00f6r\u00fcnt\u00fclerine yak\u0131n ultrasonik yans\u0131ma sa\u011flar<\/p>\n<\/li>\n<li>\n<p class=\"ds-markdown-paragraph\"><strong>Juguler ven anatomisi<\/strong>\u00a0do\u011fru \u015fekilde modellenmi\u015ftir<\/p>\n<\/li>\n<\/ul>\n<p class=\"ds-markdown-paragraph\">\u2714\u00a0<strong>Yeniden Kullan\u0131labilir Tasar\u0131m:<\/strong><\/p>\n<ul>\n<li>\n<p class=\"ds-markdown-paragraph\"><strong>Kendili\u011finden kapanan ven yap\u0131s\u0131<\/strong>\u00a0ile tekrar tekrar kullan\u0131m imkan\u0131<\/p>\n<\/li>\n<li>\n<p class=\"ds-markdown-paragraph\"><strong>Tek y\u00f6nl\u00fc valf<\/strong>\u00a0sayesinde kolayca su ile doldurulabilir<\/p>\n<\/li>\n<li>\n<p class=\"ds-markdown-paragraph\"><strong>De\u011fi\u015fken s\u0131v\u0131 bas\u0131nc\u0131<\/strong>\u00a0ayar\u0131 ile farkl\u0131 hasta senaryolar\u0131 sim\u00fcle edilebilir<\/p>\n<\/li>\n<\/ul>\n<p class=\"ds-markdown-paragraph\">\u2714\u00a0<strong>Pratik Kullan\u0131m Avantajlar\u0131:<\/strong><\/p>\n<ul>\n<li>\n<p class=\"ds-markdown-paragraph\">Masada kullan\u0131ma uygun ergonomik tasar\u0131m<\/p>\n<\/li>\n<li>\n<p class=\"ds-markdown-paragraph\">Temizlenebilir y\u00fczey (sabunlu su ile)<\/p>\n<\/li>\n<li>\n<p class=\"ds-markdown-paragraph\">Ger\u00e7ek ultrason cihazlar\u0131 ile uyumlu<\/p>\n<\/li>\n<\/ul>\n<h3><strong>Kazan\u0131lan Beceriler:<\/strong><\/h3>\n<ul>\n<li>\n<p class=\"ds-markdown-paragraph\">Ultrason cihaz\u0131 kullan\u0131m\u0131 ve prob manip\u00fclasyonu<\/p>\n<\/li>\n<li>\n<p class=\"ds-markdown-paragraph\">Ultrason alt\u0131nda damar lokalizasyonu<\/p>\n<\/li>\n<li>\n<p class=\"ds-markdown-paragraph\">Ultrason k\u0131lavuzlu i\u011fne giri\u015f teknikleri<\/p>\n<\/li>\n<li>\n<p class=\"ds-markdown-paragraph\">Kateter ve k\u0131lavuz tel y\u00f6netimi<\/p>\n<\/li>\n<li>\n<p class=\"ds-markdown-paragraph\">Farkl\u0131 bas\u0131n\u00e7 ko\u015fullar\u0131nda damar eri\u015fimi<\/p>\n<\/li>\n<\/ul>\n","protected":false},"excerpt":{"rendered":"<p><strong>Ultrasound Vascular Access Trainer<\/strong>, ultrason e\u015fli\u011finde damar eri\u015fim prosed\u00fcrlerinin \u00f6\u011fretilmesi i\u00e7in \u00f6zel olarak geli\u015ftirilmi\u015f bir e\u011fitim sim\u00fclat\u00f6r\u00fcd\u00fcr. Ger\u00e7ek\u00e7i ekol\u00fcsent yap\u0131s\u0131 ve kendili\u011finden kapanan ven sistemi ile tekrar kullan\u0131m avantaj\u0131 sunar.<\/p>\n","protected":false},"featured_media":144,"comment_status":"open","ping_status":"closed","template":"","meta":[],"product_brand":[129],"product_cat":[15,485,128],"product_tag":[503,64,502,181,505,501,504],"class_list":{"0":"post-143","1":"product","2":"type-product","3":"status-publish","4":"has-post-thumbnail","6":"product_brand-limbs-things","7":"product_cat-genel","8":"product_cat-anestezi","9":"product_cat-limbs-things","10":"product_tag-juguler-ven-kateterizasyon-egitimi","11":"product_tag-tibbi-simulasyon-ekipmanlari","12":"product_tag-ultrason-damar-erisim-simulatoru","13":"product_tag-ultrason-egitim-modeli","14":"product_tag-ultrason-kilavuzlu-igne-girisimi","15":"product_tag-ultrasound-vascular-trainer","16":"product_tag-vaskuler-girisim-egitimi","18":"first","19":"instock","20":"shipping-taxable","21":"product-type-simple"},"yoast_head":"<!-- This site is optimized with the Yoast SEO plugin v25.2 - https:\/\/yoast.com\/wordpress\/plugins\/seo\/ -->\n<title>Ultrasound Vascular Access Trainer - Ultrason E\u015fli\u011finde Damar Eri\u015fim E\u011fitim Sim\u00fclat\u00f6r\u00fc - Merkim Maket<\/title>\n<meta name=\"description\" content=\"&quot;Ultrasound Vascular Access Trainer ile ultrason e\u015fli\u011finde damar eri\u015fim tekniklerini \u00f6\u011frenin! Ger\u00e7ek\u00e7i ekol\u00fcsent yap\u0131, de\u011fi\u015fken bas\u0131n\u00e7 ayar\u0131 ve kendili\u011finden kapanan ven sistemi ile profesyonel e\u011fitim \u00e7\u00f6z\u00fcm\u00fc.&quot;\" \/>\n<meta name=\"robots\" content=\"index, follow, max-snippet:-1, max-image-preview:large, max-video-preview:-1\" \/>\n<link rel=\"canonical\" href=\"https:\/\/merkim.com.tr\/merkim-maket\/urun\/ultrasound-vascular-access-trainer-ultrason-esliginde-damar-erisim-egitim-simulatoru\/\" \/>\n<meta property=\"og:locale\" content=\"tr_TR\" \/>\n<meta property=\"og:type\" content=\"article\" \/>\n<meta property=\"og:title\" content=\"Ultrasound Vascular Access Trainer - Ultrason E\u015fli\u011finde Damar Eri\u015fim E\u011fitim Sim\u00fclat\u00f6r\u00fc - Merkim Maket\" \/>\n<meta property=\"og:description\" content=\"&quot;Ultrasound Vascular Access Trainer ile ultrason e\u015fli\u011finde damar eri\u015fim tekniklerini \u00f6\u011frenin! Ger\u00e7ek\u00e7i ekol\u00fcsent yap\u0131, de\u011fi\u015fken bas\u0131n\u00e7 ayar\u0131 ve kendili\u011finden kapanan ven sistemi ile profesyonel e\u011fitim \u00e7\u00f6z\u00fcm\u00fc.&quot;\" \/>\n<meta property=\"og:url\" content=\"https:\/\/merkim.com.tr\/merkim-maket\/urun\/ultrasound-vascular-access-trainer-ultrason-esliginde-damar-erisim-egitim-simulatoru\/\" \/>\n<meta property=\"og:site_name\" content=\"Merkim Maket\" \/>\n<meta property=\"article:modified_time\" content=\"2025-06-10T08:58:26+00:00\" \/>\n<meta property=\"og:image\" content=\"https:\/\/merkim.com.tr\/merkim-maket\/wp-content\/uploads\/2025\/06\/ultrasound-vascular-access-trainer-jugular-vein.png\" \/>\n\t<meta property=\"og:image:width\" content=\"800\" \/>\n\t<meta property=\"og:image:height\" content=\"800\" \/>\n\t<meta property=\"og:image:type\" content=\"image\/png\" \/>\n<meta name=\"twitter:card\" content=\"summary_large_image\" \/>\n<meta name=\"twitter:label1\" content=\"Tahmini okuma s\u00fcresi\" \/>\n\t<meta name=\"twitter:data1\" content=\"2 dakika\" \/>\n<script type=\"application\/ld+json\" class=\"yoast-schema-graph\">{\"@context\":\"https:\/\/schema.org\",\"@graph\":[{\"@type\":\"WebPage\",\"@id\":\"https:\/\/merkim.com.tr\/merkim-maket\/urun\/ultrasound-vascular-access-trainer-ultrason-esliginde-damar-erisim-egitim-simulatoru\/\",\"url\":\"https:\/\/merkim.com.tr\/merkim-maket\/urun\/ultrasound-vascular-access-trainer-ultrason-esliginde-damar-erisim-egitim-simulatoru\/\",\"name\":\"Ultrasound Vascular Access Trainer - Ultrason E\u015fli\u011finde Damar Eri\u015fim E\u011fitim Sim\u00fclat\u00f6r\u00fc - Merkim Maket\",\"isPartOf\":{\"@id\":\"https:\/\/merkim.com.tr\/merkim-maket\/#website\"},\"primaryImageOfPage\":{\"@id\":\"https:\/\/merkim.com.tr\/merkim-maket\/urun\/ultrasound-vascular-access-trainer-ultrason-esliginde-damar-erisim-egitim-simulatoru\/#primaryimage\"},\"image\":{\"@id\":\"https:\/\/merkim.com.tr\/merkim-maket\/urun\/ultrasound-vascular-access-trainer-ultrason-esliginde-damar-erisim-egitim-simulatoru\/#primaryimage\"},\"thumbnailUrl\":\"https:\/\/merkim.com.tr\/merkim-maket\/wp-content\/uploads\/2025\/06\/ultrasound-vascular-access-trainer-jugular-vein.png\",\"datePublished\":\"2025-06-10T08:58:25+00:00\",\"dateModified\":\"2025-06-10T08:58:26+00:00\",\"description\":\"\\\"Ultrasound Vascular Access Trainer ile ultrason e\u015fli\u011finde damar eri\u015fim tekniklerini \u00f6\u011frenin! Ger\u00e7ek\u00e7i ekol\u00fcsent yap\u0131, de\u011fi\u015fken bas\u0131n\u00e7 ayar\u0131 ve kendili\u011finden kapanan ven sistemi ile profesyonel e\u011fitim \u00e7\u00f6z\u00fcm\u00fc.\\\"\",\"breadcrumb\":{\"@id\":\"https:\/\/merkim.com.tr\/merkim-maket\/urun\/ultrasound-vascular-access-trainer-ultrason-esliginde-damar-erisim-egitim-simulatoru\/#breadcrumb\"},\"inLanguage\":\"tr\",\"potentialAction\":[{\"@type\":\"ReadAction\",\"target\":[\"https:\/\/merkim.com.tr\/merkim-maket\/urun\/ultrasound-vascular-access-trainer-ultrason-esliginde-damar-erisim-egitim-simulatoru\/\"]}]},{\"@type\":\"ImageObject\",\"inLanguage\":\"tr\",\"@id\":\"https:\/\/merkim.com.tr\/merkim-maket\/urun\/ultrasound-vascular-access-trainer-ultrason-esliginde-damar-erisim-egitim-simulatoru\/#primaryimage\",\"url\":\"https:\/\/merkim.com.tr\/merkim-maket\/wp-content\/uploads\/2025\/06\/ultrasound-vascular-access-trainer-jugular-vein.png\",\"contentUrl\":\"https:\/\/merkim.com.tr\/merkim-maket\/wp-content\/uploads\/2025\/06\/ultrasound-vascular-access-trainer-jugular-vein.png\",\"width\":800,\"height\":800,\"caption\":\"\\\"Ultrason K\u0131lavuzlu Damar Eri\u015fim Tekniklerini G\u00fcvenle \u00d6\u011frenin!\\\"\"},{\"@type\":\"BreadcrumbList\",\"@id\":\"https:\/\/merkim.com.tr\/merkim-maket\/urun\/ultrasound-vascular-access-trainer-ultrason-esliginde-damar-erisim-egitim-simulatoru\/#breadcrumb\",\"itemListElement\":[{\"@type\":\"ListItem\",\"position\":1,\"name\":\"Anasayfa\",\"item\":\"https:\/\/merkim.com.tr\/merkim-maket\/\"},{\"@type\":\"ListItem\",\"position\":2,\"name\":\"Ma\u011faza\",\"item\":\"https:\/\/merkim.com.tr\/merkim-maket\/magaza\/\"},{\"@type\":\"ListItem\",\"position\":3,\"name\":\"Ultrasound Vascular Access Trainer &#8211; Ultrason E\u015fli\u011finde Damar Eri\u015fim E\u011fitim Sim\u00fclat\u00f6r\u00fc\"}]},{\"@type\":\"WebSite\",\"@id\":\"https:\/\/merkim.com.tr\/merkim-maket\/#website\",\"url\":\"https:\/\/merkim.com.tr\/merkim-maket\/\",\"name\":\"Merkim Maket\",\"description\":\"\",\"potentialAction\":[{\"@type\":\"SearchAction\",\"target\":{\"@type\":\"EntryPoint\",\"urlTemplate\":\"https:\/\/merkim.com.tr\/merkim-maket\/?s={search_term_string}\"},\"query-input\":{\"@type\":\"PropertyValueSpecification\",\"valueRequired\":true,\"valueName\":\"search_term_string\"}}],\"inLanguage\":\"tr\"}]}<\/script>\n<!-- \/ Yoast SEO plugin. -->","yoast_head_json":{"title":"Ultrasound Vascular Access Trainer - Ultrason E\u015fli\u011finde Damar Eri\u015fim E\u011fitim Sim\u00fclat\u00f6r\u00fc - Merkim Maket","description":"\"Ultrasound Vascular Access Trainer ile ultrason e\u015fli\u011finde damar eri\u015fim tekniklerini \u00f6\u011frenin! Ger\u00e7ek\u00e7i ekol\u00fcsent yap\u0131, de\u011fi\u015fken bas\u0131n\u00e7 ayar\u0131 ve kendili\u011finden kapanan ven sistemi ile profesyonel e\u011fitim \u00e7\u00f6z\u00fcm\u00fc.\"","robots":{"index":"index","follow":"follow","max-snippet":"max-snippet:-1","max-image-preview":"max-image-preview:large","max-video-preview":"max-video-preview:-1"},"canonical":"https:\/\/merkim.com.tr\/merkim-maket\/urun\/ultrasound-vascular-access-trainer-ultrason-esliginde-damar-erisim-egitim-simulatoru\/","og_locale":"tr_TR","og_type":"article","og_title":"Ultrasound Vascular Access Trainer - Ultrason E\u015fli\u011finde Damar Eri\u015fim E\u011fitim Sim\u00fclat\u00f6r\u00fc - Merkim Maket","og_description":"\"Ultrasound Vascular Access Trainer ile ultrason e\u015fli\u011finde damar eri\u015fim tekniklerini \u00f6\u011frenin! Ger\u00e7ek\u00e7i ekol\u00fcsent yap\u0131, de\u011fi\u015fken bas\u0131n\u00e7 ayar\u0131 ve kendili\u011finden kapanan ven sistemi ile profesyonel e\u011fitim \u00e7\u00f6z\u00fcm\u00fc.\"","og_url":"https:\/\/merkim.com.tr\/merkim-maket\/urun\/ultrasound-vascular-access-trainer-ultrason-esliginde-damar-erisim-egitim-simulatoru\/","og_site_name":"Merkim Maket","article_modified_time":"2025-06-10T08:58:26+00:00","og_image":[{"width":800,"height":800,"url":"https:\/\/merkim.com.tr\/merkim-maket\/wp-content\/uploads\/2025\/06\/ultrasound-vascular-access-trainer-jugular-vein.png","type":"image\/png"}],"twitter_card":"summary_large_image","twitter_misc":{"Tahmini okuma s\u00fcresi":"2 dakika"},"schema":{"@context":"https:\/\/schema.org","@graph":[{"@type":"WebPage","@id":"https:\/\/merkim.com.tr\/merkim-maket\/urun\/ultrasound-vascular-access-trainer-ultrason-esliginde-damar-erisim-egitim-simulatoru\/","url":"https:\/\/merkim.com.tr\/merkim-maket\/urun\/ultrasound-vascular-access-trainer-ultrason-esliginde-damar-erisim-egitim-simulatoru\/","name":"Ultrasound Vascular Access Trainer - Ultrason E\u015fli\u011finde Damar Eri\u015fim E\u011fitim Sim\u00fclat\u00f6r\u00fc - Merkim Maket","isPartOf":{"@id":"https:\/\/merkim.com.tr\/merkim-maket\/#website"},"primaryImageOfPage":{"@id":"https:\/\/merkim.com.tr\/merkim-maket\/urun\/ultrasound-vascular-access-trainer-ultrason-esliginde-damar-erisim-egitim-simulatoru\/#primaryimage"},"image":{"@id":"https:\/\/merkim.com.tr\/merkim-maket\/urun\/ultrasound-vascular-access-trainer-ultrason-esliginde-damar-erisim-egitim-simulatoru\/#primaryimage"},"thumbnailUrl":"https:\/\/merkim.com.tr\/merkim-maket\/wp-content\/uploads\/2025\/06\/ultrasound-vascular-access-trainer-jugular-vein.png","datePublished":"2025-06-10T08:58:25+00:00","dateModified":"2025-06-10T08:58:26+00:00","description":"\"Ultrasound Vascular Access Trainer ile ultrason e\u015fli\u011finde damar eri\u015fim tekniklerini \u00f6\u011frenin! Ger\u00e7ek\u00e7i ekol\u00fcsent yap\u0131, de\u011fi\u015fken bas\u0131n\u00e7 ayar\u0131 ve kendili\u011finden kapanan ven sistemi ile profesyonel e\u011fitim \u00e7\u00f6z\u00fcm\u00fc.\"","breadcrumb":{"@id":"https:\/\/merkim.com.tr\/merkim-maket\/urun\/ultrasound-vascular-access-trainer-ultrason-esliginde-damar-erisim-egitim-simulatoru\/#breadcrumb"},"inLanguage":"tr","potentialAction":[{"@type":"ReadAction","target":["https:\/\/merkim.com.tr\/merkim-maket\/urun\/ultrasound-vascular-access-trainer-ultrason-esliginde-damar-erisim-egitim-simulatoru\/"]}]},{"@type":"ImageObject","inLanguage":"tr","@id":"https:\/\/merkim.com.tr\/merkim-maket\/urun\/ultrasound-vascular-access-trainer-ultrason-esliginde-damar-erisim-egitim-simulatoru\/#primaryimage","url":"https:\/\/merkim.com.tr\/merkim-maket\/wp-content\/uploads\/2025\/06\/ultrasound-vascular-access-trainer-jugular-vein.png","contentUrl":"https:\/\/merkim.com.tr\/merkim-maket\/wp-content\/uploads\/2025\/06\/ultrasound-vascular-access-trainer-jugular-vein.png","width":800,"height":800,"caption":"\"Ultrason K\u0131lavuzlu Damar Eri\u015fim Tekniklerini G\u00fcvenle \u00d6\u011frenin!\""},{"@type":"BreadcrumbList","@id":"https:\/\/merkim.com.tr\/merkim-maket\/urun\/ultrasound-vascular-access-trainer-ultrason-esliginde-damar-erisim-egitim-simulatoru\/#breadcrumb","itemListElement":[{"@type":"ListItem","position":1,"name":"Anasayfa","item":"https:\/\/merkim.com.tr\/merkim-maket\/"},{"@type":"ListItem","position":2,"name":"Ma\u011faza","item":"https:\/\/merkim.com.tr\/merkim-maket\/magaza\/"},{"@type":"ListItem","position":3,"name":"Ultrasound Vascular Access Trainer &#8211; Ultrason E\u015fli\u011finde Damar Eri\u015fim E\u011fitim Sim\u00fclat\u00f6r\u00fc"}]},{"@type":"WebSite","@id":"https:\/\/merkim.com.tr\/merkim-maket\/#website","url":"https:\/\/merkim.com.tr\/merkim-maket\/","name":"Merkim Maket","description":"","potentialAction":[{"@type":"SearchAction","target":{"@type":"EntryPoint","urlTemplate":"https:\/\/merkim.com.tr\/merkim-maket\/?s={search_term_string}"},"query-input":{"@type":"PropertyValueSpecification","valueRequired":true,"valueName":"search_term_string"}}],"inLanguage":"tr"}]}},"_links":{"self":[{"href":"https:\/\/merkim.com.tr\/merkim-maket\/wp-json\/wp\/v2\/product\/143","targetHints":{"allow":["GET"]}}],"collection":[{"href":"https:\/\/merkim.com.tr\/merkim-maket\/wp-json\/wp\/v2\/product"}],"about":[{"href":"https:\/\/merkim.com.tr\/merkim-maket\/wp-json\/wp\/v2\/types\/product"}],"replies":[{"embeddable":true,"href":"https:\/\/merkim.com.tr\/merkim-maket\/wp-json\/wp\/v2\/comments?post=143"}],"wp:featuredmedia":[{"embeddable":true,"href":"https:\/\/merkim.com.tr\/merkim-maket\/wp-json\/wp\/v2\/media\/144"}],"wp:attachment":[{"href":"https:\/\/merkim.com.tr\/merkim-maket\/wp-json\/wp\/v2\/media?parent=143"}],"wp:term":[{"taxonomy":"product_brand","embeddable":true,"href":"https:\/\/merkim.com.tr\/merkim-maket\/wp-json\/wp\/v2\/product_brand?post=143"},{"taxonomy":"product_cat","embeddable":true,"href":"https:\/\/merkim.com.tr\/merkim-maket\/wp-json\/wp\/v2\/product_cat?post=143"},{"taxonomy":"product_tag","embeddable":true,"href":"https:\/\/merkim.com.tr\/merkim-maket\/wp-json\/wp\/v2\/product_tag?post=143"}],"curies":[{"name":"wp","href":"https:\/\/api.w.org\/{rel}","templated":true}]}}