{"id":139,"date":"2025-06-10T08:30:20","date_gmt":"2025-06-10T08:30:20","guid":{"rendered":"https:\/\/merkim.com.tr\/merkim-maket\/?post_type=product&#038;p=139"},"modified":"2025-06-10T12:04:45","modified_gmt":"2025-06-10T12:04:45","slug":"advanced-epidural-lumbar-puncture-model-light-skin-tone-gercekci-anestezi-ve-spinal-enjeksiyon-egitim-simulatoru","status":"publish","type":"product","link":"https:\/\/merkim.com.tr\/merkim-maket\/urun\/advanced-epidural-lumbar-puncture-model-light-skin-tone-gercekci-anestezi-ve-spinal-enjeksiyon-egitim-simulatoru\/","title":{"rendered":"Advanced Epidural &#038; Lumbar Puncture Model (Light Skin Tone) \u2013 Ger\u00e7ek\u00e7i Anestezi ve Spinal Enjeksiyon E\u011fitim Sim\u00fclat\u00f6r\u00fc"},"content":{"rendered":"<h3><strong>\u0130leri Seviye Epidural ve Lumbar Ponksiyon E\u011fitim Modeli<\/strong><\/h3>\n<p class=\"ds-markdown-paragraph\">Bu\u00a0<strong>y\u00fcksek ger\u00e7ek\u00e7ilikteki e\u011fitim sim\u00fclat\u00f6r\u00fc<\/strong>, klinik beceri merkezlerinde, anestezi uzmanl\u0131k e\u011fitimlerinde ve t\u0131p fak\u00fcltelerinde kullan\u0131lmak \u00fczere tasarlanm\u0131\u015ft\u0131r. T\u0131p \u00f6\u011frencileri ve uzmanlar,\u00a0<strong>epidural anestezi ve lumbar ponksiyon (belden s\u0131v\u0131 alma) prosed\u00fcrlerini<\/strong>\u00a0ger\u00e7e\u011fe yak\u0131n bir deneyimle \u00f6\u011frenir.<\/p>\n<h3><strong>\u00d6ne \u00c7\u0131kan \u00d6zellikler:<\/strong><\/h3>\n<p class=\"ds-markdown-paragraph\">\u2714\u00a0<strong>Ger\u00e7ek\u00e7i Hissiyat:<\/strong><\/p>\n<ul>\n<li>\n<p class=\"ds-markdown-paragraph\">Lumbar ponksiyon s\u0131ras\u0131nda\u00a0<strong>dura tabakas\u0131n\u0131 delerken &#8220;pop&#8221; hissi<\/strong>\u00a0verir.<\/p>\n<\/li>\n<li>\n<p class=\"ds-markdown-paragraph\"><strong>Ger\u00e7ek\u00e7i beyin omurilik s\u0131v\u0131s\u0131 (BOS) bas\u0131nc\u0131<\/strong>\u00a0(5-25 cmH2O aral\u0131\u011f\u0131nda ayarlanabilir).<\/p>\n<\/li>\n<li>\n<p class=\"ds-markdown-paragraph\"><strong>De\u011fi\u015ftirilebilir ya\u011f pedleri<\/strong>\u00a0ile farkl\u0131 v\u00fccut yap\u0131lar\u0131na uyum sa\u011flar.<\/p>\n<\/li>\n<\/ul>\n<p class=\"ds-markdown-paragraph\">\u2714\u00a0<strong>Epidural Prosed\u00fcrler i\u00e7in Geli\u015fmi\u015f E\u011fitim:<\/strong><\/p>\n<ul>\n<li>\n<p class=\"ds-markdown-paragraph\"><strong>Ligamentum flavum ve interspinous ligamentler<\/strong>\u00a0ile ger\u00e7ek\u00e7i diren\u00e7 hissi.<\/p>\n<\/li>\n<li>\n<p class=\"ds-markdown-paragraph\"><strong>6mm epidural bo\u015fluk<\/strong>, kateter yerle\u015ftirme ve s\u0131v\u0131 enjeksiyonu i\u00e7in ideal.<\/p>\n<\/li>\n<li>\n<p class=\"ds-markdown-paragraph\"><strong>4 farkl\u0131 epidural insert<\/strong>\u00a0ile zorlu enjeksiyon senaryolar\u0131 \u00e7al\u0131\u015f\u0131labilir.<\/p>\n<\/li>\n<\/ul>\n<p class=\"ds-markdown-paragraph\">\u2714\u00a0<strong>Art\u0131r\u0131lm\u0131\u015f Ger\u00e7eklik (AR) Deste\u011fi:<\/strong><\/p>\n<ul>\n<li>\n<p class=\"ds-markdown-paragraph\"><strong>ART Mat<\/strong>\u00a0ile\u00a0<strong>MRI ve CT tarama verilerini<\/strong>\u00a03D olarak g\u00f6r\u00fcnt\u00fcleyin.<\/p>\n<\/li>\n<li>\n<p class=\"ds-markdown-paragraph\"><strong>Kas, organ, damar ve iskelet yap\u0131s\u0131n\u0131<\/strong>\u00a0katmanl\u0131 olarak inceleyin.<\/p>\n<\/li>\n<li>\n<p class=\"ds-markdown-paragraph\"><strong>Ultrason k\u0131lavuzlu prosed\u00fcrler<\/strong>\u00a0i\u00e7in uyumludur.<\/p>\n<\/li>\n<\/ul>\n<p class=\"ds-markdown-paragraph\">\u2714\u00a0<strong>Ekonomik ve Dayan\u0131kl\u0131:<\/strong><\/p>\n<ul>\n<li>\n<p class=\"ds-markdown-paragraph\"><strong>Uzun \u00f6m\u00fcrl\u00fc doku insertleri<\/strong>\u00a0ile tekrar kullan\u0131m avantaj\u0131.<\/p>\n<\/li>\n<li>\n<p class=\"ds-markdown-paragraph\"><strong>Oturur ve yan pozisyonlarda<\/strong>\u00a0e\u011fitim imk\u00e2n\u0131.<\/p>\n<\/li>\n<li>\n<p class=\"ds-markdown-paragraph\"><strong>Latex i\u00e7ermez<\/strong>, hijyenik ve g\u00fcvenli.<\/p>\n<\/li>\n<\/ul>\n<h3><strong>Kazan\u0131lan Beceriler:<\/strong><\/h3>\n<ul>\n<li>\n<p class=\"ds-markdown-paragraph\"><strong>L2-L5 omurlar\u0131 aras\u0131nda i\u011fne yerle\u015ftirme<\/strong><\/p>\n<\/li>\n<li>\n<p class=\"ds-markdown-paragraph\"><strong>Tan\u0131sal lumbar ponksiyon uygulama<\/strong><\/p>\n<\/li>\n<li>\n<p class=\"ds-markdown-paragraph\"><strong>BOS toplama ve bas\u0131n\u00e7 \u00f6l\u00e7\u00fcm\u00fc<\/strong><\/p>\n<\/li>\n<li>\n<p class=\"ds-markdown-paragraph\"><strong>Epidural kateter yerle\u015ftirme<\/strong><\/p>\n<\/li>\n<li>\n<p class=\"ds-markdown-paragraph\"><strong>Zorlu hasta anatomilerine uyum sa\u011flama<\/strong><\/p>\n<\/li>\n<\/ul>\n","protected":false},"excerpt":{"rendered":"<p><strong>Advanced Epidural &amp; Lumbar Puncture Model<\/strong>, t\u0131p \u00f6\u011frencileri ve anestezi uzmanlar\u0131 i\u00e7in\u00a0<strong>ger\u00e7ek\u00e7i spinal enjeksiyon ve epidural e\u011fitimi<\/strong>\u00a0sunar. Art\u0131r\u0131lm\u0131\u015f ger\u00e7eklik (AR) deste\u011fi, de\u011fi\u015ftirilebilir ya\u011f pedleri ve uzun \u00f6m\u00fcrl\u00fc yap\u0131s\u0131yla\u00a0<strong>klinik becerilerinizi geli\u015ftirin!<\/strong><\/p>\n","protected":false},"featured_media":140,"comment_status":"open","ping_status":"closed","template":"","meta":[],"product_brand":[129],"product_cat":[15,523,485,128],"product_tag":[488,169,486,493,491,109,492,487,489,490],"class_list":{"0":"post-139","1":"product","2":"type-product","3":"status-publish","4":"has-post-thumbnail","6":"product_brand-limbs-things","7":"product_cat-genel","8":"product_cat-acil-tip","9":"product_cat-anestezi","10":"product_cat-limbs-things","11":"product_tag-anestezi-egitim-mankeni","12":"product_tag-ar-destekli-tip-egitimi","13":"product_tag-epidural-egitim-modeli","14":"product_tag-epidural-kateter","15":"product_tag-gercekci-bos-basinci","16":"product_tag-klinik-beceri-egitimi","17":"product_tag-ligamentum-flavum","18":"product_tag-lumbar-ponksiyon-simulatoru","19":"product_tag-spinal-enjeksiyon-egitimi","20":"product_tag-tip-simulasyon","22":"first","23":"instock","24":"shipping-taxable","25":"product-type-simple"},"yoast_head":"<!-- This site is optimized with the Yoast SEO plugin v25.2 - https:\/\/yoast.com\/wordpress\/plugins\/seo\/ -->\n<title>Advanced Epidural &amp; Lumbar Puncture Model (Light Skin Tone) \u2013 Ger\u00e7ek\u00e7i Anestezi ve Spinal Enjeksiyon E\u011fitim Sim\u00fclat\u00f6r\u00fc - Merkim Maket<\/title>\n<meta name=\"description\" content=\"Advanced Epidural &amp; Lumbar Puncture Model ile ger\u00e7ek\u00e7i spinal enjeksiyon e\u011fitimi! AR deste\u011fi, de\u011fi\u015ftirilebilir ya\u011f pedleri ve uzun \u00f6m\u00fcrl\u00fc yap\u0131s\u0131yla t\u0131p e\u011fitiminde yeni standart. Hemen ke\u015ffedin!\" \/>\n<meta name=\"robots\" content=\"index, follow, max-snippet:-1, max-image-preview:large, max-video-preview:-1\" \/>\n<link rel=\"canonical\" href=\"https:\/\/merkim.com.tr\/merkim-maket\/urun\/advanced-epidural-lumbar-puncture-model-light-skin-tone-gercekci-anestezi-ve-spinal-enjeksiyon-egitim-simulatoru\/\" \/>\n<meta property=\"og:locale\" content=\"tr_TR\" \/>\n<meta property=\"og:type\" content=\"article\" \/>\n<meta property=\"og:title\" content=\"Advanced Epidural &amp; Lumbar Puncture Model (Light Skin Tone) \u2013 Ger\u00e7ek\u00e7i Anestezi ve Spinal Enjeksiyon E\u011fitim Sim\u00fclat\u00f6r\u00fc - Merkim Maket\" \/>\n<meta property=\"og:description\" content=\"Advanced Epidural &amp; Lumbar Puncture Model ile ger\u00e7ek\u00e7i spinal enjeksiyon e\u011fitimi! AR deste\u011fi, de\u011fi\u015ftirilebilir ya\u011f pedleri ve uzun \u00f6m\u00fcrl\u00fc yap\u0131s\u0131yla t\u0131p e\u011fitiminde yeni standart. Hemen ke\u015ffedin!\" \/>\n<meta property=\"og:url\" content=\"https:\/\/merkim.com.tr\/merkim-maket\/urun\/advanced-epidural-lumbar-puncture-model-light-skin-tone-gercekci-anestezi-ve-spinal-enjeksiyon-egitim-simulatoru\/\" \/>\n<meta property=\"og:site_name\" content=\"Merkim Maket\" \/>\n<meta property=\"article:modified_time\" content=\"2025-06-10T12:04:45+00:00\" \/>\n<meta property=\"og:image\" content=\"https:\/\/merkim.com.tr\/merkim-maket\/wp-content\/uploads\/2025\/06\/advanced-epidural-lumbar-puncture-model-light-skin-tone.png\" \/>\n\t<meta property=\"og:image:width\" content=\"800\" \/>\n\t<meta property=\"og:image:height\" content=\"800\" \/>\n\t<meta property=\"og:image:type\" content=\"image\/png\" \/>\n<meta name=\"twitter:card\" content=\"summary_large_image\" \/>\n<meta name=\"twitter:label1\" content=\"Tahmini okuma s\u00fcresi\" \/>\n\t<meta name=\"twitter:data1\" content=\"2 dakika\" \/>\n<script type=\"application\/ld+json\" class=\"yoast-schema-graph\">{\"@context\":\"https:\/\/schema.org\",\"@graph\":[{\"@type\":\"WebPage\",\"@id\":\"https:\/\/merkim.com.tr\/merkim-maket\/urun\/advanced-epidural-lumbar-puncture-model-light-skin-tone-gercekci-anestezi-ve-spinal-enjeksiyon-egitim-simulatoru\/\",\"url\":\"https:\/\/merkim.com.tr\/merkim-maket\/urun\/advanced-epidural-lumbar-puncture-model-light-skin-tone-gercekci-anestezi-ve-spinal-enjeksiyon-egitim-simulatoru\/\",\"name\":\"Advanced Epidural & Lumbar Puncture Model (Light Skin Tone) \u2013 Ger\u00e7ek\u00e7i Anestezi ve Spinal Enjeksiyon E\u011fitim Sim\u00fclat\u00f6r\u00fc - Merkim Maket\",\"isPartOf\":{\"@id\":\"https:\/\/merkim.com.tr\/merkim-maket\/#website\"},\"primaryImageOfPage\":{\"@id\":\"https:\/\/merkim.com.tr\/merkim-maket\/urun\/advanced-epidural-lumbar-puncture-model-light-skin-tone-gercekci-anestezi-ve-spinal-enjeksiyon-egitim-simulatoru\/#primaryimage\"},\"image\":{\"@id\":\"https:\/\/merkim.com.tr\/merkim-maket\/urun\/advanced-epidural-lumbar-puncture-model-light-skin-tone-gercekci-anestezi-ve-spinal-enjeksiyon-egitim-simulatoru\/#primaryimage\"},\"thumbnailUrl\":\"https:\/\/merkim.com.tr\/merkim-maket\/wp-content\/uploads\/2025\/06\/advanced-epidural-lumbar-puncture-model-light-skin-tone.png\",\"datePublished\":\"2025-06-10T08:30:20+00:00\",\"dateModified\":\"2025-06-10T12:04:45+00:00\",\"description\":\"Advanced Epidural & Lumbar Puncture Model ile ger\u00e7ek\u00e7i spinal enjeksiyon e\u011fitimi! AR deste\u011fi, de\u011fi\u015ftirilebilir ya\u011f pedleri ve uzun \u00f6m\u00fcrl\u00fc yap\u0131s\u0131yla t\u0131p e\u011fitiminde yeni standart. Hemen ke\u015ffedin!\",\"breadcrumb\":{\"@id\":\"https:\/\/merkim.com.tr\/merkim-maket\/urun\/advanced-epidural-lumbar-puncture-model-light-skin-tone-gercekci-anestezi-ve-spinal-enjeksiyon-egitim-simulatoru\/#breadcrumb\"},\"inLanguage\":\"tr\",\"potentialAction\":[{\"@type\":\"ReadAction\",\"target\":[\"https:\/\/merkim.com.tr\/merkim-maket\/urun\/advanced-epidural-lumbar-puncture-model-light-skin-tone-gercekci-anestezi-ve-spinal-enjeksiyon-egitim-simulatoru\/\"]}]},{\"@type\":\"ImageObject\",\"inLanguage\":\"tr\",\"@id\":\"https:\/\/merkim.com.tr\/merkim-maket\/urun\/advanced-epidural-lumbar-puncture-model-light-skin-tone-gercekci-anestezi-ve-spinal-enjeksiyon-egitim-simulatoru\/#primaryimage\",\"url\":\"https:\/\/merkim.com.tr\/merkim-maket\/wp-content\/uploads\/2025\/06\/advanced-epidural-lumbar-puncture-model-light-skin-tone.png\",\"contentUrl\":\"https:\/\/merkim.com.tr\/merkim-maket\/wp-content\/uploads\/2025\/06\/advanced-epidural-lumbar-puncture-model-light-skin-tone.png\",\"width\":800,\"height\":800,\"caption\":\"\\\"T\u0131p E\u011fitiminde \u0130leri Sim\u00fclasyon Teknolojisi \u2013 Ger\u00e7ek\u00e7i Hissiyat ve AR Entegrasyonu\\\"\"},{\"@type\":\"BreadcrumbList\",\"@id\":\"https:\/\/merkim.com.tr\/merkim-maket\/urun\/advanced-epidural-lumbar-puncture-model-light-skin-tone-gercekci-anestezi-ve-spinal-enjeksiyon-egitim-simulatoru\/#breadcrumb\",\"itemListElement\":[{\"@type\":\"ListItem\",\"position\":1,\"name\":\"Anasayfa\",\"item\":\"https:\/\/merkim.com.tr\/merkim-maket\/\"},{\"@type\":\"ListItem\",\"position\":2,\"name\":\"Ma\u011faza\",\"item\":\"https:\/\/merkim.com.tr\/merkim-maket\/magaza\/\"},{\"@type\":\"ListItem\",\"position\":3,\"name\":\"Advanced Epidural &#038; Lumbar Puncture Model (Light Skin Tone) \u2013 Ger\u00e7ek\u00e7i Anestezi ve Spinal Enjeksiyon E\u011fitim Sim\u00fclat\u00f6r\u00fc\"}]},{\"@type\":\"WebSite\",\"@id\":\"https:\/\/merkim.com.tr\/merkim-maket\/#website\",\"url\":\"https:\/\/merkim.com.tr\/merkim-maket\/\",\"name\":\"Merkim Maket\",\"description\":\"\",\"potentialAction\":[{\"@type\":\"SearchAction\",\"target\":{\"@type\":\"EntryPoint\",\"urlTemplate\":\"https:\/\/merkim.com.tr\/merkim-maket\/?s={search_term_string}\"},\"query-input\":{\"@type\":\"PropertyValueSpecification\",\"valueRequired\":true,\"valueName\":\"search_term_string\"}}],\"inLanguage\":\"tr\"}]}<\/script>\n<!-- \/ Yoast SEO plugin. -->","yoast_head_json":{"title":"Advanced Epidural & Lumbar Puncture Model (Light Skin Tone) \u2013 Ger\u00e7ek\u00e7i Anestezi ve Spinal Enjeksiyon E\u011fitim Sim\u00fclat\u00f6r\u00fc - Merkim Maket","description":"Advanced Epidural & Lumbar Puncture Model ile ger\u00e7ek\u00e7i spinal enjeksiyon e\u011fitimi! AR deste\u011fi, de\u011fi\u015ftirilebilir ya\u011f pedleri ve uzun \u00f6m\u00fcrl\u00fc yap\u0131s\u0131yla t\u0131p e\u011fitiminde yeni standart. Hemen ke\u015ffedin!","robots":{"index":"index","follow":"follow","max-snippet":"max-snippet:-1","max-image-preview":"max-image-preview:large","max-video-preview":"max-video-preview:-1"},"canonical":"https:\/\/merkim.com.tr\/merkim-maket\/urun\/advanced-epidural-lumbar-puncture-model-light-skin-tone-gercekci-anestezi-ve-spinal-enjeksiyon-egitim-simulatoru\/","og_locale":"tr_TR","og_type":"article","og_title":"Advanced Epidural & Lumbar Puncture Model (Light Skin Tone) \u2013 Ger\u00e7ek\u00e7i Anestezi ve Spinal Enjeksiyon E\u011fitim Sim\u00fclat\u00f6r\u00fc - Merkim Maket","og_description":"Advanced Epidural & Lumbar Puncture Model ile ger\u00e7ek\u00e7i spinal enjeksiyon e\u011fitimi! AR deste\u011fi, de\u011fi\u015ftirilebilir ya\u011f pedleri ve uzun \u00f6m\u00fcrl\u00fc yap\u0131s\u0131yla t\u0131p e\u011fitiminde yeni standart. Hemen ke\u015ffedin!","og_url":"https:\/\/merkim.com.tr\/merkim-maket\/urun\/advanced-epidural-lumbar-puncture-model-light-skin-tone-gercekci-anestezi-ve-spinal-enjeksiyon-egitim-simulatoru\/","og_site_name":"Merkim Maket","article_modified_time":"2025-06-10T12:04:45+00:00","og_image":[{"width":800,"height":800,"url":"https:\/\/merkim.com.tr\/merkim-maket\/wp-content\/uploads\/2025\/06\/advanced-epidural-lumbar-puncture-model-light-skin-tone.png","type":"image\/png"}],"twitter_card":"summary_large_image","twitter_misc":{"Tahmini okuma s\u00fcresi":"2 dakika"},"schema":{"@context":"https:\/\/schema.org","@graph":[{"@type":"WebPage","@id":"https:\/\/merkim.com.tr\/merkim-maket\/urun\/advanced-epidural-lumbar-puncture-model-light-skin-tone-gercekci-anestezi-ve-spinal-enjeksiyon-egitim-simulatoru\/","url":"https:\/\/merkim.com.tr\/merkim-maket\/urun\/advanced-epidural-lumbar-puncture-model-light-skin-tone-gercekci-anestezi-ve-spinal-enjeksiyon-egitim-simulatoru\/","name":"Advanced Epidural & Lumbar Puncture Model (Light Skin Tone) \u2013 Ger\u00e7ek\u00e7i Anestezi ve Spinal Enjeksiyon E\u011fitim Sim\u00fclat\u00f6r\u00fc - Merkim Maket","isPartOf":{"@id":"https:\/\/merkim.com.tr\/merkim-maket\/#website"},"primaryImageOfPage":{"@id":"https:\/\/merkim.com.tr\/merkim-maket\/urun\/advanced-epidural-lumbar-puncture-model-light-skin-tone-gercekci-anestezi-ve-spinal-enjeksiyon-egitim-simulatoru\/#primaryimage"},"image":{"@id":"https:\/\/merkim.com.tr\/merkim-maket\/urun\/advanced-epidural-lumbar-puncture-model-light-skin-tone-gercekci-anestezi-ve-spinal-enjeksiyon-egitim-simulatoru\/#primaryimage"},"thumbnailUrl":"https:\/\/merkim.com.tr\/merkim-maket\/wp-content\/uploads\/2025\/06\/advanced-epidural-lumbar-puncture-model-light-skin-tone.png","datePublished":"2025-06-10T08:30:20+00:00","dateModified":"2025-06-10T12:04:45+00:00","description":"Advanced Epidural & Lumbar Puncture Model ile ger\u00e7ek\u00e7i spinal enjeksiyon e\u011fitimi! AR deste\u011fi, de\u011fi\u015ftirilebilir ya\u011f pedleri ve uzun \u00f6m\u00fcrl\u00fc yap\u0131s\u0131yla t\u0131p e\u011fitiminde yeni standart. Hemen ke\u015ffedin!","breadcrumb":{"@id":"https:\/\/merkim.com.tr\/merkim-maket\/urun\/advanced-epidural-lumbar-puncture-model-light-skin-tone-gercekci-anestezi-ve-spinal-enjeksiyon-egitim-simulatoru\/#breadcrumb"},"inLanguage":"tr","potentialAction":[{"@type":"ReadAction","target":["https:\/\/merkim.com.tr\/merkim-maket\/urun\/advanced-epidural-lumbar-puncture-model-light-skin-tone-gercekci-anestezi-ve-spinal-enjeksiyon-egitim-simulatoru\/"]}]},{"@type":"ImageObject","inLanguage":"tr","@id":"https:\/\/merkim.com.tr\/merkim-maket\/urun\/advanced-epidural-lumbar-puncture-model-light-skin-tone-gercekci-anestezi-ve-spinal-enjeksiyon-egitim-simulatoru\/#primaryimage","url":"https:\/\/merkim.com.tr\/merkim-maket\/wp-content\/uploads\/2025\/06\/advanced-epidural-lumbar-puncture-model-light-skin-tone.png","contentUrl":"https:\/\/merkim.com.tr\/merkim-maket\/wp-content\/uploads\/2025\/06\/advanced-epidural-lumbar-puncture-model-light-skin-tone.png","width":800,"height":800,"caption":"\"T\u0131p E\u011fitiminde \u0130leri Sim\u00fclasyon Teknolojisi \u2013 Ger\u00e7ek\u00e7i Hissiyat ve AR Entegrasyonu\""},{"@type":"BreadcrumbList","@id":"https:\/\/merkim.com.tr\/merkim-maket\/urun\/advanced-epidural-lumbar-puncture-model-light-skin-tone-gercekci-anestezi-ve-spinal-enjeksiyon-egitim-simulatoru\/#breadcrumb","itemListElement":[{"@type":"ListItem","position":1,"name":"Anasayfa","item":"https:\/\/merkim.com.tr\/merkim-maket\/"},{"@type":"ListItem","position":2,"name":"Ma\u011faza","item":"https:\/\/merkim.com.tr\/merkim-maket\/magaza\/"},{"@type":"ListItem","position":3,"name":"Advanced Epidural &#038; Lumbar Puncture Model (Light Skin Tone) \u2013 Ger\u00e7ek\u00e7i Anestezi ve Spinal Enjeksiyon E\u011fitim Sim\u00fclat\u00f6r\u00fc"}]},{"@type":"WebSite","@id":"https:\/\/merkim.com.tr\/merkim-maket\/#website","url":"https:\/\/merkim.com.tr\/merkim-maket\/","name":"Merkim Maket","description":"","potentialAction":[{"@type":"SearchAction","target":{"@type":"EntryPoint","urlTemplate":"https:\/\/merkim.com.tr\/merkim-maket\/?s={search_term_string}"},"query-input":{"@type":"PropertyValueSpecification","valueRequired":true,"valueName":"search_term_string"}}],"inLanguage":"tr"}]}},"_links":{"self":[{"href":"https:\/\/merkim.com.tr\/merkim-maket\/wp-json\/wp\/v2\/product\/139","targetHints":{"allow":["GET"]}}],"collection":[{"href":"https:\/\/merkim.com.tr\/merkim-maket\/wp-json\/wp\/v2\/product"}],"about":[{"href":"https:\/\/merkim.com.tr\/merkim-maket\/wp-json\/wp\/v2\/types\/product"}],"replies":[{"embeddable":true,"href":"https:\/\/merkim.com.tr\/merkim-maket\/wp-json\/wp\/v2\/comments?post=139"}],"wp:featuredmedia":[{"embeddable":true,"href":"https:\/\/merkim.com.tr\/merkim-maket\/wp-json\/wp\/v2\/media\/140"}],"wp:attachment":[{"href":"https:\/\/merkim.com.tr\/merkim-maket\/wp-json\/wp\/v2\/media?parent=139"}],"wp:term":[{"taxonomy":"product_brand","embeddable":true,"href":"https:\/\/merkim.com.tr\/merkim-maket\/wp-json\/wp\/v2\/product_brand?post=139"},{"taxonomy":"product_cat","embeddable":true,"href":"https:\/\/merkim.com.tr\/merkim-maket\/wp-json\/wp\/v2\/product_cat?post=139"},{"taxonomy":"product_tag","embeddable":true,"href":"https:\/\/merkim.com.tr\/merkim-maket\/wp-json\/wp\/v2\/product_tag?post=139"}],"curies":[{"name":"wp","href":"https:\/\/api.w.org\/{rel}","templated":true}]}}