{"id":136,"date":"2025-06-10T07:46:20","date_gmt":"2025-06-10T07:46:20","guid":{"rendered":"https:\/\/merkim.com.tr\/merkim-maket\/?post_type=product&#038;p=136"},"modified":"2025-06-10T07:46:21","modified_gmt":"2025-06-10T07:46:21","slug":"standard-kateterizasyon-egitim-seti-acik-ten-rengi-erkek-ve-kadin-modullu-artirilmis-gerceklik-ar-destekli","status":"publish","type":"product","link":"https:\/\/merkim.com.tr\/merkim-maket\/urun\/standard-kateterizasyon-egitim-seti-acik-ten-rengi-erkek-ve-kadin-modullu-artirilmis-gerceklik-ar-destekli\/","title":{"rendered":"Standard Kateterizasyon E\u011fitim Seti (A\u00e7\u0131k Ten Rengi) \u2013 Erkek ve Kad\u0131n Mod\u00fcll\u00fc, Art\u0131r\u0131lm\u0131\u015f Ger\u00e7eklik (ar) Destekli"},"content":{"rendered":"<h4 data-start=\"410\" data-end=\"489\"><strong data-start=\"415\" data-end=\"489\">Standard Kateterizasyon E\u011fitim Seti \u2013 Ger\u00e7e\u011fe En Yak\u0131n E\u011fitim Deneyimi<\/strong><\/h4>\n<p data-start=\"490\" data-end=\"828\">T\u0131p e\u011fitimi alan\u0131nda \u00e7\u0131tay\u0131 y\u00fckselten <strong data-start=\"528\" data-end=\"584\">Standard Kateterizasyon E\u011fitim Seti (A\u00e7\u0131k Ten Rengi)<\/strong>, hem <strong data-start=\"590\" data-end=\"636\">erkek hem kad\u0131n kateterizasyon mod\u00fcllerini<\/strong> i\u00e7eren profesyonel bir e\u011fitim sim\u00fclat\u00f6r\u00fcd\u00fcr. Bu set, yaln\u0131zca temel kateterizasyon tekniklerinin de\u011fil, ayn\u0131 zamanda <strong data-start=\"754\" data-end=\"793\">ileri d\u00fczey suprapubik giri\u015fimlerin<\/strong> de prati\u011fini yapabilmenizi sa\u011flar.<\/p>\n<p data-start=\"830\" data-end=\"1138\"><strong data-start=\"830\" data-end=\"850\">Mod\u00fcler tasar\u0131m\u0131<\/strong> sayesinde, kullan\u0131c\u0131lar farkl\u0131 cinsiyetlere \u00f6zg\u00fc \u00fcrolojik yakla\u015f\u0131mlar\u0131 ayr\u0131 ayr\u0131 ya da bir arada uygulayabilir. E\u011fitim s\u00fcreci, <strong data-start=\"978\" data-end=\"1001\">\u015feffaf yan paneller<\/strong> ile desteklenmi\u015f olup, kateterin izledi\u011fi yol kolayca g\u00f6zlemlenebilir; bu sayede e\u011fitmenler \u00f6\u011frenciye <strong data-start=\"1104\" data-end=\"1127\">anl\u0131k geri bildirim<\/strong> verebilir.<\/p>\n<h4 data-start=\"1140\" data-end=\"1204\"><strong data-start=\"1145\" data-end=\"1204\">ART Mat \u2013 Art\u0131r\u0131lm\u0131\u015f Ger\u00e7eklik ile Geli\u015ftirilmi\u015f E\u011fitim<\/strong><\/h4>\n<p data-start=\"1205\" data-end=\"1593\">Bu set, art\u0131r\u0131lm\u0131\u015f ger\u00e7eklik teknolojisini kullanan yeni nesil <strong data-start=\"1268\" data-end=\"1290\">L&amp;T ART uygulamas\u0131<\/strong> ile uyumludur. MRI ve BT verilerine dayal\u0131 olarak olu\u015fturulan dijital anatomik yap\u0131lar, \u00f6\u011frencilerin i\u00e7 organ, kas ve damar sistemlerini katmanlar h\u00e2linde g\u00f6r\u00fcnt\u00fclemesine olanak tan\u0131r. \u00d6\u011frenciler prosed\u00fcrleri dijital ortamda izleyerek, <strong data-start=\"1527\" data-end=\"1567\">kateterizasyonun anatomik etkilerini<\/strong> ger\u00e7ek zamanl\u0131 g\u00f6rebilir.<\/p>\n<hr data-start=\"1595\" data-end=\"1598\" \/>\n<h4 data-start=\"1600\" data-end=\"1628\"><strong data-start=\"1605\" data-end=\"1628\">Anahtar \u00d6zellikler:<\/strong><\/h4>\n<ul data-start=\"1629\" data-end=\"2202\">\n<li data-start=\"1629\" data-end=\"1694\">\n<p data-start=\"1631\" data-end=\"1694\">Erkek ve kad\u0131n mod\u00fclleriyle <strong data-start=\"1659\" data-end=\"1694\">cinsiyet bazl\u0131 uygulama e\u011fitimi<\/strong><\/p>\n<\/li>\n<li data-start=\"1695\" data-end=\"1749\">\n<p data-start=\"1697\" data-end=\"1749\"><strong data-start=\"1697\" data-end=\"1749\">Art\u0131r\u0131lm\u0131\u015f ger\u00e7eklik destekli ART Mat uyumlulu\u011fu<\/strong><\/p>\n<\/li>\n<li data-start=\"1750\" data-end=\"1824\">\n<p data-start=\"1752\" data-end=\"1824\">Ger\u00e7ek\u00e7i dokulara sahip <strong data-start=\"1776\" data-end=\"1824\">\u00fcretralar, sfinkterler ve genital anatomiler<\/strong><\/p>\n<\/li>\n<li data-start=\"1825\" data-end=\"1884\">\n<p data-start=\"1827\" data-end=\"1884\"><strong data-start=\"1827\" data-end=\"1842\">\u015eeffaf yap\u0131<\/strong> sayesinde kateter yolunun izlenebilirli\u011fi<\/p>\n<\/li>\n<li data-start=\"1885\" data-end=\"1967\">\n<p data-start=\"1887\" data-end=\"1967\">Su sisteminde ve i\u00e7 anatomide geli\u015ftirmeler ile daha <strong data-start=\"1940\" data-end=\"1967\">ger\u00e7ek\u00e7i uygulama hissi<\/strong><\/p>\n<\/li>\n<li data-start=\"1968\" data-end=\"2041\">\n<p data-start=\"1970\" data-end=\"2041\"><strong data-start=\"1970\" data-end=\"1989\">Suprapubik port<\/strong>, \u00f6zellikle kad\u0131n mod\u00fcl\u00fcnde geli\u015fmi\u015f uygulama imk\u00e2n\u0131<\/p>\n<\/li>\n<li data-start=\"2042\" data-end=\"2151\">\n<p data-start=\"2044\" data-end=\"2151\">E\u011fitim s\u0131ras\u0131nda kullan\u0131labilecek <strong data-start=\"2078\" data-end=\"2132\">kateterler, lubrikantlar ve sterilizasyon s\u0131v\u0131lar\u0131<\/strong> ile birlikte gelir<\/p>\n<\/li>\n<li data-start=\"2152\" data-end=\"2202\">\n<p data-start=\"2154\" data-end=\"2202\"><strong data-start=\"2154\" data-end=\"2174\">Lateks i\u00e7ermeyen<\/strong> yap\u0131s\u0131 ile g\u00fcvenli kullan\u0131m<\/p>\n<\/li>\n<\/ul>\n<hr data-start=\"2204\" data-end=\"2207\" \/>\n<h4 data-start=\"2209\" data-end=\"2253\"><strong data-start=\"2214\" data-end=\"2253\">Uygulamalar ve \u00d6\u011frenilen Beceriler:<\/strong><\/h4>\n<ul data-start=\"2254\" data-end=\"2502\">\n<li data-start=\"2254\" data-end=\"2299\">\n<p data-start=\"2256\" data-end=\"2299\">Erkek ve kad\u0131n anatomisinin do\u011fru kullan\u0131m\u0131<\/p>\n<\/li>\n<li data-start=\"2300\" data-end=\"2339\">\n<p data-start=\"2302\" data-end=\"2339\"><strong data-start=\"2302\" data-end=\"2339\">Aseptik kateterizasyon teknikleri<\/strong><\/p>\n<\/li>\n<li data-start=\"2340\" data-end=\"2391\">\n<p data-start=\"2342\" data-end=\"2391\">Kateterin do\u011fru yerle\u015ftirilmesi ve geri \u00e7ekilmesi<\/p>\n<\/li>\n<li data-start=\"2392\" data-end=\"2425\">\n<p data-start=\"2394\" data-end=\"2425\"><strong data-start=\"2394\" data-end=\"2425\">Suprapubik kateter y\u00f6netimi<\/strong><\/p>\n<\/li>\n<li data-start=\"2426\" data-end=\"2502\">\n<p data-start=\"2428\" data-end=\"2502\">\u0130leti\u015fim becerilerinin geli\u015fimi i\u00e7in <strong data-start=\"2465\" data-end=\"2502\">standart hastayla kullan\u0131m imk\u00e2n\u0131<\/strong><\/p>\n<\/li>\n<\/ul>\n<p data-start=\"2504\" data-end=\"2639\">Bu \u00fcr\u00fcn, <strong data-start=\"2513\" data-end=\"2546\">sa\u011fl\u0131k e\u011fitimi veren kurumlar<\/strong>, <strong data-start=\"2548\" data-end=\"2565\">\u00fcniversiteler<\/strong>, <strong data-start=\"2567\" data-end=\"2592\">sim\u00fclasyon merkezleri<\/strong> ve <strong data-start=\"2596\" data-end=\"2624\">hastane e\u011fitim birimleri<\/strong> i\u00e7in idealdir.<\/p>\n","protected":false},"excerpt":{"rendered":"<p data-start=\"2680\" data-end=\"2858\">Erkek ve kad\u0131n mod\u00fclleriyle donat\u0131lm\u0131\u015f, art\u0131r\u0131lm\u0131\u015f ger\u00e7eklik destekli kateterizasyon e\u011fitim seti. Ger\u00e7ek doku hissi ve i\u00e7 yap\u0131 g\u00f6zlemi ile t\u0131bbi e\u011fitimi bir \u00fcst seviyeye ta\u015f\u0131y\u0131n.<\/p>\n","protected":false},"featured_media":137,"comment_status":"open","ping_status":"closed","template":"","meta":[],"product_brand":[129],"product_cat":[15,130,128],"product_tag":[169,482,174,480,178,484,481,166,109,253,20,479,483,478],"class_list":{"0":"post-136","1":"product","2":"type-product","3":"status-publish","4":"has-post-thumbnail","6":"product_brand-limbs-things","7":"product_cat-genel","8":"product_cat-nursing","9":"product_cat-limbs-things","10":"product_tag-ar-destekli-tip-egitimi","11":"product_tag-artirilmis-gerceklik","12":"product_tag-aseptik-teknik","13":"product_tag-erkek-kateterizasyon","14":"product_tag-foley-kateter-egitimi","15":"product_tag-hemsirelik-egitimi-ekipmani","16":"product_tag-kadin-kateterizasyon","17":"product_tag-kateterizasyon-egitimi","18":"product_tag-klinik-beceri-egitimi","19":"product_tag-medikal-egitim","20":"product_tag-saglik-simulasyonu","21":"product_tag-suprapubik-kateter","22":"product_tag-tibbi-egitim-seti","23":"product_tag-tibbi-simulator","25":"first","26":"instock","27":"shipping-taxable","28":"product-type-simple"},"yoast_head":"<!-- This site is optimized with the Yoast SEO plugin v25.2 - https:\/\/yoast.com\/wordpress\/plugins\/seo\/ -->\n<title>Standard Kateterizasyon E\u011fitim Seti (A\u00e7\u0131k Ten Rengi) \u2013 Erkek ve Kad\u0131n Mod\u00fcll\u00fc, Art\u0131r\u0131lm\u0131\u015f Ger\u00e7eklik (ar) Destekli - Merkim Maket<\/title>\n<meta name=\"description\" content=\"Standard Kateterizasyon E\u011fitim Seti, erkek ve kad\u0131n mod\u00fclleri, ger\u00e7ek doku hissi, art\u0131r\u0131lm\u0131\u015f ger\u00e7eklik deste\u011fi ve suprapubik y\u00f6netim \u00f6zellikleriyle klinik beceri e\u011fitimini ileri ta\u015f\u0131r. Medikal sim\u00fclasyonlar i\u00e7in ideal se\u00e7im!\" \/>\n<meta name=\"robots\" content=\"index, follow, max-snippet:-1, max-image-preview:large, max-video-preview:-1\" \/>\n<link rel=\"canonical\" href=\"https:\/\/merkim.com.tr\/merkim-maket\/urun\/standard-kateterizasyon-egitim-seti-acik-ten-rengi-erkek-ve-kadin-modullu-artirilmis-gerceklik-ar-destekli\/\" \/>\n<meta property=\"og:locale\" content=\"tr_TR\" \/>\n<meta property=\"og:type\" content=\"article\" \/>\n<meta property=\"og:title\" content=\"Standard Kateterizasyon E\u011fitim Seti (A\u00e7\u0131k Ten Rengi) \u2013 Erkek ve Kad\u0131n Mod\u00fcll\u00fc, Art\u0131r\u0131lm\u0131\u015f Ger\u00e7eklik (ar) Destekli - Merkim Maket\" \/>\n<meta property=\"og:description\" content=\"Standard Kateterizasyon E\u011fitim Seti, erkek ve kad\u0131n mod\u00fclleri, ger\u00e7ek doku hissi, art\u0131r\u0131lm\u0131\u015f ger\u00e7eklik deste\u011fi ve suprapubik y\u00f6netim \u00f6zellikleriyle klinik beceri e\u011fitimini ileri ta\u015f\u0131r. Medikal sim\u00fclasyonlar i\u00e7in ideal se\u00e7im!\" \/>\n<meta property=\"og:url\" content=\"https:\/\/merkim.com.tr\/merkim-maket\/urun\/standard-kateterizasyon-egitim-seti-acik-ten-rengi-erkek-ve-kadin-modullu-artirilmis-gerceklik-ar-destekli\/\" \/>\n<meta property=\"og:site_name\" content=\"Merkim Maket\" \/>\n<meta property=\"article:modified_time\" content=\"2025-06-10T07:46:21+00:00\" \/>\n<meta property=\"og:image\" content=\"https:\/\/merkim.com.tr\/merkim-maket\/wp-content\/uploads\/2025\/06\/standard-kateterizasyon-egitim-seti-egitim-medikal-lt.png\" \/>\n\t<meta property=\"og:image:width\" content=\"800\" \/>\n\t<meta property=\"og:image:height\" content=\"800\" \/>\n\t<meta property=\"og:image:type\" content=\"image\/png\" \/>\n<meta name=\"twitter:card\" content=\"summary_large_image\" \/>\n<meta name=\"twitter:label1\" content=\"Tahmini okuma s\u00fcresi\" \/>\n\t<meta name=\"twitter:data1\" content=\"2 dakika\" \/>\n<script type=\"application\/ld+json\" class=\"yoast-schema-graph\">{\"@context\":\"https:\/\/schema.org\",\"@graph\":[{\"@type\":\"WebPage\",\"@id\":\"https:\/\/merkim.com.tr\/merkim-maket\/urun\/standard-kateterizasyon-egitim-seti-acik-ten-rengi-erkek-ve-kadin-modullu-artirilmis-gerceklik-ar-destekli\/\",\"url\":\"https:\/\/merkim.com.tr\/merkim-maket\/urun\/standard-kateterizasyon-egitim-seti-acik-ten-rengi-erkek-ve-kadin-modullu-artirilmis-gerceklik-ar-destekli\/\",\"name\":\"Standard Kateterizasyon E\u011fitim Seti (A\u00e7\u0131k Ten Rengi) \u2013 Erkek ve Kad\u0131n Mod\u00fcll\u00fc, Art\u0131r\u0131lm\u0131\u015f Ger\u00e7eklik (ar) Destekli - Merkim Maket\",\"isPartOf\":{\"@id\":\"https:\/\/merkim.com.tr\/merkim-maket\/#website\"},\"primaryImageOfPage\":{\"@id\":\"https:\/\/merkim.com.tr\/merkim-maket\/urun\/standard-kateterizasyon-egitim-seti-acik-ten-rengi-erkek-ve-kadin-modullu-artirilmis-gerceklik-ar-destekli\/#primaryimage\"},\"image\":{\"@id\":\"https:\/\/merkim.com.tr\/merkim-maket\/urun\/standard-kateterizasyon-egitim-seti-acik-ten-rengi-erkek-ve-kadin-modullu-artirilmis-gerceklik-ar-destekli\/#primaryimage\"},\"thumbnailUrl\":\"https:\/\/merkim.com.tr\/merkim-maket\/wp-content\/uploads\/2025\/06\/standard-kateterizasyon-egitim-seti-egitim-medikal-lt.png\",\"datePublished\":\"2025-06-10T07:46:20+00:00\",\"dateModified\":\"2025-06-10T07:46:21+00:00\",\"description\":\"Standard Kateterizasyon E\u011fitim Seti, erkek ve kad\u0131n mod\u00fclleri, ger\u00e7ek doku hissi, art\u0131r\u0131lm\u0131\u015f ger\u00e7eklik deste\u011fi ve suprapubik y\u00f6netim \u00f6zellikleriyle klinik beceri e\u011fitimini ileri ta\u015f\u0131r. Medikal sim\u00fclasyonlar i\u00e7in ideal se\u00e7im!\",\"breadcrumb\":{\"@id\":\"https:\/\/merkim.com.tr\/merkim-maket\/urun\/standard-kateterizasyon-egitim-seti-acik-ten-rengi-erkek-ve-kadin-modullu-artirilmis-gerceklik-ar-destekli\/#breadcrumb\"},\"inLanguage\":\"tr\",\"potentialAction\":[{\"@type\":\"ReadAction\",\"target\":[\"https:\/\/merkim.com.tr\/merkim-maket\/urun\/standard-kateterizasyon-egitim-seti-acik-ten-rengi-erkek-ve-kadin-modullu-artirilmis-gerceklik-ar-destekli\/\"]}]},{\"@type\":\"ImageObject\",\"inLanguage\":\"tr\",\"@id\":\"https:\/\/merkim.com.tr\/merkim-maket\/urun\/standard-kateterizasyon-egitim-seti-acik-ten-rengi-erkek-ve-kadin-modullu-artirilmis-gerceklik-ar-destekli\/#primaryimage\",\"url\":\"https:\/\/merkim.com.tr\/merkim-maket\/wp-content\/uploads\/2025\/06\/standard-kateterizasyon-egitim-seti-egitim-medikal-lt.png\",\"contentUrl\":\"https:\/\/merkim.com.tr\/merkim-maket\/wp-content\/uploads\/2025\/06\/standard-kateterizasyon-egitim-seti-egitim-medikal-lt.png\",\"width\":800,\"height\":800,\"caption\":\"Ger\u00e7ek\u00e7i yap\u0131s\u0131 ve AR teknolojisiyle kateterizasyon e\u011fitimi\"},{\"@type\":\"BreadcrumbList\",\"@id\":\"https:\/\/merkim.com.tr\/merkim-maket\/urun\/standard-kateterizasyon-egitim-seti-acik-ten-rengi-erkek-ve-kadin-modullu-artirilmis-gerceklik-ar-destekli\/#breadcrumb\",\"itemListElement\":[{\"@type\":\"ListItem\",\"position\":1,\"name\":\"Anasayfa\",\"item\":\"https:\/\/merkim.com.tr\/merkim-maket\/\"},{\"@type\":\"ListItem\",\"position\":2,\"name\":\"Ma\u011faza\",\"item\":\"https:\/\/merkim.com.tr\/merkim-maket\/magaza\/\"},{\"@type\":\"ListItem\",\"position\":3,\"name\":\"Standard Kateterizasyon E\u011fitim Seti (A\u00e7\u0131k Ten Rengi) \u2013 Erkek ve Kad\u0131n Mod\u00fcll\u00fc, Art\u0131r\u0131lm\u0131\u015f Ger\u00e7eklik (ar) Destekli\"}]},{\"@type\":\"WebSite\",\"@id\":\"https:\/\/merkim.com.tr\/merkim-maket\/#website\",\"url\":\"https:\/\/merkim.com.tr\/merkim-maket\/\",\"name\":\"Merkim Maket\",\"description\":\"\",\"potentialAction\":[{\"@type\":\"SearchAction\",\"target\":{\"@type\":\"EntryPoint\",\"urlTemplate\":\"https:\/\/merkim.com.tr\/merkim-maket\/?s={search_term_string}\"},\"query-input\":{\"@type\":\"PropertyValueSpecification\",\"valueRequired\":true,\"valueName\":\"search_term_string\"}}],\"inLanguage\":\"tr\"}]}<\/script>\n<!-- \/ Yoast SEO plugin. -->","yoast_head_json":{"title":"Standard Kateterizasyon E\u011fitim Seti (A\u00e7\u0131k Ten Rengi) \u2013 Erkek ve Kad\u0131n Mod\u00fcll\u00fc, Art\u0131r\u0131lm\u0131\u015f Ger\u00e7eklik (ar) Destekli - Merkim Maket","description":"Standard Kateterizasyon E\u011fitim Seti, erkek ve kad\u0131n mod\u00fclleri, ger\u00e7ek doku hissi, art\u0131r\u0131lm\u0131\u015f ger\u00e7eklik deste\u011fi ve suprapubik y\u00f6netim \u00f6zellikleriyle klinik beceri e\u011fitimini ileri ta\u015f\u0131r. Medikal sim\u00fclasyonlar i\u00e7in ideal se\u00e7im!","robots":{"index":"index","follow":"follow","max-snippet":"max-snippet:-1","max-image-preview":"max-image-preview:large","max-video-preview":"max-video-preview:-1"},"canonical":"https:\/\/merkim.com.tr\/merkim-maket\/urun\/standard-kateterizasyon-egitim-seti-acik-ten-rengi-erkek-ve-kadin-modullu-artirilmis-gerceklik-ar-destekli\/","og_locale":"tr_TR","og_type":"article","og_title":"Standard Kateterizasyon E\u011fitim Seti (A\u00e7\u0131k Ten Rengi) \u2013 Erkek ve Kad\u0131n Mod\u00fcll\u00fc, Art\u0131r\u0131lm\u0131\u015f Ger\u00e7eklik (ar) Destekli - Merkim Maket","og_description":"Standard Kateterizasyon E\u011fitim Seti, erkek ve kad\u0131n mod\u00fclleri, ger\u00e7ek doku hissi, art\u0131r\u0131lm\u0131\u015f ger\u00e7eklik deste\u011fi ve suprapubik y\u00f6netim \u00f6zellikleriyle klinik beceri e\u011fitimini ileri ta\u015f\u0131r. Medikal sim\u00fclasyonlar i\u00e7in ideal se\u00e7im!","og_url":"https:\/\/merkim.com.tr\/merkim-maket\/urun\/standard-kateterizasyon-egitim-seti-acik-ten-rengi-erkek-ve-kadin-modullu-artirilmis-gerceklik-ar-destekli\/","og_site_name":"Merkim Maket","article_modified_time":"2025-06-10T07:46:21+00:00","og_image":[{"width":800,"height":800,"url":"https:\/\/merkim.com.tr\/merkim-maket\/wp-content\/uploads\/2025\/06\/standard-kateterizasyon-egitim-seti-egitim-medikal-lt.png","type":"image\/png"}],"twitter_card":"summary_large_image","twitter_misc":{"Tahmini okuma s\u00fcresi":"2 dakika"},"schema":{"@context":"https:\/\/schema.org","@graph":[{"@type":"WebPage","@id":"https:\/\/merkim.com.tr\/merkim-maket\/urun\/standard-kateterizasyon-egitim-seti-acik-ten-rengi-erkek-ve-kadin-modullu-artirilmis-gerceklik-ar-destekli\/","url":"https:\/\/merkim.com.tr\/merkim-maket\/urun\/standard-kateterizasyon-egitim-seti-acik-ten-rengi-erkek-ve-kadin-modullu-artirilmis-gerceklik-ar-destekli\/","name":"Standard Kateterizasyon E\u011fitim Seti (A\u00e7\u0131k Ten Rengi) \u2013 Erkek ve Kad\u0131n Mod\u00fcll\u00fc, Art\u0131r\u0131lm\u0131\u015f Ger\u00e7eklik (ar) Destekli - Merkim Maket","isPartOf":{"@id":"https:\/\/merkim.com.tr\/merkim-maket\/#website"},"primaryImageOfPage":{"@id":"https:\/\/merkim.com.tr\/merkim-maket\/urun\/standard-kateterizasyon-egitim-seti-acik-ten-rengi-erkek-ve-kadin-modullu-artirilmis-gerceklik-ar-destekli\/#primaryimage"},"image":{"@id":"https:\/\/merkim.com.tr\/merkim-maket\/urun\/standard-kateterizasyon-egitim-seti-acik-ten-rengi-erkek-ve-kadin-modullu-artirilmis-gerceklik-ar-destekli\/#primaryimage"},"thumbnailUrl":"https:\/\/merkim.com.tr\/merkim-maket\/wp-content\/uploads\/2025\/06\/standard-kateterizasyon-egitim-seti-egitim-medikal-lt.png","datePublished":"2025-06-10T07:46:20+00:00","dateModified":"2025-06-10T07:46:21+00:00","description":"Standard Kateterizasyon E\u011fitim Seti, erkek ve kad\u0131n mod\u00fclleri, ger\u00e7ek doku hissi, art\u0131r\u0131lm\u0131\u015f ger\u00e7eklik deste\u011fi ve suprapubik y\u00f6netim \u00f6zellikleriyle klinik beceri e\u011fitimini ileri ta\u015f\u0131r. Medikal sim\u00fclasyonlar i\u00e7in ideal se\u00e7im!","breadcrumb":{"@id":"https:\/\/merkim.com.tr\/merkim-maket\/urun\/standard-kateterizasyon-egitim-seti-acik-ten-rengi-erkek-ve-kadin-modullu-artirilmis-gerceklik-ar-destekli\/#breadcrumb"},"inLanguage":"tr","potentialAction":[{"@type":"ReadAction","target":["https:\/\/merkim.com.tr\/merkim-maket\/urun\/standard-kateterizasyon-egitim-seti-acik-ten-rengi-erkek-ve-kadin-modullu-artirilmis-gerceklik-ar-destekli\/"]}]},{"@type":"ImageObject","inLanguage":"tr","@id":"https:\/\/merkim.com.tr\/merkim-maket\/urun\/standard-kateterizasyon-egitim-seti-acik-ten-rengi-erkek-ve-kadin-modullu-artirilmis-gerceklik-ar-destekli\/#primaryimage","url":"https:\/\/merkim.com.tr\/merkim-maket\/wp-content\/uploads\/2025\/06\/standard-kateterizasyon-egitim-seti-egitim-medikal-lt.png","contentUrl":"https:\/\/merkim.com.tr\/merkim-maket\/wp-content\/uploads\/2025\/06\/standard-kateterizasyon-egitim-seti-egitim-medikal-lt.png","width":800,"height":800,"caption":"Ger\u00e7ek\u00e7i yap\u0131s\u0131 ve AR teknolojisiyle kateterizasyon e\u011fitimi"},{"@type":"BreadcrumbList","@id":"https:\/\/merkim.com.tr\/merkim-maket\/urun\/standard-kateterizasyon-egitim-seti-acik-ten-rengi-erkek-ve-kadin-modullu-artirilmis-gerceklik-ar-destekli\/#breadcrumb","itemListElement":[{"@type":"ListItem","position":1,"name":"Anasayfa","item":"https:\/\/merkim.com.tr\/merkim-maket\/"},{"@type":"ListItem","position":2,"name":"Ma\u011faza","item":"https:\/\/merkim.com.tr\/merkim-maket\/magaza\/"},{"@type":"ListItem","position":3,"name":"Standard Kateterizasyon E\u011fitim Seti (A\u00e7\u0131k Ten Rengi) \u2013 Erkek ve Kad\u0131n Mod\u00fcll\u00fc, Art\u0131r\u0131lm\u0131\u015f Ger\u00e7eklik (ar) Destekli"}]},{"@type":"WebSite","@id":"https:\/\/merkim.com.tr\/merkim-maket\/#website","url":"https:\/\/merkim.com.tr\/merkim-maket\/","name":"Merkim Maket","description":"","potentialAction":[{"@type":"SearchAction","target":{"@type":"EntryPoint","urlTemplate":"https:\/\/merkim.com.tr\/merkim-maket\/?s={search_term_string}"},"query-input":{"@type":"PropertyValueSpecification","valueRequired":true,"valueName":"search_term_string"}}],"inLanguage":"tr"}]}},"_links":{"self":[{"href":"https:\/\/merkim.com.tr\/merkim-maket\/wp-json\/wp\/v2\/product\/136","targetHints":{"allow":["GET"]}}],"collection":[{"href":"https:\/\/merkim.com.tr\/merkim-maket\/wp-json\/wp\/v2\/product"}],"about":[{"href":"https:\/\/merkim.com.tr\/merkim-maket\/wp-json\/wp\/v2\/types\/product"}],"replies":[{"embeddable":true,"href":"https:\/\/merkim.com.tr\/merkim-maket\/wp-json\/wp\/v2\/comments?post=136"}],"wp:featuredmedia":[{"embeddable":true,"href":"https:\/\/merkim.com.tr\/merkim-maket\/wp-json\/wp\/v2\/media\/137"}],"wp:attachment":[{"href":"https:\/\/merkim.com.tr\/merkim-maket\/wp-json\/wp\/v2\/media?parent=136"}],"wp:term":[{"taxonomy":"product_brand","embeddable":true,"href":"https:\/\/merkim.com.tr\/merkim-maket\/wp-json\/wp\/v2\/product_brand?post=136"},{"taxonomy":"product_cat","embeddable":true,"href":"https:\/\/merkim.com.tr\/merkim-maket\/wp-json\/wp\/v2\/product_cat?post=136"},{"taxonomy":"product_tag","embeddable":true,"href":"https:\/\/merkim.com.tr\/merkim-maket\/wp-json\/wp\/v2\/product_tag?post=136"}],"curies":[{"name":"wp","href":"https:\/\/api.w.org\/{rel}","templated":true}]}}