{"id":120,"date":"2025-06-08T18:37:14","date_gmt":"2025-06-08T18:37:14","guid":{"rendered":"https:\/\/merkim.com.tr\/merkim-maket\/?post_type=product&#038;p=120"},"modified":"2025-06-08T21:34:49","modified_gmt":"2025-06-08T21:34:49","slug":"vinnie-venoz-yetmezlik-bacagi","status":"publish","type":"product","link":"https:\/\/merkim.com.tr\/merkim-maket\/urun\/vinnie-venoz-yetmezlik-bacagi\/","title":{"rendered":"Vinnie Ven\u00f6z Yetmezlik Baca\u011f\u0131"},"content":{"rendered":"<p><strong>Vinnie Ven\u00f6z Yetmezlik Baca\u011f\u0131<\/strong>, alt ekstremite ven\u00f6z yetmezlik hastalar\u0131n\u0131n bak\u0131m\u0131nda e\u011fitim, \u00f6\u011fretim, yeterlilik testi ve beceri de\u011ferlendirmesi i\u00e7in tasarlanm\u0131\u015f son derece ger\u00e7ek\u00e7i bir sim\u00fclasyon arac\u0131d\u0131r. VATA taraf\u0131ndan geli\u015ftirilen bu model, ven\u00f6z hastal\u0131kla ili\u015fkili yaralar\u0131n ve alt bacak ile ayakta g\u00f6r\u00fclen di\u011fer yaralar\u0131n genellikle hasta i\u00e7in son derece a\u011fr\u0131l\u0131 olmas\u0131 nedeniyle, bu durumlar\u0131n etkili ve h\u0131zl\u0131 bir \u015fekilde tan\u0131mlanmas\u0131 ve tedavi edilmesi i\u00e7in kritik bir e\u011fitim platformu sunar. Sa\u011fl\u0131k profesyonelleri, hem\u015fireler ve bak\u0131m sa\u011flay\u0131c\u0131lar\u0131 i\u00e7in ven\u00f6z yetmezlik y\u00f6netimi konusunda uzmanla\u015fmay\u0131 destekler.<\/p>\n<p>Ger\u00e7ek bir hastadan kal\u0131planan bu model, ven\u00f6z duvar ve bacak damarlar\u0131ndaki valflerin d\u00fczg\u00fcn \u00e7al\u0131\u015fmad\u0131\u011f\u0131 durumlar\u0131 sim\u00fcle eder. Model, ven\u00f6z \u00fclserler, sel\u00fclit, varisli damarlar, telangiektazi\/reticular damarlar, pyoderma gangrenosum, lipodermatoskleroz, staz dermatiti, hemosiderin lekelenmesi, atrofie blanche, \u00f6dem, kalsifilaksi, fungal kal\u0131nla\u015fm\u0131\u015f t\u0131rnaklar, iyile\u015fmi\u015f \u00fclser, vask\u00fclit, maserasyon ve n\u00f6ropatik bas\u0131n\u00e7 yaralanmalar\u0131 gibi \u00e7ok \u00e7e\u015fitli durumlar\u0131n g\u00f6rsel te\u015fhisini ve tedavisini \u00f6\u011fretmek i\u00e7in tasarlanm\u0131\u015ft\u0131r. Benzersiz 360 derece d\u00f6nebilen bir ba\u011flant\u0131 aparat\u0131, t\u00fcm a\u00e7\u0131lardan kolay g\u00f6rselle\u015ftirme sa\u011flar ve e\u011fitim s\u00fcrecini daha etkili hale getirir.<\/p>\n<p>Vinnie, yara pansuman teknikleri ve kompresyon bandaj uygulamalar\u0131 gibi pratik becerilerin geli\u015ftirilmesi i\u00e7in optimize edilmi\u015ftir. Ger\u00e7ek\u00e7i dokusu ve anatomik do\u011frulu\u011fu, kullan\u0131c\u0131lar\u0131n ven\u00f6z yetmezlik belirtilerini do\u011fru bir \u015fekilde tan\u0131mlamas\u0131na ve uygun tedavi y\u00f6ntemlerini uygulamas\u0131na olanak tan\u0131r. Model, 2 saniye ve 3+ saniye geri d\u00f6n\u00fc\u015f s\u00fcreli pitting \u00f6dem gibi spesifik durumlar\u0131 sim\u00fcle ederek klinik de\u011ferlendirme becerilerini g\u00fc\u00e7lendirir. Lateks i\u00e7ermeyen yap\u0131s\u0131 ve dayan\u0131kl\u0131 malzemeleri, tekrarlanan kullan\u0131mlar i\u00e7in uzun \u00f6m\u00fcrl\u00fc bir kullan\u0131m sa\u011flar.<\/p>\n<p>Temizli\u011fi kolay olan bu sim\u00fclat\u00f6r, hafif deterjanl\u0131 \u0131l\u0131k su ve yumu\u015fak bir bezle temizlenebilir. Vinnie Ven\u00f6z Yetmezlik Baca\u011f\u0131, hasta bak\u0131m kalitesini art\u0131rmak ve ven\u00f6z hastal\u0131klar\u0131n y\u00f6netiminde uzmanla\u015fmak isteyen sa\u011fl\u0131k profesyonelleri i\u00e7in vazge\u00e7ilmez bir e\u011fitim arac\u0131d\u0131r. Not: Stand \u00fcr\u00fcne dahil de\u011fildir.<\/p>\n","protected":false},"excerpt":{"rendered":"<p>Vinnie Ven\u00f6z Yetmezlik Baca\u011f\u0131, ven\u00f6z \u00fclser, sel\u00fclit ve varisli damar gibi durumlar\u0131n te\u015fhisi ve tedavisi i\u00e7in ger\u00e7ek\u00e7i bir e\u011fitim modeli sunar. Yara pansuman\u0131 ve kompresyon bandaj uygulamalar\u0131 i\u00e7in ideal.<\/p>\n","protected":false},"featured_media":121,"comment_status":"open","ping_status":"closed","template":"","meta":[],"product_brand":[129],"product_cat":[15,130,128],"product_tag":[426,425,428,418,423,427,422,34,419,424,421,41,420,413,416,415,417],"class_list":{"0":"post-120","1":"product","2":"type-product","3":"status-publish","4":"has-post-thumbnail","6":"product_brand-limbs-things","7":"product_cat-genel","8":"product_cat-nursing","9":"product_cat-limbs-things","10":"product_tag-atrofie-blanche","11":"product_tag-hemosiderin-lekelenmesi","12":"product_tag-kalsifilaksi","13":"product_tag-kompresyon-bandaji","14":"product_tag-lipodermatoskleroz","15":"product_tag-pitting-odem","16":"product_tag-pyoderma-gangrenosum","17":"product_tag-saglik-egitimi","18":"product_tag-selulit","19":"product_tag-staz-dermatiti","20":"product_tag-telangiektazi","21":"product_tag-tibbi-simulasyon","22":"product_tag-varisli-damarlar","23":"product_tag-vata","24":"product_tag-venoz-ulser","25":"product_tag-venoz-yetmezlik","26":"product_tag-yara-pansumani","28":"first","29":"instock","30":"shipping-taxable","31":"product-type-simple"},"yoast_head":"<!-- This site is optimized with the Yoast SEO plugin v25.2 - https:\/\/yoast.com\/wordpress\/plugins\/seo\/ -->\n<title>Vinnie Ven\u00f6z Yetmezlik Baca\u011f\u0131 - Merkim Maket<\/title>\n<meta name=\"description\" content=\"Vinnie Ven\u00f6z Yetmezlik Baca\u011f\u0131 ile ven\u00f6z \u00fclser, sel\u00fclit ve varis te\u015fhisi e\u011fitimi. Yara pansuman\u0131 ve kompresyon bandaj sim\u00fclasyonu. \u015eimdi ke\u015ffedin!\" \/>\n<meta name=\"robots\" content=\"index, follow, max-snippet:-1, max-image-preview:large, max-video-preview:-1\" \/>\n<link rel=\"canonical\" href=\"https:\/\/merkim.com.tr\/merkim-maket\/urun\/vinnie-venoz-yetmezlik-bacagi\/\" \/>\n<meta property=\"og:locale\" content=\"tr_TR\" \/>\n<meta property=\"og:type\" content=\"article\" \/>\n<meta property=\"og:title\" content=\"Vinnie Ven\u00f6z Yetmezlik Baca\u011f\u0131 - Merkim Maket\" \/>\n<meta property=\"og:description\" content=\"Vinnie Ven\u00f6z Yetmezlik Baca\u011f\u0131 ile ven\u00f6z \u00fclser, sel\u00fclit ve varis te\u015fhisi e\u011fitimi. Yara pansuman\u0131 ve kompresyon bandaj sim\u00fclasyonu. \u015eimdi ke\u015ffedin!\" \/>\n<meta property=\"og:url\" content=\"https:\/\/merkim.com.tr\/merkim-maket\/urun\/vinnie-venoz-yetmezlik-bacagi\/\" \/>\n<meta property=\"og:site_name\" content=\"Merkim Maket\" \/>\n<meta property=\"article:modified_time\" content=\"2025-06-08T21:34:49+00:00\" \/>\n<meta property=\"og:image\" content=\"https:\/\/merkim.com.tr\/merkim-maket\/wp-content\/uploads\/2025\/06\/vinnie-venoz-yetmezlik-bacagi-tibbi-simulator-vata.png\" \/>\n\t<meta property=\"og:image:width\" content=\"800\" \/>\n\t<meta property=\"og:image:height\" content=\"800\" \/>\n\t<meta property=\"og:image:type\" content=\"image\/png\" \/>\n<meta name=\"twitter:card\" content=\"summary_large_image\" \/>\n<meta name=\"twitter:label1\" content=\"Tahmini okuma s\u00fcresi\" \/>\n\t<meta name=\"twitter:data1\" content=\"2 dakika\" \/>\n<script type=\"application\/ld+json\" class=\"yoast-schema-graph\">{\"@context\":\"https:\/\/schema.org\",\"@graph\":[{\"@type\":\"WebPage\",\"@id\":\"https:\/\/merkim.com.tr\/merkim-maket\/urun\/vinnie-venoz-yetmezlik-bacagi\/\",\"url\":\"https:\/\/merkim.com.tr\/merkim-maket\/urun\/vinnie-venoz-yetmezlik-bacagi\/\",\"name\":\"Vinnie Ven\u00f6z Yetmezlik Baca\u011f\u0131 - Merkim Maket\",\"isPartOf\":{\"@id\":\"https:\/\/merkim.com.tr\/merkim-maket\/#website\"},\"primaryImageOfPage\":{\"@id\":\"https:\/\/merkim.com.tr\/merkim-maket\/urun\/vinnie-venoz-yetmezlik-bacagi\/#primaryimage\"},\"image\":{\"@id\":\"https:\/\/merkim.com.tr\/merkim-maket\/urun\/vinnie-venoz-yetmezlik-bacagi\/#primaryimage\"},\"thumbnailUrl\":\"https:\/\/merkim.com.tr\/merkim-maket\/wp-content\/uploads\/2025\/06\/vinnie-venoz-yetmezlik-bacagi-tibbi-simulator-vata.png\",\"datePublished\":\"2025-06-08T18:37:14+00:00\",\"dateModified\":\"2025-06-08T21:34:49+00:00\",\"description\":\"Vinnie Ven\u00f6z Yetmezlik Baca\u011f\u0131 ile ven\u00f6z \u00fclser, sel\u00fclit ve varis te\u015fhisi e\u011fitimi. Yara pansuman\u0131 ve kompresyon bandaj sim\u00fclasyonu. \u015eimdi ke\u015ffedin!\",\"breadcrumb\":{\"@id\":\"https:\/\/merkim.com.tr\/merkim-maket\/urun\/vinnie-venoz-yetmezlik-bacagi\/#breadcrumb\"},\"inLanguage\":\"tr\",\"potentialAction\":[{\"@type\":\"ReadAction\",\"target\":[\"https:\/\/merkim.com.tr\/merkim-maket\/urun\/vinnie-venoz-yetmezlik-bacagi\/\"]}]},{\"@type\":\"ImageObject\",\"inLanguage\":\"tr\",\"@id\":\"https:\/\/merkim.com.tr\/merkim-maket\/urun\/vinnie-venoz-yetmezlik-bacagi\/#primaryimage\",\"url\":\"https:\/\/merkim.com.tr\/merkim-maket\/wp-content\/uploads\/2025\/06\/vinnie-venoz-yetmezlik-bacagi-tibbi-simulator-vata.png\",\"contentUrl\":\"https:\/\/merkim.com.tr\/merkim-maket\/wp-content\/uploads\/2025\/06\/vinnie-venoz-yetmezlik-bacagi-tibbi-simulator-vata.png\",\"width\":800,\"height\":800,\"caption\":\"VATA Vinnie Ven\u00f6z Yetmezlik Baca\u011f\u0131 ile ven\u00f6z hastal\u0131klar\u0131n te\u015fhisi ve tedavisi e\u011fitimi.\"},{\"@type\":\"BreadcrumbList\",\"@id\":\"https:\/\/merkim.com.tr\/merkim-maket\/urun\/vinnie-venoz-yetmezlik-bacagi\/#breadcrumb\",\"itemListElement\":[{\"@type\":\"ListItem\",\"position\":1,\"name\":\"Anasayfa\",\"item\":\"https:\/\/merkim.com.tr\/merkim-maket\/\"},{\"@type\":\"ListItem\",\"position\":2,\"name\":\"Ma\u011faza\",\"item\":\"https:\/\/merkim.com.tr\/merkim-maket\/magaza\/\"},{\"@type\":\"ListItem\",\"position\":3,\"name\":\"Vinnie Ven\u00f6z Yetmezlik Baca\u011f\u0131\"}]},{\"@type\":\"WebSite\",\"@id\":\"https:\/\/merkim.com.tr\/merkim-maket\/#website\",\"url\":\"https:\/\/merkim.com.tr\/merkim-maket\/\",\"name\":\"Merkim Maket\",\"description\":\"\",\"potentialAction\":[{\"@type\":\"SearchAction\",\"target\":{\"@type\":\"EntryPoint\",\"urlTemplate\":\"https:\/\/merkim.com.tr\/merkim-maket\/?s={search_term_string}\"},\"query-input\":{\"@type\":\"PropertyValueSpecification\",\"valueRequired\":true,\"valueName\":\"search_term_string\"}}],\"inLanguage\":\"tr\"}]}<\/script>\n<!-- \/ Yoast SEO plugin. -->","yoast_head_json":{"title":"Vinnie Ven\u00f6z Yetmezlik Baca\u011f\u0131 - Merkim Maket","description":"Vinnie Ven\u00f6z Yetmezlik Baca\u011f\u0131 ile ven\u00f6z \u00fclser, sel\u00fclit ve varis te\u015fhisi e\u011fitimi. Yara pansuman\u0131 ve kompresyon bandaj sim\u00fclasyonu. \u015eimdi ke\u015ffedin!","robots":{"index":"index","follow":"follow","max-snippet":"max-snippet:-1","max-image-preview":"max-image-preview:large","max-video-preview":"max-video-preview:-1"},"canonical":"https:\/\/merkim.com.tr\/merkim-maket\/urun\/vinnie-venoz-yetmezlik-bacagi\/","og_locale":"tr_TR","og_type":"article","og_title":"Vinnie Ven\u00f6z Yetmezlik Baca\u011f\u0131 - Merkim Maket","og_description":"Vinnie Ven\u00f6z Yetmezlik Baca\u011f\u0131 ile ven\u00f6z \u00fclser, sel\u00fclit ve varis te\u015fhisi e\u011fitimi. Yara pansuman\u0131 ve kompresyon bandaj sim\u00fclasyonu. \u015eimdi ke\u015ffedin!","og_url":"https:\/\/merkim.com.tr\/merkim-maket\/urun\/vinnie-venoz-yetmezlik-bacagi\/","og_site_name":"Merkim Maket","article_modified_time":"2025-06-08T21:34:49+00:00","og_image":[{"width":800,"height":800,"url":"https:\/\/merkim.com.tr\/merkim-maket\/wp-content\/uploads\/2025\/06\/vinnie-venoz-yetmezlik-bacagi-tibbi-simulator-vata.png","type":"image\/png"}],"twitter_card":"summary_large_image","twitter_misc":{"Tahmini okuma s\u00fcresi":"2 dakika"},"schema":{"@context":"https:\/\/schema.org","@graph":[{"@type":"WebPage","@id":"https:\/\/merkim.com.tr\/merkim-maket\/urun\/vinnie-venoz-yetmezlik-bacagi\/","url":"https:\/\/merkim.com.tr\/merkim-maket\/urun\/vinnie-venoz-yetmezlik-bacagi\/","name":"Vinnie Ven\u00f6z Yetmezlik Baca\u011f\u0131 - Merkim Maket","isPartOf":{"@id":"https:\/\/merkim.com.tr\/merkim-maket\/#website"},"primaryImageOfPage":{"@id":"https:\/\/merkim.com.tr\/merkim-maket\/urun\/vinnie-venoz-yetmezlik-bacagi\/#primaryimage"},"image":{"@id":"https:\/\/merkim.com.tr\/merkim-maket\/urun\/vinnie-venoz-yetmezlik-bacagi\/#primaryimage"},"thumbnailUrl":"https:\/\/merkim.com.tr\/merkim-maket\/wp-content\/uploads\/2025\/06\/vinnie-venoz-yetmezlik-bacagi-tibbi-simulator-vata.png","datePublished":"2025-06-08T18:37:14+00:00","dateModified":"2025-06-08T21:34:49+00:00","description":"Vinnie Ven\u00f6z Yetmezlik Baca\u011f\u0131 ile ven\u00f6z \u00fclser, sel\u00fclit ve varis te\u015fhisi e\u011fitimi. Yara pansuman\u0131 ve kompresyon bandaj sim\u00fclasyonu. \u015eimdi ke\u015ffedin!","breadcrumb":{"@id":"https:\/\/merkim.com.tr\/merkim-maket\/urun\/vinnie-venoz-yetmezlik-bacagi\/#breadcrumb"},"inLanguage":"tr","potentialAction":[{"@type":"ReadAction","target":["https:\/\/merkim.com.tr\/merkim-maket\/urun\/vinnie-venoz-yetmezlik-bacagi\/"]}]},{"@type":"ImageObject","inLanguage":"tr","@id":"https:\/\/merkim.com.tr\/merkim-maket\/urun\/vinnie-venoz-yetmezlik-bacagi\/#primaryimage","url":"https:\/\/merkim.com.tr\/merkim-maket\/wp-content\/uploads\/2025\/06\/vinnie-venoz-yetmezlik-bacagi-tibbi-simulator-vata.png","contentUrl":"https:\/\/merkim.com.tr\/merkim-maket\/wp-content\/uploads\/2025\/06\/vinnie-venoz-yetmezlik-bacagi-tibbi-simulator-vata.png","width":800,"height":800,"caption":"VATA Vinnie Ven\u00f6z Yetmezlik Baca\u011f\u0131 ile ven\u00f6z hastal\u0131klar\u0131n te\u015fhisi ve tedavisi e\u011fitimi."},{"@type":"BreadcrumbList","@id":"https:\/\/merkim.com.tr\/merkim-maket\/urun\/vinnie-venoz-yetmezlik-bacagi\/#breadcrumb","itemListElement":[{"@type":"ListItem","position":1,"name":"Anasayfa","item":"https:\/\/merkim.com.tr\/merkim-maket\/"},{"@type":"ListItem","position":2,"name":"Ma\u011faza","item":"https:\/\/merkim.com.tr\/merkim-maket\/magaza\/"},{"@type":"ListItem","position":3,"name":"Vinnie Ven\u00f6z Yetmezlik Baca\u011f\u0131"}]},{"@type":"WebSite","@id":"https:\/\/merkim.com.tr\/merkim-maket\/#website","url":"https:\/\/merkim.com.tr\/merkim-maket\/","name":"Merkim Maket","description":"","potentialAction":[{"@type":"SearchAction","target":{"@type":"EntryPoint","urlTemplate":"https:\/\/merkim.com.tr\/merkim-maket\/?s={search_term_string}"},"query-input":{"@type":"PropertyValueSpecification","valueRequired":true,"valueName":"search_term_string"}}],"inLanguage":"tr"}]}},"_links":{"self":[{"href":"https:\/\/merkim.com.tr\/merkim-maket\/wp-json\/wp\/v2\/product\/120","targetHints":{"allow":["GET"]}}],"collection":[{"href":"https:\/\/merkim.com.tr\/merkim-maket\/wp-json\/wp\/v2\/product"}],"about":[{"href":"https:\/\/merkim.com.tr\/merkim-maket\/wp-json\/wp\/v2\/types\/product"}],"replies":[{"embeddable":true,"href":"https:\/\/merkim.com.tr\/merkim-maket\/wp-json\/wp\/v2\/comments?post=120"}],"wp:featuredmedia":[{"embeddable":true,"href":"https:\/\/merkim.com.tr\/merkim-maket\/wp-json\/wp\/v2\/media\/121"}],"wp:attachment":[{"href":"https:\/\/merkim.com.tr\/merkim-maket\/wp-json\/wp\/v2\/media?parent=120"}],"wp:term":[{"taxonomy":"product_brand","embeddable":true,"href":"https:\/\/merkim.com.tr\/merkim-maket\/wp-json\/wp\/v2\/product_brand?post=120"},{"taxonomy":"product_cat","embeddable":true,"href":"https:\/\/merkim.com.tr\/merkim-maket\/wp-json\/wp\/v2\/product_cat?post=120"},{"taxonomy":"product_tag","embeddable":true,"href":"https:\/\/merkim.com.tr\/merkim-maket\/wp-json\/wp\/v2\/product_tag?post=120"}],"curies":[{"name":"wp","href":"https:\/\/api.w.org\/{rel}","templated":true}]}}