{"id":114,"date":"2025-06-08T18:06:25","date_gmt":"2025-06-08T18:06:25","guid":{"rendered":"https:\/\/merkim.com.tr\/merkim-maket\/?post_type=product&#038;p=114"},"modified":"2025-06-08T21:38:13","modified_gmt":"2025-06-08T21:38:13","slug":"bebek-kalca-muayene-simulatoru-2li-paket-lst","status":"publish","type":"product","link":"https:\/\/merkim.com.tr\/merkim-maket\/urun\/bebek-kalca-muayene-simulatoru-2li-paket-lst\/","title":{"rendered":"Bebek Kal\u00e7a Muayene Sim\u00fclat\u00f6r\u00fc (2\u2019li Paket, LST)"},"content":{"rendered":"<p><strong>Bebek Kal\u00e7a Muayene Sim\u00fclat\u00f6r\u00fc (2\u2019li Paket, LST)<\/strong>, geli\u015fimsel kal\u00e7a displazisi (DDH) te\u015fhis ve y\u00f6netiminde sa\u011fl\u0131k profesyonellerinin e\u011fitim ihtiya\u00e7lar\u0131n\u0131 kar\u015f\u0131lamak i\u00e7in tasarlanm\u0131\u015f yenilik\u00e7i bir sim\u00fclasyon arac\u0131d\u0131r. Yakla\u015f\u0131k 1000 bebekte 1 veya 2\u2019sinde g\u00f6r\u00fclen DDH\u2019yi tan\u0131mlamak ve te\u015fhis etmek i\u00e7in \u00f6zel olarak geli\u015ftirilen bu sim\u00fclat\u00f6r, pediatrik e\u011fitimde e\u015fsiz bir ger\u00e7ek\u00e7ilik sunar. Limbs &amp; Things, \u00f6nde gelen Amerikal\u0131 pediatri uzman\u0131 Dr. Joseph O. Lopreiato ve sim\u00fclasyon e\u011fitimi uzman\u0131 Elizabeth Weissbord, MA, CMI ile i\u015f birli\u011fi yaparak bu modeli geli\u015ftirmi\u015ftir.<\/p>\n<p>Bu sim\u00fclat\u00f6r, iki bebekli paket olarak sunularak ayn\u0131 anda iki e\u011fitim seans\u0131n\u0131n yan yana y\u00fcr\u00fct\u00fclmesine olanak tan\u0131r. H\u0131zl\u0131 ve kolay kurulum \u00f6zelli\u011fi ile e\u011fitim s\u00fcresinden tasarruf sa\u011flar. \u0130ki de\u011fi\u015ftirilebilir alt bacak mod\u00fcl\u00fc i\u00e7erir: normal kal\u00e7a mod\u00fcl\u00fc ve anormal kal\u00e7a mod\u00fcl\u00fc. Normal kal\u00e7a mod\u00fcl\u00fc, sa\u011fl\u0131kl\u0131 bir kal\u00e7an\u0131n muayene s\u0131ras\u0131ndaki hareketlerini ve dokunsal geri bildirimini anlamay\u0131 sa\u011flarken, anormal kal\u00e7a mod\u00fcl\u00fc, bir kal\u00e7an\u0131n yerinden \u00e7\u0131km\u0131\u015f (disloke) ve do\u011fru pozisyona getirilebilir oldu\u011fu, di\u011fer kal\u00e7an\u0131n ise gev\u015fek (laks) ve yerinden \u00e7\u0131kar\u0131labilir oldu\u011fu senaryolar\u0131 sim\u00fcle eder. Bu mod\u00fcller, Ortolani Testi ve Barlow Manevras\u0131 ile her iki kal\u00e7a patolojisinin incelenmesine olanak tan\u0131r.<\/p>\n<p>Sim\u00fclat\u00f6r, 1 ayl\u0131k bir k\u0131z bebe\u011fin anatomisine uygun olarak tasarlanm\u0131\u015ft\u0131r ve Galeazzi i\u015faretinin g\u00f6rsel olarak tan\u0131mlanmas\u0131 i\u00e7in artik\u00fcle diz ve ayak bile\u011fi eklemleri i\u00e7erir. Bebe\u011fin ayaklar\u0131n\u0131n yata\u011fa d\u00fcz bir \u015fekilde yerle\u015ftirilmesi, ger\u00e7ek\u00e7i bir muayene ortam\u0131 sa\u011flar. Ayr\u0131ca, disloke kal\u00e7an\u0131n yerine oturtulmas\u0131 s\u0131ras\u0131nda hissedilen karakteristik \u201ct\u0131k\u201d sesi, ger\u00e7ek\u00e7i bir dokunsal deneyim sunar. A\u011f\u0131rl\u0131kl\u0131 bebek g\u00f6vde mod\u00fcl\u00fc, kullan\u0131m s\u0131ras\u0131nda stabiliteyi art\u0131r\u0131r ve yaln\u0131zca alt bacak mod\u00fcl\u00fcne k\u0131yasla daha ger\u00e7ek\u00e7i bir sim\u00fclasyon sa\u011flar.<\/p>\n<p>Lateks i\u00e7ermeyen yap\u0131s\u0131 ve dayan\u0131kl\u0131 malzemeleri ile bu sim\u00fclat\u00f6r, tekrarlanan kullan\u0131mlar i\u00e7in uzun \u00f6m\u00fcrl\u00fcd\u00fcr. Temizli\u011fi kolay olup, hafif deterjanl\u0131 \u0131l\u0131k su ve yumu\u015fak bir bezle temizlenebilir. Bebek Kal\u00e7a Muayene Sim\u00fclat\u00f6r\u00fc, pediatrik ortopedi ve neonatoloji alanlar\u0131nda \u00e7al\u0131\u015fan sa\u011fl\u0131k profesyonelleri i\u00e7in DDH te\u015fhisinde kritik becerileri geli\u015ftirmek \u00fczere tasarlanm\u0131\u015f vazge\u00e7ilmez bir e\u011fitim arac\u0131d\u0131r.<\/p>\n","protected":false},"excerpt":{"rendered":"<p>Bebek Kal\u00e7a Muayene Sim\u00fclat\u00f6r\u00fc (2\u2019li Paket, LST), geli\u015fimsel kal\u00e7a displazisi (DDH) te\u015fhisi i\u00e7in ger\u00e7ek\u00e7i bir e\u011fitim platformu sunar. Ortolani Testi, Barlow Manevras\u0131 ve Galeazzi i\u015fareti uygulamalar\u0131 i\u00e7in idealdir.<\/p>\n","protected":false},"featured_media":115,"comment_status":"open","ping_status":"closed","template":"","meta":[],"product_brand":[129],"product_cat":[15,130,128,477],"product_tag":[385,389,381,383,386,382,268,390,384,391,387,388,344],"class_list":{"0":"post-114","1":"product","2":"type-product","3":"status-publish","4":"has-post-thumbnail","6":"product_brand-limbs-things","7":"product_cat-genel","8":"product_cat-nursing","9":"product_cat-limbs-things","10":"product_cat-limbs-things-limbs-things","11":"product_tag-barlow-manevrasi","12":"product_tag-bebek-kalca-displazisi","13":"product_tag-bebek-kalca-muayene-simulatoru","14":"product_tag-ddh-egitimi","15":"product_tag-galeazzi-isareti","16":"product_tag-gelisimsel-kalca-displazisi","17":"product_tag-limbs-things","18":"product_tag-neonatoloji-egitimi","19":"product_tag-ortolani-testi","20":"product_tag-pediatrik-ortopedi","21":"product_tag-pediatrik-simulasyon","22":"product_tag-saglik-simulatoru","23":"product_tag-tibbi-egitim","25":"first","26":"instock","27":"shipping-taxable","28":"product-type-simple"},"yoast_head":"<!-- This site is optimized with the Yoast SEO plugin v25.2 - https:\/\/yoast.com\/wordpress\/plugins\/seo\/ -->\n<title>Bebek Kal\u00e7a Muayene Sim\u00fclat\u00f6r\u00fc (2\u2019li Paket, LST) - Merkim Maket<\/title>\n<meta name=\"description\" content=\"Bebek Kal\u00e7a Muayene Sim\u00fclat\u00f6r\u00fc (2\u2019li Paket) ile DDH te\u015fhis e\u011fitimi. Ortolani Testi, Barlow Manevras\u0131 ve Galeazzi i\u015fareti sim\u00fclasyonu. \u015eimdi ke\u015ffedin!\" \/>\n<meta name=\"robots\" content=\"index, follow, max-snippet:-1, max-image-preview:large, max-video-preview:-1\" \/>\n<link rel=\"canonical\" href=\"https:\/\/merkim.com.tr\/merkim-maket\/urun\/bebek-kalca-muayene-simulatoru-2li-paket-lst\/\" \/>\n<meta property=\"og:locale\" content=\"tr_TR\" \/>\n<meta property=\"og:type\" content=\"article\" \/>\n<meta property=\"og:title\" content=\"Bebek Kal\u00e7a Muayene Sim\u00fclat\u00f6r\u00fc (2\u2019li Paket, LST) - Merkim Maket\" \/>\n<meta property=\"og:description\" content=\"Bebek Kal\u00e7a Muayene Sim\u00fclat\u00f6r\u00fc (2\u2019li Paket) ile DDH te\u015fhis e\u011fitimi. Ortolani Testi, Barlow Manevras\u0131 ve Galeazzi i\u015fareti sim\u00fclasyonu. \u015eimdi ke\u015ffedin!\" \/>\n<meta property=\"og:url\" content=\"https:\/\/merkim.com.tr\/merkim-maket\/urun\/bebek-kalca-muayene-simulatoru-2li-paket-lst\/\" \/>\n<meta property=\"og:site_name\" content=\"Merkim Maket\" \/>\n<meta property=\"article:modified_time\" content=\"2025-06-08T21:38:13+00:00\" \/>\n<meta property=\"og:image\" content=\"https:\/\/merkim.com.tr\/merkim-maket\/wp-content\/uploads\/2025\/06\/bebek-kalca-muayene-simulatoru-2li-paket-limbs-and-things.png\" \/>\n\t<meta property=\"og:image:width\" content=\"800\" \/>\n\t<meta property=\"og:image:height\" content=\"800\" \/>\n\t<meta property=\"og:image:type\" content=\"image\/png\" \/>\n<meta name=\"twitter:card\" content=\"summary_large_image\" \/>\n<meta name=\"twitter:label1\" content=\"Tahmini okuma s\u00fcresi\" \/>\n\t<meta name=\"twitter:data1\" content=\"2 dakika\" \/>\n<script type=\"application\/ld+json\" class=\"yoast-schema-graph\">{\"@context\":\"https:\/\/schema.org\",\"@graph\":[{\"@type\":\"WebPage\",\"@id\":\"https:\/\/merkim.com.tr\/merkim-maket\/urun\/bebek-kalca-muayene-simulatoru-2li-paket-lst\/\",\"url\":\"https:\/\/merkim.com.tr\/merkim-maket\/urun\/bebek-kalca-muayene-simulatoru-2li-paket-lst\/\",\"name\":\"Bebek Kal\u00e7a Muayene Sim\u00fclat\u00f6r\u00fc (2\u2019li Paket, LST) - Merkim Maket\",\"isPartOf\":{\"@id\":\"https:\/\/merkim.com.tr\/merkim-maket\/#website\"},\"primaryImageOfPage\":{\"@id\":\"https:\/\/merkim.com.tr\/merkim-maket\/urun\/bebek-kalca-muayene-simulatoru-2li-paket-lst\/#primaryimage\"},\"image\":{\"@id\":\"https:\/\/merkim.com.tr\/merkim-maket\/urun\/bebek-kalca-muayene-simulatoru-2li-paket-lst\/#primaryimage\"},\"thumbnailUrl\":\"https:\/\/merkim.com.tr\/merkim-maket\/wp-content\/uploads\/2025\/06\/bebek-kalca-muayene-simulatoru-2li-paket-limbs-and-things.png\",\"datePublished\":\"2025-06-08T18:06:25+00:00\",\"dateModified\":\"2025-06-08T21:38:13+00:00\",\"description\":\"Bebek Kal\u00e7a Muayene Sim\u00fclat\u00f6r\u00fc (2\u2019li Paket) ile DDH te\u015fhis e\u011fitimi. Ortolani Testi, Barlow Manevras\u0131 ve Galeazzi i\u015fareti sim\u00fclasyonu. \u015eimdi ke\u015ffedin!\",\"breadcrumb\":{\"@id\":\"https:\/\/merkim.com.tr\/merkim-maket\/urun\/bebek-kalca-muayene-simulatoru-2li-paket-lst\/#breadcrumb\"},\"inLanguage\":\"tr\",\"potentialAction\":[{\"@type\":\"ReadAction\",\"target\":[\"https:\/\/merkim.com.tr\/merkim-maket\/urun\/bebek-kalca-muayene-simulatoru-2li-paket-lst\/\"]}]},{\"@type\":\"ImageObject\",\"inLanguage\":\"tr\",\"@id\":\"https:\/\/merkim.com.tr\/merkim-maket\/urun\/bebek-kalca-muayene-simulatoru-2li-paket-lst\/#primaryimage\",\"url\":\"https:\/\/merkim.com.tr\/merkim-maket\/wp-content\/uploads\/2025\/06\/bebek-kalca-muayene-simulatoru-2li-paket-limbs-and-things.png\",\"contentUrl\":\"https:\/\/merkim.com.tr\/merkim-maket\/wp-content\/uploads\/2025\/06\/bebek-kalca-muayene-simulatoru-2li-paket-limbs-and-things.png\",\"width\":800,\"height\":800,\"caption\":\"Limbs & Things Bebek Kal\u00e7a Muayene Sim\u00fclat\u00f6r\u00fc ile DDH te\u015fhisi: Ortolani, Barlow ve Galeazzi uygulamalar\u0131.\"},{\"@type\":\"BreadcrumbList\",\"@id\":\"https:\/\/merkim.com.tr\/merkim-maket\/urun\/bebek-kalca-muayene-simulatoru-2li-paket-lst\/#breadcrumb\",\"itemListElement\":[{\"@type\":\"ListItem\",\"position\":1,\"name\":\"Anasayfa\",\"item\":\"https:\/\/merkim.com.tr\/merkim-maket\/\"},{\"@type\":\"ListItem\",\"position\":2,\"name\":\"Ma\u011faza\",\"item\":\"https:\/\/merkim.com.tr\/merkim-maket\/magaza\/\"},{\"@type\":\"ListItem\",\"position\":3,\"name\":\"Bebek Kal\u00e7a Muayene Sim\u00fclat\u00f6r\u00fc (2\u2019li Paket, LST)\"}]},{\"@type\":\"WebSite\",\"@id\":\"https:\/\/merkim.com.tr\/merkim-maket\/#website\",\"url\":\"https:\/\/merkim.com.tr\/merkim-maket\/\",\"name\":\"Merkim Maket\",\"description\":\"\",\"potentialAction\":[{\"@type\":\"SearchAction\",\"target\":{\"@type\":\"EntryPoint\",\"urlTemplate\":\"https:\/\/merkim.com.tr\/merkim-maket\/?s={search_term_string}\"},\"query-input\":{\"@type\":\"PropertyValueSpecification\",\"valueRequired\":true,\"valueName\":\"search_term_string\"}}],\"inLanguage\":\"tr\"}]}<\/script>\n<!-- \/ Yoast SEO plugin. -->","yoast_head_json":{"title":"Bebek Kal\u00e7a Muayene Sim\u00fclat\u00f6r\u00fc (2\u2019li Paket, LST) - Merkim Maket","description":"Bebek Kal\u00e7a Muayene Sim\u00fclat\u00f6r\u00fc (2\u2019li Paket) ile DDH te\u015fhis e\u011fitimi. Ortolani Testi, Barlow Manevras\u0131 ve Galeazzi i\u015fareti sim\u00fclasyonu. \u015eimdi ke\u015ffedin!","robots":{"index":"index","follow":"follow","max-snippet":"max-snippet:-1","max-image-preview":"max-image-preview:large","max-video-preview":"max-video-preview:-1"},"canonical":"https:\/\/merkim.com.tr\/merkim-maket\/urun\/bebek-kalca-muayene-simulatoru-2li-paket-lst\/","og_locale":"tr_TR","og_type":"article","og_title":"Bebek Kal\u00e7a Muayene Sim\u00fclat\u00f6r\u00fc (2\u2019li Paket, LST) - Merkim Maket","og_description":"Bebek Kal\u00e7a Muayene Sim\u00fclat\u00f6r\u00fc (2\u2019li Paket) ile DDH te\u015fhis e\u011fitimi. Ortolani Testi, Barlow Manevras\u0131 ve Galeazzi i\u015fareti sim\u00fclasyonu. \u015eimdi ke\u015ffedin!","og_url":"https:\/\/merkim.com.tr\/merkim-maket\/urun\/bebek-kalca-muayene-simulatoru-2li-paket-lst\/","og_site_name":"Merkim Maket","article_modified_time":"2025-06-08T21:38:13+00:00","og_image":[{"width":800,"height":800,"url":"https:\/\/merkim.com.tr\/merkim-maket\/wp-content\/uploads\/2025\/06\/bebek-kalca-muayene-simulatoru-2li-paket-limbs-and-things.png","type":"image\/png"}],"twitter_card":"summary_large_image","twitter_misc":{"Tahmini okuma s\u00fcresi":"2 dakika"},"schema":{"@context":"https:\/\/schema.org","@graph":[{"@type":"WebPage","@id":"https:\/\/merkim.com.tr\/merkim-maket\/urun\/bebek-kalca-muayene-simulatoru-2li-paket-lst\/","url":"https:\/\/merkim.com.tr\/merkim-maket\/urun\/bebek-kalca-muayene-simulatoru-2li-paket-lst\/","name":"Bebek Kal\u00e7a Muayene Sim\u00fclat\u00f6r\u00fc (2\u2019li Paket, LST) - Merkim Maket","isPartOf":{"@id":"https:\/\/merkim.com.tr\/merkim-maket\/#website"},"primaryImageOfPage":{"@id":"https:\/\/merkim.com.tr\/merkim-maket\/urun\/bebek-kalca-muayene-simulatoru-2li-paket-lst\/#primaryimage"},"image":{"@id":"https:\/\/merkim.com.tr\/merkim-maket\/urun\/bebek-kalca-muayene-simulatoru-2li-paket-lst\/#primaryimage"},"thumbnailUrl":"https:\/\/merkim.com.tr\/merkim-maket\/wp-content\/uploads\/2025\/06\/bebek-kalca-muayene-simulatoru-2li-paket-limbs-and-things.png","datePublished":"2025-06-08T18:06:25+00:00","dateModified":"2025-06-08T21:38:13+00:00","description":"Bebek Kal\u00e7a Muayene Sim\u00fclat\u00f6r\u00fc (2\u2019li Paket) ile DDH te\u015fhis e\u011fitimi. Ortolani Testi, Barlow Manevras\u0131 ve Galeazzi i\u015fareti sim\u00fclasyonu. \u015eimdi ke\u015ffedin!","breadcrumb":{"@id":"https:\/\/merkim.com.tr\/merkim-maket\/urun\/bebek-kalca-muayene-simulatoru-2li-paket-lst\/#breadcrumb"},"inLanguage":"tr","potentialAction":[{"@type":"ReadAction","target":["https:\/\/merkim.com.tr\/merkim-maket\/urun\/bebek-kalca-muayene-simulatoru-2li-paket-lst\/"]}]},{"@type":"ImageObject","inLanguage":"tr","@id":"https:\/\/merkim.com.tr\/merkim-maket\/urun\/bebek-kalca-muayene-simulatoru-2li-paket-lst\/#primaryimage","url":"https:\/\/merkim.com.tr\/merkim-maket\/wp-content\/uploads\/2025\/06\/bebek-kalca-muayene-simulatoru-2li-paket-limbs-and-things.png","contentUrl":"https:\/\/merkim.com.tr\/merkim-maket\/wp-content\/uploads\/2025\/06\/bebek-kalca-muayene-simulatoru-2li-paket-limbs-and-things.png","width":800,"height":800,"caption":"Limbs & Things Bebek Kal\u00e7a Muayene Sim\u00fclat\u00f6r\u00fc ile DDH te\u015fhisi: Ortolani, Barlow ve Galeazzi uygulamalar\u0131."},{"@type":"BreadcrumbList","@id":"https:\/\/merkim.com.tr\/merkim-maket\/urun\/bebek-kalca-muayene-simulatoru-2li-paket-lst\/#breadcrumb","itemListElement":[{"@type":"ListItem","position":1,"name":"Anasayfa","item":"https:\/\/merkim.com.tr\/merkim-maket\/"},{"@type":"ListItem","position":2,"name":"Ma\u011faza","item":"https:\/\/merkim.com.tr\/merkim-maket\/magaza\/"},{"@type":"ListItem","position":3,"name":"Bebek Kal\u00e7a Muayene Sim\u00fclat\u00f6r\u00fc (2\u2019li Paket, LST)"}]},{"@type":"WebSite","@id":"https:\/\/merkim.com.tr\/merkim-maket\/#website","url":"https:\/\/merkim.com.tr\/merkim-maket\/","name":"Merkim Maket","description":"","potentialAction":[{"@type":"SearchAction","target":{"@type":"EntryPoint","urlTemplate":"https:\/\/merkim.com.tr\/merkim-maket\/?s={search_term_string}"},"query-input":{"@type":"PropertyValueSpecification","valueRequired":true,"valueName":"search_term_string"}}],"inLanguage":"tr"}]}},"_links":{"self":[{"href":"https:\/\/merkim.com.tr\/merkim-maket\/wp-json\/wp\/v2\/product\/114","targetHints":{"allow":["GET"]}}],"collection":[{"href":"https:\/\/merkim.com.tr\/merkim-maket\/wp-json\/wp\/v2\/product"}],"about":[{"href":"https:\/\/merkim.com.tr\/merkim-maket\/wp-json\/wp\/v2\/types\/product"}],"replies":[{"embeddable":true,"href":"https:\/\/merkim.com.tr\/merkim-maket\/wp-json\/wp\/v2\/comments?post=114"}],"wp:featuredmedia":[{"embeddable":true,"href":"https:\/\/merkim.com.tr\/merkim-maket\/wp-json\/wp\/v2\/media\/115"}],"wp:attachment":[{"href":"https:\/\/merkim.com.tr\/merkim-maket\/wp-json\/wp\/v2\/media?parent=114"}],"wp:term":[{"taxonomy":"product_brand","embeddable":true,"href":"https:\/\/merkim.com.tr\/merkim-maket\/wp-json\/wp\/v2\/product_brand?post=114"},{"taxonomy":"product_cat","embeddable":true,"href":"https:\/\/merkim.com.tr\/merkim-maket\/wp-json\/wp\/v2\/product_cat?post=114"},{"taxonomy":"product_tag","embeddable":true,"href":"https:\/\/merkim.com.tr\/merkim-maket\/wp-json\/wp\/v2\/product_tag?post=114"}],"curies":[{"name":"wp","href":"https:\/\/api.w.org\/{rel}","templated":true}]}}