{"id":112,"date":"2025-06-08T17:54:32","date_gmt":"2025-06-08T17:54:32","guid":{"rendered":"https:\/\/merkim.com.tr\/merkim-maket\/?post_type=product&#038;p=112"},"modified":"2025-06-08T21:39:05","modified_gmt":"2025-06-08T21:39:05","slug":"destekli-vajinal-dogum-modulu-prompt-flex","status":"publish","type":"product","link":"https:\/\/merkim.com.tr\/merkim-maket\/urun\/destekli-vajinal-dogum-modulu-prompt-flex\/","title":{"rendered":"Destekli Vajinal Do\u011fum Mod\u00fcl\u00fc &#8211; PROMPT Flex"},"content":{"rendered":"<p><strong>Destekli Vajinal Do\u011fum Mod\u00fcl\u00fc &#8211; PROMPT Flex<\/strong>, enstr\u00fcman destekli do\u011fum prosed\u00fcrlerinin e\u011fitimi i\u00e7in tasarlanm\u0131\u015f, PROMPT Flex ailesinin en yeni ve yenilik\u00e7i \u00fcyesidir. T\u0131p uzmanlar\u0131, sa\u011fl\u0131k e\u011fitmenleri ve sa\u011fl\u0131k kurumlar\u0131 i\u00e7in geli\u015ftirilen bu mod\u00fcl, forseps ve ventuz (vakum) destekli vajinal do\u011fumlar dahil olmak \u00fczere obstetrik m\u00fcdahalelerde kapsaml\u0131 bir e\u011fitim platformu sunar. PROMPT Flex Do\u011fum Sim\u00fclat\u00f6rleri, PROMPT Flex Bebek modelleri ve Do\u011fum Annesi temel \u00fcniteleri ile tam uyumludur.<\/p>\n<p>Mod\u00fcl, hem sefalik hem de makat do\u011fumlar i\u00e7in ger\u00e7ek\u00e7i bir sim\u00fclasyon sa\u011flar. Ventuz destekli do\u011fumlar i\u00e7in \u00f6zel olarak tasarlanm\u0131\u015f Bebek Maskesi, vakum cihaz\u0131n\u0131n kupas\u0131n\u0131n bebe\u011fin ba\u015f\u0131na g\u00fcvenli bir \u015fekilde yap\u0131\u015fmas\u0131n\u0131 sa\u011flar ve ba\u015far\u0131l\u0131 teslimatlar i\u00e7in optimize edilmi\u015ftir. Forseps destekli do\u011fumlar i\u00e7in ise uterusun yan k\u0131s\u0131mlar\u0131ndaki k\u00f6p\u00fck ekler, forsepslerin yerle\u015ftirilmesini ve sabit kalmas\u0131n\u0131 kolayla\u015ft\u0131r\u0131r. Bu \u00f6zellikler, kullan\u0131c\u0131lara ger\u00e7ek\u00e7i bir diren\u00e7 ve dokunsal geri bildirim sunarak klinik becerilerin geli\u015ftirilmesine olanak tan\u0131r.<\/p>\n<p>Destekli Vajinal Do\u011fum Mod\u00fcl\u00fc, klasik forseps (Simpson, Elliot, Tucker Mc-Lane), ventuz (Kiwi\u2122 Kupas\u0131), Piper forsepsleriyle makat do\u011fum ve rotasyonel teslimatlar (Kiellands, BD Odon Device\u2122) gibi \u00e7e\u015fitli enstr\u00fcmanlarla e\u011fitim imkan\u0131 sunar. Ayr\u0131ca, fundal bas\u0131n\u00e7 uygulamas\u0131 ve ekip \u00e7al\u0131\u015fmas\u0131 becerilerini geli\u015ftirmek i\u00e7in sim\u00fcle hasta ile birlikte kullan\u0131labilir. Mod\u00fcl, perineum ve do\u011fum kanal\u0131n\u0131n anatomik olarak do\u011fru temsili ile ger\u00e7ek\u00e7i bir e\u011fitim deneyimi sunar.<\/p>\n<p>Lateks i\u00e7ermeyen yap\u0131s\u0131, kolay temizlenebilir tasar\u0131m\u0131 ve dayan\u0131kl\u0131 malzemeleri ile bu mod\u00fcl, uzun s\u00fcreli kullan\u0131m i\u00e7in g\u00fcvenilir bir \u00e7\u00f6z\u00fcmd\u00fcr. \u00d6nerilen kayganla\u015ft\u0131r\u0131c\u0131 ile kullan\u0131ld\u0131\u011f\u0131nda, PROMPT Bebek, do\u011fum kanal\u0131, perineum ve forsepslerin zarar g\u00f6rmesi \u00f6nlenir. Ventuz teslimatlar\u0131nda, Bebek Maskesi kullan\u0131lmadan \u00f6nce bebe\u011fin ba\u015f\u0131ndaki kayganla\u015ft\u0131r\u0131c\u0131 tamamen temizlenmelidir. Bu mod\u00fcl, obstetrik acil durumlara haz\u0131rl\u0131kta m\u00fckemmeliyet arayan sa\u011fl\u0131k profesyonelleri i\u00e7in vazge\u00e7ilmez bir e\u011fitim arac\u0131d\u0131r.<\/p>\n","protected":false},"excerpt":{"rendered":"<p>Destekli Vajinal Do\u011fum Mod\u00fcl\u00fc &#8211; PROMPT Flex, forseps ve ventuz destekli vajinal do\u011fumlar i\u00e7in ger\u00e7ek\u00e7i bir e\u011fitim platformu sunar. Sefalik, makat ve rotasyonel do\u011fum senaryolar\u0131 i\u00e7in idealdir.<\/p>\n","protected":false},"featured_media":113,"comment_status":"open","ping_status":"closed","template":"","meta":[],"product_brand":[129],"product_cat":[15,130,128,179],"product_tag":[380,379,373,336,374,369,376,341,337,377,338,378,34,41,375],"class_list":{"0":"post-112","1":"product","2":"type-product","3":"status-publish","4":"has-post-thumbnail","6":"product_brand-limbs-things","7":"product_cat-genel","8":"product_cat-nursing","9":"product_cat-limbs-things","10":"product_cat-simulasyon","11":"product_tag-bd-odon-device","12":"product_tag-bebek-maskesi","13":"product_tag-destekli-vajinal-dogum","14":"product_tag-dogum-simulatoru","15":"product_tag-forseps-teslimati","16":"product_tag-fundal-basinc","17":"product_tag-kiwi-kupasi","18":"product_tag-makat-dogum","19":"product_tag-obstetrik-egitim","20":"product_tag-piper-forseps","21":"product_tag-prompt-flex","22":"product_tag-rotasyonel-dogum","23":"product_tag-saglik-egitimi","24":"product_tag-tibbi-simulasyon","25":"product_tag-ventuz-teslimati","27":"first","28":"instock","29":"shipping-taxable","30":"product-type-simple"},"yoast_head":"<!-- This site is optimized with the Yoast SEO plugin v25.2 - https:\/\/yoast.com\/wordpress\/plugins\/seo\/ -->\n<title>Destekli Vajinal Do\u011fum Mod\u00fcl\u00fc - PROMPT Flex - Merkim Maket<\/title>\n<meta name=\"description\" content=\"Destekli Vajinal Do\u011fum Mod\u00fcl\u00fc - PROMPT Flex ile forseps ve ventuz e\u011fitimi. Sefalik, makat ve rotasyonel do\u011fum sim\u00fclasyonu. \u015eimdi ke\u015ffedin!\" \/>\n<meta name=\"robots\" content=\"index, follow, max-snippet:-1, max-image-preview:large, max-video-preview:-1\" \/>\n<link rel=\"canonical\" href=\"https:\/\/merkim.com.tr\/merkim-maket\/urun\/destekli-vajinal-dogum-modulu-prompt-flex\/\" \/>\n<meta property=\"og:locale\" content=\"tr_TR\" \/>\n<meta property=\"og:type\" content=\"article\" \/>\n<meta property=\"og:title\" content=\"Destekli Vajinal Do\u011fum Mod\u00fcl\u00fc - PROMPT Flex - Merkim Maket\" \/>\n<meta property=\"og:description\" content=\"Destekli Vajinal Do\u011fum Mod\u00fcl\u00fc - PROMPT Flex ile forseps ve ventuz e\u011fitimi. Sefalik, makat ve rotasyonel do\u011fum sim\u00fclasyonu. \u015eimdi ke\u015ffedin!\" \/>\n<meta property=\"og:url\" content=\"https:\/\/merkim.com.tr\/merkim-maket\/urun\/destekli-vajinal-dogum-modulu-prompt-flex\/\" \/>\n<meta property=\"og:site_name\" content=\"Merkim Maket\" \/>\n<meta property=\"article:modified_time\" content=\"2025-06-08T21:39:05+00:00\" \/>\n<meta property=\"og:image\" content=\"https:\/\/merkim.com.tr\/merkim-maket\/wp-content\/uploads\/2025\/06\/destekli-vajinal-dogum-modulu-dogum-simulatoru-prompt-flex.png\" \/>\n\t<meta property=\"og:image:width\" content=\"800\" \/>\n\t<meta property=\"og:image:height\" content=\"800\" \/>\n\t<meta property=\"og:image:type\" content=\"image\/png\" \/>\n<meta name=\"twitter:card\" content=\"summary_large_image\" \/>\n<meta name=\"twitter:label1\" content=\"Tahmini okuma s\u00fcresi\" \/>\n\t<meta name=\"twitter:data1\" content=\"2 dakika\" \/>\n<script type=\"application\/ld+json\" class=\"yoast-schema-graph\">{\"@context\":\"https:\/\/schema.org\",\"@graph\":[{\"@type\":\"WebPage\",\"@id\":\"https:\/\/merkim.com.tr\/merkim-maket\/urun\/destekli-vajinal-dogum-modulu-prompt-flex\/\",\"url\":\"https:\/\/merkim.com.tr\/merkim-maket\/urun\/destekli-vajinal-dogum-modulu-prompt-flex\/\",\"name\":\"Destekli Vajinal Do\u011fum Mod\u00fcl\u00fc - PROMPT Flex - Merkim Maket\",\"isPartOf\":{\"@id\":\"https:\/\/merkim.com.tr\/merkim-maket\/#website\"},\"primaryImageOfPage\":{\"@id\":\"https:\/\/merkim.com.tr\/merkim-maket\/urun\/destekli-vajinal-dogum-modulu-prompt-flex\/#primaryimage\"},\"image\":{\"@id\":\"https:\/\/merkim.com.tr\/merkim-maket\/urun\/destekli-vajinal-dogum-modulu-prompt-flex\/#primaryimage\"},\"thumbnailUrl\":\"https:\/\/merkim.com.tr\/merkim-maket\/wp-content\/uploads\/2025\/06\/destekli-vajinal-dogum-modulu-dogum-simulatoru-prompt-flex.png\",\"datePublished\":\"2025-06-08T17:54:32+00:00\",\"dateModified\":\"2025-06-08T21:39:05+00:00\",\"description\":\"Destekli Vajinal Do\u011fum Mod\u00fcl\u00fc - PROMPT Flex ile forseps ve ventuz e\u011fitimi. Sefalik, makat ve rotasyonel do\u011fum sim\u00fclasyonu. \u015eimdi ke\u015ffedin!\",\"breadcrumb\":{\"@id\":\"https:\/\/merkim.com.tr\/merkim-maket\/urun\/destekli-vajinal-dogum-modulu-prompt-flex\/#breadcrumb\"},\"inLanguage\":\"tr\",\"potentialAction\":[{\"@type\":\"ReadAction\",\"target\":[\"https:\/\/merkim.com.tr\/merkim-maket\/urun\/destekli-vajinal-dogum-modulu-prompt-flex\/\"]}]},{\"@type\":\"ImageObject\",\"inLanguage\":\"tr\",\"@id\":\"https:\/\/merkim.com.tr\/merkim-maket\/urun\/destekli-vajinal-dogum-modulu-prompt-flex\/#primaryimage\",\"url\":\"https:\/\/merkim.com.tr\/merkim-maket\/wp-content\/uploads\/2025\/06\/destekli-vajinal-dogum-modulu-dogum-simulatoru-prompt-flex.png\",\"contentUrl\":\"https:\/\/merkim.com.tr\/merkim-maket\/wp-content\/uploads\/2025\/06\/destekli-vajinal-dogum-modulu-dogum-simulatoru-prompt-flex.png\",\"width\":800,\"height\":800,\"caption\":\"PROMPT Flex ile forseps, ventuz ve makat do\u011fum e\u011fitimi: Ger\u00e7ek\u00e7i diren\u00e7 ve dokunsal geri bildirim.\"},{\"@type\":\"BreadcrumbList\",\"@id\":\"https:\/\/merkim.com.tr\/merkim-maket\/urun\/destekli-vajinal-dogum-modulu-prompt-flex\/#breadcrumb\",\"itemListElement\":[{\"@type\":\"ListItem\",\"position\":1,\"name\":\"Anasayfa\",\"item\":\"https:\/\/merkim.com.tr\/merkim-maket\/\"},{\"@type\":\"ListItem\",\"position\":2,\"name\":\"Ma\u011faza\",\"item\":\"https:\/\/merkim.com.tr\/merkim-maket\/magaza\/\"},{\"@type\":\"ListItem\",\"position\":3,\"name\":\"Destekli Vajinal Do\u011fum Mod\u00fcl\u00fc &#8211; PROMPT Flex\"}]},{\"@type\":\"WebSite\",\"@id\":\"https:\/\/merkim.com.tr\/merkim-maket\/#website\",\"url\":\"https:\/\/merkim.com.tr\/merkim-maket\/\",\"name\":\"Merkim Maket\",\"description\":\"\",\"potentialAction\":[{\"@type\":\"SearchAction\",\"target\":{\"@type\":\"EntryPoint\",\"urlTemplate\":\"https:\/\/merkim.com.tr\/merkim-maket\/?s={search_term_string}\"},\"query-input\":{\"@type\":\"PropertyValueSpecification\",\"valueRequired\":true,\"valueName\":\"search_term_string\"}}],\"inLanguage\":\"tr\"}]}<\/script>\n<!-- \/ Yoast SEO plugin. -->","yoast_head_json":{"title":"Destekli Vajinal Do\u011fum Mod\u00fcl\u00fc - PROMPT Flex - Merkim Maket","description":"Destekli Vajinal Do\u011fum Mod\u00fcl\u00fc - PROMPT Flex ile forseps ve ventuz e\u011fitimi. Sefalik, makat ve rotasyonel do\u011fum sim\u00fclasyonu. \u015eimdi ke\u015ffedin!","robots":{"index":"index","follow":"follow","max-snippet":"max-snippet:-1","max-image-preview":"max-image-preview:large","max-video-preview":"max-video-preview:-1"},"canonical":"https:\/\/merkim.com.tr\/merkim-maket\/urun\/destekli-vajinal-dogum-modulu-prompt-flex\/","og_locale":"tr_TR","og_type":"article","og_title":"Destekli Vajinal Do\u011fum Mod\u00fcl\u00fc - PROMPT Flex - Merkim Maket","og_description":"Destekli Vajinal Do\u011fum Mod\u00fcl\u00fc - PROMPT Flex ile forseps ve ventuz e\u011fitimi. Sefalik, makat ve rotasyonel do\u011fum sim\u00fclasyonu. \u015eimdi ke\u015ffedin!","og_url":"https:\/\/merkim.com.tr\/merkim-maket\/urun\/destekli-vajinal-dogum-modulu-prompt-flex\/","og_site_name":"Merkim Maket","article_modified_time":"2025-06-08T21:39:05+00:00","og_image":[{"width":800,"height":800,"url":"https:\/\/merkim.com.tr\/merkim-maket\/wp-content\/uploads\/2025\/06\/destekli-vajinal-dogum-modulu-dogum-simulatoru-prompt-flex.png","type":"image\/png"}],"twitter_card":"summary_large_image","twitter_misc":{"Tahmini okuma s\u00fcresi":"2 dakika"},"schema":{"@context":"https:\/\/schema.org","@graph":[{"@type":"WebPage","@id":"https:\/\/merkim.com.tr\/merkim-maket\/urun\/destekli-vajinal-dogum-modulu-prompt-flex\/","url":"https:\/\/merkim.com.tr\/merkim-maket\/urun\/destekli-vajinal-dogum-modulu-prompt-flex\/","name":"Destekli Vajinal Do\u011fum Mod\u00fcl\u00fc - PROMPT Flex - Merkim Maket","isPartOf":{"@id":"https:\/\/merkim.com.tr\/merkim-maket\/#website"},"primaryImageOfPage":{"@id":"https:\/\/merkim.com.tr\/merkim-maket\/urun\/destekli-vajinal-dogum-modulu-prompt-flex\/#primaryimage"},"image":{"@id":"https:\/\/merkim.com.tr\/merkim-maket\/urun\/destekli-vajinal-dogum-modulu-prompt-flex\/#primaryimage"},"thumbnailUrl":"https:\/\/merkim.com.tr\/merkim-maket\/wp-content\/uploads\/2025\/06\/destekli-vajinal-dogum-modulu-dogum-simulatoru-prompt-flex.png","datePublished":"2025-06-08T17:54:32+00:00","dateModified":"2025-06-08T21:39:05+00:00","description":"Destekli Vajinal Do\u011fum Mod\u00fcl\u00fc - PROMPT Flex ile forseps ve ventuz e\u011fitimi. Sefalik, makat ve rotasyonel do\u011fum sim\u00fclasyonu. \u015eimdi ke\u015ffedin!","breadcrumb":{"@id":"https:\/\/merkim.com.tr\/merkim-maket\/urun\/destekli-vajinal-dogum-modulu-prompt-flex\/#breadcrumb"},"inLanguage":"tr","potentialAction":[{"@type":"ReadAction","target":["https:\/\/merkim.com.tr\/merkim-maket\/urun\/destekli-vajinal-dogum-modulu-prompt-flex\/"]}]},{"@type":"ImageObject","inLanguage":"tr","@id":"https:\/\/merkim.com.tr\/merkim-maket\/urun\/destekli-vajinal-dogum-modulu-prompt-flex\/#primaryimage","url":"https:\/\/merkim.com.tr\/merkim-maket\/wp-content\/uploads\/2025\/06\/destekli-vajinal-dogum-modulu-dogum-simulatoru-prompt-flex.png","contentUrl":"https:\/\/merkim.com.tr\/merkim-maket\/wp-content\/uploads\/2025\/06\/destekli-vajinal-dogum-modulu-dogum-simulatoru-prompt-flex.png","width":800,"height":800,"caption":"PROMPT Flex ile forseps, ventuz ve makat do\u011fum e\u011fitimi: Ger\u00e7ek\u00e7i diren\u00e7 ve dokunsal geri bildirim."},{"@type":"BreadcrumbList","@id":"https:\/\/merkim.com.tr\/merkim-maket\/urun\/destekli-vajinal-dogum-modulu-prompt-flex\/#breadcrumb","itemListElement":[{"@type":"ListItem","position":1,"name":"Anasayfa","item":"https:\/\/merkim.com.tr\/merkim-maket\/"},{"@type":"ListItem","position":2,"name":"Ma\u011faza","item":"https:\/\/merkim.com.tr\/merkim-maket\/magaza\/"},{"@type":"ListItem","position":3,"name":"Destekli Vajinal Do\u011fum Mod\u00fcl\u00fc &#8211; PROMPT Flex"}]},{"@type":"WebSite","@id":"https:\/\/merkim.com.tr\/merkim-maket\/#website","url":"https:\/\/merkim.com.tr\/merkim-maket\/","name":"Merkim Maket","description":"","potentialAction":[{"@type":"SearchAction","target":{"@type":"EntryPoint","urlTemplate":"https:\/\/merkim.com.tr\/merkim-maket\/?s={search_term_string}"},"query-input":{"@type":"PropertyValueSpecification","valueRequired":true,"valueName":"search_term_string"}}],"inLanguage":"tr"}]}},"_links":{"self":[{"href":"https:\/\/merkim.com.tr\/merkim-maket\/wp-json\/wp\/v2\/product\/112","targetHints":{"allow":["GET"]}}],"collection":[{"href":"https:\/\/merkim.com.tr\/merkim-maket\/wp-json\/wp\/v2\/product"}],"about":[{"href":"https:\/\/merkim.com.tr\/merkim-maket\/wp-json\/wp\/v2\/types\/product"}],"replies":[{"embeddable":true,"href":"https:\/\/merkim.com.tr\/merkim-maket\/wp-json\/wp\/v2\/comments?post=112"}],"wp:featuredmedia":[{"embeddable":true,"href":"https:\/\/merkim.com.tr\/merkim-maket\/wp-json\/wp\/v2\/media\/113"}],"wp:attachment":[{"href":"https:\/\/merkim.com.tr\/merkim-maket\/wp-json\/wp\/v2\/media?parent=112"}],"wp:term":[{"taxonomy":"product_brand","embeddable":true,"href":"https:\/\/merkim.com.tr\/merkim-maket\/wp-json\/wp\/v2\/product_brand?post=112"},{"taxonomy":"product_cat","embeddable":true,"href":"https:\/\/merkim.com.tr\/merkim-maket\/wp-json\/wp\/v2\/product_cat?post=112"},{"taxonomy":"product_tag","embeddable":true,"href":"https:\/\/merkim.com.tr\/merkim-maket\/wp-json\/wp\/v2\/product_tag?post=112"}],"curies":[{"name":"wp","href":"https:\/\/api.w.org\/{rel}","templated":true}]}}