{"id":104,"date":"2025-06-08T17:04:51","date_gmt":"2025-06-08T17:04:51","guid":{"rendered":"https:\/\/merkim.com.tr\/merkim-maket\/?post_type=product&#038;p=104"},"modified":"2025-06-10T12:56:47","modified_gmt":"2025-06-10T12:56:47","slug":"dogum-simulatoru-prompt-flex-standart-acik-ten-rengi","status":"publish","type":"product","link":"https:\/\/merkim.com.tr\/merkim-maket\/urun\/dogum-simulatoru-prompt-flex-standart-acik-ten-rengi\/","title":{"rendered":"Do\u011fum Sim\u00fclat\u00f6r\u00fc PROMPT Flex &#8211; Standart (A\u00e7\u0131k Ten Rengi)"},"content":{"rendered":"<p dir=\"auto\"><strong>Do\u011fum Sim\u00fclat\u00f6r\u00fc PROMPT Flex &#8211; Standart (A\u00e7\u0131k Ten Rengi)<\/strong>, hem rutin hem de karma\u015f\u0131k do\u011fum senaryolar\u0131nda klinik yeterlili\u011fi art\u0131rmak i\u00e7in tasarlanm\u0131\u015f son teknoloji bir obstetrik e\u011fitim \u00e7\u00f6z\u00fcm\u00fcd\u00fcr. Hassasiyetle geli\u015ftirilen bu sim\u00fclat\u00f6r, t\u0131p uzmanlar\u0131, e\u011fitmenler ve sa\u011fl\u0131k kurumlar\u0131 i\u00e7in maternal ve neonatal sonu\u00e7lar\u0131 iyile\u015ftirmek amac\u0131yla kan\u0131ta dayal\u0131 e\u011fitim sunan temel bir ara\u00e7t\u0131r.<\/p>\n<p dir=\"auto\">Y\u00fcksek ger\u00e7ek\u00e7i pelvik taban, hareketli kal\u00e7a eklemleri ve jinekoid pelvis yap\u0131s\u0131yla PROMPT Flex Do\u011fum Annesi, insan anatomisini ola\u011fan\u00fcst\u00fc bir do\u011frulukla taklit eder. Dahil olan Standart PROMPT Flex Bebek, geli\u015ftirilmi\u015f omuz ve kal\u00e7a eklemleri ile benzersiz torako-lomber e\u011fim \u00f6zelli\u011fi sayesinde omuz distosisi, vajinal makat do\u011fumu ve forseps veya vakum cihazlar\u0131yla desteklenen do\u011fumlar gibi zorlu senaryolar i\u00e7in e\u015fsiz bir ger\u00e7ek\u00e7ilik sunar.<\/p>\n<p dir=\"auto\">Sim\u00fclat\u00f6r\u00fcn mod\u00fcler tasar\u0131m\u0131, Postpartum Kanama (PPH), Geli\u015ftirilmi\u015f Sezaryen, Servikal Dilatasyon ve Silinme (CD&amp;E) ve Servikal Serklaj gibi ek mod\u00fcllerle kolayca entegre edilebilir, b\u00f6ylece geni\u015f bir obstetrik prosed\u00fcr yelpazesinde kapsaml\u0131 e\u011fitim imkan\u0131 sa\u011flar. \u00dccretsiz ART (Art\u0131r\u0131lm\u0131\u015f Ger\u00e7eklik) uygulamas\u0131yla uyumlulu\u011fu, etkile\u015fimli anatomi g\u00f6rselle\u015ftirme ve animasyonlu prosed\u00fcr rehberleri sunarak \u00f6\u011frenme deneyimini daha da ileri ta\u015f\u0131r. Bu \u00f6zellik, bireysel \u00e7al\u0131\u015fma veya s\u0131n\u0131f i\u00e7i e\u011fitim i\u00e7in idealdir.<\/p>\n<p dir=\"auto\">\u00c7ok y\u00f6nl\u00fcl\u00fck i\u00e7in tasarlanan PROMPT Flex, normal vajinal do\u011fumlar, \u00fc\u00e7\u00fcnc\u00fc evre do\u011fum y\u00f6netimi, kordon sarkmas\u0131, idrar kateteri yerle\u015ftirme ve kas i\u00e7i (IM) enjeksiyonlar gibi e\u011fitimleri destekler. Ayr\u0131ca, sim\u00fcle edilmi\u015f hasta ile entegrasyon sayesinde ileti\u015fim ve ekip \u00e7al\u0131\u015fmas\u0131 becerilerini geli\u015ftirmeye olanak tan\u0131r.<\/p>\n<p dir=\"auto\">Ta\u015f\u0131ma \u00e7antas\u0131yla birlikte gelen bu sim\u00fclat\u00f6r, g\u00fcvenli saklama ve kolay ta\u015f\u0131ma imkan\u0131 sunar. Lateks i\u00e7ermeyen malzemelerden \u00fcretilmi\u015f olup, \u00f6nerilen kayganla\u015ft\u0131r\u0131c\u0131 ve sim\u00fcle kan ile kullan\u0131ld\u0131\u011f\u0131nda uzun \u00f6m\u00fcrl\u00fcd\u00fcr. Do\u011fum Sim\u00fclat\u00f6r\u00fc PROMPT Flex, obstetrik e\u011fitimde m\u00fckemmeliyet arayanlar i\u00e7in ideal bir \u00e7\u00f6z\u00fcmd\u00fcr.<\/p>\n","protected":false},"excerpt":{"rendered":"<p dir=\"auto\">Do\u011fum Sim\u00fclat\u00f6r\u00fc PROMPT Flex &#8211; Standart (A\u00e7\u0131k Ten Rengi), rutin ve karma\u015f\u0131k do\u011fum senaryolar\u0131 i\u00e7in ger\u00e7ek\u00e7i bir e\u011fitim platformu sunar. Geli\u015ftirilmi\u015f bebek modeli, omuz distosisi ve makat do\u011fum gibi zorlu durumlar i\u00e7in idealdir. Mod\u00fcler tasar\u0131m\u0131 ve Art\u0131r\u0131lm\u0131\u015f Ger\u00e7eklik (ART) uygulamas\u0131yla, obstetrik e\u011fitimde e\u015fsiz bir deneyim sa\u011flar.<\/p>\n","protected":false},"featured_media":105,"comment_status":"open","ping_status":"closed","template":"","meta":[],"product_brand":[129],"product_cat":[15,523,130,128,179],"product_tag":[346,345,336,341,347,348,337,339,343,338,20,342,344,340],"class_list":{"0":"post-104","1":"product","2":"type-product","3":"status-publish","4":"has-post-thumbnail","6":"product_brand-limbs-things","7":"product_cat-genel","8":"product_cat-acil-tip","9":"product_cat-nursing","10":"product_cat-limbs-things","11":"product_cat-simulasyon","12":"product_tag-art-uygulamasi","13":"product_tag-dogum-simulasyonu","14":"product_tag-dogum-simulatoru","15":"product_tag-makat-dogum","16":"product_tag-moduler-simulator","17":"product_tag-neonatal-egitim","18":"product_tag-obstetrik-egitim","19":"product_tag-omuz-distosisi","20":"product_tag-postpartum-kanama","21":"product_tag-prompt-flex","22":"product_tag-saglik-simulasyonu","23":"product_tag-sezaryen-egitimi","24":"product_tag-tibbi-egitim","25":"product_tag-vajinal-dogum","27":"first","28":"instock","29":"shipping-taxable","30":"product-type-simple"},"yoast_head":"<!-- This site is optimized with the Yoast SEO plugin v25.2 - https:\/\/yoast.com\/wordpress\/plugins\/seo\/ -->\n<title>Do\u011fum Sim\u00fclat\u00f6r\u00fc PROMPT Flex - Standart (A\u00e7\u0131k Ten Rengi) - Merkim Maket<\/title>\n<meta name=\"description\" content=\"Do\u011fum Sim\u00fclat\u00f6r\u00fc PROMPT Flex - Standart (A\u00e7\u0131k Ten Rengi) ile obstetrik e\u011fitimde m\u00fckemmeliyet. Omuz distosisi, makat do\u011fum ve daha fazlas\u0131 i\u00e7in ger\u00e7ek\u00e7i sim\u00fclasyon. ART uygulamas\u0131 ve mod\u00fcler tasar\u0131m ile \u015fimdi ke\u015ffedin!\" \/>\n<meta name=\"robots\" content=\"index, follow, max-snippet:-1, max-image-preview:large, max-video-preview:-1\" \/>\n<link rel=\"canonical\" href=\"https:\/\/merkim.com.tr\/merkim-maket\/urun\/dogum-simulatoru-prompt-flex-standart-acik-ten-rengi\/\" \/>\n<meta property=\"og:locale\" content=\"tr_TR\" \/>\n<meta property=\"og:type\" content=\"article\" \/>\n<meta property=\"og:title\" content=\"Do\u011fum Sim\u00fclat\u00f6r\u00fc PROMPT Flex - Standart (A\u00e7\u0131k Ten Rengi) - Merkim Maket\" \/>\n<meta property=\"og:description\" content=\"Do\u011fum Sim\u00fclat\u00f6r\u00fc PROMPT Flex - Standart (A\u00e7\u0131k Ten Rengi) ile obstetrik e\u011fitimde m\u00fckemmeliyet. Omuz distosisi, makat do\u011fum ve daha fazlas\u0131 i\u00e7in ger\u00e7ek\u00e7i sim\u00fclasyon. ART uygulamas\u0131 ve mod\u00fcler tasar\u0131m ile \u015fimdi ke\u015ffedin!\" \/>\n<meta property=\"og:url\" content=\"https:\/\/merkim.com.tr\/merkim-maket\/urun\/dogum-simulatoru-prompt-flex-standart-acik-ten-rengi\/\" \/>\n<meta property=\"og:site_name\" content=\"Merkim Maket\" \/>\n<meta property=\"article:modified_time\" content=\"2025-06-10T12:56:47+00:00\" \/>\n<meta property=\"og:image\" content=\"https:\/\/merkim.com.tr\/merkim-maket\/wp-content\/uploads\/2025\/06\/dogum-simulatoru-prompt-flex-standart-acik-ten-rengi.png\" \/>\n\t<meta property=\"og:image:width\" content=\"800\" \/>\n\t<meta property=\"og:image:height\" content=\"800\" \/>\n\t<meta property=\"og:image:type\" content=\"image\/png\" \/>\n<meta name=\"twitter:card\" content=\"summary_large_image\" \/>\n<meta name=\"twitter:label1\" content=\"Tahmini okuma s\u00fcresi\" \/>\n\t<meta name=\"twitter:data1\" content=\"2 dakika\" \/>\n<script type=\"application\/ld+json\" class=\"yoast-schema-graph\">{\"@context\":\"https:\/\/schema.org\",\"@graph\":[{\"@type\":\"WebPage\",\"@id\":\"https:\/\/merkim.com.tr\/merkim-maket\/urun\/dogum-simulatoru-prompt-flex-standart-acik-ten-rengi\/\",\"url\":\"https:\/\/merkim.com.tr\/merkim-maket\/urun\/dogum-simulatoru-prompt-flex-standart-acik-ten-rengi\/\",\"name\":\"Do\u011fum Sim\u00fclat\u00f6r\u00fc PROMPT Flex - Standart (A\u00e7\u0131k Ten Rengi) - Merkim Maket\",\"isPartOf\":{\"@id\":\"https:\/\/merkim.com.tr\/merkim-maket\/#website\"},\"primaryImageOfPage\":{\"@id\":\"https:\/\/merkim.com.tr\/merkim-maket\/urun\/dogum-simulatoru-prompt-flex-standart-acik-ten-rengi\/#primaryimage\"},\"image\":{\"@id\":\"https:\/\/merkim.com.tr\/merkim-maket\/urun\/dogum-simulatoru-prompt-flex-standart-acik-ten-rengi\/#primaryimage\"},\"thumbnailUrl\":\"https:\/\/merkim.com.tr\/merkim-maket\/wp-content\/uploads\/2025\/06\/dogum-simulatoru-prompt-flex-standart-acik-ten-rengi.png\",\"datePublished\":\"2025-06-08T17:04:51+00:00\",\"dateModified\":\"2025-06-10T12:56:47+00:00\",\"description\":\"Do\u011fum Sim\u00fclat\u00f6r\u00fc PROMPT Flex - Standart (A\u00e7\u0131k Ten Rengi) ile obstetrik e\u011fitimde m\u00fckemmeliyet. Omuz distosisi, makat do\u011fum ve daha fazlas\u0131 i\u00e7in ger\u00e7ek\u00e7i sim\u00fclasyon. ART uygulamas\u0131 ve mod\u00fcler tasar\u0131m ile \u015fimdi ke\u015ffedin!\",\"breadcrumb\":{\"@id\":\"https:\/\/merkim.com.tr\/merkim-maket\/urun\/dogum-simulatoru-prompt-flex-standart-acik-ten-rengi\/#breadcrumb\"},\"inLanguage\":\"tr\",\"potentialAction\":[{\"@type\":\"ReadAction\",\"target\":[\"https:\/\/merkim.com.tr\/merkim-maket\/urun\/dogum-simulatoru-prompt-flex-standart-acik-ten-rengi\/\"]}]},{\"@type\":\"ImageObject\",\"inLanguage\":\"tr\",\"@id\":\"https:\/\/merkim.com.tr\/merkim-maket\/urun\/dogum-simulatoru-prompt-flex-standart-acik-ten-rengi\/#primaryimage\",\"url\":\"https:\/\/merkim.com.tr\/merkim-maket\/wp-content\/uploads\/2025\/06\/dogum-simulatoru-prompt-flex-standart-acik-ten-rengi.png\",\"contentUrl\":\"https:\/\/merkim.com.tr\/merkim-maket\/wp-content\/uploads\/2025\/06\/dogum-simulatoru-prompt-flex-standart-acik-ten-rengi.png\",\"width\":800,\"height\":800,\"caption\":\"PROMPT Flex ile omuz distosisi, makat do\u011fum ve normal do\u011fum gibi senaryolarda ger\u00e7ek\u00e7i e\u011fitim.\"},{\"@type\":\"BreadcrumbList\",\"@id\":\"https:\/\/merkim.com.tr\/merkim-maket\/urun\/dogum-simulatoru-prompt-flex-standart-acik-ten-rengi\/#breadcrumb\",\"itemListElement\":[{\"@type\":\"ListItem\",\"position\":1,\"name\":\"Anasayfa\",\"item\":\"https:\/\/merkim.com.tr\/merkim-maket\/\"},{\"@type\":\"ListItem\",\"position\":2,\"name\":\"Ma\u011faza\",\"item\":\"https:\/\/merkim.com.tr\/merkim-maket\/magaza\/\"},{\"@type\":\"ListItem\",\"position\":3,\"name\":\"Do\u011fum Sim\u00fclat\u00f6r\u00fc PROMPT Flex &#8211; Standart (A\u00e7\u0131k Ten Rengi)\"}]},{\"@type\":\"WebSite\",\"@id\":\"https:\/\/merkim.com.tr\/merkim-maket\/#website\",\"url\":\"https:\/\/merkim.com.tr\/merkim-maket\/\",\"name\":\"Merkim Maket\",\"description\":\"\",\"potentialAction\":[{\"@type\":\"SearchAction\",\"target\":{\"@type\":\"EntryPoint\",\"urlTemplate\":\"https:\/\/merkim.com.tr\/merkim-maket\/?s={search_term_string}\"},\"query-input\":{\"@type\":\"PropertyValueSpecification\",\"valueRequired\":true,\"valueName\":\"search_term_string\"}}],\"inLanguage\":\"tr\"}]}<\/script>\n<!-- \/ Yoast SEO plugin. -->","yoast_head_json":{"title":"Do\u011fum Sim\u00fclat\u00f6r\u00fc PROMPT Flex - Standart (A\u00e7\u0131k Ten Rengi) - Merkim Maket","description":"Do\u011fum Sim\u00fclat\u00f6r\u00fc PROMPT Flex - Standart (A\u00e7\u0131k Ten Rengi) ile obstetrik e\u011fitimde m\u00fckemmeliyet. Omuz distosisi, makat do\u011fum ve daha fazlas\u0131 i\u00e7in ger\u00e7ek\u00e7i sim\u00fclasyon. ART uygulamas\u0131 ve mod\u00fcler tasar\u0131m ile \u015fimdi ke\u015ffedin!","robots":{"index":"index","follow":"follow","max-snippet":"max-snippet:-1","max-image-preview":"max-image-preview:large","max-video-preview":"max-video-preview:-1"},"canonical":"https:\/\/merkim.com.tr\/merkim-maket\/urun\/dogum-simulatoru-prompt-flex-standart-acik-ten-rengi\/","og_locale":"tr_TR","og_type":"article","og_title":"Do\u011fum Sim\u00fclat\u00f6r\u00fc PROMPT Flex - Standart (A\u00e7\u0131k Ten Rengi) - Merkim Maket","og_description":"Do\u011fum Sim\u00fclat\u00f6r\u00fc PROMPT Flex - Standart (A\u00e7\u0131k Ten Rengi) ile obstetrik e\u011fitimde m\u00fckemmeliyet. Omuz distosisi, makat do\u011fum ve daha fazlas\u0131 i\u00e7in ger\u00e7ek\u00e7i sim\u00fclasyon. ART uygulamas\u0131 ve mod\u00fcler tasar\u0131m ile \u015fimdi ke\u015ffedin!","og_url":"https:\/\/merkim.com.tr\/merkim-maket\/urun\/dogum-simulatoru-prompt-flex-standart-acik-ten-rengi\/","og_site_name":"Merkim Maket","article_modified_time":"2025-06-10T12:56:47+00:00","og_image":[{"width":800,"height":800,"url":"https:\/\/merkim.com.tr\/merkim-maket\/wp-content\/uploads\/2025\/06\/dogum-simulatoru-prompt-flex-standart-acik-ten-rengi.png","type":"image\/png"}],"twitter_card":"summary_large_image","twitter_misc":{"Tahmini okuma s\u00fcresi":"2 dakika"},"schema":{"@context":"https:\/\/schema.org","@graph":[{"@type":"WebPage","@id":"https:\/\/merkim.com.tr\/merkim-maket\/urun\/dogum-simulatoru-prompt-flex-standart-acik-ten-rengi\/","url":"https:\/\/merkim.com.tr\/merkim-maket\/urun\/dogum-simulatoru-prompt-flex-standart-acik-ten-rengi\/","name":"Do\u011fum Sim\u00fclat\u00f6r\u00fc PROMPT Flex - Standart (A\u00e7\u0131k Ten Rengi) - Merkim Maket","isPartOf":{"@id":"https:\/\/merkim.com.tr\/merkim-maket\/#website"},"primaryImageOfPage":{"@id":"https:\/\/merkim.com.tr\/merkim-maket\/urun\/dogum-simulatoru-prompt-flex-standart-acik-ten-rengi\/#primaryimage"},"image":{"@id":"https:\/\/merkim.com.tr\/merkim-maket\/urun\/dogum-simulatoru-prompt-flex-standart-acik-ten-rengi\/#primaryimage"},"thumbnailUrl":"https:\/\/merkim.com.tr\/merkim-maket\/wp-content\/uploads\/2025\/06\/dogum-simulatoru-prompt-flex-standart-acik-ten-rengi.png","datePublished":"2025-06-08T17:04:51+00:00","dateModified":"2025-06-10T12:56:47+00:00","description":"Do\u011fum Sim\u00fclat\u00f6r\u00fc PROMPT Flex - Standart (A\u00e7\u0131k Ten Rengi) ile obstetrik e\u011fitimde m\u00fckemmeliyet. Omuz distosisi, makat do\u011fum ve daha fazlas\u0131 i\u00e7in ger\u00e7ek\u00e7i sim\u00fclasyon. ART uygulamas\u0131 ve mod\u00fcler tasar\u0131m ile \u015fimdi ke\u015ffedin!","breadcrumb":{"@id":"https:\/\/merkim.com.tr\/merkim-maket\/urun\/dogum-simulatoru-prompt-flex-standart-acik-ten-rengi\/#breadcrumb"},"inLanguage":"tr","potentialAction":[{"@type":"ReadAction","target":["https:\/\/merkim.com.tr\/merkim-maket\/urun\/dogum-simulatoru-prompt-flex-standart-acik-ten-rengi\/"]}]},{"@type":"ImageObject","inLanguage":"tr","@id":"https:\/\/merkim.com.tr\/merkim-maket\/urun\/dogum-simulatoru-prompt-flex-standart-acik-ten-rengi\/#primaryimage","url":"https:\/\/merkim.com.tr\/merkim-maket\/wp-content\/uploads\/2025\/06\/dogum-simulatoru-prompt-flex-standart-acik-ten-rengi.png","contentUrl":"https:\/\/merkim.com.tr\/merkim-maket\/wp-content\/uploads\/2025\/06\/dogum-simulatoru-prompt-flex-standart-acik-ten-rengi.png","width":800,"height":800,"caption":"PROMPT Flex ile omuz distosisi, makat do\u011fum ve normal do\u011fum gibi senaryolarda ger\u00e7ek\u00e7i e\u011fitim."},{"@type":"BreadcrumbList","@id":"https:\/\/merkim.com.tr\/merkim-maket\/urun\/dogum-simulatoru-prompt-flex-standart-acik-ten-rengi\/#breadcrumb","itemListElement":[{"@type":"ListItem","position":1,"name":"Anasayfa","item":"https:\/\/merkim.com.tr\/merkim-maket\/"},{"@type":"ListItem","position":2,"name":"Ma\u011faza","item":"https:\/\/merkim.com.tr\/merkim-maket\/magaza\/"},{"@type":"ListItem","position":3,"name":"Do\u011fum Sim\u00fclat\u00f6r\u00fc PROMPT Flex &#8211; Standart (A\u00e7\u0131k Ten Rengi)"}]},{"@type":"WebSite","@id":"https:\/\/merkim.com.tr\/merkim-maket\/#website","url":"https:\/\/merkim.com.tr\/merkim-maket\/","name":"Merkim Maket","description":"","potentialAction":[{"@type":"SearchAction","target":{"@type":"EntryPoint","urlTemplate":"https:\/\/merkim.com.tr\/merkim-maket\/?s={search_term_string}"},"query-input":{"@type":"PropertyValueSpecification","valueRequired":true,"valueName":"search_term_string"}}],"inLanguage":"tr"}]}},"_links":{"self":[{"href":"https:\/\/merkim.com.tr\/merkim-maket\/wp-json\/wp\/v2\/product\/104","targetHints":{"allow":["GET"]}}],"collection":[{"href":"https:\/\/merkim.com.tr\/merkim-maket\/wp-json\/wp\/v2\/product"}],"about":[{"href":"https:\/\/merkim.com.tr\/merkim-maket\/wp-json\/wp\/v2\/types\/product"}],"replies":[{"embeddable":true,"href":"https:\/\/merkim.com.tr\/merkim-maket\/wp-json\/wp\/v2\/comments?post=104"}],"wp:featuredmedia":[{"embeddable":true,"href":"https:\/\/merkim.com.tr\/merkim-maket\/wp-json\/wp\/v2\/media\/105"}],"wp:attachment":[{"href":"https:\/\/merkim.com.tr\/merkim-maket\/wp-json\/wp\/v2\/media?parent=104"}],"wp:term":[{"taxonomy":"product_brand","embeddable":true,"href":"https:\/\/merkim.com.tr\/merkim-maket\/wp-json\/wp\/v2\/product_brand?post=104"},{"taxonomy":"product_cat","embeddable":true,"href":"https:\/\/merkim.com.tr\/merkim-maket\/wp-json\/wp\/v2\/product_cat?post=104"},{"taxonomy":"product_tag","embeddable":true,"href":"https:\/\/merkim.com.tr\/merkim-maket\/wp-json\/wp\/v2\/product_tag?post=104"}],"curies":[{"name":"wp","href":"https:\/\/api.w.org\/{rel}","templated":true}]}}