{"id":102,"date":"2025-06-08T16:52:05","date_gmt":"2025-06-08T16:52:05","guid":{"rendered":"https:\/\/merkim.com.tr\/merkim-maket\/?post_type=product&#038;p=102"},"modified":"2025-06-10T10:03:38","modified_gmt":"2025-06-10T10:03:38","slug":"lipoma-pad-lipoma-eksizyon-egitim-simulatoru","status":"publish","type":"product","link":"https:\/\/merkim.com.tr\/merkim-maket\/urun\/lipoma-pad-lipoma-eksizyon-egitim-simulatoru\/","title":{"rendered":"Lipoma Pad | Lipoma Eksizyon E\u011fitim Sim\u00fclat\u00f6r\u00fc"},"content":{"rendered":"<p class=\"ds-markdown-paragraph\"><strong>Limbs &amp; Things Lipoma Pad<\/strong>, cerrahlar ve t\u0131p \u00f6\u011frencileri i\u00e7in\u00a0<strong>lipoma eksizyonunun t\u00fcm a\u015famalar\u0131n\u0131<\/strong>\u00a0ger\u00e7ek\u00e7i bir \u015fekilde \u00f6\u011freten yenilik\u00e7i bir cerrahi e\u011fitim sim\u00fclat\u00f6r\u00fcd\u00fcr. Bu \u00fcr\u00fcn,\u00a0<strong>3 katmanl\u0131 deri yap\u0131s\u0131<\/strong>\u00a0(epidermis, dermis ve subdermal tabaka) ile insan anatomisine birebir uygun \u015fekilde tasarlanm\u0131\u015ft\u0131r.<\/p>\n<h4><strong>\u00dcst\u00fcn \u00d6zellikler ve Avantajlar<\/strong><\/h4>\n<p class=\"ds-markdown-paragraph\">\u2714\u00a0<strong>Ger\u00e7ek\u00e7i Anatomik Yap\u0131:<\/strong><\/p>\n<ul>\n<li>\n<p class=\"ds-markdown-paragraph\"><strong>3 katmanl\u0131 deri yap\u0131s\u0131:<\/strong><\/p>\n<ul>\n<li>\n<p class=\"ds-markdown-paragraph\"><strong>Pembe epidermis<\/strong><\/p>\n<\/li>\n<li>\n<p class=\"ds-markdown-paragraph\"><strong>Beyaz dermis<\/strong><\/p>\n<\/li>\n<li>\n<p class=\"ds-markdown-paragraph\"><strong>Sar\u0131 subkutan ya\u011f dokusu<\/strong><\/p>\n<\/li>\n<\/ul>\n<\/li>\n<li>\n<p class=\"ds-markdown-paragraph\"><strong>\u0130nsan derisi ortalama kal\u0131nl\u0131\u011f\u0131nda<\/strong>\u00a0dermis ve epidermis tabakalar\u0131.<\/p>\n<\/li>\n<li>\n<p class=\"ds-markdown-paragraph\"><strong>Unidireksiyonel esneme<\/strong>\u00a0\u00f6zelli\u011fi ile insan derisindeki kollajen yap\u0131y\u0131 taklit eder.<\/p>\n<\/li>\n<\/ul>\n<p class=\"ds-markdown-paragraph\">\u2714\u00a0<strong>Ger\u00e7ek\u00e7i Lipoma Yap\u0131s\u0131:<\/strong><\/p>\n<ul>\n<li>\n<p class=\"ds-markdown-paragraph\"><strong>Hastada bulunan lipomalarla ayn\u0131 \u00f6zelliklerde<\/strong>\u00a0tasar\u0131m.<\/p>\n<\/li>\n<li>\n<p class=\"ds-markdown-paragraph\"><strong>Ya\u011f tabakas\u0131 i\u00e7ine yerle\u015ftirilmi\u015f<\/strong>\u00a0lipoma yap\u0131s\u0131.<\/p>\n<\/li>\n<li>\n<p class=\"ds-markdown-paragraph\"><strong>Ger\u00e7ek doku yap\u0131\u015fma \u00f6zellikleri<\/strong>\u00a0ile in-vivo ko\u015fullar\u0131 taklit eder.<\/p>\n<\/li>\n<li>\n<p class=\"ds-markdown-paragraph\"><strong>T\u00fcm doku katmanlar\u0131 net olarak ay\u0131rt edilebilir.<\/strong><\/p>\n<\/li>\n<\/ul>\n<p class=\"ds-markdown-paragraph\">\u2714\u00a0<strong>Kapsaml\u0131 Cerrahi E\u011fitim:<\/strong><\/p>\n<ul>\n<li>\n<p class=\"ds-markdown-paragraph\"><strong>\u0130nsizyon planlamas\u0131 ve i\u015faretleme.<\/strong><\/p>\n<\/li>\n<li>\n<p class=\"ds-markdown-paragraph\"><strong>Derinin insizyonu ve k\u00fcnt diseksiyon teknikleri.<\/strong><\/p>\n<\/li>\n<li>\n<p class=\"ds-markdown-paragraph\"><strong>Lipoman\u0131n \u00e7\u0131kar\u0131lmas\u0131 ve komplikasyon y\u00f6netimi.<\/strong><\/p>\n<\/li>\n<li>\n<p class=\"ds-markdown-paragraph\"><strong>Yara kapatma (closure) teknikleri.<\/strong><\/p>\n<\/li>\n<\/ul>\n<p class=\"ds-markdown-paragraph\">\u2714\u00a0<strong>Pratik ve G\u00fcvenli Kullan\u0131m:<\/strong><\/p>\n<ul>\n<li>\n<p class=\"ds-markdown-paragraph\"><strong>125mm x 72mm<\/strong>\u00a0boyutlar\u0131yla kolay kullan\u0131m.<\/p>\n<\/li>\n<li>\n<p class=\"ds-markdown-paragraph\"><strong>Skin Pad Jig Mk 3<\/strong>\u00a0ile uyumlu (\u00fcr\u00fcn pakete dahil de\u011fildir).<\/p>\n<\/li>\n<li>\n<p class=\"ds-markdown-paragraph\"><strong>Latex i\u00e7ermeyen<\/strong>\u00a0malzeme yap\u0131s\u0131.<\/p>\n<\/li>\n<\/ul>\n<h4><strong>Kazan\u0131lan Beceriler<\/strong><\/h4>\n<ul>\n<li>\n<p class=\"ds-markdown-paragraph\"><strong>Lipoma tan\u0131ma ve lokalizasyon.<\/strong><\/p>\n<\/li>\n<li>\n<p class=\"ds-markdown-paragraph\"><strong>Cerrahi insizyon planlamas\u0131 ve uygulamas\u0131.<\/strong><\/p>\n<\/li>\n<li>\n<p class=\"ds-markdown-paragraph\"><strong>K\u00fcnt diseksiyon teknikleri.<\/strong><\/p>\n<\/li>\n<li>\n<p class=\"ds-markdown-paragraph\"><strong>Lipoma eksizyonu ve komplikasyon y\u00f6netimi.<\/strong><\/p>\n<\/li>\n<li>\n<p class=\"ds-markdown-paragraph\"><strong>Yara kapatma ve s\u00fct\u00fcr teknikleri.<\/strong><\/p>\n<\/li>\n<\/ul>\n","protected":false},"excerpt":{"rendered":"<p><strong>Lipoma Pad<\/strong>, lipoma eksizyonunun t\u00fcm a\u015famalar\u0131n\u0131 \u00f6\u011freten ger\u00e7ek\u00e7i bir cerrahi e\u011fitim sim\u00fclat\u00f6r\u00fcd\u00fcr. 3 katmanl\u0131 deri yap\u0131s\u0131 ve ger\u00e7ek\u00e7i lipoma modeli ile tam kapsaml\u0131 e\u011fitim sunar.<\/p>\n","protected":false},"featured_media":103,"comment_status":"open","ping_status":"closed","template":"","meta":[],"product_brand":[129],"product_cat":[15,522,130,128],"product_tag":[324,333,334,301,268,332,331,325,270,335],"class_list":{"0":"post-102","1":"product","2":"type-product","3":"status-publish","4":"has-post-thumbnail","6":"product_brand-limbs-things","7":"product_cat-genel","8":"product_cat-dermatoloji","9":"product_cat-nursing","10":"product_cat-limbs-things","11":"product_tag-cerrahi-beceri-gelistirme","12":"product_tag-cerrahi-egitim-ekipmanlari","13":"product_tag-kunt-diseksiyon-teknikleri","14":"product_tag-latex-free-tip-malzemesi","15":"product_tag-limbs-things","16":"product_tag-lipoma-eksizyon-egitimi","17":"product_tag-lipoma-simulatoru","18":"product_tag-skin-pad-jig-uyumlu","19":"product_tag-tip-ogrenci-ekipmanlari","20":"product_tag-yara-kapatma-teknikleri","22":"first","23":"instock","24":"shipping-taxable","25":"product-type-simple"},"yoast_head":"<!-- This site is optimized with the Yoast SEO plugin v25.2 - https:\/\/yoast.com\/wordpress\/plugins\/seo\/ -->\n<title>Lipoma Pad | Lipoma Eksizyon E\u011fitim Sim\u00fclat\u00f6r\u00fc - Merkim Maket<\/title>\n<meta name=\"description\" content=\"Lipoma Pad ile ger\u00e7ek\u00e7i lipoma eksizyon e\u011fitimi! 3 katmanl\u0131 deri yap\u0131s\u0131 ve ger\u00e7ek\u00e7i lipoma modeli ile t\u00fcm cerrahi a\u015famalar. Hemen inceleyin.\" \/>\n<meta name=\"robots\" content=\"index, follow, max-snippet:-1, max-image-preview:large, max-video-preview:-1\" \/>\n<link rel=\"canonical\" href=\"https:\/\/merkim.com.tr\/merkim-maket\/urun\/lipoma-pad-lipoma-eksizyon-egitim-simulatoru\/\" \/>\n<meta property=\"og:locale\" content=\"tr_TR\" \/>\n<meta property=\"og:type\" content=\"article\" \/>\n<meta property=\"og:title\" content=\"Lipoma Pad | Lipoma Eksizyon E\u011fitim Sim\u00fclat\u00f6r\u00fc - Merkim Maket\" \/>\n<meta property=\"og:description\" content=\"Lipoma Pad ile ger\u00e7ek\u00e7i lipoma eksizyon e\u011fitimi! 3 katmanl\u0131 deri yap\u0131s\u0131 ve ger\u00e7ek\u00e7i lipoma modeli ile t\u00fcm cerrahi a\u015famalar. Hemen inceleyin.\" \/>\n<meta property=\"og:url\" content=\"https:\/\/merkim.com.tr\/merkim-maket\/urun\/lipoma-pad-lipoma-eksizyon-egitim-simulatoru\/\" \/>\n<meta property=\"og:site_name\" content=\"Merkim Maket\" \/>\n<meta property=\"article:modified_time\" content=\"2025-06-10T10:03:38+00:00\" \/>\n<meta property=\"og:image\" content=\"https:\/\/merkim.com.tr\/merkim-maket\/wp-content\/uploads\/2025\/06\/lipoma-pad-lipoma-eksizyon-egitim-simulatoru-limbs-and-things.png\" \/>\n\t<meta property=\"og:image:width\" content=\"800\" \/>\n\t<meta property=\"og:image:height\" content=\"800\" \/>\n\t<meta property=\"og:image:type\" content=\"image\/png\" \/>\n<meta name=\"twitter:card\" content=\"summary_large_image\" \/>\n<meta name=\"twitter:label1\" content=\"Tahmini okuma s\u00fcresi\" \/>\n\t<meta name=\"twitter:data1\" content=\"2 dakika\" \/>\n<script type=\"application\/ld+json\" class=\"yoast-schema-graph\">{\"@context\":\"https:\/\/schema.org\",\"@graph\":[{\"@type\":\"WebPage\",\"@id\":\"https:\/\/merkim.com.tr\/merkim-maket\/urun\/lipoma-pad-lipoma-eksizyon-egitim-simulatoru\/\",\"url\":\"https:\/\/merkim.com.tr\/merkim-maket\/urun\/lipoma-pad-lipoma-eksizyon-egitim-simulatoru\/\",\"name\":\"Lipoma Pad | Lipoma Eksizyon E\u011fitim Sim\u00fclat\u00f6r\u00fc - Merkim Maket\",\"isPartOf\":{\"@id\":\"https:\/\/merkim.com.tr\/merkim-maket\/#website\"},\"primaryImageOfPage\":{\"@id\":\"https:\/\/merkim.com.tr\/merkim-maket\/urun\/lipoma-pad-lipoma-eksizyon-egitim-simulatoru\/#primaryimage\"},\"image\":{\"@id\":\"https:\/\/merkim.com.tr\/merkim-maket\/urun\/lipoma-pad-lipoma-eksizyon-egitim-simulatoru\/#primaryimage\"},\"thumbnailUrl\":\"https:\/\/merkim.com.tr\/merkim-maket\/wp-content\/uploads\/2025\/06\/lipoma-pad-lipoma-eksizyon-egitim-simulatoru-limbs-and-things.png\",\"datePublished\":\"2025-06-08T16:52:05+00:00\",\"dateModified\":\"2025-06-10T10:03:38+00:00\",\"description\":\"Lipoma Pad ile ger\u00e7ek\u00e7i lipoma eksizyon e\u011fitimi! 3 katmanl\u0131 deri yap\u0131s\u0131 ve ger\u00e7ek\u00e7i lipoma modeli ile t\u00fcm cerrahi a\u015famalar. Hemen inceleyin.\",\"breadcrumb\":{\"@id\":\"https:\/\/merkim.com.tr\/merkim-maket\/urun\/lipoma-pad-lipoma-eksizyon-egitim-simulatoru\/#breadcrumb\"},\"inLanguage\":\"tr\",\"potentialAction\":[{\"@type\":\"ReadAction\",\"target\":[\"https:\/\/merkim.com.tr\/merkim-maket\/urun\/lipoma-pad-lipoma-eksizyon-egitim-simulatoru\/\"]}]},{\"@type\":\"ImageObject\",\"inLanguage\":\"tr\",\"@id\":\"https:\/\/merkim.com.tr\/merkim-maket\/urun\/lipoma-pad-lipoma-eksizyon-egitim-simulatoru\/#primaryimage\",\"url\":\"https:\/\/merkim.com.tr\/merkim-maket\/wp-content\/uploads\/2025\/06\/lipoma-pad-lipoma-eksizyon-egitim-simulatoru-limbs-and-things.png\",\"contentUrl\":\"https:\/\/merkim.com.tr\/merkim-maket\/wp-content\/uploads\/2025\/06\/lipoma-pad-lipoma-eksizyon-egitim-simulatoru-limbs-and-things.png\",\"width\":800,\"height\":800,\"caption\":\"3 katmanl\u0131 deri yap\u0131s\u0131 ve ger\u00e7ek\u00e7i lipoma modeli ile cerrahi e\u011fitim\"},{\"@type\":\"BreadcrumbList\",\"@id\":\"https:\/\/merkim.com.tr\/merkim-maket\/urun\/lipoma-pad-lipoma-eksizyon-egitim-simulatoru\/#breadcrumb\",\"itemListElement\":[{\"@type\":\"ListItem\",\"position\":1,\"name\":\"Anasayfa\",\"item\":\"https:\/\/merkim.com.tr\/merkim-maket\/\"},{\"@type\":\"ListItem\",\"position\":2,\"name\":\"Ma\u011faza\",\"item\":\"https:\/\/merkim.com.tr\/merkim-maket\/magaza\/\"},{\"@type\":\"ListItem\",\"position\":3,\"name\":\"Lipoma Pad | Lipoma Eksizyon E\u011fitim Sim\u00fclat\u00f6r\u00fc\"}]},{\"@type\":\"WebSite\",\"@id\":\"https:\/\/merkim.com.tr\/merkim-maket\/#website\",\"url\":\"https:\/\/merkim.com.tr\/merkim-maket\/\",\"name\":\"Merkim Maket\",\"description\":\"\",\"potentialAction\":[{\"@type\":\"SearchAction\",\"target\":{\"@type\":\"EntryPoint\",\"urlTemplate\":\"https:\/\/merkim.com.tr\/merkim-maket\/?s={search_term_string}\"},\"query-input\":{\"@type\":\"PropertyValueSpecification\",\"valueRequired\":true,\"valueName\":\"search_term_string\"}}],\"inLanguage\":\"tr\"}]}<\/script>\n<!-- \/ Yoast SEO plugin. -->","yoast_head_json":{"title":"Lipoma Pad | Lipoma Eksizyon E\u011fitim Sim\u00fclat\u00f6r\u00fc - Merkim Maket","description":"Lipoma Pad ile ger\u00e7ek\u00e7i lipoma eksizyon e\u011fitimi! 3 katmanl\u0131 deri yap\u0131s\u0131 ve ger\u00e7ek\u00e7i lipoma modeli ile t\u00fcm cerrahi a\u015famalar. Hemen inceleyin.","robots":{"index":"index","follow":"follow","max-snippet":"max-snippet:-1","max-image-preview":"max-image-preview:large","max-video-preview":"max-video-preview:-1"},"canonical":"https:\/\/merkim.com.tr\/merkim-maket\/urun\/lipoma-pad-lipoma-eksizyon-egitim-simulatoru\/","og_locale":"tr_TR","og_type":"article","og_title":"Lipoma Pad | Lipoma Eksizyon E\u011fitim Sim\u00fclat\u00f6r\u00fc - Merkim Maket","og_description":"Lipoma Pad ile ger\u00e7ek\u00e7i lipoma eksizyon e\u011fitimi! 3 katmanl\u0131 deri yap\u0131s\u0131 ve ger\u00e7ek\u00e7i lipoma modeli ile t\u00fcm cerrahi a\u015famalar. Hemen inceleyin.","og_url":"https:\/\/merkim.com.tr\/merkim-maket\/urun\/lipoma-pad-lipoma-eksizyon-egitim-simulatoru\/","og_site_name":"Merkim Maket","article_modified_time":"2025-06-10T10:03:38+00:00","og_image":[{"width":800,"height":800,"url":"https:\/\/merkim.com.tr\/merkim-maket\/wp-content\/uploads\/2025\/06\/lipoma-pad-lipoma-eksizyon-egitim-simulatoru-limbs-and-things.png","type":"image\/png"}],"twitter_card":"summary_large_image","twitter_misc":{"Tahmini okuma s\u00fcresi":"2 dakika"},"schema":{"@context":"https:\/\/schema.org","@graph":[{"@type":"WebPage","@id":"https:\/\/merkim.com.tr\/merkim-maket\/urun\/lipoma-pad-lipoma-eksizyon-egitim-simulatoru\/","url":"https:\/\/merkim.com.tr\/merkim-maket\/urun\/lipoma-pad-lipoma-eksizyon-egitim-simulatoru\/","name":"Lipoma Pad | Lipoma Eksizyon E\u011fitim Sim\u00fclat\u00f6r\u00fc - Merkim Maket","isPartOf":{"@id":"https:\/\/merkim.com.tr\/merkim-maket\/#website"},"primaryImageOfPage":{"@id":"https:\/\/merkim.com.tr\/merkim-maket\/urun\/lipoma-pad-lipoma-eksizyon-egitim-simulatoru\/#primaryimage"},"image":{"@id":"https:\/\/merkim.com.tr\/merkim-maket\/urun\/lipoma-pad-lipoma-eksizyon-egitim-simulatoru\/#primaryimage"},"thumbnailUrl":"https:\/\/merkim.com.tr\/merkim-maket\/wp-content\/uploads\/2025\/06\/lipoma-pad-lipoma-eksizyon-egitim-simulatoru-limbs-and-things.png","datePublished":"2025-06-08T16:52:05+00:00","dateModified":"2025-06-10T10:03:38+00:00","description":"Lipoma Pad ile ger\u00e7ek\u00e7i lipoma eksizyon e\u011fitimi! 3 katmanl\u0131 deri yap\u0131s\u0131 ve ger\u00e7ek\u00e7i lipoma modeli ile t\u00fcm cerrahi a\u015famalar. Hemen inceleyin.","breadcrumb":{"@id":"https:\/\/merkim.com.tr\/merkim-maket\/urun\/lipoma-pad-lipoma-eksizyon-egitim-simulatoru\/#breadcrumb"},"inLanguage":"tr","potentialAction":[{"@type":"ReadAction","target":["https:\/\/merkim.com.tr\/merkim-maket\/urun\/lipoma-pad-lipoma-eksizyon-egitim-simulatoru\/"]}]},{"@type":"ImageObject","inLanguage":"tr","@id":"https:\/\/merkim.com.tr\/merkim-maket\/urun\/lipoma-pad-lipoma-eksizyon-egitim-simulatoru\/#primaryimage","url":"https:\/\/merkim.com.tr\/merkim-maket\/wp-content\/uploads\/2025\/06\/lipoma-pad-lipoma-eksizyon-egitim-simulatoru-limbs-and-things.png","contentUrl":"https:\/\/merkim.com.tr\/merkim-maket\/wp-content\/uploads\/2025\/06\/lipoma-pad-lipoma-eksizyon-egitim-simulatoru-limbs-and-things.png","width":800,"height":800,"caption":"3 katmanl\u0131 deri yap\u0131s\u0131 ve ger\u00e7ek\u00e7i lipoma modeli ile cerrahi e\u011fitim"},{"@type":"BreadcrumbList","@id":"https:\/\/merkim.com.tr\/merkim-maket\/urun\/lipoma-pad-lipoma-eksizyon-egitim-simulatoru\/#breadcrumb","itemListElement":[{"@type":"ListItem","position":1,"name":"Anasayfa","item":"https:\/\/merkim.com.tr\/merkim-maket\/"},{"@type":"ListItem","position":2,"name":"Ma\u011faza","item":"https:\/\/merkim.com.tr\/merkim-maket\/magaza\/"},{"@type":"ListItem","position":3,"name":"Lipoma Pad | Lipoma Eksizyon E\u011fitim Sim\u00fclat\u00f6r\u00fc"}]},{"@type":"WebSite","@id":"https:\/\/merkim.com.tr\/merkim-maket\/#website","url":"https:\/\/merkim.com.tr\/merkim-maket\/","name":"Merkim Maket","description":"","potentialAction":[{"@type":"SearchAction","target":{"@type":"EntryPoint","urlTemplate":"https:\/\/merkim.com.tr\/merkim-maket\/?s={search_term_string}"},"query-input":{"@type":"PropertyValueSpecification","valueRequired":true,"valueName":"search_term_string"}}],"inLanguage":"tr"}]}},"_links":{"self":[{"href":"https:\/\/merkim.com.tr\/merkim-maket\/wp-json\/wp\/v2\/product\/102","targetHints":{"allow":["GET"]}}],"collection":[{"href":"https:\/\/merkim.com.tr\/merkim-maket\/wp-json\/wp\/v2\/product"}],"about":[{"href":"https:\/\/merkim.com.tr\/merkim-maket\/wp-json\/wp\/v2\/types\/product"}],"replies":[{"embeddable":true,"href":"https:\/\/merkim.com.tr\/merkim-maket\/wp-json\/wp\/v2\/comments?post=102"}],"wp:featuredmedia":[{"embeddable":true,"href":"https:\/\/merkim.com.tr\/merkim-maket\/wp-json\/wp\/v2\/media\/103"}],"wp:attachment":[{"href":"https:\/\/merkim.com.tr\/merkim-maket\/wp-json\/wp\/v2\/media?parent=102"}],"wp:term":[{"taxonomy":"product_brand","embeddable":true,"href":"https:\/\/merkim.com.tr\/merkim-maket\/wp-json\/wp\/v2\/product_brand?post=102"},{"taxonomy":"product_cat","embeddable":true,"href":"https:\/\/merkim.com.tr\/merkim-maket\/wp-json\/wp\/v2\/product_cat?post=102"},{"taxonomy":"product_tag","embeddable":true,"href":"https:\/\/merkim.com.tr\/merkim-maket\/wp-json\/wp\/v2\/product_tag?post=102"}],"curies":[{"name":"wp","href":"https:\/\/api.w.org\/{rel}","templated":true}]}}